{"id":104,"date":"2009-07-06T21:04:27","date_gmt":"2009-07-06T19:04:27","guid":{"rendered":"https:\/\/f2h.app\/golfclub-breitenfurt\/"},"modified":"2025-03-22T12:11:10","modified_gmt":"2025-03-22T11:11:10","slug":"golfclub-breitenfurt","status":"publish","type":"page","link":"https:\/\/fairway2hotel.at\/cs\/golfclubs\/niederoesterreich\/golfclub-breitenfurt\/","title":{"rendered":"GC Breitenfurt"},"content":{"rendered":"<h2>Mit all Ihren Sinnen Golf pur! Lassen Sie sich verf\u00fchren!<\/h2>\n<p>Golfpl\u00e4tze gibt es viele, doch einen in die Landschaft so harmonisch eingebetteten Kurs finden Sie nicht so schnell. Noch dazu nur 30 Fahrminuten von Wien Zentrum gelegen. Inmitten des Wienerwaldpanoramas sind unsere Abschl\u00e4ge so konzipiert, dass Ihnen jedes einzelne Fairway in Erinnerung bleibt. Golf ist die Verbindung zwischen Natur und Herausforderung. Diese Verbindung erleben Sie bei uns im Golfclub Breitenfurt.<\/p>\n<p>Zur\u00fccklehnen und Vorfreude genie\u00dfen: Im Clubhaus und auf unserer Terrasse haben Sie die M\u00f6glichkeit, Ihr Spiel ruhig anzugehen oder Abschl\u00e4ge, Birdies und Regeln zu diskutieren. Sie werden merken, wie Gem\u00fctlichkeit, Vorfreude und Natur ineinander greifen. Ob einzeln, mit Freunden oder Businesspartnern \u2013 f\u00fcr uns ist entscheidend, dass Sie ein St\u00fcck Golffreude mit nach Hause nehmen.<\/p>\n<h2>Pure golf with all your senses! Let yourself be seduced!<\/h2>\n<p>There are many golf courses, but you won&#8217;t find a course so harmoniously embedded in the landscape so quickly. What&#8217;s more, it&#8217;s only a 30-minute drive from the centre of Vienna. In the midst of the Vienna Woods panorama, our tees are designed so that you will remember every single fairway. Golf is the connection between nature and challenge. You can experience this connection with us at Breitenfurt Golf Club.<\/p>\n<p>Sit back and enjoy the anticipation: In the clubhouse and on our terrace you have the opportunity to approach your game calmly or discuss tee shots, birdies and rules. You will notice how cosiness, anticipation and nature intertwine. Whether individually, with friends or business partners &#8211; it is important to us that you take a piece of golfing pleasure home with you.<\/p>\n","protected":false},"excerpt":{"rendered":"<p>Mit all Ihren Sinnen Golf pur! Lassen Sie sich verf\u00fchren! Golfpl\u00e4tze gibt es viele, doch einen in die Landschaft so harmonisch eingebetteten Kurs finden Sie nicht so schnell. Noch dazu nur 30 Fahrminuten von Wien Zentrum gelegen. Inmitten des Wienerwaldpanoramas sind unsere Abschl\u00e4ge so konzipiert, dass Ihnen jedes einzelne Fairway in Erinnerung bleibt. Golf ist [&hellip;]<\/p>\n","protected":false},"author":1,"featured_media":0,"parent":1448,"menu_order":1,"comment_status":"closed","ping_status":"closed","template":"page-partner.php","meta":{"_acf_changed":false,"footnotes":""},"class_list":["post-104","page","type-page","status-publish","hentry"],"acf":{"partner_infobox":"<strong>Adresse:\u00a0<\/strong>Hauptstra\u00dfe 58, 2384 Breitenfurt\r\n\r\n<strong>Tel:\u00a0<\/strong>+43 2239\/34 585\r\n\r\n<strong>Fax:<\/strong>\r\n\r\n<strong>Web: <\/strong><a href=\"http:\/\/www.golf-breitenfurt.at\" target=\"_blank\" rel=\"nofollow noopener\">www.golf-breitenfurt.at<\/a>\r\n\r\n<strong>E-Mail:<\/strong> <a href=\"mailto:office@golf-breitenfurt.at\">office@golf-breitenfurt.at<\/a>\r\n\r\n<strong>Spielbahnen\/Par: <\/strong>9\/70\r\n\r\n<strong>La\u0308nge: <\/strong>gelb: 5.188 m\/rot: 4.764 m\r\n\r\n<em><strong>Bedingungen:\r\n<\/strong>Gutscheine MO-DO ganzt\u00e4gig, ausgenommen Feiertage, einl\u00f6sbar. GS wird auch f\u00fcr 9-Loch akzeptiert.<\/em>\r\n\r\n<strong>Anfahrt:\r\n<\/strong>\u00fcber Breitenfurter Stra\u00dfe \u2192 A1 \u2192 Abfahrt \u201ePressbaum\u201c \u00fcber B13 (Wienerwaldsee) \u2192 Breitenfurt \u2013 A2: Abfahrt \u201eBrunn a. Geb.\u201c anschl. Ketzergasse in die Breitenfurter Stra\u00dfe","partner_logo":103,"partner_gallery":[102,46682,46684],"partner_lat":48.133793,"partner_long":16.178617,"partner_type":"golfclub","partner_openings":["1","2","3","4"],"montag_von_bis":"00:00 - 24:00","dienstag_von_bis":"00:00 - 24:00","mittwoch_von_bis":"00:00 - 24:00","donnerstag_von_bis":"00:00 - 24:00","freitag_von_bis":"00:00 - 24:00","samstag_von_bis":"00:00 - 24:00","sonntag_von_bis":"00:00 - 24:00","partner_adresse":"Hauptstra\u00dfe 58, 2384 Breitenfurt","partner_land_bundesland":"Nieder\u00f6sterreich","partner_tel_1":"","partner_tel_2":"0043 2239 34 585","partner_web":"http:\/\/www.golf-breitenfurt.at","partner_mail":"office@golf-breitenfurt.at","partner_spielbahnen_par":"9\/70","partner_laenge":"gelb: 5.188 m\/rot: 4.764 m","partner_bedingungen":"Gutscheine MO-DO ganzt\u00e4gig, ausgenommen Feiertage, einl\u00f6sbar. GS wird auch f\u00fcr 9-Loch akzeptiert, eine g\u00fcltige Mitgliedskarte ist vorzuweisen.\r\nVouchers can be redeemed Mon-Thu all day, except public holidays. GS is also accepted for 9 holes, a valid membership card must be presented.","partner_anfahrt":"\u00fcber Breitenfurter Stra\u00dfe \u2192 A1 \u2192 Abfahrt \u201ePressbaum\u201c \u00fcber B13 (Wienerwaldsee) \u2192 Breitenfurt \u2013 A2: Abfahrt \u201eBrunn a. Geb.\u201c anschl. Ketzergasse in die Breitenfurter Stra\u00dfe","partner_misc":null,"additional_css_classes":""},"yoast_head":"<!-- This site is optimized with the Yoast SEO plugin v26.8 - https:\/\/yoast.com\/product\/yoast-seo-wordpress\/ -->\n<title>GC Breitenfurt - Fairway 2 Hotel<\/title>\n<meta name=\"robots\" content=\"index, follow, max-snippet:-1, max-image-preview:large, max-video-preview:-1\" \/>\n<link rel=\"canonical\" href=\"https:\/\/fairway2hotel.at\/cs\/golfclubs\/niederoesterreich\/golfclub-breitenfurt\/\" \/>\n<meta property=\"og:locale\" content=\"cs_CZ\" \/>\n<meta property=\"og:type\" content=\"article\" \/>\n<meta property=\"og:title\" content=\"GC Breitenfurt - Fairway 2 Hotel\" \/>\n<meta property=\"og:description\" content=\"Mit all Ihren Sinnen Golf pur! Lassen Sie sich verf\u00fchren! Golfpl\u00e4tze gibt es viele, doch einen in die Landschaft so harmonisch eingebetteten Kurs finden Sie nicht so schnell. Noch dazu nur 30 Fahrminuten von Wien Zentrum gelegen. Inmitten des Wienerwaldpanoramas sind unsere Abschl\u00e4ge so konzipiert, dass Ihnen jedes einzelne Fairway in Erinnerung bleibt. Golf ist [&hellip;]\" \/>\n<meta property=\"og:url\" content=\"https:\/\/fairway2hotel.at\/cs\/golfclubs\/niederoesterreich\/golfclub-breitenfurt\/\" \/>\n<meta property=\"og:site_name\" content=\"Fairway 2 Hotel\" \/>\n<meta property=\"article:modified_time\" content=\"2025-03-22T11:11:10+00:00\" \/>\n<meta name=\"twitter:card\" content=\"summary_large_image\" \/>\n<meta name=\"twitter:label1\" content=\"Odhadovan\u00e1 doba \u010dten\u00ed\" \/>\n\t<meta name=\"twitter:data1\" content=\"2 minuty\" \/>\n<script type=\"application\/ld+json\" class=\"yoast-schema-graph\">{\"@context\":\"https:\/\/schema.org\",\"@graph\":[{\"@type\":\"WebPage\",\"@id\":\"https:\/\/fairway2hotel.at\/cs\/golfclubs\/niederoesterreich\/golfclub-breitenfurt\/\",\"url\":\"https:\/\/fairway2hotel.at\/cs\/golfclubs\/niederoesterreich\/golfclub-breitenfurt\/\",\"name\":\"GC Breitenfurt - Fairway 2 Hotel\",\"isPartOf\":{\"@id\":\"https:\/\/fairway2hotel.at\/cs\/#website\"},\"datePublished\":\"2009-07-06T19:04:27+00:00\",\"dateModified\":\"2025-03-22T11:11:10+00:00\",\"breadcrumb\":{\"@id\":\"https:\/\/fairway2hotel.at\/cs\/golfclubs\/niederoesterreich\/golfclub-breitenfurt\/#breadcrumb\"},\"inLanguage\":\"cs\",\"potentialAction\":[{\"@type\":\"ReadAction\",\"target\":[\"https:\/\/fairway2hotel.at\/cs\/golfclubs\/niederoesterreich\/golfclub-breitenfurt\/\"]}]},{\"@type\":\"BreadcrumbList\",\"@id\":\"https:\/\/fairway2hotel.at\/cs\/golfclubs\/niederoesterreich\/golfclub-breitenfurt\/#breadcrumb\",\"itemListElement\":[{\"@type\":\"ListItem\",\"position\":1,\"name\":\"Home\",\"item\":\"https:\/\/fairway2hotel.at\/cs\/\"},{\"@type\":\"ListItem\",\"position\":2,\"name\":\"Golfclubs\",\"item\":\"https:\/\/fairway2hotel.at\/cs\/golfclubs\/\"},{\"@type\":\"ListItem\",\"position\":3,\"name\":\"Golfclubs Nieder\u00f6sterreich\",\"item\":\"https:\/\/fairway2hotel.at\/cs\/golfclubs\/niederoesterreich\/\"},{\"@type\":\"ListItem\",\"position\":4,\"name\":\"GC Breitenfurt\"}]},{\"@type\":\"WebSite\",\"@id\":\"https:\/\/fairway2hotel.at\/cs\/#website\",\"url\":\"https:\/\/fairway2hotel.at\/cs\/\",\"name\":\"Fairway 2 Hotel\",\"description\":\"Golf zum halben Preis! 2 spielen - 1 zahlt\",\"potentialAction\":[{\"@type\":\"SearchAction\",\"target\":{\"@type\":\"EntryPoint\",\"urlTemplate\":\"https:\/\/fairway2hotel.at\/cs\/?s={search_term_string}\"},\"query-input\":{\"@type\":\"PropertyValueSpecification\",\"valueRequired\":true,\"valueName\":\"search_term_string\"}}],\"inLanguage\":\"cs\"}]}<\/script>\n<!-- \/ Yoast SEO plugin. -->","yoast_head_json":{"title":"GC Breitenfurt - Fairway 2 Hotel","robots":{"index":"index","follow":"follow","max-snippet":"max-snippet:-1","max-image-preview":"max-image-preview:large","max-video-preview":"max-video-preview:-1"},"canonical":"https:\/\/fairway2hotel.at\/cs\/golfclubs\/niederoesterreich\/golfclub-breitenfurt\/","og_locale":"cs_CZ","og_type":"article","og_title":"GC Breitenfurt - Fairway 2 Hotel","og_description":"Mit all Ihren Sinnen Golf pur! Lassen Sie sich verf\u00fchren! Golfpl\u00e4tze gibt es viele, doch einen in die Landschaft so harmonisch eingebetteten Kurs finden Sie nicht so schnell. Noch dazu nur 30 Fahrminuten von Wien Zentrum gelegen. Inmitten des Wienerwaldpanoramas sind unsere Abschl\u00e4ge so konzipiert, dass Ihnen jedes einzelne Fairway in Erinnerung bleibt. Golf ist [&hellip;]","og_url":"https:\/\/fairway2hotel.at\/cs\/golfclubs\/niederoesterreich\/golfclub-breitenfurt\/","og_site_name":"Fairway 2 Hotel","article_modified_time":"2025-03-22T11:11:10+00:00","twitter_card":"summary_large_image","twitter_misc":{"Odhadovan\u00e1 doba \u010dten\u00ed":"2 minuty"},"schema":{"@context":"https:\/\/schema.org","@graph":[{"@type":"WebPage","@id":"https:\/\/fairway2hotel.at\/cs\/golfclubs\/niederoesterreich\/golfclub-breitenfurt\/","url":"https:\/\/fairway2hotel.at\/cs\/golfclubs\/niederoesterreich\/golfclub-breitenfurt\/","name":"GC Breitenfurt - Fairway 2 Hotel","isPartOf":{"@id":"https:\/\/fairway2hotel.at\/cs\/#website"},"datePublished":"2009-07-06T19:04:27+00:00","dateModified":"2025-03-22T11:11:10+00:00","breadcrumb":{"@id":"https:\/\/fairway2hotel.at\/cs\/golfclubs\/niederoesterreich\/golfclub-breitenfurt\/#breadcrumb"},"inLanguage":"cs","potentialAction":[{"@type":"ReadAction","target":["https:\/\/fairway2hotel.at\/cs\/golfclubs\/niederoesterreich\/golfclub-breitenfurt\/"]}]},{"@type":"BreadcrumbList","@id":"https:\/\/fairway2hotel.at\/cs\/golfclubs\/niederoesterreich\/golfclub-breitenfurt\/#breadcrumb","itemListElement":[{"@type":"ListItem","position":1,"name":"Home","item":"https:\/\/fairway2hotel.at\/cs\/"},{"@type":"ListItem","position":2,"name":"Golfclubs","item":"https:\/\/fairway2hotel.at\/cs\/golfclubs\/"},{"@type":"ListItem","position":3,"name":"Golfclubs Nieder\u00f6sterreich","item":"https:\/\/fairway2hotel.at\/cs\/golfclubs\/niederoesterreich\/"},{"@type":"ListItem","position":4,"name":"GC Breitenfurt"}]},{"@type":"WebSite","@id":"https:\/\/fairway2hotel.at\/cs\/#website","url":"https:\/\/fairway2hotel.at\/cs\/","name":"Fairway 2 Hotel","description":"Golf zum halben Preis! 2 spielen - 1 zahlt","potentialAction":[{"@type":"SearchAction","target":{"@type":"EntryPoint","urlTemplate":"https:\/\/fairway2hotel.at\/cs\/?s={search_term_string}"},"query-input":{"@type":"PropertyValueSpecification","valueRequired":true,"valueName":"search_term_string"}}],"inLanguage":"cs"}]}},"_links":{"self":[{"href":"https:\/\/fairway2hotel.at\/cs\/wp-json\/wp\/v2\/pages\/104","targetHints":{"allow":["GET"]}}],"collection":[{"href":"https:\/\/fairway2hotel.at\/cs\/wp-json\/wp\/v2\/pages"}],"about":[{"href":"https:\/\/fairway2hotel.at\/cs\/wp-json\/wp\/v2\/types\/page"}],"author":[{"embeddable":true,"href":"https:\/\/fairway2hotel.at\/cs\/wp-json\/wp\/v2\/users\/1"}],"replies":[{"embeddable":true,"href":"https:\/\/fairway2hotel.at\/cs\/wp-json\/wp\/v2\/comments?post=104"}],"version-history":[{"count":30,"href":"https:\/\/fairway2hotel.at\/cs\/wp-json\/wp\/v2\/pages\/104\/revisions"}],"predecessor-version":[{"id":46686,"href":"https:\/\/fairway2hotel.at\/cs\/wp-json\/wp\/v2\/pages\/104\/revisions\/46686"}],"up":[{"embeddable":true,"href":"https:\/\/fairway2hotel.at\/cs\/wp-json\/wp\/v2\/pages\/1448"}],"acf:attachment":[{"embeddable":true,"href":"https:\/\/fairway2hotel.at\/cs\/wp-json\/wp\/v2\/media\/46684"},{"embeddable":true,"href":"https:\/\/fairway2hotel.at\/cs\/wp-json\/wp\/v2\/media\/46682"},{"embeddable":true,"href":"https:\/\/fairway2hotel.at\/cs\/wp-json\/wp\/v2\/media\/102"}],"wp:attachment":[{"href":"https:\/\/fairway2hotel.at\/cs\/wp-json\/wp\/v2\/media?parent=104"}],"curies":[{"name":"wp","href":"https:\/\/api.w.org\/{rel}","templated":true}]}}