{"id":1051,"date":"2014-10-21T14:02:09","date_gmt":"2014-10-21T12:02:09","guid":{"rendered":"https:\/\/f2h.app\/golfclub-neulengbach\/"},"modified":"2025-04-21T11:03:48","modified_gmt":"2025-04-21T09:03:48","slug":"golfclub-neulengbach","status":"publish","type":"page","link":"https:\/\/fairway2hotel.at\/cs\/golfclubs\/niederoesterreich\/golfclub-neulengbach\/","title":{"rendered":"GC Neulengbach"},"content":{"rendered":"<h2>Golfen und Fu\u00dfballgolfen im Elsbeerland<\/h2>\n<p>Der Golfclub Neulengbach \u2013 der familienfreundliche Golfplatz im Elsbeerland \u2013 wurde 2012 vom O\u0308GV zerti ziert und 2015 um einen Fu\u00dfball-Golfplatz mit 2 x 5 Spielbahnen erweitert. Wir bieten das komplette Angebot: O\u0308GV-anerkannter 9-Loch-Platz, U\u0308bungsanlage, Driving-Range und Golfschule. Turniere, Handicapverwaltung und Ausstellung von O\u0308GV-Clubkarten sind selbstversta\u0308ndlich. Der Golfclub Neulengbach, ca. 30 km von Wien bzw. wenige Kilometer von Neulengbach gelegen, bietet entspanntes Spielvergnu\u0308gen. Erleben Sie eine gemu\u0308tliche Golfrunde mit Freunden, Familie \u2013 und auch mit Ihrem Hund. Die Gutscheine sind auch am Fussballgolfplatz einlo\u0308sbar.<\/p>\n<h2>Golfing and football golfing in Elsbeerland<\/h2>\n<p>The Neulengbach Golf Club &#8211; the family-friendly golf course in Elsbeerland &#8211; was certified by the \u00d6GV in 2012 and expanded in 2015 to include a football golf course with 2 x 5 holes. We offer the full range of facilities: \u00d6GV-recognised 9-hole course, practice facility, driving range and golf school. Tournaments, handicap management and the issuing of \u00d6GV club cards are a matter of course. The Neulengbach Golf Club, located approx. 30 km from Vienna and a few kilometres from Neulengbach, offers relaxed playing pleasure. Experience a cosy round of golf with friends, family &#8211; and also with your dog. The vouchers can also be redeemed at the football golf course.<\/p>\n","protected":false},"excerpt":{"rendered":"<p>Golfen und Fu\u00dfballgolfen im Elsbeerland Der Golfclub Neulengbach \u2013 der familienfreundliche Golfplatz im Elsbeerland \u2013 wurde 2012 vom O\u0308GV zerti ziert und 2015 um einen Fu\u00dfball-Golfplatz mit 2 x 5 Spielbahnen erweitert. Wir bieten das komplette Angebot: O\u0308GV-anerkannter 9-Loch-Platz, U\u0308bungsanlage, Driving-Range und Golfschule. Turniere, Handicapverwaltung und Ausstellung von O\u0308GV-Clubkarten sind selbstversta\u0308ndlich. Der Golfclub Neulengbach, ca. [&hellip;]<\/p>\n","protected":false},"author":1,"featured_media":0,"parent":1448,"menu_order":10,"comment_status":"closed","ping_status":"closed","template":"page-partner.php","meta":{"_acf_changed":false,"footnotes":""},"class_list":["post-1051","page","type-page","status-publish","hentry"],"acf":{"partner_infobox":"<strong>Adresse:\u00a0<\/strong>Berging 1, A-3040 Neulengbach\r\n\r\n<strong>Tel:\u00a0<\/strong>0664\/138 18 91\r\n\r\n<strong>Web: <\/strong><a href=\"http:\/\/www.golfclub-neulengbach.at\" target=\"_blank\" rel=\"nofollow noopener noreferrer\">www.golfclub-neulengbach.at<\/a>\r\n\r\n<strong>E-Mail:<\/strong> <a href=\"mailto:sekretariat@golfclub-neulengbach.at\">sekretariat@golfclub-neulengbach.at<\/a>\r\n\r\n<strong>Spielbahnen\/Par: <\/strong>9\/30\r\n\r\n<strong>La\u0308nge: <\/strong>gelb: 1.509 m rot: 1.376 m\r\n\r\n<strong>Fu\u00dfballgolf: <\/strong>9 Bahnen (912 m)\r\n\r\n<strong>Anfahrt:\r\n<\/strong>A1 Westautobahn Abfahrt Altlengbach (von Wien kommend) oder Abfahrt St. Christophen (von Salzburg kommend), B19 Richtung Tulln. Am Ortsende von Tausend- blum links abbiegen und gru\u0308ner Beschilderung \u201eGOLF\u201c folgen.","partner_logo":1050,"partner_gallery":[1049,46716,46718,46722],"partner_lat":48.22451,"partner_long":15.86682,"partner_type":"golfclub","partner_openings":["1","2","3","4","5","6","7"],"montag_von_bis":"00:00 - 24:00","dienstag_von_bis":"00:00 - 24:00","mittwoch_von_bis":"00:00 - 24:00","donnerstag_von_bis":"00:00 - 24:00","freitag_von_bis":"00:00 - 24:00","samstag_von_bis":"00:00 - 24:00","sonntag_von_bis":"00:00 - 24:00","partner_adresse":"Berging 2, 3040 Neulengbach","partner_land_bundesland":"Nieder\u00f6sterreich","partner_tel_1":"","partner_tel_2":"0043 664 138 18 91","partner_web":"http:\/\/www.golfclub-neulengbach.at","partner_mail":"sekretariat@golfclub-neulengbach.at","partner_spielbahnen_par":"9\/30","partner_laenge":"gelb: 1.509 m rot: 1.376 m\u00a0 Fu\u00dfballgolf: 9 Bahnen (912 m)","partner_bedingungen":"","partner_anfahrt":"A1 Westautobahn Abfahrt Altlengbach (von Wien kommend) oder Abfahrt St. Christophen (von Salzburg kommend), B19 Richtung Tulln. Am Ortsende von Tausend- blum links abbiegen und gru\u0308ner Beschilderung \u201eGOLF\u201c folgen.","partner_misc":null,"additional_css_classes":""},"yoast_head":"<!-- This site is optimized with the Yoast SEO plugin v26.8 - https:\/\/yoast.com\/product\/yoast-seo-wordpress\/ -->\n<title>GC Neulengbach - Fairway 2 Hotel<\/title>\n<meta name=\"robots\" content=\"index, follow, max-snippet:-1, max-image-preview:large, max-video-preview:-1\" \/>\n<link rel=\"canonical\" href=\"https:\/\/fairway2hotel.at\/cs\/golfclubs\/niederoesterreich\/golfclub-neulengbach\/\" \/>\n<meta property=\"og:locale\" content=\"cs_CZ\" \/>\n<meta property=\"og:type\" content=\"article\" \/>\n<meta property=\"og:title\" content=\"GC Neulengbach - Fairway 2 Hotel\" \/>\n<meta property=\"og:description\" content=\"Golfen und Fu\u00dfballgolfen im Elsbeerland Der Golfclub Neulengbach \u2013 der familienfreundliche Golfplatz im Elsbeerland \u2013 wurde 2012 vom O\u0308GV zerti ziert und 2015 um einen Fu\u00dfball-Golfplatz mit 2 x 5 Spielbahnen erweitert. Wir bieten das komplette Angebot: O\u0308GV-anerkannter 9-Loch-Platz, U\u0308bungsanlage, Driving-Range und Golfschule. Turniere, Handicapverwaltung und Ausstellung von O\u0308GV-Clubkarten sind selbstversta\u0308ndlich. Der Golfclub Neulengbach, ca. [&hellip;]\" \/>\n<meta property=\"og:url\" content=\"https:\/\/fairway2hotel.at\/cs\/golfclubs\/niederoesterreich\/golfclub-neulengbach\/\" \/>\n<meta property=\"og:site_name\" content=\"Fairway 2 Hotel\" \/>\n<meta property=\"article:modified_time\" content=\"2025-04-21T09:03:48+00:00\" \/>\n<meta name=\"twitter:card\" content=\"summary_large_image\" \/>\n<meta name=\"twitter:label1\" content=\"Odhadovan\u00e1 doba \u010dten\u00ed\" \/>\n\t<meta name=\"twitter:data1\" content=\"2 minuty\" \/>\n<script type=\"application\/ld+json\" class=\"yoast-schema-graph\">{\"@context\":\"https:\/\/schema.org\",\"@graph\":[{\"@type\":\"WebPage\",\"@id\":\"https:\/\/fairway2hotel.at\/cs\/golfclubs\/niederoesterreich\/golfclub-neulengbach\/\",\"url\":\"https:\/\/fairway2hotel.at\/cs\/golfclubs\/niederoesterreich\/golfclub-neulengbach\/\",\"name\":\"GC Neulengbach - Fairway 2 Hotel\",\"isPartOf\":{\"@id\":\"https:\/\/fairway2hotel.at\/cs\/#website\"},\"datePublished\":\"2014-10-21T12:02:09+00:00\",\"dateModified\":\"2025-04-21T09:03:48+00:00\",\"breadcrumb\":{\"@id\":\"https:\/\/fairway2hotel.at\/cs\/golfclubs\/niederoesterreich\/golfclub-neulengbach\/#breadcrumb\"},\"inLanguage\":\"cs\",\"potentialAction\":[{\"@type\":\"ReadAction\",\"target\":[\"https:\/\/fairway2hotel.at\/cs\/golfclubs\/niederoesterreich\/golfclub-neulengbach\/\"]}]},{\"@type\":\"BreadcrumbList\",\"@id\":\"https:\/\/fairway2hotel.at\/cs\/golfclubs\/niederoesterreich\/golfclub-neulengbach\/#breadcrumb\",\"itemListElement\":[{\"@type\":\"ListItem\",\"position\":1,\"name\":\"Home\",\"item\":\"https:\/\/fairway2hotel.at\/cs\/\"},{\"@type\":\"ListItem\",\"position\":2,\"name\":\"Golfclubs\",\"item\":\"https:\/\/fairway2hotel.at\/cs\/golfclubs\/\"},{\"@type\":\"ListItem\",\"position\":3,\"name\":\"Golfclubs Nieder\u00f6sterreich\",\"item\":\"https:\/\/fairway2hotel.at\/cs\/golfclubs\/niederoesterreich\/\"},{\"@type\":\"ListItem\",\"position\":4,\"name\":\"GC Neulengbach\"}]},{\"@type\":\"WebSite\",\"@id\":\"https:\/\/fairway2hotel.at\/cs\/#website\",\"url\":\"https:\/\/fairway2hotel.at\/cs\/\",\"name\":\"Fairway 2 Hotel\",\"description\":\"Golf zum halben Preis! 2 spielen - 1 zahlt\",\"potentialAction\":[{\"@type\":\"SearchAction\",\"target\":{\"@type\":\"EntryPoint\",\"urlTemplate\":\"https:\/\/fairway2hotel.at\/cs\/?s={search_term_string}\"},\"query-input\":{\"@type\":\"PropertyValueSpecification\",\"valueRequired\":true,\"valueName\":\"search_term_string\"}}],\"inLanguage\":\"cs\"}]}<\/script>\n<!-- \/ Yoast SEO plugin. -->","yoast_head_json":{"title":"GC Neulengbach - Fairway 2 Hotel","robots":{"index":"index","follow":"follow","max-snippet":"max-snippet:-1","max-image-preview":"max-image-preview:large","max-video-preview":"max-video-preview:-1"},"canonical":"https:\/\/fairway2hotel.at\/cs\/golfclubs\/niederoesterreich\/golfclub-neulengbach\/","og_locale":"cs_CZ","og_type":"article","og_title":"GC Neulengbach - Fairway 2 Hotel","og_description":"Golfen und Fu\u00dfballgolfen im Elsbeerland Der Golfclub Neulengbach \u2013 der familienfreundliche Golfplatz im Elsbeerland \u2013 wurde 2012 vom O\u0308GV zerti ziert und 2015 um einen Fu\u00dfball-Golfplatz mit 2 x 5 Spielbahnen erweitert. Wir bieten das komplette Angebot: O\u0308GV-anerkannter 9-Loch-Platz, U\u0308bungsanlage, Driving-Range und Golfschule. Turniere, Handicapverwaltung und Ausstellung von O\u0308GV-Clubkarten sind selbstversta\u0308ndlich. Der Golfclub Neulengbach, ca. [&hellip;]","og_url":"https:\/\/fairway2hotel.at\/cs\/golfclubs\/niederoesterreich\/golfclub-neulengbach\/","og_site_name":"Fairway 2 Hotel","article_modified_time":"2025-04-21T09:03:48+00:00","twitter_card":"summary_large_image","twitter_misc":{"Odhadovan\u00e1 doba \u010dten\u00ed":"2 minuty"},"schema":{"@context":"https:\/\/schema.org","@graph":[{"@type":"WebPage","@id":"https:\/\/fairway2hotel.at\/cs\/golfclubs\/niederoesterreich\/golfclub-neulengbach\/","url":"https:\/\/fairway2hotel.at\/cs\/golfclubs\/niederoesterreich\/golfclub-neulengbach\/","name":"GC Neulengbach - Fairway 2 Hotel","isPartOf":{"@id":"https:\/\/fairway2hotel.at\/cs\/#website"},"datePublished":"2014-10-21T12:02:09+00:00","dateModified":"2025-04-21T09:03:48+00:00","breadcrumb":{"@id":"https:\/\/fairway2hotel.at\/cs\/golfclubs\/niederoesterreich\/golfclub-neulengbach\/#breadcrumb"},"inLanguage":"cs","potentialAction":[{"@type":"ReadAction","target":["https:\/\/fairway2hotel.at\/cs\/golfclubs\/niederoesterreich\/golfclub-neulengbach\/"]}]},{"@type":"BreadcrumbList","@id":"https:\/\/fairway2hotel.at\/cs\/golfclubs\/niederoesterreich\/golfclub-neulengbach\/#breadcrumb","itemListElement":[{"@type":"ListItem","position":1,"name":"Home","item":"https:\/\/fairway2hotel.at\/cs\/"},{"@type":"ListItem","position":2,"name":"Golfclubs","item":"https:\/\/fairway2hotel.at\/cs\/golfclubs\/"},{"@type":"ListItem","position":3,"name":"Golfclubs Nieder\u00f6sterreich","item":"https:\/\/fairway2hotel.at\/cs\/golfclubs\/niederoesterreich\/"},{"@type":"ListItem","position":4,"name":"GC Neulengbach"}]},{"@type":"WebSite","@id":"https:\/\/fairway2hotel.at\/cs\/#website","url":"https:\/\/fairway2hotel.at\/cs\/","name":"Fairway 2 Hotel","description":"Golf zum halben Preis! 2 spielen - 1 zahlt","potentialAction":[{"@type":"SearchAction","target":{"@type":"EntryPoint","urlTemplate":"https:\/\/fairway2hotel.at\/cs\/?s={search_term_string}"},"query-input":{"@type":"PropertyValueSpecification","valueRequired":true,"valueName":"search_term_string"}}],"inLanguage":"cs"}]}},"_links":{"self":[{"href":"https:\/\/fairway2hotel.at\/cs\/wp-json\/wp\/v2\/pages\/1051","targetHints":{"allow":["GET"]}}],"collection":[{"href":"https:\/\/fairway2hotel.at\/cs\/wp-json\/wp\/v2\/pages"}],"about":[{"href":"https:\/\/fairway2hotel.at\/cs\/wp-json\/wp\/v2\/types\/page"}],"author":[{"embeddable":true,"href":"https:\/\/fairway2hotel.at\/cs\/wp-json\/wp\/v2\/users\/1"}],"replies":[{"embeddable":true,"href":"https:\/\/fairway2hotel.at\/cs\/wp-json\/wp\/v2\/comments?post=1051"}],"version-history":[{"count":8,"href":"https:\/\/fairway2hotel.at\/cs\/wp-json\/wp\/v2\/pages\/1051\/revisions"}],"predecessor-version":[{"id":48061,"href":"https:\/\/fairway2hotel.at\/cs\/wp-json\/wp\/v2\/pages\/1051\/revisions\/48061"}],"up":[{"embeddable":true,"href":"https:\/\/fairway2hotel.at\/cs\/wp-json\/wp\/v2\/pages\/1448"}],"acf:attachment":[{"embeddable":true,"href":"https:\/\/fairway2hotel.at\/cs\/wp-json\/wp\/v2\/media\/46722"},{"embeddable":true,"href":"https:\/\/fairway2hotel.at\/cs\/wp-json\/wp\/v2\/media\/46718"},{"embeddable":true,"href":"https:\/\/fairway2hotel.at\/cs\/wp-json\/wp\/v2\/media\/46716"},{"embeddable":true,"href":"https:\/\/fairway2hotel.at\/cs\/wp-json\/wp\/v2\/media\/1049"}],"wp:attachment":[{"href":"https:\/\/fairway2hotel.at\/cs\/wp-json\/wp\/v2\/media?parent=1051"}],"curies":[{"name":"wp","href":"https:\/\/api.w.org\/{rel}","templated":true}]}}