{"id":1084,"date":"2014-10-23T12:59:15","date_gmt":"2014-10-23T10:59:15","guid":{"rendered":"https:\/\/f2h.app\/golfclub-anthal-wagingersee\/"},"modified":"2025-03-30T16:46:10","modified_gmt":"2025-03-30T14:46:10","slug":"golfclub-anthal-wagingersee","status":"publish","type":"page","link":"https:\/\/fairway2hotel.at\/cs\/golfclubs\/deutschland\/golfclub-anthal-wagingersee\/","title":{"rendered":"GC Anthal-Waginger See e.V."},"content":{"rendered":"<h2>Der bayrische Golf-Geheimtipp<\/h2>\n<p>Inmitten eines Idylls aus nat\u00fcrlicher Wald- u. Wiesenlandschaft in einer typisch s\u00fcdostbayerischen Landschaft erstrecken sich die perfekt gepflegten Bahnen in einem anspruchsvoll und abwechslungsreich angelegten Verlauf. Eine Vielzahl an Highlights wie Teiche, ausgetrocknete steinerne Bachl\u00e4ufe, Biotope, zu \u00fcberwindende Gr\u00e4ben, erh\u00f6hte Abschl\u00e4ge sowie Gr\u00fcns auf Tourniveau bieten eine kontrastreiche und ansprechende Runde f\u00fcr jedes Spielniveau. E-Carts stehen immer bereit, die Nutzung der gro\u00dfz\u00fcgigen Driving-Range ist kostenlos und in der Golfschule werden Sie individuell &amp; professionell unterrichtet. Sie finden auch einen gut sortierten Proshop, der die Marken XXIO, Ping, Srixon, Titleist, Cleveland usw. anbietet, vor. Ganzj\u00e4hrig jederzeit und ohne Tee-Time sind Sie (auch gerne mit Hund) herzlich willkommen.<\/p>\n<h2>The Bavarian golf insider tip<\/h2>\n<p>In the midst of an idyllic natural forest and meadow landscape in a typical south-east Bavarian landscape, the perfectly manicured fairways stretch along a challenging and varied course. A multitude of highlights such as ponds, dried-up stone streams, biotopes, ditches to be crossed, elevated tees and tour-level greens offer a contrasting and appealing round for all levels of play. E-carts are always available, use of the spacious driving range is free of charge and the golf school offers personalised and professional tuition. You will also find a well-stocked pro shop offering the brands XXIO, Ping, Srixon, Titleist, Cleveland etc. You are welcome all year round at any time and without tee time (dogs are also welcome).<\/p>\n","protected":false},"excerpt":{"rendered":"<p>Der bayrische Golf-Geheimtipp Inmitten eines Idylls aus nat\u00fcrlicher Wald- u. Wiesenlandschaft in einer typisch s\u00fcdostbayerischen Landschaft erstrecken sich die perfekt gepflegten Bahnen in einem anspruchsvoll und abwechslungsreich angelegten Verlauf. Eine Vielzahl an Highlights wie Teiche, ausgetrocknete steinerne Bachl\u00e4ufe, Biotope, zu \u00fcberwindende Gr\u00e4ben, erh\u00f6hte Abschl\u00e4ge sowie Gr\u00fcns auf Tourniveau bieten eine kontrastreiche und ansprechende Runde f\u00fcr [&hellip;]<\/p>\n","protected":false},"author":1,"featured_media":0,"parent":1607,"menu_order":20,"comment_status":"closed","ping_status":"closed","template":"page-partner.php","meta":{"_acf_changed":false,"footnotes":""},"class_list":["post-1084","page","type-page","status-publish","hentry"],"acf":{"partner_infobox":"<strong>Adresse:<\/strong>Anthal 2, D-83423 Fridolfing\r\n\r\n<strong>Tel:\u00a0<\/strong>0049 8684 888\r\n\r\n<strong>Fax:\u00a0<\/strong>0049 8684 858\r\n\r\n<strong>Web: <\/strong><a href=\"http:\/\/www.gcanthal.de\" target=\"_blank\" rel=\"nofollow noopener\">www.gcanthal.de<\/a>\r\n\r\n<strong>E-Mail:<\/strong> <a href=\"mailto:info@anthal.de\">info@anthal.de<\/a>\r\n\r\n<strong>Spielbahnen\/Par: <\/strong>9+ 3\/68\r\n\r\n<strong>La\u0308nge: <\/strong>gelb: 4.502 m\/rot: 4.028 m\r\n\r\n<em><strong>Bedingungen:\r\n<\/strong>Gutscheine g\u00fcltig von MO-SO. HCP 54 ist erforderlich. VcG Spieler sind zugel.<\/em>\r\n\r\n<strong>Anfahrt:\r\n<\/strong>Salzburg\/Freilassing B20 \u2192 Laufen-Burghausen, Abzweigung \u2192 Waging\/Fridolfing, Wegweiser \u201eGolfplatz\u201c folgen. Oder: A 8 Salzburg\/M\u00fcnchen, Ausfahrt Siegsdorf \u2192 Traunstein-Waging \u2192 Taching, rechts \u2192 Fridolfing \u2192 in G\u00f6tzing Wegweiser \u201eGolfplatz\u201c folgen.","partner_logo":1083,"partner_gallery":[1082,47261,47263,47265],"partner_lat":47.991773,"partner_long":12.79954,"partner_type":"golfclub","partner_openings":["1","2","3","4","5","6","7"],"montag_von_bis":"00:00 - 24:00","dienstag_von_bis":"00:00 - 24:00","mittwoch_von_bis":"00:00 - 24:00","donnerstag_von_bis":"00:00 - 24:00","freitag_von_bis":"00:00 - 24:00","samstag_von_bis":"00:00 - 24:00","sonntag_von_bis":"00:00 - 24:00","partner_adresse":"Anthal 2, 83423 Fridolfing","partner_land_bundesland":"Deutschland","partner_tel_1":"0049 8684 858","partner_tel_2":"0049 8684 888","partner_web":"https:\/\/www.golf-anthal.de\/","partner_mail":"info@golf-anthal.de","partner_spielbahnen_par":"9+ 3\/68","partner_laenge":"gelb: 4.502 m\/rot: 4.028 m","partner_bedingungen":"","partner_anfahrt":"Salzburg\/Freilassing B20 \u2192 Laufen-Burghausen, Abzweigung \u2192 Waging\/Fridolfing, Wegweiser \u201eGolfplatz\u201c folgen. Oder: A 8 Salzburg\/M\u00fcnchen, Ausfahrt Siegsdorf \u2192 Traunstein-Waging \u2192 Taching, rechts \u2192 Fridolfing \u2192 in G\u00f6tzing Wegweiser \u201eGolfplatz\u201c folgen.","partner_misc":null,"additional_css_classes":""},"yoast_head":"<!-- This site is optimized with the Yoast SEO plugin v26.8 - https:\/\/yoast.com\/product\/yoast-seo-wordpress\/ -->\n<title>GC Anthal-Waginger See e.V. - Fairway 2 Hotel<\/title>\n<meta name=\"robots\" content=\"index, follow, max-snippet:-1, max-image-preview:large, max-video-preview:-1\" \/>\n<link rel=\"canonical\" href=\"https:\/\/fairway2hotel.at\/cs\/golfclubs\/deutschland\/golfclub-anthal-wagingersee\/\" \/>\n<meta property=\"og:locale\" content=\"cs_CZ\" \/>\n<meta property=\"og:type\" content=\"article\" \/>\n<meta property=\"og:title\" content=\"GC Anthal-Waginger See e.V. - Fairway 2 Hotel\" \/>\n<meta property=\"og:description\" content=\"Der bayrische Golf-Geheimtipp Inmitten eines Idylls aus nat\u00fcrlicher Wald- u. Wiesenlandschaft in einer typisch s\u00fcdostbayerischen Landschaft erstrecken sich die perfekt gepflegten Bahnen in einem anspruchsvoll und abwechslungsreich angelegten Verlauf. Eine Vielzahl an Highlights wie Teiche, ausgetrocknete steinerne Bachl\u00e4ufe, Biotope, zu \u00fcberwindende Gr\u00e4ben, erh\u00f6hte Abschl\u00e4ge sowie Gr\u00fcns auf Tourniveau bieten eine kontrastreiche und ansprechende Runde f\u00fcr [&hellip;]\" \/>\n<meta property=\"og:url\" content=\"https:\/\/fairway2hotel.at\/cs\/golfclubs\/deutschland\/golfclub-anthal-wagingersee\/\" \/>\n<meta property=\"og:site_name\" content=\"Fairway 2 Hotel\" \/>\n<meta property=\"article:modified_time\" content=\"2025-03-30T14:46:10+00:00\" \/>\n<meta name=\"twitter:card\" content=\"summary_large_image\" \/>\n<meta name=\"twitter:label1\" content=\"Odhadovan\u00e1 doba \u010dten\u00ed\" \/>\n\t<meta name=\"twitter:data1\" content=\"2 minuty\" \/>\n<script type=\"application\/ld+json\" class=\"yoast-schema-graph\">{\"@context\":\"https:\/\/schema.org\",\"@graph\":[{\"@type\":\"WebPage\",\"@id\":\"https:\/\/fairway2hotel.at\/cs\/golfclubs\/deutschland\/golfclub-anthal-wagingersee\/\",\"url\":\"https:\/\/fairway2hotel.at\/cs\/golfclubs\/deutschland\/golfclub-anthal-wagingersee\/\",\"name\":\"GC Anthal-Waginger See e.V. - Fairway 2 Hotel\",\"isPartOf\":{\"@id\":\"https:\/\/fairway2hotel.at\/cs\/#website\"},\"datePublished\":\"2014-10-23T10:59:15+00:00\",\"dateModified\":\"2025-03-30T14:46:10+00:00\",\"breadcrumb\":{\"@id\":\"https:\/\/fairway2hotel.at\/cs\/golfclubs\/deutschland\/golfclub-anthal-wagingersee\/#breadcrumb\"},\"inLanguage\":\"cs\",\"potentialAction\":[{\"@type\":\"ReadAction\",\"target\":[\"https:\/\/fairway2hotel.at\/cs\/golfclubs\/deutschland\/golfclub-anthal-wagingersee\/\"]}]},{\"@type\":\"BreadcrumbList\",\"@id\":\"https:\/\/fairway2hotel.at\/cs\/golfclubs\/deutschland\/golfclub-anthal-wagingersee\/#breadcrumb\",\"itemListElement\":[{\"@type\":\"ListItem\",\"position\":1,\"name\":\"Home\",\"item\":\"https:\/\/fairway2hotel.at\/cs\/\"},{\"@type\":\"ListItem\",\"position\":2,\"name\":\"Golfclubs\",\"item\":\"https:\/\/fairway2hotel.at\/cs\/golfclubs\/\"},{\"@type\":\"ListItem\",\"position\":3,\"name\":\"Golfclubs Deutschland\",\"item\":\"https:\/\/fairway2hotel.at\/cs\/golfclubs\/deutschland\/\"},{\"@type\":\"ListItem\",\"position\":4,\"name\":\"GC Anthal-Waginger See e.V.\"}]},{\"@type\":\"WebSite\",\"@id\":\"https:\/\/fairway2hotel.at\/cs\/#website\",\"url\":\"https:\/\/fairway2hotel.at\/cs\/\",\"name\":\"Fairway 2 Hotel\",\"description\":\"Golf zum halben Preis! 2 spielen - 1 zahlt\",\"potentialAction\":[{\"@type\":\"SearchAction\",\"target\":{\"@type\":\"EntryPoint\",\"urlTemplate\":\"https:\/\/fairway2hotel.at\/cs\/?s={search_term_string}\"},\"query-input\":{\"@type\":\"PropertyValueSpecification\",\"valueRequired\":true,\"valueName\":\"search_term_string\"}}],\"inLanguage\":\"cs\"}]}<\/script>\n<!-- \/ Yoast SEO plugin. -->","yoast_head_json":{"title":"GC Anthal-Waginger See e.V. - Fairway 2 Hotel","robots":{"index":"index","follow":"follow","max-snippet":"max-snippet:-1","max-image-preview":"max-image-preview:large","max-video-preview":"max-video-preview:-1"},"canonical":"https:\/\/fairway2hotel.at\/cs\/golfclubs\/deutschland\/golfclub-anthal-wagingersee\/","og_locale":"cs_CZ","og_type":"article","og_title":"GC Anthal-Waginger See e.V. - Fairway 2 Hotel","og_description":"Der bayrische Golf-Geheimtipp Inmitten eines Idylls aus nat\u00fcrlicher Wald- u. Wiesenlandschaft in einer typisch s\u00fcdostbayerischen Landschaft erstrecken sich die perfekt gepflegten Bahnen in einem anspruchsvoll und abwechslungsreich angelegten Verlauf. Eine Vielzahl an Highlights wie Teiche, ausgetrocknete steinerne Bachl\u00e4ufe, Biotope, zu \u00fcberwindende Gr\u00e4ben, erh\u00f6hte Abschl\u00e4ge sowie Gr\u00fcns auf Tourniveau bieten eine kontrastreiche und ansprechende Runde f\u00fcr [&hellip;]","og_url":"https:\/\/fairway2hotel.at\/cs\/golfclubs\/deutschland\/golfclub-anthal-wagingersee\/","og_site_name":"Fairway 2 Hotel","article_modified_time":"2025-03-30T14:46:10+00:00","twitter_card":"summary_large_image","twitter_misc":{"Odhadovan\u00e1 doba \u010dten\u00ed":"2 minuty"},"schema":{"@context":"https:\/\/schema.org","@graph":[{"@type":"WebPage","@id":"https:\/\/fairway2hotel.at\/cs\/golfclubs\/deutschland\/golfclub-anthal-wagingersee\/","url":"https:\/\/fairway2hotel.at\/cs\/golfclubs\/deutschland\/golfclub-anthal-wagingersee\/","name":"GC Anthal-Waginger See e.V. - Fairway 2 Hotel","isPartOf":{"@id":"https:\/\/fairway2hotel.at\/cs\/#website"},"datePublished":"2014-10-23T10:59:15+00:00","dateModified":"2025-03-30T14:46:10+00:00","breadcrumb":{"@id":"https:\/\/fairway2hotel.at\/cs\/golfclubs\/deutschland\/golfclub-anthal-wagingersee\/#breadcrumb"},"inLanguage":"cs","potentialAction":[{"@type":"ReadAction","target":["https:\/\/fairway2hotel.at\/cs\/golfclubs\/deutschland\/golfclub-anthal-wagingersee\/"]}]},{"@type":"BreadcrumbList","@id":"https:\/\/fairway2hotel.at\/cs\/golfclubs\/deutschland\/golfclub-anthal-wagingersee\/#breadcrumb","itemListElement":[{"@type":"ListItem","position":1,"name":"Home","item":"https:\/\/fairway2hotel.at\/cs\/"},{"@type":"ListItem","position":2,"name":"Golfclubs","item":"https:\/\/fairway2hotel.at\/cs\/golfclubs\/"},{"@type":"ListItem","position":3,"name":"Golfclubs Deutschland","item":"https:\/\/fairway2hotel.at\/cs\/golfclubs\/deutschland\/"},{"@type":"ListItem","position":4,"name":"GC Anthal-Waginger See e.V."}]},{"@type":"WebSite","@id":"https:\/\/fairway2hotel.at\/cs\/#website","url":"https:\/\/fairway2hotel.at\/cs\/","name":"Fairway 2 Hotel","description":"Golf zum halben Preis! 2 spielen - 1 zahlt","potentialAction":[{"@type":"SearchAction","target":{"@type":"EntryPoint","urlTemplate":"https:\/\/fairway2hotel.at\/cs\/?s={search_term_string}"},"query-input":{"@type":"PropertyValueSpecification","valueRequired":true,"valueName":"search_term_string"}}],"inLanguage":"cs"}]}},"_links":{"self":[{"href":"https:\/\/fairway2hotel.at\/cs\/wp-json\/wp\/v2\/pages\/1084","targetHints":{"allow":["GET"]}}],"collection":[{"href":"https:\/\/fairway2hotel.at\/cs\/wp-json\/wp\/v2\/pages"}],"about":[{"href":"https:\/\/fairway2hotel.at\/cs\/wp-json\/wp\/v2\/types\/page"}],"author":[{"embeddable":true,"href":"https:\/\/fairway2hotel.at\/cs\/wp-json\/wp\/v2\/users\/1"}],"replies":[{"embeddable":true,"href":"https:\/\/fairway2hotel.at\/cs\/wp-json\/wp\/v2\/comments?post=1084"}],"version-history":[{"count":10,"href":"https:\/\/fairway2hotel.at\/cs\/wp-json\/wp\/v2\/pages\/1084\/revisions"}],"predecessor-version":[{"id":47267,"href":"https:\/\/fairway2hotel.at\/cs\/wp-json\/wp\/v2\/pages\/1084\/revisions\/47267"}],"up":[{"embeddable":true,"href":"https:\/\/fairway2hotel.at\/cs\/wp-json\/wp\/v2\/pages\/1607"}],"acf:attachment":[{"embeddable":true,"href":"https:\/\/fairway2hotel.at\/cs\/wp-json\/wp\/v2\/media\/47265"},{"embeddable":true,"href":"https:\/\/fairway2hotel.at\/cs\/wp-json\/wp\/v2\/media\/47263"},{"embeddable":true,"href":"https:\/\/fairway2hotel.at\/cs\/wp-json\/wp\/v2\/media\/47261"},{"embeddable":true,"href":"https:\/\/fairway2hotel.at\/cs\/wp-json\/wp\/v2\/media\/1082"}],"wp:attachment":[{"href":"https:\/\/fairway2hotel.at\/cs\/wp-json\/wp\/v2\/media?parent=1084"}],"curies":[{"name":"wp","href":"https:\/\/api.w.org\/{rel}","templated":true}]}}