{"id":1099,"date":"2014-10-23T13:26:29","date_gmt":"2014-10-23T11:26:29","guid":{"rendered":"https:\/\/f2h.app\/golfclub-straubing\/"},"modified":"2025-03-31T11:55:21","modified_gmt":"2025-03-31T09:55:21","slug":"golfclub-straubing","status":"publish","type":"page","link":"https:\/\/fairway2hotel.at\/cs\/golfclubs\/deutschland\/golfclub-straubing\/","title":{"rendered":"GC Straubing Stadt und Land e.V."},"content":{"rendered":"<h2>Golf. Idylle, Spa\u00df und Sport<\/h2>\n<p>Der Golfplatz wurde auf einem Areal von ca. 50 Hektar rund um ehemalige Baggerseen angelegt, sodass hier immer irgendwo in der N\u00e4he von Wasser gespielt wird. Durch das flache Gel\u00e4nde ist der Platz sehr leicht begehbar. Die zahlreichen frontalen und seitlichen Wasserhindernisse zeichnen den kurzen, aber spielerisch durchaus herausfordernden Platz aus. Guten Spielern bietet die Doglegs immer wieder die Gelegenheit, auch mal eine \u201eTiger-Line\u201c zu riskieren. Gleichzeitig k\u00f6nnen aber etwas vorsichtigere Spieler oder Anf\u00e4nger eine sichere Linie w\u00e4hlen. Der Golfplatz in Kirchroth bietet wirklich f\u00fcr jeden Geschmack das Richtige und ist f\u00fcr Golferinnen und Golfer aller Spielst\u00e4rken abwechslungsreich und spannend.<\/p>\n<h2>Golf. Idyll, fun and sport<\/h2>\n<p>The golf course was created on an area of approx. 50 hectares around former quarry ponds, so that golfers are always playing somewhere near water. The flat terrain makes the course very easy to walk on. The numerous frontal and lateral water hazards characterise this short but challenging course. The doglegs always offer good players the opportunity to risk a \u2018tiger line\u2019. At the same time, more cautious players or beginners can choose a safe line. The golf course in Kirchroth really does offer something for everyone and is varied and exciting for golfers of all abilities.<\/p>\n","protected":false},"excerpt":{"rendered":"<p>Golf. Idylle, Spa\u00df und Sport Der Golfplatz wurde auf einem Areal von ca. 50 Hektar rund um ehemalige Baggerseen angelegt, sodass hier immer irgendwo in der N\u00e4he von Wasser gespielt wird. Durch das flache Gel\u00e4nde ist der Platz sehr leicht begehbar. Die zahlreichen frontalen und seitlichen Wasserhindernisse zeichnen den kurzen, aber spielerisch durchaus herausfordernden Platz [&hellip;]<\/p>\n","protected":false},"author":1,"featured_media":0,"parent":1607,"menu_order":205,"comment_status":"closed","ping_status":"closed","template":"page-partner.php","meta":{"_acf_changed":false,"footnotes":""},"class_list":["post-1099","page","type-page","status-publish","hentry"],"acf":{"partner_infobox":"<strong>Adresse:\u00a0<\/strong>Bachhof 9, D-94356 Kirchroth\r\n\r\n<strong>Tel:\u00a0<\/strong>+ 49 09428\/7169\r\n\r\n<strong>Fax:\u00a0<\/strong>+ 49 09428\/1044\r\n\r\n<strong>Web: <\/strong><a href=\"http:\/\/www.golfclub-straubing.de\" target=\"_blank\" rel=\"nofollow noopener\">www.golfclub-straubing.de<\/a>\r\n\r\n<strong>E-Mail:<\/strong> <a href=\"mailto:info@golfclub-straubing.de\">info@golfclub-straubing.de<\/a>\r\n\r\n<strong>Spielbahnen\/Par: <\/strong>18\/73\r\n\r\n<strong>La\u0308nge: <\/strong>gelb: 5.834 m \/ rot:5.148 m\r\n\r\n<strong>Bedingungen:\r\n<\/strong>HCP -54, Mitgliedsausweis ist vorzulegen.\r\n\r\n<strong>Anfahrt:\r\n<\/strong>A3 (Regensburg-Passau) Ausfahrt Straubing West\/ Kirchroth, Richtung Straubing, nach ca. 2 km ist der Golfplatz auf der linken Seite.","partner_logo":1098,"partner_gallery":[1097,47385,47387],"partner_lat":48.944858,"partner_long":12.548893,"partner_type":"golfclub","partner_openings":["1","2","3","4","5","6","7"],"montag_von_bis":"00:00 - 24:00","dienstag_von_bis":"00:00 - 24:00","mittwoch_von_bis":"00:00 - 24:00","donnerstag_von_bis":"00:00 - 24:00","freitag_von_bis":"00:00 - 24:00","samstag_von_bis":"00:00 - 24:00","sonntag_von_bis":"00:00 - 24:00","partner_adresse":"Bachhof 9, 94356 Kirchroth","partner_land_bundesland":"Deutschland","partner_tel_1":"0049 09428 1044","partner_tel_2":"0049 094287169","partner_web":"http:\/\/www.golfclub-straubing.de","partner_mail":"info@golfclub-straubing.de","partner_spielbahnen_par":"18\/73","partner_laenge":"gelb: 5.834 m \/ rot:5.148 m","partner_bedingungen":"","partner_anfahrt":"A3 (Regensburg-Passau) Ausfahrt Straubing West\/ Kirchroth, Richtung Straubing, nach ca. 2 km ist der Golfplatz auf der linken Seite.","partner_misc":null,"additional_css_classes":""},"yoast_head":"<!-- This site is optimized with the Yoast SEO plugin v26.8 - https:\/\/yoast.com\/product\/yoast-seo-wordpress\/ -->\n<title>GC Straubing Stadt und Land e.V. - Fairway 2 Hotel<\/title>\n<meta name=\"robots\" content=\"index, follow, max-snippet:-1, max-image-preview:large, max-video-preview:-1\" \/>\n<link rel=\"canonical\" href=\"https:\/\/fairway2hotel.at\/cs\/golfclubs\/deutschland\/golfclub-straubing\/\" \/>\n<meta property=\"og:locale\" content=\"cs_CZ\" \/>\n<meta property=\"og:type\" content=\"article\" \/>\n<meta property=\"og:title\" content=\"GC Straubing Stadt und Land e.V. - Fairway 2 Hotel\" \/>\n<meta property=\"og:description\" content=\"Golf. Idylle, Spa\u00df und Sport Der Golfplatz wurde auf einem Areal von ca. 50 Hektar rund um ehemalige Baggerseen angelegt, sodass hier immer irgendwo in der N\u00e4he von Wasser gespielt wird. Durch das flache Gel\u00e4nde ist der Platz sehr leicht begehbar. Die zahlreichen frontalen und seitlichen Wasserhindernisse zeichnen den kurzen, aber spielerisch durchaus herausfordernden Platz [&hellip;]\" \/>\n<meta property=\"og:url\" content=\"https:\/\/fairway2hotel.at\/cs\/golfclubs\/deutschland\/golfclub-straubing\/\" \/>\n<meta property=\"og:site_name\" content=\"Fairway 2 Hotel\" \/>\n<meta property=\"article:modified_time\" content=\"2025-03-31T09:55:21+00:00\" \/>\n<meta name=\"twitter:card\" content=\"summary_large_image\" \/>\n<meta name=\"twitter:label1\" content=\"Odhadovan\u00e1 doba \u010dten\u00ed\" \/>\n\t<meta name=\"twitter:data1\" content=\"2 minuty\" \/>\n<script type=\"application\/ld+json\" class=\"yoast-schema-graph\">{\"@context\":\"https:\/\/schema.org\",\"@graph\":[{\"@type\":\"WebPage\",\"@id\":\"https:\/\/fairway2hotel.at\/cs\/golfclubs\/deutschland\/golfclub-straubing\/\",\"url\":\"https:\/\/fairway2hotel.at\/cs\/golfclubs\/deutschland\/golfclub-straubing\/\",\"name\":\"GC Straubing Stadt und Land e.V. - Fairway 2 Hotel\",\"isPartOf\":{\"@id\":\"https:\/\/fairway2hotel.at\/cs\/#website\"},\"datePublished\":\"2014-10-23T11:26:29+00:00\",\"dateModified\":\"2025-03-31T09:55:21+00:00\",\"breadcrumb\":{\"@id\":\"https:\/\/fairway2hotel.at\/cs\/golfclubs\/deutschland\/golfclub-straubing\/#breadcrumb\"},\"inLanguage\":\"cs\",\"potentialAction\":[{\"@type\":\"ReadAction\",\"target\":[\"https:\/\/fairway2hotel.at\/cs\/golfclubs\/deutschland\/golfclub-straubing\/\"]}]},{\"@type\":\"BreadcrumbList\",\"@id\":\"https:\/\/fairway2hotel.at\/cs\/golfclubs\/deutschland\/golfclub-straubing\/#breadcrumb\",\"itemListElement\":[{\"@type\":\"ListItem\",\"position\":1,\"name\":\"Home\",\"item\":\"https:\/\/fairway2hotel.at\/cs\/\"},{\"@type\":\"ListItem\",\"position\":2,\"name\":\"Golfclubs\",\"item\":\"https:\/\/fairway2hotel.at\/cs\/golfclubs\/\"},{\"@type\":\"ListItem\",\"position\":3,\"name\":\"Golfclubs Deutschland\",\"item\":\"https:\/\/fairway2hotel.at\/cs\/golfclubs\/deutschland\/\"},{\"@type\":\"ListItem\",\"position\":4,\"name\":\"GC Straubing Stadt und Land e.V.\"}]},{\"@type\":\"WebSite\",\"@id\":\"https:\/\/fairway2hotel.at\/cs\/#website\",\"url\":\"https:\/\/fairway2hotel.at\/cs\/\",\"name\":\"Fairway 2 Hotel\",\"description\":\"Golf zum halben Preis! 2 spielen - 1 zahlt\",\"potentialAction\":[{\"@type\":\"SearchAction\",\"target\":{\"@type\":\"EntryPoint\",\"urlTemplate\":\"https:\/\/fairway2hotel.at\/cs\/?s={search_term_string}\"},\"query-input\":{\"@type\":\"PropertyValueSpecification\",\"valueRequired\":true,\"valueName\":\"search_term_string\"}}],\"inLanguage\":\"cs\"}]}<\/script>\n<!-- \/ Yoast SEO plugin. -->","yoast_head_json":{"title":"GC Straubing Stadt und Land e.V. - Fairway 2 Hotel","robots":{"index":"index","follow":"follow","max-snippet":"max-snippet:-1","max-image-preview":"max-image-preview:large","max-video-preview":"max-video-preview:-1"},"canonical":"https:\/\/fairway2hotel.at\/cs\/golfclubs\/deutschland\/golfclub-straubing\/","og_locale":"cs_CZ","og_type":"article","og_title":"GC Straubing Stadt und Land e.V. - Fairway 2 Hotel","og_description":"Golf. Idylle, Spa\u00df und Sport Der Golfplatz wurde auf einem Areal von ca. 50 Hektar rund um ehemalige Baggerseen angelegt, sodass hier immer irgendwo in der N\u00e4he von Wasser gespielt wird. Durch das flache Gel\u00e4nde ist der Platz sehr leicht begehbar. Die zahlreichen frontalen und seitlichen Wasserhindernisse zeichnen den kurzen, aber spielerisch durchaus herausfordernden Platz [&hellip;]","og_url":"https:\/\/fairway2hotel.at\/cs\/golfclubs\/deutschland\/golfclub-straubing\/","og_site_name":"Fairway 2 Hotel","article_modified_time":"2025-03-31T09:55:21+00:00","twitter_card":"summary_large_image","twitter_misc":{"Odhadovan\u00e1 doba \u010dten\u00ed":"2 minuty"},"schema":{"@context":"https:\/\/schema.org","@graph":[{"@type":"WebPage","@id":"https:\/\/fairway2hotel.at\/cs\/golfclubs\/deutschland\/golfclub-straubing\/","url":"https:\/\/fairway2hotel.at\/cs\/golfclubs\/deutschland\/golfclub-straubing\/","name":"GC Straubing Stadt und Land e.V. - Fairway 2 Hotel","isPartOf":{"@id":"https:\/\/fairway2hotel.at\/cs\/#website"},"datePublished":"2014-10-23T11:26:29+00:00","dateModified":"2025-03-31T09:55:21+00:00","breadcrumb":{"@id":"https:\/\/fairway2hotel.at\/cs\/golfclubs\/deutschland\/golfclub-straubing\/#breadcrumb"},"inLanguage":"cs","potentialAction":[{"@type":"ReadAction","target":["https:\/\/fairway2hotel.at\/cs\/golfclubs\/deutschland\/golfclub-straubing\/"]}]},{"@type":"BreadcrumbList","@id":"https:\/\/fairway2hotel.at\/cs\/golfclubs\/deutschland\/golfclub-straubing\/#breadcrumb","itemListElement":[{"@type":"ListItem","position":1,"name":"Home","item":"https:\/\/fairway2hotel.at\/cs\/"},{"@type":"ListItem","position":2,"name":"Golfclubs","item":"https:\/\/fairway2hotel.at\/cs\/golfclubs\/"},{"@type":"ListItem","position":3,"name":"Golfclubs Deutschland","item":"https:\/\/fairway2hotel.at\/cs\/golfclubs\/deutschland\/"},{"@type":"ListItem","position":4,"name":"GC Straubing Stadt und Land e.V."}]},{"@type":"WebSite","@id":"https:\/\/fairway2hotel.at\/cs\/#website","url":"https:\/\/fairway2hotel.at\/cs\/","name":"Fairway 2 Hotel","description":"Golf zum halben Preis! 2 spielen - 1 zahlt","potentialAction":[{"@type":"SearchAction","target":{"@type":"EntryPoint","urlTemplate":"https:\/\/fairway2hotel.at\/cs\/?s={search_term_string}"},"query-input":{"@type":"PropertyValueSpecification","valueRequired":true,"valueName":"search_term_string"}}],"inLanguage":"cs"}]}},"_links":{"self":[{"href":"https:\/\/fairway2hotel.at\/cs\/wp-json\/wp\/v2\/pages\/1099","targetHints":{"allow":["GET"]}}],"collection":[{"href":"https:\/\/fairway2hotel.at\/cs\/wp-json\/wp\/v2\/pages"}],"about":[{"href":"https:\/\/fairway2hotel.at\/cs\/wp-json\/wp\/v2\/types\/page"}],"author":[{"embeddable":true,"href":"https:\/\/fairway2hotel.at\/cs\/wp-json\/wp\/v2\/users\/1"}],"replies":[{"embeddable":true,"href":"https:\/\/fairway2hotel.at\/cs\/wp-json\/wp\/v2\/comments?post=1099"}],"version-history":[{"count":7,"href":"https:\/\/fairway2hotel.at\/cs\/wp-json\/wp\/v2\/pages\/1099\/revisions"}],"predecessor-version":[{"id":47389,"href":"https:\/\/fairway2hotel.at\/cs\/wp-json\/wp\/v2\/pages\/1099\/revisions\/47389"}],"up":[{"embeddable":true,"href":"https:\/\/fairway2hotel.at\/cs\/wp-json\/wp\/v2\/pages\/1607"}],"acf:attachment":[{"embeddable":true,"href":"https:\/\/fairway2hotel.at\/cs\/wp-json\/wp\/v2\/media\/47387"},{"embeddable":true,"href":"https:\/\/fairway2hotel.at\/cs\/wp-json\/wp\/v2\/media\/47385"},{"embeddable":true,"href":"https:\/\/fairway2hotel.at\/cs\/wp-json\/wp\/v2\/media\/1097"}],"wp:attachment":[{"href":"https:\/\/fairway2hotel.at\/cs\/wp-json\/wp\/v2\/media?parent=1099"}],"curies":[{"name":"wp","href":"https:\/\/api.w.org\/{rel}","templated":true}]}}