{"id":1106,"date":"2014-10-23T14:02:22","date_gmt":"2014-10-23T12:02:22","guid":{"rendered":"https:\/\/f2h.app\/seeluna\/"},"modified":"2025-03-14T11:14:49","modified_gmt":"2025-03-14T10:14:49","slug":"seeluna","status":"publish","type":"page","link":"https:\/\/fairway2hotel.at\/cs\/hotels\/deutschland\/seeluna\/","title":{"rendered":"Hotel Seeluna"},"content":{"rendered":"<h2>Schlemmen und Schlafen im Zeichen des Mondes, verbunden mit liebenswertem Service zum rundum Wohlf\u00fchlen, so lautet das Credo.<\/h2>\n<p>Wundersch\u00f6n eingebettet in der Natur, liegt das Hotel \u201eseeluna\u201c auf einer kleinen Anh\u00f6he in Ebersberg mit einem herrlichen Blick auf den Klostersee. Die direkte Seelage vor der Haust\u00fcr l\u00e4dt zum Schwimmen ein und die umgebende Naturlandschaft bietet sch\u00f6ne Wanderwege und Radeltouren an. Auch begeisterte Golfer kommen voll auf ihre Kosten. Die sehr gepflegte 18-Loch-Partnergolfanlage Gut Thailing liegt mit 4 km Entfernung nur einen Katzensprung entfernt und l\u00e4sst jedes Golferherz h\u00f6her schlagen.<\/p>\n<h2>Feasting and sleeping under the sign of the moon, combined with endearing service for all-round well-being &#8211; that&#8217;s the credo.<\/h2>\n<p>Beautifully embedded in nature, the hotel \u2018seeluna\u2019 is situated on a small hill in Ebersberg with a marvellous view of the Klostersee. The direct lake location on the doorstep invites you to swim and the surrounding natural landscape offers beautiful hiking trails and cycle tours. Golf enthusiasts will also get their money&#8217;s worth. The well-maintained 18-hole partner golf course Gut Thailing is just a stone&#8217;s throw away at a distance of 4 km and makes every golfer&#8217;s heart beat faster.<\/p>\n","protected":false},"excerpt":{"rendered":"<p>Schlemmen und Schlafen im Zeichen des Mondes, verbunden mit liebenswertem Service zum rundum Wohlf\u00fchlen, so lautet das Credo. Wundersch\u00f6n eingebettet in der Natur, liegt das Hotel \u201eseeluna\u201c auf einer kleinen Anh\u00f6he in Ebersberg mit einem herrlichen Blick auf den Klostersee. Die direkte Seelage vor der Haust\u00fcr l\u00e4dt zum Schwimmen ein und die umgebende Naturlandschaft bietet [&hellip;]<\/p>\n","protected":false},"author":1,"featured_media":0,"parent":2208,"menu_order":5,"comment_status":"closed","ping_status":"closed","template":"page-partner.php","meta":{"_acf_changed":false,"footnotes":""},"class_list":["post-1106","page","type-page","status-publish","hentry"],"acf":{"partner_infobox":"<strong>Adresse:\u00a0<\/strong>Am Priel 3, D-85560 Ebersberg\r\n\r\n<strong>Tel:\u00a0<\/strong>+49 8092 8285 0\r\n\r\n<strong>Fax:\u00a0<\/strong>+49 8092 8285 50\r\n\r\n<strong>Web: <\/strong><a href=\"http:\/\/www.hotel-seeluna.de\" target=\"_blank\" rel=\"nofollow noopener noreferrer\">www.hotel-seeluna.de<\/a>\r\n\r\n<strong>E-Mail:<\/strong> <a href=\"mailto:info@hotel-seeluna.de\">info@hotel-seeluna.de<\/a>\r\n\r\n<strong>Bedingungen:\r\n<\/strong>Minimum 2 Na\u0308chte. GS nicht einlo\u0308sbar wa\u0308hrend Messezeiten und Wiesenzeit.\r\n\r\n<strong>Anfahrt:\r\n<\/strong>A 94 Ausfahrt Forstinning \u2192 rechts \u2192 Kreisverkehr \u2192 Richtung Ebersberg \u221a 1. Ampel vor dem See \u2192 rechts","partner_logo":1105,"partner_gallery":[1103,1104],"partner_lat":48.084389,"partner_long":11.966104,"partner_type":"hotel","partner_openings":["1","2","3","4","5","6","7"],"montag_von_bis":"00:00 - 24:00","dienstag_von_bis":"00:00 - 24:00","mittwoch_von_bis":"00:00 - 24:00","donnerstag_von_bis":"00:00 - 24:00","freitag_von_bis":"00:00 - 24:00","samstag_von_bis":"00:00 - 24:00","sonntag_von_bis":"00:00 - 24:00","partner_adresse":"Am Priel 3, D-85560 Ebersberg","partner_land_bundesland":"","partner_tel_1":"+49 8092 8285 0","partner_tel_2":"","partner_web":"https:\/\/www.hotel-seeluna.de\/","partner_mail":"info@hotel-seeluna.de","partner_spielbahnen_par":"","partner_laenge":"","partner_bedingungen":"Minimum 2 Na\u0308chte. GS nicht einlo\u0308sbar wa\u0308hrend Messezeiten und Wiesenzeit.\r\nMinimum 2 nights. GS not redeemable during trade fairs and \"M\u00fcnchner Wiesenzeit\"","partner_anfahrt":"","partner_misc":null,"additional_css_classes":""},"yoast_head":"<!-- This site is optimized with the Yoast SEO plugin v26.8 - https:\/\/yoast.com\/product\/yoast-seo-wordpress\/ -->\n<title>Hotel Seeluna - Fairway 2 Hotel<\/title>\n<meta name=\"robots\" content=\"index, follow, max-snippet:-1, max-image-preview:large, max-video-preview:-1\" \/>\n<link rel=\"canonical\" href=\"https:\/\/fairway2hotel.at\/cs\/hotels\/deutschland\/seeluna\/\" \/>\n<meta property=\"og:locale\" content=\"cs_CZ\" \/>\n<meta property=\"og:type\" content=\"article\" \/>\n<meta property=\"og:title\" content=\"Hotel Seeluna - Fairway 2 Hotel\" \/>\n<meta property=\"og:description\" content=\"Schlemmen und Schlafen im Zeichen des Mondes, verbunden mit liebenswertem Service zum rundum Wohlf\u00fchlen, so lautet das Credo. Wundersch\u00f6n eingebettet in der Natur, liegt das Hotel \u201eseeluna\u201c auf einer kleinen Anh\u00f6he in Ebersberg mit einem herrlichen Blick auf den Klostersee. Die direkte Seelage vor der Haust\u00fcr l\u00e4dt zum Schwimmen ein und die umgebende Naturlandschaft bietet [&hellip;]\" \/>\n<meta property=\"og:url\" content=\"https:\/\/fairway2hotel.at\/cs\/hotels\/deutschland\/seeluna\/\" \/>\n<meta property=\"og:site_name\" content=\"Fairway 2 Hotel\" \/>\n<meta property=\"article:modified_time\" content=\"2025-03-14T10:14:49+00:00\" \/>\n<meta name=\"twitter:card\" content=\"summary_large_image\" \/>\n<meta name=\"twitter:label1\" content=\"Odhadovan\u00e1 doba \u010dten\u00ed\" \/>\n\t<meta name=\"twitter:data1\" content=\"2 minuty\" \/>\n<script type=\"application\/ld+json\" class=\"yoast-schema-graph\">{\"@context\":\"https:\/\/schema.org\",\"@graph\":[{\"@type\":\"WebPage\",\"@id\":\"https:\/\/fairway2hotel.at\/cs\/hotels\/deutschland\/seeluna\/\",\"url\":\"https:\/\/fairway2hotel.at\/cs\/hotels\/deutschland\/seeluna\/\",\"name\":\"Hotel Seeluna - Fairway 2 Hotel\",\"isPartOf\":{\"@id\":\"https:\/\/fairway2hotel.at\/cs\/#website\"},\"datePublished\":\"2014-10-23T12:02:22+00:00\",\"dateModified\":\"2025-03-14T10:14:49+00:00\",\"breadcrumb\":{\"@id\":\"https:\/\/fairway2hotel.at\/cs\/hotels\/deutschland\/seeluna\/#breadcrumb\"},\"inLanguage\":\"cs\",\"potentialAction\":[{\"@type\":\"ReadAction\",\"target\":[\"https:\/\/fairway2hotel.at\/cs\/hotels\/deutschland\/seeluna\/\"]}]},{\"@type\":\"BreadcrumbList\",\"@id\":\"https:\/\/fairway2hotel.at\/cs\/hotels\/deutschland\/seeluna\/#breadcrumb\",\"itemListElement\":[{\"@type\":\"ListItem\",\"position\":1,\"name\":\"Home\",\"item\":\"https:\/\/fairway2hotel.at\/cs\/\"},{\"@type\":\"ListItem\",\"position\":2,\"name\":\"Hotels\",\"item\":\"https:\/\/fairway2hotel.at\/cs\/hotels\/\"},{\"@type\":\"ListItem\",\"position\":3,\"name\":\"Hotels Deutschland\",\"item\":\"https:\/\/fairway2hotel.at\/cs\/hotels\/deutschland\/\"},{\"@type\":\"ListItem\",\"position\":4,\"name\":\"Hotel Seeluna\"}]},{\"@type\":\"WebSite\",\"@id\":\"https:\/\/fairway2hotel.at\/cs\/#website\",\"url\":\"https:\/\/fairway2hotel.at\/cs\/\",\"name\":\"Fairway 2 Hotel\",\"description\":\"Golf zum halben Preis! 2 spielen - 1 zahlt\",\"potentialAction\":[{\"@type\":\"SearchAction\",\"target\":{\"@type\":\"EntryPoint\",\"urlTemplate\":\"https:\/\/fairway2hotel.at\/cs\/?s={search_term_string}\"},\"query-input\":{\"@type\":\"PropertyValueSpecification\",\"valueRequired\":true,\"valueName\":\"search_term_string\"}}],\"inLanguage\":\"cs\"}]}<\/script>\n<!-- \/ Yoast SEO plugin. -->","yoast_head_json":{"title":"Hotel Seeluna - Fairway 2 Hotel","robots":{"index":"index","follow":"follow","max-snippet":"max-snippet:-1","max-image-preview":"max-image-preview:large","max-video-preview":"max-video-preview:-1"},"canonical":"https:\/\/fairway2hotel.at\/cs\/hotels\/deutschland\/seeluna\/","og_locale":"cs_CZ","og_type":"article","og_title":"Hotel Seeluna - Fairway 2 Hotel","og_description":"Schlemmen und Schlafen im Zeichen des Mondes, verbunden mit liebenswertem Service zum rundum Wohlf\u00fchlen, so lautet das Credo. Wundersch\u00f6n eingebettet in der Natur, liegt das Hotel \u201eseeluna\u201c auf einer kleinen Anh\u00f6he in Ebersberg mit einem herrlichen Blick auf den Klostersee. Die direkte Seelage vor der Haust\u00fcr l\u00e4dt zum Schwimmen ein und die umgebende Naturlandschaft bietet [&hellip;]","og_url":"https:\/\/fairway2hotel.at\/cs\/hotels\/deutschland\/seeluna\/","og_site_name":"Fairway 2 Hotel","article_modified_time":"2025-03-14T10:14:49+00:00","twitter_card":"summary_large_image","twitter_misc":{"Odhadovan\u00e1 doba \u010dten\u00ed":"2 minuty"},"schema":{"@context":"https:\/\/schema.org","@graph":[{"@type":"WebPage","@id":"https:\/\/fairway2hotel.at\/cs\/hotels\/deutschland\/seeluna\/","url":"https:\/\/fairway2hotel.at\/cs\/hotels\/deutschland\/seeluna\/","name":"Hotel Seeluna - Fairway 2 Hotel","isPartOf":{"@id":"https:\/\/fairway2hotel.at\/cs\/#website"},"datePublished":"2014-10-23T12:02:22+00:00","dateModified":"2025-03-14T10:14:49+00:00","breadcrumb":{"@id":"https:\/\/fairway2hotel.at\/cs\/hotels\/deutschland\/seeluna\/#breadcrumb"},"inLanguage":"cs","potentialAction":[{"@type":"ReadAction","target":["https:\/\/fairway2hotel.at\/cs\/hotels\/deutschland\/seeluna\/"]}]},{"@type":"BreadcrumbList","@id":"https:\/\/fairway2hotel.at\/cs\/hotels\/deutschland\/seeluna\/#breadcrumb","itemListElement":[{"@type":"ListItem","position":1,"name":"Home","item":"https:\/\/fairway2hotel.at\/cs\/"},{"@type":"ListItem","position":2,"name":"Hotels","item":"https:\/\/fairway2hotel.at\/cs\/hotels\/"},{"@type":"ListItem","position":3,"name":"Hotels Deutschland","item":"https:\/\/fairway2hotel.at\/cs\/hotels\/deutschland\/"},{"@type":"ListItem","position":4,"name":"Hotel Seeluna"}]},{"@type":"WebSite","@id":"https:\/\/fairway2hotel.at\/cs\/#website","url":"https:\/\/fairway2hotel.at\/cs\/","name":"Fairway 2 Hotel","description":"Golf zum halben Preis! 2 spielen - 1 zahlt","potentialAction":[{"@type":"SearchAction","target":{"@type":"EntryPoint","urlTemplate":"https:\/\/fairway2hotel.at\/cs\/?s={search_term_string}"},"query-input":{"@type":"PropertyValueSpecification","valueRequired":true,"valueName":"search_term_string"}}],"inLanguage":"cs"}]}},"_links":{"self":[{"href":"https:\/\/fairway2hotel.at\/cs\/wp-json\/wp\/v2\/pages\/1106","targetHints":{"allow":["GET"]}}],"collection":[{"href":"https:\/\/fairway2hotel.at\/cs\/wp-json\/wp\/v2\/pages"}],"about":[{"href":"https:\/\/fairway2hotel.at\/cs\/wp-json\/wp\/v2\/types\/page"}],"author":[{"embeddable":true,"href":"https:\/\/fairway2hotel.at\/cs\/wp-json\/wp\/v2\/users\/1"}],"replies":[{"embeddable":true,"href":"https:\/\/fairway2hotel.at\/cs\/wp-json\/wp\/v2\/comments?post=1106"}],"version-history":[{"count":6,"href":"https:\/\/fairway2hotel.at\/cs\/wp-json\/wp\/v2\/pages\/1106\/revisions"}],"predecessor-version":[{"id":46588,"href":"https:\/\/fairway2hotel.at\/cs\/wp-json\/wp\/v2\/pages\/1106\/revisions\/46588"}],"up":[{"embeddable":true,"href":"https:\/\/fairway2hotel.at\/cs\/wp-json\/wp\/v2\/pages\/2208"}],"acf:attachment":[{"embeddable":true,"href":"https:\/\/fairway2hotel.at\/cs\/wp-json\/wp\/v2\/media\/1104"},{"embeddable":true,"href":"https:\/\/fairway2hotel.at\/cs\/wp-json\/wp\/v2\/media\/1103"}],"wp:attachment":[{"href":"https:\/\/fairway2hotel.at\/cs\/wp-json\/wp\/v2\/media?parent=1106"}],"curies":[{"name":"wp","href":"https:\/\/api.w.org\/{rel}","templated":true}]}}