{"id":1120,"date":"2014-10-23T14:05:37","date_gmt":"2014-10-23T12:05:37","guid":{"rendered":"https:\/\/f2h.app\/golfclub-colli-berici\/"},"modified":"2025-03-13T14:08:28","modified_gmt":"2025-03-13T13:08:28","slug":"golfclub-colli-berici","status":"publish","type":"page","link":"https:\/\/fairway2hotel.at\/cs\/golfclubs\/italien\/golfclub-colli-berici\/","title":{"rendered":"GC Colli Berici"},"content":{"rendered":"<h2>Golfen inmitten einer traumhaften Umgebung in 300 m Seeh\u00f6he<\/h2>\n<p>Der Golf Club Colli Berici wurde im Jahr 1984 gegr\u00fcndet. Eingebett in der eindrucksvollen Landschaft in den Colli Berici und von Vicenza erstreckt sich ein in traumhafter 18-Loch-Parcours auf 300 m Seeh\u00f6he. Die zweiten neun L\u00f6cher er\u00f6ffnen sich auf der Ebene um Vicenza und sie genie\u00dfen die fantastische Landschaft von den Monti Lessini und Keinen Dolomiten. Die ersten neun L\u00f6cher spielen Sie in einer Mischung aus Eichen, Buchen und Kastanienb\u00e4umen. Das Clubhaus ist der ideale Treffpunkt nach der Runde: der gro\u00dfe Raum ist ideal, um die Landschaft zu bewundern und sich zu entspannen. Das Clubhaus hat eine Bar, eine Bistro wo Sie von der \u201ckleinen\u201d Karte w\u00e4hlen k\u00f6nnen und ein hervorragendes Restaurant mit lokalen Spezialit\u00e4ten und einer regionalen sowie internationalen Weinkarte. An sonnigen Tagen k\u00f6nnen Sie Ihre Runde am Pool beenden. Kommen Sie im Winter, oder das Wetter ist unerwartet, schlecht, k\u00f6nnen Sie Indoor auf unserem Golfsimulator auf den verschiedensten Pl\u00e4tzen dieser Welt spielen.<br \/>\n\u00d6kologie ist ganz gro\u00dfgeschrieben, Pr\u00e4zision und Spielstrategie spielen eine wichtige Rolle\u00a0 Der Platz wurde von Marco Croze entworfen.<\/p>\n<h2>Golfing in the midst of dreamlike surroundings at 300 metres above sea level<\/h2>\n<p>The Colli Berici Golf Club was founded in 1984. Embedded in the impressive landscape of the Colli Berici and Vicenza, it offers a fantastic 18-hole course at 300 metres above sea level. The second nine holes open up on the plain around Vicenza and you can enjoy the fantastic scenery of the Monti Lessini and Keinen Dolomites. The first nine holes are played in a mixture of oak, beech and chestnut trees. The clubhouse is the ideal meeting place after the round: the large space is ideal for admiring the landscape and relaxing. The clubhouse has a bar, a bistro where you can choose from the \u2018small\u2019 menu and an excellent restaurant with local specialities and a regional and international wine list. On sunny days you can finish your round by the pool. If you come in winter, or the weather is unexpectedly bad, you can play indoors on our golf simulator on various courses around the world.<br \/>\nEcology is a top priority, precision and game strategy play an important role. The course was designed by Marco Croze.<\/p>\n","protected":false},"excerpt":{"rendered":"<p>Golfen inmitten einer traumhaften Umgebung in 300 m Seeh\u00f6he Der Golf Club Colli Berici wurde im Jahr 1984 gegr\u00fcndet. Eingebett in der eindrucksvollen Landschaft in den Colli Berici und von Vicenza erstreckt sich ein in traumhafter 18-Loch-Parcours auf 300 m Seeh\u00f6he. Die zweiten neun L\u00f6cher er\u00f6ffnen sich auf der Ebene um Vicenza und sie genie\u00dfen [&hellip;]<\/p>\n","protected":false},"author":1,"featured_media":0,"parent":1657,"menu_order":55,"comment_status":"closed","ping_status":"closed","template":"page-partner.php","meta":{"_acf_changed":false,"footnotes":""},"class_list":["post-1120","page","type-page","status-publish","hentry"],"acf":{"partner_infobox":"<strong>Adresse:\u00a0<\/strong>Strade Monti Comunali, I-36040 Brendola - Vicenza\r\n\r\n<strong>Tel:\u00a0<\/strong>0444601780\r\n\r\n<strong>Web: <\/strong><a href=\"http:\/\/www.golfclubcolliberici.it\" target=\"_blank\" rel=\"nofollow noopener noreferrer\">www.golfclubcolliberici.it<\/a>\r\n\r\n<strong>E-Mail:<\/strong> <a href=\"mailto:info@golfclubcolliberici.it\">info@golfclubcolliberici.it<\/a>\r\n\r\n<strong>Spielbahnen\/Par: <\/strong>18\/70\r\n\r\n<strong>La\u0308nge:\r\n<\/strong>gelb:5.177m, rot: 4,640m, gr\u00fcn: 4.671m, orange: 4.055m\r\n\r\n<strong>Anfahrt:\r\n<\/strong>Autobahn A4 Mailand-Venedig, Ausfahrt Montecchio Maggiore. Bei Ausfahrt rechts \u00e0 Vicenza Altavilla. Nach 500 Metern wieder rechts \u00e0Hotel Genziana ab. Dem Strassenverlauf und der Beschilderung f\u00fcr 2 km den H\u00fcgel hinauf folgen.","partner_logo":1119,"partner_gallery":[1118,1117,1116,1115,1114,1113],"partner_lat":45.48404,"partner_long":11.454899,"partner_type":"golfclub","partner_openings":["1","2","3","4","5","6","7"],"montag_von_bis":"00:00 - 24:00","dienstag_von_bis":"00:00 - 24:00","mittwoch_von_bis":"00:00 - 24:00","donnerstag_von_bis":"00:00 - 24:00","freitag_von_bis":"00:00 - 24:00","samstag_von_bis":"00:00 - 24:00","sonntag_von_bis":"00:00 - 24:00","partner_adresse":"Strade Monti Comunali, I-36040 Brendola - Vicenza","partner_land_bundesland":"","partner_tel_1":"","partner_tel_2":"0039 0444 601780","partner_web":"http:\/\/www.golfclubcolliberici.it","partner_mail":"info@golfclubcolliberici.it","partner_spielbahnen_par":"18\/70","partner_laenge":"","partner_bedingungen":"","partner_anfahrt":"","partner_misc":null,"additional_css_classes":""},"yoast_head":"<!-- This site is optimized with the Yoast SEO plugin v26.8 - https:\/\/yoast.com\/product\/yoast-seo-wordpress\/ -->\n<title>GC Colli Berici - Fairway 2 Hotel<\/title>\n<meta name=\"robots\" content=\"index, follow, max-snippet:-1, max-image-preview:large, max-video-preview:-1\" \/>\n<link rel=\"canonical\" href=\"https:\/\/fairway2hotel.at\/cs\/golfclubs\/italien\/golfclub-colli-berici\/\" \/>\n<meta property=\"og:locale\" content=\"cs_CZ\" \/>\n<meta property=\"og:type\" content=\"article\" \/>\n<meta property=\"og:title\" content=\"GC Colli Berici - Fairway 2 Hotel\" \/>\n<meta property=\"og:description\" content=\"Golfen inmitten einer traumhaften Umgebung in 300 m Seeh\u00f6he Der Golf Club Colli Berici wurde im Jahr 1984 gegr\u00fcndet. Eingebett in der eindrucksvollen Landschaft in den Colli Berici und von Vicenza erstreckt sich ein in traumhafter 18-Loch-Parcours auf 300 m Seeh\u00f6he. Die zweiten neun L\u00f6cher er\u00f6ffnen sich auf der Ebene um Vicenza und sie genie\u00dfen [&hellip;]\" \/>\n<meta property=\"og:url\" content=\"https:\/\/fairway2hotel.at\/cs\/golfclubs\/italien\/golfclub-colli-berici\/\" \/>\n<meta property=\"og:site_name\" content=\"Fairway 2 Hotel\" \/>\n<meta property=\"article:modified_time\" content=\"2025-03-13T13:08:28+00:00\" \/>\n<meta name=\"twitter:card\" content=\"summary_large_image\" \/>\n<meta name=\"twitter:label1\" content=\"Odhadovan\u00e1 doba \u010dten\u00ed\" \/>\n\t<meta name=\"twitter:data1\" content=\"3 minuty\" \/>\n<script type=\"application\/ld+json\" class=\"yoast-schema-graph\">{\"@context\":\"https:\/\/schema.org\",\"@graph\":[{\"@type\":\"WebPage\",\"@id\":\"https:\/\/fairway2hotel.at\/cs\/golfclubs\/italien\/golfclub-colli-berici\/\",\"url\":\"https:\/\/fairway2hotel.at\/cs\/golfclubs\/italien\/golfclub-colli-berici\/\",\"name\":\"GC Colli Berici - Fairway 2 Hotel\",\"isPartOf\":{\"@id\":\"https:\/\/fairway2hotel.at\/cs\/#website\"},\"datePublished\":\"2014-10-23T12:05:37+00:00\",\"dateModified\":\"2025-03-13T13:08:28+00:00\",\"breadcrumb\":{\"@id\":\"https:\/\/fairway2hotel.at\/cs\/golfclubs\/italien\/golfclub-colli-berici\/#breadcrumb\"},\"inLanguage\":\"cs\",\"potentialAction\":[{\"@type\":\"ReadAction\",\"target\":[\"https:\/\/fairway2hotel.at\/cs\/golfclubs\/italien\/golfclub-colli-berici\/\"]}]},{\"@type\":\"BreadcrumbList\",\"@id\":\"https:\/\/fairway2hotel.at\/cs\/golfclubs\/italien\/golfclub-colli-berici\/#breadcrumb\",\"itemListElement\":[{\"@type\":\"ListItem\",\"position\":1,\"name\":\"Home\",\"item\":\"https:\/\/fairway2hotel.at\/cs\/\"},{\"@type\":\"ListItem\",\"position\":2,\"name\":\"Golfclubs\",\"item\":\"https:\/\/fairway2hotel.at\/cs\/golfclubs\/\"},{\"@type\":\"ListItem\",\"position\":3,\"name\":\"Golfclubs Italien\",\"item\":\"https:\/\/fairway2hotel.at\/cs\/golfclubs\/italien\/\"},{\"@type\":\"ListItem\",\"position\":4,\"name\":\"GC Colli Berici\"}]},{\"@type\":\"WebSite\",\"@id\":\"https:\/\/fairway2hotel.at\/cs\/#website\",\"url\":\"https:\/\/fairway2hotel.at\/cs\/\",\"name\":\"Fairway 2 Hotel\",\"description\":\"Golf zum halben Preis! 2 spielen - 1 zahlt\",\"potentialAction\":[{\"@type\":\"SearchAction\",\"target\":{\"@type\":\"EntryPoint\",\"urlTemplate\":\"https:\/\/fairway2hotel.at\/cs\/?s={search_term_string}\"},\"query-input\":{\"@type\":\"PropertyValueSpecification\",\"valueRequired\":true,\"valueName\":\"search_term_string\"}}],\"inLanguage\":\"cs\"}]}<\/script>\n<!-- \/ Yoast SEO plugin. -->","yoast_head_json":{"title":"GC Colli Berici - Fairway 2 Hotel","robots":{"index":"index","follow":"follow","max-snippet":"max-snippet:-1","max-image-preview":"max-image-preview:large","max-video-preview":"max-video-preview:-1"},"canonical":"https:\/\/fairway2hotel.at\/cs\/golfclubs\/italien\/golfclub-colli-berici\/","og_locale":"cs_CZ","og_type":"article","og_title":"GC Colli Berici - Fairway 2 Hotel","og_description":"Golfen inmitten einer traumhaften Umgebung in 300 m Seeh\u00f6he Der Golf Club Colli Berici wurde im Jahr 1984 gegr\u00fcndet. Eingebett in der eindrucksvollen Landschaft in den Colli Berici und von Vicenza erstreckt sich ein in traumhafter 18-Loch-Parcours auf 300 m Seeh\u00f6he. Die zweiten neun L\u00f6cher er\u00f6ffnen sich auf der Ebene um Vicenza und sie genie\u00dfen [&hellip;]","og_url":"https:\/\/fairway2hotel.at\/cs\/golfclubs\/italien\/golfclub-colli-berici\/","og_site_name":"Fairway 2 Hotel","article_modified_time":"2025-03-13T13:08:28+00:00","twitter_card":"summary_large_image","twitter_misc":{"Odhadovan\u00e1 doba \u010dten\u00ed":"3 minuty"},"schema":{"@context":"https:\/\/schema.org","@graph":[{"@type":"WebPage","@id":"https:\/\/fairway2hotel.at\/cs\/golfclubs\/italien\/golfclub-colli-berici\/","url":"https:\/\/fairway2hotel.at\/cs\/golfclubs\/italien\/golfclub-colli-berici\/","name":"GC Colli Berici - Fairway 2 Hotel","isPartOf":{"@id":"https:\/\/fairway2hotel.at\/cs\/#website"},"datePublished":"2014-10-23T12:05:37+00:00","dateModified":"2025-03-13T13:08:28+00:00","breadcrumb":{"@id":"https:\/\/fairway2hotel.at\/cs\/golfclubs\/italien\/golfclub-colli-berici\/#breadcrumb"},"inLanguage":"cs","potentialAction":[{"@type":"ReadAction","target":["https:\/\/fairway2hotel.at\/cs\/golfclubs\/italien\/golfclub-colli-berici\/"]}]},{"@type":"BreadcrumbList","@id":"https:\/\/fairway2hotel.at\/cs\/golfclubs\/italien\/golfclub-colli-berici\/#breadcrumb","itemListElement":[{"@type":"ListItem","position":1,"name":"Home","item":"https:\/\/fairway2hotel.at\/cs\/"},{"@type":"ListItem","position":2,"name":"Golfclubs","item":"https:\/\/fairway2hotel.at\/cs\/golfclubs\/"},{"@type":"ListItem","position":3,"name":"Golfclubs Italien","item":"https:\/\/fairway2hotel.at\/cs\/golfclubs\/italien\/"},{"@type":"ListItem","position":4,"name":"GC Colli Berici"}]},{"@type":"WebSite","@id":"https:\/\/fairway2hotel.at\/cs\/#website","url":"https:\/\/fairway2hotel.at\/cs\/","name":"Fairway 2 Hotel","description":"Golf zum halben Preis! 2 spielen - 1 zahlt","potentialAction":[{"@type":"SearchAction","target":{"@type":"EntryPoint","urlTemplate":"https:\/\/fairway2hotel.at\/cs\/?s={search_term_string}"},"query-input":{"@type":"PropertyValueSpecification","valueRequired":true,"valueName":"search_term_string"}}],"inLanguage":"cs"}]}},"_links":{"self":[{"href":"https:\/\/fairway2hotel.at\/cs\/wp-json\/wp\/v2\/pages\/1120","targetHints":{"allow":["GET"]}}],"collection":[{"href":"https:\/\/fairway2hotel.at\/cs\/wp-json\/wp\/v2\/pages"}],"about":[{"href":"https:\/\/fairway2hotel.at\/cs\/wp-json\/wp\/v2\/types\/page"}],"author":[{"embeddable":true,"href":"https:\/\/fairway2hotel.at\/cs\/wp-json\/wp\/v2\/users\/1"}],"replies":[{"embeddable":true,"href":"https:\/\/fairway2hotel.at\/cs\/wp-json\/wp\/v2\/comments?post=1120"}],"version-history":[{"count":10,"href":"https:\/\/fairway2hotel.at\/cs\/wp-json\/wp\/v2\/pages\/1120\/revisions"}],"predecessor-version":[{"id":46458,"href":"https:\/\/fairway2hotel.at\/cs\/wp-json\/wp\/v2\/pages\/1120\/revisions\/46458"}],"up":[{"embeddable":true,"href":"https:\/\/fairway2hotel.at\/cs\/wp-json\/wp\/v2\/pages\/1657"}],"acf:attachment":[{"embeddable":true,"href":"https:\/\/fairway2hotel.at\/cs\/wp-json\/wp\/v2\/media\/1113"},{"embeddable":true,"href":"https:\/\/fairway2hotel.at\/cs\/wp-json\/wp\/v2\/media\/1114"},{"embeddable":true,"href":"https:\/\/fairway2hotel.at\/cs\/wp-json\/wp\/v2\/media\/1115"},{"embeddable":true,"href":"https:\/\/fairway2hotel.at\/cs\/wp-json\/wp\/v2\/media\/1116"},{"embeddable":true,"href":"https:\/\/fairway2hotel.at\/cs\/wp-json\/wp\/v2\/media\/1117"},{"embeddable":true,"href":"https:\/\/fairway2hotel.at\/cs\/wp-json\/wp\/v2\/media\/1118"}],"wp:attachment":[{"href":"https:\/\/fairway2hotel.at\/cs\/wp-json\/wp\/v2\/media?parent=1120"}],"curies":[{"name":"wp","href":"https:\/\/api.w.org\/{rel}","templated":true}]}}