{"id":1123,"date":"2014-10-23T14:06:19","date_gmt":"2014-10-23T12:06:19","guid":{"rendered":"https:\/\/f2h.app\/golfcub-jesolo\/"},"modified":"2025-05-15T14:01:41","modified_gmt":"2025-05-15T12:01:41","slug":"golfcub-jesolo","status":"publish","type":"page","link":"https:\/\/fairway2hotel.at\/cs\/golfclubs\/italien\/golfcub-jesolo\/","title":{"rendered":"GC Jesolo"},"content":{"rendered":"<h2>Golf Jesolo, eine gr\u00fcne Oase ein paar Schritte vom Strand entfernt<\/h2>\n<p>Die 18 L\u00f6cher mit PAR 72 des 6.397 Meter langen Parcours sind von Bunkern, Wasserhindernissen und zahlreichen Fairways gut gesch\u00fctzt. Eine \u00dcbungswiese mit doppelten Stellungen, zwei Executive-L\u00f6cher, ein Puttinggreen und ein Pitchinggreen geh\u00f6ren zur hervorragenden Ausstattung der Golfanlage. Der Boden, der das Regenwasser ausgezeichnet ableitet, macht den Golfplatz bei jedem Wetter und zu jeder Jahreszeit bespielbar.<\/p>\n<p>Ein Urlaub im Gr\u00fcnen: Das Golf House Jesolo ist das zauberhafte G\u00e4stehaus vom Golf Jesolo. Alle Appartements mit Blick auf den Green verf\u00fcgen \u00fcber einen geschmackvoll eingerichteten Wohnbereich, ein ger\u00e4umiges Schlafzimmer und ein gro\u00dfz\u00fcgiges Badezimmer.<\/p>\n<h2>Golf Jesolo, a green oasis a few steps from the beach<\/h2>\n<p>The 18 PAR 72 holes of the 6,397 metre course are well protected by bunkers, water hazards and numerous fairways. The golf course&#8217;s excellent facilities include a practice meadow with double pitches, two executive holes, a putting green and a pitching green. The soil, which drains rainwater perfectly, makes the golf course playable in any weather and at any time of year.<\/p>\n<p>A holiday in the countryside: Golf House Jesolo is the enchanting guest house of Golf Jesolo. All flats with a view of the green have a tastefully furnished living area, a spacious bedroom and a large bathroom.<\/p>\n","protected":false},"excerpt":{"rendered":"<p>Golf Jesolo, eine gr\u00fcne Oase ein paar Schritte vom Strand entfernt Die 18 L\u00f6cher mit PAR 72 des 6.397 Meter langen Parcours sind von Bunkern, Wasserhindernissen und zahlreichen Fairways gut gesch\u00fctzt. Eine \u00dcbungswiese mit doppelten Stellungen, zwei Executive-L\u00f6cher, ein Puttinggreen und ein Pitchinggreen geh\u00f6ren zur hervorragenden Ausstattung der Golfanlage. Der Boden, der das Regenwasser ausgezeichnet [&hellip;]<\/p>\n","protected":false},"author":1,"featured_media":0,"parent":1657,"menu_order":85,"comment_status":"closed","ping_status":"closed","template":"page-partner.php","meta":{"_acf_changed":false,"footnotes":""},"class_list":["post-1123","page","type-page","status-publish","hentry"],"acf":{"partner_infobox":"<strong>Adresse:<\/strong>Via St.Andrews 2 (Eingang: Via Grassetto), I-30016 Lido di Jesolo (VE)\r\n\r\n<strong>Tel:\u00a0<\/strong>+39 0421 372862\r\n\r\n<strong>Fax:\u00a0<\/strong>+39 0421 377498\r\n\r\n<strong>Web: <\/strong><a href=\"http:\/\/www.golfjesolo.it\" target=\"_blank\" rel=\"nofollow noopener\">www.golfjesolo.it<\/a>\r\n\r\n<strong>E-Mail:<\/strong> <a href=\"mailto:segreteria@golfjesolo.it\">segreteria@golfjesolo.it<\/a>\r\n\r\n<strong>Spielbahnen\/Par: <\/strong>18 + 2\/72\r\n\r\n<strong>La\u0308nge: <\/strong>gelb: 5.997m, rot: 5.173m\r\n\r\n<em><strong>Bedingungen:\r\n<\/strong>GS nicht einl\u00f6sbar von 15. Mai - 15. September, sonst von MO-DO (ausgenommen Feiertage)<\/em>\r\n\r\n<strong>Anfahrt:\r\n<\/strong>Von Mailand\/Brenner: Autobahn A4 - Umgehungsstra\u00dfe Mestre - Ausfagrt Tessere\/Jesolo - Lido di Jesolo Zona Ovest. Von Tarvisio, Udine, Triest: Autobahn-Ausfahrt Noventa die Piave, weiter Richtung Lido di Jesolo Zona Ovest.","partner_logo":3434,"partner_gallery":[47521,47519,47523,48420,47525,1121],"partner_lat":45.504257,"partner_long":12.607767,"partner_type":"golfclub","partner_openings":["1","2","3","4","5","6","7"],"montag_von_bis":"00:00 - 24:00","dienstag_von_bis":"00:00 - 24:00","mittwoch_von_bis":"00:00 - 24:00","donnerstag_von_bis":"00:00 - 24:00","freitag_von_bis":"00:00 - 24:00","samstag_von_bis":"00:00 - 24:00","sonntag_von_bis":"00:00 - 24:00","partner_adresse":"Via St.Andrews 2 (Eingang: Via Grassetto), 30016 Lido di Jesolo (VE)","partner_land_bundesland":"Italien","partner_tel_1":"0039 0421 377498","partner_tel_2":"0039 0421 372862","partner_web":"http:\/\/www.golfjesolo.it","partner_mail":"segreteria@golfclubjesolo.it","partner_spielbahnen_par":"18 + 2\/72","partner_laenge":"gelb: 5.997m, rot: 5.173m","partner_bedingungen":"","partner_anfahrt":"Von Mailand\/Brenner: Autobahn A4 - Umgehungsstra\u00dfe Mestre - Ausfagrt Tessere\/Jesolo - Lido di Jesolo Zona Ovest. Von Tarvisio, Udine, Triest: Autobahn-Ausfahrt Noventa die Piave, weiter Richtung Lido di Jesolo Zona Ovest.","partner_misc":null,"additional_css_classes":""},"yoast_head":"<!-- This site is optimized with the Yoast SEO plugin v26.8 - https:\/\/yoast.com\/product\/yoast-seo-wordpress\/ -->\n<title>GC Jesolo - Fairway 2 Hotel<\/title>\n<meta name=\"robots\" content=\"index, follow, max-snippet:-1, max-image-preview:large, max-video-preview:-1\" \/>\n<link rel=\"canonical\" href=\"https:\/\/fairway2hotel.at\/cs\/golfclubs\/italien\/golfcub-jesolo\/\" \/>\n<meta property=\"og:locale\" content=\"cs_CZ\" \/>\n<meta property=\"og:type\" content=\"article\" \/>\n<meta property=\"og:title\" content=\"GC Jesolo - Fairway 2 Hotel\" \/>\n<meta property=\"og:description\" content=\"Golf Jesolo, eine gr\u00fcne Oase ein paar Schritte vom Strand entfernt Die 18 L\u00f6cher mit PAR 72 des 6.397 Meter langen Parcours sind von Bunkern, Wasserhindernissen und zahlreichen Fairways gut gesch\u00fctzt. Eine \u00dcbungswiese mit doppelten Stellungen, zwei Executive-L\u00f6cher, ein Puttinggreen und ein Pitchinggreen geh\u00f6ren zur hervorragenden Ausstattung der Golfanlage. Der Boden, der das Regenwasser ausgezeichnet [&hellip;]\" \/>\n<meta property=\"og:url\" content=\"https:\/\/fairway2hotel.at\/cs\/golfclubs\/italien\/golfcub-jesolo\/\" \/>\n<meta property=\"og:site_name\" content=\"Fairway 2 Hotel\" \/>\n<meta property=\"article:modified_time\" content=\"2025-05-15T12:01:41+00:00\" \/>\n<meta name=\"twitter:card\" content=\"summary_large_image\" \/>\n<meta name=\"twitter:label1\" content=\"Odhadovan\u00e1 doba \u010dten\u00ed\" \/>\n\t<meta name=\"twitter:data1\" content=\"2 minuty\" \/>\n<script type=\"application\/ld+json\" class=\"yoast-schema-graph\">{\"@context\":\"https:\/\/schema.org\",\"@graph\":[{\"@type\":\"WebPage\",\"@id\":\"https:\/\/fairway2hotel.at\/cs\/golfclubs\/italien\/golfcub-jesolo\/\",\"url\":\"https:\/\/fairway2hotel.at\/cs\/golfclubs\/italien\/golfcub-jesolo\/\",\"name\":\"GC Jesolo - Fairway 2 Hotel\",\"isPartOf\":{\"@id\":\"https:\/\/fairway2hotel.at\/cs\/#website\"},\"datePublished\":\"2014-10-23T12:06:19+00:00\",\"dateModified\":\"2025-05-15T12:01:41+00:00\",\"breadcrumb\":{\"@id\":\"https:\/\/fairway2hotel.at\/cs\/golfclubs\/italien\/golfcub-jesolo\/#breadcrumb\"},\"inLanguage\":\"cs\",\"potentialAction\":[{\"@type\":\"ReadAction\",\"target\":[\"https:\/\/fairway2hotel.at\/cs\/golfclubs\/italien\/golfcub-jesolo\/\"]}]},{\"@type\":\"BreadcrumbList\",\"@id\":\"https:\/\/fairway2hotel.at\/cs\/golfclubs\/italien\/golfcub-jesolo\/#breadcrumb\",\"itemListElement\":[{\"@type\":\"ListItem\",\"position\":1,\"name\":\"Home\",\"item\":\"https:\/\/fairway2hotel.at\/cs\/\"},{\"@type\":\"ListItem\",\"position\":2,\"name\":\"Golfclubs\",\"item\":\"https:\/\/fairway2hotel.at\/cs\/golfclubs\/\"},{\"@type\":\"ListItem\",\"position\":3,\"name\":\"Golfclubs Italien\",\"item\":\"https:\/\/fairway2hotel.at\/cs\/golfclubs\/italien\/\"},{\"@type\":\"ListItem\",\"position\":4,\"name\":\"GC Jesolo\"}]},{\"@type\":\"WebSite\",\"@id\":\"https:\/\/fairway2hotel.at\/cs\/#website\",\"url\":\"https:\/\/fairway2hotel.at\/cs\/\",\"name\":\"Fairway 2 Hotel\",\"description\":\"Golf zum halben Preis! 2 spielen - 1 zahlt\",\"potentialAction\":[{\"@type\":\"SearchAction\",\"target\":{\"@type\":\"EntryPoint\",\"urlTemplate\":\"https:\/\/fairway2hotel.at\/cs\/?s={search_term_string}\"},\"query-input\":{\"@type\":\"PropertyValueSpecification\",\"valueRequired\":true,\"valueName\":\"search_term_string\"}}],\"inLanguage\":\"cs\"}]}<\/script>\n<!-- \/ Yoast SEO plugin. -->","yoast_head_json":{"title":"GC Jesolo - Fairway 2 Hotel","robots":{"index":"index","follow":"follow","max-snippet":"max-snippet:-1","max-image-preview":"max-image-preview:large","max-video-preview":"max-video-preview:-1"},"canonical":"https:\/\/fairway2hotel.at\/cs\/golfclubs\/italien\/golfcub-jesolo\/","og_locale":"cs_CZ","og_type":"article","og_title":"GC Jesolo - Fairway 2 Hotel","og_description":"Golf Jesolo, eine gr\u00fcne Oase ein paar Schritte vom Strand entfernt Die 18 L\u00f6cher mit PAR 72 des 6.397 Meter langen Parcours sind von Bunkern, Wasserhindernissen und zahlreichen Fairways gut gesch\u00fctzt. Eine \u00dcbungswiese mit doppelten Stellungen, zwei Executive-L\u00f6cher, ein Puttinggreen und ein Pitchinggreen geh\u00f6ren zur hervorragenden Ausstattung der Golfanlage. Der Boden, der das Regenwasser ausgezeichnet [&hellip;]","og_url":"https:\/\/fairway2hotel.at\/cs\/golfclubs\/italien\/golfcub-jesolo\/","og_site_name":"Fairway 2 Hotel","article_modified_time":"2025-05-15T12:01:41+00:00","twitter_card":"summary_large_image","twitter_misc":{"Odhadovan\u00e1 doba \u010dten\u00ed":"2 minuty"},"schema":{"@context":"https:\/\/schema.org","@graph":[{"@type":"WebPage","@id":"https:\/\/fairway2hotel.at\/cs\/golfclubs\/italien\/golfcub-jesolo\/","url":"https:\/\/fairway2hotel.at\/cs\/golfclubs\/italien\/golfcub-jesolo\/","name":"GC Jesolo - Fairway 2 Hotel","isPartOf":{"@id":"https:\/\/fairway2hotel.at\/cs\/#website"},"datePublished":"2014-10-23T12:06:19+00:00","dateModified":"2025-05-15T12:01:41+00:00","breadcrumb":{"@id":"https:\/\/fairway2hotel.at\/cs\/golfclubs\/italien\/golfcub-jesolo\/#breadcrumb"},"inLanguage":"cs","potentialAction":[{"@type":"ReadAction","target":["https:\/\/fairway2hotel.at\/cs\/golfclubs\/italien\/golfcub-jesolo\/"]}]},{"@type":"BreadcrumbList","@id":"https:\/\/fairway2hotel.at\/cs\/golfclubs\/italien\/golfcub-jesolo\/#breadcrumb","itemListElement":[{"@type":"ListItem","position":1,"name":"Home","item":"https:\/\/fairway2hotel.at\/cs\/"},{"@type":"ListItem","position":2,"name":"Golfclubs","item":"https:\/\/fairway2hotel.at\/cs\/golfclubs\/"},{"@type":"ListItem","position":3,"name":"Golfclubs Italien","item":"https:\/\/fairway2hotel.at\/cs\/golfclubs\/italien\/"},{"@type":"ListItem","position":4,"name":"GC Jesolo"}]},{"@type":"WebSite","@id":"https:\/\/fairway2hotel.at\/cs\/#website","url":"https:\/\/fairway2hotel.at\/cs\/","name":"Fairway 2 Hotel","description":"Golf zum halben Preis! 2 spielen - 1 zahlt","potentialAction":[{"@type":"SearchAction","target":{"@type":"EntryPoint","urlTemplate":"https:\/\/fairway2hotel.at\/cs\/?s={search_term_string}"},"query-input":{"@type":"PropertyValueSpecification","valueRequired":true,"valueName":"search_term_string"}}],"inLanguage":"cs"}]}},"_links":{"self":[{"href":"https:\/\/fairway2hotel.at\/cs\/wp-json\/wp\/v2\/pages\/1123","targetHints":{"allow":["GET"]}}],"collection":[{"href":"https:\/\/fairway2hotel.at\/cs\/wp-json\/wp\/v2\/pages"}],"about":[{"href":"https:\/\/fairway2hotel.at\/cs\/wp-json\/wp\/v2\/types\/page"}],"author":[{"embeddable":true,"href":"https:\/\/fairway2hotel.at\/cs\/wp-json\/wp\/v2\/users\/1"}],"replies":[{"embeddable":true,"href":"https:\/\/fairway2hotel.at\/cs\/wp-json\/wp\/v2\/comments?post=1123"}],"version-history":[{"count":13,"href":"https:\/\/fairway2hotel.at\/cs\/wp-json\/wp\/v2\/pages\/1123\/revisions"}],"predecessor-version":[{"id":48422,"href":"https:\/\/fairway2hotel.at\/cs\/wp-json\/wp\/v2\/pages\/1123\/revisions\/48422"}],"up":[{"embeddable":true,"href":"https:\/\/fairway2hotel.at\/cs\/wp-json\/wp\/v2\/pages\/1657"}],"acf:attachment":[{"embeddable":true,"href":"https:\/\/fairway2hotel.at\/cs\/wp-json\/wp\/v2\/media\/1121"},{"embeddable":true,"href":"https:\/\/fairway2hotel.at\/cs\/wp-json\/wp\/v2\/media\/47525"},{"embeddable":true,"href":"https:\/\/fairway2hotel.at\/cs\/wp-json\/wp\/v2\/media\/48420"},{"embeddable":true,"href":"https:\/\/fairway2hotel.at\/cs\/wp-json\/wp\/v2\/media\/47523"},{"embeddable":true,"href":"https:\/\/fairway2hotel.at\/cs\/wp-json\/wp\/v2\/media\/47519"},{"embeddable":true,"href":"https:\/\/fairway2hotel.at\/cs\/wp-json\/wp\/v2\/media\/47521"}],"wp:attachment":[{"href":"https:\/\/fairway2hotel.at\/cs\/wp-json\/wp\/v2\/media?parent=1123"}],"curies":[{"name":"wp","href":"https:\/\/api.w.org\/{rel}","templated":true}]}}