{"id":1134,"date":"2014-10-23T14:08:24","date_gmt":"2014-10-23T12:08:24","guid":{"rendered":"https:\/\/f2h.app\/golf-senza-confini\/"},"modified":"2026-02-05T10:37:20","modified_gmt":"2026-02-05T09:37:20","slug":"golf-senza-confini","status":"publish","type":"page","link":"https:\/\/fairway2hotel.at\/cs\/golfclubs\/italien\/golf-senza-confini\/","title":{"rendered":"GC Senza Confini Tarvisio"},"content":{"rendered":"<h2>Grenzenloses Golfvergn\u00fcgen im Dreil\u00e4ndereck<\/h2>\n<p>Der 18-Loch-Golfplatz liegt in einzigartiger Lage im Dreil\u00e4ndereck von Friaul, K\u00e4rnten und Slowenien. Hier verbinden sich Natur, Sport und Kulinarik auf besondere Weise. Umgeben von einer beeindruckenden Bergkulisse und unber\u00fchrter Natur wird jede Golfrunde zu einem besonderen Erlebnis. Das Golf Club Restaurant verw\u00f6hnt G\u00e4ste mit mediterranen K\u00f6stlichkeiten und feinen Getr\u00e4nken \u2013 ideal zum Genie\u00dfen mitten im Gr\u00fcnen.<\/p>\n<h2>Unlimited golfing fun in the border triangle<\/h2>\n<p>The 18-hole golf course is uniquely located in the border triangle of Friuli, Carinthia, and Slovenia. Here, nature, sport, and cuisine come together in a special way. Surrounded by impressive mountain scenery and unspoiled nature, every round of golf becomes a special experience. The Golf Club Restaurant spoils guests with Mediterranean delicacies and fine drinks \u2013 ideal for enjoying in the midst of greenery.<\/p>\n<p>&nbsp;<\/p>\n","protected":false},"excerpt":{"rendered":"<p>Grenzenloses Golfvergn\u00fcgen im Dreil\u00e4ndereck Der 18-Loch-Golfplatz liegt in einzigartiger Lage im Dreil\u00e4ndereck von Friaul, K\u00e4rnten und Slowenien. Hier verbinden sich Natur, Sport und Kulinarik auf besondere Weise. Umgeben von einer beeindruckenden Bergkulisse und unber\u00fchrter Natur wird jede Golfrunde zu einem besonderen Erlebnis. Das Golf Club Restaurant verw\u00f6hnt G\u00e4ste mit mediterranen K\u00f6stlichkeiten und feinen Getr\u00e4nken \u2013 [&hellip;]<\/p>\n","protected":false},"author":1,"featured_media":0,"parent":1657,"menu_order":125,"comment_status":"closed","ping_status":"closed","template":"page-partner.php","meta":{"_acf_changed":false,"footnotes":""},"class_list":["post-1134","page","type-page","status-publish","hentry"],"acf":{"partner_infobox":"<strong>Adresse:\u00a0<\/strong>Via Priesnig 5, 33018 Tarvisio \/ Italia\r\n\r\n<strong>Tel:\u00a0<\/strong>+39 0428 2047\r\n\r\n<strong>Fax:\u00a0<\/strong>+39 0428 2047\r\n\r\n<strong>Web: <\/strong><a href=\"http:\/\/www.golfsenzaconfini.com\" target=\"_blank\" rel=\"nofollow noopener noreferrer\">www.golfsenzaconfini.com<\/a>\r\n\r\n<strong>E-Mail:<\/strong> <a href=\"mailto:office@golfsenzaconfini.com\">office@golfsenzaconfini.com<\/a>\r\n\r\n<strong>Spielbahnen\/Par: <\/strong>18\/70\r\n\r\n<strong>La\u0308nge:\r\n<\/strong>gelb: 5.263m \/ rot: 4.431m \/ gr\u00fcn: 4.594m \/ orange: 4.012m\r\n\r\n<strong>Anfahrt:\r\n<\/strong>A23 Alpe Adria, Ausfahrt Tarvisio. Hinweise Richtung Stadtzentrum. Nach 2km Anzeige nach rechts.","partner_logo":47458,"partner_gallery":[3697,52520,52521,52538],"partner_lat":46.498373,"partner_long":13.584613,"partner_type":"golfclub","partner_openings":["1","2","3","4","5","6","7"],"montag_von_bis":"00:00 - 24:00","dienstag_von_bis":"00:00 - 24:00","mittwoch_von_bis":"00:00 - 24:00","donnerstag_von_bis":"00:00 - 24:00","freitag_von_bis":"00:00 - 24:00","samstag_von_bis":"00:00 - 24:00","sonntag_von_bis":"00:00 - 24:00","partner_adresse":"Via Priesnig 5, 33018 Tarvisio","partner_land_bundesland":"Italien","partner_tel_1":"0039 0428 2047","partner_tel_2":"0039 0428 2047","partner_web":"http:\/\/www.golfsenzaconfini.com","partner_mail":"office@golfsenzaconfini.com","partner_spielbahnen_par":"18\/70","partner_laenge":"gelb: 5.263m \/ rot: 4.431m \/ gr\u00fcn: 4.594m \/ orange: 4.012m","partner_bedingungen":"","partner_anfahrt":"A23 Alpe Adria, Ausfahrt Tarvisio. Hinweise Richtung Stadtzentrum. Nach 2km Anzeige nach rechts.","partner_misc":null,"additional_css_classes":""},"yoast_head":"<!-- This site is optimized with the Yoast SEO plugin v26.8 - https:\/\/yoast.com\/product\/yoast-seo-wordpress\/ -->\n<title>GC Senza Confini Tarvisio - Fairway 2 Hotel<\/title>\n<meta name=\"robots\" content=\"index, follow, max-snippet:-1, max-image-preview:large, max-video-preview:-1\" \/>\n<link rel=\"canonical\" href=\"https:\/\/fairway2hotel.at\/cs\/golfclubs\/italien\/golf-senza-confini\/\" \/>\n<meta property=\"og:locale\" content=\"cs_CZ\" \/>\n<meta property=\"og:type\" content=\"article\" \/>\n<meta property=\"og:title\" content=\"GC Senza Confini Tarvisio - Fairway 2 Hotel\" \/>\n<meta property=\"og:description\" content=\"Grenzenloses Golfvergn\u00fcgen im Dreil\u00e4ndereck Der 18-Loch-Golfplatz liegt in einzigartiger Lage im Dreil\u00e4ndereck von Friaul, K\u00e4rnten und Slowenien. Hier verbinden sich Natur, Sport und Kulinarik auf besondere Weise. Umgeben von einer beeindruckenden Bergkulisse und unber\u00fchrter Natur wird jede Golfrunde zu einem besonderen Erlebnis. Das Golf Club Restaurant verw\u00f6hnt G\u00e4ste mit mediterranen K\u00f6stlichkeiten und feinen Getr\u00e4nken \u2013 [&hellip;]\" \/>\n<meta property=\"og:url\" content=\"https:\/\/fairway2hotel.at\/cs\/golfclubs\/italien\/golf-senza-confini\/\" \/>\n<meta property=\"og:site_name\" content=\"Fairway 2 Hotel\" \/>\n<meta property=\"article:modified_time\" content=\"2026-02-05T09:37:20+00:00\" \/>\n<meta name=\"twitter:card\" content=\"summary_large_image\" \/>\n<meta name=\"twitter:label1\" content=\"Odhadovan\u00e1 doba \u010dten\u00ed\" \/>\n\t<meta name=\"twitter:data1\" content=\"1 minuta\" \/>\n<script type=\"application\/ld+json\" class=\"yoast-schema-graph\">{\"@context\":\"https:\/\/schema.org\",\"@graph\":[{\"@type\":\"WebPage\",\"@id\":\"https:\/\/fairway2hotel.at\/cs\/golfclubs\/italien\/golf-senza-confini\/\",\"url\":\"https:\/\/fairway2hotel.at\/cs\/golfclubs\/italien\/golf-senza-confini\/\",\"name\":\"GC Senza Confini Tarvisio - Fairway 2 Hotel\",\"isPartOf\":{\"@id\":\"https:\/\/fairway2hotel.at\/cs\/#website\"},\"datePublished\":\"2014-10-23T12:08:24+00:00\",\"dateModified\":\"2026-02-05T09:37:20+00:00\",\"breadcrumb\":{\"@id\":\"https:\/\/fairway2hotel.at\/cs\/golfclubs\/italien\/golf-senza-confini\/#breadcrumb\"},\"inLanguage\":\"cs\",\"potentialAction\":[{\"@type\":\"ReadAction\",\"target\":[\"https:\/\/fairway2hotel.at\/cs\/golfclubs\/italien\/golf-senza-confini\/\"]}]},{\"@type\":\"BreadcrumbList\",\"@id\":\"https:\/\/fairway2hotel.at\/cs\/golfclubs\/italien\/golf-senza-confini\/#breadcrumb\",\"itemListElement\":[{\"@type\":\"ListItem\",\"position\":1,\"name\":\"Home\",\"item\":\"https:\/\/fairway2hotel.at\/cs\/\"},{\"@type\":\"ListItem\",\"position\":2,\"name\":\"Golfclubs\",\"item\":\"https:\/\/fairway2hotel.at\/cs\/golfclubs\/\"},{\"@type\":\"ListItem\",\"position\":3,\"name\":\"Golfclubs Italien\",\"item\":\"https:\/\/fairway2hotel.at\/cs\/golfclubs\/italien\/\"},{\"@type\":\"ListItem\",\"position\":4,\"name\":\"GC Senza Confini Tarvisio\"}]},{\"@type\":\"WebSite\",\"@id\":\"https:\/\/fairway2hotel.at\/cs\/#website\",\"url\":\"https:\/\/fairway2hotel.at\/cs\/\",\"name\":\"Fairway 2 Hotel\",\"description\":\"Golf zum halben Preis! 2 spielen - 1 zahlt\",\"potentialAction\":[{\"@type\":\"SearchAction\",\"target\":{\"@type\":\"EntryPoint\",\"urlTemplate\":\"https:\/\/fairway2hotel.at\/cs\/?s={search_term_string}\"},\"query-input\":{\"@type\":\"PropertyValueSpecification\",\"valueRequired\":true,\"valueName\":\"search_term_string\"}}],\"inLanguage\":\"cs\"}]}<\/script>\n<!-- \/ Yoast SEO plugin. -->","yoast_head_json":{"title":"GC Senza Confini Tarvisio - Fairway 2 Hotel","robots":{"index":"index","follow":"follow","max-snippet":"max-snippet:-1","max-image-preview":"max-image-preview:large","max-video-preview":"max-video-preview:-1"},"canonical":"https:\/\/fairway2hotel.at\/cs\/golfclubs\/italien\/golf-senza-confini\/","og_locale":"cs_CZ","og_type":"article","og_title":"GC Senza Confini Tarvisio - Fairway 2 Hotel","og_description":"Grenzenloses Golfvergn\u00fcgen im Dreil\u00e4ndereck Der 18-Loch-Golfplatz liegt in einzigartiger Lage im Dreil\u00e4ndereck von Friaul, K\u00e4rnten und Slowenien. Hier verbinden sich Natur, Sport und Kulinarik auf besondere Weise. Umgeben von einer beeindruckenden Bergkulisse und unber\u00fchrter Natur wird jede Golfrunde zu einem besonderen Erlebnis. Das Golf Club Restaurant verw\u00f6hnt G\u00e4ste mit mediterranen K\u00f6stlichkeiten und feinen Getr\u00e4nken \u2013 [&hellip;]","og_url":"https:\/\/fairway2hotel.at\/cs\/golfclubs\/italien\/golf-senza-confini\/","og_site_name":"Fairway 2 Hotel","article_modified_time":"2026-02-05T09:37:20+00:00","twitter_card":"summary_large_image","twitter_misc":{"Odhadovan\u00e1 doba \u010dten\u00ed":"1 minuta"},"schema":{"@context":"https:\/\/schema.org","@graph":[{"@type":"WebPage","@id":"https:\/\/fairway2hotel.at\/cs\/golfclubs\/italien\/golf-senza-confini\/","url":"https:\/\/fairway2hotel.at\/cs\/golfclubs\/italien\/golf-senza-confini\/","name":"GC Senza Confini Tarvisio - Fairway 2 Hotel","isPartOf":{"@id":"https:\/\/fairway2hotel.at\/cs\/#website"},"datePublished":"2014-10-23T12:08:24+00:00","dateModified":"2026-02-05T09:37:20+00:00","breadcrumb":{"@id":"https:\/\/fairway2hotel.at\/cs\/golfclubs\/italien\/golf-senza-confini\/#breadcrumb"},"inLanguage":"cs","potentialAction":[{"@type":"ReadAction","target":["https:\/\/fairway2hotel.at\/cs\/golfclubs\/italien\/golf-senza-confini\/"]}]},{"@type":"BreadcrumbList","@id":"https:\/\/fairway2hotel.at\/cs\/golfclubs\/italien\/golf-senza-confini\/#breadcrumb","itemListElement":[{"@type":"ListItem","position":1,"name":"Home","item":"https:\/\/fairway2hotel.at\/cs\/"},{"@type":"ListItem","position":2,"name":"Golfclubs","item":"https:\/\/fairway2hotel.at\/cs\/golfclubs\/"},{"@type":"ListItem","position":3,"name":"Golfclubs Italien","item":"https:\/\/fairway2hotel.at\/cs\/golfclubs\/italien\/"},{"@type":"ListItem","position":4,"name":"GC Senza Confini Tarvisio"}]},{"@type":"WebSite","@id":"https:\/\/fairway2hotel.at\/cs\/#website","url":"https:\/\/fairway2hotel.at\/cs\/","name":"Fairway 2 Hotel","description":"Golf zum halben Preis! 2 spielen - 1 zahlt","potentialAction":[{"@type":"SearchAction","target":{"@type":"EntryPoint","urlTemplate":"https:\/\/fairway2hotel.at\/cs\/?s={search_term_string}"},"query-input":{"@type":"PropertyValueSpecification","valueRequired":true,"valueName":"search_term_string"}}],"inLanguage":"cs"}]}},"_links":{"self":[{"href":"https:\/\/fairway2hotel.at\/cs\/wp-json\/wp\/v2\/pages\/1134","targetHints":{"allow":["GET"]}}],"collection":[{"href":"https:\/\/fairway2hotel.at\/cs\/wp-json\/wp\/v2\/pages"}],"about":[{"href":"https:\/\/fairway2hotel.at\/cs\/wp-json\/wp\/v2\/types\/page"}],"author":[{"embeddable":true,"href":"https:\/\/fairway2hotel.at\/cs\/wp-json\/wp\/v2\/users\/1"}],"replies":[{"embeddable":true,"href":"https:\/\/fairway2hotel.at\/cs\/wp-json\/wp\/v2\/comments?post=1134"}],"version-history":[{"count":18,"href":"https:\/\/fairway2hotel.at\/cs\/wp-json\/wp\/v2\/pages\/1134\/revisions"}],"predecessor-version":[{"id":52548,"href":"https:\/\/fairway2hotel.at\/cs\/wp-json\/wp\/v2\/pages\/1134\/revisions\/52548"}],"up":[{"embeddable":true,"href":"https:\/\/fairway2hotel.at\/cs\/wp-json\/wp\/v2\/pages\/1657"}],"acf:attachment":[{"embeddable":true,"href":"https:\/\/fairway2hotel.at\/cs\/wp-json\/wp\/v2\/media\/52538"},{"embeddable":true,"href":"https:\/\/fairway2hotel.at\/cs\/wp-json\/wp\/v2\/media\/52521"},{"embeddable":true,"href":"https:\/\/fairway2hotel.at\/cs\/wp-json\/wp\/v2\/media\/52520"},{"embeddable":true,"href":"https:\/\/fairway2hotel.at\/cs\/wp-json\/wp\/v2\/media\/3697"}],"wp:attachment":[{"href":"https:\/\/fairway2hotel.at\/cs\/wp-json\/wp\/v2\/media?parent=1134"}],"curies":[{"name":"wp","href":"https:\/\/api.w.org\/{rel}","templated":true}]}}