{"id":1137,"date":"2014-10-23T14:09:09","date_gmt":"2014-10-23T12:09:09","guid":{"rendered":"https:\/\/f2h.app\/villa-paradiso-golfclub\/"},"modified":"2025-04-05T16:43:10","modified_gmt":"2025-04-05T14:43:10","slug":"villa-paradiso-golfclub","status":"publish","type":"page","link":"https:\/\/fairway2hotel.at\/cs\/golfclubs\/italien\/villa-paradiso-golfclub\/","title":{"rendered":"GC Villa Paradiso"},"content":{"rendered":"<h2>Eine aufregende Reise, wo die Zeit eine andere Dimension annimmt<\/h2>\n<p>Inmitten des Adda Naturparkes gelegen, raubt der 80 Hektar gro\u00dfe Villa Paradiso Golf Club jedem Spieler, der herkommt, den Atem. Nur 20 Minuten von Mailand und Bergamo gelegen, erwarten die G\u00e4ste eine Oase der Ruhe und Geborgenheit, eine perfekte Mischung von Sport und Natur bei uns. Der bekannte Designer Franco Piras schuf hier auf 6612 Metern einen 18-Loch Championship-Kurs, der auf Grund von der Pr\u00e4senz von 5 gro\u00dfen Seen und verschiedenen Hindernissen wie Bunkern und kleinen Wassern jedem Spieler h\u00f6chste Pr\u00e4zision abverlangt. Trotzdem werden auch nicht so gute Spieler keine Probleme haben, 5 Teeboxen sorgen f\u00fcr jedes Handicap daf\u00fcr, dass die Freude am Spiel im Vordergrund bleibt.<\/p>\n<h2>An exciting journey where time takes on a different dimension<\/h2>\n<p>Located in the heart of the Adda Nature Park, the 80-hectare Villa Paradiso Golf Club takes the breath away of every player who comes here. Located just 20 minutes from Milan and Bergamo, guests can expect an oasis of peace and tranquillity, a perfect blend of sport and nature. The well-known designer Franco Piras created an 18-hole championship course here at 6612 metres, which demands the highest precision from every player due to the presence of 5 large lakes and various obstacles such as bunkers and small bodies of water. Nevertheless, even less experienced players will have no problems, with 5 tee boxes for every handicap ensuring that the enjoyment of the game remains in the foreground.<\/p>\n","protected":false},"excerpt":{"rendered":"<p>Eine aufregende Reise, wo die Zeit eine andere Dimension annimmt Inmitten des Adda Naturparkes gelegen, raubt der 80 Hektar gro\u00dfe Villa Paradiso Golf Club jedem Spieler, der herkommt, den Atem. Nur 20 Minuten von Mailand und Bergamo gelegen, erwarten die G\u00e4ste eine Oase der Ruhe und Geborgenheit, eine perfekte Mischung von Sport und Natur bei [&hellip;]<\/p>\n","protected":false},"author":1,"featured_media":0,"parent":1657,"menu_order":145,"comment_status":"closed","ping_status":"closed","template":"page-partner.php","meta":{"_acf_changed":false,"footnotes":""},"class_list":["post-1137","page","type-page","status-publish","hentry"],"acf":{"partner_infobox":"<strong>Adresse:\u00a0<\/strong>Via Villa Paradiso 12\/A, I-20872 Cornate D'Adda (MB)\r\n\r\n<strong>Tel:\u00a0<\/strong>+39 039 6887124\r\n\r\n<strong>Web: <\/strong><a href=\"http:\/\/www.villaparadisogolf.it\">www.villaparadisogolf.it<\/a>\r\n\r\n<strong>E-Mail:<\/strong> <a href=\"mailto:segreteria@villaparadisogolf.it\">segreteria@villaparadisogolf.it <\/a>\r\n\r\n<strong>Spielbahnen\/Par: <\/strong>18 + 9\/72\r\n\r\n<strong>La\u0308nge: <\/strong>gelb: 6.223m \/ rot: 5.509 m\r\n\r\n<strong>Bedingungen:\r\n<\/strong>GS gelten von MO bis FR, ausgenommen Feiertage.\r\n\r\n<strong>Anfahrt:\r\n<\/strong>MI-VE Autobahna -Ausfahrt Trezzo sull\u2019Adda. im Kreisverkehr Richtung Vimercate, umdrehen bei der IP Tankstelle Richtung Colnago","partner_logo":1136,"partner_gallery":[1135,47642,47644],"partner_lat":45.645954,"partner_long":9.490147,"partner_type":"golfclub","partner_openings":["1","2","3","4","5"],"montag_von_bis":"00:00 - 24:00","dienstag_von_bis":"00:00 - 24:00","mittwoch_von_bis":"00:00 - 24:00","donnerstag_von_bis":"00:00 - 24:00","freitag_von_bis":"00:00 - 24:00","samstag_von_bis":"00:00 - 24:00","sonntag_von_bis":"00:00 - 24:00","partner_adresse":"Via Villa Paradiso 12\/A, 20872 Cornate D'Adda (MB)","partner_land_bundesland":"Italien","partner_tel_1":"","partner_tel_2":"0039 039 6887124","partner_web":"http:\/\/www.villaparadisogolf.it","partner_mail":"segreteria@villaparadisogolf.it","partner_spielbahnen_par":"18 + 9\/72","partner_laenge":"gelb: 6.223m \/ rot: 5.509 m","partner_bedingungen":"GS gelten von MO bis FR, ausgenommen Feiertage.\r\nvouchers are valid from Mon - Fri, excluding public holidays.","partner_anfahrt":"MI-VE Autobahna -Ausfahrt Trezzo sull\u2019Adda. im Kreisverkehr Richtung Vimercate, umdrehen bei der IP Tankstelle Richtung Colnago","partner_misc":null,"additional_css_classes":""},"yoast_head":"<!-- This site is optimized with the Yoast SEO plugin v26.8 - https:\/\/yoast.com\/product\/yoast-seo-wordpress\/ -->\n<title>GC Villa Paradiso - Fairway 2 Hotel<\/title>\n<meta name=\"robots\" content=\"index, follow, max-snippet:-1, max-image-preview:large, max-video-preview:-1\" \/>\n<link rel=\"canonical\" href=\"https:\/\/fairway2hotel.at\/cs\/golfclubs\/italien\/villa-paradiso-golfclub\/\" \/>\n<meta property=\"og:locale\" content=\"cs_CZ\" \/>\n<meta property=\"og:type\" content=\"article\" \/>\n<meta property=\"og:title\" content=\"GC Villa Paradiso - Fairway 2 Hotel\" \/>\n<meta property=\"og:description\" content=\"Eine aufregende Reise, wo die Zeit eine andere Dimension annimmt Inmitten des Adda Naturparkes gelegen, raubt der 80 Hektar gro\u00dfe Villa Paradiso Golf Club jedem Spieler, der herkommt, den Atem. Nur 20 Minuten von Mailand und Bergamo gelegen, erwarten die G\u00e4ste eine Oase der Ruhe und Geborgenheit, eine perfekte Mischung von Sport und Natur bei [&hellip;]\" \/>\n<meta property=\"og:url\" content=\"https:\/\/fairway2hotel.at\/cs\/golfclubs\/italien\/villa-paradiso-golfclub\/\" \/>\n<meta property=\"og:site_name\" content=\"Fairway 2 Hotel\" \/>\n<meta property=\"article:modified_time\" content=\"2025-04-05T14:43:10+00:00\" \/>\n<meta name=\"twitter:card\" content=\"summary_large_image\" \/>\n<meta name=\"twitter:label1\" content=\"Odhadovan\u00e1 doba \u010dten\u00ed\" \/>\n\t<meta name=\"twitter:data1\" content=\"2 minuty\" \/>\n<script type=\"application\/ld+json\" class=\"yoast-schema-graph\">{\"@context\":\"https:\/\/schema.org\",\"@graph\":[{\"@type\":\"WebPage\",\"@id\":\"https:\/\/fairway2hotel.at\/cs\/golfclubs\/italien\/villa-paradiso-golfclub\/\",\"url\":\"https:\/\/fairway2hotel.at\/cs\/golfclubs\/italien\/villa-paradiso-golfclub\/\",\"name\":\"GC Villa Paradiso - Fairway 2 Hotel\",\"isPartOf\":{\"@id\":\"https:\/\/fairway2hotel.at\/cs\/#website\"},\"datePublished\":\"2014-10-23T12:09:09+00:00\",\"dateModified\":\"2025-04-05T14:43:10+00:00\",\"breadcrumb\":{\"@id\":\"https:\/\/fairway2hotel.at\/cs\/golfclubs\/italien\/villa-paradiso-golfclub\/#breadcrumb\"},\"inLanguage\":\"cs\",\"potentialAction\":[{\"@type\":\"ReadAction\",\"target\":[\"https:\/\/fairway2hotel.at\/cs\/golfclubs\/italien\/villa-paradiso-golfclub\/\"]}]},{\"@type\":\"BreadcrumbList\",\"@id\":\"https:\/\/fairway2hotel.at\/cs\/golfclubs\/italien\/villa-paradiso-golfclub\/#breadcrumb\",\"itemListElement\":[{\"@type\":\"ListItem\",\"position\":1,\"name\":\"Home\",\"item\":\"https:\/\/fairway2hotel.at\/cs\/\"},{\"@type\":\"ListItem\",\"position\":2,\"name\":\"Golfclubs\",\"item\":\"https:\/\/fairway2hotel.at\/cs\/golfclubs\/\"},{\"@type\":\"ListItem\",\"position\":3,\"name\":\"Golfclubs Italien\",\"item\":\"https:\/\/fairway2hotel.at\/cs\/golfclubs\/italien\/\"},{\"@type\":\"ListItem\",\"position\":4,\"name\":\"GC Villa Paradiso\"}]},{\"@type\":\"WebSite\",\"@id\":\"https:\/\/fairway2hotel.at\/cs\/#website\",\"url\":\"https:\/\/fairway2hotel.at\/cs\/\",\"name\":\"Fairway 2 Hotel\",\"description\":\"Golf zum halben Preis! 2 spielen - 1 zahlt\",\"potentialAction\":[{\"@type\":\"SearchAction\",\"target\":{\"@type\":\"EntryPoint\",\"urlTemplate\":\"https:\/\/fairway2hotel.at\/cs\/?s={search_term_string}\"},\"query-input\":{\"@type\":\"PropertyValueSpecification\",\"valueRequired\":true,\"valueName\":\"search_term_string\"}}],\"inLanguage\":\"cs\"}]}<\/script>\n<!-- \/ Yoast SEO plugin. -->","yoast_head_json":{"title":"GC Villa Paradiso - Fairway 2 Hotel","robots":{"index":"index","follow":"follow","max-snippet":"max-snippet:-1","max-image-preview":"max-image-preview:large","max-video-preview":"max-video-preview:-1"},"canonical":"https:\/\/fairway2hotel.at\/cs\/golfclubs\/italien\/villa-paradiso-golfclub\/","og_locale":"cs_CZ","og_type":"article","og_title":"GC Villa Paradiso - Fairway 2 Hotel","og_description":"Eine aufregende Reise, wo die Zeit eine andere Dimension annimmt Inmitten des Adda Naturparkes gelegen, raubt der 80 Hektar gro\u00dfe Villa Paradiso Golf Club jedem Spieler, der herkommt, den Atem. Nur 20 Minuten von Mailand und Bergamo gelegen, erwarten die G\u00e4ste eine Oase der Ruhe und Geborgenheit, eine perfekte Mischung von Sport und Natur bei [&hellip;]","og_url":"https:\/\/fairway2hotel.at\/cs\/golfclubs\/italien\/villa-paradiso-golfclub\/","og_site_name":"Fairway 2 Hotel","article_modified_time":"2025-04-05T14:43:10+00:00","twitter_card":"summary_large_image","twitter_misc":{"Odhadovan\u00e1 doba \u010dten\u00ed":"2 minuty"},"schema":{"@context":"https:\/\/schema.org","@graph":[{"@type":"WebPage","@id":"https:\/\/fairway2hotel.at\/cs\/golfclubs\/italien\/villa-paradiso-golfclub\/","url":"https:\/\/fairway2hotel.at\/cs\/golfclubs\/italien\/villa-paradiso-golfclub\/","name":"GC Villa Paradiso - Fairway 2 Hotel","isPartOf":{"@id":"https:\/\/fairway2hotel.at\/cs\/#website"},"datePublished":"2014-10-23T12:09:09+00:00","dateModified":"2025-04-05T14:43:10+00:00","breadcrumb":{"@id":"https:\/\/fairway2hotel.at\/cs\/golfclubs\/italien\/villa-paradiso-golfclub\/#breadcrumb"},"inLanguage":"cs","potentialAction":[{"@type":"ReadAction","target":["https:\/\/fairway2hotel.at\/cs\/golfclubs\/italien\/villa-paradiso-golfclub\/"]}]},{"@type":"BreadcrumbList","@id":"https:\/\/fairway2hotel.at\/cs\/golfclubs\/italien\/villa-paradiso-golfclub\/#breadcrumb","itemListElement":[{"@type":"ListItem","position":1,"name":"Home","item":"https:\/\/fairway2hotel.at\/cs\/"},{"@type":"ListItem","position":2,"name":"Golfclubs","item":"https:\/\/fairway2hotel.at\/cs\/golfclubs\/"},{"@type":"ListItem","position":3,"name":"Golfclubs Italien","item":"https:\/\/fairway2hotel.at\/cs\/golfclubs\/italien\/"},{"@type":"ListItem","position":4,"name":"GC Villa Paradiso"}]},{"@type":"WebSite","@id":"https:\/\/fairway2hotel.at\/cs\/#website","url":"https:\/\/fairway2hotel.at\/cs\/","name":"Fairway 2 Hotel","description":"Golf zum halben Preis! 2 spielen - 1 zahlt","potentialAction":[{"@type":"SearchAction","target":{"@type":"EntryPoint","urlTemplate":"https:\/\/fairway2hotel.at\/cs\/?s={search_term_string}"},"query-input":{"@type":"PropertyValueSpecification","valueRequired":true,"valueName":"search_term_string"}}],"inLanguage":"cs"}]}},"_links":{"self":[{"href":"https:\/\/fairway2hotel.at\/cs\/wp-json\/wp\/v2\/pages\/1137","targetHints":{"allow":["GET"]}}],"collection":[{"href":"https:\/\/fairway2hotel.at\/cs\/wp-json\/wp\/v2\/pages"}],"about":[{"href":"https:\/\/fairway2hotel.at\/cs\/wp-json\/wp\/v2\/types\/page"}],"author":[{"embeddable":true,"href":"https:\/\/fairway2hotel.at\/cs\/wp-json\/wp\/v2\/users\/1"}],"replies":[{"embeddable":true,"href":"https:\/\/fairway2hotel.at\/cs\/wp-json\/wp\/v2\/comments?post=1137"}],"version-history":[{"count":8,"href":"https:\/\/fairway2hotel.at\/cs\/wp-json\/wp\/v2\/pages\/1137\/revisions"}],"predecessor-version":[{"id":47646,"href":"https:\/\/fairway2hotel.at\/cs\/wp-json\/wp\/v2\/pages\/1137\/revisions\/47646"}],"up":[{"embeddable":true,"href":"https:\/\/fairway2hotel.at\/cs\/wp-json\/wp\/v2\/pages\/1657"}],"acf:attachment":[{"embeddable":true,"href":"https:\/\/fairway2hotel.at\/cs\/wp-json\/wp\/v2\/media\/47644"},{"embeddable":true,"href":"https:\/\/fairway2hotel.at\/cs\/wp-json\/wp\/v2\/media\/47642"},{"embeddable":true,"href":"https:\/\/fairway2hotel.at\/cs\/wp-json\/wp\/v2\/media\/1135"}],"wp:attachment":[{"href":"https:\/\/fairway2hotel.at\/cs\/wp-json\/wp\/v2\/media?parent=1137"}],"curies":[{"name":"wp","href":"https:\/\/api.w.org\/{rel}","templated":true}]}}