{"id":1150,"date":"2014-10-23T14:19:47","date_gmt":"2014-10-23T12:19:47","guid":{"rendered":"https:\/\/f2h.app\/ambient-hotel\/"},"modified":"2025-03-14T11:22:10","modified_gmt":"2025-03-14T10:22:10","slug":"ambient-hotel","status":"publish","type":"page","link":"https:\/\/fairway2hotel.at\/cs\/hotels\/slowenien\/ambient-hotel\/","title":{"rendered":"Ambient Hotel"},"content":{"rendered":"<h2>Qualit\u00e4t und Eleganz von 4*-Hotel f\u00fcr den Preis von 3*-Hotel!<\/h2>\n<p>Das Ambient Hotel ist ein stilvolles 3-Sterne-Hotel mit 73 Zimmern in Dom\u017eale, einem ruhigen Vorort der Hauptstadt Ljubljana. Es befindet sich in der N\u00e4he von Ljubljana und dessen Umfahrungsstra\u00dfe. Von hier aus gelangen Sie schnell in die Innenstadt (15 Minuten), zum Flughafen Jo\u017ee Pu\u010dnik und\u00a0zu anderen touristischen Zielen in Slowenien\u00a0(Bled 53 km, Postojna 70 km, Kamnik \u2013\u00a0Velika Planina 15 km, Ljubljana 16 km). Der\u00a0Golfplatz Arboretum ist nur 9 km (15 Min.)\u00a0entfernt. Die Hotelzimmer sind klassisch eingerichtet und bieten verschiedene Kategorien\u00a0an (Economy und Komfort), so dass jeder\u00a0Gast eine seinen W\u00fcnschen entsprechende\u00a0Unterkunft finden kann.\u00a0Ambient Hotel bietet ein Cafe\u0301 mit Gartenterrasse, einen Thai-Massage-Salon, Sauna und Jacuzzi, kostenlose Parkpla\u0308tze beim Hotel fu\u0308r Busse und Pkw sowie kostenlosen Wi-fi-Internet-Zugang.<\/p>\n<h2>The quality and elegance of a 4* hotel for the price of a 3* hotel!<\/h2>\n<p>The Ambient Hotel is a stylish 3-star hotel with 73 rooms in Dom\u017eale, a quiet suburb of the capital city of Ljubljana. It is located close to Ljubljana and its ring road. From here you can quickly reach the city centre (15 minutes), Jo\u017ee Pu\u010dnik Airport and other tourist destinations in Slovenia (Bled 53 km, Postojna 70 km, Kamnik &#8211; Velika Planina 15 km, Ljubljana 16 km). The Arboretum golf course is only 9 km (15 min.) away. The hotel rooms are classically furnished and offer different categories (economy and comfort), so that every guest can find accommodation to suit their needs. Ambient Hotel offers a caf\u00e9 with a garden terrace, a Thai massage parlour, sauna and Jacuzzi, free parking at the hotel for buses and cars and free Wi-Fi Internet access.<\/p>\n","protected":false},"excerpt":{"rendered":"<p>Qualit\u00e4t und Eleganz von 4*-Hotel f\u00fcr den Preis von 3*-Hotel! Das Ambient Hotel ist ein stilvolles 3-Sterne-Hotel mit 73 Zimmern in Dom\u017eale, einem ruhigen Vorort der Hauptstadt Ljubljana. Es befindet sich in der N\u00e4he von Ljubljana und dessen Umfahrungsstra\u00dfe. Von hier aus gelangen Sie schnell in die Innenstadt (15 Minuten), zum Flughafen Jo\u017ee Pu\u010dnik und\u00a0zu [&hellip;]<\/p>\n","protected":false},"author":1,"featured_media":0,"parent":2216,"menu_order":0,"comment_status":"closed","ping_status":"closed","template":"page-partner.php","meta":{"_acf_changed":false,"footnotes":""},"class_list":["post-1150","page","type-page","status-publish","hentry"],"acf":{"partner_infobox":"<strong>Adresse:\u00a0<\/strong>Skerceva 6, SI-1230 Domzale\r\n\r\n<strong>Tel: <\/strong>+386 51 615 392\r\n\r\n<strong>Web: <\/strong><a href=\"http:\/\/www.ambienthotel.si\" target=\"_blank\" rel=\"nofollow noopener\">www.ambienthotel.si<\/a>\r\n\r\n<strong>E-Mail:<\/strong> <a href=\"mailto:booking@ambienthotel.si\">booking@ambienthotel.si<\/a>\r\n\r\n<em><strong>Bedingungen:\r\n<\/strong>Gutschein gilt bis zu 3 N\u00e4chten im DZ comfort.<\/em>\r\n\r\n<strong>Golfclubs in der N\u00e4he:\r\n<\/strong>GC Arboretum, GC Diners\r\n\r\n<strong>Anfahrt:\r\n<\/strong>Autobahn A1 - Domzale","partner_logo":2809,"partner_gallery":[2808,2807],"partner_lat":46.130927,"partner_long":14.597541,"partner_type":"hotel","partner_openings":["1","2","3","4","5","6","7"],"montag_von_bis":"00:00 - 24:00","dienstag_von_bis":"00:00 - 24:00","mittwoch_von_bis":"00:00 - 24:00","donnerstag_von_bis":"00:00 - 24:00","freitag_von_bis":"00:00 - 24:00","samstag_von_bis":"00:00 - 24:00","sonntag_von_bis":"00:00 - 24:00","partner_adresse":"A\u0161ker\u010deva ulica 6a","partner_land_bundesland":"","partner_tel_1":"+386 51 615 392","partner_tel_2":"","partner_web":"https:\/\/ambienthotel.si\/en\/","partner_mail":"booking@ambienthotel.si","partner_spielbahnen_par":"","partner_laenge":"","partner_bedingungen":"Gutschein gilt bis zu 3 N\u00e4chten im DZ comfort (Nebensaison \u20ac97,-- Hochsaison \u20ac120,--\/Nacht+ Kurtaxe)\r\nVoucher valid for up to 3 nights in a double room comfort (low season \u20ac97,-- high season \u20ac120,--\/night+ visitor's tax)","partner_anfahrt":"","partner_misc":null,"additional_css_classes":""},"yoast_head":"<!-- This site is optimized with the Yoast SEO plugin v26.8 - https:\/\/yoast.com\/product\/yoast-seo-wordpress\/ -->\n<title>Ambient Hotel - Fairway 2 Hotel<\/title>\n<meta name=\"robots\" content=\"index, follow, max-snippet:-1, max-image-preview:large, max-video-preview:-1\" \/>\n<link rel=\"canonical\" href=\"https:\/\/fairway2hotel.at\/cs\/hotels\/slowenien\/ambient-hotel\/\" \/>\n<meta property=\"og:locale\" content=\"cs_CZ\" \/>\n<meta property=\"og:type\" content=\"article\" \/>\n<meta property=\"og:title\" content=\"Ambient Hotel - Fairway 2 Hotel\" \/>\n<meta property=\"og:description\" content=\"Qualit\u00e4t und Eleganz von 4*-Hotel f\u00fcr den Preis von 3*-Hotel! Das Ambient Hotel ist ein stilvolles 3-Sterne-Hotel mit 73 Zimmern in Dom\u017eale, einem ruhigen Vorort der Hauptstadt Ljubljana. Es befindet sich in der N\u00e4he von Ljubljana und dessen Umfahrungsstra\u00dfe. Von hier aus gelangen Sie schnell in die Innenstadt (15 Minuten), zum Flughafen Jo\u017ee Pu\u010dnik und\u00a0zu [&hellip;]\" \/>\n<meta property=\"og:url\" content=\"https:\/\/fairway2hotel.at\/cs\/hotels\/slowenien\/ambient-hotel\/\" \/>\n<meta property=\"og:site_name\" content=\"Fairway 2 Hotel\" \/>\n<meta property=\"article:modified_time\" content=\"2025-03-14T10:22:10+00:00\" \/>\n<meta name=\"twitter:card\" content=\"summary_large_image\" \/>\n<meta name=\"twitter:label1\" content=\"Odhadovan\u00e1 doba \u010dten\u00ed\" \/>\n\t<meta name=\"twitter:data1\" content=\"2 minuty\" \/>\n<script type=\"application\/ld+json\" class=\"yoast-schema-graph\">{\"@context\":\"https:\/\/schema.org\",\"@graph\":[{\"@type\":\"WebPage\",\"@id\":\"https:\/\/fairway2hotel.at\/cs\/hotels\/slowenien\/ambient-hotel\/\",\"url\":\"https:\/\/fairway2hotel.at\/cs\/hotels\/slowenien\/ambient-hotel\/\",\"name\":\"Ambient Hotel - Fairway 2 Hotel\",\"isPartOf\":{\"@id\":\"https:\/\/fairway2hotel.at\/cs\/#website\"},\"datePublished\":\"2014-10-23T12:19:47+00:00\",\"dateModified\":\"2025-03-14T10:22:10+00:00\",\"breadcrumb\":{\"@id\":\"https:\/\/fairway2hotel.at\/cs\/hotels\/slowenien\/ambient-hotel\/#breadcrumb\"},\"inLanguage\":\"cs\",\"potentialAction\":[{\"@type\":\"ReadAction\",\"target\":[\"https:\/\/fairway2hotel.at\/cs\/hotels\/slowenien\/ambient-hotel\/\"]}]},{\"@type\":\"BreadcrumbList\",\"@id\":\"https:\/\/fairway2hotel.at\/cs\/hotels\/slowenien\/ambient-hotel\/#breadcrumb\",\"itemListElement\":[{\"@type\":\"ListItem\",\"position\":1,\"name\":\"Home\",\"item\":\"https:\/\/fairway2hotel.at\/cs\/\"},{\"@type\":\"ListItem\",\"position\":2,\"name\":\"Hotels\",\"item\":\"https:\/\/fairway2hotel.at\/cs\/hotels\/\"},{\"@type\":\"ListItem\",\"position\":3,\"name\":\"Hotels Slowenien\",\"item\":\"https:\/\/fairway2hotel.at\/cs\/hotels\/slowenien\/\"},{\"@type\":\"ListItem\",\"position\":4,\"name\":\"Ambient Hotel\"}]},{\"@type\":\"WebSite\",\"@id\":\"https:\/\/fairway2hotel.at\/cs\/#website\",\"url\":\"https:\/\/fairway2hotel.at\/cs\/\",\"name\":\"Fairway 2 Hotel\",\"description\":\"Golf zum halben Preis! 2 spielen - 1 zahlt\",\"potentialAction\":[{\"@type\":\"SearchAction\",\"target\":{\"@type\":\"EntryPoint\",\"urlTemplate\":\"https:\/\/fairway2hotel.at\/cs\/?s={search_term_string}\"},\"query-input\":{\"@type\":\"PropertyValueSpecification\",\"valueRequired\":true,\"valueName\":\"search_term_string\"}}],\"inLanguage\":\"cs\"}]}<\/script>\n<!-- \/ Yoast SEO plugin. -->","yoast_head_json":{"title":"Ambient Hotel - Fairway 2 Hotel","robots":{"index":"index","follow":"follow","max-snippet":"max-snippet:-1","max-image-preview":"max-image-preview:large","max-video-preview":"max-video-preview:-1"},"canonical":"https:\/\/fairway2hotel.at\/cs\/hotels\/slowenien\/ambient-hotel\/","og_locale":"cs_CZ","og_type":"article","og_title":"Ambient Hotel - Fairway 2 Hotel","og_description":"Qualit\u00e4t und Eleganz von 4*-Hotel f\u00fcr den Preis von 3*-Hotel! Das Ambient Hotel ist ein stilvolles 3-Sterne-Hotel mit 73 Zimmern in Dom\u017eale, einem ruhigen Vorort der Hauptstadt Ljubljana. Es befindet sich in der N\u00e4he von Ljubljana und dessen Umfahrungsstra\u00dfe. Von hier aus gelangen Sie schnell in die Innenstadt (15 Minuten), zum Flughafen Jo\u017ee Pu\u010dnik und\u00a0zu [&hellip;]","og_url":"https:\/\/fairway2hotel.at\/cs\/hotels\/slowenien\/ambient-hotel\/","og_site_name":"Fairway 2 Hotel","article_modified_time":"2025-03-14T10:22:10+00:00","twitter_card":"summary_large_image","twitter_misc":{"Odhadovan\u00e1 doba \u010dten\u00ed":"2 minuty"},"schema":{"@context":"https:\/\/schema.org","@graph":[{"@type":"WebPage","@id":"https:\/\/fairway2hotel.at\/cs\/hotels\/slowenien\/ambient-hotel\/","url":"https:\/\/fairway2hotel.at\/cs\/hotels\/slowenien\/ambient-hotel\/","name":"Ambient Hotel - Fairway 2 Hotel","isPartOf":{"@id":"https:\/\/fairway2hotel.at\/cs\/#website"},"datePublished":"2014-10-23T12:19:47+00:00","dateModified":"2025-03-14T10:22:10+00:00","breadcrumb":{"@id":"https:\/\/fairway2hotel.at\/cs\/hotels\/slowenien\/ambient-hotel\/#breadcrumb"},"inLanguage":"cs","potentialAction":[{"@type":"ReadAction","target":["https:\/\/fairway2hotel.at\/cs\/hotels\/slowenien\/ambient-hotel\/"]}]},{"@type":"BreadcrumbList","@id":"https:\/\/fairway2hotel.at\/cs\/hotels\/slowenien\/ambient-hotel\/#breadcrumb","itemListElement":[{"@type":"ListItem","position":1,"name":"Home","item":"https:\/\/fairway2hotel.at\/cs\/"},{"@type":"ListItem","position":2,"name":"Hotels","item":"https:\/\/fairway2hotel.at\/cs\/hotels\/"},{"@type":"ListItem","position":3,"name":"Hotels Slowenien","item":"https:\/\/fairway2hotel.at\/cs\/hotels\/slowenien\/"},{"@type":"ListItem","position":4,"name":"Ambient Hotel"}]},{"@type":"WebSite","@id":"https:\/\/fairway2hotel.at\/cs\/#website","url":"https:\/\/fairway2hotel.at\/cs\/","name":"Fairway 2 Hotel","description":"Golf zum halben Preis! 2 spielen - 1 zahlt","potentialAction":[{"@type":"SearchAction","target":{"@type":"EntryPoint","urlTemplate":"https:\/\/fairway2hotel.at\/cs\/?s={search_term_string}"},"query-input":{"@type":"PropertyValueSpecification","valueRequired":true,"valueName":"search_term_string"}}],"inLanguage":"cs"}]}},"_links":{"self":[{"href":"https:\/\/fairway2hotel.at\/cs\/wp-json\/wp\/v2\/pages\/1150","targetHints":{"allow":["GET"]}}],"collection":[{"href":"https:\/\/fairway2hotel.at\/cs\/wp-json\/wp\/v2\/pages"}],"about":[{"href":"https:\/\/fairway2hotel.at\/cs\/wp-json\/wp\/v2\/types\/page"}],"author":[{"embeddable":true,"href":"https:\/\/fairway2hotel.at\/cs\/wp-json\/wp\/v2\/users\/1"}],"replies":[{"embeddable":true,"href":"https:\/\/fairway2hotel.at\/cs\/wp-json\/wp\/v2\/comments?post=1150"}],"version-history":[{"count":11,"href":"https:\/\/fairway2hotel.at\/cs\/wp-json\/wp\/v2\/pages\/1150\/revisions"}],"predecessor-version":[{"id":46593,"href":"https:\/\/fairway2hotel.at\/cs\/wp-json\/wp\/v2\/pages\/1150\/revisions\/46593"}],"up":[{"embeddable":true,"href":"https:\/\/fairway2hotel.at\/cs\/wp-json\/wp\/v2\/pages\/2216"}],"acf:attachment":[{"embeddable":true,"href":"https:\/\/fairway2hotel.at\/cs\/wp-json\/wp\/v2\/media\/2807"},{"embeddable":true,"href":"https:\/\/fairway2hotel.at\/cs\/wp-json\/wp\/v2\/media\/2808"}],"wp:attachment":[{"href":"https:\/\/fairway2hotel.at\/cs\/wp-json\/wp\/v2\/media?parent=1150"}],"curies":[{"name":"wp","href":"https:\/\/api.w.org\/{rel}","templated":true}]}}