{"id":1158,"date":"2014-10-23T14:22:16","date_gmt":"2014-10-23T12:22:16","guid":{"rendered":"https:\/\/f2h.app\/hotel-prebold\/"},"modified":"2025-03-14T11:58:39","modified_gmt":"2025-03-14T10:58:39","slug":"hotel-prebold","status":"publish","type":"page","link":"https:\/\/fairway2hotel.at\/cs\/hotels\/slowenien\/hotel-prebold\/","title":{"rendered":"Hotel Prebold"},"content":{"rendered":"<h2>Golfen &#8211; Wellness &#8211; Relaxen!<\/h2>\n<p>Das Garni S\u030cport Hotel Prebold ist nur 2 km von der Autobahn Maribor\u2013Ljubljana (Ausfahrt S\u030cempeter v Savinjski dolini) und nur eine Stunde von Flughafen Ljubljana entfernt. Unseren Ga\u0308sten stehen 4 Einzelzimmer und 24 Doppelzimmer, ein Luxus-Appartement, welches auch fu\u0308r Gescha\u0308ftsreisende, Einzeltouristen, aber auch fu\u0308r Familien geeignet ist. Das Hotel verfu\u0308gt u\u0308ber einen Konferenzsaal mit kompletter Audio-Video-Ausstattung fu\u0308r 40 Personen, 2 Restaurants fu\u0308r 40 bis 200 Personen, ein Cafe\u0301 und einer Terrasse mit Blick ins Gru\u0308ne. Im Hotel betreiben wir einen eigenen Fitnessraum, Jacuzzi und Sauna. Natu\u0308rlich steht auch ein Massage-Salon fu\u0308r Sie bereit. Im Radius von 40 km liegen drei Golf Pla\u0308tze, weiters befindet sich bei uns im Hotel ein eigener Golf-Simulator.<\/p>\n<h2>Golf &#8211; wellness &#8211; relaxation!<\/h2>\n<p>Garni \u0160port Hotel Prebold is only 2 km from the Maribor-Ljubljana motorway (exit \u0160empeter v Savinjski dolini) and only one hour from Ljubljana Airport. We offer our guests 4 single rooms and 24 double rooms, a luxury apartment, which is also suitable for business travellers, individual tourists and families. The hotel has a conference room with full audio-video equipment for 40 people, 2 restaurants for 40 to 200 people, a caf\u00e9 and a terrace overlooking the greenery. The hotel has its own fitness room, jacuzzi and sauna. There is also a massage parlour available for you. There are three golf courses within a radius of 40 kilometres, and we also have our own golf simulator in the hotel.<\/p>\n","protected":false},"excerpt":{"rendered":"<p>Golfen &#8211; Wellness &#8211; Relaxen! Das Garni S\u030cport Hotel Prebold ist nur 2 km von der Autobahn Maribor\u2013Ljubljana (Ausfahrt S\u030cempeter v Savinjski dolini) und nur eine Stunde von Flughafen Ljubljana entfernt. Unseren Ga\u0308sten stehen 4 Einzelzimmer und 24 Doppelzimmer, ein Luxus-Appartement, welches auch fu\u0308r Gescha\u0308ftsreisende, Einzeltouristen, aber auch fu\u0308r Familien geeignet ist. Das Hotel verfu\u0308gt [&hellip;]<\/p>\n","protected":false},"author":1,"featured_media":0,"parent":2216,"menu_order":10,"comment_status":"closed","ping_status":"closed","template":"page-partner.php","meta":{"_acf_changed":false,"footnotes":""},"class_list":["post-1158","page","type-page","status-publish","hentry"],"acf":{"partner_infobox":"<strong>Adresse:\u00a0<\/strong>Grascinska 9, SI-3312 Prebold\r\n\r\n<strong>Tel:\u00a0<\/strong>+386 (0)3 703 40 60\r\n\r\n<strong>Web: <\/strong><a href=\"http:\/\/www.hotel-prebold.si\" rel=\"alternate\">www.hotel-prebold.si<\/a>\r\n\r\n<strong>E-Mail:<\/strong> <a href=\"mailto:info@hotel-prebold.si\" rel=\"alternate\">info@hotel-prebold.si<\/a>\r\n\r\n<strong>Golfclubs in der N\u00e4he:\r\n<\/strong>GC Arboretum 25 km\r\nGC Diners 40 km\r\nGC Zlati Gric 40 km\r\n\r\n<strong>Anfahrt:\r\n<\/strong>Autobahn A1 bis zu Abfahrt Sempeter, weiter nach Latkova vas, links auf der 427 zu Prebold.","partner_logo":2816,"partner_gallery":[3683,3684,3685],"partner_lat":46.236214,"partner_long":15.091398,"partner_type":"hotel","partner_openings":["1","2","3","4","5","6","7"],"montag_von_bis":"00:00 - 24:00","dienstag_von_bis":"00:00 - 24:00","mittwoch_von_bis":"00:00 - 24:00","donnerstag_von_bis":"00:00 - 24:00","freitag_von_bis":"00:00 - 24:00","samstag_von_bis":"00:00 - 24:00","sonntag_von_bis":"00:00 - 24:00","partner_adresse":"Grascinska 9, SI-3312 Prebold","partner_land_bundesland":"","partner_tel_1":"+386 (0)3 703 40 60","partner_tel_2":"","partner_web":"https:\/\/www.hotel-prebold.si\/","partner_mail":"info@hotel-prebold.si","partner_spielbahnen_par":"","partner_laenge":"","partner_bedingungen":"","partner_anfahrt":"","partner_misc":null,"additional_css_classes":""},"yoast_head":"<!-- This site is optimized with the Yoast SEO plugin v26.8 - https:\/\/yoast.com\/product\/yoast-seo-wordpress\/ -->\n<title>Hotel Prebold - Fairway 2 Hotel<\/title>\n<meta name=\"robots\" content=\"index, follow, max-snippet:-1, max-image-preview:large, max-video-preview:-1\" \/>\n<link rel=\"canonical\" href=\"https:\/\/fairway2hotel.at\/cs\/hotels\/slowenien\/hotel-prebold\/\" \/>\n<meta property=\"og:locale\" content=\"cs_CZ\" \/>\n<meta property=\"og:type\" content=\"article\" \/>\n<meta property=\"og:title\" content=\"Hotel Prebold - Fairway 2 Hotel\" \/>\n<meta property=\"og:description\" content=\"Golfen &#8211; Wellness &#8211; Relaxen! Das Garni S\u030cport Hotel Prebold ist nur 2 km von der Autobahn Maribor\u2013Ljubljana (Ausfahrt S\u030cempeter v Savinjski dolini) und nur eine Stunde von Flughafen Ljubljana entfernt. Unseren Ga\u0308sten stehen 4 Einzelzimmer und 24 Doppelzimmer, ein Luxus-Appartement, welches auch fu\u0308r Gescha\u0308ftsreisende, Einzeltouristen, aber auch fu\u0308r Familien geeignet ist. Das Hotel verfu\u0308gt [&hellip;]\" \/>\n<meta property=\"og:url\" content=\"https:\/\/fairway2hotel.at\/cs\/hotels\/slowenien\/hotel-prebold\/\" \/>\n<meta property=\"og:site_name\" content=\"Fairway 2 Hotel\" \/>\n<meta property=\"article:modified_time\" content=\"2025-03-14T10:58:39+00:00\" \/>\n<meta name=\"twitter:card\" content=\"summary_large_image\" \/>\n<meta name=\"twitter:label1\" content=\"Odhadovan\u00e1 doba \u010dten\u00ed\" \/>\n\t<meta name=\"twitter:data1\" content=\"2 minuty\" \/>\n<script type=\"application\/ld+json\" class=\"yoast-schema-graph\">{\"@context\":\"https:\/\/schema.org\",\"@graph\":[{\"@type\":\"WebPage\",\"@id\":\"https:\/\/fairway2hotel.at\/cs\/hotels\/slowenien\/hotel-prebold\/\",\"url\":\"https:\/\/fairway2hotel.at\/cs\/hotels\/slowenien\/hotel-prebold\/\",\"name\":\"Hotel Prebold - Fairway 2 Hotel\",\"isPartOf\":{\"@id\":\"https:\/\/fairway2hotel.at\/cs\/#website\"},\"datePublished\":\"2014-10-23T12:22:16+00:00\",\"dateModified\":\"2025-03-14T10:58:39+00:00\",\"breadcrumb\":{\"@id\":\"https:\/\/fairway2hotel.at\/cs\/hotels\/slowenien\/hotel-prebold\/#breadcrumb\"},\"inLanguage\":\"cs\",\"potentialAction\":[{\"@type\":\"ReadAction\",\"target\":[\"https:\/\/fairway2hotel.at\/cs\/hotels\/slowenien\/hotel-prebold\/\"]}]},{\"@type\":\"BreadcrumbList\",\"@id\":\"https:\/\/fairway2hotel.at\/cs\/hotels\/slowenien\/hotel-prebold\/#breadcrumb\",\"itemListElement\":[{\"@type\":\"ListItem\",\"position\":1,\"name\":\"Home\",\"item\":\"https:\/\/fairway2hotel.at\/cs\/\"},{\"@type\":\"ListItem\",\"position\":2,\"name\":\"Hotels\",\"item\":\"https:\/\/fairway2hotel.at\/cs\/hotels\/\"},{\"@type\":\"ListItem\",\"position\":3,\"name\":\"Hotels Slowenien\",\"item\":\"https:\/\/fairway2hotel.at\/cs\/hotels\/slowenien\/\"},{\"@type\":\"ListItem\",\"position\":4,\"name\":\"Hotel Prebold\"}]},{\"@type\":\"WebSite\",\"@id\":\"https:\/\/fairway2hotel.at\/cs\/#website\",\"url\":\"https:\/\/fairway2hotel.at\/cs\/\",\"name\":\"Fairway 2 Hotel\",\"description\":\"Golf zum halben Preis! 2 spielen - 1 zahlt\",\"potentialAction\":[{\"@type\":\"SearchAction\",\"target\":{\"@type\":\"EntryPoint\",\"urlTemplate\":\"https:\/\/fairway2hotel.at\/cs\/?s={search_term_string}\"},\"query-input\":{\"@type\":\"PropertyValueSpecification\",\"valueRequired\":true,\"valueName\":\"search_term_string\"}}],\"inLanguage\":\"cs\"}]}<\/script>\n<!-- \/ Yoast SEO plugin. -->","yoast_head_json":{"title":"Hotel Prebold - Fairway 2 Hotel","robots":{"index":"index","follow":"follow","max-snippet":"max-snippet:-1","max-image-preview":"max-image-preview:large","max-video-preview":"max-video-preview:-1"},"canonical":"https:\/\/fairway2hotel.at\/cs\/hotels\/slowenien\/hotel-prebold\/","og_locale":"cs_CZ","og_type":"article","og_title":"Hotel Prebold - Fairway 2 Hotel","og_description":"Golfen &#8211; Wellness &#8211; Relaxen! Das Garni S\u030cport Hotel Prebold ist nur 2 km von der Autobahn Maribor\u2013Ljubljana (Ausfahrt S\u030cempeter v Savinjski dolini) und nur eine Stunde von Flughafen Ljubljana entfernt. Unseren Ga\u0308sten stehen 4 Einzelzimmer und 24 Doppelzimmer, ein Luxus-Appartement, welches auch fu\u0308r Gescha\u0308ftsreisende, Einzeltouristen, aber auch fu\u0308r Familien geeignet ist. Das Hotel verfu\u0308gt [&hellip;]","og_url":"https:\/\/fairway2hotel.at\/cs\/hotels\/slowenien\/hotel-prebold\/","og_site_name":"Fairway 2 Hotel","article_modified_time":"2025-03-14T10:58:39+00:00","twitter_card":"summary_large_image","twitter_misc":{"Odhadovan\u00e1 doba \u010dten\u00ed":"2 minuty"},"schema":{"@context":"https:\/\/schema.org","@graph":[{"@type":"WebPage","@id":"https:\/\/fairway2hotel.at\/cs\/hotels\/slowenien\/hotel-prebold\/","url":"https:\/\/fairway2hotel.at\/cs\/hotels\/slowenien\/hotel-prebold\/","name":"Hotel Prebold - Fairway 2 Hotel","isPartOf":{"@id":"https:\/\/fairway2hotel.at\/cs\/#website"},"datePublished":"2014-10-23T12:22:16+00:00","dateModified":"2025-03-14T10:58:39+00:00","breadcrumb":{"@id":"https:\/\/fairway2hotel.at\/cs\/hotels\/slowenien\/hotel-prebold\/#breadcrumb"},"inLanguage":"cs","potentialAction":[{"@type":"ReadAction","target":["https:\/\/fairway2hotel.at\/cs\/hotels\/slowenien\/hotel-prebold\/"]}]},{"@type":"BreadcrumbList","@id":"https:\/\/fairway2hotel.at\/cs\/hotels\/slowenien\/hotel-prebold\/#breadcrumb","itemListElement":[{"@type":"ListItem","position":1,"name":"Home","item":"https:\/\/fairway2hotel.at\/cs\/"},{"@type":"ListItem","position":2,"name":"Hotels","item":"https:\/\/fairway2hotel.at\/cs\/hotels\/"},{"@type":"ListItem","position":3,"name":"Hotels Slowenien","item":"https:\/\/fairway2hotel.at\/cs\/hotels\/slowenien\/"},{"@type":"ListItem","position":4,"name":"Hotel Prebold"}]},{"@type":"WebSite","@id":"https:\/\/fairway2hotel.at\/cs\/#website","url":"https:\/\/fairway2hotel.at\/cs\/","name":"Fairway 2 Hotel","description":"Golf zum halben Preis! 2 spielen - 1 zahlt","potentialAction":[{"@type":"SearchAction","target":{"@type":"EntryPoint","urlTemplate":"https:\/\/fairway2hotel.at\/cs\/?s={search_term_string}"},"query-input":{"@type":"PropertyValueSpecification","valueRequired":true,"valueName":"search_term_string"}}],"inLanguage":"cs"}]}},"_links":{"self":[{"href":"https:\/\/fairway2hotel.at\/cs\/wp-json\/wp\/v2\/pages\/1158","targetHints":{"allow":["GET"]}}],"collection":[{"href":"https:\/\/fairway2hotel.at\/cs\/wp-json\/wp\/v2\/pages"}],"about":[{"href":"https:\/\/fairway2hotel.at\/cs\/wp-json\/wp\/v2\/types\/page"}],"author":[{"embeddable":true,"href":"https:\/\/fairway2hotel.at\/cs\/wp-json\/wp\/v2\/users\/1"}],"replies":[{"embeddable":true,"href":"https:\/\/fairway2hotel.at\/cs\/wp-json\/wp\/v2\/comments?post=1158"}],"version-history":[{"count":6,"href":"https:\/\/fairway2hotel.at\/cs\/wp-json\/wp\/v2\/pages\/1158\/revisions"}],"predecessor-version":[{"id":46598,"href":"https:\/\/fairway2hotel.at\/cs\/wp-json\/wp\/v2\/pages\/1158\/revisions\/46598"}],"up":[{"embeddable":true,"href":"https:\/\/fairway2hotel.at\/cs\/wp-json\/wp\/v2\/pages\/2216"}],"acf:attachment":[{"embeddable":true,"href":"https:\/\/fairway2hotel.at\/cs\/wp-json\/wp\/v2\/media\/3685"},{"embeddable":true,"href":"https:\/\/fairway2hotel.at\/cs\/wp-json\/wp\/v2\/media\/3684"},{"embeddable":true,"href":"https:\/\/fairway2hotel.at\/cs\/wp-json\/wp\/v2\/media\/3683"}],"wp:attachment":[{"href":"https:\/\/fairway2hotel.at\/cs\/wp-json\/wp\/v2\/media?parent=1158"}],"curies":[{"name":"wp","href":"https:\/\/api.w.org\/{rel}","templated":true}]}}