{"id":1197,"date":"2016-10-07T09:21:40","date_gmt":"2016-10-07T07:21:40","guid":{"rendered":"https:\/\/f2h.app\/golfclub-argenta\/"},"modified":"2025-03-31T14:53:28","modified_gmt":"2025-03-31T12:53:28","slug":"golfclub-argenta","status":"publish","type":"page","link":"https:\/\/fairway2hotel.at\/cs\/golfclubs\/italien\/golfclub-argenta\/","title":{"rendered":"GC Argenta"},"content":{"rendered":"<h2>Herrliches Golfen im Po-Delta<\/h2>\n<p>Auf halber Strecke zwischen Ferrara und Ravenna, nur 40 Minuten vom Meer und von Bologna entfernt, liegt dieser herrliche Golfplatz inmitten des Po-Deltas. Es ist ein idealer Ort fu\u0308r sportliche Beta\u0308tigungen, touristische und kulturelle Unternehmungen und gastronomische Entdeckungsreisen.<\/p>\n<p>Der Golfplatz orientiert sich an der natu\u0308rlichen Beschaffenheit der Gegend und den Flussda\u0308mmen. Wasserhindernisse, niedrige Du\u0308nen mit Stra\u0308uchern, kleine Wa\u0308lder mit autochthonen Spezies und die 6 erho\u0308hten Tees sind pra\u0308gend fu\u0308r diesen technisch interessanten und vielseitigen Golfcourse. Die Natur der Gegend, der Course, die Gastfreundschaft sowie die Ho\u0308flichkeit der Mitarbeiter sind u\u0308berzeugende Gru\u0308nde dafu\u0308r, diese Sportart in dieser ungewo\u0308hnlich scho\u0308nen Umgebung zu praktizieren.<\/p>\n<h2>Marvellous golfing in the Po Delta<\/h2>\n<p>Halfway between Ferrara and Ravenna, just 40 minutes from the sea and Bologna, lies this marvellous golf course in the middle of the Po Delta. It is an ideal place for sporting activities, tourist and cultural excursions and gastronomic discoveries.<\/p>\n<p>The golf course is modelled on the natural features of the area and the river embankments. Water hazards, low dunes with shrubs, small forests with indigenous species and the 6 elevated tees characterise this technically interesting and varied golf course. The nature of the area, the course, the hospitality and the courtesy of the staff are convincing reasons to practise this sport in this unusually beautiful environment.<\/p>\n","protected":false},"excerpt":{"rendered":"<p>Herrliches Golfen im Po-Delta Auf halber Strecke zwischen Ferrara und Ravenna, nur 40 Minuten vom Meer und von Bologna entfernt, liegt dieser herrliche Golfplatz inmitten des Po-Deltas. Es ist ein idealer Ort fu\u0308r sportliche Beta\u0308tigungen, touristische und kulturelle Unternehmungen und gastronomische Entdeckungsreisen. Der Golfplatz orientiert sich an der natu\u0308rlichen Beschaffenheit der Gegend und den Flussda\u0308mmen. [&hellip;]<\/p>\n","protected":false},"author":1,"featured_media":0,"parent":1657,"menu_order":15,"comment_status":"closed","ping_status":"closed","template":"page-partner.php","meta":{"_acf_changed":false,"footnotes":""},"class_list":["post-1197","page","type-page","status-publish","hentry"],"acf":{"partner_infobox":"<strong>Adresse:<\/strong>Via Poderi 2\/A I-44011 Argenta (FE)\r\n\r\n<strong>Tel:\u00a0<\/strong>+39 0532\/852545\r\n\r\n<strong>Fax:\u00a0<\/strong>+39 0532\/852545\r\n\r\n<strong>Web: <\/strong><a href=\"http:\/\/www.argentagolf.it\" target=\"_blank\" rel=\"nofollow noopener noreferrer\">www.argentagolf.it<\/a>\r\n\r\n<strong>E-Mail:<\/strong> <a href=\"mailto:segreteria@argentagolf.it\">segreteria@argentagolf.it<\/a>\r\n\r\n<strong>Spielbahnen\/Par: <\/strong>18\/72\r\n\r\n<strong>La\u0308nge: <\/strong>gelb: 6.300 m, rot: 5.545 m\r\n\r\n<strong>Bedingungen:\r\n<\/strong>Montags geschlossen (ausgenommen Feiertage).\r\n\r\n<strong>Anfahrt:\r\n<\/strong>Venedig \u2192 A13 Richtung Bologna \u2192 Ausfahrt \u201eFerrara Sud\u201c \u2192 SS 16 Richtung Ravenna \u21921 km vor dem Ortsschild von Argenta der Beschilderung folgen und rechts zum GC abbiegen.","partner_logo":1196,"partner_gallery":[1195,47422,47424,47426],"partner_lat":44.631855,"partner_long":11.809198,"partner_type":"golfclub","partner_openings":["2","3","4","5","6","7"],"montag_von_bis":"00:00 - 24:00","dienstag_von_bis":"00:00 - 24:00","mittwoch_von_bis":"00:00 - 24:00","donnerstag_von_bis":"00:00 - 24:00","freitag_von_bis":"00:00 - 24:00","samstag_von_bis":"00:00 - 24:00","sonntag_von_bis":"00:00 - 24:00","partner_adresse":"Via Poderi 2\/A, 44011 Argenta (FE)","partner_land_bundesland":"Italien","partner_tel_1":"0039 0532 852545","partner_tel_2":"0039 0532 852545","partner_web":"http:\/\/www.argentagolf.it","partner_mail":"segreteria@argentagolf.it","partner_spielbahnen_par":"18\/72","partner_laenge":"gelb: 6.300 m, rot: 5.545 m","partner_bedingungen":"jederzeit einl\u00f6sbar, Montags geschlossen (ausgenommen Feiertage).\r\nvouchers always redeemable, closed on Mon (except public holidays)","partner_anfahrt":"Venedig \u2192 A13 Richtung Bologna \u2192 Ausfahrt \u201eFerrara Sud\u201c \u2192 SS 16 Richtung Ravenna \u21921 km vor dem Ortsschild von Argenta der Beschilderung folgen und rechts zum GC abbiegen.","partner_misc":null,"additional_css_classes":""},"yoast_head":"<!-- This site is optimized with the Yoast SEO plugin v26.8 - https:\/\/yoast.com\/product\/yoast-seo-wordpress\/ -->\n<title>GC Argenta - Fairway 2 Hotel<\/title>\n<meta name=\"robots\" content=\"index, follow, max-snippet:-1, max-image-preview:large, max-video-preview:-1\" \/>\n<link rel=\"canonical\" href=\"https:\/\/fairway2hotel.at\/cs\/golfclubs\/italien\/golfclub-argenta\/\" \/>\n<meta property=\"og:locale\" content=\"cs_CZ\" \/>\n<meta property=\"og:type\" content=\"article\" \/>\n<meta property=\"og:title\" content=\"GC Argenta - Fairway 2 Hotel\" \/>\n<meta property=\"og:description\" content=\"Herrliches Golfen im Po-Delta Auf halber Strecke zwischen Ferrara und Ravenna, nur 40 Minuten vom Meer und von Bologna entfernt, liegt dieser herrliche Golfplatz inmitten des Po-Deltas. Es ist ein idealer Ort fu\u0308r sportliche Beta\u0308tigungen, touristische und kulturelle Unternehmungen und gastronomische Entdeckungsreisen. Der Golfplatz orientiert sich an der natu\u0308rlichen Beschaffenheit der Gegend und den Flussda\u0308mmen. [&hellip;]\" \/>\n<meta property=\"og:url\" content=\"https:\/\/fairway2hotel.at\/cs\/golfclubs\/italien\/golfclub-argenta\/\" \/>\n<meta property=\"og:site_name\" content=\"Fairway 2 Hotel\" \/>\n<meta property=\"article:modified_time\" content=\"2025-03-31T12:53:28+00:00\" \/>\n<meta name=\"twitter:card\" content=\"summary_large_image\" \/>\n<meta name=\"twitter:label1\" content=\"Odhadovan\u00e1 doba \u010dten\u00ed\" \/>\n\t<meta name=\"twitter:data1\" content=\"2 minuty\" \/>\n<script type=\"application\/ld+json\" class=\"yoast-schema-graph\">{\"@context\":\"https:\/\/schema.org\",\"@graph\":[{\"@type\":\"WebPage\",\"@id\":\"https:\/\/fairway2hotel.at\/cs\/golfclubs\/italien\/golfclub-argenta\/\",\"url\":\"https:\/\/fairway2hotel.at\/cs\/golfclubs\/italien\/golfclub-argenta\/\",\"name\":\"GC Argenta - Fairway 2 Hotel\",\"isPartOf\":{\"@id\":\"https:\/\/fairway2hotel.at\/cs\/#website\"},\"datePublished\":\"2016-10-07T07:21:40+00:00\",\"dateModified\":\"2025-03-31T12:53:28+00:00\",\"breadcrumb\":{\"@id\":\"https:\/\/fairway2hotel.at\/cs\/golfclubs\/italien\/golfclub-argenta\/#breadcrumb\"},\"inLanguage\":\"cs\",\"potentialAction\":[{\"@type\":\"ReadAction\",\"target\":[\"https:\/\/fairway2hotel.at\/cs\/golfclubs\/italien\/golfclub-argenta\/\"]}]},{\"@type\":\"BreadcrumbList\",\"@id\":\"https:\/\/fairway2hotel.at\/cs\/golfclubs\/italien\/golfclub-argenta\/#breadcrumb\",\"itemListElement\":[{\"@type\":\"ListItem\",\"position\":1,\"name\":\"Home\",\"item\":\"https:\/\/fairway2hotel.at\/cs\/\"},{\"@type\":\"ListItem\",\"position\":2,\"name\":\"Golfclubs\",\"item\":\"https:\/\/fairway2hotel.at\/cs\/golfclubs\/\"},{\"@type\":\"ListItem\",\"position\":3,\"name\":\"Golfclubs Italien\",\"item\":\"https:\/\/fairway2hotel.at\/cs\/golfclubs\/italien\/\"},{\"@type\":\"ListItem\",\"position\":4,\"name\":\"GC Argenta\"}]},{\"@type\":\"WebSite\",\"@id\":\"https:\/\/fairway2hotel.at\/cs\/#website\",\"url\":\"https:\/\/fairway2hotel.at\/cs\/\",\"name\":\"Fairway 2 Hotel\",\"description\":\"Golf zum halben Preis! 2 spielen - 1 zahlt\",\"potentialAction\":[{\"@type\":\"SearchAction\",\"target\":{\"@type\":\"EntryPoint\",\"urlTemplate\":\"https:\/\/fairway2hotel.at\/cs\/?s={search_term_string}\"},\"query-input\":{\"@type\":\"PropertyValueSpecification\",\"valueRequired\":true,\"valueName\":\"search_term_string\"}}],\"inLanguage\":\"cs\"}]}<\/script>\n<!-- \/ Yoast SEO plugin. -->","yoast_head_json":{"title":"GC Argenta - Fairway 2 Hotel","robots":{"index":"index","follow":"follow","max-snippet":"max-snippet:-1","max-image-preview":"max-image-preview:large","max-video-preview":"max-video-preview:-1"},"canonical":"https:\/\/fairway2hotel.at\/cs\/golfclubs\/italien\/golfclub-argenta\/","og_locale":"cs_CZ","og_type":"article","og_title":"GC Argenta - Fairway 2 Hotel","og_description":"Herrliches Golfen im Po-Delta Auf halber Strecke zwischen Ferrara und Ravenna, nur 40 Minuten vom Meer und von Bologna entfernt, liegt dieser herrliche Golfplatz inmitten des Po-Deltas. Es ist ein idealer Ort fu\u0308r sportliche Beta\u0308tigungen, touristische und kulturelle Unternehmungen und gastronomische Entdeckungsreisen. Der Golfplatz orientiert sich an der natu\u0308rlichen Beschaffenheit der Gegend und den Flussda\u0308mmen. [&hellip;]","og_url":"https:\/\/fairway2hotel.at\/cs\/golfclubs\/italien\/golfclub-argenta\/","og_site_name":"Fairway 2 Hotel","article_modified_time":"2025-03-31T12:53:28+00:00","twitter_card":"summary_large_image","twitter_misc":{"Odhadovan\u00e1 doba \u010dten\u00ed":"2 minuty"},"schema":{"@context":"https:\/\/schema.org","@graph":[{"@type":"WebPage","@id":"https:\/\/fairway2hotel.at\/cs\/golfclubs\/italien\/golfclub-argenta\/","url":"https:\/\/fairway2hotel.at\/cs\/golfclubs\/italien\/golfclub-argenta\/","name":"GC Argenta - Fairway 2 Hotel","isPartOf":{"@id":"https:\/\/fairway2hotel.at\/cs\/#website"},"datePublished":"2016-10-07T07:21:40+00:00","dateModified":"2025-03-31T12:53:28+00:00","breadcrumb":{"@id":"https:\/\/fairway2hotel.at\/cs\/golfclubs\/italien\/golfclub-argenta\/#breadcrumb"},"inLanguage":"cs","potentialAction":[{"@type":"ReadAction","target":["https:\/\/fairway2hotel.at\/cs\/golfclubs\/italien\/golfclub-argenta\/"]}]},{"@type":"BreadcrumbList","@id":"https:\/\/fairway2hotel.at\/cs\/golfclubs\/italien\/golfclub-argenta\/#breadcrumb","itemListElement":[{"@type":"ListItem","position":1,"name":"Home","item":"https:\/\/fairway2hotel.at\/cs\/"},{"@type":"ListItem","position":2,"name":"Golfclubs","item":"https:\/\/fairway2hotel.at\/cs\/golfclubs\/"},{"@type":"ListItem","position":3,"name":"Golfclubs Italien","item":"https:\/\/fairway2hotel.at\/cs\/golfclubs\/italien\/"},{"@type":"ListItem","position":4,"name":"GC Argenta"}]},{"@type":"WebSite","@id":"https:\/\/fairway2hotel.at\/cs\/#website","url":"https:\/\/fairway2hotel.at\/cs\/","name":"Fairway 2 Hotel","description":"Golf zum halben Preis! 2 spielen - 1 zahlt","potentialAction":[{"@type":"SearchAction","target":{"@type":"EntryPoint","urlTemplate":"https:\/\/fairway2hotel.at\/cs\/?s={search_term_string}"},"query-input":{"@type":"PropertyValueSpecification","valueRequired":true,"valueName":"search_term_string"}}],"inLanguage":"cs"}]}},"_links":{"self":[{"href":"https:\/\/fairway2hotel.at\/cs\/wp-json\/wp\/v2\/pages\/1197","targetHints":{"allow":["GET"]}}],"collection":[{"href":"https:\/\/fairway2hotel.at\/cs\/wp-json\/wp\/v2\/pages"}],"about":[{"href":"https:\/\/fairway2hotel.at\/cs\/wp-json\/wp\/v2\/types\/page"}],"author":[{"embeddable":true,"href":"https:\/\/fairway2hotel.at\/cs\/wp-json\/wp\/v2\/users\/1"}],"replies":[{"embeddable":true,"href":"https:\/\/fairway2hotel.at\/cs\/wp-json\/wp\/v2\/comments?post=1197"}],"version-history":[{"count":8,"href":"https:\/\/fairway2hotel.at\/cs\/wp-json\/wp\/v2\/pages\/1197\/revisions"}],"predecessor-version":[{"id":47428,"href":"https:\/\/fairway2hotel.at\/cs\/wp-json\/wp\/v2\/pages\/1197\/revisions\/47428"}],"up":[{"embeddable":true,"href":"https:\/\/fairway2hotel.at\/cs\/wp-json\/wp\/v2\/pages\/1657"}],"acf:attachment":[{"embeddable":true,"href":"https:\/\/fairway2hotel.at\/cs\/wp-json\/wp\/v2\/media\/47426"},{"embeddable":true,"href":"https:\/\/fairway2hotel.at\/cs\/wp-json\/wp\/v2\/media\/47424"},{"embeddable":true,"href":"https:\/\/fairway2hotel.at\/cs\/wp-json\/wp\/v2\/media\/47422"},{"embeddable":true,"href":"https:\/\/fairway2hotel.at\/cs\/wp-json\/wp\/v2\/media\/1195"}],"wp:attachment":[{"href":"https:\/\/fairway2hotel.at\/cs\/wp-json\/wp\/v2\/media?parent=1197"}],"curies":[{"name":"wp","href":"https:\/\/api.w.org\/{rel}","templated":true}]}}