{"id":1213,"date":"2016-10-07T09:30:06","date_gmt":"2016-10-07T07:30:06","guid":{"rendered":"https:\/\/f2h.app\/golfclub-folgaria\/"},"modified":"2025-04-01T13:01:29","modified_gmt":"2025-04-01T11:01:29","slug":"golfclub-folgaria","status":"publish","type":"page","link":"https:\/\/fairway2hotel.at\/cs\/golfclubs\/italien\/golfclub-folgaria\/","title":{"rendered":"GC Folgaria"},"content":{"rendered":"<h2>Golfen auf den neuen 18 Lo\u0308chern in der Hochebene<\/h2>\n<p>Der Golfplatz, gelegen in der Hochebene von Folgaria, ist ein Flaggschiff der Highlands in dem scho\u0308nen Tal von Costa auf 1.200 Ho\u0308henmetern. Der Kurs grenzt direkt an das beru\u0308hmte Biotop von Ecchen an. Einzigartig und spektakula\u0308r zieht sich der Platz durch eine malerische Naturlandschaft, Wiesen, Wald und das Biotop. Um ein gutes Ergebnis zu erzielen, ist hier eine gute Spielstrategie notwendig. Lange gerade Fairways breiten sich vor einem aus und werden von Doglegs mit schmalen Fairways erga\u0308nzt. Es erwartet Sie hier ein Platz, wo die Liebe zur Natur noch gelebt wird, eine familia\u0308re Atmospha\u0308re und eine unvergessliche Runde Golf.<\/p>\n<h2>Golfing on the new 18 holes on the plateau<\/h2>\n<p>The golf course, located on the Folgaria plateau, is a flagship of the Highlands in the beautiful Costa valley at an altitude of 1,200 metres. The course borders directly on the famous Ecchen biotope. Unique and spectacular, the course runs through a picturesque natural landscape, meadows, forest and the biotope. A good playing strategy is required to achieve a good result. Long, straight fairways spread out in front of you and are complemented by doglegs with narrow fairways. You can expect a course where the love of nature is still alive, a family atmosphere and an unforgettable round of golf.<\/p>\n","protected":false},"excerpt":{"rendered":"<p>Golfen auf den neuen 18 Lo\u0308chern in der Hochebene Der Golfplatz, gelegen in der Hochebene von Folgaria, ist ein Flaggschiff der Highlands in dem scho\u0308nen Tal von Costa auf 1.200 Ho\u0308henmetern. Der Kurs grenzt direkt an das beru\u0308hmte Biotop von Ecchen an. Einzigartig und spektakula\u0308r zieht sich der Platz durch eine malerische Naturlandschaft, Wiesen, Wald [&hellip;]<\/p>\n","protected":false},"author":1,"featured_media":0,"parent":1657,"menu_order":65,"comment_status":"closed","ping_status":"closed","template":"page-partner.php","meta":{"_acf_changed":false,"footnotes":""},"class_list":["post-1213","page","type-page","status-publish","hentry"],"acf":{"partner_infobox":"<strong>Adresse:\u00a0<\/strong>Localita\u0300 Maso Spilzi I-38064 Folgaria\/Trentino\r\n\r\n<strong>Tel:\u00a0<\/strong>+39 0464 720480\r\n\r\n<strong>Web: <\/strong><a href=\"http:\/\/www.golfclubfolgaria.it\" target=\"_blank\" rel=\"nofollow noopener\">www.golfclubfolgaria.it<\/a>\r\n\r\n<strong>E-Mail:<\/strong> <a href=\"mailto:segreteria@golfclubfolgaria.it\">segreteria@golfclubfolgaria.it<\/a>\r\n\r\n<strong>Spielbahnen\/Par: <\/strong>18\/72\r\n\r\n<strong>La\u0308nge:\r\n<\/strong>gelb: 5.468 m,\u00a0rot: 4.815 m\r\n\r\n<strong>Anfahrt:\r\n<\/strong>A22 Brennerautobahn\u2192 Ausfahrt Rovereto Nord undder Beschilderung nach Trento auf der SS12 folgen \u2192 Calliano, die Kreuzung fu\u0308r die SS350 Folgaria nehmen \u2192 Folgaria und 500 m nicht u\u0308berschreiten. Nach dem Weiler Costa, auf der rechten Seite, ist Maso Spilzi.","partner_logo":1212,"partner_gallery":[2803,47483,47485,47487],"partner_lat":45.916992,"partner_long":11.197808,"partner_type":"golfclub","partner_openings":["1","2","3","4","5","6","7"],"montag_von_bis":"00:00 - 24:00","dienstag_von_bis":"00:00 - 24:00","mittwoch_von_bis":"00:00 - 24:00","donnerstag_von_bis":"00:00 - 24:00","freitag_von_bis":"00:00 - 24:00","samstag_von_bis":"00:00 - 24:00","sonntag_von_bis":"00:00 - 24:00","partner_adresse":"Localit\u00e0 Maso Spilzi, 38064 Folgaria\/Trentino","partner_land_bundesland":"Italien","partner_tel_1":"","partner_tel_2":"0039 0464 720480","partner_web":"http:\/\/www.golfclubfolgaria.it","partner_mail":"segreteria@golfclubfolgaria.it","partner_spielbahnen_par":"18\/72","partner_laenge":"gelb: 5.468 m,\u00a0rot: 4.815 m","partner_bedingungen":"","partner_anfahrt":"A22 Brennerautobahn\u2192 Ausfahrt Rovereto Nord undder Beschilderung nach Trento auf der SS12 folgen \u2192 Calliano, die Kreuzung fu\u0308r die SS350 Folgaria nehmen \u2192 Folgaria und 500 m nicht u\u0308berschreiten. Nach dem Weiler Costa, auf der rechten Seite, ist Maso Spilzi.","partner_misc":null,"additional_css_classes":""},"yoast_head":"<!-- This site is optimized with the Yoast SEO plugin v26.8 - https:\/\/yoast.com\/product\/yoast-seo-wordpress\/ -->\n<title>GC Folgaria - Fairway 2 Hotel<\/title>\n<meta name=\"robots\" content=\"index, follow, max-snippet:-1, max-image-preview:large, max-video-preview:-1\" \/>\n<link rel=\"canonical\" href=\"https:\/\/fairway2hotel.at\/cs\/golfclubs\/italien\/golfclub-folgaria\/\" \/>\n<meta property=\"og:locale\" content=\"cs_CZ\" \/>\n<meta property=\"og:type\" content=\"article\" \/>\n<meta property=\"og:title\" content=\"GC Folgaria - Fairway 2 Hotel\" \/>\n<meta property=\"og:description\" content=\"Golfen auf den neuen 18 Lo\u0308chern in der Hochebene Der Golfplatz, gelegen in der Hochebene von Folgaria, ist ein Flaggschiff der Highlands in dem scho\u0308nen Tal von Costa auf 1.200 Ho\u0308henmetern. Der Kurs grenzt direkt an das beru\u0308hmte Biotop von Ecchen an. Einzigartig und spektakula\u0308r zieht sich der Platz durch eine malerische Naturlandschaft, Wiesen, Wald [&hellip;]\" \/>\n<meta property=\"og:url\" content=\"https:\/\/fairway2hotel.at\/cs\/golfclubs\/italien\/golfclub-folgaria\/\" \/>\n<meta property=\"og:site_name\" content=\"Fairway 2 Hotel\" \/>\n<meta property=\"article:modified_time\" content=\"2025-04-01T11:01:29+00:00\" \/>\n<meta name=\"twitter:card\" content=\"summary_large_image\" \/>\n<meta name=\"twitter:label1\" content=\"Odhadovan\u00e1 doba \u010dten\u00ed\" \/>\n\t<meta name=\"twitter:data1\" content=\"2 minuty\" \/>\n<script type=\"application\/ld+json\" class=\"yoast-schema-graph\">{\"@context\":\"https:\/\/schema.org\",\"@graph\":[{\"@type\":\"WebPage\",\"@id\":\"https:\/\/fairway2hotel.at\/cs\/golfclubs\/italien\/golfclub-folgaria\/\",\"url\":\"https:\/\/fairway2hotel.at\/cs\/golfclubs\/italien\/golfclub-folgaria\/\",\"name\":\"GC Folgaria - Fairway 2 Hotel\",\"isPartOf\":{\"@id\":\"https:\/\/fairway2hotel.at\/cs\/#website\"},\"datePublished\":\"2016-10-07T07:30:06+00:00\",\"dateModified\":\"2025-04-01T11:01:29+00:00\",\"breadcrumb\":{\"@id\":\"https:\/\/fairway2hotel.at\/cs\/golfclubs\/italien\/golfclub-folgaria\/#breadcrumb\"},\"inLanguage\":\"cs\",\"potentialAction\":[{\"@type\":\"ReadAction\",\"target\":[\"https:\/\/fairway2hotel.at\/cs\/golfclubs\/italien\/golfclub-folgaria\/\"]}]},{\"@type\":\"BreadcrumbList\",\"@id\":\"https:\/\/fairway2hotel.at\/cs\/golfclubs\/italien\/golfclub-folgaria\/#breadcrumb\",\"itemListElement\":[{\"@type\":\"ListItem\",\"position\":1,\"name\":\"Home\",\"item\":\"https:\/\/fairway2hotel.at\/cs\/\"},{\"@type\":\"ListItem\",\"position\":2,\"name\":\"Golfclubs\",\"item\":\"https:\/\/fairway2hotel.at\/cs\/golfclubs\/\"},{\"@type\":\"ListItem\",\"position\":3,\"name\":\"Golfclubs Italien\",\"item\":\"https:\/\/fairway2hotel.at\/cs\/golfclubs\/italien\/\"},{\"@type\":\"ListItem\",\"position\":4,\"name\":\"GC Folgaria\"}]},{\"@type\":\"WebSite\",\"@id\":\"https:\/\/fairway2hotel.at\/cs\/#website\",\"url\":\"https:\/\/fairway2hotel.at\/cs\/\",\"name\":\"Fairway 2 Hotel\",\"description\":\"Golf zum halben Preis! 2 spielen - 1 zahlt\",\"potentialAction\":[{\"@type\":\"SearchAction\",\"target\":{\"@type\":\"EntryPoint\",\"urlTemplate\":\"https:\/\/fairway2hotel.at\/cs\/?s={search_term_string}\"},\"query-input\":{\"@type\":\"PropertyValueSpecification\",\"valueRequired\":true,\"valueName\":\"search_term_string\"}}],\"inLanguage\":\"cs\"}]}<\/script>\n<!-- \/ Yoast SEO plugin. -->","yoast_head_json":{"title":"GC Folgaria - Fairway 2 Hotel","robots":{"index":"index","follow":"follow","max-snippet":"max-snippet:-1","max-image-preview":"max-image-preview:large","max-video-preview":"max-video-preview:-1"},"canonical":"https:\/\/fairway2hotel.at\/cs\/golfclubs\/italien\/golfclub-folgaria\/","og_locale":"cs_CZ","og_type":"article","og_title":"GC Folgaria - Fairway 2 Hotel","og_description":"Golfen auf den neuen 18 Lo\u0308chern in der Hochebene Der Golfplatz, gelegen in der Hochebene von Folgaria, ist ein Flaggschiff der Highlands in dem scho\u0308nen Tal von Costa auf 1.200 Ho\u0308henmetern. Der Kurs grenzt direkt an das beru\u0308hmte Biotop von Ecchen an. Einzigartig und spektakula\u0308r zieht sich der Platz durch eine malerische Naturlandschaft, Wiesen, Wald [&hellip;]","og_url":"https:\/\/fairway2hotel.at\/cs\/golfclubs\/italien\/golfclub-folgaria\/","og_site_name":"Fairway 2 Hotel","article_modified_time":"2025-04-01T11:01:29+00:00","twitter_card":"summary_large_image","twitter_misc":{"Odhadovan\u00e1 doba \u010dten\u00ed":"2 minuty"},"schema":{"@context":"https:\/\/schema.org","@graph":[{"@type":"WebPage","@id":"https:\/\/fairway2hotel.at\/cs\/golfclubs\/italien\/golfclub-folgaria\/","url":"https:\/\/fairway2hotel.at\/cs\/golfclubs\/italien\/golfclub-folgaria\/","name":"GC Folgaria - Fairway 2 Hotel","isPartOf":{"@id":"https:\/\/fairway2hotel.at\/cs\/#website"},"datePublished":"2016-10-07T07:30:06+00:00","dateModified":"2025-04-01T11:01:29+00:00","breadcrumb":{"@id":"https:\/\/fairway2hotel.at\/cs\/golfclubs\/italien\/golfclub-folgaria\/#breadcrumb"},"inLanguage":"cs","potentialAction":[{"@type":"ReadAction","target":["https:\/\/fairway2hotel.at\/cs\/golfclubs\/italien\/golfclub-folgaria\/"]}]},{"@type":"BreadcrumbList","@id":"https:\/\/fairway2hotel.at\/cs\/golfclubs\/italien\/golfclub-folgaria\/#breadcrumb","itemListElement":[{"@type":"ListItem","position":1,"name":"Home","item":"https:\/\/fairway2hotel.at\/cs\/"},{"@type":"ListItem","position":2,"name":"Golfclubs","item":"https:\/\/fairway2hotel.at\/cs\/golfclubs\/"},{"@type":"ListItem","position":3,"name":"Golfclubs Italien","item":"https:\/\/fairway2hotel.at\/cs\/golfclubs\/italien\/"},{"@type":"ListItem","position":4,"name":"GC Folgaria"}]},{"@type":"WebSite","@id":"https:\/\/fairway2hotel.at\/cs\/#website","url":"https:\/\/fairway2hotel.at\/cs\/","name":"Fairway 2 Hotel","description":"Golf zum halben Preis! 2 spielen - 1 zahlt","potentialAction":[{"@type":"SearchAction","target":{"@type":"EntryPoint","urlTemplate":"https:\/\/fairway2hotel.at\/cs\/?s={search_term_string}"},"query-input":{"@type":"PropertyValueSpecification","valueRequired":true,"valueName":"search_term_string"}}],"inLanguage":"cs"}]}},"_links":{"self":[{"href":"https:\/\/fairway2hotel.at\/cs\/wp-json\/wp\/v2\/pages\/1213","targetHints":{"allow":["GET"]}}],"collection":[{"href":"https:\/\/fairway2hotel.at\/cs\/wp-json\/wp\/v2\/pages"}],"about":[{"href":"https:\/\/fairway2hotel.at\/cs\/wp-json\/wp\/v2\/types\/page"}],"author":[{"embeddable":true,"href":"https:\/\/fairway2hotel.at\/cs\/wp-json\/wp\/v2\/users\/1"}],"replies":[{"embeddable":true,"href":"https:\/\/fairway2hotel.at\/cs\/wp-json\/wp\/v2\/comments?post=1213"}],"version-history":[{"count":9,"href":"https:\/\/fairway2hotel.at\/cs\/wp-json\/wp\/v2\/pages\/1213\/revisions"}],"predecessor-version":[{"id":47489,"href":"https:\/\/fairway2hotel.at\/cs\/wp-json\/wp\/v2\/pages\/1213\/revisions\/47489"}],"up":[{"embeddable":true,"href":"https:\/\/fairway2hotel.at\/cs\/wp-json\/wp\/v2\/pages\/1657"}],"acf:attachment":[{"embeddable":true,"href":"https:\/\/fairway2hotel.at\/cs\/wp-json\/wp\/v2\/media\/47487"},{"embeddable":true,"href":"https:\/\/fairway2hotel.at\/cs\/wp-json\/wp\/v2\/media\/47485"},{"embeddable":true,"href":"https:\/\/fairway2hotel.at\/cs\/wp-json\/wp\/v2\/media\/47483"},{"embeddable":true,"href":"https:\/\/fairway2hotel.at\/cs\/wp-json\/wp\/v2\/media\/2803"}],"wp:attachment":[{"href":"https:\/\/fairway2hotel.at\/cs\/wp-json\/wp\/v2\/media?parent=1213"}],"curies":[{"name":"wp","href":"https:\/\/api.w.org\/{rel}","templated":true}]}}