{"id":1216,"date":"2016-10-07T09:30:38","date_gmt":"2016-10-07T07:30:38","guid":{"rendered":"https:\/\/f2h.app\/golfclub-frassanelle\/"},"modified":"2026-02-17T16:52:30","modified_gmt":"2026-02-17T15:52:30","slug":"golfclub-frassanelle","status":"publish","type":"page","link":"https:\/\/fairway2hotel.at\/cs\/golfclubs\/italien\/golfclub-frassanelle\/","title":{"rendered":"GC Frassanelle"},"content":{"rendered":"<h2>Genie\u00dfen Sie das Flair in einem Park aus dem 19. Jahrhundert!<\/h2>\n<p>1990 angelegt vom venezianischen Architekten Marco Croze, liegt der Platz in einem der noblen Familie Papafava geho\u0308renden, 200 ha gro\u00dfen Park. Er liegt mitten im Nationalpark in den Eugenischen Hu\u0308geln, eingebettet in die natu\u0308rliche Fauna und Flora, weitla\u0308ufig, reich bewaldet und mit Wasserhindernissen gespickt, die das Spiel wirklich herausfordernd machen. 1992 war hier der Austragungsort der British Open der Damen. Bekannt ist vor allem das Loch 15, ein Par 3 mit 150 m, aufgrund des imposanten Sees und der das Gru\u0308n umgebenden majesta\u0308tischen Ba\u0308ume. Das in englischem Stil erbaute Clubhaus befindet sich im wunderscho\u0308n restaurierten Landhaus aus dem 17. Jahrhundert, inmitten des vom beru\u0308hmten venezianischen Architekten Giuseppe Jappelli geplanten Parks, um den typischen englischen Charme nach Venetien zu bringen.<\/p>\n<h2>Enjoy the flair of a 19th century park!<\/h2>\n<p>Created in 1990 by Venetian architect Marco Croze, the site is located in a 200-hectare park belonging to the noble Papafava family. It is located in the centre of the national park in the Eugenian Hills, embedded in the natural fauna and flora, extensive, richly wooded and peppered with water hazards that make the game really challenging. In 1992, it was the venue for the women&#8217;s British Open. Hole 15, a 150 metre par 3, is particularly famous for its imposing lake and the majestic trees surrounding the green. The English-style clubhouse is located in the beautifully restored 17th century country house, in the centre of the park designed by the famous Venetian architect Giuseppe Jappelli to bring the typical English charm to Veneto.<\/p>\n","protected":false},"excerpt":{"rendered":"<p>Genie\u00dfen Sie das Flair in einem Park aus dem 19. Jahrhundert! 1990 angelegt vom venezianischen Architekten Marco Croze, liegt der Platz in einem der noblen Familie Papafava geho\u0308renden, 200 ha gro\u00dfen Park. Er liegt mitten im Nationalpark in den Eugenischen Hu\u0308geln, eingebettet in die natu\u0308rliche Fauna und Flora, weitla\u0308ufig, reich bewaldet und mit Wasserhindernissen gespickt, [&hellip;]<\/p>\n","protected":false},"author":1,"featured_media":0,"parent":1657,"menu_order":75,"comment_status":"closed","ping_status":"closed","template":"page-partner.php","meta":{"_acf_changed":false,"footnotes":""},"class_list":["post-1216","page","type-page","status-publish","hentry"],"acf":{"partner_infobox":"<strong>Adresse:\u00a0<\/strong>Via Rialto 5\/A I-35030 Rovolon\r\n\r\n<strong>Tel:\u00a0<\/strong>+39 049 991 0722\r\n\r\n<strong>Fax:\u00a0<\/strong>+39 049 991 0691\r\n\r\n<strong>Web: <\/strong><a href=\"http:\/\/www.golffrassanelle.it\" target=\"_blank\" rel=\"nofollow noopener noreferrer\">www.golffrassanelle.it<\/a>\r\n\r\n<strong>E-Mail:<\/strong> <a href=\"mailto:info@golffrassanelle.it\">info@golffrassanelle.it<\/a>\r\n\r\n<strong>Spielbahnen\/Par: <\/strong>18\/72\r\n\r\n<strong>La\u0308nge: <\/strong>gelb: 5.906 m \/ rot: 5.173 m\r\n\r\n<strong>Bedingungen:\r\n<\/strong>Ma\u0308rz bis Juni, September und Oktober erst ab 12.00 Uhr einlo\u0308sbar, sonst ganzta\u0308gig.\r\n\r\n<strong>Anfahrt:\r\n<\/strong>20 km von Padua \u2192 Ausfahrt Terme Euganee (A13)\u2192 Montegrotto Richtung (Abano Terme) \u2192 Praglia \u2192 Bresseo \u2192 Montemerlo","partner_logo":1215,"partner_gallery":[52698,52694,1214,52695,47490,52696,52697,52699],"partner_lat":45.386318,"partner_long":11.671858,"partner_type":"golfclub","partner_openings":["1","2","3","4","5","6","7"],"montag_von_bis":"00:00 - 24:00","dienstag_von_bis":"00:00 - 24:00","mittwoch_von_bis":"00:00 - 24:00","donnerstag_von_bis":"00:00 - 24:00","freitag_von_bis":"00:00 - 24:00","samstag_von_bis":"00:00 - 24:00","sonntag_von_bis":"00:00 - 24:00","partner_adresse":"Via Rialto 5\/A, 35030 Rovolon","partner_land_bundesland":"Italien","partner_tel_1":"0039 049 991 0691","partner_tel_2":"0039 049 991 0722","partner_web":"http:\/\/www.golffrassanelle.it","partner_mail":"info@golffrassanelle.it","partner_spielbahnen_par":"18\/72","partner_laenge":"gelb: 5.906 m \/ rot: 5.173 m","partner_bedingungen":"Ma\u0308rz bis Juni, September und Oktober erst ab 12.00 Uhr einlo\u0308sbar, sonst ganzta\u0308gig.\r\nMarch to June, September and October only redeemable from 12.00 noon, otherwise all day.","partner_anfahrt":"20 km von Padua \u2192 Ausfahrt Terme Euganee (A13)\u2192 Montegrotto Richtung (Abano Terme) \u2192 Praglia \u2192 Bresseo \u2192 Montemerlo","partner_misc":null,"additional_css_classes":""},"yoast_head":"<!-- This site is optimized with the Yoast SEO plugin v26.8 - https:\/\/yoast.com\/product\/yoast-seo-wordpress\/ -->\n<title>GC Frassanelle - Fairway 2 Hotel<\/title>\n<meta name=\"robots\" content=\"index, follow, max-snippet:-1, max-image-preview:large, max-video-preview:-1\" \/>\n<link rel=\"canonical\" href=\"https:\/\/fairway2hotel.at\/cs\/golfclubs\/italien\/golfclub-frassanelle\/\" \/>\n<meta property=\"og:locale\" content=\"cs_CZ\" \/>\n<meta property=\"og:type\" content=\"article\" \/>\n<meta property=\"og:title\" content=\"GC Frassanelle - Fairway 2 Hotel\" \/>\n<meta property=\"og:description\" content=\"Genie\u00dfen Sie das Flair in einem Park aus dem 19. Jahrhundert! 1990 angelegt vom venezianischen Architekten Marco Croze, liegt der Platz in einem der noblen Familie Papafava geho\u0308renden, 200 ha gro\u00dfen Park. Er liegt mitten im Nationalpark in den Eugenischen Hu\u0308geln, eingebettet in die natu\u0308rliche Fauna und Flora, weitla\u0308ufig, reich bewaldet und mit Wasserhindernissen gespickt, [&hellip;]\" \/>\n<meta property=\"og:url\" content=\"https:\/\/fairway2hotel.at\/cs\/golfclubs\/italien\/golfclub-frassanelle\/\" \/>\n<meta property=\"og:site_name\" content=\"Fairway 2 Hotel\" \/>\n<meta property=\"article:modified_time\" content=\"2026-02-17T15:52:30+00:00\" \/>\n<meta name=\"twitter:card\" content=\"summary_large_image\" \/>\n<meta name=\"twitter:label1\" content=\"Odhadovan\u00e1 doba \u010dten\u00ed\" \/>\n\t<meta name=\"twitter:data1\" content=\"2 minuty\" \/>\n<script type=\"application\/ld+json\" class=\"yoast-schema-graph\">{\"@context\":\"https:\/\/schema.org\",\"@graph\":[{\"@type\":\"WebPage\",\"@id\":\"https:\/\/fairway2hotel.at\/cs\/golfclubs\/italien\/golfclub-frassanelle\/\",\"url\":\"https:\/\/fairway2hotel.at\/cs\/golfclubs\/italien\/golfclub-frassanelle\/\",\"name\":\"GC Frassanelle - Fairway 2 Hotel\",\"isPartOf\":{\"@id\":\"https:\/\/fairway2hotel.at\/cs\/#website\"},\"datePublished\":\"2016-10-07T07:30:38+00:00\",\"dateModified\":\"2026-02-17T15:52:30+00:00\",\"breadcrumb\":{\"@id\":\"https:\/\/fairway2hotel.at\/cs\/golfclubs\/italien\/golfclub-frassanelle\/#breadcrumb\"},\"inLanguage\":\"cs\",\"potentialAction\":[{\"@type\":\"ReadAction\",\"target\":[\"https:\/\/fairway2hotel.at\/cs\/golfclubs\/italien\/golfclub-frassanelle\/\"]}]},{\"@type\":\"BreadcrumbList\",\"@id\":\"https:\/\/fairway2hotel.at\/cs\/golfclubs\/italien\/golfclub-frassanelle\/#breadcrumb\",\"itemListElement\":[{\"@type\":\"ListItem\",\"position\":1,\"name\":\"Home\",\"item\":\"https:\/\/fairway2hotel.at\/cs\/\"},{\"@type\":\"ListItem\",\"position\":2,\"name\":\"Golfclubs\",\"item\":\"https:\/\/fairway2hotel.at\/cs\/golfclubs\/\"},{\"@type\":\"ListItem\",\"position\":3,\"name\":\"Golfclubs Italien\",\"item\":\"https:\/\/fairway2hotel.at\/cs\/golfclubs\/italien\/\"},{\"@type\":\"ListItem\",\"position\":4,\"name\":\"GC Frassanelle\"}]},{\"@type\":\"WebSite\",\"@id\":\"https:\/\/fairway2hotel.at\/cs\/#website\",\"url\":\"https:\/\/fairway2hotel.at\/cs\/\",\"name\":\"Fairway 2 Hotel\",\"description\":\"Golf zum halben Preis! 2 spielen - 1 zahlt\",\"potentialAction\":[{\"@type\":\"SearchAction\",\"target\":{\"@type\":\"EntryPoint\",\"urlTemplate\":\"https:\/\/fairway2hotel.at\/cs\/?s={search_term_string}\"},\"query-input\":{\"@type\":\"PropertyValueSpecification\",\"valueRequired\":true,\"valueName\":\"search_term_string\"}}],\"inLanguage\":\"cs\"}]}<\/script>\n<!-- \/ Yoast SEO plugin. -->","yoast_head_json":{"title":"GC Frassanelle - Fairway 2 Hotel","robots":{"index":"index","follow":"follow","max-snippet":"max-snippet:-1","max-image-preview":"max-image-preview:large","max-video-preview":"max-video-preview:-1"},"canonical":"https:\/\/fairway2hotel.at\/cs\/golfclubs\/italien\/golfclub-frassanelle\/","og_locale":"cs_CZ","og_type":"article","og_title":"GC Frassanelle - Fairway 2 Hotel","og_description":"Genie\u00dfen Sie das Flair in einem Park aus dem 19. Jahrhundert! 1990 angelegt vom venezianischen Architekten Marco Croze, liegt der Platz in einem der noblen Familie Papafava geho\u0308renden, 200 ha gro\u00dfen Park. Er liegt mitten im Nationalpark in den Eugenischen Hu\u0308geln, eingebettet in die natu\u0308rliche Fauna und Flora, weitla\u0308ufig, reich bewaldet und mit Wasserhindernissen gespickt, [&hellip;]","og_url":"https:\/\/fairway2hotel.at\/cs\/golfclubs\/italien\/golfclub-frassanelle\/","og_site_name":"Fairway 2 Hotel","article_modified_time":"2026-02-17T15:52:30+00:00","twitter_card":"summary_large_image","twitter_misc":{"Odhadovan\u00e1 doba \u010dten\u00ed":"2 minuty"},"schema":{"@context":"https:\/\/schema.org","@graph":[{"@type":"WebPage","@id":"https:\/\/fairway2hotel.at\/cs\/golfclubs\/italien\/golfclub-frassanelle\/","url":"https:\/\/fairway2hotel.at\/cs\/golfclubs\/italien\/golfclub-frassanelle\/","name":"GC Frassanelle - Fairway 2 Hotel","isPartOf":{"@id":"https:\/\/fairway2hotel.at\/cs\/#website"},"datePublished":"2016-10-07T07:30:38+00:00","dateModified":"2026-02-17T15:52:30+00:00","breadcrumb":{"@id":"https:\/\/fairway2hotel.at\/cs\/golfclubs\/italien\/golfclub-frassanelle\/#breadcrumb"},"inLanguage":"cs","potentialAction":[{"@type":"ReadAction","target":["https:\/\/fairway2hotel.at\/cs\/golfclubs\/italien\/golfclub-frassanelle\/"]}]},{"@type":"BreadcrumbList","@id":"https:\/\/fairway2hotel.at\/cs\/golfclubs\/italien\/golfclub-frassanelle\/#breadcrumb","itemListElement":[{"@type":"ListItem","position":1,"name":"Home","item":"https:\/\/fairway2hotel.at\/cs\/"},{"@type":"ListItem","position":2,"name":"Golfclubs","item":"https:\/\/fairway2hotel.at\/cs\/golfclubs\/"},{"@type":"ListItem","position":3,"name":"Golfclubs Italien","item":"https:\/\/fairway2hotel.at\/cs\/golfclubs\/italien\/"},{"@type":"ListItem","position":4,"name":"GC Frassanelle"}]},{"@type":"WebSite","@id":"https:\/\/fairway2hotel.at\/cs\/#website","url":"https:\/\/fairway2hotel.at\/cs\/","name":"Fairway 2 Hotel","description":"Golf zum halben Preis! 2 spielen - 1 zahlt","potentialAction":[{"@type":"SearchAction","target":{"@type":"EntryPoint","urlTemplate":"https:\/\/fairway2hotel.at\/cs\/?s={search_term_string}"},"query-input":{"@type":"PropertyValueSpecification","valueRequired":true,"valueName":"search_term_string"}}],"inLanguage":"cs"}]}},"_links":{"self":[{"href":"https:\/\/fairway2hotel.at\/cs\/wp-json\/wp\/v2\/pages\/1216","targetHints":{"allow":["GET"]}}],"collection":[{"href":"https:\/\/fairway2hotel.at\/cs\/wp-json\/wp\/v2\/pages"}],"about":[{"href":"https:\/\/fairway2hotel.at\/cs\/wp-json\/wp\/v2\/types\/page"}],"author":[{"embeddable":true,"href":"https:\/\/fairway2hotel.at\/cs\/wp-json\/wp\/v2\/users\/1"}],"replies":[{"embeddable":true,"href":"https:\/\/fairway2hotel.at\/cs\/wp-json\/wp\/v2\/comments?post=1216"}],"version-history":[{"count":8,"href":"https:\/\/fairway2hotel.at\/cs\/wp-json\/wp\/v2\/pages\/1216\/revisions"}],"predecessor-version":[{"id":52701,"href":"https:\/\/fairway2hotel.at\/cs\/wp-json\/wp\/v2\/pages\/1216\/revisions\/52701"}],"up":[{"embeddable":true,"href":"https:\/\/fairway2hotel.at\/cs\/wp-json\/wp\/v2\/pages\/1657"}],"acf:attachment":[{"embeddable":true,"href":"https:\/\/fairway2hotel.at\/cs\/wp-json\/wp\/v2\/media\/52699"},{"embeddable":true,"href":"https:\/\/fairway2hotel.at\/cs\/wp-json\/wp\/v2\/media\/52697"},{"embeddable":true,"href":"https:\/\/fairway2hotel.at\/cs\/wp-json\/wp\/v2\/media\/52696"},{"embeddable":true,"href":"https:\/\/fairway2hotel.at\/cs\/wp-json\/wp\/v2\/media\/47490"},{"embeddable":true,"href":"https:\/\/fairway2hotel.at\/cs\/wp-json\/wp\/v2\/media\/52695"},{"embeddable":true,"href":"https:\/\/fairway2hotel.at\/cs\/wp-json\/wp\/v2\/media\/1214"},{"embeddable":true,"href":"https:\/\/fairway2hotel.at\/cs\/wp-json\/wp\/v2\/media\/52694"},{"embeddable":true,"href":"https:\/\/fairway2hotel.at\/cs\/wp-json\/wp\/v2\/media\/52698"}],"wp:attachment":[{"href":"https:\/\/fairway2hotel.at\/cs\/wp-json\/wp\/v2\/media?parent=1216"}],"curies":[{"name":"wp","href":"https:\/\/api.w.org\/{rel}","templated":true}]}}