{"id":1251,"date":"2016-10-18T08:41:09","date_gmt":"2016-10-18T06:41:09","guid":{"rendered":"https:\/\/f2h.app\/hotel-heitzmann\/"},"modified":"2025-03-14T10:55:28","modified_gmt":"2025-03-14T09:55:28","slug":"hotel-heitzmann","status":"publish","type":"page","link":"https:\/\/fairway2hotel.at\/cs\/hotels\/salzburg\/hotel-heitzmann\/","title":{"rendered":"Hotel Heitzmann"},"content":{"rendered":"<h2>Gemu\u0308tlich, freundlich, traditionell!<\/h2>\n<p>Modernes Wohndesign kombiniert mit Tradition und Gemu\u0308tlichkeit im 300 Jahre alten Hotel am Stadtplatz von Mittersill. Sie wohnen in modernen, lichtdurchfluteten Komfortzimmern und erholen sich im Wellness- und Vitalbereich mit Dachterrasse. Die Zirbenstube, 2 kleinere Stu\u0308berl, der Biergarten oder die Terrasse laden zum gemu\u0308tlichen Verweilen ein. Alle Zimmer sind ausgestattet mit Dusche, WC, SAT-TV, Radio, Telefon und Haarfo\u0308n. W-Lan ist in jedem Zimmer kostenlos! In unmittelbarer Umgebung finden Sie den 18-Loch-Golfplatz \u201e Nationalpark Hohe Tauern\u201c mit Driving Range und Golfschule sowie die Mo\u0308glichkeit, viele andere Ihre Fitness fo\u0308rdernde Sportarten auszuu\u0308ben. Unter anderem ein Hallenbad, Tennis- und Squash-Anlage, Fitnesscenter u. v. m. Au\u00dferdem zu Ihrer Verfu\u0308gung: Nationalpark Card \u2013 Hohe Tauern mit mehreren erma\u0308\u00dfigten Leistungen.<\/p>\n<h2>Cosy, friendly, traditional!<\/h2>\n<p>Modern interior design combined with tradition and cosiness in the 300-year-old hotel on Mittersill&#8217;s town square. Stay in modern, light-flooded comfort rooms and relax in the wellness and vitality area with roof terrace. The Zirbenstube, 2 smaller parlours, the beer garden or the terrace invite you to linger in comfort. All rooms are equipped with shower, WC, satellite TV, radio, telephone and hairdryer. W-Lan is free of charge in every room! In the immediate vicinity you will find the 18-hole golf course \u2018Hohe Tauern National Park\u2019 with driving range and golf school, as well as the opportunity to practise many other fitness-enhancing sports. These include an indoor swimming pool, tennis and squash facilities, fitness centre and much more. Also at your disposal: National Park Card &#8211; Hohe Tauern with several discounted services.<\/p>\n","protected":false},"excerpt":{"rendered":"<p>Gemu\u0308tlich, freundlich, traditionell! Modernes Wohndesign kombiniert mit Tradition und Gemu\u0308tlichkeit im 300 Jahre alten Hotel am Stadtplatz von Mittersill. Sie wohnen in modernen, lichtdurchfluteten Komfortzimmern und erholen sich im Wellness- und Vitalbereich mit Dachterrasse. Die Zirbenstube, 2 kleinere Stu\u0308berl, der Biergarten oder die Terrasse laden zum gemu\u0308tlichen Verweilen ein. Alle Zimmer sind ausgestattet mit Dusche, [&hellip;]<\/p>\n","protected":false},"author":1,"featured_media":0,"parent":2162,"menu_order":5,"comment_status":"closed","ping_status":"closed","template":"page-partner.php","meta":{"_acf_changed":false,"footnotes":""},"class_list":["post-1251","page","type-page","status-publish","hentry"],"acf":{"partner_infobox":"<strong>Adresse:\u00a0<\/strong>Am Stadtplatz 18, A-5730 Mittersill\r\n\r\n<strong>Tel:\u00a0<\/strong>0043 6562 6304\r\n\r\n<strong>Fax:\u00a0<\/strong>0043 6562 6304 44\r\n\r\n<strong>Web:\u00a0<\/strong><a href=\"http:\/\/www.hotel-heitzmann.at\" target=\"_blank\" rel=\"nofollow noopener noreferrer\">www.hotel-heitzmann.at<\/a>\r\n\r\n<strong>E-Mail:<\/strong> <a href=\"mailto:heitzmann@braurup.at\">heitzmann@braurup.at<\/a>\r\n\r\n<em><strong>Bedingungen: <\/strong>Je nach Verfu\u0308gbarkeit.<\/em>\r\n\r\n<strong>Golfpl\u00e4tze in der Umgebung:\r\n<\/strong>GC Nationalpark Hohe Tauern \/ 5 Min. Autofahrt (2 km)\r\n\r\n<strong>Anfahrt:\r\n<\/strong>Von Mu\u0308nchen \u2192 Ro- senheim \u2192 Kufstein \u2192 Kitzbu\u0308- hel \u2192 Mittersill. \/ Von Salzburg \u2192 Bischofshofen \u2192 Zell am See \u2192 Mittersill. \/ Von Lienz \u2192 Felbertauern \u2192 Mittersill. \/ Von Innsbruck \u2192 Zillertal \u2192 Gerlo\u00df- Pass \u2192 Mittersill.","partner_logo":2770,"partner_gallery":[2768,2769],"partner_lat":47.28149,"partner_long":12.482278,"partner_type":"hotel","partner_openings":["1","2","3","4","5","6","7"],"montag_von_bis":"00:00 - 24:00","dienstag_von_bis":"00:00 - 24:00","mittwoch_von_bis":"00:00 - 24:00","donnerstag_von_bis":"00:00 - 24:00","freitag_von_bis":"00:00 - 24:00","samstag_von_bis":"00:00 - 24:00","sonntag_von_bis":"00:00 - 24:00","partner_adresse":"Am Stadtplatz 18, A-5730 Mittersill","partner_land_bundesland":"","partner_tel_1":"0043 6562 6304","partner_tel_2":"","partner_web":"https:\/\/www.hotel-heitzmann.at\/","partner_mail":"heitzmann@braurup.at","partner_spielbahnen_par":"","partner_laenge":"","partner_bedingungen":"","partner_anfahrt":"","partner_misc":null,"additional_css_classes":""},"yoast_head":"<!-- This site is optimized with the Yoast SEO plugin v26.8 - https:\/\/yoast.com\/product\/yoast-seo-wordpress\/ -->\n<title>Hotel Heitzmann - Fairway 2 Hotel<\/title>\n<meta name=\"robots\" content=\"index, follow, max-snippet:-1, max-image-preview:large, max-video-preview:-1\" \/>\n<link rel=\"canonical\" href=\"https:\/\/fairway2hotel.at\/cs\/hotels\/salzburg\/hotel-heitzmann\/\" \/>\n<meta property=\"og:locale\" content=\"cs_CZ\" \/>\n<meta property=\"og:type\" content=\"article\" \/>\n<meta property=\"og:title\" content=\"Hotel Heitzmann - Fairway 2 Hotel\" \/>\n<meta property=\"og:description\" content=\"Gemu\u0308tlich, freundlich, traditionell! Modernes Wohndesign kombiniert mit Tradition und Gemu\u0308tlichkeit im 300 Jahre alten Hotel am Stadtplatz von Mittersill. Sie wohnen in modernen, lichtdurchfluteten Komfortzimmern und erholen sich im Wellness- und Vitalbereich mit Dachterrasse. Die Zirbenstube, 2 kleinere Stu\u0308berl, der Biergarten oder die Terrasse laden zum gemu\u0308tlichen Verweilen ein. Alle Zimmer sind ausgestattet mit Dusche, [&hellip;]\" \/>\n<meta property=\"og:url\" content=\"https:\/\/fairway2hotel.at\/cs\/hotels\/salzburg\/hotel-heitzmann\/\" \/>\n<meta property=\"og:site_name\" content=\"Fairway 2 Hotel\" \/>\n<meta property=\"article:modified_time\" content=\"2025-03-14T09:55:28+00:00\" \/>\n<meta name=\"twitter:card\" content=\"summary_large_image\" \/>\n<meta name=\"twitter:label1\" content=\"Odhadovan\u00e1 doba \u010dten\u00ed\" \/>\n\t<meta name=\"twitter:data1\" content=\"2 minuty\" \/>\n<script type=\"application\/ld+json\" class=\"yoast-schema-graph\">{\"@context\":\"https:\/\/schema.org\",\"@graph\":[{\"@type\":\"WebPage\",\"@id\":\"https:\/\/fairway2hotel.at\/cs\/hotels\/salzburg\/hotel-heitzmann\/\",\"url\":\"https:\/\/fairway2hotel.at\/cs\/hotels\/salzburg\/hotel-heitzmann\/\",\"name\":\"Hotel Heitzmann - Fairway 2 Hotel\",\"isPartOf\":{\"@id\":\"https:\/\/fairway2hotel.at\/cs\/#website\"},\"datePublished\":\"2016-10-18T06:41:09+00:00\",\"dateModified\":\"2025-03-14T09:55:28+00:00\",\"breadcrumb\":{\"@id\":\"https:\/\/fairway2hotel.at\/cs\/hotels\/salzburg\/hotel-heitzmann\/#breadcrumb\"},\"inLanguage\":\"cs\",\"potentialAction\":[{\"@type\":\"ReadAction\",\"target\":[\"https:\/\/fairway2hotel.at\/cs\/hotels\/salzburg\/hotel-heitzmann\/\"]}]},{\"@type\":\"BreadcrumbList\",\"@id\":\"https:\/\/fairway2hotel.at\/cs\/hotels\/salzburg\/hotel-heitzmann\/#breadcrumb\",\"itemListElement\":[{\"@type\":\"ListItem\",\"position\":1,\"name\":\"Home\",\"item\":\"https:\/\/fairway2hotel.at\/cs\/\"},{\"@type\":\"ListItem\",\"position\":2,\"name\":\"Hotels\",\"item\":\"https:\/\/fairway2hotel.at\/cs\/hotels\/\"},{\"@type\":\"ListItem\",\"position\":3,\"name\":\"Hotels Salzburg\",\"item\":\"https:\/\/fairway2hotel.at\/cs\/hotels\/salzburg\/\"},{\"@type\":\"ListItem\",\"position\":4,\"name\":\"Hotel Heitzmann\"}]},{\"@type\":\"WebSite\",\"@id\":\"https:\/\/fairway2hotel.at\/cs\/#website\",\"url\":\"https:\/\/fairway2hotel.at\/cs\/\",\"name\":\"Fairway 2 Hotel\",\"description\":\"Golf zum halben Preis! 2 spielen - 1 zahlt\",\"potentialAction\":[{\"@type\":\"SearchAction\",\"target\":{\"@type\":\"EntryPoint\",\"urlTemplate\":\"https:\/\/fairway2hotel.at\/cs\/?s={search_term_string}\"},\"query-input\":{\"@type\":\"PropertyValueSpecification\",\"valueRequired\":true,\"valueName\":\"search_term_string\"}}],\"inLanguage\":\"cs\"}]}<\/script>\n<!-- \/ Yoast SEO plugin. -->","yoast_head_json":{"title":"Hotel Heitzmann - Fairway 2 Hotel","robots":{"index":"index","follow":"follow","max-snippet":"max-snippet:-1","max-image-preview":"max-image-preview:large","max-video-preview":"max-video-preview:-1"},"canonical":"https:\/\/fairway2hotel.at\/cs\/hotels\/salzburg\/hotel-heitzmann\/","og_locale":"cs_CZ","og_type":"article","og_title":"Hotel Heitzmann - Fairway 2 Hotel","og_description":"Gemu\u0308tlich, freundlich, traditionell! Modernes Wohndesign kombiniert mit Tradition und Gemu\u0308tlichkeit im 300 Jahre alten Hotel am Stadtplatz von Mittersill. Sie wohnen in modernen, lichtdurchfluteten Komfortzimmern und erholen sich im Wellness- und Vitalbereich mit Dachterrasse. Die Zirbenstube, 2 kleinere Stu\u0308berl, der Biergarten oder die Terrasse laden zum gemu\u0308tlichen Verweilen ein. Alle Zimmer sind ausgestattet mit Dusche, [&hellip;]","og_url":"https:\/\/fairway2hotel.at\/cs\/hotels\/salzburg\/hotel-heitzmann\/","og_site_name":"Fairway 2 Hotel","article_modified_time":"2025-03-14T09:55:28+00:00","twitter_card":"summary_large_image","twitter_misc":{"Odhadovan\u00e1 doba \u010dten\u00ed":"2 minuty"},"schema":{"@context":"https:\/\/schema.org","@graph":[{"@type":"WebPage","@id":"https:\/\/fairway2hotel.at\/cs\/hotels\/salzburg\/hotel-heitzmann\/","url":"https:\/\/fairway2hotel.at\/cs\/hotels\/salzburg\/hotel-heitzmann\/","name":"Hotel Heitzmann - Fairway 2 Hotel","isPartOf":{"@id":"https:\/\/fairway2hotel.at\/cs\/#website"},"datePublished":"2016-10-18T06:41:09+00:00","dateModified":"2025-03-14T09:55:28+00:00","breadcrumb":{"@id":"https:\/\/fairway2hotel.at\/cs\/hotels\/salzburg\/hotel-heitzmann\/#breadcrumb"},"inLanguage":"cs","potentialAction":[{"@type":"ReadAction","target":["https:\/\/fairway2hotel.at\/cs\/hotels\/salzburg\/hotel-heitzmann\/"]}]},{"@type":"BreadcrumbList","@id":"https:\/\/fairway2hotel.at\/cs\/hotels\/salzburg\/hotel-heitzmann\/#breadcrumb","itemListElement":[{"@type":"ListItem","position":1,"name":"Home","item":"https:\/\/fairway2hotel.at\/cs\/"},{"@type":"ListItem","position":2,"name":"Hotels","item":"https:\/\/fairway2hotel.at\/cs\/hotels\/"},{"@type":"ListItem","position":3,"name":"Hotels Salzburg","item":"https:\/\/fairway2hotel.at\/cs\/hotels\/salzburg\/"},{"@type":"ListItem","position":4,"name":"Hotel Heitzmann"}]},{"@type":"WebSite","@id":"https:\/\/fairway2hotel.at\/cs\/#website","url":"https:\/\/fairway2hotel.at\/cs\/","name":"Fairway 2 Hotel","description":"Golf zum halben Preis! 2 spielen - 1 zahlt","potentialAction":[{"@type":"SearchAction","target":{"@type":"EntryPoint","urlTemplate":"https:\/\/fairway2hotel.at\/cs\/?s={search_term_string}"},"query-input":{"@type":"PropertyValueSpecification","valueRequired":true,"valueName":"search_term_string"}}],"inLanguage":"cs"}]}},"_links":{"self":[{"href":"https:\/\/fairway2hotel.at\/cs\/wp-json\/wp\/v2\/pages\/1251","targetHints":{"allow":["GET"]}}],"collection":[{"href":"https:\/\/fairway2hotel.at\/cs\/wp-json\/wp\/v2\/pages"}],"about":[{"href":"https:\/\/fairway2hotel.at\/cs\/wp-json\/wp\/v2\/types\/page"}],"author":[{"embeddable":true,"href":"https:\/\/fairway2hotel.at\/cs\/wp-json\/wp\/v2\/users\/1"}],"replies":[{"embeddable":true,"href":"https:\/\/fairway2hotel.at\/cs\/wp-json\/wp\/v2\/comments?post=1251"}],"version-history":[{"count":6,"href":"https:\/\/fairway2hotel.at\/cs\/wp-json\/wp\/v2\/pages\/1251\/revisions"}],"predecessor-version":[{"id":46567,"href":"https:\/\/fairway2hotel.at\/cs\/wp-json\/wp\/v2\/pages\/1251\/revisions\/46567"}],"up":[{"embeddable":true,"href":"https:\/\/fairway2hotel.at\/cs\/wp-json\/wp\/v2\/pages\/2162"}],"acf:attachment":[{"embeddable":true,"href":"https:\/\/fairway2hotel.at\/cs\/wp-json\/wp\/v2\/media\/2769"},{"embeddable":true,"href":"https:\/\/fairway2hotel.at\/cs\/wp-json\/wp\/v2\/media\/2768"}],"wp:attachment":[{"href":"https:\/\/fairway2hotel.at\/cs\/wp-json\/wp\/v2\/media?parent=1251"}],"curies":[{"name":"wp","href":"https:\/\/api.w.org\/{rel}","templated":true}]}}