{"id":1270,"date":"2016-10-18T08:43:43","date_gmt":"2016-10-18T06:43:43","guid":{"rendered":"https:\/\/f2h.app\/parkhotel-hall\/"},"modified":"2025-03-14T11:11:08","modified_gmt":"2025-03-14T10:11:08","slug":"parkhotel-hall","status":"publish","type":"page","link":"https:\/\/fairway2hotel.at\/cs\/hotels\/tirol\/parkhotel-hall\/","title":{"rendered":"Parkhotel Hall"},"content":{"rendered":"<h2>golf, stadt und natur<\/h2>\n<p>das ****parkhotel hall kombiniert modernes\u00a0design, erstklassigen stil und komfort. rund\u00a0um das hotel, in der historischen altstadt von\u00a0hall, treffen sie auf boutiquen, restaurants\u00a0und bars sowie\u00a0sehensw\u00fcrdige museen. in\u00a0unmittelbarer n\u00e4he zur landeshauptstadt\u00a0innsbruck sowie den swarovski kristallwelten\u00a0gelegen, sind kulturelle highlights zum greifen\u00a0nahe. der abendliche treffpunkt in hall ist die\u00a0parkhotel-terrasse mit ihrer mediterranen\u00a0atmosph\u00e4re direkt am kurpark gelegen. das\u00a0hotel verf\u00fcgt \u00fcber ein exzellentes restaurant\u00a0mit ambitionierter, internationaler k\u00fcche und\u00a0ein weitl\u00e4ufiges spa mit saunen, dampfb\u00e4dern und kneippbecken.\u00a0sechs erstklassige golfpl\u00e4tze befinden sich\u00a0nur wenige autominuten entfernt.\u00a0wir freuen uns, sie im ****parkhotel hall willkommen zu hei\u00dfen.<\/p>\n<h2>golf, city and nature<\/h2>\n<p>the ****parkhotel hall combines modern design, first-class style and comfort. around the hotel, in the historic old town of hall, you will find boutiques, restaurants and bars as well as museums worth seeing. located in the immediate vicinity of the provincial capital of innsbruck and the swarovski crystal worlds, cultural highlights are within easy reach. the parkhotel terrace with its mediterranean atmosphere right next to the spa gardens is the place to be in the evenings in hall. the hotel has an excellent restaurant with ambitious, international cuisine and an extensive spa with saunas, steam baths and Kneipp pools. six first-class golf courses are just a few minutes&#8217; drive away. we look forward to welcoming you to the ****parkhotel hall.<\/p>\n","protected":false},"excerpt":{"rendered":"<p>golf, stadt und natur das ****parkhotel hall kombiniert modernes\u00a0design, erstklassigen stil und komfort. rund\u00a0um das hotel, in der historischen altstadt von\u00a0hall, treffen sie auf boutiquen, restaurants\u00a0und bars sowie\u00a0sehensw\u00fcrdige museen. in\u00a0unmittelbarer n\u00e4he zur landeshauptstadt\u00a0innsbruck sowie den swarovski kristallwelten\u00a0gelegen, sind kulturelle highlights zum greifen\u00a0nahe. der abendliche treffpunkt in hall ist die\u00a0parkhotel-terrasse mit ihrer mediterranen\u00a0atmosph\u00e4re direkt am kurpark [&hellip;]<\/p>\n","protected":false},"author":1,"featured_media":0,"parent":2186,"menu_order":20,"comment_status":"closed","ping_status":"closed","template":"page-partner.php","meta":{"_acf_changed":false,"footnotes":""},"class_list":["post-1270","page","type-page","status-publish","hentry"],"acf":{"partner_infobox":"<strong>Adresse:\u00a0<\/strong>Thurnfeldgasse 1, 6060 Hall in Tiroll\r\n\r\n<strong>Tel:\u00a0<\/strong>05223\/53769\r\n\r\n<strong>Web: <\/strong><a href=\"http:\/\/www.parkhotel-hall.com\" target=\"_blank\" rel=\"nofollow noopener\">www.parkhotel-hall.com<\/a>\r\n\r\n<strong>E-Mail:<\/strong> <a href=\"mailto:info@parkhotel-hall.com\">info@parkhotel-hall.com<\/a>\r\n\r\n<em><strong>Bedingungen:\r\n<\/strong>Keine Einlo\u0308sung zwischen 23. 12. und 2. 1., Buchungen nur direkt u\u0308ber das Hotel unter Angabe \u201efairway2hotel\u201c bei der Reservierung<\/em>\r\n\r\n<strong>Golfclubs in der N\u00e4he:\r\n<\/strong>Rinn 20 Min. \/ Lans 20 Min. \/ Igls 25 Min. \/ 2 Golfclubs in See- feld 40 Min. \/ Achensee\/Pertisau 35 Min.\r\n\r\n<strong>Anfahrt:\r\n<\/strong>A 12, Ausfahrt Hall Mitte.","partner_logo":1269,"partner_gallery":[1267,2797],"partner_lat":47.28361,"partner_long":11.509432,"partner_type":"hotel","partner_openings":["1","2","3","4","5","6","7"],"montag_von_bis":"00:00 - 24:00","dienstag_von_bis":"00:00 - 24:00","mittwoch_von_bis":"00:00 - 24:00","donnerstag_von_bis":"00:00 - 24:00","freitag_von_bis":"00:00 - 24:00","samstag_von_bis":"00:00 - 24:00","sonntag_von_bis":"00:00 - 24:00","partner_adresse":"Thurnfeldgasse 1, 6060 Hall in Tiroll","partner_land_bundesland":"","partner_tel_1":"00435223\/53769","partner_tel_2":"","partner_web":"https:\/\/www.parkhotel-hall.com","partner_mail":"info@parkhotel-hall.com","partner_spielbahnen_par":"","partner_laenge":"","partner_bedingungen":"Keine Einlo\u0308sung zwischen 23. 12. und 2. 1., Buchungen nur direkt u\u0308ber das Hotel unter Angabe \u201efairway2hotel\u201c bei der Reservierung\r\nNo redemption between 23. 12. and 2. 1., bookings only directly through the hotel by stating \u2018fairway2hotel\u2019 when making the reservation","partner_anfahrt":"","partner_misc":null,"additional_css_classes":""},"yoast_head":"<!-- This site is optimized with the Yoast SEO plugin v26.8 - https:\/\/yoast.com\/product\/yoast-seo-wordpress\/ -->\n<title>Parkhotel Hall - Fairway 2 Hotel<\/title>\n<meta name=\"robots\" content=\"index, follow, max-snippet:-1, max-image-preview:large, max-video-preview:-1\" \/>\n<link rel=\"canonical\" href=\"https:\/\/fairway2hotel.at\/cs\/hotels\/tirol\/parkhotel-hall\/\" \/>\n<meta property=\"og:locale\" content=\"cs_CZ\" \/>\n<meta property=\"og:type\" content=\"article\" \/>\n<meta property=\"og:title\" content=\"Parkhotel Hall - Fairway 2 Hotel\" \/>\n<meta property=\"og:description\" content=\"golf, stadt und natur das ****parkhotel hall kombiniert modernes\u00a0design, erstklassigen stil und komfort. rund\u00a0um das hotel, in der historischen altstadt von\u00a0hall, treffen sie auf boutiquen, restaurants\u00a0und bars sowie\u00a0sehensw\u00fcrdige museen. in\u00a0unmittelbarer n\u00e4he zur landeshauptstadt\u00a0innsbruck sowie den swarovski kristallwelten\u00a0gelegen, sind kulturelle highlights zum greifen\u00a0nahe. der abendliche treffpunkt in hall ist die\u00a0parkhotel-terrasse mit ihrer mediterranen\u00a0atmosph\u00e4re direkt am kurpark [&hellip;]\" \/>\n<meta property=\"og:url\" content=\"https:\/\/fairway2hotel.at\/cs\/hotels\/tirol\/parkhotel-hall\/\" \/>\n<meta property=\"og:site_name\" content=\"Fairway 2 Hotel\" \/>\n<meta property=\"article:modified_time\" content=\"2025-03-14T10:11:08+00:00\" \/>\n<meta name=\"twitter:card\" content=\"summary_large_image\" \/>\n<meta name=\"twitter:label1\" content=\"Odhadovan\u00e1 doba \u010dten\u00ed\" \/>\n\t<meta name=\"twitter:data1\" content=\"2 minuty\" \/>\n<script type=\"application\/ld+json\" class=\"yoast-schema-graph\">{\"@context\":\"https:\/\/schema.org\",\"@graph\":[{\"@type\":\"WebPage\",\"@id\":\"https:\/\/fairway2hotel.at\/cs\/hotels\/tirol\/parkhotel-hall\/\",\"url\":\"https:\/\/fairway2hotel.at\/cs\/hotels\/tirol\/parkhotel-hall\/\",\"name\":\"Parkhotel Hall - Fairway 2 Hotel\",\"isPartOf\":{\"@id\":\"https:\/\/fairway2hotel.at\/cs\/#website\"},\"datePublished\":\"2016-10-18T06:43:43+00:00\",\"dateModified\":\"2025-03-14T10:11:08+00:00\",\"breadcrumb\":{\"@id\":\"https:\/\/fairway2hotel.at\/cs\/hotels\/tirol\/parkhotel-hall\/#breadcrumb\"},\"inLanguage\":\"cs\",\"potentialAction\":[{\"@type\":\"ReadAction\",\"target\":[\"https:\/\/fairway2hotel.at\/cs\/hotels\/tirol\/parkhotel-hall\/\"]}]},{\"@type\":\"BreadcrumbList\",\"@id\":\"https:\/\/fairway2hotel.at\/cs\/hotels\/tirol\/parkhotel-hall\/#breadcrumb\",\"itemListElement\":[{\"@type\":\"ListItem\",\"position\":1,\"name\":\"Home\",\"item\":\"https:\/\/fairway2hotel.at\/cs\/\"},{\"@type\":\"ListItem\",\"position\":2,\"name\":\"Hotels\",\"item\":\"https:\/\/fairway2hotel.at\/cs\/hotels\/\"},{\"@type\":\"ListItem\",\"position\":3,\"name\":\"Hotels Tirol\",\"item\":\"https:\/\/fairway2hotel.at\/cs\/hotels\/tirol\/\"},{\"@type\":\"ListItem\",\"position\":4,\"name\":\"Parkhotel Hall\"}]},{\"@type\":\"WebSite\",\"@id\":\"https:\/\/fairway2hotel.at\/cs\/#website\",\"url\":\"https:\/\/fairway2hotel.at\/cs\/\",\"name\":\"Fairway 2 Hotel\",\"description\":\"Golf zum halben Preis! 2 spielen - 1 zahlt\",\"potentialAction\":[{\"@type\":\"SearchAction\",\"target\":{\"@type\":\"EntryPoint\",\"urlTemplate\":\"https:\/\/fairway2hotel.at\/cs\/?s={search_term_string}\"},\"query-input\":{\"@type\":\"PropertyValueSpecification\",\"valueRequired\":true,\"valueName\":\"search_term_string\"}}],\"inLanguage\":\"cs\"}]}<\/script>\n<!-- \/ Yoast SEO plugin. -->","yoast_head_json":{"title":"Parkhotel Hall - Fairway 2 Hotel","robots":{"index":"index","follow":"follow","max-snippet":"max-snippet:-1","max-image-preview":"max-image-preview:large","max-video-preview":"max-video-preview:-1"},"canonical":"https:\/\/fairway2hotel.at\/cs\/hotels\/tirol\/parkhotel-hall\/","og_locale":"cs_CZ","og_type":"article","og_title":"Parkhotel Hall - Fairway 2 Hotel","og_description":"golf, stadt und natur das ****parkhotel hall kombiniert modernes\u00a0design, erstklassigen stil und komfort. rund\u00a0um das hotel, in der historischen altstadt von\u00a0hall, treffen sie auf boutiquen, restaurants\u00a0und bars sowie\u00a0sehensw\u00fcrdige museen. in\u00a0unmittelbarer n\u00e4he zur landeshauptstadt\u00a0innsbruck sowie den swarovski kristallwelten\u00a0gelegen, sind kulturelle highlights zum greifen\u00a0nahe. der abendliche treffpunkt in hall ist die\u00a0parkhotel-terrasse mit ihrer mediterranen\u00a0atmosph\u00e4re direkt am kurpark [&hellip;]","og_url":"https:\/\/fairway2hotel.at\/cs\/hotels\/tirol\/parkhotel-hall\/","og_site_name":"Fairway 2 Hotel","article_modified_time":"2025-03-14T10:11:08+00:00","twitter_card":"summary_large_image","twitter_misc":{"Odhadovan\u00e1 doba \u010dten\u00ed":"2 minuty"},"schema":{"@context":"https:\/\/schema.org","@graph":[{"@type":"WebPage","@id":"https:\/\/fairway2hotel.at\/cs\/hotels\/tirol\/parkhotel-hall\/","url":"https:\/\/fairway2hotel.at\/cs\/hotels\/tirol\/parkhotel-hall\/","name":"Parkhotel Hall - Fairway 2 Hotel","isPartOf":{"@id":"https:\/\/fairway2hotel.at\/cs\/#website"},"datePublished":"2016-10-18T06:43:43+00:00","dateModified":"2025-03-14T10:11:08+00:00","breadcrumb":{"@id":"https:\/\/fairway2hotel.at\/cs\/hotels\/tirol\/parkhotel-hall\/#breadcrumb"},"inLanguage":"cs","potentialAction":[{"@type":"ReadAction","target":["https:\/\/fairway2hotel.at\/cs\/hotels\/tirol\/parkhotel-hall\/"]}]},{"@type":"BreadcrumbList","@id":"https:\/\/fairway2hotel.at\/cs\/hotels\/tirol\/parkhotel-hall\/#breadcrumb","itemListElement":[{"@type":"ListItem","position":1,"name":"Home","item":"https:\/\/fairway2hotel.at\/cs\/"},{"@type":"ListItem","position":2,"name":"Hotels","item":"https:\/\/fairway2hotel.at\/cs\/hotels\/"},{"@type":"ListItem","position":3,"name":"Hotels Tirol","item":"https:\/\/fairway2hotel.at\/cs\/hotels\/tirol\/"},{"@type":"ListItem","position":4,"name":"Parkhotel Hall"}]},{"@type":"WebSite","@id":"https:\/\/fairway2hotel.at\/cs\/#website","url":"https:\/\/fairway2hotel.at\/cs\/","name":"Fairway 2 Hotel","description":"Golf zum halben Preis! 2 spielen - 1 zahlt","potentialAction":[{"@type":"SearchAction","target":{"@type":"EntryPoint","urlTemplate":"https:\/\/fairway2hotel.at\/cs\/?s={search_term_string}"},"query-input":{"@type":"PropertyValueSpecification","valueRequired":true,"valueName":"search_term_string"}}],"inLanguage":"cs"}]}},"_links":{"self":[{"href":"https:\/\/fairway2hotel.at\/cs\/wp-json\/wp\/v2\/pages\/1270","targetHints":{"allow":["GET"]}}],"collection":[{"href":"https:\/\/fairway2hotel.at\/cs\/wp-json\/wp\/v2\/pages"}],"about":[{"href":"https:\/\/fairway2hotel.at\/cs\/wp-json\/wp\/v2\/types\/page"}],"author":[{"embeddable":true,"href":"https:\/\/fairway2hotel.at\/cs\/wp-json\/wp\/v2\/users\/1"}],"replies":[{"embeddable":true,"href":"https:\/\/fairway2hotel.at\/cs\/wp-json\/wp\/v2\/comments?post=1270"}],"version-history":[{"count":10,"href":"https:\/\/fairway2hotel.at\/cs\/wp-json\/wp\/v2\/pages\/1270\/revisions"}],"predecessor-version":[{"id":46584,"href":"https:\/\/fairway2hotel.at\/cs\/wp-json\/wp\/v2\/pages\/1270\/revisions\/46584"}],"up":[{"embeddable":true,"href":"https:\/\/fairway2hotel.at\/cs\/wp-json\/wp\/v2\/pages\/2186"}],"acf:attachment":[{"embeddable":true,"href":"https:\/\/fairway2hotel.at\/cs\/wp-json\/wp\/v2\/media\/2797"},{"embeddable":true,"href":"https:\/\/fairway2hotel.at\/cs\/wp-json\/wp\/v2\/media\/1267"}],"wp:attachment":[{"href":"https:\/\/fairway2hotel.at\/cs\/wp-json\/wp\/v2\/media?parent=1270"}],"curies":[{"name":"wp","href":"https:\/\/api.w.org\/{rel}","templated":true}]}}