{"id":1281,"date":"2016-10-18T08:46:29","date_gmt":"2016-10-18T06:46:29","guid":{"rendered":"https:\/\/f2h.app\/golf-della-montecchia\/"},"modified":"2026-02-17T17:02:24","modified_gmt":"2026-02-17T16:02:24","slug":"golf-della-montecchia","status":"publish","type":"page","link":"https:\/\/fairway2hotel.at\/cs\/golfclubs\/italien\/golf-della-montecchia\/","title":{"rendered":"GC Della Montecchia"},"content":{"rendered":"<h2>Golfen, wo das Gewo\u0308hnliche zum Au\u00dfergewo\u0308hnlichen wird<\/h2>\n<p>Der GC della Montecchia liegt in der Na\u0308he der Kurorte Abano und Montegrotto. Der 27-Loch-Parcours pra\u0308sentiert sich permanent in perfektem Zustand, geplant von dem beru\u0308hmten Golfplatzarchitekten Tom Macauley. Als Mitglied der \u201eLeading Golf Courses of Europe\u201c wurden hier schon 2x die Turniere der Alps-Tour und 3x die Turniere der Challenge Tour ausgerichtet. Das Clubhaus und seine 2 Restaurants (eines davon sogar mit einem Michelin-Stern ausgezeichnet) waren fru\u0308her eine Tabaktrocknungsanlage, bestechen durch ihre altehrwu\u0308rdige Einrichtung und locken auch nicht golfende Gourmets an. Das Weingut La Montecchia der Familie Emo Ca- podilista, eines der Spitzenweingu\u0308ter der Colli Euganei, liegt gleich ums Eck. Eine Driving Range, ein Pro Shop, Swimming Pool, Sauna und Solarium sowie eine Snack-Bar machen aus einem scho\u0308nen Golftag einen perfekten.<\/p>\n<h2>Golfing where the ordinary becomes extraordinary<\/h2>\n<p>The GC della Montecchia is located near the spa towns of Abano and Montegrotto. The 27-hole course is always in perfect condition, designed by the famous golf course architect Tom Macauley. As a member of the \u2018Leading Golf Courses of Europe\u2019, it has already hosted two Alps Tour tournaments and three Challenge Tour tournaments. The clubhouse and its 2 restaurants (one of which has even been awarded a Michelin star) used to be a tobacco drying plant, impress with their time-honoured furnishings and also attract non-golfing gourmets. The La Montecchia winery owned by the Emo Ca- podilista family, one of the top wineries in the Colli Euganei, is just around the corner. A driving range, pro shop, swimming pool, sauna and solarium as well as a snack bar make for a perfect day of golf.<\/p>\n","protected":false},"excerpt":{"rendered":"<p>Golfen, wo das Gewo\u0308hnliche zum Au\u00dfergewo\u0308hnlichen wird Der GC della Montecchia liegt in der Na\u0308he der Kurorte Abano und Montegrotto. Der 27-Loch-Parcours pra\u0308sentiert sich permanent in perfektem Zustand, geplant von dem beru\u0308hmten Golfplatzarchitekten Tom Macauley. Als Mitglied der \u201eLeading Golf Courses of Europe\u201c wurden hier schon 2x die Turniere der Alps-Tour und 3x die Turniere [&hellip;]<\/p>\n","protected":false},"author":1,"featured_media":0,"parent":1657,"menu_order":100,"comment_status":"closed","ping_status":"closed","template":"page-partner.php","meta":{"_acf_changed":false,"footnotes":""},"class_list":["post-1281","page","type-page","status-publish","hentry"],"acf":{"partner_infobox":"<strong>Adresse:\u00a0<\/strong>Via Montecchia 12, I-35030 Selvazzano Dentro\r\n\r\n<strong>Tel:\u00a0<\/strong>+39 049 8055550\r\n\r\n<strong>Fax:\u00a0<\/strong>+39 049 8055737\r\n\r\n<strong>Web: <\/strong><a href=\"http:\/\/www.golfmontecchia.it\" target=\"_blank\" rel=\"nofollow noopener noreferrer\">www.golfmontecchia.it<\/a>\r\n\r\n<strong>E-Mail:<\/strong> <a href=\"mailto:info@golfmontecchia.it\">info@golfmontecchia.it<\/a>\r\n\r\n<strong>Spielbahnen\/Par: <\/strong>18\/72, 9\/36\r\n\r\n<strong>La\u0308nge: <\/strong>gelb: 6.078 m + 3.097 m\/ rot: 5.326 m + 2.609 m\r\n\r\n<em><strong>Bedingungen:\r\n<\/strong>Ma\u0308rz bis Juni, September und Oktober erst ab 12.00 Uhr einlo\u0308sbar, sonst ganzta\u0308gig.<\/em>\r\n\r\n<strong>Anfahrt:\r\n<\/strong>13 km von Padua \u2192 die SR 47 bis Selvazzano dentro \u2192 u\u0308ber den Kreisverkehr in die Via Pietro Schiavo \u2192 im na\u0308chsten Kreisverkehr in die Via della Mon- tecchia zum Golfplatz.","partner_logo":1280,"partner_gallery":[52705,52702,52703,52704,52709],"partner_lat":45.387324,"partner_long":11.763943,"partner_type":"golfclub","partner_openings":["1","2","3","4","5","6","7"],"montag_von_bis":"00:00 - 24:00","dienstag_von_bis":"00:00 - 24:00","mittwoch_von_bis":"00:00 - 24:00","donnerstag_von_bis":"00:00 - 24:00","freitag_von_bis":"00:00 - 24:00","samstag_von_bis":"00:00 - 24:00","sonntag_von_bis":"00:00 - 24:00","partner_adresse":"Via Montecchia 12, 35030 Selvazzano Dentro","partner_land_bundesland":"Italien","partner_tel_1":"0039 049 8055737","partner_tel_2":"0039 049 8055550","partner_web":"http:\/\/www.golfmontecchia.it\/","partner_mail":"info@golfmontecchia.it","partner_spielbahnen_par":"18\/72, 9\/36","partner_laenge":"gelb: 6.078 m + 3.097 m\/ rot: 5.326 m + 2.609 m","partner_bedingungen":"Ma\u0308rz bis Juni, September und Oktober erst ab 12.00 Uhr einlo\u0308sbar, sonst ganzta\u0308gig.\r\nMarch to June, September and October only redeemable from 12.00 noon, otherwise all day.","partner_anfahrt":"13 km von Padua \u2192 die SR 47 bis Selvazzano dentro \u2192 u\u0308ber den Kreisverkehr in die Via Pietro Schiavo \u2192 im na\u0308chsten Kreisverkehr in die Via della Mon- tecchia zum Golfplatz.","partner_misc":null,"additional_css_classes":""},"yoast_head":"<!-- This site is optimized with the Yoast SEO plugin v26.8 - https:\/\/yoast.com\/product\/yoast-seo-wordpress\/ -->\n<title>GC Della Montecchia - Fairway 2 Hotel<\/title>\n<meta name=\"robots\" content=\"index, follow, max-snippet:-1, max-image-preview:large, max-video-preview:-1\" \/>\n<link rel=\"canonical\" href=\"https:\/\/fairway2hotel.at\/cs\/golfclubs\/italien\/golf-della-montecchia\/\" \/>\n<meta property=\"og:locale\" content=\"cs_CZ\" \/>\n<meta property=\"og:type\" content=\"article\" \/>\n<meta property=\"og:title\" content=\"GC Della Montecchia - Fairway 2 Hotel\" \/>\n<meta property=\"og:description\" content=\"Golfen, wo das Gewo\u0308hnliche zum Au\u00dfergewo\u0308hnlichen wird Der GC della Montecchia liegt in der Na\u0308he der Kurorte Abano und Montegrotto. Der 27-Loch-Parcours pra\u0308sentiert sich permanent in perfektem Zustand, geplant von dem beru\u0308hmten Golfplatzarchitekten Tom Macauley. Als Mitglied der \u201eLeading Golf Courses of Europe\u201c wurden hier schon 2x die Turniere der Alps-Tour und 3x die Turniere [&hellip;]\" \/>\n<meta property=\"og:url\" content=\"https:\/\/fairway2hotel.at\/cs\/golfclubs\/italien\/golf-della-montecchia\/\" \/>\n<meta property=\"og:site_name\" content=\"Fairway 2 Hotel\" \/>\n<meta property=\"article:modified_time\" content=\"2026-02-17T16:02:24+00:00\" \/>\n<meta name=\"twitter:card\" content=\"summary_large_image\" \/>\n<meta name=\"twitter:label1\" content=\"Odhadovan\u00e1 doba \u010dten\u00ed\" \/>\n\t<meta name=\"twitter:data1\" content=\"2 minuty\" \/>\n<script type=\"application\/ld+json\" class=\"yoast-schema-graph\">{\"@context\":\"https:\/\/schema.org\",\"@graph\":[{\"@type\":\"WebPage\",\"@id\":\"https:\/\/fairway2hotel.at\/cs\/golfclubs\/italien\/golf-della-montecchia\/\",\"url\":\"https:\/\/fairway2hotel.at\/cs\/golfclubs\/italien\/golf-della-montecchia\/\",\"name\":\"GC Della Montecchia - Fairway 2 Hotel\",\"isPartOf\":{\"@id\":\"https:\/\/fairway2hotel.at\/cs\/#website\"},\"datePublished\":\"2016-10-18T06:46:29+00:00\",\"dateModified\":\"2026-02-17T16:02:24+00:00\",\"breadcrumb\":{\"@id\":\"https:\/\/fairway2hotel.at\/cs\/golfclubs\/italien\/golf-della-montecchia\/#breadcrumb\"},\"inLanguage\":\"cs\",\"potentialAction\":[{\"@type\":\"ReadAction\",\"target\":[\"https:\/\/fairway2hotel.at\/cs\/golfclubs\/italien\/golf-della-montecchia\/\"]}]},{\"@type\":\"BreadcrumbList\",\"@id\":\"https:\/\/fairway2hotel.at\/cs\/golfclubs\/italien\/golf-della-montecchia\/#breadcrumb\",\"itemListElement\":[{\"@type\":\"ListItem\",\"position\":1,\"name\":\"Home\",\"item\":\"https:\/\/fairway2hotel.at\/cs\/\"},{\"@type\":\"ListItem\",\"position\":2,\"name\":\"Golfclubs\",\"item\":\"https:\/\/fairway2hotel.at\/cs\/golfclubs\/\"},{\"@type\":\"ListItem\",\"position\":3,\"name\":\"Golfclubs Italien\",\"item\":\"https:\/\/fairway2hotel.at\/cs\/golfclubs\/italien\/\"},{\"@type\":\"ListItem\",\"position\":4,\"name\":\"GC Della Montecchia\"}]},{\"@type\":\"WebSite\",\"@id\":\"https:\/\/fairway2hotel.at\/cs\/#website\",\"url\":\"https:\/\/fairway2hotel.at\/cs\/\",\"name\":\"Fairway 2 Hotel\",\"description\":\"Golf zum halben Preis! 2 spielen - 1 zahlt\",\"potentialAction\":[{\"@type\":\"SearchAction\",\"target\":{\"@type\":\"EntryPoint\",\"urlTemplate\":\"https:\/\/fairway2hotel.at\/cs\/?s={search_term_string}\"},\"query-input\":{\"@type\":\"PropertyValueSpecification\",\"valueRequired\":true,\"valueName\":\"search_term_string\"}}],\"inLanguage\":\"cs\"}]}<\/script>\n<!-- \/ Yoast SEO plugin. -->","yoast_head_json":{"title":"GC Della Montecchia - Fairway 2 Hotel","robots":{"index":"index","follow":"follow","max-snippet":"max-snippet:-1","max-image-preview":"max-image-preview:large","max-video-preview":"max-video-preview:-1"},"canonical":"https:\/\/fairway2hotel.at\/cs\/golfclubs\/italien\/golf-della-montecchia\/","og_locale":"cs_CZ","og_type":"article","og_title":"GC Della Montecchia - Fairway 2 Hotel","og_description":"Golfen, wo das Gewo\u0308hnliche zum Au\u00dfergewo\u0308hnlichen wird Der GC della Montecchia liegt in der Na\u0308he der Kurorte Abano und Montegrotto. Der 27-Loch-Parcours pra\u0308sentiert sich permanent in perfektem Zustand, geplant von dem beru\u0308hmten Golfplatzarchitekten Tom Macauley. Als Mitglied der \u201eLeading Golf Courses of Europe\u201c wurden hier schon 2x die Turniere der Alps-Tour und 3x die Turniere [&hellip;]","og_url":"https:\/\/fairway2hotel.at\/cs\/golfclubs\/italien\/golf-della-montecchia\/","og_site_name":"Fairway 2 Hotel","article_modified_time":"2026-02-17T16:02:24+00:00","twitter_card":"summary_large_image","twitter_misc":{"Odhadovan\u00e1 doba \u010dten\u00ed":"2 minuty"},"schema":{"@context":"https:\/\/schema.org","@graph":[{"@type":"WebPage","@id":"https:\/\/fairway2hotel.at\/cs\/golfclubs\/italien\/golf-della-montecchia\/","url":"https:\/\/fairway2hotel.at\/cs\/golfclubs\/italien\/golf-della-montecchia\/","name":"GC Della Montecchia - Fairway 2 Hotel","isPartOf":{"@id":"https:\/\/fairway2hotel.at\/cs\/#website"},"datePublished":"2016-10-18T06:46:29+00:00","dateModified":"2026-02-17T16:02:24+00:00","breadcrumb":{"@id":"https:\/\/fairway2hotel.at\/cs\/golfclubs\/italien\/golf-della-montecchia\/#breadcrumb"},"inLanguage":"cs","potentialAction":[{"@type":"ReadAction","target":["https:\/\/fairway2hotel.at\/cs\/golfclubs\/italien\/golf-della-montecchia\/"]}]},{"@type":"BreadcrumbList","@id":"https:\/\/fairway2hotel.at\/cs\/golfclubs\/italien\/golf-della-montecchia\/#breadcrumb","itemListElement":[{"@type":"ListItem","position":1,"name":"Home","item":"https:\/\/fairway2hotel.at\/cs\/"},{"@type":"ListItem","position":2,"name":"Golfclubs","item":"https:\/\/fairway2hotel.at\/cs\/golfclubs\/"},{"@type":"ListItem","position":3,"name":"Golfclubs Italien","item":"https:\/\/fairway2hotel.at\/cs\/golfclubs\/italien\/"},{"@type":"ListItem","position":4,"name":"GC Della Montecchia"}]},{"@type":"WebSite","@id":"https:\/\/fairway2hotel.at\/cs\/#website","url":"https:\/\/fairway2hotel.at\/cs\/","name":"Fairway 2 Hotel","description":"Golf zum halben Preis! 2 spielen - 1 zahlt","potentialAction":[{"@type":"SearchAction","target":{"@type":"EntryPoint","urlTemplate":"https:\/\/fairway2hotel.at\/cs\/?s={search_term_string}"},"query-input":{"@type":"PropertyValueSpecification","valueRequired":true,"valueName":"search_term_string"}}],"inLanguage":"cs"}]}},"_links":{"self":[{"href":"https:\/\/fairway2hotel.at\/cs\/wp-json\/wp\/v2\/pages\/1281","targetHints":{"allow":["GET"]}}],"collection":[{"href":"https:\/\/fairway2hotel.at\/cs\/wp-json\/wp\/v2\/pages"}],"about":[{"href":"https:\/\/fairway2hotel.at\/cs\/wp-json\/wp\/v2\/types\/page"}],"author":[{"embeddable":true,"href":"https:\/\/fairway2hotel.at\/cs\/wp-json\/wp\/v2\/users\/1"}],"replies":[{"embeddable":true,"href":"https:\/\/fairway2hotel.at\/cs\/wp-json\/wp\/v2\/comments?post=1281"}],"version-history":[{"count":14,"href":"https:\/\/fairway2hotel.at\/cs\/wp-json\/wp\/v2\/pages\/1281\/revisions"}],"predecessor-version":[{"id":52710,"href":"https:\/\/fairway2hotel.at\/cs\/wp-json\/wp\/v2\/pages\/1281\/revisions\/52710"}],"up":[{"embeddable":true,"href":"https:\/\/fairway2hotel.at\/cs\/wp-json\/wp\/v2\/pages\/1657"}],"acf:attachment":[{"embeddable":true,"href":"https:\/\/fairway2hotel.at\/cs\/wp-json\/wp\/v2\/media\/52709"},{"embeddable":true,"href":"https:\/\/fairway2hotel.at\/cs\/wp-json\/wp\/v2\/media\/52704"},{"embeddable":true,"href":"https:\/\/fairway2hotel.at\/cs\/wp-json\/wp\/v2\/media\/52703"},{"embeddable":true,"href":"https:\/\/fairway2hotel.at\/cs\/wp-json\/wp\/v2\/media\/52702"},{"embeddable":true,"href":"https:\/\/fairway2hotel.at\/cs\/wp-json\/wp\/v2\/media\/52705"}],"wp:attachment":[{"href":"https:\/\/fairway2hotel.at\/cs\/wp-json\/wp\/v2\/media?parent=1281"}],"curies":[{"name":"wp","href":"https:\/\/api.w.org\/{rel}","templated":true}]}}