{"id":1285,"date":"2016-10-18T08:47:09","date_gmt":"2016-10-18T06:47:09","guid":{"rendered":"https:\/\/f2h.app\/gc-villa-condulmer\/"},"modified":"2025-03-13T14:36:20","modified_gmt":"2025-03-13T13:36:20","slug":"gc-villa-condulmer","status":"publish","type":"page","link":"https:\/\/fairway2hotel.at\/cs\/golfclubs\/italien\/gc-villa-condulmer\/","title":{"rendered":"GC Villa Condulmer"},"content":{"rendered":"<h2>Herrschaftliches Golfen im Park der Villa Condulmer<\/h2>\n<p>Nur 15 Kilometer vom Ort entfernt befindet sich der Parkkurs des GC Villa Condulmer. Entworfen von 2 Architekten, wobei die ersten 9 Lo\u0308cher in den 60er-Jahren von Johne Harris entworfen wurden, die zweiten 9 von Maro Croze in den 70er-Jahren, zieht sich der Par-71-Kurs mit 5.900 Metern La\u0308nge durch die altehrwu\u0308rdige Landschaft der Villa Condulmer.<\/p>\n<p>Obwohl flach und spielerfreundlich angelegt, sind die schnellen Gru\u0308ns durch die strategisch anspruchsvolle Lage der Bunker sehr gut verteidigt. Wasserhindernisse kommen bei gut der Ha\u0308lfte der Lo\u0308cher ins Spiel und erfordern pra\u0308zises Spiel. Eine 250 Meter lange Driving Rage mit 9 Entfernungsmarkern und ein Puttinggreen vervollsta\u0308ndigen den Platz.<\/p>\n<p>Nach einer entspannten Runde steht Ihnen unser Clubrestaurant zur Verfu\u0308gung, wo Ihnen typische regionale Spezialita\u0308ten offeriert werden und einen scho\u0308nen Golftag perfektionieren.<\/p>\n<h2>Stately golfing in the park of Villa Condulmer<\/h2>\n<p>The Villa Condulmer GC park course is located just 15 kilometres from the town. Designed by 2 architects, with the first 9 holes designed by Johne Harris in the 1960s and the second 9 by Maro Croze in the 1970s, the 5,900 metre par 71 course runs through the time-honoured landscape of Villa Condulmer.<\/p>\n<p>Although flat and player-friendly, the fast greens are very well defended due to the strategically challenging location of the bunkers. Water hazards come into play on a good half of the holes and require precise play. A 250 metre long driving range with 9 distance markers and a putting green complete the course.<\/p>\n<p>After a relaxing round, our club restaurant is at your disposal, where you can enjoy typical regional specialities to round off a wonderful day of golf.<\/p>\n","protected":false},"excerpt":{"rendered":"<p>Herrschaftliches Golfen im Park der Villa Condulmer Nur 15 Kilometer vom Ort entfernt befindet sich der Parkkurs des GC Villa Condulmer. Entworfen von 2 Architekten, wobei die ersten 9 Lo\u0308cher in den 60er-Jahren von Johne Harris entworfen wurden, die zweiten 9 von Maro Croze in den 70er-Jahren, zieht sich der Par-71-Kurs mit 5.900 Metern La\u0308nge [&hellip;]<\/p>\n","protected":false},"author":1,"featured_media":0,"parent":1657,"menu_order":140,"comment_status":"closed","ping_status":"closed","template":"page-partner.php","meta":{"_acf_changed":false,"footnotes":""},"class_list":["post-1285","page","type-page","status-publish","hentry"],"acf":{"partner_infobox":"<strong>Adresse:\u00a0<\/strong>Via della Croce 3, I -31021 Mogliano Veneto\r\n\r\n<strong>Tel:\u00a0<\/strong>+39 041-457062\r\n\r\n<strong>Fax:\u00a0<\/strong>+39 041-457202\r\n\r\n<strong>Web: <\/strong><a href=\"http:\/\/www.golfvillacondulmer.com\" target=\"_blank\" rel=\"nofollow noopener\">www.golfvillacondulmer.com<\/a>\r\n\r\n<strong>E-Mail:<\/strong> <a href=\"mailto:info@golfvillacondulmer.com\">info@golfvillacondulmer.com<\/a>\r\n\r\n<strong>Spielbahnen\/Par: <\/strong>18\/71\r\n\r\n<strong>La\u0308nge: <\/strong>gelb: 5.703 m, rot: 5.040 m\r\n\r\n<em><strong>Bedingungen:\r\n<\/strong>GS einlo\u0308sbar DI\u2013SO mit telefonischer Reservierung.<\/em>\r\n\r\n<strong>Anfahrt:\r\n<\/strong>A4 \u2192 Ausfahrt Preganziol (Tv) \u2192 Richtung Mogliano Veneto \u2192 nach 3 km Golfplatz Flugha\u0308fen: Treviso 14 km, Venedig 15 km","partner_logo":3594,"partner_gallery":[3595,3596,3597],"partner_lat":45.578606,"partner_long":12.26402,"partner_type":"golfclub","partner_openings":["2","3","4","5","6","7"],"montag_von_bis":"00:00 - 24:00","dienstag_von_bis":"00:00 - 24:00","mittwoch_von_bis":"00:00 - 24:00","donnerstag_von_bis":"00:00 - 24:00","freitag_von_bis":"00:00 - 24:00","samstag_von_bis":"00:00 - 24:00","sonntag_von_bis":"00:00 - 24:00","partner_adresse":"Via della Croce 3, 31021 Mogliano Veneto","partner_land_bundesland":"Italien","partner_tel_1":"0039 041 457202","partner_tel_2":"0039 0414 57062","partner_web":"http:\/\/www.golfvillacondulmer.com","partner_mail":"info@golfvillacondulmer.com","partner_spielbahnen_par":"18\/71","partner_laenge":"gelb: 5.703 m, rot: 5.040 m","partner_bedingungen":"GS einlo\u0308sbar DI\u2013SO mit telefonischer Reservierung.\r\nvouchers redeemable DI-SO with telephone reservation.\r\n","partner_anfahrt":"A4 \u2192 Ausfahrt Preganziol (Tv) \u2192 Richtung Mogliano Veneto \u2192 nach 3 km Golfplatz Flugha\u0308fen: Treviso 14 km, Venedig 15 km","partner_misc":null,"additional_css_classes":""},"yoast_head":"<!-- This site is optimized with the Yoast SEO plugin v26.8 - https:\/\/yoast.com\/product\/yoast-seo-wordpress\/ -->\n<title>GC Villa Condulmer - Fairway 2 Hotel<\/title>\n<meta name=\"robots\" content=\"index, follow, max-snippet:-1, max-image-preview:large, max-video-preview:-1\" \/>\n<link rel=\"canonical\" href=\"https:\/\/fairway2hotel.at\/cs\/golfclubs\/italien\/gc-villa-condulmer\/\" \/>\n<meta property=\"og:locale\" content=\"cs_CZ\" \/>\n<meta property=\"og:type\" content=\"article\" \/>\n<meta property=\"og:title\" content=\"GC Villa Condulmer - Fairway 2 Hotel\" \/>\n<meta property=\"og:description\" content=\"Herrschaftliches Golfen im Park der Villa Condulmer Nur 15 Kilometer vom Ort entfernt befindet sich der Parkkurs des GC Villa Condulmer. Entworfen von 2 Architekten, wobei die ersten 9 Lo\u0308cher in den 60er-Jahren von Johne Harris entworfen wurden, die zweiten 9 von Maro Croze in den 70er-Jahren, zieht sich der Par-71-Kurs mit 5.900 Metern La\u0308nge [&hellip;]\" \/>\n<meta property=\"og:url\" content=\"https:\/\/fairway2hotel.at\/cs\/golfclubs\/italien\/gc-villa-condulmer\/\" \/>\n<meta property=\"og:site_name\" content=\"Fairway 2 Hotel\" \/>\n<meta property=\"article:modified_time\" content=\"2025-03-13T13:36:20+00:00\" \/>\n<meta name=\"twitter:card\" content=\"summary_large_image\" \/>\n<meta name=\"twitter:label1\" content=\"Odhadovan\u00e1 doba \u010dten\u00ed\" \/>\n\t<meta name=\"twitter:data1\" content=\"2 minuty\" \/>\n<script type=\"application\/ld+json\" class=\"yoast-schema-graph\">{\"@context\":\"https:\/\/schema.org\",\"@graph\":[{\"@type\":\"WebPage\",\"@id\":\"https:\/\/fairway2hotel.at\/cs\/golfclubs\/italien\/gc-villa-condulmer\/\",\"url\":\"https:\/\/fairway2hotel.at\/cs\/golfclubs\/italien\/gc-villa-condulmer\/\",\"name\":\"GC Villa Condulmer - Fairway 2 Hotel\",\"isPartOf\":{\"@id\":\"https:\/\/fairway2hotel.at\/cs\/#website\"},\"datePublished\":\"2016-10-18T06:47:09+00:00\",\"dateModified\":\"2025-03-13T13:36:20+00:00\",\"breadcrumb\":{\"@id\":\"https:\/\/fairway2hotel.at\/cs\/golfclubs\/italien\/gc-villa-condulmer\/#breadcrumb\"},\"inLanguage\":\"cs\",\"potentialAction\":[{\"@type\":\"ReadAction\",\"target\":[\"https:\/\/fairway2hotel.at\/cs\/golfclubs\/italien\/gc-villa-condulmer\/\"]}]},{\"@type\":\"BreadcrumbList\",\"@id\":\"https:\/\/fairway2hotel.at\/cs\/golfclubs\/italien\/gc-villa-condulmer\/#breadcrumb\",\"itemListElement\":[{\"@type\":\"ListItem\",\"position\":1,\"name\":\"Home\",\"item\":\"https:\/\/fairway2hotel.at\/cs\/\"},{\"@type\":\"ListItem\",\"position\":2,\"name\":\"Golfclubs\",\"item\":\"https:\/\/fairway2hotel.at\/cs\/golfclubs\/\"},{\"@type\":\"ListItem\",\"position\":3,\"name\":\"Golfclubs Italien\",\"item\":\"https:\/\/fairway2hotel.at\/cs\/golfclubs\/italien\/\"},{\"@type\":\"ListItem\",\"position\":4,\"name\":\"GC Villa Condulmer\"}]},{\"@type\":\"WebSite\",\"@id\":\"https:\/\/fairway2hotel.at\/cs\/#website\",\"url\":\"https:\/\/fairway2hotel.at\/cs\/\",\"name\":\"Fairway 2 Hotel\",\"description\":\"Golf zum halben Preis! 2 spielen - 1 zahlt\",\"potentialAction\":[{\"@type\":\"SearchAction\",\"target\":{\"@type\":\"EntryPoint\",\"urlTemplate\":\"https:\/\/fairway2hotel.at\/cs\/?s={search_term_string}\"},\"query-input\":{\"@type\":\"PropertyValueSpecification\",\"valueRequired\":true,\"valueName\":\"search_term_string\"}}],\"inLanguage\":\"cs\"}]}<\/script>\n<!-- \/ Yoast SEO plugin. -->","yoast_head_json":{"title":"GC Villa Condulmer - Fairway 2 Hotel","robots":{"index":"index","follow":"follow","max-snippet":"max-snippet:-1","max-image-preview":"max-image-preview:large","max-video-preview":"max-video-preview:-1"},"canonical":"https:\/\/fairway2hotel.at\/cs\/golfclubs\/italien\/gc-villa-condulmer\/","og_locale":"cs_CZ","og_type":"article","og_title":"GC Villa Condulmer - Fairway 2 Hotel","og_description":"Herrschaftliches Golfen im Park der Villa Condulmer Nur 15 Kilometer vom Ort entfernt befindet sich der Parkkurs des GC Villa Condulmer. Entworfen von 2 Architekten, wobei die ersten 9 Lo\u0308cher in den 60er-Jahren von Johne Harris entworfen wurden, die zweiten 9 von Maro Croze in den 70er-Jahren, zieht sich der Par-71-Kurs mit 5.900 Metern La\u0308nge [&hellip;]","og_url":"https:\/\/fairway2hotel.at\/cs\/golfclubs\/italien\/gc-villa-condulmer\/","og_site_name":"Fairway 2 Hotel","article_modified_time":"2025-03-13T13:36:20+00:00","twitter_card":"summary_large_image","twitter_misc":{"Odhadovan\u00e1 doba \u010dten\u00ed":"2 minuty"},"schema":{"@context":"https:\/\/schema.org","@graph":[{"@type":"WebPage","@id":"https:\/\/fairway2hotel.at\/cs\/golfclubs\/italien\/gc-villa-condulmer\/","url":"https:\/\/fairway2hotel.at\/cs\/golfclubs\/italien\/gc-villa-condulmer\/","name":"GC Villa Condulmer - Fairway 2 Hotel","isPartOf":{"@id":"https:\/\/fairway2hotel.at\/cs\/#website"},"datePublished":"2016-10-18T06:47:09+00:00","dateModified":"2025-03-13T13:36:20+00:00","breadcrumb":{"@id":"https:\/\/fairway2hotel.at\/cs\/golfclubs\/italien\/gc-villa-condulmer\/#breadcrumb"},"inLanguage":"cs","potentialAction":[{"@type":"ReadAction","target":["https:\/\/fairway2hotel.at\/cs\/golfclubs\/italien\/gc-villa-condulmer\/"]}]},{"@type":"BreadcrumbList","@id":"https:\/\/fairway2hotel.at\/cs\/golfclubs\/italien\/gc-villa-condulmer\/#breadcrumb","itemListElement":[{"@type":"ListItem","position":1,"name":"Home","item":"https:\/\/fairway2hotel.at\/cs\/"},{"@type":"ListItem","position":2,"name":"Golfclubs","item":"https:\/\/fairway2hotel.at\/cs\/golfclubs\/"},{"@type":"ListItem","position":3,"name":"Golfclubs Italien","item":"https:\/\/fairway2hotel.at\/cs\/golfclubs\/italien\/"},{"@type":"ListItem","position":4,"name":"GC Villa Condulmer"}]},{"@type":"WebSite","@id":"https:\/\/fairway2hotel.at\/cs\/#website","url":"https:\/\/fairway2hotel.at\/cs\/","name":"Fairway 2 Hotel","description":"Golf zum halben Preis! 2 spielen - 1 zahlt","potentialAction":[{"@type":"SearchAction","target":{"@type":"EntryPoint","urlTemplate":"https:\/\/fairway2hotel.at\/cs\/?s={search_term_string}"},"query-input":{"@type":"PropertyValueSpecification","valueRequired":true,"valueName":"search_term_string"}}],"inLanguage":"cs"}]}},"_links":{"self":[{"href":"https:\/\/fairway2hotel.at\/cs\/wp-json\/wp\/v2\/pages\/1285","targetHints":{"allow":["GET"]}}],"collection":[{"href":"https:\/\/fairway2hotel.at\/cs\/wp-json\/wp\/v2\/pages"}],"about":[{"href":"https:\/\/fairway2hotel.at\/cs\/wp-json\/wp\/v2\/types\/page"}],"author":[{"embeddable":true,"href":"https:\/\/fairway2hotel.at\/cs\/wp-json\/wp\/v2\/users\/1"}],"replies":[{"embeddable":true,"href":"https:\/\/fairway2hotel.at\/cs\/wp-json\/wp\/v2\/comments?post=1285"}],"version-history":[{"count":9,"href":"https:\/\/fairway2hotel.at\/cs\/wp-json\/wp\/v2\/pages\/1285\/revisions"}],"predecessor-version":[{"id":46484,"href":"https:\/\/fairway2hotel.at\/cs\/wp-json\/wp\/v2\/pages\/1285\/revisions\/46484"}],"up":[{"embeddable":true,"href":"https:\/\/fairway2hotel.at\/cs\/wp-json\/wp\/v2\/pages\/1657"}],"acf:attachment":[{"embeddable":true,"href":"https:\/\/fairway2hotel.at\/cs\/wp-json\/wp\/v2\/media\/3597"},{"embeddable":true,"href":"https:\/\/fairway2hotel.at\/cs\/wp-json\/wp\/v2\/media\/3596"},{"embeddable":true,"href":"https:\/\/fairway2hotel.at\/cs\/wp-json\/wp\/v2\/media\/3595"}],"wp:attachment":[{"href":"https:\/\/fairway2hotel.at\/cs\/wp-json\/wp\/v2\/media?parent=1285"}],"curies":[{"name":"wp","href":"https:\/\/api.w.org\/{rel}","templated":true}]}}