{"id":1330,"date":"2009-07-15T23:43:58","date_gmt":"2009-07-15T21:43:58","guid":{"rendered":"https:\/\/f2h.app\/hotel-foettinger\/"},"modified":"2025-09-01T09:28:03","modified_gmt":"2025-09-01T07:28:03","slug":"hotel-foettinger","status":"publish","type":"page","link":"https:\/\/fairway2hotel.at\/cs\/hotels\/oberoesterreich\/hotel-foettinger\/","title":{"rendered":"Hotel F\u00f6ttinger"},"content":{"rendered":"<h2>Ein gemu\u0308tliches Landhotel direkt am Attersee mit Stil und Flair, das auch Sie beim Entspannen und Abschalten unterstu\u0308tzen wird.<\/h2>\n<p>Zeitgema\u0308\u00dfe o\u0308sterreichische Gastlichkeit mit hochwertigen Produkten aus der Region, fang- frischen Fischen aus den Seen und Wild aus umliegenden Revieren. In der Na\u0308he die Hand- werksbrauerei Bierschmiede. Eigene Marina mit Anlegestelle fu\u0308r Boote. Schattiger Lindengast- garten, Terrasse, Lobby mit gro\u00dfem Saal und modernen, bestens ausgestatteten Komfort- zimmern. Unser Hotel ist ein optimaler Aus- gangspunkt fu\u0308r Wanderungen und Radtouren am Fu\u00dfe des Ho\u0308llengebirges und bietet Ihnen u\u0308berdies beste Mo\u0308glichkeiten fu\u0308r Wassersport jeglicher Art. Hier wohnte und komponierte in den Sommermonaten der Jahre 1893\u20131896 der beru\u0308hmte Dirigent und Hofoperndirektor Gustav Mahler. Gerne ko\u0308nnen Sie sein Komponierha\u0308uschen besichtigen. Wir haben von Mai bis Oktober geo\u0308ffnet.<\/p>\n<h2>A cosy country hotel directly on Lake Attersee with style and flair that will help you relax and unwind.<\/h2>\n<p>Contemporary Austrian hospitality with high-quality products from the region, freshly caught fish from the lakes and game from neighbouring hunting grounds. Nearby is the craft brewery Bierschmiede. Own marina with mooring for boats. Shady lime tree garden, terrace, lobby with large hall and modern, well-equipped comfortable rooms. Our hotel is an ideal starting point for hiking and cycling tours at the foot of the H\u00f6llengebirge and also offers you the best opportunities for water sports of all kinds. The famous conductor and court opera director Gustav Mahler lived and composed here in the summer months of 1893-1896. You are welcome to visit his composer&#8217;s cottage. We are open from May to October.<\/p>\n","protected":false},"excerpt":{"rendered":"<p>Ein gemu\u0308tliches Landhotel direkt am Attersee mit Stil und Flair, das auch Sie beim Entspannen und Abschalten unterstu\u0308tzen wird. Zeitgema\u0308\u00dfe o\u0308sterreichische Gastlichkeit mit hochwertigen Produkten aus der Region, fang- frischen Fischen aus den Seen und Wild aus umliegenden Revieren. In der Na\u0308he die Hand- werksbrauerei Bierschmiede. Eigene Marina mit Anlegestelle fu\u0308r Boote. Schattiger Lindengast- garten, [&hellip;]<\/p>\n","protected":false},"author":1,"featured_media":0,"parent":2113,"menu_order":20,"comment_status":"closed","ping_status":"closed","template":"page-partner.php","meta":{"_acf_changed":false,"footnotes":""},"class_list":["post-1330","page","type-page","status-publish","hentry"],"acf":{"partner_infobox":"<strong>Adresse:\u00a0<\/strong>Seefeld 14, 4853 Steinbach am Attersee\r\n\r\n<strong>Tel:\u00a0<\/strong>+43 7663\/81 00\r\n\r\n<strong>Fax:\u00a0<\/strong>+43 7663\/81 00-42\r\n\r\n<strong>Web: <\/strong><a href=\"http:\/\/www.hotel-attersee.at\/\" target=\"_blank\" rel=\"nofollow noopener noreferrer\">www.hotel-attersee.at\/<\/a>\r\n\r\n<strong>E-Mail:<\/strong> <a href=\"mailto:info@hotel-attersee.at\">info@hotel-attersee.at<\/a>\r\n\r\n<strong>Preis\/pP\/DZ\/\u00dcF:<\/strong> ab \u20ac 80,\u2013 exklusive Ortstaxe\r\n\r\n<em><strong>Bedingungen:\r\n<\/strong>Buchbar je nach Verfu\u0308gbarkeit, im Juli und August nicht mo\u0308glich.<\/em>\r\n\r\n<strong>Golfclubs in der N\u00e4he: <\/strong>\r\nGC Weyregg 6 km\r\nGC Attersee-Traunsee 12 km\r\nGC Bad Ischl 25 km\r\nGC Attersee 22 km\r\n\r\n<strong>Anfahrt:\r\n<\/strong>Von Wien: A1 \u2192 Scho\u0308rf- ling \u2192 Weissenbach \u2192 Seefeld Bundesstr. rechts. Von Salzburg: A1 \u2192 Mondsee \u2192 Unterach \u2192 Weissen- bach \u2192 Steinbach \u2192 Seefeld","partner_logo":1329,"partner_gallery":[1327,1328],"partner_lat":47.84001,"partner_long":13.5462,"partner_type":"hotel","partner_openings":["1","2","3","4","5","6","7"],"montag_von_bis":"00:00 - 24:00","dienstag_von_bis":"00:00 - 24:00","mittwoch_von_bis":"00:00 - 24:00","donnerstag_von_bis":"00:00 - 24:00","freitag_von_bis":"00:00 - 24:00","samstag_von_bis":"00:00 - 24:00","sonntag_von_bis":"00:00 - 24:00","partner_adresse":"Seefeld 14, 4853 Steinbach am Attersee","partner_land_bundesland":"","partner_tel_1":"+43 7663\/81 00","partner_tel_2":"","partner_web":"http:\/\/www.hotel-attersee.at\/","partner_mail":"info@hotel-attersee.at","partner_spielbahnen_par":"","partner_laenge":"","partner_bedingungen":"Buchbar je nach Verfu\u0308gbarkeit, im Juli und August nicht mo\u0308glich.\r\nBookable subject to availability, not possible in July and August.","partner_anfahrt":"","partner_misc":null,"additional_css_classes":""},"yoast_head":"<!-- This site is optimized with the Yoast SEO plugin v26.8 - https:\/\/yoast.com\/product\/yoast-seo-wordpress\/ -->\n<title>Hotel F\u00f6ttinger - Fairway 2 Hotel<\/title>\n<meta name=\"robots\" content=\"index, follow, max-snippet:-1, max-image-preview:large, max-video-preview:-1\" \/>\n<link rel=\"canonical\" href=\"https:\/\/fairway2hotel.at\/cs\/hotels\/oberoesterreich\/hotel-foettinger\/\" \/>\n<meta property=\"og:locale\" content=\"cs_CZ\" \/>\n<meta property=\"og:type\" content=\"article\" \/>\n<meta property=\"og:title\" content=\"Hotel F\u00f6ttinger - Fairway 2 Hotel\" \/>\n<meta property=\"og:description\" content=\"Ein gemu\u0308tliches Landhotel direkt am Attersee mit Stil und Flair, das auch Sie beim Entspannen und Abschalten unterstu\u0308tzen wird. Zeitgema\u0308\u00dfe o\u0308sterreichische Gastlichkeit mit hochwertigen Produkten aus der Region, fang- frischen Fischen aus den Seen und Wild aus umliegenden Revieren. In der Na\u0308he die Hand- werksbrauerei Bierschmiede. Eigene Marina mit Anlegestelle fu\u0308r Boote. Schattiger Lindengast- garten, [&hellip;]\" \/>\n<meta property=\"og:url\" content=\"https:\/\/fairway2hotel.at\/cs\/hotels\/oberoesterreich\/hotel-foettinger\/\" \/>\n<meta property=\"og:site_name\" content=\"Fairway 2 Hotel\" \/>\n<meta property=\"article:modified_time\" content=\"2025-09-01T07:28:03+00:00\" \/>\n<meta name=\"twitter:card\" content=\"summary_large_image\" \/>\n<meta name=\"twitter:label1\" content=\"Odhadovan\u00e1 doba \u010dten\u00ed\" \/>\n\t<meta name=\"twitter:data1\" content=\"2 minuty\" \/>\n<script type=\"application\/ld+json\" class=\"yoast-schema-graph\">{\"@context\":\"https:\/\/schema.org\",\"@graph\":[{\"@type\":\"WebPage\",\"@id\":\"https:\/\/fairway2hotel.at\/cs\/hotels\/oberoesterreich\/hotel-foettinger\/\",\"url\":\"https:\/\/fairway2hotel.at\/cs\/hotels\/oberoesterreich\/hotel-foettinger\/\",\"name\":\"Hotel F\u00f6ttinger - Fairway 2 Hotel\",\"isPartOf\":{\"@id\":\"https:\/\/fairway2hotel.at\/cs\/#website\"},\"datePublished\":\"2009-07-15T21:43:58+00:00\",\"dateModified\":\"2025-09-01T07:28:03+00:00\",\"breadcrumb\":{\"@id\":\"https:\/\/fairway2hotel.at\/cs\/hotels\/oberoesterreich\/hotel-foettinger\/#breadcrumb\"},\"inLanguage\":\"cs\",\"potentialAction\":[{\"@type\":\"ReadAction\",\"target\":[\"https:\/\/fairway2hotel.at\/cs\/hotels\/oberoesterreich\/hotel-foettinger\/\"]}]},{\"@type\":\"BreadcrumbList\",\"@id\":\"https:\/\/fairway2hotel.at\/cs\/hotels\/oberoesterreich\/hotel-foettinger\/#breadcrumb\",\"itemListElement\":[{\"@type\":\"ListItem\",\"position\":1,\"name\":\"Home\",\"item\":\"https:\/\/fairway2hotel.at\/cs\/\"},{\"@type\":\"ListItem\",\"position\":2,\"name\":\"Hotels\",\"item\":\"https:\/\/fairway2hotel.at\/cs\/hotels\/\"},{\"@type\":\"ListItem\",\"position\":3,\"name\":\"Hotels Ober\u00f6sterreich\",\"item\":\"https:\/\/fairway2hotel.at\/cs\/hotels\/oberoesterreich\/\"},{\"@type\":\"ListItem\",\"position\":4,\"name\":\"Hotel F\u00f6ttinger\"}]},{\"@type\":\"WebSite\",\"@id\":\"https:\/\/fairway2hotel.at\/cs\/#website\",\"url\":\"https:\/\/fairway2hotel.at\/cs\/\",\"name\":\"Fairway 2 Hotel\",\"description\":\"Golf zum halben Preis! 2 spielen - 1 zahlt\",\"potentialAction\":[{\"@type\":\"SearchAction\",\"target\":{\"@type\":\"EntryPoint\",\"urlTemplate\":\"https:\/\/fairway2hotel.at\/cs\/?s={search_term_string}\"},\"query-input\":{\"@type\":\"PropertyValueSpecification\",\"valueRequired\":true,\"valueName\":\"search_term_string\"}}],\"inLanguage\":\"cs\"}]}<\/script>\n<!-- \/ Yoast SEO plugin. -->","yoast_head_json":{"title":"Hotel F\u00f6ttinger - Fairway 2 Hotel","robots":{"index":"index","follow":"follow","max-snippet":"max-snippet:-1","max-image-preview":"max-image-preview:large","max-video-preview":"max-video-preview:-1"},"canonical":"https:\/\/fairway2hotel.at\/cs\/hotels\/oberoesterreich\/hotel-foettinger\/","og_locale":"cs_CZ","og_type":"article","og_title":"Hotel F\u00f6ttinger - Fairway 2 Hotel","og_description":"Ein gemu\u0308tliches Landhotel direkt am Attersee mit Stil und Flair, das auch Sie beim Entspannen und Abschalten unterstu\u0308tzen wird. Zeitgema\u0308\u00dfe o\u0308sterreichische Gastlichkeit mit hochwertigen Produkten aus der Region, fang- frischen Fischen aus den Seen und Wild aus umliegenden Revieren. In der Na\u0308he die Hand- werksbrauerei Bierschmiede. Eigene Marina mit Anlegestelle fu\u0308r Boote. Schattiger Lindengast- garten, [&hellip;]","og_url":"https:\/\/fairway2hotel.at\/cs\/hotels\/oberoesterreich\/hotel-foettinger\/","og_site_name":"Fairway 2 Hotel","article_modified_time":"2025-09-01T07:28:03+00:00","twitter_card":"summary_large_image","twitter_misc":{"Odhadovan\u00e1 doba \u010dten\u00ed":"2 minuty"},"schema":{"@context":"https:\/\/schema.org","@graph":[{"@type":"WebPage","@id":"https:\/\/fairway2hotel.at\/cs\/hotels\/oberoesterreich\/hotel-foettinger\/","url":"https:\/\/fairway2hotel.at\/cs\/hotels\/oberoesterreich\/hotel-foettinger\/","name":"Hotel F\u00f6ttinger - Fairway 2 Hotel","isPartOf":{"@id":"https:\/\/fairway2hotel.at\/cs\/#website"},"datePublished":"2009-07-15T21:43:58+00:00","dateModified":"2025-09-01T07:28:03+00:00","breadcrumb":{"@id":"https:\/\/fairway2hotel.at\/cs\/hotels\/oberoesterreich\/hotel-foettinger\/#breadcrumb"},"inLanguage":"cs","potentialAction":[{"@type":"ReadAction","target":["https:\/\/fairway2hotel.at\/cs\/hotels\/oberoesterreich\/hotel-foettinger\/"]}]},{"@type":"BreadcrumbList","@id":"https:\/\/fairway2hotel.at\/cs\/hotels\/oberoesterreich\/hotel-foettinger\/#breadcrumb","itemListElement":[{"@type":"ListItem","position":1,"name":"Home","item":"https:\/\/fairway2hotel.at\/cs\/"},{"@type":"ListItem","position":2,"name":"Hotels","item":"https:\/\/fairway2hotel.at\/cs\/hotels\/"},{"@type":"ListItem","position":3,"name":"Hotels Ober\u00f6sterreich","item":"https:\/\/fairway2hotel.at\/cs\/hotels\/oberoesterreich\/"},{"@type":"ListItem","position":4,"name":"Hotel F\u00f6ttinger"}]},{"@type":"WebSite","@id":"https:\/\/fairway2hotel.at\/cs\/#website","url":"https:\/\/fairway2hotel.at\/cs\/","name":"Fairway 2 Hotel","description":"Golf zum halben Preis! 2 spielen - 1 zahlt","potentialAction":[{"@type":"SearchAction","target":{"@type":"EntryPoint","urlTemplate":"https:\/\/fairway2hotel.at\/cs\/?s={search_term_string}"},"query-input":{"@type":"PropertyValueSpecification","valueRequired":true,"valueName":"search_term_string"}}],"inLanguage":"cs"}]}},"_links":{"self":[{"href":"https:\/\/fairway2hotel.at\/cs\/wp-json\/wp\/v2\/pages\/1330","targetHints":{"allow":["GET"]}}],"collection":[{"href":"https:\/\/fairway2hotel.at\/cs\/wp-json\/wp\/v2\/pages"}],"about":[{"href":"https:\/\/fairway2hotel.at\/cs\/wp-json\/wp\/v2\/types\/page"}],"author":[{"embeddable":true,"href":"https:\/\/fairway2hotel.at\/cs\/wp-json\/wp\/v2\/users\/1"}],"replies":[{"embeddable":true,"href":"https:\/\/fairway2hotel.at\/cs\/wp-json\/wp\/v2\/comments?post=1330"}],"version-history":[{"count":12,"href":"https:\/\/fairway2hotel.at\/cs\/wp-json\/wp\/v2\/pages\/1330\/revisions"}],"predecessor-version":[{"id":49029,"href":"https:\/\/fairway2hotel.at\/cs\/wp-json\/wp\/v2\/pages\/1330\/revisions\/49029"}],"up":[{"embeddable":true,"href":"https:\/\/fairway2hotel.at\/cs\/wp-json\/wp\/v2\/pages\/2113"}],"acf:attachment":[{"embeddable":true,"href":"https:\/\/fairway2hotel.at\/cs\/wp-json\/wp\/v2\/media\/1328"},{"embeddable":true,"href":"https:\/\/fairway2hotel.at\/cs\/wp-json\/wp\/v2\/media\/1327"}],"wp:attachment":[{"href":"https:\/\/fairway2hotel.at\/cs\/wp-json\/wp\/v2\/media?parent=1330"}],"curies":[{"name":"wp","href":"https:\/\/api.w.org\/{rel}","templated":true}]}}