{"id":1341,"date":"2016-10-18T08:41:09","date_gmt":"2016-10-18T06:41:09","guid":{"rendered":"https:\/\/f2h.app\/hotel-am-schloss\/"},"modified":"2026-01-12T16:59:12","modified_gmt":"2026-01-12T15:59:12","slug":"hotel-am-schloss","status":"publish","type":"page","link":"https:\/\/fairway2hotel.at\/cs\/hotels\/salzburg\/hotel-am-schloss\/","title":{"rendered":"Hotel am Schloss"},"content":{"rendered":"<h2>Ihr Golfhotel mit Herz in Goldegg am See<\/h2>\n<p>Genie\u00dfen Sie Ihren Aufenthalt im Hotel am Schloss in Goldegg am See und na\u0308chtigen Sie in einem unserer ruhigen und sonnigen Zimmer mit Balkon oder Terrasse! Starten Sie mit unserem reichhaltigen Fru\u0308hstu\u0308cksbuffet in den Tag! Nutzen Sie die golfspezifischen Annehmlichkeiten unseres Hauses!:<\/p>\n<ul>\n<li>Entspannte Anfahrt zum Golfplatz mit hauseigenen Golfcarts, inkl. Lunchpaket (gegen Gebu\u0308hr)<\/li>\n<li>30 % Greenfee-Erma\u0308\u00dfigung am GC Goldegg<\/li>\n<li>freie Nutzung des beheizten Raumes fu\u0308r Ihre Golfausru\u0308stung<\/li>\n<li>gro\u00dfzu\u0308giger Saunabereich zur Entspannung nach der Runde.<\/li>\n<\/ul>\n<p>Genie\u00dfen Sie den Abend an der gem\u00fctlichen Honesty-Bar.<br \/>\nAuf Ihren Besuch freut sich Gastgeberin Bettina von Brauchitsch (Ehrenpr\u00e4sidentin des GC Goldegg) mit dem gesamten Team vom Hotel am Schloss.<\/p>\n<h2>Your golf hotel with heart in Goldegg am See<\/h2>\n<p>Enjoy your stay at the Hotel am Schloss in Goldegg am See and spend the night in one of our quiet and sunny rooms with balcony or terrace! Start the day with our sumptuous breakfast buffet! Take advantage of the golf-specific amenities of our hotel!<\/p>\n<p>Relaxed journey to the golf course with our own golf carts, incl. packed lunch (for a fee)<br \/>\n30 % green fee reduction at GC Goldegg<br \/>\nFree use of the heated room for your golf equipment<br \/>\nspacious sauna area to relax after your round.<\/p>\n<p>Enjoy the evening at the cosy Honesty Bar.<br \/>\nYour host Bettina von Brauchitsch (Honorary President of the GC Goldegg) and the entire team at the Hotel am Schloss look forward to your visit.<\/p>\n","protected":false},"excerpt":{"rendered":"<p>Ihr Golfhotel mit Herz in Goldegg am See Genie\u00dfen Sie Ihren Aufenthalt im Hotel am Schloss in Goldegg am See und na\u0308chtigen Sie in einem unserer ruhigen und sonnigen Zimmer mit Balkon oder Terrasse! Starten Sie mit unserem reichhaltigen Fru\u0308hstu\u0308cksbuffet in den Tag! Nutzen Sie die golfspezifischen Annehmlichkeiten unseres Hauses!: Entspannte Anfahrt zum Golfplatz mit [&hellip;]<\/p>\n","protected":false},"author":1,"featured_media":0,"parent":2162,"menu_order":0,"comment_status":"closed","ping_status":"closed","template":"page-partner.php","meta":{"_acf_changed":false,"footnotes":""},"class_list":["post-1341","page","type-page","status-publish","hentry"],"acf":{"partner_infobox":"<strong>Adresse:\u00a0<\/strong>Hofmark 19A, A-5622 Goldegg\r\n\r\n<strong>Tel:\u00a0<\/strong>0043 - 6415 - 20940\r\n\r\n<strong>Web: <\/strong><a href=\"http:\/\/www.hotelamschloss.at\/\" target=\"_blank\" rel=\"nofollow noopener noreferrer\">www.hotelamschloss.at<\/a>\r\n\r\n<strong>E-Mail:<\/strong> <a href=\"mailto:info@hotelamschloss.at\">info@hotelamschloss.at<\/a>\r\n\r\n<em><strong>Bedingungen:\r\n<\/strong>Anreise an folgenden Tagen: Sonntag\u2013Donnerstag (Mai\u2013Oktober)<\/em>\r\n\r\n<strong>Golfpl\u00e4tze in der Umgebung:\r\n<\/strong>GC Goldegg 1,5 km\r\n\r\n<strong>Anfahrt:\r\n<\/strong>Autobahn A10 von Salzburg \u2192 Villach, Autobahnkreuz Pongau-Ausfahrt Bischofshofen, der B311 folgen \u2192 Zell am See \u2192 Ort Schwarzach \u2192 Ortsende rechts \u2192 Goldegg \u2192 Ortszentrum, an Gabelung \u2192 erste Einfahrt rechts, erste Einfahrt rechts abwa\u0308rts.","partner_logo":1340,"partner_gallery":[3800,3799,3797],"partner_lat":47.31924,"partner_long":13.09827,"partner_type":"hotel","partner_openings":"","montag_von_bis":"00:00 - 24:00","dienstag_von_bis":"00:00 - 24:00","mittwoch_von_bis":"00:00 - 24:00","donnerstag_von_bis":"00:00 - 24:00","freitag_von_bis":"00:00 - 24:00","samstag_von_bis":"00:00 - 24:00","sonntag_von_bis":"00:00 - 24:00","partner_adresse":"Hofmark 19A, A-5622 Goldegg","partner_land_bundesland":"","partner_tel_1":"0043 6415 20940","partner_tel_2":"","partner_web":"https:\/\/www.hotelamschloss.at","partner_mail":"info@hotelamschloss.at","partner_spielbahnen_par":"","partner_laenge":"","partner_bedingungen":"Anreise an folgenden Tagen: Sonntag\u2013Donnerstag (Mai\u2013Oktober)\r\nArrival on the following days: Sunday-Thursday (May-October)","partner_anfahrt":"","partner_misc":null,"additional_css_classes":""},"yoast_head":"<!-- This site is optimized with the Yoast SEO plugin v26.8 - https:\/\/yoast.com\/product\/yoast-seo-wordpress\/ -->\n<title>Hotel am Schloss - Fairway 2 Hotel<\/title>\n<meta name=\"robots\" content=\"index, follow, max-snippet:-1, max-image-preview:large, max-video-preview:-1\" \/>\n<link rel=\"canonical\" href=\"https:\/\/fairway2hotel.at\/cs\/hotels\/salzburg\/hotel-am-schloss\/\" \/>\n<meta property=\"og:locale\" content=\"cs_CZ\" \/>\n<meta property=\"og:type\" content=\"article\" \/>\n<meta property=\"og:title\" content=\"Hotel am Schloss - Fairway 2 Hotel\" \/>\n<meta property=\"og:description\" content=\"Ihr Golfhotel mit Herz in Goldegg am See Genie\u00dfen Sie Ihren Aufenthalt im Hotel am Schloss in Goldegg am See und na\u0308chtigen Sie in einem unserer ruhigen und sonnigen Zimmer mit Balkon oder Terrasse! Starten Sie mit unserem reichhaltigen Fru\u0308hstu\u0308cksbuffet in den Tag! Nutzen Sie die golfspezifischen Annehmlichkeiten unseres Hauses!: Entspannte Anfahrt zum Golfplatz mit [&hellip;]\" \/>\n<meta property=\"og:url\" content=\"https:\/\/fairway2hotel.at\/cs\/hotels\/salzburg\/hotel-am-schloss\/\" \/>\n<meta property=\"og:site_name\" content=\"Fairway 2 Hotel\" \/>\n<meta property=\"article:modified_time\" content=\"2026-01-12T15:59:12+00:00\" \/>\n<meta name=\"twitter:card\" content=\"summary_large_image\" \/>\n<meta name=\"twitter:label1\" content=\"Odhadovan\u00e1 doba \u010dten\u00ed\" \/>\n\t<meta name=\"twitter:data1\" content=\"2 minuty\" \/>\n<script type=\"application\/ld+json\" class=\"yoast-schema-graph\">{\"@context\":\"https:\/\/schema.org\",\"@graph\":[{\"@type\":\"WebPage\",\"@id\":\"https:\/\/fairway2hotel.at\/cs\/hotels\/salzburg\/hotel-am-schloss\/\",\"url\":\"https:\/\/fairway2hotel.at\/cs\/hotels\/salzburg\/hotel-am-schloss\/\",\"name\":\"Hotel am Schloss - Fairway 2 Hotel\",\"isPartOf\":{\"@id\":\"https:\/\/fairway2hotel.at\/cs\/#website\"},\"datePublished\":\"2016-10-18T06:41:09+00:00\",\"dateModified\":\"2026-01-12T15:59:12+00:00\",\"breadcrumb\":{\"@id\":\"https:\/\/fairway2hotel.at\/cs\/hotels\/salzburg\/hotel-am-schloss\/#breadcrumb\"},\"inLanguage\":\"cs\",\"potentialAction\":[{\"@type\":\"ReadAction\",\"target\":[\"https:\/\/fairway2hotel.at\/cs\/hotels\/salzburg\/hotel-am-schloss\/\"]}]},{\"@type\":\"BreadcrumbList\",\"@id\":\"https:\/\/fairway2hotel.at\/cs\/hotels\/salzburg\/hotel-am-schloss\/#breadcrumb\",\"itemListElement\":[{\"@type\":\"ListItem\",\"position\":1,\"name\":\"Home\",\"item\":\"https:\/\/fairway2hotel.at\/cs\/\"},{\"@type\":\"ListItem\",\"position\":2,\"name\":\"Hotels\",\"item\":\"https:\/\/fairway2hotel.at\/cs\/hotels\/\"},{\"@type\":\"ListItem\",\"position\":3,\"name\":\"Hotels Salzburg\",\"item\":\"https:\/\/fairway2hotel.at\/cs\/hotels\/salzburg\/\"},{\"@type\":\"ListItem\",\"position\":4,\"name\":\"Hotel am Schloss\"}]},{\"@type\":\"WebSite\",\"@id\":\"https:\/\/fairway2hotel.at\/cs\/#website\",\"url\":\"https:\/\/fairway2hotel.at\/cs\/\",\"name\":\"Fairway 2 Hotel\",\"description\":\"Golf zum halben Preis! 2 spielen - 1 zahlt\",\"potentialAction\":[{\"@type\":\"SearchAction\",\"target\":{\"@type\":\"EntryPoint\",\"urlTemplate\":\"https:\/\/fairway2hotel.at\/cs\/?s={search_term_string}\"},\"query-input\":{\"@type\":\"PropertyValueSpecification\",\"valueRequired\":true,\"valueName\":\"search_term_string\"}}],\"inLanguage\":\"cs\"}]}<\/script>\n<!-- \/ Yoast SEO plugin. -->","yoast_head_json":{"title":"Hotel am Schloss - Fairway 2 Hotel","robots":{"index":"index","follow":"follow","max-snippet":"max-snippet:-1","max-image-preview":"max-image-preview:large","max-video-preview":"max-video-preview:-1"},"canonical":"https:\/\/fairway2hotel.at\/cs\/hotels\/salzburg\/hotel-am-schloss\/","og_locale":"cs_CZ","og_type":"article","og_title":"Hotel am Schloss - Fairway 2 Hotel","og_description":"Ihr Golfhotel mit Herz in Goldegg am See Genie\u00dfen Sie Ihren Aufenthalt im Hotel am Schloss in Goldegg am See und na\u0308chtigen Sie in einem unserer ruhigen und sonnigen Zimmer mit Balkon oder Terrasse! Starten Sie mit unserem reichhaltigen Fru\u0308hstu\u0308cksbuffet in den Tag! Nutzen Sie die golfspezifischen Annehmlichkeiten unseres Hauses!: Entspannte Anfahrt zum Golfplatz mit [&hellip;]","og_url":"https:\/\/fairway2hotel.at\/cs\/hotels\/salzburg\/hotel-am-schloss\/","og_site_name":"Fairway 2 Hotel","article_modified_time":"2026-01-12T15:59:12+00:00","twitter_card":"summary_large_image","twitter_misc":{"Odhadovan\u00e1 doba \u010dten\u00ed":"2 minuty"},"schema":{"@context":"https:\/\/schema.org","@graph":[{"@type":"WebPage","@id":"https:\/\/fairway2hotel.at\/cs\/hotels\/salzburg\/hotel-am-schloss\/","url":"https:\/\/fairway2hotel.at\/cs\/hotels\/salzburg\/hotel-am-schloss\/","name":"Hotel am Schloss - Fairway 2 Hotel","isPartOf":{"@id":"https:\/\/fairway2hotel.at\/cs\/#website"},"datePublished":"2016-10-18T06:41:09+00:00","dateModified":"2026-01-12T15:59:12+00:00","breadcrumb":{"@id":"https:\/\/fairway2hotel.at\/cs\/hotels\/salzburg\/hotel-am-schloss\/#breadcrumb"},"inLanguage":"cs","potentialAction":[{"@type":"ReadAction","target":["https:\/\/fairway2hotel.at\/cs\/hotels\/salzburg\/hotel-am-schloss\/"]}]},{"@type":"BreadcrumbList","@id":"https:\/\/fairway2hotel.at\/cs\/hotels\/salzburg\/hotel-am-schloss\/#breadcrumb","itemListElement":[{"@type":"ListItem","position":1,"name":"Home","item":"https:\/\/fairway2hotel.at\/cs\/"},{"@type":"ListItem","position":2,"name":"Hotels","item":"https:\/\/fairway2hotel.at\/cs\/hotels\/"},{"@type":"ListItem","position":3,"name":"Hotels Salzburg","item":"https:\/\/fairway2hotel.at\/cs\/hotels\/salzburg\/"},{"@type":"ListItem","position":4,"name":"Hotel am Schloss"}]},{"@type":"WebSite","@id":"https:\/\/fairway2hotel.at\/cs\/#website","url":"https:\/\/fairway2hotel.at\/cs\/","name":"Fairway 2 Hotel","description":"Golf zum halben Preis! 2 spielen - 1 zahlt","potentialAction":[{"@type":"SearchAction","target":{"@type":"EntryPoint","urlTemplate":"https:\/\/fairway2hotel.at\/cs\/?s={search_term_string}"},"query-input":{"@type":"PropertyValueSpecification","valueRequired":true,"valueName":"search_term_string"}}],"inLanguage":"cs"}]}},"_links":{"self":[{"href":"https:\/\/fairway2hotel.at\/cs\/wp-json\/wp\/v2\/pages\/1341","targetHints":{"allow":["GET"]}}],"collection":[{"href":"https:\/\/fairway2hotel.at\/cs\/wp-json\/wp\/v2\/pages"}],"about":[{"href":"https:\/\/fairway2hotel.at\/cs\/wp-json\/wp\/v2\/types\/page"}],"author":[{"embeddable":true,"href":"https:\/\/fairway2hotel.at\/cs\/wp-json\/wp\/v2\/users\/1"}],"replies":[{"embeddable":true,"href":"https:\/\/fairway2hotel.at\/cs\/wp-json\/wp\/v2\/comments?post=1341"}],"version-history":[{"count":21,"href":"https:\/\/fairway2hotel.at\/cs\/wp-json\/wp\/v2\/pages\/1341\/revisions"}],"predecessor-version":[{"id":52361,"href":"https:\/\/fairway2hotel.at\/cs\/wp-json\/wp\/v2\/pages\/1341\/revisions\/52361"}],"up":[{"embeddable":true,"href":"https:\/\/fairway2hotel.at\/cs\/wp-json\/wp\/v2\/pages\/2162"}],"acf:attachment":[{"embeddable":true,"href":"https:\/\/fairway2hotel.at\/cs\/wp-json\/wp\/v2\/media\/3797"},{"embeddable":true,"href":"https:\/\/fairway2hotel.at\/cs\/wp-json\/wp\/v2\/media\/3799"},{"embeddable":true,"href":"https:\/\/fairway2hotel.at\/cs\/wp-json\/wp\/v2\/media\/3800"}],"wp:attachment":[{"href":"https:\/\/fairway2hotel.at\/cs\/wp-json\/wp\/v2\/media?parent=1341"}],"curies":[{"name":"wp","href":"https:\/\/api.w.org\/{rel}","templated":true}]}}