{"id":1354,"date":"2010-10-21T20:45:54","date_gmt":"2010-10-21T18:45:54","guid":{"rendered":"https:\/\/f2h.app\/golfclub-hohenpaehl\/"},"modified":"2025-03-08T16:30:15","modified_gmt":"2025-03-08T15:30:15","slug":"golfclub-hohenpaehl","status":"publish","type":"page","link":"https:\/\/fairway2hotel.at\/cs\/golfclubs\/deutschland\/golfclub-hohenpaehl\/","title":{"rendered":"GC Hohenp\u00e4hl"},"content":{"rendered":"<h2>Golfen in geschu\u0308tzter Natur<\/h2>\n<p>Der Golfplatz Hohenpa\u0308hl ist gepra\u0308gt durch die leicht hu\u0308gelige Landschaft und den wun- derscho\u0308nen, alten Baumbestand. Von vielen Bahnen bietet er eine herrliche Sicht auf das Alpenpanorama. Wegen seiner landschaftlichen Scho\u0308nheit geho\u0308rt das Golfgela\u0308nde zum Land- schaftsschutzgebiet. Hier Golf zu spielen ist ein Privileg und verpflichtet unsere Mitglieder und Besucher zu besonders behutsamem Umgang mit Natur und Landschaft. Auch Hunde sind bei uns angeleint gerne gesehen.<\/p>\n<h2>Golfing in protected nature<\/h2>\n<p>The Hohenp\u00e4hl golf course is characterised by its slightly hilly landscape and beautiful old trees. From many holes it offers a marvellous view of the Alpine panorama. Due to its scenic beauty, the golf course is part of a nature reserve. Playing golf here is a privilege and obliges our members and visitors to treat nature and the landscape with particular care. Dogs are also welcome on a lead.<\/p>\n","protected":false},"excerpt":{"rendered":"<p>Golfen in geschu\u0308tzter Natur Der Golfplatz Hohenpa\u0308hl ist gepra\u0308gt durch die leicht hu\u0308gelige Landschaft und den wun- derscho\u0308nen, alten Baumbestand. Von vielen Bahnen bietet er eine herrliche Sicht auf das Alpenpanorama. Wegen seiner landschaftlichen Scho\u0308nheit geho\u0308rt das Golfgela\u0308nde zum Land- schaftsschutzgebiet. Hier Golf zu spielen ist ein Privileg und verpflichtet unsere Mitglieder und Besucher zu [&hellip;]<\/p>\n","protected":false},"author":1,"featured_media":0,"parent":1607,"menu_order":90,"comment_status":"closed","ping_status":"closed","template":"page-partner.php","meta":{"_acf_changed":false,"footnotes":""},"class_list":["post-1354","page","type-page","status-publish","hentry"],"acf":{"partner_infobox":"<strong>Adresse:\u00a0<\/strong>Am Hochschloss, 82396 Pa\u0308hl\r\n\r\n<strong>Tel:\u00a0<\/strong>08808\/92020\r\n\r\n<strong>Fax:\u00a0<\/strong>08808\/920222\r\n\r\n<strong>Web: <\/strong><a href=\"https:\/\/golfclub-hohenpaehl.de\/\" target=\"_blank\" rel=\"nofollow noopener noreferrer\">www.gchp.de<\/a>\r\n\r\n<strong>E-Mail:<\/strong> <a href=\"mailto:info@gchp.de\">info@gchp.de<\/a>\r\n\r\n<strong>Spielbahnen\/Par: <\/strong>18\/71\r\n\r\n<strong>La\u0308nge: <\/strong>gelb: 5.710 m\/rot: 5.063 m\r\n\r\n<em><strong>Bedingungen:\r\n<\/strong>Min. HCP 45, Gutscheine einl\u00f6sbar MO-MI ganzt\u00e4gig, DO bis 12.00 Uhr, ausgenommen Feiertag<\/em>\r\n\r\n<strong>Anfahrt:\r\n<\/strong>Von Mu\u0308nchen: A95 Ausfahrt Starnberg \u2192 Weilheim\/ Garmisch (B2) bei Kilometerstein 41,0 rechts abbiegen, folgen Sie jetzt den Hinweis-Schildern des Golf Clubs. Auf der Privatstra\u00dfe nur 30 km\/h erlaubt.","partner_logo":3331,"partner_gallery":[1351,1352,3332],"partner_lat":47.91159,"partner_long":11.18348,"partner_type":"golfclub","partner_openings":["1","2","3","4"],"montag_von_bis":"00:00 - 24:00","dienstag_von_bis":"00:00 - 24:00","mittwoch_von_bis":"00:00 - 24:00","donnerstag_von_bis":"00:00 - 12:00","freitag_von_bis":"12:00 - 24:00","samstag_von_bis":"00:00 - 24:00","sonntag_von_bis":"00:00 - 24:00","partner_adresse":"Am Hochschloss, 82396 P\u00e4hl","partner_land_bundesland":"Deutschland","partner_tel_1":"0049 8808 920222","partner_tel_2":"0049 8808 92020","partner_web":"http:\/\/www.gchp.de","partner_mail":"info@gchp.de","partner_spielbahnen_par":"18\/71","partner_laenge":"gelb: 5.710 m\/rot: 5.063 m","partner_bedingungen":" Gutscheine einl\u00f6sbar MO-MI ganzt\u00e4gig, DO bis 12.00 Uhr, ausgenommen Feiertage\r\n Vouchers redeemable  Mon-Wed all  day, Thu until 12.00 noon, except public holidays","partner_anfahrt":"Von Mu\u0308nchen: A95 Ausfahrt Starnberg \u2192 Weilheim\/ Garmisch (B2) bei Kilometerstein 41,0 rechts abbiegen, folgen Sie jetzt den Hinweis-Schildern des Golf Clubs. Auf der Privatstra\u00dfe nur 30 km\/h erlaubt.","partner_misc":null,"additional_css_classes":""},"yoast_head":"<!-- This site is optimized with the Yoast SEO plugin v26.8 - https:\/\/yoast.com\/product\/yoast-seo-wordpress\/ -->\n<title>GC Hohenp\u00e4hl - Fairway 2 Hotel<\/title>\n<meta name=\"robots\" content=\"index, follow, max-snippet:-1, max-image-preview:large, max-video-preview:-1\" \/>\n<link rel=\"canonical\" href=\"https:\/\/fairway2hotel.at\/cs\/golfclubs\/deutschland\/golfclub-hohenpaehl\/\" \/>\n<meta property=\"og:locale\" content=\"cs_CZ\" \/>\n<meta property=\"og:type\" content=\"article\" \/>\n<meta property=\"og:title\" content=\"GC Hohenp\u00e4hl - Fairway 2 Hotel\" \/>\n<meta property=\"og:description\" content=\"Golfen in geschu\u0308tzter Natur Der Golfplatz Hohenpa\u0308hl ist gepra\u0308gt durch die leicht hu\u0308gelige Landschaft und den wun- derscho\u0308nen, alten Baumbestand. Von vielen Bahnen bietet er eine herrliche Sicht auf das Alpenpanorama. Wegen seiner landschaftlichen Scho\u0308nheit geho\u0308rt das Golfgela\u0308nde zum Land- schaftsschutzgebiet. Hier Golf zu spielen ist ein Privileg und verpflichtet unsere Mitglieder und Besucher zu [&hellip;]\" \/>\n<meta property=\"og:url\" content=\"https:\/\/fairway2hotel.at\/cs\/golfclubs\/deutschland\/golfclub-hohenpaehl\/\" \/>\n<meta property=\"og:site_name\" content=\"Fairway 2 Hotel\" \/>\n<meta property=\"article:modified_time\" content=\"2025-03-08T15:30:15+00:00\" \/>\n<meta name=\"twitter:card\" content=\"summary_large_image\" \/>\n<meta name=\"twitter:label1\" content=\"Odhadovan\u00e1 doba \u010dten\u00ed\" \/>\n\t<meta name=\"twitter:data1\" content=\"1 minuta\" \/>\n<script type=\"application\/ld+json\" class=\"yoast-schema-graph\">{\"@context\":\"https:\/\/schema.org\",\"@graph\":[{\"@type\":\"WebPage\",\"@id\":\"https:\/\/fairway2hotel.at\/cs\/golfclubs\/deutschland\/golfclub-hohenpaehl\/\",\"url\":\"https:\/\/fairway2hotel.at\/cs\/golfclubs\/deutschland\/golfclub-hohenpaehl\/\",\"name\":\"GC Hohenp\u00e4hl - Fairway 2 Hotel\",\"isPartOf\":{\"@id\":\"https:\/\/fairway2hotel.at\/cs\/#website\"},\"datePublished\":\"2010-10-21T18:45:54+00:00\",\"dateModified\":\"2025-03-08T15:30:15+00:00\",\"breadcrumb\":{\"@id\":\"https:\/\/fairway2hotel.at\/cs\/golfclubs\/deutschland\/golfclub-hohenpaehl\/#breadcrumb\"},\"inLanguage\":\"cs\",\"potentialAction\":[{\"@type\":\"ReadAction\",\"target\":[\"https:\/\/fairway2hotel.at\/cs\/golfclubs\/deutschland\/golfclub-hohenpaehl\/\"]}]},{\"@type\":\"BreadcrumbList\",\"@id\":\"https:\/\/fairway2hotel.at\/cs\/golfclubs\/deutschland\/golfclub-hohenpaehl\/#breadcrumb\",\"itemListElement\":[{\"@type\":\"ListItem\",\"position\":1,\"name\":\"Home\",\"item\":\"https:\/\/fairway2hotel.at\/cs\/\"},{\"@type\":\"ListItem\",\"position\":2,\"name\":\"Golfclubs\",\"item\":\"https:\/\/fairway2hotel.at\/cs\/golfclubs\/\"},{\"@type\":\"ListItem\",\"position\":3,\"name\":\"Golfclubs Deutschland\",\"item\":\"https:\/\/fairway2hotel.at\/cs\/golfclubs\/deutschland\/\"},{\"@type\":\"ListItem\",\"position\":4,\"name\":\"GC Hohenp\u00e4hl\"}]},{\"@type\":\"WebSite\",\"@id\":\"https:\/\/fairway2hotel.at\/cs\/#website\",\"url\":\"https:\/\/fairway2hotel.at\/cs\/\",\"name\":\"Fairway 2 Hotel\",\"description\":\"Golf zum halben Preis! 2 spielen - 1 zahlt\",\"potentialAction\":[{\"@type\":\"SearchAction\",\"target\":{\"@type\":\"EntryPoint\",\"urlTemplate\":\"https:\/\/fairway2hotel.at\/cs\/?s={search_term_string}\"},\"query-input\":{\"@type\":\"PropertyValueSpecification\",\"valueRequired\":true,\"valueName\":\"search_term_string\"}}],\"inLanguage\":\"cs\"}]}<\/script>\n<!-- \/ Yoast SEO plugin. -->","yoast_head_json":{"title":"GC Hohenp\u00e4hl - Fairway 2 Hotel","robots":{"index":"index","follow":"follow","max-snippet":"max-snippet:-1","max-image-preview":"max-image-preview:large","max-video-preview":"max-video-preview:-1"},"canonical":"https:\/\/fairway2hotel.at\/cs\/golfclubs\/deutschland\/golfclub-hohenpaehl\/","og_locale":"cs_CZ","og_type":"article","og_title":"GC Hohenp\u00e4hl - Fairway 2 Hotel","og_description":"Golfen in geschu\u0308tzter Natur Der Golfplatz Hohenpa\u0308hl ist gepra\u0308gt durch die leicht hu\u0308gelige Landschaft und den wun- derscho\u0308nen, alten Baumbestand. Von vielen Bahnen bietet er eine herrliche Sicht auf das Alpenpanorama. Wegen seiner landschaftlichen Scho\u0308nheit geho\u0308rt das Golfgela\u0308nde zum Land- schaftsschutzgebiet. Hier Golf zu spielen ist ein Privileg und verpflichtet unsere Mitglieder und Besucher zu [&hellip;]","og_url":"https:\/\/fairway2hotel.at\/cs\/golfclubs\/deutschland\/golfclub-hohenpaehl\/","og_site_name":"Fairway 2 Hotel","article_modified_time":"2025-03-08T15:30:15+00:00","twitter_card":"summary_large_image","twitter_misc":{"Odhadovan\u00e1 doba \u010dten\u00ed":"1 minuta"},"schema":{"@context":"https:\/\/schema.org","@graph":[{"@type":"WebPage","@id":"https:\/\/fairway2hotel.at\/cs\/golfclubs\/deutschland\/golfclub-hohenpaehl\/","url":"https:\/\/fairway2hotel.at\/cs\/golfclubs\/deutschland\/golfclub-hohenpaehl\/","name":"GC Hohenp\u00e4hl - Fairway 2 Hotel","isPartOf":{"@id":"https:\/\/fairway2hotel.at\/cs\/#website"},"datePublished":"2010-10-21T18:45:54+00:00","dateModified":"2025-03-08T15:30:15+00:00","breadcrumb":{"@id":"https:\/\/fairway2hotel.at\/cs\/golfclubs\/deutschland\/golfclub-hohenpaehl\/#breadcrumb"},"inLanguage":"cs","potentialAction":[{"@type":"ReadAction","target":["https:\/\/fairway2hotel.at\/cs\/golfclubs\/deutschland\/golfclub-hohenpaehl\/"]}]},{"@type":"BreadcrumbList","@id":"https:\/\/fairway2hotel.at\/cs\/golfclubs\/deutschland\/golfclub-hohenpaehl\/#breadcrumb","itemListElement":[{"@type":"ListItem","position":1,"name":"Home","item":"https:\/\/fairway2hotel.at\/cs\/"},{"@type":"ListItem","position":2,"name":"Golfclubs","item":"https:\/\/fairway2hotel.at\/cs\/golfclubs\/"},{"@type":"ListItem","position":3,"name":"Golfclubs Deutschland","item":"https:\/\/fairway2hotel.at\/cs\/golfclubs\/deutschland\/"},{"@type":"ListItem","position":4,"name":"GC Hohenp\u00e4hl"}]},{"@type":"WebSite","@id":"https:\/\/fairway2hotel.at\/cs\/#website","url":"https:\/\/fairway2hotel.at\/cs\/","name":"Fairway 2 Hotel","description":"Golf zum halben Preis! 2 spielen - 1 zahlt","potentialAction":[{"@type":"SearchAction","target":{"@type":"EntryPoint","urlTemplate":"https:\/\/fairway2hotel.at\/cs\/?s={search_term_string}"},"query-input":{"@type":"PropertyValueSpecification","valueRequired":true,"valueName":"search_term_string"}}],"inLanguage":"cs"}]}},"_links":{"self":[{"href":"https:\/\/fairway2hotel.at\/cs\/wp-json\/wp\/v2\/pages\/1354","targetHints":{"allow":["GET"]}}],"collection":[{"href":"https:\/\/fairway2hotel.at\/cs\/wp-json\/wp\/v2\/pages"}],"about":[{"href":"https:\/\/fairway2hotel.at\/cs\/wp-json\/wp\/v2\/types\/page"}],"author":[{"embeddable":true,"href":"https:\/\/fairway2hotel.at\/cs\/wp-json\/wp\/v2\/users\/1"}],"replies":[{"embeddable":true,"href":"https:\/\/fairway2hotel.at\/cs\/wp-json\/wp\/v2\/comments?post=1354"}],"version-history":[{"count":13,"href":"https:\/\/fairway2hotel.at\/cs\/wp-json\/wp\/v2\/pages\/1354\/revisions"}],"predecessor-version":[{"id":46348,"href":"https:\/\/fairway2hotel.at\/cs\/wp-json\/wp\/v2\/pages\/1354\/revisions\/46348"}],"up":[{"embeddable":true,"href":"https:\/\/fairway2hotel.at\/cs\/wp-json\/wp\/v2\/pages\/1607"}],"acf:attachment":[{"embeddable":true,"href":"https:\/\/fairway2hotel.at\/cs\/wp-json\/wp\/v2\/media\/3332"},{"embeddable":true,"href":"https:\/\/fairway2hotel.at\/cs\/wp-json\/wp\/v2\/media\/1352"},{"embeddable":true,"href":"https:\/\/fairway2hotel.at\/cs\/wp-json\/wp\/v2\/media\/1351"}],"wp:attachment":[{"href":"https:\/\/fairway2hotel.at\/cs\/wp-json\/wp\/v2\/media?parent=1354"}],"curies":[{"name":"wp","href":"https:\/\/api.w.org\/{rel}","templated":true}]}}