{"id":139,"date":"2009-07-06T23:03:00","date_gmt":"2009-07-06T21:03:00","guid":{"rendered":"https:\/\/f2h.app\/golfclub-swarco-amstetten-ferschnitz\/"},"modified":"2025-03-23T14:01:54","modified_gmt":"2025-03-23T13:01:54","slug":"golfclub-swarco-amstetten-ferschnitz","status":"publish","type":"page","link":"https:\/\/fairway2hotel.at\/cs\/golfclubs\/niederoesterreich\/golfclub-swarco-amstetten-ferschnitz\/","title":{"rendered":"GC Mostviertel Amstetten-Ferschnitz"},"content":{"rendered":"<h2>Golfen im Herzen des Mostviertels<\/h2>\n<p>Mit einem tollen Pflegestandard hat der Golfplatz in Ferschnitz schon viele Golferherzen erobert. Die sanft h\u00fcgelige Mostviertler Landschaft, \u00fcber 1000 Mostobstb\u00e4ume und die ber\u00fchmte Gem\u00fctlichkeit tragen das Ihre dazu bei, den 18-Loch-Championship-Kurs zu einem entspannenden Golferlebnis zu machen. Ein Gutshof aus dem 16. Jahrhundert wacht \u00fcber die Spielbahnen, die Golfer aller Handicapklassen gleicherma\u00dfen fordern. Von der Runde zur\u00fcckgekehrt, verw\u00f6hnt der Golfwirt seine G\u00e4ste mit typisch Mostviertler Schmankerln und gutb\u00fcrgerlicher K\u00fcche. Wer den Golfclub swarco Amstetten-Ferschnitz einmal gespielt hat, wird ihn in sein Herz schlie\u00dfen \u2013 und wiederkommen!<\/p>\n<h2>Golfing in the heart of the Mostviertel<\/h2>\n<p>The golf course in Ferschnitz has already won the hearts of many golfers with its excellent standard of maintenance. The gently undulating Mostviertel landscape, over 1000 cider fruit trees and the famous cosiness all contribute to making the 18-hole championship course a relaxing golfing experience. A 16th century manor house watches over the fairways, which challenge golfers of all handicaps. After returning from the round, the golf host spoils his guests with typical Mostviertel specialities and home-style cooking. Anyone who has played the swarco Amstetten-Ferschnitz golf club once will take it to their heart &#8211; and come back again!<\/p>\n","protected":false},"excerpt":{"rendered":"<p>Golfen im Herzen des Mostviertels Mit einem tollen Pflegestandard hat der Golfplatz in Ferschnitz schon viele Golferherzen erobert. Die sanft h\u00fcgelige Mostviertler Landschaft, \u00fcber 1000 Mostobstb\u00e4ume und die ber\u00fchmte Gem\u00fctlichkeit tragen das Ihre dazu bei, den 18-Loch-Championship-Kurs zu einem entspannenden Golferlebnis zu machen. Ein Gutshof aus dem 16. Jahrhundert wacht \u00fcber die Spielbahnen, die Golfer [&hellip;]<\/p>\n","protected":false},"author":1,"featured_media":0,"parent":1448,"menu_order":16,"comment_status":"closed","ping_status":"closed","template":"page-partner.php","meta":{"_acf_changed":false,"footnotes":""},"class_list":["post-139","page","type-page","status-publish","hentry"],"acf":{"partner_infobox":"<strong>Adresse:\u00a0<\/strong>Gut Edla 18, 3325 Ferschnitz\r\n\r\n<strong>Tel:\u00a0<\/strong>+43 7473\/82 93\r\n\r\n<strong>Fax:\u00a0<\/strong>+43 7473\/82 93-4\r\n\r\n<strong>Web: <\/strong><a href=\"http:\/\/www.golfclub-amstetten.at\" target=\"_blank\" rel=\"nofollow noopener\">www.golfclub-amstetten.at<\/a>\r\n\r\n<strong>E-Mail:<\/strong> <a href=\"mailto:office@golfclub-amstetten.at\">office@golfclub-amstetten.at<\/a>\r\n\r\n<strong>Spielbahnen\/Par: <\/strong>18\/72\r\n\r\n<strong>La\u0308nge:\r\n<\/strong>Wei\u00df: 6.071 m\r\nBlau: 5.370 m\r\n\r\n<strong>Anfahrt:\r\n<\/strong>A1 \u2192 Abf. Amstetten Ost-\u2192 in s\u00fcdwestl. Richtung (1. Kreis---verk. \u2192 Steinakirchen) \u2192 Ferschnitz","partner_logo":138,"partner_gallery":[137,46751,46753,46755],"partner_lat":48.08833,"partner_long":14.98052,"partner_type":"golfclub","partner_openings":["1","2","3","4","5","6","7"],"montag_von_bis":"00:00 - 24:00","dienstag_von_bis":"00:00 - 24:00","mittwoch_von_bis":"00:00 - 24:00","donnerstag_von_bis":"00:00 - 24:00","freitag_von_bis":"00:00 - 24:00","samstag_von_bis":"00:00 - 24:00","sonntag_von_bis":"00:00 - 24:00","partner_adresse":"Gut Edla 18, 3325 Ferschnitz","partner_land_bundesland":"Nieder\u00f6sterreich","partner_tel_1":"0043 747382 934","partner_tel_2":"0043 7473 82 93","partner_web":"http:\/\/www.golfclub-amstetten.at","partner_mail":"office@golfclub-amstetten.at","partner_spielbahnen_par":"18\/72","partner_laenge":"Wei\u00df: 6.071 m Blau: 5.370 m","partner_bedingungen":"","partner_anfahrt":"A1 \u2192 Abf. Amstetten Ost-\u2192 in s\u00fcdwestl. Richtung (1. Kreis---verk. \u2192 Steinakirchen) \u2192 Ferschnitz","partner_misc":null,"additional_css_classes":""},"yoast_head":"<!-- This site is optimized with the Yoast SEO plugin v26.8 - https:\/\/yoast.com\/product\/yoast-seo-wordpress\/ -->\n<title>GC Mostviertel Amstetten-Ferschnitz - Fairway 2 Hotel<\/title>\n<meta name=\"robots\" content=\"index, follow, max-snippet:-1, max-image-preview:large, max-video-preview:-1\" \/>\n<link rel=\"canonical\" href=\"https:\/\/fairway2hotel.at\/cs\/golfclubs\/niederoesterreich\/golfclub-swarco-amstetten-ferschnitz\/\" \/>\n<meta property=\"og:locale\" content=\"cs_CZ\" \/>\n<meta property=\"og:type\" content=\"article\" \/>\n<meta property=\"og:title\" content=\"GC Mostviertel Amstetten-Ferschnitz - Fairway 2 Hotel\" \/>\n<meta property=\"og:description\" content=\"Golfen im Herzen des Mostviertels Mit einem tollen Pflegestandard hat der Golfplatz in Ferschnitz schon viele Golferherzen erobert. Die sanft h\u00fcgelige Mostviertler Landschaft, \u00fcber 1000 Mostobstb\u00e4ume und die ber\u00fchmte Gem\u00fctlichkeit tragen das Ihre dazu bei, den 18-Loch-Championship-Kurs zu einem entspannenden Golferlebnis zu machen. Ein Gutshof aus dem 16. Jahrhundert wacht \u00fcber die Spielbahnen, die Golfer [&hellip;]\" \/>\n<meta property=\"og:url\" content=\"https:\/\/fairway2hotel.at\/cs\/golfclubs\/niederoesterreich\/golfclub-swarco-amstetten-ferschnitz\/\" \/>\n<meta property=\"og:site_name\" content=\"Fairway 2 Hotel\" \/>\n<meta property=\"article:modified_time\" content=\"2025-03-23T13:01:54+00:00\" \/>\n<meta name=\"twitter:card\" content=\"summary_large_image\" \/>\n<meta name=\"twitter:label1\" content=\"Odhadovan\u00e1 doba \u010dten\u00ed\" \/>\n\t<meta name=\"twitter:data1\" content=\"2 minuty\" \/>\n<script type=\"application\/ld+json\" class=\"yoast-schema-graph\">{\"@context\":\"https:\/\/schema.org\",\"@graph\":[{\"@type\":\"WebPage\",\"@id\":\"https:\/\/fairway2hotel.at\/cs\/golfclubs\/niederoesterreich\/golfclub-swarco-amstetten-ferschnitz\/\",\"url\":\"https:\/\/fairway2hotel.at\/cs\/golfclubs\/niederoesterreich\/golfclub-swarco-amstetten-ferschnitz\/\",\"name\":\"GC Mostviertel Amstetten-Ferschnitz - Fairway 2 Hotel\",\"isPartOf\":{\"@id\":\"https:\/\/fairway2hotel.at\/cs\/#website\"},\"datePublished\":\"2009-07-06T21:03:00+00:00\",\"dateModified\":\"2025-03-23T13:01:54+00:00\",\"breadcrumb\":{\"@id\":\"https:\/\/fairway2hotel.at\/cs\/golfclubs\/niederoesterreich\/golfclub-swarco-amstetten-ferschnitz\/#breadcrumb\"},\"inLanguage\":\"cs\",\"potentialAction\":[{\"@type\":\"ReadAction\",\"target\":[\"https:\/\/fairway2hotel.at\/cs\/golfclubs\/niederoesterreich\/golfclub-swarco-amstetten-ferschnitz\/\"]}]},{\"@type\":\"BreadcrumbList\",\"@id\":\"https:\/\/fairway2hotel.at\/cs\/golfclubs\/niederoesterreich\/golfclub-swarco-amstetten-ferschnitz\/#breadcrumb\",\"itemListElement\":[{\"@type\":\"ListItem\",\"position\":1,\"name\":\"Home\",\"item\":\"https:\/\/fairway2hotel.at\/cs\/\"},{\"@type\":\"ListItem\",\"position\":2,\"name\":\"Golfclubs\",\"item\":\"https:\/\/fairway2hotel.at\/cs\/golfclubs\/\"},{\"@type\":\"ListItem\",\"position\":3,\"name\":\"Golfclubs Nieder\u00f6sterreich\",\"item\":\"https:\/\/fairway2hotel.at\/cs\/golfclubs\/niederoesterreich\/\"},{\"@type\":\"ListItem\",\"position\":4,\"name\":\"GC Mostviertel Amstetten-Ferschnitz\"}]},{\"@type\":\"WebSite\",\"@id\":\"https:\/\/fairway2hotel.at\/cs\/#website\",\"url\":\"https:\/\/fairway2hotel.at\/cs\/\",\"name\":\"Fairway 2 Hotel\",\"description\":\"Golf zum halben Preis! 2 spielen - 1 zahlt\",\"potentialAction\":[{\"@type\":\"SearchAction\",\"target\":{\"@type\":\"EntryPoint\",\"urlTemplate\":\"https:\/\/fairway2hotel.at\/cs\/?s={search_term_string}\"},\"query-input\":{\"@type\":\"PropertyValueSpecification\",\"valueRequired\":true,\"valueName\":\"search_term_string\"}}],\"inLanguage\":\"cs\"}]}<\/script>\n<!-- \/ Yoast SEO plugin. -->","yoast_head_json":{"title":"GC Mostviertel Amstetten-Ferschnitz - Fairway 2 Hotel","robots":{"index":"index","follow":"follow","max-snippet":"max-snippet:-1","max-image-preview":"max-image-preview:large","max-video-preview":"max-video-preview:-1"},"canonical":"https:\/\/fairway2hotel.at\/cs\/golfclubs\/niederoesterreich\/golfclub-swarco-amstetten-ferschnitz\/","og_locale":"cs_CZ","og_type":"article","og_title":"GC Mostviertel Amstetten-Ferschnitz - Fairway 2 Hotel","og_description":"Golfen im Herzen des Mostviertels Mit einem tollen Pflegestandard hat der Golfplatz in Ferschnitz schon viele Golferherzen erobert. Die sanft h\u00fcgelige Mostviertler Landschaft, \u00fcber 1000 Mostobstb\u00e4ume und die ber\u00fchmte Gem\u00fctlichkeit tragen das Ihre dazu bei, den 18-Loch-Championship-Kurs zu einem entspannenden Golferlebnis zu machen. Ein Gutshof aus dem 16. Jahrhundert wacht \u00fcber die Spielbahnen, die Golfer [&hellip;]","og_url":"https:\/\/fairway2hotel.at\/cs\/golfclubs\/niederoesterreich\/golfclub-swarco-amstetten-ferschnitz\/","og_site_name":"Fairway 2 Hotel","article_modified_time":"2025-03-23T13:01:54+00:00","twitter_card":"summary_large_image","twitter_misc":{"Odhadovan\u00e1 doba \u010dten\u00ed":"2 minuty"},"schema":{"@context":"https:\/\/schema.org","@graph":[{"@type":"WebPage","@id":"https:\/\/fairway2hotel.at\/cs\/golfclubs\/niederoesterreich\/golfclub-swarco-amstetten-ferschnitz\/","url":"https:\/\/fairway2hotel.at\/cs\/golfclubs\/niederoesterreich\/golfclub-swarco-amstetten-ferschnitz\/","name":"GC Mostviertel Amstetten-Ferschnitz - Fairway 2 Hotel","isPartOf":{"@id":"https:\/\/fairway2hotel.at\/cs\/#website"},"datePublished":"2009-07-06T21:03:00+00:00","dateModified":"2025-03-23T13:01:54+00:00","breadcrumb":{"@id":"https:\/\/fairway2hotel.at\/cs\/golfclubs\/niederoesterreich\/golfclub-swarco-amstetten-ferschnitz\/#breadcrumb"},"inLanguage":"cs","potentialAction":[{"@type":"ReadAction","target":["https:\/\/fairway2hotel.at\/cs\/golfclubs\/niederoesterreich\/golfclub-swarco-amstetten-ferschnitz\/"]}]},{"@type":"BreadcrumbList","@id":"https:\/\/fairway2hotel.at\/cs\/golfclubs\/niederoesterreich\/golfclub-swarco-amstetten-ferschnitz\/#breadcrumb","itemListElement":[{"@type":"ListItem","position":1,"name":"Home","item":"https:\/\/fairway2hotel.at\/cs\/"},{"@type":"ListItem","position":2,"name":"Golfclubs","item":"https:\/\/fairway2hotel.at\/cs\/golfclubs\/"},{"@type":"ListItem","position":3,"name":"Golfclubs Nieder\u00f6sterreich","item":"https:\/\/fairway2hotel.at\/cs\/golfclubs\/niederoesterreich\/"},{"@type":"ListItem","position":4,"name":"GC Mostviertel Amstetten-Ferschnitz"}]},{"@type":"WebSite","@id":"https:\/\/fairway2hotel.at\/cs\/#website","url":"https:\/\/fairway2hotel.at\/cs\/","name":"Fairway 2 Hotel","description":"Golf zum halben Preis! 2 spielen - 1 zahlt","potentialAction":[{"@type":"SearchAction","target":{"@type":"EntryPoint","urlTemplate":"https:\/\/fairway2hotel.at\/cs\/?s={search_term_string}"},"query-input":{"@type":"PropertyValueSpecification","valueRequired":true,"valueName":"search_term_string"}}],"inLanguage":"cs"}]}},"_links":{"self":[{"href":"https:\/\/fairway2hotel.at\/cs\/wp-json\/wp\/v2\/pages\/139","targetHints":{"allow":["GET"]}}],"collection":[{"href":"https:\/\/fairway2hotel.at\/cs\/wp-json\/wp\/v2\/pages"}],"about":[{"href":"https:\/\/fairway2hotel.at\/cs\/wp-json\/wp\/v2\/types\/page"}],"author":[{"embeddable":true,"href":"https:\/\/fairway2hotel.at\/cs\/wp-json\/wp\/v2\/users\/1"}],"replies":[{"embeddable":true,"href":"https:\/\/fairway2hotel.at\/cs\/wp-json\/wp\/v2\/comments?post=139"}],"version-history":[{"count":10,"href":"https:\/\/fairway2hotel.at\/cs\/wp-json\/wp\/v2\/pages\/139\/revisions"}],"predecessor-version":[{"id":46757,"href":"https:\/\/fairway2hotel.at\/cs\/wp-json\/wp\/v2\/pages\/139\/revisions\/46757"}],"up":[{"embeddable":true,"href":"https:\/\/fairway2hotel.at\/cs\/wp-json\/wp\/v2\/pages\/1448"}],"acf:attachment":[{"embeddable":true,"href":"https:\/\/fairway2hotel.at\/cs\/wp-json\/wp\/v2\/media\/46755"},{"embeddable":true,"href":"https:\/\/fairway2hotel.at\/cs\/wp-json\/wp\/v2\/media\/46753"},{"embeddable":true,"href":"https:\/\/fairway2hotel.at\/cs\/wp-json\/wp\/v2\/media\/46751"},{"embeddable":true,"href":"https:\/\/fairway2hotel.at\/cs\/wp-json\/wp\/v2\/media\/137"}],"wp:attachment":[{"href":"https:\/\/fairway2hotel.at\/cs\/wp-json\/wp\/v2\/media?parent=139"}],"curies":[{"name":"wp","href":"https:\/\/api.w.org\/{rel}","templated":true}]}}