{"id":1399,"date":"2016-10-18T08:46:29","date_gmt":"2016-10-18T06:46:29","guid":{"rendered":"https:\/\/f2h.app\/gc-passeier\/"},"modified":"2026-02-12T13:42:51","modified_gmt":"2026-02-12T12:42:51","slug":"gc-passeier","status":"publish","type":"page","link":"https:\/\/fairway2hotel.at\/cs\/golfclubs\/italien\/gc-passeier\/","title":{"rendered":"GC Passeier.Meran"},"content":{"rendered":"<h2>Golfplatz Passeier: Golfen der Extraklasse<\/h2>\n<p>Fast das ganze Jahr u\u0308ber Green-Vergnu\u0308gen? Im Golfclub Passeier.Meran ist das mo\u0308glich! Mit seinem harmonischen Verlauf und den hohen sportlichen Anforderungen bietet er sowohl fu\u0308r Anfa\u0308nger als auch guten Spielern ideale Voraussetzungen. Die Wasserhindernisse, darunter sieben Teiche mit Seerosen, und die zahlreichen Bunker verlangen ein strategisches Spiel und sind ein Highlight dieses Courses. Somit ist auch die Extraprise Spannung garantiert!<br \/>\nEin wahrer Golf-Olymp!<\/p>\n<h2>Passeier golf course: golfing in a class of its own<\/h2>\n<p>Green fun almost all year round? It&#8217;s possible at the Passeier.Meran golf club! With its harmonious course and high sporting demands, it offers ideal conditions for beginners and good players alike. The water hazards, including seven ponds with water lilies, and the numerous bunkers require a strategic game and are a highlight of this course. Extra excitement is guaranteed!<br \/>\nA true golfing Olympus!<\/p>\n","protected":false},"excerpt":{"rendered":"<p>Golfplatz Passeier: Golfen der Extraklasse Fast das ganze Jahr u\u0308ber Green-Vergnu\u0308gen? Im Golfclub Passeier.Meran ist das mo\u0308glich! Mit seinem harmonischen Verlauf und den hohen sportlichen Anforderungen bietet er sowohl fu\u0308r Anfa\u0308nger als auch guten Spielern ideale Voraussetzungen. Die Wasserhindernisse, darunter sieben Teiche mit Seerosen, und die zahlreichen Bunker verlangen ein strategisches Spiel und sind ein [&hellip;]<\/p>\n","protected":false},"author":1,"featured_media":0,"parent":1657,"menu_order":105,"comment_status":"closed","ping_status":"closed","template":"page-partner.php","meta":{"_acf_changed":false,"footnotes":""},"class_list":["post-1399","page","type-page","status-publish","hentry"],"acf":{"partner_infobox":"<strong>Adresse:\u00a0<\/strong>Kellerlahne 3, 39015 St. Leonhard in Passeier\r\n\r\n<strong>Tel:\u00a0<\/strong>+39 0473 641488\r\n\r\n<strong>Web: <\/strong><a href=\"http:\/\/www.golfclubpasseier.com\/\" target=\"_blank\" rel=\"nofollow noopener noreferrer\">www.golfclubpasseier.com<\/a>\r\n\r\n<strong>E-Mail:<\/strong> <a href=\"mailto:info@golfclubpasseier.com\">info@golfclubpasseier.com<\/a>\r\n\r\n<strong>Spielbahnen\/Par: <\/strong>18\/71\r\n\r\n<strong>La\u0308nge: <\/strong>gelb: 5.476 m \/ rot: 4.812 m\r\n\r\n<em><strong>Bedingungen:\r\n<\/strong>Platzreife und in einem Club Mitglied sein.<\/em>\r\n\r\n<strong>Anfahrt:\r\n<\/strong>Von Bozen-Su\u0308d auf SS38 bis Ausfahrt Meran-Su\u0308d. Weiter auf der Strada Provinciale 8 Merano- Scena\/SP8 bis Jaufenstra\u00dfe\/ SS44 in Meran nehmen. Rechts abbiegen auf Jaufenstra\u00dfe\/SS44 bis zum Ziel in Sankt Leonhard in Passeier.","partner_logo":37470,"partner_gallery":[37472,37480,37478,37476,37474],"partner_lat":46.778998,"partner_long":11.228582,"partner_type":"golfclub","partner_openings":["1","2","3","4","5","6","7"],"montag_von_bis":"13:00 - 24:00","dienstag_von_bis":"13:00 - 24:00","mittwoch_von_bis":"13:00 - 24:00","donnerstag_von_bis":"13:00 - 24:00","freitag_von_bis":"13:00 - 24:00","samstag_von_bis":"13:00 - 24:00","sonntag_von_bis":"13:00 - 24:00","partner_adresse":"Kellerlahne 3, 39015 St. Leonhard in Passeier","partner_land_bundesland":"Italien","partner_tel_1":"","partner_tel_2":"0039 0473 641488","partner_web":"http:\/\/www.golfclubpasseier.com","partner_mail":"info@golfclubpasseier.com","partner_spielbahnen_par":"18\/71","partner_laenge":"gelb: 5.476 m \/ rot: 4.812 m","partner_bedingungen":"Gutscheine ab 13.00 Uhr einl\u00f6sbar\r\nvouchers redeemable after 1.00 p.m.","partner_anfahrt":"Von Bozen-Su\u0308d auf SS38 bis Ausfahrt Meran-Su\u0308d. Weiter auf der Strada Provinciale 8 Merano- Scena\/SP8 bis Jaufenstra\u00dfe\/ SS44 in Meran nehmen. Rechts abbiegen auf Jaufenstra\u00dfe\/SS44 bis zum Ziel in Sankt Leonhard in Passeier.","partner_misc":null,"additional_css_classes":""},"yoast_head":"<!-- This site is optimized with the Yoast SEO plugin v26.8 - https:\/\/yoast.com\/product\/yoast-seo-wordpress\/ -->\n<title>GC Passeier.Meran - Fairway 2 Hotel<\/title>\n<meta name=\"robots\" content=\"index, follow, max-snippet:-1, max-image-preview:large, max-video-preview:-1\" \/>\n<link rel=\"canonical\" href=\"https:\/\/fairway2hotel.at\/cs\/golfclubs\/italien\/gc-passeier\/\" \/>\n<meta property=\"og:locale\" content=\"cs_CZ\" \/>\n<meta property=\"og:type\" content=\"article\" \/>\n<meta property=\"og:title\" content=\"GC Passeier.Meran - Fairway 2 Hotel\" \/>\n<meta property=\"og:description\" content=\"Golfplatz Passeier: Golfen der Extraklasse Fast das ganze Jahr u\u0308ber Green-Vergnu\u0308gen? Im Golfclub Passeier.Meran ist das mo\u0308glich! Mit seinem harmonischen Verlauf und den hohen sportlichen Anforderungen bietet er sowohl fu\u0308r Anfa\u0308nger als auch guten Spielern ideale Voraussetzungen. Die Wasserhindernisse, darunter sieben Teiche mit Seerosen, und die zahlreichen Bunker verlangen ein strategisches Spiel und sind ein [&hellip;]\" \/>\n<meta property=\"og:url\" content=\"https:\/\/fairway2hotel.at\/cs\/golfclubs\/italien\/gc-passeier\/\" \/>\n<meta property=\"og:site_name\" content=\"Fairway 2 Hotel\" \/>\n<meta property=\"article:modified_time\" content=\"2026-02-12T12:42:51+00:00\" \/>\n<meta name=\"twitter:card\" content=\"summary_large_image\" \/>\n<meta name=\"twitter:label1\" content=\"Odhadovan\u00e1 doba \u010dten\u00ed\" \/>\n\t<meta name=\"twitter:data1\" content=\"1 minuta\" \/>\n<script type=\"application\/ld+json\" class=\"yoast-schema-graph\">{\"@context\":\"https:\/\/schema.org\",\"@graph\":[{\"@type\":\"WebPage\",\"@id\":\"https:\/\/fairway2hotel.at\/cs\/golfclubs\/italien\/gc-passeier\/\",\"url\":\"https:\/\/fairway2hotel.at\/cs\/golfclubs\/italien\/gc-passeier\/\",\"name\":\"GC Passeier.Meran - Fairway 2 Hotel\",\"isPartOf\":{\"@id\":\"https:\/\/fairway2hotel.at\/cs\/#website\"},\"datePublished\":\"2016-10-18T06:46:29+00:00\",\"dateModified\":\"2026-02-12T12:42:51+00:00\",\"breadcrumb\":{\"@id\":\"https:\/\/fairway2hotel.at\/cs\/golfclubs\/italien\/gc-passeier\/#breadcrumb\"},\"inLanguage\":\"cs\",\"potentialAction\":[{\"@type\":\"ReadAction\",\"target\":[\"https:\/\/fairway2hotel.at\/cs\/golfclubs\/italien\/gc-passeier\/\"]}]},{\"@type\":\"BreadcrumbList\",\"@id\":\"https:\/\/fairway2hotel.at\/cs\/golfclubs\/italien\/gc-passeier\/#breadcrumb\",\"itemListElement\":[{\"@type\":\"ListItem\",\"position\":1,\"name\":\"Home\",\"item\":\"https:\/\/fairway2hotel.at\/cs\/\"},{\"@type\":\"ListItem\",\"position\":2,\"name\":\"Golfclubs\",\"item\":\"https:\/\/fairway2hotel.at\/cs\/golfclubs\/\"},{\"@type\":\"ListItem\",\"position\":3,\"name\":\"Golfclubs Italien\",\"item\":\"https:\/\/fairway2hotel.at\/cs\/golfclubs\/italien\/\"},{\"@type\":\"ListItem\",\"position\":4,\"name\":\"GC Passeier.Meran\"}]},{\"@type\":\"WebSite\",\"@id\":\"https:\/\/fairway2hotel.at\/cs\/#website\",\"url\":\"https:\/\/fairway2hotel.at\/cs\/\",\"name\":\"Fairway 2 Hotel\",\"description\":\"Golf zum halben Preis! 2 spielen - 1 zahlt\",\"potentialAction\":[{\"@type\":\"SearchAction\",\"target\":{\"@type\":\"EntryPoint\",\"urlTemplate\":\"https:\/\/fairway2hotel.at\/cs\/?s={search_term_string}\"},\"query-input\":{\"@type\":\"PropertyValueSpecification\",\"valueRequired\":true,\"valueName\":\"search_term_string\"}}],\"inLanguage\":\"cs\"}]}<\/script>\n<!-- \/ Yoast SEO plugin. -->","yoast_head_json":{"title":"GC Passeier.Meran - Fairway 2 Hotel","robots":{"index":"index","follow":"follow","max-snippet":"max-snippet:-1","max-image-preview":"max-image-preview:large","max-video-preview":"max-video-preview:-1"},"canonical":"https:\/\/fairway2hotel.at\/cs\/golfclubs\/italien\/gc-passeier\/","og_locale":"cs_CZ","og_type":"article","og_title":"GC Passeier.Meran - Fairway 2 Hotel","og_description":"Golfplatz Passeier: Golfen der Extraklasse Fast das ganze Jahr u\u0308ber Green-Vergnu\u0308gen? Im Golfclub Passeier.Meran ist das mo\u0308glich! Mit seinem harmonischen Verlauf und den hohen sportlichen Anforderungen bietet er sowohl fu\u0308r Anfa\u0308nger als auch guten Spielern ideale Voraussetzungen. Die Wasserhindernisse, darunter sieben Teiche mit Seerosen, und die zahlreichen Bunker verlangen ein strategisches Spiel und sind ein [&hellip;]","og_url":"https:\/\/fairway2hotel.at\/cs\/golfclubs\/italien\/gc-passeier\/","og_site_name":"Fairway 2 Hotel","article_modified_time":"2026-02-12T12:42:51+00:00","twitter_card":"summary_large_image","twitter_misc":{"Odhadovan\u00e1 doba \u010dten\u00ed":"1 minuta"},"schema":{"@context":"https:\/\/schema.org","@graph":[{"@type":"WebPage","@id":"https:\/\/fairway2hotel.at\/cs\/golfclubs\/italien\/gc-passeier\/","url":"https:\/\/fairway2hotel.at\/cs\/golfclubs\/italien\/gc-passeier\/","name":"GC Passeier.Meran - Fairway 2 Hotel","isPartOf":{"@id":"https:\/\/fairway2hotel.at\/cs\/#website"},"datePublished":"2016-10-18T06:46:29+00:00","dateModified":"2026-02-12T12:42:51+00:00","breadcrumb":{"@id":"https:\/\/fairway2hotel.at\/cs\/golfclubs\/italien\/gc-passeier\/#breadcrumb"},"inLanguage":"cs","potentialAction":[{"@type":"ReadAction","target":["https:\/\/fairway2hotel.at\/cs\/golfclubs\/italien\/gc-passeier\/"]}]},{"@type":"BreadcrumbList","@id":"https:\/\/fairway2hotel.at\/cs\/golfclubs\/italien\/gc-passeier\/#breadcrumb","itemListElement":[{"@type":"ListItem","position":1,"name":"Home","item":"https:\/\/fairway2hotel.at\/cs\/"},{"@type":"ListItem","position":2,"name":"Golfclubs","item":"https:\/\/fairway2hotel.at\/cs\/golfclubs\/"},{"@type":"ListItem","position":3,"name":"Golfclubs Italien","item":"https:\/\/fairway2hotel.at\/cs\/golfclubs\/italien\/"},{"@type":"ListItem","position":4,"name":"GC Passeier.Meran"}]},{"@type":"WebSite","@id":"https:\/\/fairway2hotel.at\/cs\/#website","url":"https:\/\/fairway2hotel.at\/cs\/","name":"Fairway 2 Hotel","description":"Golf zum halben Preis! 2 spielen - 1 zahlt","potentialAction":[{"@type":"SearchAction","target":{"@type":"EntryPoint","urlTemplate":"https:\/\/fairway2hotel.at\/cs\/?s={search_term_string}"},"query-input":{"@type":"PropertyValueSpecification","valueRequired":true,"valueName":"search_term_string"}}],"inLanguage":"cs"}]}},"_links":{"self":[{"href":"https:\/\/fairway2hotel.at\/cs\/wp-json\/wp\/v2\/pages\/1399","targetHints":{"allow":["GET"]}}],"collection":[{"href":"https:\/\/fairway2hotel.at\/cs\/wp-json\/wp\/v2\/pages"}],"about":[{"href":"https:\/\/fairway2hotel.at\/cs\/wp-json\/wp\/v2\/types\/page"}],"author":[{"embeddable":true,"href":"https:\/\/fairway2hotel.at\/cs\/wp-json\/wp\/v2\/users\/1"}],"replies":[{"embeddable":true,"href":"https:\/\/fairway2hotel.at\/cs\/wp-json\/wp\/v2\/comments?post=1399"}],"version-history":[{"count":14,"href":"https:\/\/fairway2hotel.at\/cs\/wp-json\/wp\/v2\/pages\/1399\/revisions"}],"predecessor-version":[{"id":52650,"href":"https:\/\/fairway2hotel.at\/cs\/wp-json\/wp\/v2\/pages\/1399\/revisions\/52650"}],"up":[{"embeddable":true,"href":"https:\/\/fairway2hotel.at\/cs\/wp-json\/wp\/v2\/pages\/1657"}],"acf:attachment":[{"embeddable":true,"href":"https:\/\/fairway2hotel.at\/cs\/wp-json\/wp\/v2\/media\/37474"},{"embeddable":true,"href":"https:\/\/fairway2hotel.at\/cs\/wp-json\/wp\/v2\/media\/37476"},{"embeddable":true,"href":"https:\/\/fairway2hotel.at\/cs\/wp-json\/wp\/v2\/media\/37478"},{"embeddable":true,"href":"https:\/\/fairway2hotel.at\/cs\/wp-json\/wp\/v2\/media\/37480"},{"embeddable":true,"href":"https:\/\/fairway2hotel.at\/cs\/wp-json\/wp\/v2\/media\/37472"}],"wp:attachment":[{"href":"https:\/\/fairway2hotel.at\/cs\/wp-json\/wp\/v2\/media?parent=1399"}],"curies":[{"name":"wp","href":"https:\/\/api.w.org\/{rel}","templated":true}]}}