{"id":1432,"date":"2018-10-17T09:25:17","date_gmt":"2018-10-17T07:25:17","guid":{"rendered":"https:\/\/f2h.app\/golf-del-ducato\/"},"modified":"2026-02-20T10:42:34","modified_gmt":"2026-02-20T09:42:34","slug":"golf-del-ducato","status":"publish","type":"page","link":"https:\/\/fairway2hotel.at\/cs\/golfclubs\/italien\/golf-del-ducato\/","title":{"rendered":"GC Del Ducato"},"content":{"rendered":"<h2>Entdecken Sie den sensationellen Golfkurs \u201eLa Rocca\u201c<\/h2>\n<p>Golf del Ducato &#8211; der La Rocca Kurs liegt im Herzen des Food Valley, wo Golf und Gastronomie eine undwiderstehliche Verbindung eingehen. Der Platz in nur 10 Minuten Entfernung von Parma wurde 1985 am Rande des Naturparks Boschi di Carrega gegru\u0308ndet, inmitten von Eichen- und Akazienwa\u0308ldern, wundervollen kleinen Seen, in einer sanftwellingen Hu\u0308gellandschaft, dank deren es mo\u0308glich wurde, diesen einzigartigen 18-Loch-Parklandkurs mit unvergesslichem Ausblick zu schaffen. Im Clubhaus-Restaurant gibt es eine Auswahl an traditionellen Gerichten und erstklassigen gastronomischen Spitzenleistungen wie Prosciutto di Parma und Parmigiano Reggiano. Parma, eine Stadt, die zuna\u0308chst Feudalsitz der Farnese und danach der Bourbonen war, atmet die exklusive Faszination, die nur an solchen Orten zu finden ist.<\/p>\n<h2>Discover the sensational golf course \u2018La Rocca\u2019<\/h2>\n<p>Golf del Ducato \u2013 La Rocca Course course is located in the heart of the Food Valley, where golf and gastronomy come together in an irresistible combination. The course, just 10 minutes from Parma, was founded in 1985 on the edge of the Boschi di Carrega Natural Park, surrounded by oak and acacia woods, marvellous small lakes, in a gently undulating hilly landscape, thanks to which it was possible to create this unique 18-hole parkland course with unforgettable views. The clubhouse restaurant offers a selection of traditional dishes and first-class gastronomic specialities such as Prosciutto di Parma and Parmigiano Reggiano. Parma, a city that was first the feudal seat of the Farnese and then of the Bourbons, exudes the exclusive allure that can only be found in such places.<\/p>\n","protected":false},"excerpt":{"rendered":"<p>Entdecken Sie den sensationellen Golfkurs \u201eLa Rocca\u201c Golf del Ducato &#8211; der La Rocca Kurs liegt im Herzen des Food Valley, wo Golf und Gastronomie eine undwiderstehliche Verbindung eingehen. Der Platz in nur 10 Minuten Entfernung von Parma wurde 1985 am Rande des Naturparks Boschi di Carrega gegru\u0308ndet, inmitten von Eichen- und Akazienwa\u0308ldern, wundervollen kleinen [&hellip;]<\/p>\n","protected":false},"author":1,"featured_media":0,"parent":1657,"menu_order":60,"comment_status":"closed","ping_status":"closed","template":"page-partner.php","meta":{"_acf_changed":false,"footnotes":""},"class_list":["post-1432","page","type-page","status-publish","hentry"],"acf":{"partner_infobox":"<strong>Adresse:\u00a0<\/strong>Via Campi 8, I-43038 Sala Baganza\r\n\r\n<strong>Tel:\u00a0<\/strong>+39 0521 834037\r\n\r\n<strong>Web: <\/strong><a href=\"http:\/\/www.golfdelducato.it\" target=\"_blank\" rel=\"nofollow noopener noreferrer\">www.www.golfdelducato.it<\/a>\r\n\r\n<strong>E-Mail:<\/strong> <a href=\"mailto:info@golfdelducato.it\">info@golfdelducato.it<\/a>\r\n\r\n<strong>Spielbahnen\/Par: <\/strong>18\/72\r\n\r\n<strong>La\u0308nge: <\/strong>gelb: 5.885 m \/ rot: 5.159 m\r\n\r\n<em><strong>Bedingungen:\r\n<\/strong>Gutscheine einlo\u0308sbar DI\u2013FR.<\/em>\r\n\r\n<strong>Anfahrt:\r\n<\/strong>10 km su\u0308dlich von Parma.","partner_logo":3704,"partner_gallery":[3705,3706,3707],"partner_lat":44.707498,"partner_long":10.226614,"partner_type":"golfclub","partner_openings":["1","2","3","4","5","6","7"],"montag_von_bis":"00:00 - 24:00","dienstag_von_bis":"00:00 - 24:00","mittwoch_von_bis":"00:00 - 24:00","donnerstag_von_bis":"00:00 - 24:00","freitag_von_bis":"00:00 - 24:00","samstag_von_bis":"00:00 - 24:00","sonntag_von_bis":"00:00 - 24:00","partner_adresse":"Via Campi 8, I-43038 Sala Baganza","partner_land_bundesland":"","partner_tel_1":"","partner_tel_2":"+39 0521 834037","partner_web":"https:\/\/emiliagolf.it\/golf-la-rocca-golf-del-ducato\/","partner_mail":"larocca@emiliagolf.it","partner_spielbahnen_par":"18\/72","partner_laenge":"","partner_bedingungen":"","partner_anfahrt":"","partner_misc":null,"additional_css_classes":""},"yoast_head":"<!-- This site is optimized with the Yoast SEO plugin v26.8 - https:\/\/yoast.com\/product\/yoast-seo-wordpress\/ -->\n<title>GC Del Ducato - Fairway 2 Hotel<\/title>\n<meta name=\"robots\" content=\"index, follow, max-snippet:-1, max-image-preview:large, max-video-preview:-1\" \/>\n<link rel=\"canonical\" href=\"https:\/\/fairway2hotel.at\/cs\/golfclubs\/italien\/golf-del-ducato\/\" \/>\n<meta property=\"og:locale\" content=\"cs_CZ\" \/>\n<meta property=\"og:type\" content=\"article\" \/>\n<meta property=\"og:title\" content=\"GC Del Ducato - Fairway 2 Hotel\" \/>\n<meta property=\"og:description\" content=\"Entdecken Sie den sensationellen Golfkurs \u201eLa Rocca\u201c Golf del Ducato &#8211; der La Rocca Kurs liegt im Herzen des Food Valley, wo Golf und Gastronomie eine undwiderstehliche Verbindung eingehen. Der Platz in nur 10 Minuten Entfernung von Parma wurde 1985 am Rande des Naturparks Boschi di Carrega gegru\u0308ndet, inmitten von Eichen- und Akazienwa\u0308ldern, wundervollen kleinen [&hellip;]\" \/>\n<meta property=\"og:url\" content=\"https:\/\/fairway2hotel.at\/cs\/golfclubs\/italien\/golf-del-ducato\/\" \/>\n<meta property=\"og:site_name\" content=\"Fairway 2 Hotel\" \/>\n<meta property=\"article:modified_time\" content=\"2026-02-20T09:42:34+00:00\" \/>\n<meta name=\"twitter:card\" content=\"summary_large_image\" \/>\n<meta name=\"twitter:label1\" content=\"Odhadovan\u00e1 doba \u010dten\u00ed\" \/>\n\t<meta name=\"twitter:data1\" content=\"2 minuty\" \/>\n<script type=\"application\/ld+json\" class=\"yoast-schema-graph\">{\"@context\":\"https:\/\/schema.org\",\"@graph\":[{\"@type\":\"WebPage\",\"@id\":\"https:\/\/fairway2hotel.at\/cs\/golfclubs\/italien\/golf-del-ducato\/\",\"url\":\"https:\/\/fairway2hotel.at\/cs\/golfclubs\/italien\/golf-del-ducato\/\",\"name\":\"GC Del Ducato - Fairway 2 Hotel\",\"isPartOf\":{\"@id\":\"https:\/\/fairway2hotel.at\/cs\/#website\"},\"datePublished\":\"2018-10-17T07:25:17+00:00\",\"dateModified\":\"2026-02-20T09:42:34+00:00\",\"breadcrumb\":{\"@id\":\"https:\/\/fairway2hotel.at\/cs\/golfclubs\/italien\/golf-del-ducato\/#breadcrumb\"},\"inLanguage\":\"cs\",\"potentialAction\":[{\"@type\":\"ReadAction\",\"target\":[\"https:\/\/fairway2hotel.at\/cs\/golfclubs\/italien\/golf-del-ducato\/\"]}]},{\"@type\":\"BreadcrumbList\",\"@id\":\"https:\/\/fairway2hotel.at\/cs\/golfclubs\/italien\/golf-del-ducato\/#breadcrumb\",\"itemListElement\":[{\"@type\":\"ListItem\",\"position\":1,\"name\":\"Home\",\"item\":\"https:\/\/fairway2hotel.at\/cs\/\"},{\"@type\":\"ListItem\",\"position\":2,\"name\":\"Golfclubs\",\"item\":\"https:\/\/fairway2hotel.at\/cs\/golfclubs\/\"},{\"@type\":\"ListItem\",\"position\":3,\"name\":\"Golfclubs Italien\",\"item\":\"https:\/\/fairway2hotel.at\/cs\/golfclubs\/italien\/\"},{\"@type\":\"ListItem\",\"position\":4,\"name\":\"GC Del Ducato\"}]},{\"@type\":\"WebSite\",\"@id\":\"https:\/\/fairway2hotel.at\/cs\/#website\",\"url\":\"https:\/\/fairway2hotel.at\/cs\/\",\"name\":\"Fairway 2 Hotel\",\"description\":\"Golf zum halben Preis! 2 spielen - 1 zahlt\",\"potentialAction\":[{\"@type\":\"SearchAction\",\"target\":{\"@type\":\"EntryPoint\",\"urlTemplate\":\"https:\/\/fairway2hotel.at\/cs\/?s={search_term_string}\"},\"query-input\":{\"@type\":\"PropertyValueSpecification\",\"valueRequired\":true,\"valueName\":\"search_term_string\"}}],\"inLanguage\":\"cs\"}]}<\/script>\n<!-- \/ Yoast SEO plugin. -->","yoast_head_json":{"title":"GC Del Ducato - Fairway 2 Hotel","robots":{"index":"index","follow":"follow","max-snippet":"max-snippet:-1","max-image-preview":"max-image-preview:large","max-video-preview":"max-video-preview:-1"},"canonical":"https:\/\/fairway2hotel.at\/cs\/golfclubs\/italien\/golf-del-ducato\/","og_locale":"cs_CZ","og_type":"article","og_title":"GC Del Ducato - Fairway 2 Hotel","og_description":"Entdecken Sie den sensationellen Golfkurs \u201eLa Rocca\u201c Golf del Ducato &#8211; der La Rocca Kurs liegt im Herzen des Food Valley, wo Golf und Gastronomie eine undwiderstehliche Verbindung eingehen. Der Platz in nur 10 Minuten Entfernung von Parma wurde 1985 am Rande des Naturparks Boschi di Carrega gegru\u0308ndet, inmitten von Eichen- und Akazienwa\u0308ldern, wundervollen kleinen [&hellip;]","og_url":"https:\/\/fairway2hotel.at\/cs\/golfclubs\/italien\/golf-del-ducato\/","og_site_name":"Fairway 2 Hotel","article_modified_time":"2026-02-20T09:42:34+00:00","twitter_card":"summary_large_image","twitter_misc":{"Odhadovan\u00e1 doba \u010dten\u00ed":"2 minuty"},"schema":{"@context":"https:\/\/schema.org","@graph":[{"@type":"WebPage","@id":"https:\/\/fairway2hotel.at\/cs\/golfclubs\/italien\/golf-del-ducato\/","url":"https:\/\/fairway2hotel.at\/cs\/golfclubs\/italien\/golf-del-ducato\/","name":"GC Del Ducato - Fairway 2 Hotel","isPartOf":{"@id":"https:\/\/fairway2hotel.at\/cs\/#website"},"datePublished":"2018-10-17T07:25:17+00:00","dateModified":"2026-02-20T09:42:34+00:00","breadcrumb":{"@id":"https:\/\/fairway2hotel.at\/cs\/golfclubs\/italien\/golf-del-ducato\/#breadcrumb"},"inLanguage":"cs","potentialAction":[{"@type":"ReadAction","target":["https:\/\/fairway2hotel.at\/cs\/golfclubs\/italien\/golf-del-ducato\/"]}]},{"@type":"BreadcrumbList","@id":"https:\/\/fairway2hotel.at\/cs\/golfclubs\/italien\/golf-del-ducato\/#breadcrumb","itemListElement":[{"@type":"ListItem","position":1,"name":"Home","item":"https:\/\/fairway2hotel.at\/cs\/"},{"@type":"ListItem","position":2,"name":"Golfclubs","item":"https:\/\/fairway2hotel.at\/cs\/golfclubs\/"},{"@type":"ListItem","position":3,"name":"Golfclubs Italien","item":"https:\/\/fairway2hotel.at\/cs\/golfclubs\/italien\/"},{"@type":"ListItem","position":4,"name":"GC Del Ducato"}]},{"@type":"WebSite","@id":"https:\/\/fairway2hotel.at\/cs\/#website","url":"https:\/\/fairway2hotel.at\/cs\/","name":"Fairway 2 Hotel","description":"Golf zum halben Preis! 2 spielen - 1 zahlt","potentialAction":[{"@type":"SearchAction","target":{"@type":"EntryPoint","urlTemplate":"https:\/\/fairway2hotel.at\/cs\/?s={search_term_string}"},"query-input":{"@type":"PropertyValueSpecification","valueRequired":true,"valueName":"search_term_string"}}],"inLanguage":"cs"}]}},"_links":{"self":[{"href":"https:\/\/fairway2hotel.at\/cs\/wp-json\/wp\/v2\/pages\/1432","targetHints":{"allow":["GET"]}}],"collection":[{"href":"https:\/\/fairway2hotel.at\/cs\/wp-json\/wp\/v2\/pages"}],"about":[{"href":"https:\/\/fairway2hotel.at\/cs\/wp-json\/wp\/v2\/types\/page"}],"author":[{"embeddable":true,"href":"https:\/\/fairway2hotel.at\/cs\/wp-json\/wp\/v2\/users\/1"}],"replies":[{"embeddable":true,"href":"https:\/\/fairway2hotel.at\/cs\/wp-json\/wp\/v2\/comments?post=1432"}],"version-history":[{"count":15,"href":"https:\/\/fairway2hotel.at\/cs\/wp-json\/wp\/v2\/pages\/1432\/revisions"}],"predecessor-version":[{"id":52737,"href":"https:\/\/fairway2hotel.at\/cs\/wp-json\/wp\/v2\/pages\/1432\/revisions\/52737"}],"up":[{"embeddable":true,"href":"https:\/\/fairway2hotel.at\/cs\/wp-json\/wp\/v2\/pages\/1657"}],"acf:attachment":[{"embeddable":true,"href":"https:\/\/fairway2hotel.at\/cs\/wp-json\/wp\/v2\/media\/3707"},{"embeddable":true,"href":"https:\/\/fairway2hotel.at\/cs\/wp-json\/wp\/v2\/media\/3706"},{"embeddable":true,"href":"https:\/\/fairway2hotel.at\/cs\/wp-json\/wp\/v2\/media\/3705"}],"wp:attachment":[{"href":"https:\/\/fairway2hotel.at\/cs\/wp-json\/wp\/v2\/media?parent=1432"}],"curies":[{"name":"wp","href":"https:\/\/api.w.org\/{rel}","templated":true}]}}