{"id":1435,"date":"2009-07-06T22:40:24","date_gmt":"2009-07-06T20:40:24","guid":{"rendered":"https:\/\/f2h.app\/diamond-club-ottenstein\/"},"modified":"2025-10-16T12:01:03","modified_gmt":"2025-10-16T10:01:03","slug":"diamond-club-ottenstein","status":"publish","type":"page","link":"https:\/\/fairway2hotel.at\/cs\/golfclubs\/niederoesterreich\/diamond-club-ottenstein\/","title":{"rendered":"GC Diamond Club Ottenstein"},"content":{"rendered":"<h2>Wo Qualit\u00e4t Gesetz ist &#8211; Aller guten Dinge sind drei \u2026<\/h2>\n<p>Gibt es einen scho\u0308neren Platz zum Golfen als in den Hu\u0308geln des Waldviertels? Eingebettet zwischen Wa\u0308ldern und Ba\u0308chen, Teichen und blu\u0308henden Raps- und Mohnfeldern spielt man hier mit den Jahreszeiten und erlebt die Scho\u0308nheit der Region bei jedem Schlag. Der Diamond Club Ottenstein bietet abwechslungsreiches Spielvergnu\u0308gen auf einem top gepflegten Platz inmitten unberu\u0308hrter Landschaft. Leidenschaftliche Golfer, die nebenbei Sinn fu\u0308r Gemu\u0308tlichkeit haben, werden im Diamond Club Ottenstein, begleitet vom Restaurant Herbert Hettegger, Ihr Paradies finden. Gastlichkeit auf hohem Niveau mit einer vielfach ausgezeichneten Ku\u0308che. Gemeinsam mit unseren Partnerhotels (direkt neben dem Club finden Sie das Hotel Korngut) und den zahlreichen Ausflugsmo\u0308glichkeiten ladet der Diamond Golfclub Ottenstein zum la\u0308ngeren Verweilen ein.<\/p>\n<h2>Where quality is the law &#8211; All good things come in threes &#8230;<\/h2>\n<p>Is there a more beautiful place to play golf than in the hills of the Waldviertel? Nestled between forests and streams, ponds and blossoming rapeseed and poppy fields, you can play with the seasons and experience the beauty of the region with every shot. The Diamond Club Ottenstein offers varied playing pleasure on a well-maintained course surrounded by unspoilt countryside. Passionate golfers who also have a sense of cosiness will find their paradise at the Diamond Club Ottenstein, accompanied by the Herbert Hettegger restaurant. Hospitality at a high level with award-winning cuisine. Together with our partner hotels (directly nearby the Golfclub you find the hotel Korngut) and the numerous excursion possibilities, the Diamond Golf Club Ottenstein invites you to stay a little longer.<\/p>\n","protected":false},"excerpt":{"rendered":"<p>Wo Qualit\u00e4t Gesetz ist &#8211; Aller guten Dinge sind drei \u2026 Gibt es einen scho\u0308neren Platz zum Golfen als in den Hu\u0308geln des Waldviertels? Eingebettet zwischen Wa\u0308ldern und Ba\u0308chen, Teichen und blu\u0308henden Raps- und Mohnfeldern spielt man hier mit den Jahreszeiten und erlebt die Scho\u0308nheit der Region bei jedem Schlag. Der Diamond Club Ottenstein bietet [&hellip;]<\/p>\n","protected":false},"author":1,"featured_media":0,"parent":1448,"menu_order":11,"comment_status":"closed","ping_status":"closed","template":"page-partner.php","meta":{"_acf_changed":false,"footnotes":""},"class_list":["post-1435","page","type-page","status-publish","hentry"],"acf":{"partner_infobox":"<strong>Adresse:\u00a0<\/strong>3532 Niedergru\u0308nbach 60\r\n\r\n<strong>Tel:\u00a0<\/strong>+43 (0)2826 7476\r\n\r\n<strong>Fax:\u00a0<\/strong>+43 (0)2826 7476 4\r\n\r\n<strong>Web: <\/strong><a href=\"http:\/\/www.golfclub-ottenstein.at\" target=\"_blank\" rel=\"nofollow noopener noreferrer\">www.golfclub-ottenstein.at<\/a>\r\n\r\n<strong>E-Mail:<\/strong> <a href=\"mailto:info@golfclub-ottenstein.at\">info@golfclub-ottenstein.at<\/a>\r\n\r\n<strong>Spielbahnen\/Par: <\/strong>18\/72\r\n\r\n<strong>La\u0308nge: <\/strong>gelb: 5.964 m\/rot: 5.090 m\r\n\r\n<strong>Bedingungen:\u00a0<\/strong>MO\u2013DO ganzt\u00e4gig, FR, SA, SO &amp; FTG ab 13.00 UHR\r\n\r\nKEINE KREDITKARTEN!\r\n\r\n<strong>Anfahrt:\r\n<\/strong>von Wien: A22 und S5 bis Krems \u2192 B37 Richtung Zwettl \u2192 Abf. Marbach im Felde \u2192 Niedergru\u0308nbach \/ von Salzb.: A1 bis St. Po\u0308lten \u2192 S33 bis Krems \u2192 B37 Richtung Zwettl \u2192 Abf. Mar- bach im Felde \u2192 Niedergru\u0308nbach","partner_logo":1434,"partner_gallery":[49226,1433],"partner_lat":48.53623,"partner_long":15.3533,"partner_type":"golfclub","partner_openings":["1","2","3","4","5","6","7"],"montag_von_bis":"00:00 - 24:00","dienstag_von_bis":"00:00 - 24:00","mittwoch_von_bis":"00:00 - 24:00","donnerstag_von_bis":"00:00 - 24:00","freitag_von_bis":"12:00 - 24:00","samstag_von_bis":"12:00 - 24:00","sonntag_von_bis":"12:00 - 24:00","partner_adresse":"3532 Niedergr\u00fcnbach, Nr. 60","partner_land_bundesland":"Nieder\u00f6sterreich","partner_tel_1":"0043 2826 7476 4","partner_tel_2":"0043 2826 7476","partner_web":"http:\/\/www.golfclub-ottenstein.at","partner_mail":"info@golfclub-ottenstein.at","partner_spielbahnen_par":"18\/72","partner_laenge":"gelb: 5.964 m\/rot: 5.090 m","partner_bedingungen":"MO\u2013DO ganzt\u00e4gig, FR, SA, SO & FTG ab 13.00 UHR, KEINE KREDITKARTEN!\r\nvouchers redeemable the whole day from Mon-Thu. On Fri, Sat, Sun and public holidays after 1.00 p.m., NO CREDITCARDS ACCEPTED!","partner_anfahrt":"von Wien: A22 und S5 bis Krems \u2192 B37 Richtung Zwettl \u2192 Abf. Marbach im Felde \u2192 Niedergru\u0308nbach \/ von Salzb.: A1 bis St. Po\u0308lten \u2192 S33 bis Krems \u2192 B37 Richtung Zwettl \u2192 Abf. Mar- bach im Felde \u2192 Niedergru\u0308nbach","partner_misc":null,"additional_css_classes":""},"yoast_head":"<!-- This site is optimized with the Yoast SEO plugin v26.8 - https:\/\/yoast.com\/product\/yoast-seo-wordpress\/ -->\n<title>GC Diamond Club Ottenstein - Fairway 2 Hotel<\/title>\n<meta name=\"robots\" content=\"index, follow, max-snippet:-1, max-image-preview:large, max-video-preview:-1\" \/>\n<link rel=\"canonical\" href=\"https:\/\/fairway2hotel.at\/cs\/golfclubs\/niederoesterreich\/diamond-club-ottenstein\/\" \/>\n<meta property=\"og:locale\" content=\"cs_CZ\" \/>\n<meta property=\"og:type\" content=\"article\" \/>\n<meta property=\"og:title\" content=\"GC Diamond Club Ottenstein - Fairway 2 Hotel\" \/>\n<meta property=\"og:description\" content=\"Wo Qualit\u00e4t Gesetz ist &#8211; Aller guten Dinge sind drei \u2026 Gibt es einen scho\u0308neren Platz zum Golfen als in den Hu\u0308geln des Waldviertels? Eingebettet zwischen Wa\u0308ldern und Ba\u0308chen, Teichen und blu\u0308henden Raps- und Mohnfeldern spielt man hier mit den Jahreszeiten und erlebt die Scho\u0308nheit der Region bei jedem Schlag. Der Diamond Club Ottenstein bietet [&hellip;]\" \/>\n<meta property=\"og:url\" content=\"https:\/\/fairway2hotel.at\/cs\/golfclubs\/niederoesterreich\/diamond-club-ottenstein\/\" \/>\n<meta property=\"og:site_name\" content=\"Fairway 2 Hotel\" \/>\n<meta property=\"article:modified_time\" content=\"2025-10-16T10:01:03+00:00\" \/>\n<meta name=\"twitter:card\" content=\"summary_large_image\" \/>\n<meta name=\"twitter:label1\" content=\"Odhadovan\u00e1 doba \u010dten\u00ed\" \/>\n\t<meta name=\"twitter:data1\" content=\"2 minuty\" \/>\n<script type=\"application\/ld+json\" class=\"yoast-schema-graph\">{\"@context\":\"https:\/\/schema.org\",\"@graph\":[{\"@type\":\"WebPage\",\"@id\":\"https:\/\/fairway2hotel.at\/cs\/golfclubs\/niederoesterreich\/diamond-club-ottenstein\/\",\"url\":\"https:\/\/fairway2hotel.at\/cs\/golfclubs\/niederoesterreich\/diamond-club-ottenstein\/\",\"name\":\"GC Diamond Club Ottenstein - Fairway 2 Hotel\",\"isPartOf\":{\"@id\":\"https:\/\/fairway2hotel.at\/cs\/#website\"},\"datePublished\":\"2009-07-06T20:40:24+00:00\",\"dateModified\":\"2025-10-16T10:01:03+00:00\",\"breadcrumb\":{\"@id\":\"https:\/\/fairway2hotel.at\/cs\/golfclubs\/niederoesterreich\/diamond-club-ottenstein\/#breadcrumb\"},\"inLanguage\":\"cs\",\"potentialAction\":[{\"@type\":\"ReadAction\",\"target\":[\"https:\/\/fairway2hotel.at\/cs\/golfclubs\/niederoesterreich\/diamond-club-ottenstein\/\"]}]},{\"@type\":\"BreadcrumbList\",\"@id\":\"https:\/\/fairway2hotel.at\/cs\/golfclubs\/niederoesterreich\/diamond-club-ottenstein\/#breadcrumb\",\"itemListElement\":[{\"@type\":\"ListItem\",\"position\":1,\"name\":\"Home\",\"item\":\"https:\/\/fairway2hotel.at\/cs\/\"},{\"@type\":\"ListItem\",\"position\":2,\"name\":\"Golfclubs\",\"item\":\"https:\/\/fairway2hotel.at\/cs\/golfclubs\/\"},{\"@type\":\"ListItem\",\"position\":3,\"name\":\"Golfclubs Nieder\u00f6sterreich\",\"item\":\"https:\/\/fairway2hotel.at\/cs\/golfclubs\/niederoesterreich\/\"},{\"@type\":\"ListItem\",\"position\":4,\"name\":\"GC Diamond Club Ottenstein\"}]},{\"@type\":\"WebSite\",\"@id\":\"https:\/\/fairway2hotel.at\/cs\/#website\",\"url\":\"https:\/\/fairway2hotel.at\/cs\/\",\"name\":\"Fairway 2 Hotel\",\"description\":\"Golf zum halben Preis! 2 spielen - 1 zahlt\",\"potentialAction\":[{\"@type\":\"SearchAction\",\"target\":{\"@type\":\"EntryPoint\",\"urlTemplate\":\"https:\/\/fairway2hotel.at\/cs\/?s={search_term_string}\"},\"query-input\":{\"@type\":\"PropertyValueSpecification\",\"valueRequired\":true,\"valueName\":\"search_term_string\"}}],\"inLanguage\":\"cs\"}]}<\/script>\n<!-- \/ Yoast SEO plugin. -->","yoast_head_json":{"title":"GC Diamond Club Ottenstein - Fairway 2 Hotel","robots":{"index":"index","follow":"follow","max-snippet":"max-snippet:-1","max-image-preview":"max-image-preview:large","max-video-preview":"max-video-preview:-1"},"canonical":"https:\/\/fairway2hotel.at\/cs\/golfclubs\/niederoesterreich\/diamond-club-ottenstein\/","og_locale":"cs_CZ","og_type":"article","og_title":"GC Diamond Club Ottenstein - Fairway 2 Hotel","og_description":"Wo Qualit\u00e4t Gesetz ist &#8211; Aller guten Dinge sind drei \u2026 Gibt es einen scho\u0308neren Platz zum Golfen als in den Hu\u0308geln des Waldviertels? Eingebettet zwischen Wa\u0308ldern und Ba\u0308chen, Teichen und blu\u0308henden Raps- und Mohnfeldern spielt man hier mit den Jahreszeiten und erlebt die Scho\u0308nheit der Region bei jedem Schlag. Der Diamond Club Ottenstein bietet [&hellip;]","og_url":"https:\/\/fairway2hotel.at\/cs\/golfclubs\/niederoesterreich\/diamond-club-ottenstein\/","og_site_name":"Fairway 2 Hotel","article_modified_time":"2025-10-16T10:01:03+00:00","twitter_card":"summary_large_image","twitter_misc":{"Odhadovan\u00e1 doba \u010dten\u00ed":"2 minuty"},"schema":{"@context":"https:\/\/schema.org","@graph":[{"@type":"WebPage","@id":"https:\/\/fairway2hotel.at\/cs\/golfclubs\/niederoesterreich\/diamond-club-ottenstein\/","url":"https:\/\/fairway2hotel.at\/cs\/golfclubs\/niederoesterreich\/diamond-club-ottenstein\/","name":"GC Diamond Club Ottenstein - Fairway 2 Hotel","isPartOf":{"@id":"https:\/\/fairway2hotel.at\/cs\/#website"},"datePublished":"2009-07-06T20:40:24+00:00","dateModified":"2025-10-16T10:01:03+00:00","breadcrumb":{"@id":"https:\/\/fairway2hotel.at\/cs\/golfclubs\/niederoesterreich\/diamond-club-ottenstein\/#breadcrumb"},"inLanguage":"cs","potentialAction":[{"@type":"ReadAction","target":["https:\/\/fairway2hotel.at\/cs\/golfclubs\/niederoesterreich\/diamond-club-ottenstein\/"]}]},{"@type":"BreadcrumbList","@id":"https:\/\/fairway2hotel.at\/cs\/golfclubs\/niederoesterreich\/diamond-club-ottenstein\/#breadcrumb","itemListElement":[{"@type":"ListItem","position":1,"name":"Home","item":"https:\/\/fairway2hotel.at\/cs\/"},{"@type":"ListItem","position":2,"name":"Golfclubs","item":"https:\/\/fairway2hotel.at\/cs\/golfclubs\/"},{"@type":"ListItem","position":3,"name":"Golfclubs Nieder\u00f6sterreich","item":"https:\/\/fairway2hotel.at\/cs\/golfclubs\/niederoesterreich\/"},{"@type":"ListItem","position":4,"name":"GC Diamond Club Ottenstein"}]},{"@type":"WebSite","@id":"https:\/\/fairway2hotel.at\/cs\/#website","url":"https:\/\/fairway2hotel.at\/cs\/","name":"Fairway 2 Hotel","description":"Golf zum halben Preis! 2 spielen - 1 zahlt","potentialAction":[{"@type":"SearchAction","target":{"@type":"EntryPoint","urlTemplate":"https:\/\/fairway2hotel.at\/cs\/?s={search_term_string}"},"query-input":{"@type":"PropertyValueSpecification","valueRequired":true,"valueName":"search_term_string"}}],"inLanguage":"cs"}]}},"_links":{"self":[{"href":"https:\/\/fairway2hotel.at\/cs\/wp-json\/wp\/v2\/pages\/1435","targetHints":{"allow":["GET"]}}],"collection":[{"href":"https:\/\/fairway2hotel.at\/cs\/wp-json\/wp\/v2\/pages"}],"about":[{"href":"https:\/\/fairway2hotel.at\/cs\/wp-json\/wp\/v2\/types\/page"}],"author":[{"embeddable":true,"href":"https:\/\/fairway2hotel.at\/cs\/wp-json\/wp\/v2\/users\/1"}],"replies":[{"embeddable":true,"href":"https:\/\/fairway2hotel.at\/cs\/wp-json\/wp\/v2\/comments?post=1435"}],"version-history":[{"count":23,"href":"https:\/\/fairway2hotel.at\/cs\/wp-json\/wp\/v2\/pages\/1435\/revisions"}],"predecessor-version":[{"id":49233,"href":"https:\/\/fairway2hotel.at\/cs\/wp-json\/wp\/v2\/pages\/1435\/revisions\/49233"}],"up":[{"embeddable":true,"href":"https:\/\/fairway2hotel.at\/cs\/wp-json\/wp\/v2\/pages\/1448"}],"acf:attachment":[{"embeddable":true,"href":"https:\/\/fairway2hotel.at\/cs\/wp-json\/wp\/v2\/media\/1433"},{"embeddable":true,"href":"https:\/\/fairway2hotel.at\/cs\/wp-json\/wp\/v2\/media\/49226"}],"wp:attachment":[{"href":"https:\/\/fairway2hotel.at\/cs\/wp-json\/wp\/v2\/media?parent=1435"}],"curies":[{"name":"wp","href":"https:\/\/api.w.org\/{rel}","templated":true}]}}