{"id":214,"date":"2009-07-07T20:09:41","date_gmt":"2009-07-07T18:09:41","guid":{"rendered":"https:\/\/f2h.app\/styrian-mountain-golf-mariahof\/"},"modified":"2025-04-20T13:15:21","modified_gmt":"2025-04-20T11:15:21","slug":"styrian-mountain-golf-mariahof","status":"publish","type":"page","link":"https:\/\/fairway2hotel.at\/cs\/golfclubs\/steiermark\/styrian-mountain-golf-mariahof\/","title":{"rendered":"GC Grebenzen-Mariahof"},"content":{"rendered":"<h2>GC Grebenzen-Mariahof-das Besondere erleben<\/h2>\n<p>Der Golfplatz Mariahof liegt inmitten der Naturparkregion Zirbitzkogel\/Grebenzen im oberen Murtal. Eingebettet zwischen dem Vogelparadies Furtnerteich, dem Kalk- und Fellberg sowie dem Teinberg mit der romantischen Ruine Steinschloss, f\u00fcgt sich die 18-Loch-Anlage harmonisch in die nat\u00fcrlichen Gel\u00e4ndegegebenheiten. Vom jungen, sportlichen Golfer bis zum Seniorengolfer, hier hat jeder die M\u00f6glichkeit, sein Golf und die wundersch\u00f6ne Landschaft zu genie\u00dfen. Seit dem Neubau eines modernen Clubhauses im Jahr 2013 hat die Anlage gro\u00dfartig an Ambiente gewonnen und l\u00e4sst keinen Wunsch mehr offen. Das Ziel des Golfteams ist es, jeden Besucher zu verw\u00f6hnen und sich wie zu Hause f\u00fchlen zu lassen.<\/p>\n<h2>GC Grebenzen-Mariahof-experience something special<\/h2>\n<p>The Mariahof golf course is located in the centre of the Zirbitzkogel\/Grebenzen nature park region in the upper Mur Valley. Nestled between the bird paradise Furtnerteich, the Kalk- and Fellberg as well as the Teinberg with the romantic ruin Steinschloss, the 18-hole course blends harmoniously into the natural terrain. From young, sporty golfers to senior golfers, everyone has the opportunity to enjoy their golf and the beautiful landscape here. Since the construction of a modern clubhouse in 2013, the course has gained a great ambience and leaves nothing to be desired. The aim of the golf team is to pamper every visitor and make them feel at home.<\/p>\n","protected":false},"excerpt":{"rendered":"<p>GC Grebenzen-Mariahof-das Besondere erleben Der Golfplatz Mariahof liegt inmitten der Naturparkregion Zirbitzkogel\/Grebenzen im oberen Murtal. Eingebettet zwischen dem Vogelparadies Furtnerteich, dem Kalk- und Fellberg sowie dem Teinberg mit der romantischen Ruine Steinschloss, f\u00fcgt sich die 18-Loch-Anlage harmonisch in die nat\u00fcrlichen Gel\u00e4ndegegebenheiten. Vom jungen, sportlichen Golfer bis zum Seniorengolfer, hier hat jeder die M\u00f6glichkeit, sein Golf [&hellip;]<\/p>\n","protected":false},"author":1,"featured_media":0,"parent":1552,"menu_order":40,"comment_status":"closed","ping_status":"closed","template":"page-partner.php","meta":{"_acf_changed":false,"footnotes":""},"class_list":["post-214","page","type-page","status-publish","hentry"],"acf":{"partner_infobox":"<strong>Adresse:\u00a0<\/strong>Forst 300, 8812 Mariahof\r\n\r\n<strong>Tel:\u00a0<\/strong>03584\/33 222\r\n\r\n<strong>Fax:\u00a0<\/strong>03584\/33 222\/20\r\n\r\n<strong>Web: <\/strong><a href=\"http:\/\/www.gc-mariahof.at\" target=\"_blank\" rel=\"nofollow noopener\">www.gc-mariahof.at<\/a>\r\n\r\n<strong>E-Mail:<\/strong> <a href=\"mailto:info@gc-mariahof.at\">info@gc-mariahof.at<\/a>\r\n\r\n<strong>Spielbahnen\/Par: <\/strong>18\/72\r\n\r\n<strong>La\u0308nge:\r\n<\/strong>Herren wei\u00df: 6230 m \/ gelb: 6001 m - Damen blau: 5509 m \/ rot: 5281 m\r\n\r\n<strong>Anfahrt:\r\n<\/strong>von S\u00fcden: (B317) von K\u00e4rnten kommend \u2192 Neumarkt Stmk. \u2192 Abzweigung Vivarium \u2192 Mariahofvon Osten: (B317) \u2192 von Judenburg kommend \u2192 Scheifling-Teufenbach \u2192 Mariahof","partner_logo":213,"partner_gallery":[48049,2747],"partner_lat":47.10742,"partner_long":14.37061,"partner_type":"golfclub","partner_openings":["1","2","3","4","5","6","7"],"montag_von_bis":"00:00 - 24:00","dienstag_von_bis":"00:00 - 24:00","mittwoch_von_bis":"00:00 - 24:00","donnerstag_von_bis":"00:00 - 24:00","freitag_von_bis":"00:00 - 24:00","samstag_von_bis":"00:00 - 24:00","sonntag_von_bis":"00:00 - 24:00","partner_adresse":"Forst 300, 8812 Mariahof","partner_land_bundesland":"Steiermark","partner_tel_1":"0043 3584 33222 20","partner_tel_2":"0043 3584 33 222","partner_web":"http:\/\/www.gc-mariahof.at","partner_mail":"info@gc-mariahof.at","partner_spielbahnen_par":"18\/72","partner_laenge":"Herren wei\u00df: 6230 m \/ gelb: 6001 m - Damen blau: 5509 m \/ rot: 5281 m","partner_bedingungen":"","partner_anfahrt":"von S\u00fcden: (B317) von K\u00e4rnten kommend \u2192 Neumarkt Stmk. \u2192 Abzweigung Vivarium \u2192 Mariahofvon Osten: (B317) \u2192 von Judenburg kommend \u2192 Scheifling-Teufenbach \u2192 Mariahof","partner_misc":null,"additional_css_classes":""},"yoast_head":"<!-- This site is optimized with the Yoast SEO plugin v26.8 - https:\/\/yoast.com\/product\/yoast-seo-wordpress\/ -->\n<title>GC Grebenzen-Mariahof - Fairway 2 Hotel<\/title>\n<meta name=\"robots\" content=\"index, follow, max-snippet:-1, max-image-preview:large, max-video-preview:-1\" \/>\n<link rel=\"canonical\" href=\"https:\/\/fairway2hotel.at\/cs\/golfclubs\/steiermark\/styrian-mountain-golf-mariahof\/\" \/>\n<meta property=\"og:locale\" content=\"cs_CZ\" \/>\n<meta property=\"og:type\" content=\"article\" \/>\n<meta property=\"og:title\" content=\"GC Grebenzen-Mariahof - Fairway 2 Hotel\" \/>\n<meta property=\"og:description\" content=\"GC Grebenzen-Mariahof-das Besondere erleben Der Golfplatz Mariahof liegt inmitten der Naturparkregion Zirbitzkogel\/Grebenzen im oberen Murtal. Eingebettet zwischen dem Vogelparadies Furtnerteich, dem Kalk- und Fellberg sowie dem Teinberg mit der romantischen Ruine Steinschloss, f\u00fcgt sich die 18-Loch-Anlage harmonisch in die nat\u00fcrlichen Gel\u00e4ndegegebenheiten. Vom jungen, sportlichen Golfer bis zum Seniorengolfer, hier hat jeder die M\u00f6glichkeit, sein Golf [&hellip;]\" \/>\n<meta property=\"og:url\" content=\"https:\/\/fairway2hotel.at\/cs\/golfclubs\/steiermark\/styrian-mountain-golf-mariahof\/\" \/>\n<meta property=\"og:site_name\" content=\"Fairway 2 Hotel\" \/>\n<meta property=\"article:modified_time\" content=\"2025-04-20T11:15:21+00:00\" \/>\n<meta name=\"twitter:card\" content=\"summary_large_image\" \/>\n<meta name=\"twitter:label1\" content=\"Odhadovan\u00e1 doba \u010dten\u00ed\" \/>\n\t<meta name=\"twitter:data1\" content=\"2 minuty\" \/>\n<script type=\"application\/ld+json\" class=\"yoast-schema-graph\">{\"@context\":\"https:\/\/schema.org\",\"@graph\":[{\"@type\":\"WebPage\",\"@id\":\"https:\/\/fairway2hotel.at\/cs\/golfclubs\/steiermark\/styrian-mountain-golf-mariahof\/\",\"url\":\"https:\/\/fairway2hotel.at\/cs\/golfclubs\/steiermark\/styrian-mountain-golf-mariahof\/\",\"name\":\"GC Grebenzen-Mariahof - Fairway 2 Hotel\",\"isPartOf\":{\"@id\":\"https:\/\/fairway2hotel.at\/cs\/#website\"},\"datePublished\":\"2009-07-07T18:09:41+00:00\",\"dateModified\":\"2025-04-20T11:15:21+00:00\",\"breadcrumb\":{\"@id\":\"https:\/\/fairway2hotel.at\/cs\/golfclubs\/steiermark\/styrian-mountain-golf-mariahof\/#breadcrumb\"},\"inLanguage\":\"cs\",\"potentialAction\":[{\"@type\":\"ReadAction\",\"target\":[\"https:\/\/fairway2hotel.at\/cs\/golfclubs\/steiermark\/styrian-mountain-golf-mariahof\/\"]}]},{\"@type\":\"BreadcrumbList\",\"@id\":\"https:\/\/fairway2hotel.at\/cs\/golfclubs\/steiermark\/styrian-mountain-golf-mariahof\/#breadcrumb\",\"itemListElement\":[{\"@type\":\"ListItem\",\"position\":1,\"name\":\"Home\",\"item\":\"https:\/\/fairway2hotel.at\/cs\/\"},{\"@type\":\"ListItem\",\"position\":2,\"name\":\"Golfclubs\",\"item\":\"https:\/\/fairway2hotel.at\/cs\/golfclubs\/\"},{\"@type\":\"ListItem\",\"position\":3,\"name\":\"Golfclubs Steiermark\",\"item\":\"https:\/\/fairway2hotel.at\/cs\/golfclubs\/steiermark\/\"},{\"@type\":\"ListItem\",\"position\":4,\"name\":\"GC Grebenzen-Mariahof\"}]},{\"@type\":\"WebSite\",\"@id\":\"https:\/\/fairway2hotel.at\/cs\/#website\",\"url\":\"https:\/\/fairway2hotel.at\/cs\/\",\"name\":\"Fairway 2 Hotel\",\"description\":\"Golf zum halben Preis! 2 spielen - 1 zahlt\",\"potentialAction\":[{\"@type\":\"SearchAction\",\"target\":{\"@type\":\"EntryPoint\",\"urlTemplate\":\"https:\/\/fairway2hotel.at\/cs\/?s={search_term_string}\"},\"query-input\":{\"@type\":\"PropertyValueSpecification\",\"valueRequired\":true,\"valueName\":\"search_term_string\"}}],\"inLanguage\":\"cs\"}]}<\/script>\n<!-- \/ Yoast SEO plugin. -->","yoast_head_json":{"title":"GC Grebenzen-Mariahof - Fairway 2 Hotel","robots":{"index":"index","follow":"follow","max-snippet":"max-snippet:-1","max-image-preview":"max-image-preview:large","max-video-preview":"max-video-preview:-1"},"canonical":"https:\/\/fairway2hotel.at\/cs\/golfclubs\/steiermark\/styrian-mountain-golf-mariahof\/","og_locale":"cs_CZ","og_type":"article","og_title":"GC Grebenzen-Mariahof - Fairway 2 Hotel","og_description":"GC Grebenzen-Mariahof-das Besondere erleben Der Golfplatz Mariahof liegt inmitten der Naturparkregion Zirbitzkogel\/Grebenzen im oberen Murtal. Eingebettet zwischen dem Vogelparadies Furtnerteich, dem Kalk- und Fellberg sowie dem Teinberg mit der romantischen Ruine Steinschloss, f\u00fcgt sich die 18-Loch-Anlage harmonisch in die nat\u00fcrlichen Gel\u00e4ndegegebenheiten. Vom jungen, sportlichen Golfer bis zum Seniorengolfer, hier hat jeder die M\u00f6glichkeit, sein Golf [&hellip;]","og_url":"https:\/\/fairway2hotel.at\/cs\/golfclubs\/steiermark\/styrian-mountain-golf-mariahof\/","og_site_name":"Fairway 2 Hotel","article_modified_time":"2025-04-20T11:15:21+00:00","twitter_card":"summary_large_image","twitter_misc":{"Odhadovan\u00e1 doba \u010dten\u00ed":"2 minuty"},"schema":{"@context":"https:\/\/schema.org","@graph":[{"@type":"WebPage","@id":"https:\/\/fairway2hotel.at\/cs\/golfclubs\/steiermark\/styrian-mountain-golf-mariahof\/","url":"https:\/\/fairway2hotel.at\/cs\/golfclubs\/steiermark\/styrian-mountain-golf-mariahof\/","name":"GC Grebenzen-Mariahof - Fairway 2 Hotel","isPartOf":{"@id":"https:\/\/fairway2hotel.at\/cs\/#website"},"datePublished":"2009-07-07T18:09:41+00:00","dateModified":"2025-04-20T11:15:21+00:00","breadcrumb":{"@id":"https:\/\/fairway2hotel.at\/cs\/golfclubs\/steiermark\/styrian-mountain-golf-mariahof\/#breadcrumb"},"inLanguage":"cs","potentialAction":[{"@type":"ReadAction","target":["https:\/\/fairway2hotel.at\/cs\/golfclubs\/steiermark\/styrian-mountain-golf-mariahof\/"]}]},{"@type":"BreadcrumbList","@id":"https:\/\/fairway2hotel.at\/cs\/golfclubs\/steiermark\/styrian-mountain-golf-mariahof\/#breadcrumb","itemListElement":[{"@type":"ListItem","position":1,"name":"Home","item":"https:\/\/fairway2hotel.at\/cs\/"},{"@type":"ListItem","position":2,"name":"Golfclubs","item":"https:\/\/fairway2hotel.at\/cs\/golfclubs\/"},{"@type":"ListItem","position":3,"name":"Golfclubs Steiermark","item":"https:\/\/fairway2hotel.at\/cs\/golfclubs\/steiermark\/"},{"@type":"ListItem","position":4,"name":"GC Grebenzen-Mariahof"}]},{"@type":"WebSite","@id":"https:\/\/fairway2hotel.at\/cs\/#website","url":"https:\/\/fairway2hotel.at\/cs\/","name":"Fairway 2 Hotel","description":"Golf zum halben Preis! 2 spielen - 1 zahlt","potentialAction":[{"@type":"SearchAction","target":{"@type":"EntryPoint","urlTemplate":"https:\/\/fairway2hotel.at\/cs\/?s={search_term_string}"},"query-input":{"@type":"PropertyValueSpecification","valueRequired":true,"valueName":"search_term_string"}}],"inLanguage":"cs"}]}},"_links":{"self":[{"href":"https:\/\/fairway2hotel.at\/cs\/wp-json\/wp\/v2\/pages\/214","targetHints":{"allow":["GET"]}}],"collection":[{"href":"https:\/\/fairway2hotel.at\/cs\/wp-json\/wp\/v2\/pages"}],"about":[{"href":"https:\/\/fairway2hotel.at\/cs\/wp-json\/wp\/v2\/types\/page"}],"author":[{"embeddable":true,"href":"https:\/\/fairway2hotel.at\/cs\/wp-json\/wp\/v2\/users\/1"}],"replies":[{"embeddable":true,"href":"https:\/\/fairway2hotel.at\/cs\/wp-json\/wp\/v2\/comments?post=214"}],"version-history":[{"count":9,"href":"https:\/\/fairway2hotel.at\/cs\/wp-json\/wp\/v2\/pages\/214\/revisions"}],"predecessor-version":[{"id":48051,"href":"https:\/\/fairway2hotel.at\/cs\/wp-json\/wp\/v2\/pages\/214\/revisions\/48051"}],"up":[{"embeddable":true,"href":"https:\/\/fairway2hotel.at\/cs\/wp-json\/wp\/v2\/pages\/1552"}],"acf:attachment":[{"embeddable":true,"href":"https:\/\/fairway2hotel.at\/cs\/wp-json\/wp\/v2\/media\/2747"},{"embeddable":true,"href":"https:\/\/fairway2hotel.at\/cs\/wp-json\/wp\/v2\/media\/48049"}],"wp:attachment":[{"href":"https:\/\/fairway2hotel.at\/cs\/wp-json\/wp\/v2\/media?parent=214"}],"curies":[{"name":"wp","href":"https:\/\/api.w.org\/{rel}","templated":true}]}}