{"id":217,"date":"2009-07-07T20:22:56","date_gmt":"2009-07-07T18:22:56","guid":{"rendered":"https:\/\/f2h.app\/golfclub-murau-kreischberg\/"},"modified":"2025-03-26T12:21:17","modified_gmt":"2025-03-26T11:21:17","slug":"golfclub-murau-kreischberg","status":"publish","type":"page","link":"https:\/\/fairway2hotel.at\/cs\/golfclubs\/steiermark\/golfclub-murau-kreischberg\/","title":{"rendered":"GC Murau-Kreischberg"},"content":{"rendered":"<h2>Golfen am Fu\u00dfe des WM-Berges<\/h2>\n<p>Im GC Murau-Kreischberg werden \u00e4sthetische Ma\u00dfst\u00e4be gesetzt. Die 18-Loch-Anlage des Clubs ist bekannt f\u00fcr ihr attraktives Design. Die welligen Gr\u00fcns sind l\u00e4ngst ein Markenzeichen, ebenso die spannenden Waldbahnen. Spektakul\u00e4rer Abschluss jeder Golfrunde ist das Inselgr\u00fcn Nr. 18 direkt vor der Terrasse des Clubhauses.<br \/>\nAuf die \u201eHolzwelt Murau\u201c nimmt der Platz immer wieder mit seinem spezifischen Holzdesign Bezug: Holzpalisaden begrenzen Teiche, Gr\u00fcns und Bunker, eine uralte Almh\u00fctte dient als Halfway-Station. Von der Clubhaus-Terrasse schlie\u00dflich \u00fcberblickt man einen gro\u00dfen Teil der Anlage und ist somit auch vor oder nach der Runde mitten im Golfgeschehen. Die Partnerhotels des GC Murau-Kreischberg bieten ma\u00dfgeschneiderte Pakete f\u00fcr Ihren Golfurlaub.<\/p>\n<h2>Golfing at the foot of the WM mountain<\/h2>\n<p>The GC Murau-Kreischberg sets aesthetic standards. The club&#8217;s 18-hole course is known for its attractive design. The undulating greens have long been a trademark, as have the exciting forest holes. The spectacular finale to every round of golf is the island green no. 18 directly in front of the clubhouse terrace.<br \/>\nThe course repeatedly makes reference to the \u2018Holzwelt Murau\u2019 with its specific wooden design: wooden palisades border ponds, greens and bunkers, and an ancient alpine hut serves as a halfway station. Finally, the clubhouse terrace overlooks a large part of the course, putting you right in the centre of the golfing action before or after your round. The partner hotels of the GC Murau-Kreischberg offer tailor-made packages for your golf holiday.<\/p>\n","protected":false},"excerpt":{"rendered":"<p>Golfen am Fu\u00dfe des WM-Berges Im GC Murau-Kreischberg werden \u00e4sthetische Ma\u00dfst\u00e4be gesetzt. Die 18-Loch-Anlage des Clubs ist bekannt f\u00fcr ihr attraktives Design. Die welligen Gr\u00fcns sind l\u00e4ngst ein Markenzeichen, ebenso die spannenden Waldbahnen. Spektakul\u00e4rer Abschluss jeder Golfrunde ist das Inselgr\u00fcn Nr. 18 direkt vor der Terrasse des Clubhauses. Auf die \u201eHolzwelt Murau\u201c nimmt der Platz [&hellip;]<\/p>\n","protected":false},"author":1,"featured_media":0,"parent":1552,"menu_order":20,"comment_status":"closed","ping_status":"closed","template":"page-partner.php","meta":{"_acf_changed":false,"footnotes":""},"class_list":["post-217","page","type-page","status-publish","hentry"],"acf":{"partner_infobox":"<strong>Adresse:\u00a0<\/strong>Am Golfplatz 1, 8861 St. Georgen ob Murau\r\n\r\n<strong>Tel:\u00a0<\/strong>03537\/22 221\r\n\r\n<strong>Web: <\/strong><a href=\"http:\/\/www.golf-murau-kreischberg.at\" target=\"_blank\" rel=\"nofollow noopener\">www.golf-murau-kreischberg.at<\/a>\r\n\r\n<strong>E-Mail:<\/strong> <a href=\"mailto:golf@kreischberg.at\">golf@kreischberg.at<\/a>\r\n\r\n<strong>Spielbahnen\/Par: <\/strong>18\r\n\r\n<strong>La\u0308nge: <\/strong>gelb: 6.002 m rot: 5.065 m\r\n\r\n<strong>Anfahrt:\r\n<\/strong>Aus Richtung Wien: A2 bis Knoten Seebenstein, S6 Semmering \u2192 Bruck an der Mur, S36 bis Judenburg, B317 bis Scheifling, Murau","partner_logo":216,"partner_gallery":[2745,46897,46899],"partner_lat":47.09991,"partner_long":14.10776,"partner_type":"golfclub","partner_openings":["1","2","3","4","5","6","7"],"montag_von_bis":"00:00 - 24:00","dienstag_von_bis":"00:00 - 24:00","mittwoch_von_bis":"00:00 - 24:00","donnerstag_von_bis":"00:00 - 24:00","freitag_von_bis":"00:00 - 24:00","samstag_von_bis":"00:00 - 24:00","sonntag_von_bis":"00:00 - 24:00","partner_adresse":"Am Golfplatz 1, 8861 St. Georgen ob Murau","partner_land_bundesland":"Steiermark","partner_tel_1":"","partner_tel_2":"0043 3537 22 221","partner_web":"http:\/\/www.golf-murau-kreischberg.at","partner_mail":"golf@kreischberg.at","partner_spielbahnen_par":"18\/72","partner_laenge":"gelb: 6.002 m rot: 5.065 m","partner_bedingungen":"","partner_anfahrt":"Aus Richtung Wien: A2 bis Knoten Seebenstein, S6 Semmering \u2192 Bruck an der Mur, S36 bis Judenburg, B317 bis Scheifling, Murau","partner_misc":null,"additional_css_classes":""},"yoast_head":"<!-- This site is optimized with the Yoast SEO plugin v26.8 - https:\/\/yoast.com\/product\/yoast-seo-wordpress\/ -->\n<title>GC Murau-Kreischberg - Fairway 2 Hotel<\/title>\n<meta name=\"robots\" content=\"index, follow, max-snippet:-1, max-image-preview:large, max-video-preview:-1\" \/>\n<link rel=\"canonical\" href=\"https:\/\/fairway2hotel.at\/cs\/golfclubs\/steiermark\/golfclub-murau-kreischberg\/\" \/>\n<meta property=\"og:locale\" content=\"cs_CZ\" \/>\n<meta property=\"og:type\" content=\"article\" \/>\n<meta property=\"og:title\" content=\"GC Murau-Kreischberg - Fairway 2 Hotel\" \/>\n<meta property=\"og:description\" content=\"Golfen am Fu\u00dfe des WM-Berges Im GC Murau-Kreischberg werden \u00e4sthetische Ma\u00dfst\u00e4be gesetzt. Die 18-Loch-Anlage des Clubs ist bekannt f\u00fcr ihr attraktives Design. Die welligen Gr\u00fcns sind l\u00e4ngst ein Markenzeichen, ebenso die spannenden Waldbahnen. Spektakul\u00e4rer Abschluss jeder Golfrunde ist das Inselgr\u00fcn Nr. 18 direkt vor der Terrasse des Clubhauses. Auf die \u201eHolzwelt Murau\u201c nimmt der Platz [&hellip;]\" \/>\n<meta property=\"og:url\" content=\"https:\/\/fairway2hotel.at\/cs\/golfclubs\/steiermark\/golfclub-murau-kreischberg\/\" \/>\n<meta property=\"og:site_name\" content=\"Fairway 2 Hotel\" \/>\n<meta property=\"article:modified_time\" content=\"2025-03-26T11:21:17+00:00\" \/>\n<meta name=\"twitter:card\" content=\"summary_large_image\" \/>\n<meta name=\"twitter:label1\" content=\"Odhadovan\u00e1 doba \u010dten\u00ed\" \/>\n\t<meta name=\"twitter:data1\" content=\"2 minuty\" \/>\n<script type=\"application\/ld+json\" class=\"yoast-schema-graph\">{\"@context\":\"https:\/\/schema.org\",\"@graph\":[{\"@type\":\"WebPage\",\"@id\":\"https:\/\/fairway2hotel.at\/cs\/golfclubs\/steiermark\/golfclub-murau-kreischberg\/\",\"url\":\"https:\/\/fairway2hotel.at\/cs\/golfclubs\/steiermark\/golfclub-murau-kreischberg\/\",\"name\":\"GC Murau-Kreischberg - Fairway 2 Hotel\",\"isPartOf\":{\"@id\":\"https:\/\/fairway2hotel.at\/cs\/#website\"},\"datePublished\":\"2009-07-07T18:22:56+00:00\",\"dateModified\":\"2025-03-26T11:21:17+00:00\",\"breadcrumb\":{\"@id\":\"https:\/\/fairway2hotel.at\/cs\/golfclubs\/steiermark\/golfclub-murau-kreischberg\/#breadcrumb\"},\"inLanguage\":\"cs\",\"potentialAction\":[{\"@type\":\"ReadAction\",\"target\":[\"https:\/\/fairway2hotel.at\/cs\/golfclubs\/steiermark\/golfclub-murau-kreischberg\/\"]}]},{\"@type\":\"BreadcrumbList\",\"@id\":\"https:\/\/fairway2hotel.at\/cs\/golfclubs\/steiermark\/golfclub-murau-kreischberg\/#breadcrumb\",\"itemListElement\":[{\"@type\":\"ListItem\",\"position\":1,\"name\":\"Home\",\"item\":\"https:\/\/fairway2hotel.at\/cs\/\"},{\"@type\":\"ListItem\",\"position\":2,\"name\":\"Golfclubs\",\"item\":\"https:\/\/fairway2hotel.at\/cs\/golfclubs\/\"},{\"@type\":\"ListItem\",\"position\":3,\"name\":\"Golfclubs Steiermark\",\"item\":\"https:\/\/fairway2hotel.at\/cs\/golfclubs\/steiermark\/\"},{\"@type\":\"ListItem\",\"position\":4,\"name\":\"GC Murau-Kreischberg\"}]},{\"@type\":\"WebSite\",\"@id\":\"https:\/\/fairway2hotel.at\/cs\/#website\",\"url\":\"https:\/\/fairway2hotel.at\/cs\/\",\"name\":\"Fairway 2 Hotel\",\"description\":\"Golf zum halben Preis! 2 spielen - 1 zahlt\",\"potentialAction\":[{\"@type\":\"SearchAction\",\"target\":{\"@type\":\"EntryPoint\",\"urlTemplate\":\"https:\/\/fairway2hotel.at\/cs\/?s={search_term_string}\"},\"query-input\":{\"@type\":\"PropertyValueSpecification\",\"valueRequired\":true,\"valueName\":\"search_term_string\"}}],\"inLanguage\":\"cs\"}]}<\/script>\n<!-- \/ Yoast SEO plugin. -->","yoast_head_json":{"title":"GC Murau-Kreischberg - Fairway 2 Hotel","robots":{"index":"index","follow":"follow","max-snippet":"max-snippet:-1","max-image-preview":"max-image-preview:large","max-video-preview":"max-video-preview:-1"},"canonical":"https:\/\/fairway2hotel.at\/cs\/golfclubs\/steiermark\/golfclub-murau-kreischberg\/","og_locale":"cs_CZ","og_type":"article","og_title":"GC Murau-Kreischberg - Fairway 2 Hotel","og_description":"Golfen am Fu\u00dfe des WM-Berges Im GC Murau-Kreischberg werden \u00e4sthetische Ma\u00dfst\u00e4be gesetzt. Die 18-Loch-Anlage des Clubs ist bekannt f\u00fcr ihr attraktives Design. Die welligen Gr\u00fcns sind l\u00e4ngst ein Markenzeichen, ebenso die spannenden Waldbahnen. Spektakul\u00e4rer Abschluss jeder Golfrunde ist das Inselgr\u00fcn Nr. 18 direkt vor der Terrasse des Clubhauses. Auf die \u201eHolzwelt Murau\u201c nimmt der Platz [&hellip;]","og_url":"https:\/\/fairway2hotel.at\/cs\/golfclubs\/steiermark\/golfclub-murau-kreischberg\/","og_site_name":"Fairway 2 Hotel","article_modified_time":"2025-03-26T11:21:17+00:00","twitter_card":"summary_large_image","twitter_misc":{"Odhadovan\u00e1 doba \u010dten\u00ed":"2 minuty"},"schema":{"@context":"https:\/\/schema.org","@graph":[{"@type":"WebPage","@id":"https:\/\/fairway2hotel.at\/cs\/golfclubs\/steiermark\/golfclub-murau-kreischberg\/","url":"https:\/\/fairway2hotel.at\/cs\/golfclubs\/steiermark\/golfclub-murau-kreischberg\/","name":"GC Murau-Kreischberg - Fairway 2 Hotel","isPartOf":{"@id":"https:\/\/fairway2hotel.at\/cs\/#website"},"datePublished":"2009-07-07T18:22:56+00:00","dateModified":"2025-03-26T11:21:17+00:00","breadcrumb":{"@id":"https:\/\/fairway2hotel.at\/cs\/golfclubs\/steiermark\/golfclub-murau-kreischberg\/#breadcrumb"},"inLanguage":"cs","potentialAction":[{"@type":"ReadAction","target":["https:\/\/fairway2hotel.at\/cs\/golfclubs\/steiermark\/golfclub-murau-kreischberg\/"]}]},{"@type":"BreadcrumbList","@id":"https:\/\/fairway2hotel.at\/cs\/golfclubs\/steiermark\/golfclub-murau-kreischberg\/#breadcrumb","itemListElement":[{"@type":"ListItem","position":1,"name":"Home","item":"https:\/\/fairway2hotel.at\/cs\/"},{"@type":"ListItem","position":2,"name":"Golfclubs","item":"https:\/\/fairway2hotel.at\/cs\/golfclubs\/"},{"@type":"ListItem","position":3,"name":"Golfclubs Steiermark","item":"https:\/\/fairway2hotel.at\/cs\/golfclubs\/steiermark\/"},{"@type":"ListItem","position":4,"name":"GC Murau-Kreischberg"}]},{"@type":"WebSite","@id":"https:\/\/fairway2hotel.at\/cs\/#website","url":"https:\/\/fairway2hotel.at\/cs\/","name":"Fairway 2 Hotel","description":"Golf zum halben Preis! 2 spielen - 1 zahlt","potentialAction":[{"@type":"SearchAction","target":{"@type":"EntryPoint","urlTemplate":"https:\/\/fairway2hotel.at\/cs\/?s={search_term_string}"},"query-input":{"@type":"PropertyValueSpecification","valueRequired":true,"valueName":"search_term_string"}}],"inLanguage":"cs"}]}},"_links":{"self":[{"href":"https:\/\/fairway2hotel.at\/cs\/wp-json\/wp\/v2\/pages\/217","targetHints":{"allow":["GET"]}}],"collection":[{"href":"https:\/\/fairway2hotel.at\/cs\/wp-json\/wp\/v2\/pages"}],"about":[{"href":"https:\/\/fairway2hotel.at\/cs\/wp-json\/wp\/v2\/types\/page"}],"author":[{"embeddable":true,"href":"https:\/\/fairway2hotel.at\/cs\/wp-json\/wp\/v2\/users\/1"}],"replies":[{"embeddable":true,"href":"https:\/\/fairway2hotel.at\/cs\/wp-json\/wp\/v2\/comments?post=217"}],"version-history":[{"count":9,"href":"https:\/\/fairway2hotel.at\/cs\/wp-json\/wp\/v2\/pages\/217\/revisions"}],"predecessor-version":[{"id":46901,"href":"https:\/\/fairway2hotel.at\/cs\/wp-json\/wp\/v2\/pages\/217\/revisions\/46901"}],"up":[{"embeddable":true,"href":"https:\/\/fairway2hotel.at\/cs\/wp-json\/wp\/v2\/pages\/1552"}],"acf:attachment":[{"embeddable":true,"href":"https:\/\/fairway2hotel.at\/cs\/wp-json\/wp\/v2\/media\/46899"},{"embeddable":true,"href":"https:\/\/fairway2hotel.at\/cs\/wp-json\/wp\/v2\/media\/46897"},{"embeddable":true,"href":"https:\/\/fairway2hotel.at\/cs\/wp-json\/wp\/v2\/media\/2745"}],"wp:attachment":[{"href":"https:\/\/fairway2hotel.at\/cs\/wp-json\/wp\/v2\/media?parent=217"}],"curies":[{"name":"wp","href":"https:\/\/api.w.org\/{rel}","templated":true}]}}