{"id":247,"date":"2009-07-08T15:13:45","date_gmt":"2009-07-08T13:13:45","guid":{"rendered":"https:\/\/f2h.app\/golfclub-kaiserburg\/"},"modified":"2025-09-01T09:30:34","modified_gmt":"2025-09-01T07:30:34","slug":"golfclub-kaiserburg","status":"publish","type":"page","link":"https:\/\/fairway2hotel.at\/cs\/golfclubs\/kaernten\/golfclub-kaiserburg\/","title":{"rendered":"GC Bad Kleinkirchheim Kaiserburg"},"content":{"rendered":"<h2>Abschlagen &amp; Wohlf\u00fchlen<\/h2>\n<p>hei\u00dft der Slogan, unter dem die Golfanlage<br \/>\nim Thermenort Bad Kleinkirchheim seine G\u00e4ste begr\u00fc\u00dft. Die Golfanlage z\u00e4hlt zu den traditionsreichsten in \u00d6sterreich. Der von Don Harradine designte 18-Loch ist spektakul\u00e4r und dennoch stets ein Teil der Landschaft hier auf 1.100 m Seeh\u00f6he. Und die interessante, \u00fcber Jahrzehnte gewachsene Topographie garantiert Ihnen abwechslungsreiches Spielvergn\u00fcgen. Vor allem die Spielbahnen 10, 11, 12 und 18 sind weithin bekannt. F\u00fcr Golffans ist diese Anlage ein Muss, f\u00fcr Naturliebhaber ein Augenschmaus!<\/p>\n<p>TIPP! Aufgrund der H\u00f6henlage von 1.100 m herrscht selbst in den hei\u00dfen Sommermonaten ein angenehmes Klima und Sie atmen gesunde und klare Luft!<\/p>\n<h2>Tee off &amp; feel good<\/h2>\n<p>is the slogan under which the golf course<br \/>\nin the spa town of Bad Kleinkirchheim welcomes its guests. The golf course is one of the most traditional in Austria. The 18-hole course designed by Don Harradine is spectacular and yet always part of the landscape here at 1,100 m above sea level. And the interesting topography, which has evolved over decades, guarantees you varied playing pleasure. In particular, holes 10, 11, 12 and 18\u00a0 are well known. This course is a must for golf fans and a feast for the eyes for nature lovers!<\/p>\n<p>TIP! Due to the altitude of 1,100 m, the climate is pleasant even in the hot summer months and you breathe healthy and clear air!<\/p>\n<p>&nbsp;<\/p>\n","protected":false},"excerpt":{"rendered":"<p>Abschlagen &amp; Wohlf\u00fchlen hei\u00dft der Slogan, unter dem die Golfanlage im Thermenort Bad Kleinkirchheim seine G\u00e4ste begr\u00fc\u00dft. Die Golfanlage z\u00e4hlt zu den traditionsreichsten in \u00d6sterreich. Der von Don Harradine designte 18-Loch ist spektakul\u00e4r und dennoch stets ein Teil der Landschaft hier auf 1.100 m Seeh\u00f6he. Und die interessante, \u00fcber Jahrzehnte gewachsene Topographie garantiert Ihnen abwechslungsreiches [&hellip;]<\/p>\n","protected":false},"author":1,"featured_media":0,"parent":1579,"menu_order":5,"comment_status":"closed","ping_status":"closed","template":"page-partner.php","meta":{"_acf_changed":false,"footnotes":""},"class_list":["post-247","page","type-page","status-publish","hentry"],"acf":{"partner_infobox":"<strong>Adresse:\u00a0<\/strong>Plass 19, 9564 Patergassen\r\n\r\n<strong>Tel:\u00a0<\/strong>+43 4275 594\r\n\r\n<strong>Web: <a href=\"https:\/\/www.badkleinkirchheim.at\/de\/golf\/\">www.badkleinkirchheim.at\/de\/golf<\/a><\/strong>\r\n\r\n<strong>E-Mail:\u00a0<\/strong> <a href=\"mailto:golf@badkleinkirchheim.at\">golf@badkleinkirchheim.at <\/a>\r\n\r\n<strong>Spielbahnen\/Par: <\/strong>18\/72\r\n\r\n<strong>L\u00e4nge: <\/strong>gelb: 6.006 m\/rot: 5.212 m\r\n\r\n<em><strong>Bedingungen:\r\n<\/strong>GS im Juli und August erst ab 12 Uhr einl\u00f6sbar.<\/em>\r\n\r\n<strong>Anfahrt:\r\n<\/strong>Wien: \u2192 Graz \u2192 Klagenfurt \u2192 Feldkirchen \u2192 Bad Kleinkirchheim \/ M\u00fcnchen: \u2192 Salzburg \u2192 Tauernautobahn \u2192 Abf. Millst\u00e4tter See \u2192 Bundesstr. nach Bad Kleinkirchheim","partner_logo":246,"partner_gallery":[245,47141,47143],"partner_lat":46.81908,"partner_long":13.84648,"partner_type":"golfclub","partner_openings":["1","2","3","4","5","6","7"],"montag_von_bis":"00:00 - 24:00","dienstag_von_bis":"00:00 - 24:00","mittwoch_von_bis":"00:00 - 24:00","donnerstag_von_bis":"00:00 - 24:00","freitag_von_bis":"00:00 - 24:00","samstag_von_bis":"00:00 - 24:00","sonntag_von_bis":"00:00 - 24:00","partner_adresse":"Plass 19, 9564 Patergassen","partner_land_bundesland":"K\u00e4rnten","partner_tel_1":"","partner_tel_2":"0043 4275 594","partner_web":"http:\/\/www.badkleinkirchheim.at\/de\/golf","partner_mail":"office.golf@badkleinkirchheim.at","partner_spielbahnen_par":"18\/72","partner_laenge":"gelb: 6.006 m\/rot: 5.212 m","partner_bedingungen":"Gutschein nur mit Bekanntgabe der email-Adresse einl\u00f6sbar, im Juli und August erst ab 12 Uhr einl\u00f6sbar.\r\nVoucher only redeemable with email address, in July and August only redeemable after 12 noon.","partner_anfahrt":"Wien: \u2192 Graz \u2192 Klagenfurt \u2192 Feldkirchen \u2192 Bad Kleinkirchheim \/ M\u00fcnchen: \u2192 Salzburg \u2192 Tauernautobahn \u2192 Abf. Millst\u00e4tter See \u2192 Bundesstr. nach Bad Kleinkirchheim","partner_misc":null,"additional_css_classes":""},"yoast_head":"<!-- This site is optimized with the Yoast SEO plugin v26.8 - https:\/\/yoast.com\/product\/yoast-seo-wordpress\/ -->\n<title>GC Bad Kleinkirchheim Kaiserburg - Fairway 2 Hotel<\/title>\n<meta name=\"robots\" content=\"index, follow, max-snippet:-1, max-image-preview:large, max-video-preview:-1\" \/>\n<link rel=\"canonical\" href=\"https:\/\/fairway2hotel.at\/cs\/golfclubs\/kaernten\/golfclub-kaiserburg\/\" \/>\n<meta property=\"og:locale\" content=\"cs_CZ\" \/>\n<meta property=\"og:type\" content=\"article\" \/>\n<meta property=\"og:title\" content=\"GC Bad Kleinkirchheim Kaiserburg - Fairway 2 Hotel\" \/>\n<meta property=\"og:description\" content=\"Abschlagen &amp; Wohlf\u00fchlen hei\u00dft der Slogan, unter dem die Golfanlage im Thermenort Bad Kleinkirchheim seine G\u00e4ste begr\u00fc\u00dft. Die Golfanlage z\u00e4hlt zu den traditionsreichsten in \u00d6sterreich. Der von Don Harradine designte 18-Loch ist spektakul\u00e4r und dennoch stets ein Teil der Landschaft hier auf 1.100 m Seeh\u00f6he. Und die interessante, \u00fcber Jahrzehnte gewachsene Topographie garantiert Ihnen abwechslungsreiches [&hellip;]\" \/>\n<meta property=\"og:url\" content=\"https:\/\/fairway2hotel.at\/cs\/golfclubs\/kaernten\/golfclub-kaiserburg\/\" \/>\n<meta property=\"og:site_name\" content=\"Fairway 2 Hotel\" \/>\n<meta property=\"article:modified_time\" content=\"2025-09-01T07:30:34+00:00\" \/>\n<meta name=\"twitter:card\" content=\"summary_large_image\" \/>\n<meta name=\"twitter:label1\" content=\"Odhadovan\u00e1 doba \u010dten\u00ed\" \/>\n\t<meta name=\"twitter:data1\" content=\"2 minuty\" \/>\n<script type=\"application\/ld+json\" class=\"yoast-schema-graph\">{\"@context\":\"https:\/\/schema.org\",\"@graph\":[{\"@type\":\"WebPage\",\"@id\":\"https:\/\/fairway2hotel.at\/cs\/golfclubs\/kaernten\/golfclub-kaiserburg\/\",\"url\":\"https:\/\/fairway2hotel.at\/cs\/golfclubs\/kaernten\/golfclub-kaiserburg\/\",\"name\":\"GC Bad Kleinkirchheim Kaiserburg - Fairway 2 Hotel\",\"isPartOf\":{\"@id\":\"https:\/\/fairway2hotel.at\/cs\/#website\"},\"datePublished\":\"2009-07-08T13:13:45+00:00\",\"dateModified\":\"2025-09-01T07:30:34+00:00\",\"breadcrumb\":{\"@id\":\"https:\/\/fairway2hotel.at\/cs\/golfclubs\/kaernten\/golfclub-kaiserburg\/#breadcrumb\"},\"inLanguage\":\"cs\",\"potentialAction\":[{\"@type\":\"ReadAction\",\"target\":[\"https:\/\/fairway2hotel.at\/cs\/golfclubs\/kaernten\/golfclub-kaiserburg\/\"]}]},{\"@type\":\"BreadcrumbList\",\"@id\":\"https:\/\/fairway2hotel.at\/cs\/golfclubs\/kaernten\/golfclub-kaiserburg\/#breadcrumb\",\"itemListElement\":[{\"@type\":\"ListItem\",\"position\":1,\"name\":\"Home\",\"item\":\"https:\/\/fairway2hotel.at\/cs\/\"},{\"@type\":\"ListItem\",\"position\":2,\"name\":\"Golfclubs\",\"item\":\"https:\/\/fairway2hotel.at\/cs\/golfclubs\/\"},{\"@type\":\"ListItem\",\"position\":3,\"name\":\"Golfclubs K\u00e4rnten\",\"item\":\"https:\/\/fairway2hotel.at\/cs\/golfclubs\/kaernten\/\"},{\"@type\":\"ListItem\",\"position\":4,\"name\":\"GC Bad Kleinkirchheim Kaiserburg\"}]},{\"@type\":\"WebSite\",\"@id\":\"https:\/\/fairway2hotel.at\/cs\/#website\",\"url\":\"https:\/\/fairway2hotel.at\/cs\/\",\"name\":\"Fairway 2 Hotel\",\"description\":\"Golf zum halben Preis! 2 spielen - 1 zahlt\",\"potentialAction\":[{\"@type\":\"SearchAction\",\"target\":{\"@type\":\"EntryPoint\",\"urlTemplate\":\"https:\/\/fairway2hotel.at\/cs\/?s={search_term_string}\"},\"query-input\":{\"@type\":\"PropertyValueSpecification\",\"valueRequired\":true,\"valueName\":\"search_term_string\"}}],\"inLanguage\":\"cs\"}]}<\/script>\n<!-- \/ Yoast SEO plugin. -->","yoast_head_json":{"title":"GC Bad Kleinkirchheim Kaiserburg - Fairway 2 Hotel","robots":{"index":"index","follow":"follow","max-snippet":"max-snippet:-1","max-image-preview":"max-image-preview:large","max-video-preview":"max-video-preview:-1"},"canonical":"https:\/\/fairway2hotel.at\/cs\/golfclubs\/kaernten\/golfclub-kaiserburg\/","og_locale":"cs_CZ","og_type":"article","og_title":"GC Bad Kleinkirchheim Kaiserburg - Fairway 2 Hotel","og_description":"Abschlagen &amp; Wohlf\u00fchlen hei\u00dft der Slogan, unter dem die Golfanlage im Thermenort Bad Kleinkirchheim seine G\u00e4ste begr\u00fc\u00dft. Die Golfanlage z\u00e4hlt zu den traditionsreichsten in \u00d6sterreich. Der von Don Harradine designte 18-Loch ist spektakul\u00e4r und dennoch stets ein Teil der Landschaft hier auf 1.100 m Seeh\u00f6he. Und die interessante, \u00fcber Jahrzehnte gewachsene Topographie garantiert Ihnen abwechslungsreiches [&hellip;]","og_url":"https:\/\/fairway2hotel.at\/cs\/golfclubs\/kaernten\/golfclub-kaiserburg\/","og_site_name":"Fairway 2 Hotel","article_modified_time":"2025-09-01T07:30:34+00:00","twitter_card":"summary_large_image","twitter_misc":{"Odhadovan\u00e1 doba \u010dten\u00ed":"2 minuty"},"schema":{"@context":"https:\/\/schema.org","@graph":[{"@type":"WebPage","@id":"https:\/\/fairway2hotel.at\/cs\/golfclubs\/kaernten\/golfclub-kaiserburg\/","url":"https:\/\/fairway2hotel.at\/cs\/golfclubs\/kaernten\/golfclub-kaiserburg\/","name":"GC Bad Kleinkirchheim Kaiserburg - Fairway 2 Hotel","isPartOf":{"@id":"https:\/\/fairway2hotel.at\/cs\/#website"},"datePublished":"2009-07-08T13:13:45+00:00","dateModified":"2025-09-01T07:30:34+00:00","breadcrumb":{"@id":"https:\/\/fairway2hotel.at\/cs\/golfclubs\/kaernten\/golfclub-kaiserburg\/#breadcrumb"},"inLanguage":"cs","potentialAction":[{"@type":"ReadAction","target":["https:\/\/fairway2hotel.at\/cs\/golfclubs\/kaernten\/golfclub-kaiserburg\/"]}]},{"@type":"BreadcrumbList","@id":"https:\/\/fairway2hotel.at\/cs\/golfclubs\/kaernten\/golfclub-kaiserburg\/#breadcrumb","itemListElement":[{"@type":"ListItem","position":1,"name":"Home","item":"https:\/\/fairway2hotel.at\/cs\/"},{"@type":"ListItem","position":2,"name":"Golfclubs","item":"https:\/\/fairway2hotel.at\/cs\/golfclubs\/"},{"@type":"ListItem","position":3,"name":"Golfclubs K\u00e4rnten","item":"https:\/\/fairway2hotel.at\/cs\/golfclubs\/kaernten\/"},{"@type":"ListItem","position":4,"name":"GC Bad Kleinkirchheim Kaiserburg"}]},{"@type":"WebSite","@id":"https:\/\/fairway2hotel.at\/cs\/#website","url":"https:\/\/fairway2hotel.at\/cs\/","name":"Fairway 2 Hotel","description":"Golf zum halben Preis! 2 spielen - 1 zahlt","potentialAction":[{"@type":"SearchAction","target":{"@type":"EntryPoint","urlTemplate":"https:\/\/fairway2hotel.at\/cs\/?s={search_term_string}"},"query-input":{"@type":"PropertyValueSpecification","valueRequired":true,"valueName":"search_term_string"}}],"inLanguage":"cs"}]}},"_links":{"self":[{"href":"https:\/\/fairway2hotel.at\/cs\/wp-json\/wp\/v2\/pages\/247","targetHints":{"allow":["GET"]}}],"collection":[{"href":"https:\/\/fairway2hotel.at\/cs\/wp-json\/wp\/v2\/pages"}],"about":[{"href":"https:\/\/fairway2hotel.at\/cs\/wp-json\/wp\/v2\/types\/page"}],"author":[{"embeddable":true,"href":"https:\/\/fairway2hotel.at\/cs\/wp-json\/wp\/v2\/users\/1"}],"replies":[{"embeddable":true,"href":"https:\/\/fairway2hotel.at\/cs\/wp-json\/wp\/v2\/comments?post=247"}],"version-history":[{"count":19,"href":"https:\/\/fairway2hotel.at\/cs\/wp-json\/wp\/v2\/pages\/247\/revisions"}],"predecessor-version":[{"id":49031,"href":"https:\/\/fairway2hotel.at\/cs\/wp-json\/wp\/v2\/pages\/247\/revisions\/49031"}],"up":[{"embeddable":true,"href":"https:\/\/fairway2hotel.at\/cs\/wp-json\/wp\/v2\/pages\/1579"}],"acf:attachment":[{"embeddable":true,"href":"https:\/\/fairway2hotel.at\/cs\/wp-json\/wp\/v2\/media\/47143"},{"embeddable":true,"href":"https:\/\/fairway2hotel.at\/cs\/wp-json\/wp\/v2\/media\/47141"},{"embeddable":true,"href":"https:\/\/fairway2hotel.at\/cs\/wp-json\/wp\/v2\/media\/245"}],"wp:attachment":[{"href":"https:\/\/fairway2hotel.at\/cs\/wp-json\/wp\/v2\/media?parent=247"}],"curies":[{"name":"wp","href":"https:\/\/api.w.org\/{rel}","templated":true}]}}