{"id":250,"date":"2009-07-08T15:21:05","date_gmt":"2009-07-08T13:21:05","guid":{"rendered":"https:\/\/f2h.app\/golfpark-klopeinersee-suedkaernten\/"},"modified":"2026-03-31T15:45:22","modified_gmt":"2026-03-31T13:45:22","slug":"golfpark-klopeinersee-suedkaernten","status":"publish","type":"page","link":"https:\/\/fairway2hotel.at\/cs\/golfclubs\/kaernten\/golfpark-klopeinersee-suedkaernten\/","title":{"rendered":"GC Klopeinersee-S\u00fcdk\u00e4rnten"},"content":{"rendered":"<h2>Platz der kurzen Wege<\/h2>\n<p>Ostw\u00e4rts von Klagenfurt gelangt man an den Klopeiner See, der zu den w\u00e4rmsten der K\u00e4rntner Badeseen z\u00e4hlt. An hei\u00dfen Sommertagen werden hier h\u00e4ufig bis zu 28\u00b0 Celsius Wassertemperatur gemessen. Hei\u00df her geht es auch auf dem Golfplatz, einem 18-Loch-Golfplatz, der nur wenige Fahrminuten vom Klopeiner See entfernt am idyllischen Turnersee liegt. Der Platz ist relativ stre\u00dffrei zu bespielen und die L\u00f6cher sind schwierigkeitsm\u00e4\u00dfig gut verteilt. 50 Bunker sind angelegt, um die Greens wirkungsvoll zu verteidigen. Sehr attraktiv sind die gro\u00dfz\u00fcgig dimensionierten \u00dcbungsanlagen, mit der Driving-Range, einem Putting- und Chippinggreen sowie einem weiteren Pitchinggreen. Der Pro-Shop ist ausgezeichnet sortiert und das Clubrestaurant von internationalem Standard erg\u00e4nzt das Angebot.<\/p>\n<h2>A place of short distances<\/h2>\n<p>To the east of Klagenfurt is Lake Klopeiner See, one of the warmest of Carinthia&#8217;s bathing lakes. On hot summer days, water temperatures of up to 28\u00b0 Celsius are frequently measured here. It&#8217;s also hot on the golf course, an 18-hole golf course located just a few minutes&#8217; drive from Lake Klopeiner See on the idyllic Turnersee. The course is relatively stress-free to play and the holes are well distributed in terms of difficulty. There are 50 bunkers to effectively defend the greens. The generously dimensioned practice facilities are very attractive, with a driving range, a putting and chipping green and another pitching green. The pro store is excellently stocked and the club restaurant of international standard completes the offer.<\/p>\n","protected":false},"excerpt":{"rendered":"<p>Platz der kurzen Wege Ostw\u00e4rts von Klagenfurt gelangt man an den Klopeiner See, der zu den w\u00e4rmsten der K\u00e4rntner Badeseen z\u00e4hlt. An hei\u00dfen Sommertagen werden hier h\u00e4ufig bis zu 28\u00b0 Celsius Wassertemperatur gemessen. Hei\u00df her geht es auch auf dem Golfplatz, einem 18-Loch-Golfplatz, der nur wenige Fahrminuten vom Klopeiner See entfernt am idyllischen Turnersee liegt. [&hellip;]<\/p>\n","protected":false},"author":1,"featured_media":0,"parent":1579,"menu_order":20,"comment_status":"closed","ping_status":"closed","template":"page-partner.php","meta":{"_acf_changed":false,"footnotes":""},"class_list":["post-250","page","type-page","status-publish","hentry"],"acf":{"partner_infobox":"<strong>Adresse:\u00a0<\/strong>Am Golfpark 7, 9122 Grabelsdorf\r\n\r\n<strong>Tel:\u00a0<\/strong>+43 4239\/38 00\r\n\r\n<strong>Web: <\/strong><a href=\"http:\/\/www.golfklopein.at\" target=\"_blank\" rel=\"nofollow noopener\">www.golfklopein.at<\/a>\r\n\r\n<strong>E-Mail:<\/strong> <a href=\"mailto:office@golfklopein.at\">office@golfklopein.at<\/a>\r\n\r\n<strong>Spielbahnen\/Par: <\/strong>18\/72\r\n\r\n<strong>La\u0308nge: <\/strong>gelb: 6.043 m\/rot: 5.361 m\r\n\r\n<strong>Bedingungen:<\/strong>\r\nMo \u2013 Mi: ganzen Tag g\u00fcltig\r\nDo \u2013 So und Ftg. ab 13.00 Uhr\u00a0g\u00fcltig\r\n\r\n<strong>Anfahrt:\r\n<\/strong>von Villach: A2 Abf. Grafenst. \u2192 St. Kanzian \u2192 Zentrum \u2192 rechts Turnersee \u2192 Beschilderung folgen \/ von Wien: A2 \u2192 Abf. V\u00f6lkerm. Ost \u2192 1. Kreisverk. links \u2192 St. Kanzian \u2192 Schildern folgen","partner_logo":249,"partner_gallery":[3838,47154],"partner_lat":46.59209,"partner_long":14.58664,"partner_type":"golfclub","partner_openings":["1","2","3","4","5","6","7"],"montag_von_bis":"00:00 - 24:00","dienstag_von_bis":"00:00 - 24:00","mittwoch_von_bis":"00:00 - 24:00","donnerstag_von_bis":"00:00 - 24:00","freitag_von_bis":"00:00 - 24:00","samstag_von_bis":"13:00 - 24:00","sonntag_von_bis":"13:00 - 24:00","partner_adresse":"Am Golfpark 7, 9122 Grabelsdorf","partner_land_bundesland":"K\u00e4rnten","partner_tel_1":"","partner_tel_2":"0043 4239 38 00","partner_web":"http:\/\/www.golfklopein.at","partner_mail":"office@golfklopein.at","partner_spielbahnen_par":"18\/72","partner_laenge":"gelb: 6.043 m\/rot: 5.361 m","partner_bedingungen":"GS einl\u00f6sbar von Mai-Sep ab 13.00 Uhr, April und Okt MO-FR ganzt\u00e4gig einl\u00f6sbar, SA, SO und FTG ab 13.00 Uhr, nicht einl\u00f6sbar von Nov-M\u00e4rz\r\nVoucher redeemable from May-Sep from 1 p.m., April and October MO-FR redeemable all day, SA, SO and FTG from 1 p.m., not redeemable from Nov-March\r\n","partner_anfahrt":"von Villach: A2 Abf. Grafenst. \u2192 St. Kanzian \u2192 Zentrum \u2192 rechts Turnersee \u2192 Beschilderung folgen \/ von Wien: A2 \u2192 Abf. V\u00f6lkerm. Ost \u2192 1. Kreisverk. links \u2192 St. Kanzian \u2192 Schildern folgen","partner_misc":null,"additional_css_classes":""},"yoast_head":"<!-- This site is optimized with the Yoast SEO plugin v26.8 - https:\/\/yoast.com\/product\/yoast-seo-wordpress\/ -->\n<title>GC Klopeinersee-S\u00fcdk\u00e4rnten - Fairway 2 Hotel<\/title>\n<meta name=\"robots\" content=\"index, follow, max-snippet:-1, max-image-preview:large, max-video-preview:-1\" \/>\n<link rel=\"canonical\" href=\"https:\/\/fairway2hotel.at\/cs\/golfclubs\/kaernten\/golfpark-klopeinersee-suedkaernten\/\" \/>\n<meta property=\"og:locale\" content=\"cs_CZ\" \/>\n<meta property=\"og:type\" content=\"article\" \/>\n<meta property=\"og:title\" content=\"GC Klopeinersee-S\u00fcdk\u00e4rnten - Fairway 2 Hotel\" \/>\n<meta property=\"og:description\" content=\"Platz der kurzen Wege Ostw\u00e4rts von Klagenfurt gelangt man an den Klopeiner See, der zu den w\u00e4rmsten der K\u00e4rntner Badeseen z\u00e4hlt. An hei\u00dfen Sommertagen werden hier h\u00e4ufig bis zu 28\u00b0 Celsius Wassertemperatur gemessen. Hei\u00df her geht es auch auf dem Golfplatz, einem 18-Loch-Golfplatz, der nur wenige Fahrminuten vom Klopeiner See entfernt am idyllischen Turnersee liegt. [&hellip;]\" \/>\n<meta property=\"og:url\" content=\"https:\/\/fairway2hotel.at\/cs\/golfclubs\/kaernten\/golfpark-klopeinersee-suedkaernten\/\" \/>\n<meta property=\"og:site_name\" content=\"Fairway 2 Hotel\" \/>\n<meta property=\"article:modified_time\" content=\"2026-03-31T13:45:22+00:00\" \/>\n<meta name=\"twitter:card\" content=\"summary_large_image\" \/>\n<meta name=\"twitter:label1\" content=\"Odhadovan\u00e1 doba \u010dten\u00ed\" \/>\n\t<meta name=\"twitter:data1\" content=\"2 minuty\" \/>\n<script type=\"application\/ld+json\" class=\"yoast-schema-graph\">{\"@context\":\"https:\/\/schema.org\",\"@graph\":[{\"@type\":\"WebPage\",\"@id\":\"https:\/\/fairway2hotel.at\/cs\/golfclubs\/kaernten\/golfpark-klopeinersee-suedkaernten\/\",\"url\":\"https:\/\/fairway2hotel.at\/cs\/golfclubs\/kaernten\/golfpark-klopeinersee-suedkaernten\/\",\"name\":\"GC Klopeinersee-S\u00fcdk\u00e4rnten - Fairway 2 Hotel\",\"isPartOf\":{\"@id\":\"https:\/\/fairway2hotel.at\/cs\/#website\"},\"datePublished\":\"2009-07-08T13:21:05+00:00\",\"dateModified\":\"2026-03-31T13:45:22+00:00\",\"breadcrumb\":{\"@id\":\"https:\/\/fairway2hotel.at\/cs\/golfclubs\/kaernten\/golfpark-klopeinersee-suedkaernten\/#breadcrumb\"},\"inLanguage\":\"cs\",\"potentialAction\":[{\"@type\":\"ReadAction\",\"target\":[\"https:\/\/fairway2hotel.at\/cs\/golfclubs\/kaernten\/golfpark-klopeinersee-suedkaernten\/\"]}]},{\"@type\":\"BreadcrumbList\",\"@id\":\"https:\/\/fairway2hotel.at\/cs\/golfclubs\/kaernten\/golfpark-klopeinersee-suedkaernten\/#breadcrumb\",\"itemListElement\":[{\"@type\":\"ListItem\",\"position\":1,\"name\":\"Home\",\"item\":\"https:\/\/fairway2hotel.at\/cs\/\"},{\"@type\":\"ListItem\",\"position\":2,\"name\":\"Golfclubs\",\"item\":\"https:\/\/fairway2hotel.at\/cs\/golfclubs\/\"},{\"@type\":\"ListItem\",\"position\":3,\"name\":\"Golfclubs K\u00e4rnten\",\"item\":\"https:\/\/fairway2hotel.at\/cs\/golfclubs\/kaernten\/\"},{\"@type\":\"ListItem\",\"position\":4,\"name\":\"GC Klopeinersee-S\u00fcdk\u00e4rnten\"}]},{\"@type\":\"WebSite\",\"@id\":\"https:\/\/fairway2hotel.at\/cs\/#website\",\"url\":\"https:\/\/fairway2hotel.at\/cs\/\",\"name\":\"Fairway 2 Hotel\",\"description\":\"Golf zum halben Preis! 2 spielen - 1 zahlt\",\"potentialAction\":[{\"@type\":\"SearchAction\",\"target\":{\"@type\":\"EntryPoint\",\"urlTemplate\":\"https:\/\/fairway2hotel.at\/cs\/?s={search_term_string}\"},\"query-input\":{\"@type\":\"PropertyValueSpecification\",\"valueRequired\":true,\"valueName\":\"search_term_string\"}}],\"inLanguage\":\"cs\"}]}<\/script>\n<!-- \/ Yoast SEO plugin. -->","yoast_head_json":{"title":"GC Klopeinersee-S\u00fcdk\u00e4rnten - Fairway 2 Hotel","robots":{"index":"index","follow":"follow","max-snippet":"max-snippet:-1","max-image-preview":"max-image-preview:large","max-video-preview":"max-video-preview:-1"},"canonical":"https:\/\/fairway2hotel.at\/cs\/golfclubs\/kaernten\/golfpark-klopeinersee-suedkaernten\/","og_locale":"cs_CZ","og_type":"article","og_title":"GC Klopeinersee-S\u00fcdk\u00e4rnten - Fairway 2 Hotel","og_description":"Platz der kurzen Wege Ostw\u00e4rts von Klagenfurt gelangt man an den Klopeiner See, der zu den w\u00e4rmsten der K\u00e4rntner Badeseen z\u00e4hlt. An hei\u00dfen Sommertagen werden hier h\u00e4ufig bis zu 28\u00b0 Celsius Wassertemperatur gemessen. Hei\u00df her geht es auch auf dem Golfplatz, einem 18-Loch-Golfplatz, der nur wenige Fahrminuten vom Klopeiner See entfernt am idyllischen Turnersee liegt. [&hellip;]","og_url":"https:\/\/fairway2hotel.at\/cs\/golfclubs\/kaernten\/golfpark-klopeinersee-suedkaernten\/","og_site_name":"Fairway 2 Hotel","article_modified_time":"2026-03-31T13:45:22+00:00","twitter_card":"summary_large_image","twitter_misc":{"Odhadovan\u00e1 doba \u010dten\u00ed":"2 minuty"},"schema":{"@context":"https:\/\/schema.org","@graph":[{"@type":"WebPage","@id":"https:\/\/fairway2hotel.at\/cs\/golfclubs\/kaernten\/golfpark-klopeinersee-suedkaernten\/","url":"https:\/\/fairway2hotel.at\/cs\/golfclubs\/kaernten\/golfpark-klopeinersee-suedkaernten\/","name":"GC Klopeinersee-S\u00fcdk\u00e4rnten - Fairway 2 Hotel","isPartOf":{"@id":"https:\/\/fairway2hotel.at\/cs\/#website"},"datePublished":"2009-07-08T13:21:05+00:00","dateModified":"2026-03-31T13:45:22+00:00","breadcrumb":{"@id":"https:\/\/fairway2hotel.at\/cs\/golfclubs\/kaernten\/golfpark-klopeinersee-suedkaernten\/#breadcrumb"},"inLanguage":"cs","potentialAction":[{"@type":"ReadAction","target":["https:\/\/fairway2hotel.at\/cs\/golfclubs\/kaernten\/golfpark-klopeinersee-suedkaernten\/"]}]},{"@type":"BreadcrumbList","@id":"https:\/\/fairway2hotel.at\/cs\/golfclubs\/kaernten\/golfpark-klopeinersee-suedkaernten\/#breadcrumb","itemListElement":[{"@type":"ListItem","position":1,"name":"Home","item":"https:\/\/fairway2hotel.at\/cs\/"},{"@type":"ListItem","position":2,"name":"Golfclubs","item":"https:\/\/fairway2hotel.at\/cs\/golfclubs\/"},{"@type":"ListItem","position":3,"name":"Golfclubs K\u00e4rnten","item":"https:\/\/fairway2hotel.at\/cs\/golfclubs\/kaernten\/"},{"@type":"ListItem","position":4,"name":"GC Klopeinersee-S\u00fcdk\u00e4rnten"}]},{"@type":"WebSite","@id":"https:\/\/fairway2hotel.at\/cs\/#website","url":"https:\/\/fairway2hotel.at\/cs\/","name":"Fairway 2 Hotel","description":"Golf zum halben Preis! 2 spielen - 1 zahlt","potentialAction":[{"@type":"SearchAction","target":{"@type":"EntryPoint","urlTemplate":"https:\/\/fairway2hotel.at\/cs\/?s={search_term_string}"},"query-input":{"@type":"PropertyValueSpecification","valueRequired":true,"valueName":"search_term_string"}}],"inLanguage":"cs"}]}},"_links":{"self":[{"href":"https:\/\/fairway2hotel.at\/cs\/wp-json\/wp\/v2\/pages\/250","targetHints":{"allow":["GET"]}}],"collection":[{"href":"https:\/\/fairway2hotel.at\/cs\/wp-json\/wp\/v2\/pages"}],"about":[{"href":"https:\/\/fairway2hotel.at\/cs\/wp-json\/wp\/v2\/types\/page"}],"author":[{"embeddable":true,"href":"https:\/\/fairway2hotel.at\/cs\/wp-json\/wp\/v2\/users\/1"}],"replies":[{"embeddable":true,"href":"https:\/\/fairway2hotel.at\/cs\/wp-json\/wp\/v2\/comments?post=250"}],"version-history":[{"count":23,"href":"https:\/\/fairway2hotel.at\/cs\/wp-json\/wp\/v2\/pages\/250\/revisions"}],"predecessor-version":[{"id":53533,"href":"https:\/\/fairway2hotel.at\/cs\/wp-json\/wp\/v2\/pages\/250\/revisions\/53533"}],"up":[{"embeddable":true,"href":"https:\/\/fairway2hotel.at\/cs\/wp-json\/wp\/v2\/pages\/1579"}],"acf:attachment":[{"embeddable":true,"href":"https:\/\/fairway2hotel.at\/cs\/wp-json\/wp\/v2\/media\/47154"},{"embeddable":true,"href":"https:\/\/fairway2hotel.at\/cs\/wp-json\/wp\/v2\/media\/3838"}],"wp:attachment":[{"href":"https:\/\/fairway2hotel.at\/cs\/wp-json\/wp\/v2\/media?parent=250"}],"curies":[{"name":"wp","href":"https:\/\/api.w.org\/{rel}","templated":true}]}}