{"id":2900,"date":"2020-10-20T22:01:38","date_gmt":"2020-10-20T20:01:38","guid":{"rendered":"https:\/\/f2h.52five.com\/?page_id=2900"},"modified":"2026-01-10T10:12:54","modified_gmt":"2026-01-10T09:12:54","slug":"golf-club-padova","status":"publish","type":"page","link":"https:\/\/fairway2hotel.at\/cs\/golfclubs\/italien\/golf-club-padova\/","title":{"rendered":"GC Padova"},"content":{"rendered":"<h2>Im Herzen der Euganeischen H\u00fcgel, ganz in der N\u00e4he der antiken Thermen<\/h2>\n<p>Der Golf Club Padova liegt in den Euganeischen H\u00fcgeln. Er hat eine einzigartige Lage, nahe den sch\u00f6nsten St\u00e4dten Norditaliens wie Padua, Venedig, Vicenza usw. Die Gegend ist ideal f\u00fcr Urlaub oder ein Kurzwochenende, um Sport, Kunst und Kultur zu kombinieren. Der Regionalpark erstreckt sich auf 19.000 Hektar in einem H\u00fcgelgebiet vulkanischen Ursprungs. Die Faszination dieses Parks kann auf Panoramastra\u00dfen oder auf mehreren Pfaden entlang der H\u00fcgel mit Auto, zu Fu\u00df oder mit Fahrrad erkundet werden. In diese herrliche Gegend kommen ganzj\u00e4hrig viele Touristen, um in einer zauberhaften Landschaft Golf zu spielen, magische St\u00e4dte zu besuchen oder um sich in den Thermen von Abano, Montegrotto und Battaglia, dem gr\u00f6\u00dften auf Fango-Bade-Therapie spezialisierten Thermalbad Europas, zu erholen.<\/p>\n<h2><strong>In the heart of the Euganean Hills, very close to the ancient thermal baths<\/strong><\/h2>\n<p>The Golf Club Padova is located in the Euganean Hills. It has a unique location, close to the most beautiful cities in Northern Italy such as Padua, Venice, Vicenza, etc. The area is ideal for holidays or a short weekend to combine sport, art and culture. The regional park covers 19,000 hectares in a hilly area of \u200b\u200bvolcanic origin. The fascination of this park can be explored by car, on foot or by bike along panoramic roads or on several paths along the hills. Many tourists come to this wonderful area all year round to play golf in an enchanting landscape, visit magical cities or to relax in the thermal baths of Abano, Montegrotto and Battaglia, the largest thermal bath in Europe specializing in mud bath therapy.<\/p>\n","protected":false},"excerpt":{"rendered":"<p>Im Herzen der Euganeischen H\u00fcgel, ganz in der N\u00e4he der antiken Thermen Der Golf Club Padova liegt in den Euganeischen H\u00fcgeln. Er hat eine einzigartige Lage, nahe den sch\u00f6nsten St\u00e4dten Norditaliens wie Padua, Venedig, Vicenza usw. Die Gegend ist ideal f\u00fcr Urlaub oder ein Kurzwochenende, um Sport, Kunst und Kultur zu kombinieren. Der Regionalpark erstreckt [&hellip;]<\/p>\n","protected":false},"author":3,"featured_media":0,"parent":1657,"menu_order":101,"comment_status":"closed","ping_status":"closed","template":"page-partner.php","meta":{"_acf_changed":false,"footnotes":""},"class_list":["post-2900","page","type-page","status-publish","hentry"],"acf":{"partner_infobox":"<strong>Adresse:<\/strong> Via Noiera 57 \u2013 35030 Galzignano Terme (PD)\r\n\r\n<strong>Tel.:<\/strong> 049 9130078\r\n\r\n<strong>Homepage: <\/strong><a href=\"http:\/\/www.golfclubpadova.it\">www.golfclubpadova.it<\/a>\r\n\r\n<strong>E-Mail:<\/strong> <a href=\"mailto:info@golfpadova.it\">info@golfpadova.it<\/a>\r\n\r\n<strong>Spielbahnen\/Par:<\/strong> 27\/72 + 36\r\n\r\n<strong>L\u00e4nge:<\/strong> gelb: 5.767 m\/rot: 5.079 m\r\n\r\n<strong>Bedingungen:<\/strong> GS gelten von MO bis FR, ausgenommen Feiertage.\r\n\r\n<strong>Anfahrt:<\/strong> zwischen Padua und Galzignano Therme.","partner_logo":2901,"partner_gallery":[2902,43565,43567],"partner_lat":45.295224,"partner_long":11.736958,"partner_type":"golfclub","partner_openings":["1","2","3","4","5","6","7"],"montag_von_bis":"00:00 - 24:00","dienstag_von_bis":"00:00 - 24:00","mittwoch_von_bis":"00:00 - 24:00","donnerstag_von_bis":"00:00 - 24:00","freitag_von_bis":"00:00 - 24:00","samstag_von_bis":"00:00 - 24:00","sonntag_von_bis":"00:00 - 24:00","partner_adresse":"Via Noiera 57, 35030 Galzignano Terme (PD)","partner_land_bundesland":"Italien","partner_tel_1":"0039 049 9130078","partner_tel_2":"","partner_web":"https:\/\/www.golfclubpadova.it\/de\/","partner_mail":"info@golfpadova.it","partner_spielbahnen_par":"27\/72 + 36","partner_laenge":"gelb: 5.767 m\/rot: 5.079 m","partner_bedingungen":"Greenfee Hochsaison \u20ac150,-- Nebensaison (J\u00e4n, Feb, Juli, Aug, Dez) \u20ac130.--\r\nGreenfee highseason 150,-- low season (Jan, Feb, July, Aug, Dec) \u20ac130.--\r\n\r\n","partner_anfahrt":"zwischen Padua und Galzignano Therme.","partner_misc":null,"additional_css_classes":""},"yoast_head":"<!-- This site is optimized with the Yoast SEO plugin v26.8 - https:\/\/yoast.com\/product\/yoast-seo-wordpress\/ -->\n<title>GC Padova - Fairway 2 Hotel<\/title>\n<meta name=\"robots\" content=\"index, follow, max-snippet:-1, max-image-preview:large, max-video-preview:-1\" \/>\n<link rel=\"canonical\" href=\"https:\/\/fairway2hotel.at\/cs\/golfclubs\/italien\/golf-club-padova\/\" \/>\n<meta property=\"og:locale\" content=\"cs_CZ\" \/>\n<meta property=\"og:type\" content=\"article\" \/>\n<meta property=\"og:title\" content=\"GC Padova - Fairway 2 Hotel\" \/>\n<meta property=\"og:description\" content=\"Im Herzen der Euganeischen H\u00fcgel, ganz in der N\u00e4he der antiken Thermen Der Golf Club Padova liegt in den Euganeischen H\u00fcgeln. Er hat eine einzigartige Lage, nahe den sch\u00f6nsten St\u00e4dten Norditaliens wie Padua, Venedig, Vicenza usw. Die Gegend ist ideal f\u00fcr Urlaub oder ein Kurzwochenende, um Sport, Kunst und Kultur zu kombinieren. Der Regionalpark erstreckt [&hellip;]\" \/>\n<meta property=\"og:url\" content=\"https:\/\/fairway2hotel.at\/cs\/golfclubs\/italien\/golf-club-padova\/\" \/>\n<meta property=\"og:site_name\" content=\"Fairway 2 Hotel\" \/>\n<meta property=\"article:modified_time\" content=\"2026-01-10T09:12:54+00:00\" \/>\n<meta name=\"twitter:card\" content=\"summary_large_image\" \/>\n<meta name=\"twitter:label1\" content=\"Odhadovan\u00e1 doba \u010dten\u00ed\" \/>\n\t<meta name=\"twitter:data1\" content=\"2 minuty\" \/>\n<script type=\"application\/ld+json\" class=\"yoast-schema-graph\">{\"@context\":\"https:\/\/schema.org\",\"@graph\":[{\"@type\":\"WebPage\",\"@id\":\"https:\/\/fairway2hotel.at\/cs\/golfclubs\/italien\/golf-club-padova\/\",\"url\":\"https:\/\/fairway2hotel.at\/cs\/golfclubs\/italien\/golf-club-padova\/\",\"name\":\"GC Padova - Fairway 2 Hotel\",\"isPartOf\":{\"@id\":\"https:\/\/fairway2hotel.at\/cs\/#website\"},\"datePublished\":\"2020-10-20T20:01:38+00:00\",\"dateModified\":\"2026-01-10T09:12:54+00:00\",\"breadcrumb\":{\"@id\":\"https:\/\/fairway2hotel.at\/cs\/golfclubs\/italien\/golf-club-padova\/#breadcrumb\"},\"inLanguage\":\"cs\",\"potentialAction\":[{\"@type\":\"ReadAction\",\"target\":[\"https:\/\/fairway2hotel.at\/cs\/golfclubs\/italien\/golf-club-padova\/\"]}]},{\"@type\":\"BreadcrumbList\",\"@id\":\"https:\/\/fairway2hotel.at\/cs\/golfclubs\/italien\/golf-club-padova\/#breadcrumb\",\"itemListElement\":[{\"@type\":\"ListItem\",\"position\":1,\"name\":\"Home\",\"item\":\"https:\/\/fairway2hotel.at\/cs\/\"},{\"@type\":\"ListItem\",\"position\":2,\"name\":\"Golfclubs\",\"item\":\"https:\/\/fairway2hotel.at\/cs\/golfclubs\/\"},{\"@type\":\"ListItem\",\"position\":3,\"name\":\"Golfclubs Italien\",\"item\":\"https:\/\/fairway2hotel.at\/cs\/golfclubs\/italien\/\"},{\"@type\":\"ListItem\",\"position\":4,\"name\":\"GC Padova\"}]},{\"@type\":\"WebSite\",\"@id\":\"https:\/\/fairway2hotel.at\/cs\/#website\",\"url\":\"https:\/\/fairway2hotel.at\/cs\/\",\"name\":\"Fairway 2 Hotel\",\"description\":\"Golf zum halben Preis! 2 spielen - 1 zahlt\",\"potentialAction\":[{\"@type\":\"SearchAction\",\"target\":{\"@type\":\"EntryPoint\",\"urlTemplate\":\"https:\/\/fairway2hotel.at\/cs\/?s={search_term_string}\"},\"query-input\":{\"@type\":\"PropertyValueSpecification\",\"valueRequired\":true,\"valueName\":\"search_term_string\"}}],\"inLanguage\":\"cs\"}]}<\/script>\n<!-- \/ Yoast SEO plugin. -->","yoast_head_json":{"title":"GC Padova - Fairway 2 Hotel","robots":{"index":"index","follow":"follow","max-snippet":"max-snippet:-1","max-image-preview":"max-image-preview:large","max-video-preview":"max-video-preview:-1"},"canonical":"https:\/\/fairway2hotel.at\/cs\/golfclubs\/italien\/golf-club-padova\/","og_locale":"cs_CZ","og_type":"article","og_title":"GC Padova - Fairway 2 Hotel","og_description":"Im Herzen der Euganeischen H\u00fcgel, ganz in der N\u00e4he der antiken Thermen Der Golf Club Padova liegt in den Euganeischen H\u00fcgeln. Er hat eine einzigartige Lage, nahe den sch\u00f6nsten St\u00e4dten Norditaliens wie Padua, Venedig, Vicenza usw. Die Gegend ist ideal f\u00fcr Urlaub oder ein Kurzwochenende, um Sport, Kunst und Kultur zu kombinieren. Der Regionalpark erstreckt [&hellip;]","og_url":"https:\/\/fairway2hotel.at\/cs\/golfclubs\/italien\/golf-club-padova\/","og_site_name":"Fairway 2 Hotel","article_modified_time":"2026-01-10T09:12:54+00:00","twitter_card":"summary_large_image","twitter_misc":{"Odhadovan\u00e1 doba \u010dten\u00ed":"2 minuty"},"schema":{"@context":"https:\/\/schema.org","@graph":[{"@type":"WebPage","@id":"https:\/\/fairway2hotel.at\/cs\/golfclubs\/italien\/golf-club-padova\/","url":"https:\/\/fairway2hotel.at\/cs\/golfclubs\/italien\/golf-club-padova\/","name":"GC Padova - Fairway 2 Hotel","isPartOf":{"@id":"https:\/\/fairway2hotel.at\/cs\/#website"},"datePublished":"2020-10-20T20:01:38+00:00","dateModified":"2026-01-10T09:12:54+00:00","breadcrumb":{"@id":"https:\/\/fairway2hotel.at\/cs\/golfclubs\/italien\/golf-club-padova\/#breadcrumb"},"inLanguage":"cs","potentialAction":[{"@type":"ReadAction","target":["https:\/\/fairway2hotel.at\/cs\/golfclubs\/italien\/golf-club-padova\/"]}]},{"@type":"BreadcrumbList","@id":"https:\/\/fairway2hotel.at\/cs\/golfclubs\/italien\/golf-club-padova\/#breadcrumb","itemListElement":[{"@type":"ListItem","position":1,"name":"Home","item":"https:\/\/fairway2hotel.at\/cs\/"},{"@type":"ListItem","position":2,"name":"Golfclubs","item":"https:\/\/fairway2hotel.at\/cs\/golfclubs\/"},{"@type":"ListItem","position":3,"name":"Golfclubs Italien","item":"https:\/\/fairway2hotel.at\/cs\/golfclubs\/italien\/"},{"@type":"ListItem","position":4,"name":"GC Padova"}]},{"@type":"WebSite","@id":"https:\/\/fairway2hotel.at\/cs\/#website","url":"https:\/\/fairway2hotel.at\/cs\/","name":"Fairway 2 Hotel","description":"Golf zum halben Preis! 2 spielen - 1 zahlt","potentialAction":[{"@type":"SearchAction","target":{"@type":"EntryPoint","urlTemplate":"https:\/\/fairway2hotel.at\/cs\/?s={search_term_string}"},"query-input":{"@type":"PropertyValueSpecification","valueRequired":true,"valueName":"search_term_string"}}],"inLanguage":"cs"}]}},"_links":{"self":[{"href":"https:\/\/fairway2hotel.at\/cs\/wp-json\/wp\/v2\/pages\/2900","targetHints":{"allow":["GET"]}}],"collection":[{"href":"https:\/\/fairway2hotel.at\/cs\/wp-json\/wp\/v2\/pages"}],"about":[{"href":"https:\/\/fairway2hotel.at\/cs\/wp-json\/wp\/v2\/types\/page"}],"author":[{"embeddable":true,"href":"https:\/\/fairway2hotel.at\/cs\/wp-json\/wp\/v2\/users\/3"}],"replies":[{"embeddable":true,"href":"https:\/\/fairway2hotel.at\/cs\/wp-json\/wp\/v2\/comments?post=2900"}],"version-history":[{"count":16,"href":"https:\/\/fairway2hotel.at\/cs\/wp-json\/wp\/v2\/pages\/2900\/revisions"}],"predecessor-version":[{"id":52310,"href":"https:\/\/fairway2hotel.at\/cs\/wp-json\/wp\/v2\/pages\/2900\/revisions\/52310"}],"up":[{"embeddable":true,"href":"https:\/\/fairway2hotel.at\/cs\/wp-json\/wp\/v2\/pages\/1657"}],"acf:attachment":[{"embeddable":true,"href":"https:\/\/fairway2hotel.at\/cs\/wp-json\/wp\/v2\/media\/43567"},{"embeddable":true,"href":"https:\/\/fairway2hotel.at\/cs\/wp-json\/wp\/v2\/media\/43565"},{"embeddable":true,"href":"https:\/\/fairway2hotel.at\/cs\/wp-json\/wp\/v2\/media\/2902"}],"wp:attachment":[{"href":"https:\/\/fairway2hotel.at\/cs\/wp-json\/wp\/v2\/media?parent=2900"}],"curies":[{"name":"wp","href":"https:\/\/api.w.org\/{rel}","templated":true}]}}