{"id":3003,"date":"2020-10-28T17:27:20","date_gmt":"2020-10-28T16:27:20","guid":{"rendered":"https:\/\/fairway2hotel.at\/?page_id=3003"},"modified":"2025-11-20T15:16:53","modified_gmt":"2025-11-20T14:16:53","slug":"castello-di-spessa-resort","status":"publish","type":"page","link":"https:\/\/fairway2hotel.at\/cs\/hotels\/italien\/castello-di-spessa-resort\/","title":{"rendered":"Castello Di Spessa Resort"},"content":{"rendered":"<h2>Auszeit in den Weinbergen des Collio \u2013 Friaul \u2013 Italien<\/h2>\n<p><em>\u00dcbernachten im Castello di Spessa:<\/em><\/p>\n<p>Der Aufenthalt in einem Schloss ist ein unvergessliches Erlebnis, das mit dem Charme des Alten und der Geschichte verzaubert. Mit einer fast acht Jahrhunderte alten Geschichte hat das Castello di Spessa, in Capriva del Friuli, angesehene Familien und ber\u00fchmte Pers\u00f6nlichkeiten wie Giacomo Casanova und Lorenzo Da Ponte beherbergt.<\/p>\n<p>\u00dcbernachten in der Tavernetta al Castello:<\/p>\n<p>Unterhalb des Schlosses bietet die Tavernetta al Castello Zimmer in l\u00e4ndlich elegantem Stil. Mit Blick auf die liebliche H\u00fcgellandschaft und die Weinberge, das Schloss und den Golfplatz. Im Erdgeschoss begeistert das Restaurant mit einer raffinierten regionalen K\u00fcche mit Fleisch- und Fischgerichten.<\/p>\n<p>\u00dcbernachten in der Casale in Colina:<\/p>\n<p>Das Bauernhaus ist ein Ort, an dem Sie in direkter N\u00e4he zu den Annehmlichkeiten des Resorts Ihre innere Ruhe wiederfinden und Ihre Augen mit einem einmalig sch\u00f6nen Blick auf die Weinberge und auf das Schloss erfreuen k\u00f6nnen. Doppelzimmer mit eigenem Bad und Fr\u00fchst\u00fcck im Schloss.<\/p>\n<h2>Time out in the vineyards of the Collio &#8211; Friuli &#8211; Italy<\/h2>\n<p>Spend the night at Castello di Spessa:<\/p>\n<p>Staying in a castle is an unforgettable experience that enchants with the charm of old and history. With almost eight centuries of history, the Castello di Spessa, in Capriva del Friuli, has hosted prestigious families and famous personalities such as Giacomo Casanova and Lorenzo Da Ponte.<\/p>\n<p>Spend the night at the Tavernetta al Castello:<\/p>\n<p>Below the castle, the Tavernetta al Castello offers rooms in elegant country style. With a view of the lovely hilly landscape and vineyards, the castle and the golf course. On the ground floor, the restaurant serves refined regional cuisine with meat and fish dishes.<\/p>\n<p>Stay overnight at the Casale in Collina:<\/p>\n<p>The farmhouse is a place where you can rediscover your inner peace in close proximity to the resort&#8217;s amenities and feast your eyes on a uniquely beautiful view of the vineyards and the castle. Double room with private bathroom and breakfast in the castle.<\/p>\n","protected":false},"excerpt":{"rendered":"<p>Auszeit in den Weinbergen des Collio \u2013 Friaul \u2013 Italien \u00dcbernachten im Castello di Spessa: Der Aufenthalt in einem Schloss ist ein unvergessliches Erlebnis, das mit dem Charme des Alten und der Geschichte verzaubert. Mit einer fast acht Jahrhunderte alten Geschichte hat das Castello di Spessa, in Capriva del Friuli, angesehene Familien und ber\u00fchmte Pers\u00f6nlichkeiten [&hellip;]<\/p>\n","protected":false},"author":3,"featured_media":0,"parent":3009,"menu_order":0,"comment_status":"closed","ping_status":"closed","template":"page-partner.php","meta":{"_acf_changed":false,"footnotes":""},"class_list":["post-3003","page","type-page","status-publish","hentry"],"acf":{"partner_infobox":"<strong>Adresse:<\/strong> Via Spessa 1\r\n\r\n<strong>Tel.:<\/strong> +39 0481 808124\r\n\r\n<strong>Homepage: <\/strong><a href=\"http:\/\/www.castellodispessa.it\">www.castellodispessa.it<\/a>\r\n\r\n<strong>E-Mail: <\/strong><a href=\"mailto:info@castellodispessa.it\">info@castellodispessa.it<\/a>\r\n\r\n<strong>Bedingungen:<\/strong> Gutscheine im Mai und September nicht einl\u00f6sbar.\r\n\r\n<strong>Golfclubs in der Umgebung:<\/strong>\r\n\r\nGolf &amp; Country Club Castello di Spessa 400 Meter\r\nGolf Club Grado 36 km\r\n\r\n<strong>Anfahrt:<\/strong> ca. 31 km s\u00fcd\u00f6stlich von Udine.","partner_logo":3004,"partner_gallery":[4130,4129,4126,3005,4123,4121,4122,4125,3006,4127,48131,48133,48135,48137,48139,48141],"partner_lat":45.951638,"partner_long":13.497606,"partner_type":"hotel","partner_openings":["1","2","3","4","5","6","7"],"montag_von_bis":"00:00 - 24:00","dienstag_von_bis":"00:00 - 24:00","mittwoch_von_bis":"00:00 - 24:00","donnerstag_von_bis":"00:00 - 24:00","freitag_von_bis":"00:00 - 24:00","samstag_von_bis":"00:00 - 24:00","sonntag_von_bis":"00:00 - 24:00","partner_adresse":"Via Spessa 14, 34070 Capriva del Friuli","partner_land_bundesland":"","partner_tel_1":"+39 0481 808124","partner_tel_2":"","partner_web":"https:\/\/www.castellodispessa.it\/de\/","partner_mail":"info@castellodispessa.it","partner_spielbahnen_par":"","partner_laenge":"","partner_bedingungen":"Gutscheine nur g\u00fcltig in der Tavernetta und im Casale, Mai und September nicht einl\u00f6sbar. Im Schloss ist der Gutschein NICHT einl\u00f6sbar.\r\nVouchers only valid in the Tavernetta and in the Casale, not redeemable in May and September. In the castle the coucher si NOT redeemable.","partner_anfahrt":"","partner_misc":null,"additional_css_classes":""},"yoast_head":"<!-- This site is optimized with the Yoast SEO plugin v26.8 - https:\/\/yoast.com\/product\/yoast-seo-wordpress\/ -->\n<title>Castello Di Spessa Resort - Fairway 2 Hotel<\/title>\n<meta name=\"robots\" content=\"index, follow, max-snippet:-1, max-image-preview:large, max-video-preview:-1\" \/>\n<link rel=\"canonical\" href=\"https:\/\/fairway2hotel.at\/cs\/hotels\/italien\/castello-di-spessa-resort\/\" \/>\n<meta property=\"og:locale\" content=\"cs_CZ\" \/>\n<meta property=\"og:type\" content=\"article\" \/>\n<meta property=\"og:title\" content=\"Castello Di Spessa Resort - Fairway 2 Hotel\" \/>\n<meta property=\"og:description\" content=\"Auszeit in den Weinbergen des Collio \u2013 Friaul \u2013 Italien \u00dcbernachten im Castello di Spessa: Der Aufenthalt in einem Schloss ist ein unvergessliches Erlebnis, das mit dem Charme des Alten und der Geschichte verzaubert. Mit einer fast acht Jahrhunderte alten Geschichte hat das Castello di Spessa, in Capriva del Friuli, angesehene Familien und ber\u00fchmte Pers\u00f6nlichkeiten [&hellip;]\" \/>\n<meta property=\"og:url\" content=\"https:\/\/fairway2hotel.at\/cs\/hotels\/italien\/castello-di-spessa-resort\/\" \/>\n<meta property=\"og:site_name\" content=\"Fairway 2 Hotel\" \/>\n<meta property=\"article:modified_time\" content=\"2025-11-20T14:16:53+00:00\" \/>\n<meta name=\"twitter:card\" content=\"summary_large_image\" \/>\n<meta name=\"twitter:label1\" content=\"Odhadovan\u00e1 doba \u010dten\u00ed\" \/>\n\t<meta name=\"twitter:data1\" content=\"2 minuty\" \/>\n<script type=\"application\/ld+json\" class=\"yoast-schema-graph\">{\"@context\":\"https:\/\/schema.org\",\"@graph\":[{\"@type\":\"WebPage\",\"@id\":\"https:\/\/fairway2hotel.at\/cs\/hotels\/italien\/castello-di-spessa-resort\/\",\"url\":\"https:\/\/fairway2hotel.at\/cs\/hotels\/italien\/castello-di-spessa-resort\/\",\"name\":\"Castello Di Spessa Resort - Fairway 2 Hotel\",\"isPartOf\":{\"@id\":\"https:\/\/fairway2hotel.at\/cs\/#website\"},\"datePublished\":\"2020-10-28T16:27:20+00:00\",\"dateModified\":\"2025-11-20T14:16:53+00:00\",\"breadcrumb\":{\"@id\":\"https:\/\/fairway2hotel.at\/cs\/hotels\/italien\/castello-di-spessa-resort\/#breadcrumb\"},\"inLanguage\":\"cs\",\"potentialAction\":[{\"@type\":\"ReadAction\",\"target\":[\"https:\/\/fairway2hotel.at\/cs\/hotels\/italien\/castello-di-spessa-resort\/\"]}]},{\"@type\":\"BreadcrumbList\",\"@id\":\"https:\/\/fairway2hotel.at\/cs\/hotels\/italien\/castello-di-spessa-resort\/#breadcrumb\",\"itemListElement\":[{\"@type\":\"ListItem\",\"position\":1,\"name\":\"Home\",\"item\":\"https:\/\/fairway2hotel.at\/cs\/\"},{\"@type\":\"ListItem\",\"position\":2,\"name\":\"Hotels\",\"item\":\"https:\/\/fairway2hotel.at\/cs\/hotels\/\"},{\"@type\":\"ListItem\",\"position\":3,\"name\":\"Hotels Italien\",\"item\":\"https:\/\/fairway2hotel.at\/cs\/hotels\/italien\/\"},{\"@type\":\"ListItem\",\"position\":4,\"name\":\"Castello Di Spessa Resort\"}]},{\"@type\":\"WebSite\",\"@id\":\"https:\/\/fairway2hotel.at\/cs\/#website\",\"url\":\"https:\/\/fairway2hotel.at\/cs\/\",\"name\":\"Fairway 2 Hotel\",\"description\":\"Golf zum halben Preis! 2 spielen - 1 zahlt\",\"potentialAction\":[{\"@type\":\"SearchAction\",\"target\":{\"@type\":\"EntryPoint\",\"urlTemplate\":\"https:\/\/fairway2hotel.at\/cs\/?s={search_term_string}\"},\"query-input\":{\"@type\":\"PropertyValueSpecification\",\"valueRequired\":true,\"valueName\":\"search_term_string\"}}],\"inLanguage\":\"cs\"}]}<\/script>\n<!-- \/ Yoast SEO plugin. -->","yoast_head_json":{"title":"Castello Di Spessa Resort - Fairway 2 Hotel","robots":{"index":"index","follow":"follow","max-snippet":"max-snippet:-1","max-image-preview":"max-image-preview:large","max-video-preview":"max-video-preview:-1"},"canonical":"https:\/\/fairway2hotel.at\/cs\/hotels\/italien\/castello-di-spessa-resort\/","og_locale":"cs_CZ","og_type":"article","og_title":"Castello Di Spessa Resort - Fairway 2 Hotel","og_description":"Auszeit in den Weinbergen des Collio \u2013 Friaul \u2013 Italien \u00dcbernachten im Castello di Spessa: Der Aufenthalt in einem Schloss ist ein unvergessliches Erlebnis, das mit dem Charme des Alten und der Geschichte verzaubert. Mit einer fast acht Jahrhunderte alten Geschichte hat das Castello di Spessa, in Capriva del Friuli, angesehene Familien und ber\u00fchmte Pers\u00f6nlichkeiten [&hellip;]","og_url":"https:\/\/fairway2hotel.at\/cs\/hotels\/italien\/castello-di-spessa-resort\/","og_site_name":"Fairway 2 Hotel","article_modified_time":"2025-11-20T14:16:53+00:00","twitter_card":"summary_large_image","twitter_misc":{"Odhadovan\u00e1 doba \u010dten\u00ed":"2 minuty"},"schema":{"@context":"https:\/\/schema.org","@graph":[{"@type":"WebPage","@id":"https:\/\/fairway2hotel.at\/cs\/hotels\/italien\/castello-di-spessa-resort\/","url":"https:\/\/fairway2hotel.at\/cs\/hotels\/italien\/castello-di-spessa-resort\/","name":"Castello Di Spessa Resort - Fairway 2 Hotel","isPartOf":{"@id":"https:\/\/fairway2hotel.at\/cs\/#website"},"datePublished":"2020-10-28T16:27:20+00:00","dateModified":"2025-11-20T14:16:53+00:00","breadcrumb":{"@id":"https:\/\/fairway2hotel.at\/cs\/hotels\/italien\/castello-di-spessa-resort\/#breadcrumb"},"inLanguage":"cs","potentialAction":[{"@type":"ReadAction","target":["https:\/\/fairway2hotel.at\/cs\/hotels\/italien\/castello-di-spessa-resort\/"]}]},{"@type":"BreadcrumbList","@id":"https:\/\/fairway2hotel.at\/cs\/hotels\/italien\/castello-di-spessa-resort\/#breadcrumb","itemListElement":[{"@type":"ListItem","position":1,"name":"Home","item":"https:\/\/fairway2hotel.at\/cs\/"},{"@type":"ListItem","position":2,"name":"Hotels","item":"https:\/\/fairway2hotel.at\/cs\/hotels\/"},{"@type":"ListItem","position":3,"name":"Hotels Italien","item":"https:\/\/fairway2hotel.at\/cs\/hotels\/italien\/"},{"@type":"ListItem","position":4,"name":"Castello Di Spessa Resort"}]},{"@type":"WebSite","@id":"https:\/\/fairway2hotel.at\/cs\/#website","url":"https:\/\/fairway2hotel.at\/cs\/","name":"Fairway 2 Hotel","description":"Golf zum halben Preis! 2 spielen - 1 zahlt","potentialAction":[{"@type":"SearchAction","target":{"@type":"EntryPoint","urlTemplate":"https:\/\/fairway2hotel.at\/cs\/?s={search_term_string}"},"query-input":{"@type":"PropertyValueSpecification","valueRequired":true,"valueName":"search_term_string"}}],"inLanguage":"cs"}]}},"_links":{"self":[{"href":"https:\/\/fairway2hotel.at\/cs\/wp-json\/wp\/v2\/pages\/3003","targetHints":{"allow":["GET"]}}],"collection":[{"href":"https:\/\/fairway2hotel.at\/cs\/wp-json\/wp\/v2\/pages"}],"about":[{"href":"https:\/\/fairway2hotel.at\/cs\/wp-json\/wp\/v2\/types\/page"}],"author":[{"embeddable":true,"href":"https:\/\/fairway2hotel.at\/cs\/wp-json\/wp\/v2\/users\/3"}],"replies":[{"embeddable":true,"href":"https:\/\/fairway2hotel.at\/cs\/wp-json\/wp\/v2\/comments?post=3003"}],"version-history":[{"count":24,"href":"https:\/\/fairway2hotel.at\/cs\/wp-json\/wp\/v2\/pages\/3003\/revisions"}],"predecessor-version":[{"id":50256,"href":"https:\/\/fairway2hotel.at\/cs\/wp-json\/wp\/v2\/pages\/3003\/revisions\/50256"}],"up":[{"embeddable":true,"href":"https:\/\/fairway2hotel.at\/cs\/wp-json\/wp\/v2\/pages\/3009"}],"acf:attachment":[{"embeddable":true,"href":"https:\/\/fairway2hotel.at\/cs\/wp-json\/wp\/v2\/media\/48141"},{"embeddable":true,"href":"https:\/\/fairway2hotel.at\/cs\/wp-json\/wp\/v2\/media\/48139"},{"embeddable":true,"href":"https:\/\/fairway2hotel.at\/cs\/wp-json\/wp\/v2\/media\/48137"},{"embeddable":true,"href":"https:\/\/fairway2hotel.at\/cs\/wp-json\/wp\/v2\/media\/48135"},{"embeddable":true,"href":"https:\/\/fairway2hotel.at\/cs\/wp-json\/wp\/v2\/media\/48133"},{"embeddable":true,"href":"https:\/\/fairway2hotel.at\/cs\/wp-json\/wp\/v2\/media\/48131"},{"embeddable":true,"href":"https:\/\/fairway2hotel.at\/cs\/wp-json\/wp\/v2\/media\/4127"},{"embeddable":true,"href":"https:\/\/fairway2hotel.at\/cs\/wp-json\/wp\/v2\/media\/3006"},{"embeddable":true,"href":"https:\/\/fairway2hotel.at\/cs\/wp-json\/wp\/v2\/media\/4125"},{"embeddable":true,"href":"https:\/\/fairway2hotel.at\/cs\/wp-json\/wp\/v2\/media\/4122"},{"embeddable":true,"href":"https:\/\/fairway2hotel.at\/cs\/wp-json\/wp\/v2\/media\/4121"},{"embeddable":true,"href":"https:\/\/fairway2hotel.at\/cs\/wp-json\/wp\/v2\/media\/4123"},{"embeddable":true,"href":"https:\/\/fairway2hotel.at\/cs\/wp-json\/wp\/v2\/media\/3005"},{"embeddable":true,"href":"https:\/\/fairway2hotel.at\/cs\/wp-json\/wp\/v2\/media\/4126"},{"embeddable":true,"href":"https:\/\/fairway2hotel.at\/cs\/wp-json\/wp\/v2\/media\/4129"},{"embeddable":true,"href":"https:\/\/fairway2hotel.at\/cs\/wp-json\/wp\/v2\/media\/4130"}],"wp:attachment":[{"href":"https:\/\/fairway2hotel.at\/cs\/wp-json\/wp\/v2\/media?parent=3003"}],"curies":[{"name":"wp","href":"https:\/\/api.w.org\/{rel}","templated":true}]}}