{"id":3231,"date":"2022-08-03T11:12:05","date_gmt":"2022-08-03T09:12:05","guid":{"rendered":"https:\/\/fairway2hotel.at\/golfclubs\/italien\/golfclub-cansiglio-copy\/"},"modified":"2026-03-13T10:54:25","modified_gmt":"2026-03-13T09:54:25","slug":"golfclub-colline-del-gavi","status":"publish","type":"page","link":"https:\/\/fairway2hotel.at\/cs\/golfclubs\/italien\/golfclub-colline-del-gavi\/","title":{"rendered":"GC Colline del Gavi"},"content":{"rendered":"<h2>Ein herrausragender Platz im Piemont<\/h2>\n<p>Eine Abfolge herrlicher H\u00fcgel kennzeichnet die Landschaft, in der der <strong>Golfplatz Colline del Gavi<\/strong> liegt. Weinberge und Parks wechseln einander in einem wahren Feuerwerk der Farben ab.<br \/>\nUnser Platz befindet sich in paradiesischer Lage inmitten der Natur und schenkt Ihnen Momente der Entspannung und Geselligkeit. Auf 27 Spielbahnen werden auch die erfahrensten Spieler herausgefordert. Hohes technisches Niveau und Strategiewechsel sind notwendig, um die nat\u00fcrlichen Hindernisse zu meistern. Sanfte H\u00f6hen und Tiefen schmiegen sich in die nat\u00fcrliche Umgebung des Piemont. Herrlich eingebettet liegt dieser Platz zwischen W\u00e4ldern, H\u00fcgeln und Teichen. Das <strong>Club House<\/strong> ist das erste Geb\u00e4ude, das Sie beim Betreten des Golf Colline del Gavi bemerken. Unser Team nimmt Sie in Empfang und versorgt Sie mit allem, was Sie ben\u00f6tigen, um einen wundersch\u00f6nen Golftag zu erleben.<br \/>\nGenie\u00dfen Sie in unserem Restaurant vor oder nach dem Spiel die Aromen der unverf\u00e4lschten und charakteristischen piemontesischen K\u00fcche.<\/p>\n<h2>An outstandig Golfcourse in Piemont<\/h2>\n<p>A succession of beautiful hills characterises the landscape that plays home to the Golf Colline del Gavi. The vineyards and parks alternate in a carnival of colours. Our club is a paradise surrounded by nature that can give you moments of both relaxation and exhilaration. The golf club now boasts 27 golf holes. The holes of the championship course require a high technical level and follow a natural development, taking advantage of the gentle ups and downs and the morphology of the land among woods, hills, courses and ponds. The <strong>Club House<\/strong> is the first structure you\u2019ll encounter once you\u2019ve entered Golf Colline del Gavi. Our staff is ready to welcome you and provide you with everything you require to have a wonderful day focused on golf. Before or after playing come to our restaurant and enjoy the flavours of genuine and characteristic cuisine.<\/p>\n","protected":false},"excerpt":{"rendered":"<p>Ein herrausragender Platz im Piemont Eine Abfolge herrlicher H\u00fcgel kennzeichnet die Landschaft, in der der Golfplatz Colline del Gavi liegt. Weinberge und Parks wechseln einander in einem wahren Feuerwerk der Farben ab. Unser Platz befindet sich in paradiesischer Lage inmitten der Natur und schenkt Ihnen Momente der Entspannung und Geselligkeit. Auf 27 Spielbahnen werden auch [&hellip;]<\/p>\n","protected":false},"author":2,"featured_media":0,"parent":1657,"menu_order":40,"comment_status":"closed","ping_status":"closed","template":"page-partner.php","meta":{"_acf_changed":false,"footnotes":""},"class_list":["post-3231","page","type-page","status-publish","hentry"],"acf":{"partner_infobox":"<strong>Adresse:\u00a0<\/strong>Localit\u00e0 Fara Nuova 7, 15060 Tassarolo\r\n\r\n<strong>Tel:\u00a0<\/strong>+39 0143 342264\r\n\r\n<strong>Web: <\/strong><a href=\"https:\/\/golfcollinedelgavi.com\/de\/\" target=\"_blank\" rel=\"nofollow noopener\">https:\/\/golfcollinedelgavi.com\/de\/ (Deutsch)<\/a>\r\n<a href=\"https:\/\/golfcollinedelgavi.com\/en\/\" target=\"_blank\" rel=\"nofollow noopener\">https:\/\/golfcollinedelgavi.com\/en\/ (English)<\/a>\r\n\r\n<strong>E-Mail:<\/strong> <a href=\"mailto:info@golfcollinedelgavi.com\">info@golfcollinedelgavi.com<\/a>\r\n\r\n<strong>Spielbahnen\/Par: <\/strong>\r\n\r\n<strong>La\u0308nge: <\/strong>\r\n\r\n<strong>Bedingungen:\r\n<\/strong>Gutscheine werden von Mo-Fr akzeptiert, ausgenommen Turniere\r\n\r\n<strong>Anfahrt:\r\n<\/strong>","partner_logo":3237,"partner_gallery":[3238,3239],"partner_lat":44.73556,"partner_long":8.76604,"partner_type":"golfclub","partner_openings":["1","2","3","4","5"],"montag_von_bis":"00:00 - 24:00","dienstag_von_bis":"00:00 - 24:00","mittwoch_von_bis":"00:00 - 24:00","donnerstag_von_bis":"00:00 - 24:00","freitag_von_bis":"00:00 - 24:00","samstag_von_bis":"00:00 - 24:00","sonntag_von_bis":"00:00 - 24:00","partner_adresse":"Localit\u00e0 Fara Nuova 7, 15060 Tassarolo","partner_land_bundesland":"Italien","partner_tel_1":"0039 01433 42264","partner_tel_2":"","partner_web":"https:\/\/golfcollinedelgavi.com","partner_mail":"info@golfcollinedelgavi.com","partner_spielbahnen_par":"18\/73","partner_laenge":"","partner_bedingungen":"Gutscheine g\u00fcltig von Mo-Fr \r\nvouchers valid Mon-Fri","partner_anfahrt":"","partner_misc":null,"additional_css_classes":""},"yoast_head":"<!-- This site is optimized with the Yoast SEO plugin v26.8 - https:\/\/yoast.com\/product\/yoast-seo-wordpress\/ -->\n<title>GC Colline del Gavi - Fairway 2 Hotel<\/title>\n<meta name=\"robots\" content=\"index, follow, max-snippet:-1, max-image-preview:large, max-video-preview:-1\" \/>\n<link rel=\"canonical\" href=\"https:\/\/fairway2hotel.at\/cs\/golfclubs\/italien\/golfclub-colline-del-gavi\/\" \/>\n<meta property=\"og:locale\" content=\"cs_CZ\" \/>\n<meta property=\"og:type\" content=\"article\" \/>\n<meta property=\"og:title\" content=\"GC Colline del Gavi - Fairway 2 Hotel\" \/>\n<meta property=\"og:description\" content=\"Ein herrausragender Platz im Piemont Eine Abfolge herrlicher H\u00fcgel kennzeichnet die Landschaft, in der der Golfplatz Colline del Gavi liegt. Weinberge und Parks wechseln einander in einem wahren Feuerwerk der Farben ab. Unser Platz befindet sich in paradiesischer Lage inmitten der Natur und schenkt Ihnen Momente der Entspannung und Geselligkeit. Auf 27 Spielbahnen werden auch [&hellip;]\" \/>\n<meta property=\"og:url\" content=\"https:\/\/fairway2hotel.at\/cs\/golfclubs\/italien\/golfclub-colline-del-gavi\/\" \/>\n<meta property=\"og:site_name\" content=\"Fairway 2 Hotel\" \/>\n<meta property=\"article:modified_time\" content=\"2026-03-13T09:54:25+00:00\" \/>\n<meta name=\"twitter:card\" content=\"summary_large_image\" \/>\n<meta name=\"twitter:label1\" content=\"Odhadovan\u00e1 doba \u010dten\u00ed\" \/>\n\t<meta name=\"twitter:data1\" content=\"2 minuty\" \/>\n<script type=\"application\/ld+json\" class=\"yoast-schema-graph\">{\"@context\":\"https:\/\/schema.org\",\"@graph\":[{\"@type\":\"WebPage\",\"@id\":\"https:\/\/fairway2hotel.at\/cs\/golfclubs\/italien\/golfclub-colline-del-gavi\/\",\"url\":\"https:\/\/fairway2hotel.at\/cs\/golfclubs\/italien\/golfclub-colline-del-gavi\/\",\"name\":\"GC Colline del Gavi - Fairway 2 Hotel\",\"isPartOf\":{\"@id\":\"https:\/\/fairway2hotel.at\/cs\/#website\"},\"datePublished\":\"2022-08-03T09:12:05+00:00\",\"dateModified\":\"2026-03-13T09:54:25+00:00\",\"breadcrumb\":{\"@id\":\"https:\/\/fairway2hotel.at\/cs\/golfclubs\/italien\/golfclub-colline-del-gavi\/#breadcrumb\"},\"inLanguage\":\"cs\",\"potentialAction\":[{\"@type\":\"ReadAction\",\"target\":[\"https:\/\/fairway2hotel.at\/cs\/golfclubs\/italien\/golfclub-colline-del-gavi\/\"]}]},{\"@type\":\"BreadcrumbList\",\"@id\":\"https:\/\/fairway2hotel.at\/cs\/golfclubs\/italien\/golfclub-colline-del-gavi\/#breadcrumb\",\"itemListElement\":[{\"@type\":\"ListItem\",\"position\":1,\"name\":\"Home\",\"item\":\"https:\/\/fairway2hotel.at\/cs\/\"},{\"@type\":\"ListItem\",\"position\":2,\"name\":\"Golfclubs\",\"item\":\"https:\/\/fairway2hotel.at\/cs\/golfclubs\/\"},{\"@type\":\"ListItem\",\"position\":3,\"name\":\"Golfclubs Italien\",\"item\":\"https:\/\/fairway2hotel.at\/cs\/golfclubs\/italien\/\"},{\"@type\":\"ListItem\",\"position\":4,\"name\":\"GC Colline del Gavi\"}]},{\"@type\":\"WebSite\",\"@id\":\"https:\/\/fairway2hotel.at\/cs\/#website\",\"url\":\"https:\/\/fairway2hotel.at\/cs\/\",\"name\":\"Fairway 2 Hotel\",\"description\":\"Golf zum halben Preis! 2 spielen - 1 zahlt\",\"potentialAction\":[{\"@type\":\"SearchAction\",\"target\":{\"@type\":\"EntryPoint\",\"urlTemplate\":\"https:\/\/fairway2hotel.at\/cs\/?s={search_term_string}\"},\"query-input\":{\"@type\":\"PropertyValueSpecification\",\"valueRequired\":true,\"valueName\":\"search_term_string\"}}],\"inLanguage\":\"cs\"}]}<\/script>\n<!-- \/ Yoast SEO plugin. -->","yoast_head_json":{"title":"GC Colline del Gavi - Fairway 2 Hotel","robots":{"index":"index","follow":"follow","max-snippet":"max-snippet:-1","max-image-preview":"max-image-preview:large","max-video-preview":"max-video-preview:-1"},"canonical":"https:\/\/fairway2hotel.at\/cs\/golfclubs\/italien\/golfclub-colline-del-gavi\/","og_locale":"cs_CZ","og_type":"article","og_title":"GC Colline del Gavi - Fairway 2 Hotel","og_description":"Ein herrausragender Platz im Piemont Eine Abfolge herrlicher H\u00fcgel kennzeichnet die Landschaft, in der der Golfplatz Colline del Gavi liegt. Weinberge und Parks wechseln einander in einem wahren Feuerwerk der Farben ab. Unser Platz befindet sich in paradiesischer Lage inmitten der Natur und schenkt Ihnen Momente der Entspannung und Geselligkeit. Auf 27 Spielbahnen werden auch [&hellip;]","og_url":"https:\/\/fairway2hotel.at\/cs\/golfclubs\/italien\/golfclub-colline-del-gavi\/","og_site_name":"Fairway 2 Hotel","article_modified_time":"2026-03-13T09:54:25+00:00","twitter_card":"summary_large_image","twitter_misc":{"Odhadovan\u00e1 doba \u010dten\u00ed":"2 minuty"},"schema":{"@context":"https:\/\/schema.org","@graph":[{"@type":"WebPage","@id":"https:\/\/fairway2hotel.at\/cs\/golfclubs\/italien\/golfclub-colline-del-gavi\/","url":"https:\/\/fairway2hotel.at\/cs\/golfclubs\/italien\/golfclub-colline-del-gavi\/","name":"GC Colline del Gavi - Fairway 2 Hotel","isPartOf":{"@id":"https:\/\/fairway2hotel.at\/cs\/#website"},"datePublished":"2022-08-03T09:12:05+00:00","dateModified":"2026-03-13T09:54:25+00:00","breadcrumb":{"@id":"https:\/\/fairway2hotel.at\/cs\/golfclubs\/italien\/golfclub-colline-del-gavi\/#breadcrumb"},"inLanguage":"cs","potentialAction":[{"@type":"ReadAction","target":["https:\/\/fairway2hotel.at\/cs\/golfclubs\/italien\/golfclub-colline-del-gavi\/"]}]},{"@type":"BreadcrumbList","@id":"https:\/\/fairway2hotel.at\/cs\/golfclubs\/italien\/golfclub-colline-del-gavi\/#breadcrumb","itemListElement":[{"@type":"ListItem","position":1,"name":"Home","item":"https:\/\/fairway2hotel.at\/cs\/"},{"@type":"ListItem","position":2,"name":"Golfclubs","item":"https:\/\/fairway2hotel.at\/cs\/golfclubs\/"},{"@type":"ListItem","position":3,"name":"Golfclubs Italien","item":"https:\/\/fairway2hotel.at\/cs\/golfclubs\/italien\/"},{"@type":"ListItem","position":4,"name":"GC Colline del Gavi"}]},{"@type":"WebSite","@id":"https:\/\/fairway2hotel.at\/cs\/#website","url":"https:\/\/fairway2hotel.at\/cs\/","name":"Fairway 2 Hotel","description":"Golf zum halben Preis! 2 spielen - 1 zahlt","potentialAction":[{"@type":"SearchAction","target":{"@type":"EntryPoint","urlTemplate":"https:\/\/fairway2hotel.at\/cs\/?s={search_term_string}"},"query-input":{"@type":"PropertyValueSpecification","valueRequired":true,"valueName":"search_term_string"}}],"inLanguage":"cs"}]}},"_links":{"self":[{"href":"https:\/\/fairway2hotel.at\/cs\/wp-json\/wp\/v2\/pages\/3231","targetHints":{"allow":["GET"]}}],"collection":[{"href":"https:\/\/fairway2hotel.at\/cs\/wp-json\/wp\/v2\/pages"}],"about":[{"href":"https:\/\/fairway2hotel.at\/cs\/wp-json\/wp\/v2\/types\/page"}],"author":[{"embeddable":true,"href":"https:\/\/fairway2hotel.at\/cs\/wp-json\/wp\/v2\/users\/2"}],"replies":[{"embeddable":true,"href":"https:\/\/fairway2hotel.at\/cs\/wp-json\/wp\/v2\/comments?post=3231"}],"version-history":[{"count":12,"href":"https:\/\/fairway2hotel.at\/cs\/wp-json\/wp\/v2\/pages\/3231\/revisions"}],"predecessor-version":[{"id":53268,"href":"https:\/\/fairway2hotel.at\/cs\/wp-json\/wp\/v2\/pages\/3231\/revisions\/53268"}],"up":[{"embeddable":true,"href":"https:\/\/fairway2hotel.at\/cs\/wp-json\/wp\/v2\/pages\/1657"}],"acf:attachment":[{"embeddable":true,"href":"https:\/\/fairway2hotel.at\/cs\/wp-json\/wp\/v2\/media\/3239"},{"embeddable":true,"href":"https:\/\/fairway2hotel.at\/cs\/wp-json\/wp\/v2\/media\/3238"}],"wp:attachment":[{"href":"https:\/\/fairway2hotel.at\/cs\/wp-json\/wp\/v2\/media?parent=3231"}],"curies":[{"name":"wp","href":"https:\/\/api.w.org\/{rel}","templated":true}]}}