{"id":3267,"date":"2022-08-03T12:16:49","date_gmt":"2022-08-03T10:16:49","guid":{"rendered":"https:\/\/fairway2hotel.at\/golfclubs\/italien\/golfclub-bellosguardo-copy\/"},"modified":"2025-03-12T10:44:49","modified_gmt":"2025-03-12T09:44:49","slug":"casentino-golf-club-arezzo","status":"publish","type":"page","link":"https:\/\/fairway2hotel.at\/cs\/golfclubs\/italien\/casentino-golf-club-arezzo\/","title":{"rendered":"GC Casentino Golf Club Arezzo"},"content":{"rendered":"<h2>Gr\u00fcnes Herz der Toskana<\/h2>\n<p>Mittelalterliche Burgen, romanische Kirchen, etruskische Ausgrabungen und alte Kl\u00f6ster wie Camaldoli und La Verna sind eingebettet in eine intakte toskanische Landschaft, die 1991 zum Nationalpark erkl\u00e4rt wurde. Der Verlauf der Bahnen ist eingebettet in dieses au\u00dfergew\u00f6hnliche \u201egr\u00fcne Herz der Toskana\u201c und f\u00fchrt vollst\u00e4ndig bis zum Club House, das sich auf gro\u00dfen Terrassen befindet, die von Eichen- und Kastanienhainen umgeben sind. Die aktuellen 13 L\u00f6cher haben alle interessanten Elemente und m\u00fcssen umsichtig gespielt werden. Technik und Pr\u00e4zision sind besonderen Kraftqualit\u00e4ten vorzuziehen. Die nat\u00fcrlichen Hindernisse und die Beschaffenheit des Platzes verlangen vom Spieler, dass er meist alle Schl\u00e4ger aus dem Bag verwendet, um den Kurs zu bew\u00e4ltigen. dem Spieler zur Verf\u00fcgung stehenden St\u00f6cke des Beutels sowie alle Sch\u00fcsse seines Repertoires zu verwenden. Auch nach der Runde ist f\u00fcr das leibliche Wohl im Restaurant &#8220;La Quolina&#8221; bei traditionellen italienischen Gerichten und Weinen gesorgt.<\/p>\n<h2>The green heart of Tuscany<\/h2>\n<p>Medieval castles, Romanesque churches, Etruscan archaeological sites and ancient monasteries such as Camaldoli and La Verna are nestled in an unspoilt Tuscan landscape, which was declared a national park in 1991. The course is embedded in this extraordinary \u2018green heart of Tuscany\u2019 and leads all the way to the Club House, which is situated on large terraces surrounded by oak and chestnut groves. The current 13 holes all have interesting elements and must be played with care. Technique and precision are preferable to special qualities of strength. The natural obstacles and the nature of the course require the player to use all the clubs in the bag most of the time in order to master the course. The player must use all the sticks in the bag available to him as well as all the shots in his repertoire. After the round, the \u2018La Quolina\u2019 restaurant also caters for your physical well-being with traditional Italian dishes and wines<\/p>\n","protected":false},"excerpt":{"rendered":"<p>Gr\u00fcnes Herz der Toskana Mittelalterliche Burgen, romanische Kirchen, etruskische Ausgrabungen und alte Kl\u00f6ster wie Camaldoli und La Verna sind eingebettet in eine intakte toskanische Landschaft, die 1991 zum Nationalpark erkl\u00e4rt wurde. Der Verlauf der Bahnen ist eingebettet in dieses au\u00dfergew\u00f6hnliche \u201egr\u00fcne Herz der Toskana\u201c und f\u00fchrt vollst\u00e4ndig bis zum Club House, das sich auf gro\u00dfen [&hellip;]<\/p>\n","protected":false},"author":2,"featured_media":0,"parent":1657,"menu_order":10,"comment_status":"closed","ping_status":"closed","template":"page-partner.php","meta":{"_acf_changed":false,"footnotes":""},"class_list":["post-3267","page","type-page","status-publish","hentry"],"acf":{"partner_infobox":"<strong>Adresse:\u00a0<\/strong>Via Fronzola 6, I-52014 Poppi\r\n\r\n<strong>Tel:\u00a0<\/strong>+39 0575 529810\r\n\r\n<strong>Web: <\/strong><a href=\"https:\/\/www.golfclubcasentino.it\" target=\"_blank\" rel=\"nofollow noopener\">www.golfclubcasentino.it<\/a>\r\n\r\n<strong>E-Mail:<\/strong> <a href=\"mailto:info@golfclubcasentino.it \">info@golfclubcasentino.it<\/a>\r\n\r\n<strong>Bedingungen: <\/strong> Gutscheine gelten MO-FR ausgenommen Feiertage\r\n\r\n<strong>Spielbahnen\/Par: <\/strong>\r\n\r\n<strong>La\u0308nge:\u00a0<\/strong>\r\n\r\n<strong>Anfahrt:\r\n<\/strong>","partner_logo":3272,"partner_gallery":[3273,3274],"partner_lat":43.7067536,"partner_long":11.7527887,"partner_type":"golfclub","partner_openings":["1","2","3","4","5"],"montag_von_bis":"00:00 - 24:00","dienstag_von_bis":"00:00 - 24:00","mittwoch_von_bis":"00:00 - 24:00","donnerstag_von_bis":"00:00 - 24:00","freitag_von_bis":"00:00 - 24:00","samstag_von_bis":"00:00 - 24:00","sonntag_von_bis":"00:00 - 24:00","partner_adresse":"Via Fronzola 6, I-52014 Poppi","partner_land_bundesland":"Italien","partner_tel_1":"0039 0575 529810","partner_tel_2":"","partner_web":"https:\/\/www.golfclubcasentino.it","partner_mail":"info@golfclubcasentino.it","partner_spielbahnen_par":"13\/72","partner_laenge":"","partner_bedingungen":"Gutscheine gelten MO-FR ausgenommen Feiertage\r\nvouchers redeemable from Mon-Fri except public holidays","partner_anfahrt":"","partner_misc":null,"additional_css_classes":""},"yoast_head":"<!-- This site is optimized with the Yoast SEO plugin v26.8 - https:\/\/yoast.com\/product\/yoast-seo-wordpress\/ -->\n<title>GC Casentino Golf Club Arezzo - Fairway 2 Hotel<\/title>\n<meta name=\"robots\" content=\"index, follow, max-snippet:-1, max-image-preview:large, max-video-preview:-1\" \/>\n<link rel=\"canonical\" href=\"https:\/\/fairway2hotel.at\/cs\/golfclubs\/italien\/casentino-golf-club-arezzo\/\" \/>\n<meta property=\"og:locale\" content=\"cs_CZ\" \/>\n<meta property=\"og:type\" content=\"article\" \/>\n<meta property=\"og:title\" content=\"GC Casentino Golf Club Arezzo - Fairway 2 Hotel\" \/>\n<meta property=\"og:description\" content=\"Gr\u00fcnes Herz der Toskana Mittelalterliche Burgen, romanische Kirchen, etruskische Ausgrabungen und alte Kl\u00f6ster wie Camaldoli und La Verna sind eingebettet in eine intakte toskanische Landschaft, die 1991 zum Nationalpark erkl\u00e4rt wurde. Der Verlauf der Bahnen ist eingebettet in dieses au\u00dfergew\u00f6hnliche \u201egr\u00fcne Herz der Toskana\u201c und f\u00fchrt vollst\u00e4ndig bis zum Club House, das sich auf gro\u00dfen [&hellip;]\" \/>\n<meta property=\"og:url\" content=\"https:\/\/fairway2hotel.at\/cs\/golfclubs\/italien\/casentino-golf-club-arezzo\/\" \/>\n<meta property=\"og:site_name\" content=\"Fairway 2 Hotel\" \/>\n<meta property=\"article:modified_time\" content=\"2025-03-12T09:44:49+00:00\" \/>\n<meta name=\"twitter:card\" content=\"summary_large_image\" \/>\n<meta name=\"twitter:label1\" content=\"Odhadovan\u00e1 doba \u010dten\u00ed\" \/>\n\t<meta name=\"twitter:data1\" content=\"2 minuty\" \/>\n<script type=\"application\/ld+json\" class=\"yoast-schema-graph\">{\"@context\":\"https:\/\/schema.org\",\"@graph\":[{\"@type\":\"WebPage\",\"@id\":\"https:\/\/fairway2hotel.at\/cs\/golfclubs\/italien\/casentino-golf-club-arezzo\/\",\"url\":\"https:\/\/fairway2hotel.at\/cs\/golfclubs\/italien\/casentino-golf-club-arezzo\/\",\"name\":\"GC Casentino Golf Club Arezzo - Fairway 2 Hotel\",\"isPartOf\":{\"@id\":\"https:\/\/fairway2hotel.at\/cs\/#website\"},\"datePublished\":\"2022-08-03T10:16:49+00:00\",\"dateModified\":\"2025-03-12T09:44:49+00:00\",\"breadcrumb\":{\"@id\":\"https:\/\/fairway2hotel.at\/cs\/golfclubs\/italien\/casentino-golf-club-arezzo\/#breadcrumb\"},\"inLanguage\":\"cs\",\"potentialAction\":[{\"@type\":\"ReadAction\",\"target\":[\"https:\/\/fairway2hotel.at\/cs\/golfclubs\/italien\/casentino-golf-club-arezzo\/\"]}]},{\"@type\":\"BreadcrumbList\",\"@id\":\"https:\/\/fairway2hotel.at\/cs\/golfclubs\/italien\/casentino-golf-club-arezzo\/#breadcrumb\",\"itemListElement\":[{\"@type\":\"ListItem\",\"position\":1,\"name\":\"Home\",\"item\":\"https:\/\/fairway2hotel.at\/cs\/\"},{\"@type\":\"ListItem\",\"position\":2,\"name\":\"Golfclubs\",\"item\":\"https:\/\/fairway2hotel.at\/cs\/golfclubs\/\"},{\"@type\":\"ListItem\",\"position\":3,\"name\":\"Golfclubs Italien\",\"item\":\"https:\/\/fairway2hotel.at\/cs\/golfclubs\/italien\/\"},{\"@type\":\"ListItem\",\"position\":4,\"name\":\"GC Casentino Golf Club Arezzo\"}]},{\"@type\":\"WebSite\",\"@id\":\"https:\/\/fairway2hotel.at\/cs\/#website\",\"url\":\"https:\/\/fairway2hotel.at\/cs\/\",\"name\":\"Fairway 2 Hotel\",\"description\":\"Golf zum halben Preis! 2 spielen - 1 zahlt\",\"potentialAction\":[{\"@type\":\"SearchAction\",\"target\":{\"@type\":\"EntryPoint\",\"urlTemplate\":\"https:\/\/fairway2hotel.at\/cs\/?s={search_term_string}\"},\"query-input\":{\"@type\":\"PropertyValueSpecification\",\"valueRequired\":true,\"valueName\":\"search_term_string\"}}],\"inLanguage\":\"cs\"}]}<\/script>\n<!-- \/ Yoast SEO plugin. -->","yoast_head_json":{"title":"GC Casentino Golf Club Arezzo - Fairway 2 Hotel","robots":{"index":"index","follow":"follow","max-snippet":"max-snippet:-1","max-image-preview":"max-image-preview:large","max-video-preview":"max-video-preview:-1"},"canonical":"https:\/\/fairway2hotel.at\/cs\/golfclubs\/italien\/casentino-golf-club-arezzo\/","og_locale":"cs_CZ","og_type":"article","og_title":"GC Casentino Golf Club Arezzo - Fairway 2 Hotel","og_description":"Gr\u00fcnes Herz der Toskana Mittelalterliche Burgen, romanische Kirchen, etruskische Ausgrabungen und alte Kl\u00f6ster wie Camaldoli und La Verna sind eingebettet in eine intakte toskanische Landschaft, die 1991 zum Nationalpark erkl\u00e4rt wurde. Der Verlauf der Bahnen ist eingebettet in dieses au\u00dfergew\u00f6hnliche \u201egr\u00fcne Herz der Toskana\u201c und f\u00fchrt vollst\u00e4ndig bis zum Club House, das sich auf gro\u00dfen [&hellip;]","og_url":"https:\/\/fairway2hotel.at\/cs\/golfclubs\/italien\/casentino-golf-club-arezzo\/","og_site_name":"Fairway 2 Hotel","article_modified_time":"2025-03-12T09:44:49+00:00","twitter_card":"summary_large_image","twitter_misc":{"Odhadovan\u00e1 doba \u010dten\u00ed":"2 minuty"},"schema":{"@context":"https:\/\/schema.org","@graph":[{"@type":"WebPage","@id":"https:\/\/fairway2hotel.at\/cs\/golfclubs\/italien\/casentino-golf-club-arezzo\/","url":"https:\/\/fairway2hotel.at\/cs\/golfclubs\/italien\/casentino-golf-club-arezzo\/","name":"GC Casentino Golf Club Arezzo - Fairway 2 Hotel","isPartOf":{"@id":"https:\/\/fairway2hotel.at\/cs\/#website"},"datePublished":"2022-08-03T10:16:49+00:00","dateModified":"2025-03-12T09:44:49+00:00","breadcrumb":{"@id":"https:\/\/fairway2hotel.at\/cs\/golfclubs\/italien\/casentino-golf-club-arezzo\/#breadcrumb"},"inLanguage":"cs","potentialAction":[{"@type":"ReadAction","target":["https:\/\/fairway2hotel.at\/cs\/golfclubs\/italien\/casentino-golf-club-arezzo\/"]}]},{"@type":"BreadcrumbList","@id":"https:\/\/fairway2hotel.at\/cs\/golfclubs\/italien\/casentino-golf-club-arezzo\/#breadcrumb","itemListElement":[{"@type":"ListItem","position":1,"name":"Home","item":"https:\/\/fairway2hotel.at\/cs\/"},{"@type":"ListItem","position":2,"name":"Golfclubs","item":"https:\/\/fairway2hotel.at\/cs\/golfclubs\/"},{"@type":"ListItem","position":3,"name":"Golfclubs Italien","item":"https:\/\/fairway2hotel.at\/cs\/golfclubs\/italien\/"},{"@type":"ListItem","position":4,"name":"GC Casentino Golf Club Arezzo"}]},{"@type":"WebSite","@id":"https:\/\/fairway2hotel.at\/cs\/#website","url":"https:\/\/fairway2hotel.at\/cs\/","name":"Fairway 2 Hotel","description":"Golf zum halben Preis! 2 spielen - 1 zahlt","potentialAction":[{"@type":"SearchAction","target":{"@type":"EntryPoint","urlTemplate":"https:\/\/fairway2hotel.at\/cs\/?s={search_term_string}"},"query-input":{"@type":"PropertyValueSpecification","valueRequired":true,"valueName":"search_term_string"}}],"inLanguage":"cs"}]}},"_links":{"self":[{"href":"https:\/\/fairway2hotel.at\/cs\/wp-json\/wp\/v2\/pages\/3267","targetHints":{"allow":["GET"]}}],"collection":[{"href":"https:\/\/fairway2hotel.at\/cs\/wp-json\/wp\/v2\/pages"}],"about":[{"href":"https:\/\/fairway2hotel.at\/cs\/wp-json\/wp\/v2\/types\/page"}],"author":[{"embeddable":true,"href":"https:\/\/fairway2hotel.at\/cs\/wp-json\/wp\/v2\/users\/2"}],"replies":[{"embeddable":true,"href":"https:\/\/fairway2hotel.at\/cs\/wp-json\/wp\/v2\/comments?post=3267"}],"version-history":[{"count":11,"href":"https:\/\/fairway2hotel.at\/cs\/wp-json\/wp\/v2\/pages\/3267\/revisions"}],"predecessor-version":[{"id":46417,"href":"https:\/\/fairway2hotel.at\/cs\/wp-json\/wp\/v2\/pages\/3267\/revisions\/46417"}],"up":[{"embeddable":true,"href":"https:\/\/fairway2hotel.at\/cs\/wp-json\/wp\/v2\/pages\/1657"}],"acf:attachment":[{"embeddable":true,"href":"https:\/\/fairway2hotel.at\/cs\/wp-json\/wp\/v2\/media\/3274"},{"embeddable":true,"href":"https:\/\/fairway2hotel.at\/cs\/wp-json\/wp\/v2\/media\/3273"}],"wp:attachment":[{"href":"https:\/\/fairway2hotel.at\/cs\/wp-json\/wp\/v2\/media?parent=3267"}],"curies":[{"name":"wp","href":"https:\/\/api.w.org\/{rel}","templated":true}]}}