{"id":3384,"date":"2022-08-17T11:14:16","date_gmt":"2022-08-17T09:14:16","guid":{"rendered":"https:\/\/fairway2hotel.at\/golfclubs\/italien\/golfclub-bellosguardo-copy-2\/"},"modified":"2026-02-16T14:54:42","modified_gmt":"2026-02-16T13:54:42","slug":"golfclub-arona","status":"publish","type":"page","link":"https:\/\/fairway2hotel.at\/cs\/golfclubs\/italien\/golfclub-arona\/","title":{"rendered":"GC Arona"},"content":{"rendered":"<h2>Golf als Naturerlebnis<\/h2>\n<p>Der Arona Golf Club in der Gegend des Lago Maggiore ist seit Jahren ein Bezugspunkt f\u00fcr Golfer aller Spielst\u00e4rken, nur eine Stunde von Mailand entfernt. Diese 9-Loch Anlage ist eingebettet im Piemont in h\u00fcgeliges, aber nie unfaires Gel\u00e4nde. Kleine Propellermaschinen fahren manchmal neben der Bahn 1 entlang und starten mitten im Golfplatz, was die meisten aber eher als Attraktion denn als St\u00f6rung empfinden.<br \/>\nAlter Baumbestand verhindert das Abk\u00fcrzen auf den Doglegs, sehr schmale Fairways sowie ein tolles Par 3 mit Inselgr\u00fcn kennzeichnen diese Anlage.<br \/>\nIn den zahlreichen Seen verliert man nicht, wie gewohnt, nur B\u00e4lle, man begegnet sogar Schildkr\u00f6ten und Fischottern.<br \/>\nDie Golfer finden au\u00dferdem eine gut ausgestattete \u00dcbungsanlage mit Puttinggreen, Pitchinggreen und eine Driving Range mit 18 \u00fcberdachten Tees<\/p>\n<h2>Golf in the middle of nature<\/h2>\n<p>The Arona Golf Club in the Lake Maggiore area has been a point of reference for golfers of all levels for years, just an hour from Milan. This 9-hole course is nestled in Piedmont in hilly but never unfair terrain. Small propeller planes sometimes drive alongside lane 1 and start in the middle of the golf course, which most people see as an attraction rather than a disturbance.<br \/>\nOld trees prevent you from taking shortcuts on the doglegs, very narrow fairways and a great par 3 with island green characterize this course.<br \/>\nIn the numerous lakes you don&#8217;t just lose balls, as usual, you even meet turtles and otters.<br \/>\nGolfers will also find a well-equipped practice facility with putting green, pitching green and a driving range with 18 covered tees<\/p>\n","protected":false},"excerpt":{"rendered":"<p>Golf als Naturerlebnis Der Arona Golf Club in der Gegend des Lago Maggiore ist seit Jahren ein Bezugspunkt f\u00fcr Golfer aller Spielst\u00e4rken, nur eine Stunde von Mailand entfernt. Diese 9-Loch Anlage ist eingebettet im Piemont in h\u00fcgeliges, aber nie unfaires Gel\u00e4nde. Kleine Propellermaschinen fahren manchmal neben der Bahn 1 entlang und starten mitten im Golfplatz, [&hellip;]<\/p>\n","protected":false},"author":2,"featured_media":0,"parent":1657,"menu_order":10,"comment_status":"closed","ping_status":"closed","template":"page-partner.php","meta":{"_acf_changed":false,"footnotes":""},"class_list":["post-3384","page","type-page","status-publish","hentry"],"acf":{"partner_infobox":"<strong>Adresse:\u00a0<\/strong>Via In Pr\u00e8 6 I - 28048 Borgoticino\r\n\r\n<strong>Tel:\u00a0<\/strong>+39 0321 907034\r\n\r\n<strong>Web: <\/strong><a href=\"https:\/\/www.aronagolf.it\/\" target=\"_blank\" rel=\"nofollow noopener\">www.aronagolf.it<\/a>\r\n\r\n<strong>E-Mail:<\/strong> <a href=\"mailto:info@aronagolf.it\">info@aronagolf.it<\/a>","partner_logo":3462,"partner_gallery":[3459,3460,3458,3457],"partner_lat":45.7084503,"partner_long":8.5924186,"partner_type":"golfclub","partner_openings":["1","2","3","4","5","6","7"],"montag_von_bis":"00:00 - 24:00","dienstag_von_bis":"00:00 - 24:00","mittwoch_von_bis":"00:00 - 24:00","donnerstag_von_bis":"00:00 - 24:00","freitag_von_bis":"00:00 - 24:00","samstag_von_bis":"00:00 - 24:00","sonntag_von_bis":"00:00 - 24:00","partner_adresse":"Via In Pr\u00e8 6 I - 28048 Borgoticino","partner_land_bundesland":"Italien","partner_tel_1":"+39 0321 907034","partner_tel_2":"","partner_web":"https:\/\/www.aronagolf.com","partner_mail":"info@aronagolf.it","partner_spielbahnen_par":"9\/70","partner_laenge":"","partner_bedingungen":"","partner_anfahrt":"","partner_misc":null,"additional_css_classes":""},"yoast_head":"<!-- This site is optimized with the Yoast SEO plugin v26.8 - https:\/\/yoast.com\/product\/yoast-seo-wordpress\/ -->\n<title>GC Arona - Fairway 2 Hotel<\/title>\n<meta name=\"robots\" content=\"index, follow, max-snippet:-1, max-image-preview:large, max-video-preview:-1\" \/>\n<link rel=\"canonical\" href=\"https:\/\/fairway2hotel.at\/cs\/golfclubs\/italien\/golfclub-arona\/\" \/>\n<meta property=\"og:locale\" content=\"cs_CZ\" \/>\n<meta property=\"og:type\" content=\"article\" \/>\n<meta property=\"og:title\" content=\"GC Arona - Fairway 2 Hotel\" \/>\n<meta property=\"og:description\" content=\"Golf als Naturerlebnis Der Arona Golf Club in der Gegend des Lago Maggiore ist seit Jahren ein Bezugspunkt f\u00fcr Golfer aller Spielst\u00e4rken, nur eine Stunde von Mailand entfernt. Diese 9-Loch Anlage ist eingebettet im Piemont in h\u00fcgeliges, aber nie unfaires Gel\u00e4nde. Kleine Propellermaschinen fahren manchmal neben der Bahn 1 entlang und starten mitten im Golfplatz, [&hellip;]\" \/>\n<meta property=\"og:url\" content=\"https:\/\/fairway2hotel.at\/cs\/golfclubs\/italien\/golfclub-arona\/\" \/>\n<meta property=\"og:site_name\" content=\"Fairway 2 Hotel\" \/>\n<meta property=\"article:modified_time\" content=\"2026-02-16T13:54:42+00:00\" \/>\n<meta name=\"twitter:card\" content=\"summary_large_image\" \/>\n<meta name=\"twitter:label1\" content=\"Odhadovan\u00e1 doba \u010dten\u00ed\" \/>\n\t<meta name=\"twitter:data1\" content=\"2 minuty\" \/>\n<script type=\"application\/ld+json\" class=\"yoast-schema-graph\">{\"@context\":\"https:\/\/schema.org\",\"@graph\":[{\"@type\":\"WebPage\",\"@id\":\"https:\/\/fairway2hotel.at\/cs\/golfclubs\/italien\/golfclub-arona\/\",\"url\":\"https:\/\/fairway2hotel.at\/cs\/golfclubs\/italien\/golfclub-arona\/\",\"name\":\"GC Arona - Fairway 2 Hotel\",\"isPartOf\":{\"@id\":\"https:\/\/fairway2hotel.at\/cs\/#website\"},\"datePublished\":\"2022-08-17T09:14:16+00:00\",\"dateModified\":\"2026-02-16T13:54:42+00:00\",\"breadcrumb\":{\"@id\":\"https:\/\/fairway2hotel.at\/cs\/golfclubs\/italien\/golfclub-arona\/#breadcrumb\"},\"inLanguage\":\"cs\",\"potentialAction\":[{\"@type\":\"ReadAction\",\"target\":[\"https:\/\/fairway2hotel.at\/cs\/golfclubs\/italien\/golfclub-arona\/\"]}]},{\"@type\":\"BreadcrumbList\",\"@id\":\"https:\/\/fairway2hotel.at\/cs\/golfclubs\/italien\/golfclub-arona\/#breadcrumb\",\"itemListElement\":[{\"@type\":\"ListItem\",\"position\":1,\"name\":\"Home\",\"item\":\"https:\/\/fairway2hotel.at\/cs\/\"},{\"@type\":\"ListItem\",\"position\":2,\"name\":\"Golfclubs\",\"item\":\"https:\/\/fairway2hotel.at\/cs\/golfclubs\/\"},{\"@type\":\"ListItem\",\"position\":3,\"name\":\"Golfclubs Italien\",\"item\":\"https:\/\/fairway2hotel.at\/cs\/golfclubs\/italien\/\"},{\"@type\":\"ListItem\",\"position\":4,\"name\":\"GC Arona\"}]},{\"@type\":\"WebSite\",\"@id\":\"https:\/\/fairway2hotel.at\/cs\/#website\",\"url\":\"https:\/\/fairway2hotel.at\/cs\/\",\"name\":\"Fairway 2 Hotel\",\"description\":\"Golf zum halben Preis! 2 spielen - 1 zahlt\",\"potentialAction\":[{\"@type\":\"SearchAction\",\"target\":{\"@type\":\"EntryPoint\",\"urlTemplate\":\"https:\/\/fairway2hotel.at\/cs\/?s={search_term_string}\"},\"query-input\":{\"@type\":\"PropertyValueSpecification\",\"valueRequired\":true,\"valueName\":\"search_term_string\"}}],\"inLanguage\":\"cs\"}]}<\/script>\n<!-- \/ Yoast SEO plugin. -->","yoast_head_json":{"title":"GC Arona - Fairway 2 Hotel","robots":{"index":"index","follow":"follow","max-snippet":"max-snippet:-1","max-image-preview":"max-image-preview:large","max-video-preview":"max-video-preview:-1"},"canonical":"https:\/\/fairway2hotel.at\/cs\/golfclubs\/italien\/golfclub-arona\/","og_locale":"cs_CZ","og_type":"article","og_title":"GC Arona - Fairway 2 Hotel","og_description":"Golf als Naturerlebnis Der Arona Golf Club in der Gegend des Lago Maggiore ist seit Jahren ein Bezugspunkt f\u00fcr Golfer aller Spielst\u00e4rken, nur eine Stunde von Mailand entfernt. Diese 9-Loch Anlage ist eingebettet im Piemont in h\u00fcgeliges, aber nie unfaires Gel\u00e4nde. Kleine Propellermaschinen fahren manchmal neben der Bahn 1 entlang und starten mitten im Golfplatz, [&hellip;]","og_url":"https:\/\/fairway2hotel.at\/cs\/golfclubs\/italien\/golfclub-arona\/","og_site_name":"Fairway 2 Hotel","article_modified_time":"2026-02-16T13:54:42+00:00","twitter_card":"summary_large_image","twitter_misc":{"Odhadovan\u00e1 doba \u010dten\u00ed":"2 minuty"},"schema":{"@context":"https:\/\/schema.org","@graph":[{"@type":"WebPage","@id":"https:\/\/fairway2hotel.at\/cs\/golfclubs\/italien\/golfclub-arona\/","url":"https:\/\/fairway2hotel.at\/cs\/golfclubs\/italien\/golfclub-arona\/","name":"GC Arona - Fairway 2 Hotel","isPartOf":{"@id":"https:\/\/fairway2hotel.at\/cs\/#website"},"datePublished":"2022-08-17T09:14:16+00:00","dateModified":"2026-02-16T13:54:42+00:00","breadcrumb":{"@id":"https:\/\/fairway2hotel.at\/cs\/golfclubs\/italien\/golfclub-arona\/#breadcrumb"},"inLanguage":"cs","potentialAction":[{"@type":"ReadAction","target":["https:\/\/fairway2hotel.at\/cs\/golfclubs\/italien\/golfclub-arona\/"]}]},{"@type":"BreadcrumbList","@id":"https:\/\/fairway2hotel.at\/cs\/golfclubs\/italien\/golfclub-arona\/#breadcrumb","itemListElement":[{"@type":"ListItem","position":1,"name":"Home","item":"https:\/\/fairway2hotel.at\/cs\/"},{"@type":"ListItem","position":2,"name":"Golfclubs","item":"https:\/\/fairway2hotel.at\/cs\/golfclubs\/"},{"@type":"ListItem","position":3,"name":"Golfclubs Italien","item":"https:\/\/fairway2hotel.at\/cs\/golfclubs\/italien\/"},{"@type":"ListItem","position":4,"name":"GC Arona"}]},{"@type":"WebSite","@id":"https:\/\/fairway2hotel.at\/cs\/#website","url":"https:\/\/fairway2hotel.at\/cs\/","name":"Fairway 2 Hotel","description":"Golf zum halben Preis! 2 spielen - 1 zahlt","potentialAction":[{"@type":"SearchAction","target":{"@type":"EntryPoint","urlTemplate":"https:\/\/fairway2hotel.at\/cs\/?s={search_term_string}"},"query-input":{"@type":"PropertyValueSpecification","valueRequired":true,"valueName":"search_term_string"}}],"inLanguage":"cs"}]}},"_links":{"self":[{"href":"https:\/\/fairway2hotel.at\/cs\/wp-json\/wp\/v2\/pages\/3384","targetHints":{"allow":["GET"]}}],"collection":[{"href":"https:\/\/fairway2hotel.at\/cs\/wp-json\/wp\/v2\/pages"}],"about":[{"href":"https:\/\/fairway2hotel.at\/cs\/wp-json\/wp\/v2\/types\/page"}],"author":[{"embeddable":true,"href":"https:\/\/fairway2hotel.at\/cs\/wp-json\/wp\/v2\/users\/2"}],"replies":[{"embeddable":true,"href":"https:\/\/fairway2hotel.at\/cs\/wp-json\/wp\/v2\/comments?post=3384"}],"version-history":[{"count":10,"href":"https:\/\/fairway2hotel.at\/cs\/wp-json\/wp\/v2\/pages\/3384\/revisions"}],"predecessor-version":[{"id":52682,"href":"https:\/\/fairway2hotel.at\/cs\/wp-json\/wp\/v2\/pages\/3384\/revisions\/52682"}],"up":[{"embeddable":true,"href":"https:\/\/fairway2hotel.at\/cs\/wp-json\/wp\/v2\/pages\/1657"}],"acf:attachment":[{"embeddable":true,"href":"https:\/\/fairway2hotel.at\/cs\/wp-json\/wp\/v2\/media\/3457"},{"embeddable":true,"href":"https:\/\/fairway2hotel.at\/cs\/wp-json\/wp\/v2\/media\/3458"},{"embeddable":true,"href":"https:\/\/fairway2hotel.at\/cs\/wp-json\/wp\/v2\/media\/3460"},{"embeddable":true,"href":"https:\/\/fairway2hotel.at\/cs\/wp-json\/wp\/v2\/media\/3459"}],"wp:attachment":[{"href":"https:\/\/fairway2hotel.at\/cs\/wp-json\/wp\/v2\/media?parent=3384"}],"curies":[{"name":"wp","href":"https:\/\/api.w.org\/{rel}","templated":true}]}}