{"id":3635,"date":"2022-09-19T18:42:49","date_gmt":"2022-09-19T16:42:49","guid":{"rendered":"https:\/\/fairway2hotel.at\/1660912875635\/golfclubs\/kaernten\/golfpark-klopeinersee-suedkaernten-copy\/"},"modified":"2025-02-10T11:38:19","modified_gmt":"2025-02-10T10:38:19","slug":"golfclub-wolfsberg","status":"publish","type":"page","link":"https:\/\/fairway2hotel.at\/cs\/golfclubs\/kaernten\/golfclub-wolfsberg\/","title":{"rendered":"GC Wolfsberg"},"content":{"rendered":"<h2>Golfclub Wolfsberg \u2013 Most, Obst &amp; Golf<\/h2>\n<p>Im Paradies K\u00e4rntens wie das Lavanttal auch wegen seiner Sch\u00f6nheit und Obstreichtum genannt wird dreht sich alles um drei Dinge: Obst, Most und seit einigen Jahren schon auch um Golf. Das 9-Loch-Kleinod z\u00e4hlt zu den feineren Adressen f\u00fcr Nine-Hole-Kursen.<\/p>\n<p>Auf Wolfsbergs Spielbahnen einen Driver auf die Runde mitzunehmen ist nicht notwendig. Die 9 Holes sind so konzipiert dass ein 3er Holz ausreichend ist. Untersch\u00e4tzen sie aber auf keinen Fall diese Golfanlage. Obwohl die Greens einiger Par vom Tee 3 zum Greifen nahe erscheinen ist hier nix mit zur\u00fccklehnen, und defensiven Spiel. Dies hat hier schon so manchen sein Score vermasselt. Auch dem Schreiber dieser Zeilen sind schon die Haare zu Berge gestanden. Speziell auf dem Er\u00f6ffnungsloch. Ein kniffeliges Par4 mit beinahe einem 40 Grad Dogleg bei dem man zuerst die Driving Range \u00fcberschlagen sollte um danach das klitzekleine Gr\u00fcn zu treffen. Hier Par zu spielen war f\u00fcr mich immer ein Wunschgedanke. Und die restlichen L\u00f6cher? Leicht h\u00fcgelig bergauf und bergab sind sie recht trickreich mit einigen L\u00f6chern die einem auch noch im Schlaf verfolgen. Wenn Sie Meister des kurzen Spiels werden wollen sollte Sie hier unbedingt einige Runden drehen. Erfreulich auch dass man hier nach bezahlen des Greenfees die Range B\u00e4lle Gratis dazu bekommt. Ins Golfstammbuch geschrieben: Vergessen Sie die M\u00e4r, dass ein 9-Loch-Platz leicht zum Handhaben ist. Bodenst\u00e4ndig und dabei sehr gut ist auch die K\u00fcche des Clubrestaurants.<\/p>\n<h2>Golfclub Wolfsberg &#8211; Cider, fruit &amp; golf<\/h2>\n<p>In Carinthia&#8217;s paradise, as the Lavanttal is also known because of its beauty and abundance of fruit, everything revolves around three things: fruit, cider and, for some years now, golf. The 9-hole gem is one of the finest addresses for nine-hole courses.<\/p>\n<p>It is not necessary to take a driver with you on your round on Wolfsberg&#8217;s fairways. The 9 holes are designed so that a 3-wood is sufficient. But don&#8217;t underestimate this golf course. Although the greens of some pars from the 3rd tee seem close enough to touch, there is no leaning back and playing defensively here. This has already ruined many a score here. The writer of these lines has also had his hair stand on end. Especially on the opening hole. A tricky par 4 with almost a 40 degree dogleg where you first have to roll over the driving range and then hit the tiny green. Playing par here was always a dream come true for me. And the remaining holes? Slightly hilly uphill and downhill, they are quite tricky with some holes that will haunt you even in your sleep. If you want to become a master of the short game, you should definitely play a few rounds here. It&#8217;s also great that you get the range balls for free after paying the green fee. Written in the golfing logbook: Forget the myth that a 9-hole course is easy to handle. The cuisine in the club restaurant is also down-to-earth and very good.<\/p>\n","protected":false},"excerpt":{"rendered":"<p>Golfclub Wolfsberg \u2013 Most, Obst &amp; Golf Im Paradies K\u00e4rntens wie das Lavanttal auch wegen seiner Sch\u00f6nheit und Obstreichtum genannt wird dreht sich alles um drei Dinge: Obst, Most und seit einigen Jahren schon auch um Golf. Das 9-Loch-Kleinod z\u00e4hlt zu den feineren Adressen f\u00fcr Nine-Hole-Kursen. Auf Wolfsbergs Spielbahnen einen Driver auf die Runde mitzunehmen [&hellip;]<\/p>\n","protected":false},"author":2,"featured_media":0,"parent":1579,"menu_order":20,"comment_status":"closed","ping_status":"closed","template":"page-partner.php","meta":{"_acf_changed":false,"footnotes":""},"class_list":["post-3635","page","type-page","status-publish","hentry"],"acf":{"partner_infobox":"<strong>Adresse:\u00a0<\/strong>Sandsteinweg 6\r\n9441 Wolfsberg\/St. Michael\r\n\r\n<strong>Tel:\u00a0<\/strong>+43 4352 61688\r\n\r\n<strong>Web: <\/strong><a href=\"https:\/\/www.golfclub-wolfsberg.com\/\" target=\"_blank\" rel=\"nofollow noopener\">www.golfclub-wolfsberg.com<\/a>\r\n\r\n<strong>E-Mail:<\/strong> <a href=\"mailto:gcwolfsberg@golf.at\">gcwolfsberg@golf.at<\/a>","partner_logo":3642,"partner_gallery":[3637,3638,3639,3640,3641],"partner_lat":46.8329445,"partner_long":14.7951951,"partner_type":"golfclub","partner_openings":["1","2","3","4","5","6","7"],"montag_von_bis":"00:00 - 24:00","dienstag_von_bis":"00:00 - 24:00","mittwoch_von_bis":"00:00 - 24:00","donnerstag_von_bis":"00:00 - 24:00","freitag_von_bis":"00:00 - 24:00","samstag_von_bis":"00:00 - 24:00","sonntag_von_bis":"00:00 - 24:00","partner_adresse":"Sandsteinweg 6 9441 Wolfsberg\/St. Michael","partner_land_bundesland":"K\u00e4rnten","partner_tel_1":"","partner_tel_2":"+43 4352 61688","partner_web":"https:\/\/www.golfclub-wolfsberg.com\/","partner_mail":"gcwolfsberg@golf.at","partner_spielbahnen_par":"9\/60","partner_laenge":"","partner_bedingungen":"Gutschein nur f\u00fcr 18 Loch einl\u00f6sbar, nicht f\u00fcr 9 Loch\r\nVoucher only redeemable for 18 holes, not for 9 holes\r\n","partner_anfahrt":"","partner_misc":null,"additional_css_classes":""},"yoast_head":"<!-- This site is optimized with the Yoast SEO plugin v26.8 - https:\/\/yoast.com\/product\/yoast-seo-wordpress\/ -->\n<title>GC Wolfsberg - Fairway 2 Hotel<\/title>\n<meta name=\"robots\" content=\"index, follow, max-snippet:-1, max-image-preview:large, max-video-preview:-1\" \/>\n<link rel=\"canonical\" href=\"https:\/\/fairway2hotel.at\/cs\/golfclubs\/kaernten\/golfclub-wolfsberg\/\" \/>\n<meta property=\"og:locale\" content=\"cs_CZ\" \/>\n<meta property=\"og:type\" content=\"article\" \/>\n<meta property=\"og:title\" content=\"GC Wolfsberg - Fairway 2 Hotel\" \/>\n<meta property=\"og:description\" content=\"Golfclub Wolfsberg \u2013 Most, Obst &amp; Golf Im Paradies K\u00e4rntens wie das Lavanttal auch wegen seiner Sch\u00f6nheit und Obstreichtum genannt wird dreht sich alles um drei Dinge: Obst, Most und seit einigen Jahren schon auch um Golf. Das 9-Loch-Kleinod z\u00e4hlt zu den feineren Adressen f\u00fcr Nine-Hole-Kursen. Auf Wolfsbergs Spielbahnen einen Driver auf die Runde mitzunehmen [&hellip;]\" \/>\n<meta property=\"og:url\" content=\"https:\/\/fairway2hotel.at\/cs\/golfclubs\/kaernten\/golfclub-wolfsberg\/\" \/>\n<meta property=\"og:site_name\" content=\"Fairway 2 Hotel\" \/>\n<meta property=\"article:modified_time\" content=\"2025-02-10T10:38:19+00:00\" \/>\n<meta name=\"twitter:card\" content=\"summary_large_image\" \/>\n<meta name=\"twitter:label1\" content=\"Odhadovan\u00e1 doba \u010dten\u00ed\" \/>\n\t<meta name=\"twitter:data1\" content=\"3 minuty\" \/>\n<script type=\"application\/ld+json\" class=\"yoast-schema-graph\">{\"@context\":\"https:\/\/schema.org\",\"@graph\":[{\"@type\":\"WebPage\",\"@id\":\"https:\/\/fairway2hotel.at\/cs\/golfclubs\/kaernten\/golfclub-wolfsberg\/\",\"url\":\"https:\/\/fairway2hotel.at\/cs\/golfclubs\/kaernten\/golfclub-wolfsberg\/\",\"name\":\"GC Wolfsberg - Fairway 2 Hotel\",\"isPartOf\":{\"@id\":\"https:\/\/fairway2hotel.at\/cs\/#website\"},\"datePublished\":\"2022-09-19T16:42:49+00:00\",\"dateModified\":\"2025-02-10T10:38:19+00:00\",\"breadcrumb\":{\"@id\":\"https:\/\/fairway2hotel.at\/cs\/golfclubs\/kaernten\/golfclub-wolfsberg\/#breadcrumb\"},\"inLanguage\":\"cs\",\"potentialAction\":[{\"@type\":\"ReadAction\",\"target\":[\"https:\/\/fairway2hotel.at\/cs\/golfclubs\/kaernten\/golfclub-wolfsberg\/\"]}]},{\"@type\":\"BreadcrumbList\",\"@id\":\"https:\/\/fairway2hotel.at\/cs\/golfclubs\/kaernten\/golfclub-wolfsberg\/#breadcrumb\",\"itemListElement\":[{\"@type\":\"ListItem\",\"position\":1,\"name\":\"Home\",\"item\":\"https:\/\/fairway2hotel.at\/cs\/\"},{\"@type\":\"ListItem\",\"position\":2,\"name\":\"Golfclubs\",\"item\":\"https:\/\/fairway2hotel.at\/cs\/golfclubs\/\"},{\"@type\":\"ListItem\",\"position\":3,\"name\":\"Golfclubs K\u00e4rnten\",\"item\":\"https:\/\/fairway2hotel.at\/cs\/golfclubs\/kaernten\/\"},{\"@type\":\"ListItem\",\"position\":4,\"name\":\"GC Wolfsberg\"}]},{\"@type\":\"WebSite\",\"@id\":\"https:\/\/fairway2hotel.at\/cs\/#website\",\"url\":\"https:\/\/fairway2hotel.at\/cs\/\",\"name\":\"Fairway 2 Hotel\",\"description\":\"Golf zum halben Preis! 2 spielen - 1 zahlt\",\"potentialAction\":[{\"@type\":\"SearchAction\",\"target\":{\"@type\":\"EntryPoint\",\"urlTemplate\":\"https:\/\/fairway2hotel.at\/cs\/?s={search_term_string}\"},\"query-input\":{\"@type\":\"PropertyValueSpecification\",\"valueRequired\":true,\"valueName\":\"search_term_string\"}}],\"inLanguage\":\"cs\"}]}<\/script>\n<!-- \/ Yoast SEO plugin. -->","yoast_head_json":{"title":"GC Wolfsberg - Fairway 2 Hotel","robots":{"index":"index","follow":"follow","max-snippet":"max-snippet:-1","max-image-preview":"max-image-preview:large","max-video-preview":"max-video-preview:-1"},"canonical":"https:\/\/fairway2hotel.at\/cs\/golfclubs\/kaernten\/golfclub-wolfsberg\/","og_locale":"cs_CZ","og_type":"article","og_title":"GC Wolfsberg - Fairway 2 Hotel","og_description":"Golfclub Wolfsberg \u2013 Most, Obst &amp; Golf Im Paradies K\u00e4rntens wie das Lavanttal auch wegen seiner Sch\u00f6nheit und Obstreichtum genannt wird dreht sich alles um drei Dinge: Obst, Most und seit einigen Jahren schon auch um Golf. Das 9-Loch-Kleinod z\u00e4hlt zu den feineren Adressen f\u00fcr Nine-Hole-Kursen. Auf Wolfsbergs Spielbahnen einen Driver auf die Runde mitzunehmen [&hellip;]","og_url":"https:\/\/fairway2hotel.at\/cs\/golfclubs\/kaernten\/golfclub-wolfsberg\/","og_site_name":"Fairway 2 Hotel","article_modified_time":"2025-02-10T10:38:19+00:00","twitter_card":"summary_large_image","twitter_misc":{"Odhadovan\u00e1 doba \u010dten\u00ed":"3 minuty"},"schema":{"@context":"https:\/\/schema.org","@graph":[{"@type":"WebPage","@id":"https:\/\/fairway2hotel.at\/cs\/golfclubs\/kaernten\/golfclub-wolfsberg\/","url":"https:\/\/fairway2hotel.at\/cs\/golfclubs\/kaernten\/golfclub-wolfsberg\/","name":"GC Wolfsberg - Fairway 2 Hotel","isPartOf":{"@id":"https:\/\/fairway2hotel.at\/cs\/#website"},"datePublished":"2022-09-19T16:42:49+00:00","dateModified":"2025-02-10T10:38:19+00:00","breadcrumb":{"@id":"https:\/\/fairway2hotel.at\/cs\/golfclubs\/kaernten\/golfclub-wolfsberg\/#breadcrumb"},"inLanguage":"cs","potentialAction":[{"@type":"ReadAction","target":["https:\/\/fairway2hotel.at\/cs\/golfclubs\/kaernten\/golfclub-wolfsberg\/"]}]},{"@type":"BreadcrumbList","@id":"https:\/\/fairway2hotel.at\/cs\/golfclubs\/kaernten\/golfclub-wolfsberg\/#breadcrumb","itemListElement":[{"@type":"ListItem","position":1,"name":"Home","item":"https:\/\/fairway2hotel.at\/cs\/"},{"@type":"ListItem","position":2,"name":"Golfclubs","item":"https:\/\/fairway2hotel.at\/cs\/golfclubs\/"},{"@type":"ListItem","position":3,"name":"Golfclubs K\u00e4rnten","item":"https:\/\/fairway2hotel.at\/cs\/golfclubs\/kaernten\/"},{"@type":"ListItem","position":4,"name":"GC Wolfsberg"}]},{"@type":"WebSite","@id":"https:\/\/fairway2hotel.at\/cs\/#website","url":"https:\/\/fairway2hotel.at\/cs\/","name":"Fairway 2 Hotel","description":"Golf zum halben Preis! 2 spielen - 1 zahlt","potentialAction":[{"@type":"SearchAction","target":{"@type":"EntryPoint","urlTemplate":"https:\/\/fairway2hotel.at\/cs\/?s={search_term_string}"},"query-input":{"@type":"PropertyValueSpecification","valueRequired":true,"valueName":"search_term_string"}}],"inLanguage":"cs"}]}},"_links":{"self":[{"href":"https:\/\/fairway2hotel.at\/cs\/wp-json\/wp\/v2\/pages\/3635","targetHints":{"allow":["GET"]}}],"collection":[{"href":"https:\/\/fairway2hotel.at\/cs\/wp-json\/wp\/v2\/pages"}],"about":[{"href":"https:\/\/fairway2hotel.at\/cs\/wp-json\/wp\/v2\/types\/page"}],"author":[{"embeddable":true,"href":"https:\/\/fairway2hotel.at\/cs\/wp-json\/wp\/v2\/users\/2"}],"replies":[{"embeddable":true,"href":"https:\/\/fairway2hotel.at\/cs\/wp-json\/wp\/v2\/comments?post=3635"}],"version-history":[{"count":7,"href":"https:\/\/fairway2hotel.at\/cs\/wp-json\/wp\/v2\/pages\/3635\/revisions"}],"predecessor-version":[{"id":46074,"href":"https:\/\/fairway2hotel.at\/cs\/wp-json\/wp\/v2\/pages\/3635\/revisions\/46074"}],"up":[{"embeddable":true,"href":"https:\/\/fairway2hotel.at\/cs\/wp-json\/wp\/v2\/pages\/1579"}],"acf:attachment":[{"embeddable":true,"href":"https:\/\/fairway2hotel.at\/cs\/wp-json\/wp\/v2\/media\/3641"},{"embeddable":true,"href":"https:\/\/fairway2hotel.at\/cs\/wp-json\/wp\/v2\/media\/3640"},{"embeddable":true,"href":"https:\/\/fairway2hotel.at\/cs\/wp-json\/wp\/v2\/media\/3639"},{"embeddable":true,"href":"https:\/\/fairway2hotel.at\/cs\/wp-json\/wp\/v2\/media\/3638"},{"embeddable":true,"href":"https:\/\/fairway2hotel.at\/cs\/wp-json\/wp\/v2\/media\/3637"}],"wp:attachment":[{"href":"https:\/\/fairway2hotel.at\/cs\/wp-json\/wp\/v2\/media?parent=3635"}],"curies":[{"name":"wp","href":"https:\/\/api.w.org\/{rel}","templated":true}]}}