{"id":369,"date":"2009-07-16T00:37:15","date_gmt":"2009-07-15T22:37:15","guid":{"rendered":"https:\/\/f2h.app\/hotel-lebzelter\/"},"modified":"2025-12-01T08:25:50","modified_gmt":"2025-12-01T07:25:50","slug":"hotel-lebzelter","status":"publish","type":"page","link":"https:\/\/fairway2hotel.at\/cs\/hotels\/salzburg\/hotel-lebzelter\/","title":{"rendered":"Hotel Lebzelter"},"content":{"rendered":"<h2>Das Haus der guten Laune<\/h2>\n<p>Lassen Sie sich verwo\u0308hnen von unserer Gourmetku\u0308che. Genie\u00dfen Sie an der Hotelbar unter stimmungsvollen Gewo\u0308lben, in unserer gemu\u0308tlichen Zirbenstube oder auf der gemu\u0308tlichen Terrasse, wo sich Einheimische und Winter- sowie Sommerga\u0308ste gemeinsam unterhalten.<br \/>\nUnser kleines Stadthotel mit Zimmern im Landhausstil befindet sich im Zentrum von Altenmarkt in verkehrsberuhigter Zone. Unser Haus ist Partnerhotel des nahe gelegenen Tauerngolfplatzes. Das Haus der guten Laune ist das ganze Jahr ohne Ruhetag fu\u0308r Sie da.<\/p>\n<h2>The house of good mood<\/h2>\n<p>Let us spoil you with our gourmet cuisine. Enjoy a drink at the hotel bar under atmospheric vaulted ceilings, in our cosy Zirbenstube or on the comfortable terrace, where locals and winter and summer guests chat together.<br \/>\nOur small town hotel with country-style rooms is located in the centre of Altenmarkt in a traffic-calmed zone. Our hotel is a partner hotel of the nearby Tauern golf course. The house of good humour is there for you all year round without a day off.<\/p>\n","protected":false},"excerpt":{"rendered":"<p>Das Haus der guten Laune Lassen Sie sich verwo\u0308hnen von unserer Gourmetku\u0308che. Genie\u00dfen Sie an der Hotelbar unter stimmungsvollen Gewo\u0308lben, in unserer gemu\u0308tlichen Zirbenstube oder auf der gemu\u0308tlichen Terrasse, wo sich Einheimische und Winter- sowie Sommerga\u0308ste gemeinsam unterhalten. Unser kleines Stadthotel mit Zimmern im Landhausstil befindet sich im Zentrum von Altenmarkt in verkehrsberuhigter Zone. Unser [&hellip;]<\/p>\n","protected":false},"author":1,"featured_media":0,"parent":2162,"menu_order":15,"comment_status":"closed","ping_status":"closed","template":"page-partner.php","meta":{"_acf_changed":false,"footnotes":""},"class_list":["post-369","page","type-page","status-publish","hentry"],"acf":{"partner_infobox":"<strong>Adresse:\u00a0<\/strong>Marktplatz 13, 5541 Altenmarkt-Zauchensee\r\n\r\n<strong>Tel:\u00a0<\/strong>+43 6452\/69 11\r\n\r\n<strong>Fax:\u00a0<\/strong>+43 6452\/78 23\r\n\r\n<strong>Web: <\/strong><a href=\"http:\/\/www.lebzelter.com\" target=\"_blank\" rel=\"nofollow noopener\">www.lebzelter.com<\/a>\r\n\r\n<strong>E-Mail:<\/strong> <a href=\"mailto:office@lebzelter.com\">office@lebzelter.com<\/a>\r\n\r\n<em><strong>Bedingungen:\r\n<\/strong>Buchbar von Ende April\u2013Anfang Juli und Ende September\u2013November.<\/em>\r\n\r\n<strong>Golfclubs in der N\u00e4he:\r\n<\/strong>GC Tauerngolf Radstadt 2 km\r\nGC Goldegg ca. 27 km\r\nGC Haus im Ennst. ca. 34 km\r\n\r\n<strong>Anfahrt:\r\n<\/strong>von Wien: A1 \u2192 Salzburg \u2192 Abf. Bischofshofen (A10) \u2192 Villach bis Abzw. Radstadt\/Altenmarkt \u2192 Altenmarkt","partner_logo":null,"partner_gallery":[3611,3612],"partner_lat":47.378476142370566,"partner_long":13.424086496693437,"partner_type":"hotel","partner_openings":"","montag_von_bis":"00:00 - 24:00","dienstag_von_bis":"00:00 - 24:00","mittwoch_von_bis":"00:00 - 24:00","donnerstag_von_bis":"00:00 - 24:00","freitag_von_bis":"00:00 - 24:00","samstag_von_bis":"00:00 - 24:00","sonntag_von_bis":"00:00 - 24:00","partner_adresse":"Marktplatz 13, 5541 Altenmarkt-Zauchensee","partner_land_bundesland":"","partner_tel_1":"+43 6452\/69 11","partner_tel_2":"","partner_web":"http:\/\/www.lebzelter.com","partner_mail":"office@lebzelter.com","partner_spielbahnen_par":"","partner_laenge":"","partner_bedingungen":"Buchbar von April-November\r\nBookable from  April-November","partner_anfahrt":"","partner_misc":null,"additional_css_classes":""},"yoast_head":"<!-- This site is optimized with the Yoast SEO plugin v26.8 - https:\/\/yoast.com\/product\/yoast-seo-wordpress\/ -->\n<title>Hotel Lebzelter - Fairway 2 Hotel<\/title>\n<meta name=\"robots\" content=\"index, follow, max-snippet:-1, max-image-preview:large, max-video-preview:-1\" \/>\n<link rel=\"canonical\" href=\"https:\/\/fairway2hotel.at\/cs\/hotels\/salzburg\/hotel-lebzelter\/\" \/>\n<meta property=\"og:locale\" content=\"cs_CZ\" \/>\n<meta property=\"og:type\" content=\"article\" \/>\n<meta property=\"og:title\" content=\"Hotel Lebzelter - Fairway 2 Hotel\" \/>\n<meta property=\"og:description\" content=\"Das Haus der guten Laune Lassen Sie sich verwo\u0308hnen von unserer Gourmetku\u0308che. Genie\u00dfen Sie an der Hotelbar unter stimmungsvollen Gewo\u0308lben, in unserer gemu\u0308tlichen Zirbenstube oder auf der gemu\u0308tlichen Terrasse, wo sich Einheimische und Winter- sowie Sommerga\u0308ste gemeinsam unterhalten. Unser kleines Stadthotel mit Zimmern im Landhausstil befindet sich im Zentrum von Altenmarkt in verkehrsberuhigter Zone. Unser [&hellip;]\" \/>\n<meta property=\"og:url\" content=\"https:\/\/fairway2hotel.at\/cs\/hotels\/salzburg\/hotel-lebzelter\/\" \/>\n<meta property=\"og:site_name\" content=\"Fairway 2 Hotel\" \/>\n<meta property=\"article:modified_time\" content=\"2025-12-01T07:25:50+00:00\" \/>\n<meta name=\"twitter:card\" content=\"summary_large_image\" \/>\n<meta name=\"twitter:label1\" content=\"Odhadovan\u00e1 doba \u010dten\u00ed\" \/>\n\t<meta name=\"twitter:data1\" content=\"1 minuta\" \/>\n<script type=\"application\/ld+json\" class=\"yoast-schema-graph\">{\"@context\":\"https:\/\/schema.org\",\"@graph\":[{\"@type\":\"WebPage\",\"@id\":\"https:\/\/fairway2hotel.at\/cs\/hotels\/salzburg\/hotel-lebzelter\/\",\"url\":\"https:\/\/fairway2hotel.at\/cs\/hotels\/salzburg\/hotel-lebzelter\/\",\"name\":\"Hotel Lebzelter - Fairway 2 Hotel\",\"isPartOf\":{\"@id\":\"https:\/\/fairway2hotel.at\/cs\/#website\"},\"datePublished\":\"2009-07-15T22:37:15+00:00\",\"dateModified\":\"2025-12-01T07:25:50+00:00\",\"breadcrumb\":{\"@id\":\"https:\/\/fairway2hotel.at\/cs\/hotels\/salzburg\/hotel-lebzelter\/#breadcrumb\"},\"inLanguage\":\"cs\",\"potentialAction\":[{\"@type\":\"ReadAction\",\"target\":[\"https:\/\/fairway2hotel.at\/cs\/hotels\/salzburg\/hotel-lebzelter\/\"]}]},{\"@type\":\"BreadcrumbList\",\"@id\":\"https:\/\/fairway2hotel.at\/cs\/hotels\/salzburg\/hotel-lebzelter\/#breadcrumb\",\"itemListElement\":[{\"@type\":\"ListItem\",\"position\":1,\"name\":\"Home\",\"item\":\"https:\/\/fairway2hotel.at\/cs\/\"},{\"@type\":\"ListItem\",\"position\":2,\"name\":\"Hotels\",\"item\":\"https:\/\/fairway2hotel.at\/cs\/hotels\/\"},{\"@type\":\"ListItem\",\"position\":3,\"name\":\"Hotels Salzburg\",\"item\":\"https:\/\/fairway2hotel.at\/cs\/hotels\/salzburg\/\"},{\"@type\":\"ListItem\",\"position\":4,\"name\":\"Hotel Lebzelter\"}]},{\"@type\":\"WebSite\",\"@id\":\"https:\/\/fairway2hotel.at\/cs\/#website\",\"url\":\"https:\/\/fairway2hotel.at\/cs\/\",\"name\":\"Fairway 2 Hotel\",\"description\":\"Golf zum halben Preis! 2 spielen - 1 zahlt\",\"potentialAction\":[{\"@type\":\"SearchAction\",\"target\":{\"@type\":\"EntryPoint\",\"urlTemplate\":\"https:\/\/fairway2hotel.at\/cs\/?s={search_term_string}\"},\"query-input\":{\"@type\":\"PropertyValueSpecification\",\"valueRequired\":true,\"valueName\":\"search_term_string\"}}],\"inLanguage\":\"cs\"}]}<\/script>\n<!-- \/ Yoast SEO plugin. -->","yoast_head_json":{"title":"Hotel Lebzelter - Fairway 2 Hotel","robots":{"index":"index","follow":"follow","max-snippet":"max-snippet:-1","max-image-preview":"max-image-preview:large","max-video-preview":"max-video-preview:-1"},"canonical":"https:\/\/fairway2hotel.at\/cs\/hotels\/salzburg\/hotel-lebzelter\/","og_locale":"cs_CZ","og_type":"article","og_title":"Hotel Lebzelter - Fairway 2 Hotel","og_description":"Das Haus der guten Laune Lassen Sie sich verwo\u0308hnen von unserer Gourmetku\u0308che. Genie\u00dfen Sie an der Hotelbar unter stimmungsvollen Gewo\u0308lben, in unserer gemu\u0308tlichen Zirbenstube oder auf der gemu\u0308tlichen Terrasse, wo sich Einheimische und Winter- sowie Sommerga\u0308ste gemeinsam unterhalten. Unser kleines Stadthotel mit Zimmern im Landhausstil befindet sich im Zentrum von Altenmarkt in verkehrsberuhigter Zone. Unser [&hellip;]","og_url":"https:\/\/fairway2hotel.at\/cs\/hotels\/salzburg\/hotel-lebzelter\/","og_site_name":"Fairway 2 Hotel","article_modified_time":"2025-12-01T07:25:50+00:00","twitter_card":"summary_large_image","twitter_misc":{"Odhadovan\u00e1 doba \u010dten\u00ed":"1 minuta"},"schema":{"@context":"https:\/\/schema.org","@graph":[{"@type":"WebPage","@id":"https:\/\/fairway2hotel.at\/cs\/hotels\/salzburg\/hotel-lebzelter\/","url":"https:\/\/fairway2hotel.at\/cs\/hotels\/salzburg\/hotel-lebzelter\/","name":"Hotel Lebzelter - Fairway 2 Hotel","isPartOf":{"@id":"https:\/\/fairway2hotel.at\/cs\/#website"},"datePublished":"2009-07-15T22:37:15+00:00","dateModified":"2025-12-01T07:25:50+00:00","breadcrumb":{"@id":"https:\/\/fairway2hotel.at\/cs\/hotels\/salzburg\/hotel-lebzelter\/#breadcrumb"},"inLanguage":"cs","potentialAction":[{"@type":"ReadAction","target":["https:\/\/fairway2hotel.at\/cs\/hotels\/salzburg\/hotel-lebzelter\/"]}]},{"@type":"BreadcrumbList","@id":"https:\/\/fairway2hotel.at\/cs\/hotels\/salzburg\/hotel-lebzelter\/#breadcrumb","itemListElement":[{"@type":"ListItem","position":1,"name":"Home","item":"https:\/\/fairway2hotel.at\/cs\/"},{"@type":"ListItem","position":2,"name":"Hotels","item":"https:\/\/fairway2hotel.at\/cs\/hotels\/"},{"@type":"ListItem","position":3,"name":"Hotels Salzburg","item":"https:\/\/fairway2hotel.at\/cs\/hotels\/salzburg\/"},{"@type":"ListItem","position":4,"name":"Hotel Lebzelter"}]},{"@type":"WebSite","@id":"https:\/\/fairway2hotel.at\/cs\/#website","url":"https:\/\/fairway2hotel.at\/cs\/","name":"Fairway 2 Hotel","description":"Golf zum halben Preis! 2 spielen - 1 zahlt","potentialAction":[{"@type":"SearchAction","target":{"@type":"EntryPoint","urlTemplate":"https:\/\/fairway2hotel.at\/cs\/?s={search_term_string}"},"query-input":{"@type":"PropertyValueSpecification","valueRequired":true,"valueName":"search_term_string"}}],"inLanguage":"cs"}]}},"_links":{"self":[{"href":"https:\/\/fairway2hotel.at\/cs\/wp-json\/wp\/v2\/pages\/369","targetHints":{"allow":["GET"]}}],"collection":[{"href":"https:\/\/fairway2hotel.at\/cs\/wp-json\/wp\/v2\/pages"}],"about":[{"href":"https:\/\/fairway2hotel.at\/cs\/wp-json\/wp\/v2\/types\/page"}],"author":[{"embeddable":true,"href":"https:\/\/fairway2hotel.at\/cs\/wp-json\/wp\/v2\/users\/1"}],"replies":[{"embeddable":true,"href":"https:\/\/fairway2hotel.at\/cs\/wp-json\/wp\/v2\/comments?post=369"}],"version-history":[{"count":21,"href":"https:\/\/fairway2hotel.at\/cs\/wp-json\/wp\/v2\/pages\/369\/revisions"}],"predecessor-version":[{"id":50928,"href":"https:\/\/fairway2hotel.at\/cs\/wp-json\/wp\/v2\/pages\/369\/revisions\/50928"}],"up":[{"embeddable":true,"href":"https:\/\/fairway2hotel.at\/cs\/wp-json\/wp\/v2\/pages\/2162"}],"acf:attachment":[{"embeddable":true,"href":"https:\/\/fairway2hotel.at\/cs\/wp-json\/wp\/v2\/media\/3612"},{"embeddable":true,"href":"https:\/\/fairway2hotel.at\/cs\/wp-json\/wp\/v2\/media\/3611"}],"wp:attachment":[{"href":"https:\/\/fairway2hotel.at\/cs\/wp-json\/wp\/v2\/media?parent=369"}],"curies":[{"name":"wp","href":"https:\/\/api.w.org\/{rel}","templated":true}]}}