{"id":3860,"date":"2022-10-08T14:52:30","date_gmt":"2022-10-08T12:52:30","guid":{"rendered":"http:\/\/fairway2hotel.at\/?page_id=3860"},"modified":"2025-02-12T10:40:51","modified_gmt":"2025-02-12T09:40:51","slug":"gc-bregenzerwald","status":"publish","type":"page","link":"https:\/\/fairway2hotel.at\/cs\/golfclubs\/vorarlberg\/gc-bregenzerwald\/","title":{"rendered":"GC Bregenzerwald"},"content":{"rendered":"<h2>Golfen im Naturjuwel<\/h2>\n<p>Das Sch\u00f6nste am Golf ist der Platz. Ganz besonders der Golfpark Bregenzerwald, wo Architekt Kurt Rossknecht die Besonderheiten des sanfth\u00fcgeligen Wei\u00dfach-Tales mit den alten Baumgruppen und naturbelassenen Streuwiesen durch sorgsam gesetzte Bunker, Teiche und Gr\u00fcns zu einem abwechslungsreichen Platz mit 18 Bahnen f\u00fcr alle Spielst\u00e4rken geformt hat.<br \/>\nHier findest du noch den urspr\u00fcnglichen Charme des Spiels, mit breiten Fairways, schmalen Korridoren, spannenden Hang- und Schr\u00e4glagen vor der imposanten Kulisse der Voralpen. So ist der Golfpark ideal in den traditionsreichen Bregenzerwald und in den Naturpark Nagelfluhkette eingebettet. Vogelgezwitscher und Bl\u00e4tterrauschen begleiten dein Spiel; du genie\u00dft die entspannende Ruhe, den ungest\u00f6rten Naturgenuss und die klare Alpenluft im milden Reizklima.<br \/>\nDie gepflegte Kulturlandschaft und freundliche Menschen schaffen Abstand zum Alltag und machen bei jeder Runde bereits Lust auf die n\u00e4chste. Im Golfpark Bregenzerwald wird jede Runde ein Fest f\u00fcr alle Sinne, f\u00fcr dich und deine Begleitung.<\/p>\n<h2>Golfing in a natural jewel<\/h2>\n<p>The most beautiful thing about golf is the course. Especially the Bregenzerwald Golf Park, where architect Kurt Rossknecht has shaped the special features of the gently undulating Wei\u00dfach valley with its old groups of trees and natural meadows with carefully placed bunkers, ponds and greens to create a varied course with 18 holes for all levels.<br \/>\nHere you will still find the original charm of the game, with wide fairways, narrow corridors, exciting slopes and inclines against the imposing backdrop of the foothills of the Alps. The golf park is ideally embedded in the traditional Bregenzerwald and the Nagelfluhkette Nature Park. Birdsong and the rustling of leaves accompany your game; you enjoy the relaxing tranquillity, the undisturbed enjoyment of nature and the clear Alpine air in the mild, bracing climate.<br \/>\nThe well-kept cultural landscape and friendly people create distance from everyday life and make you look forward to the next round. At the Bregenzerwald Golf Park, every round is a feast for all the senses, for you and your companions.<\/p>\n","protected":false},"excerpt":{"rendered":"<p>Golfen im Naturjuwel Das Sch\u00f6nste am Golf ist der Platz. Ganz besonders der Golfpark Bregenzerwald, wo Architekt Kurt Rossknecht die Besonderheiten des sanfth\u00fcgeligen Wei\u00dfach-Tales mit den alten Baumgruppen und naturbelassenen Streuwiesen durch sorgsam gesetzte Bunker, Teiche und Gr\u00fcns zu einem abwechslungsreichen Platz mit 18 Bahnen f\u00fcr alle Spielst\u00e4rken geformt hat. Hier findest du noch den [&hellip;]<\/p>\n","protected":false},"author":2,"featured_media":0,"parent":2955,"menu_order":2,"comment_status":"closed","ping_status":"closed","template":"page-partner.php","meta":{"_acf_changed":false,"footnotes":""},"class_list":["post-3860","page","type-page","status-publish","hentry"],"acf":{"partner_infobox":"<strong>Adresse:\u00a0<\/strong>Unterlitten 3a, 6943 Riefensberg\r\n\r\n<strong>Tel:<\/strong>+43 663 06430418\r\n\r\n<strong>Web: <\/strong><a href=\"https:\/\/www.golf-bregenzerwald.com\" target=\"_blank\" rel=\"nofollow noopener noreferrer\">www.golf-bregenzerwald.com<\/a>\r\n\r\n<strong>E-Mail:<\/strong> <a href=\"mailto:office@golf-bregenzerwald.com\">office@golf-bregenzerwald.com<\/a>","partner_logo":3868,"partner_gallery":[3865,3866,3867],"partner_lat":47.517545870234834,"partner_long":9.956940862965284,"partner_type":"golfclub","partner_openings":["1","2","3","4","5","6","7"],"montag_von_bis":"12:00 - 24:00","dienstag_von_bis":"12:00 - 24:00","mittwoch_von_bis":"12:00 - 24:00","donnerstag_von_bis":"12:00 - 24:00","freitag_von_bis":"12:00 - 24:00","samstag_von_bis":"00:00 - 24:00","sonntag_von_bis":"00:00 - 24:00","partner_adresse":"Unterlitten 3a, 6943 Riefensberg","partner_land_bundesland":"","partner_tel_1":"","partner_tel_2":"+43 663 06430418","partner_web":"https:\/\/www.golf-bregenzerwald.com","partner_mail":"office@golf-bregenzerwald.com","partner_spielbahnen_par":"18\/71","partner_laenge":"","partner_bedingungen":"Gutschein einl\u00f6sbar t\u00e4glich ab 12.00 Uhr.\r\nVouchers redeemable from 12.00 noon.","partner_anfahrt":"","partner_misc":null,"additional_css_classes":""},"yoast_head":"<!-- This site is optimized with the Yoast SEO plugin v26.8 - https:\/\/yoast.com\/product\/yoast-seo-wordpress\/ -->\n<title>GC Bregenzerwald - Fairway 2 Hotel<\/title>\n<meta name=\"robots\" content=\"index, follow, max-snippet:-1, max-image-preview:large, max-video-preview:-1\" \/>\n<link rel=\"canonical\" href=\"https:\/\/fairway2hotel.at\/cs\/golfclubs\/vorarlberg\/gc-bregenzerwald\/\" \/>\n<meta property=\"og:locale\" content=\"cs_CZ\" \/>\n<meta property=\"og:type\" content=\"article\" \/>\n<meta property=\"og:title\" content=\"GC Bregenzerwald - Fairway 2 Hotel\" \/>\n<meta property=\"og:description\" content=\"Golfen im Naturjuwel Das Sch\u00f6nste am Golf ist der Platz. Ganz besonders der Golfpark Bregenzerwald, wo Architekt Kurt Rossknecht die Besonderheiten des sanfth\u00fcgeligen Wei\u00dfach-Tales mit den alten Baumgruppen und naturbelassenen Streuwiesen durch sorgsam gesetzte Bunker, Teiche und Gr\u00fcns zu einem abwechslungsreichen Platz mit 18 Bahnen f\u00fcr alle Spielst\u00e4rken geformt hat. Hier findest du noch den [&hellip;]\" \/>\n<meta property=\"og:url\" content=\"https:\/\/fairway2hotel.at\/cs\/golfclubs\/vorarlberg\/gc-bregenzerwald\/\" \/>\n<meta property=\"og:site_name\" content=\"Fairway 2 Hotel\" \/>\n<meta property=\"article:modified_time\" content=\"2025-02-12T09:40:51+00:00\" \/>\n<meta name=\"twitter:card\" content=\"summary_large_image\" \/>\n<meta name=\"twitter:label1\" content=\"Odhadovan\u00e1 doba \u010dten\u00ed\" \/>\n\t<meta name=\"twitter:data1\" content=\"2 minuty\" \/>\n<script type=\"application\/ld+json\" class=\"yoast-schema-graph\">{\"@context\":\"https:\/\/schema.org\",\"@graph\":[{\"@type\":\"WebPage\",\"@id\":\"https:\/\/fairway2hotel.at\/cs\/golfclubs\/vorarlberg\/gc-bregenzerwald\/\",\"url\":\"https:\/\/fairway2hotel.at\/cs\/golfclubs\/vorarlberg\/gc-bregenzerwald\/\",\"name\":\"GC Bregenzerwald - Fairway 2 Hotel\",\"isPartOf\":{\"@id\":\"https:\/\/fairway2hotel.at\/cs\/#website\"},\"datePublished\":\"2022-10-08T12:52:30+00:00\",\"dateModified\":\"2025-02-12T09:40:51+00:00\",\"breadcrumb\":{\"@id\":\"https:\/\/fairway2hotel.at\/cs\/golfclubs\/vorarlberg\/gc-bregenzerwald\/#breadcrumb\"},\"inLanguage\":\"cs\",\"potentialAction\":[{\"@type\":\"ReadAction\",\"target\":[\"https:\/\/fairway2hotel.at\/cs\/golfclubs\/vorarlberg\/gc-bregenzerwald\/\"]}]},{\"@type\":\"BreadcrumbList\",\"@id\":\"https:\/\/fairway2hotel.at\/cs\/golfclubs\/vorarlberg\/gc-bregenzerwald\/#breadcrumb\",\"itemListElement\":[{\"@type\":\"ListItem\",\"position\":1,\"name\":\"Home\",\"item\":\"https:\/\/fairway2hotel.at\/cs\/\"},{\"@type\":\"ListItem\",\"position\":2,\"name\":\"Golfclubs\",\"item\":\"https:\/\/fairway2hotel.at\/cs\/golfclubs\/\"},{\"@type\":\"ListItem\",\"position\":3,\"name\":\"Golfclubs Vorarlberg\",\"item\":\"https:\/\/fairway2hotel.at\/cs\/golfclubs\/vorarlberg\/\"},{\"@type\":\"ListItem\",\"position\":4,\"name\":\"GC Bregenzerwald\"}]},{\"@type\":\"WebSite\",\"@id\":\"https:\/\/fairway2hotel.at\/cs\/#website\",\"url\":\"https:\/\/fairway2hotel.at\/cs\/\",\"name\":\"Fairway 2 Hotel\",\"description\":\"Golf zum halben Preis! 2 spielen - 1 zahlt\",\"potentialAction\":[{\"@type\":\"SearchAction\",\"target\":{\"@type\":\"EntryPoint\",\"urlTemplate\":\"https:\/\/fairway2hotel.at\/cs\/?s={search_term_string}\"},\"query-input\":{\"@type\":\"PropertyValueSpecification\",\"valueRequired\":true,\"valueName\":\"search_term_string\"}}],\"inLanguage\":\"cs\"}]}<\/script>\n<!-- \/ Yoast SEO plugin. -->","yoast_head_json":{"title":"GC Bregenzerwald - Fairway 2 Hotel","robots":{"index":"index","follow":"follow","max-snippet":"max-snippet:-1","max-image-preview":"max-image-preview:large","max-video-preview":"max-video-preview:-1"},"canonical":"https:\/\/fairway2hotel.at\/cs\/golfclubs\/vorarlberg\/gc-bregenzerwald\/","og_locale":"cs_CZ","og_type":"article","og_title":"GC Bregenzerwald - Fairway 2 Hotel","og_description":"Golfen im Naturjuwel Das Sch\u00f6nste am Golf ist der Platz. Ganz besonders der Golfpark Bregenzerwald, wo Architekt Kurt Rossknecht die Besonderheiten des sanfth\u00fcgeligen Wei\u00dfach-Tales mit den alten Baumgruppen und naturbelassenen Streuwiesen durch sorgsam gesetzte Bunker, Teiche und Gr\u00fcns zu einem abwechslungsreichen Platz mit 18 Bahnen f\u00fcr alle Spielst\u00e4rken geformt hat. Hier findest du noch den [&hellip;]","og_url":"https:\/\/fairway2hotel.at\/cs\/golfclubs\/vorarlberg\/gc-bregenzerwald\/","og_site_name":"Fairway 2 Hotel","article_modified_time":"2025-02-12T09:40:51+00:00","twitter_card":"summary_large_image","twitter_misc":{"Odhadovan\u00e1 doba \u010dten\u00ed":"2 minuty"},"schema":{"@context":"https:\/\/schema.org","@graph":[{"@type":"WebPage","@id":"https:\/\/fairway2hotel.at\/cs\/golfclubs\/vorarlberg\/gc-bregenzerwald\/","url":"https:\/\/fairway2hotel.at\/cs\/golfclubs\/vorarlberg\/gc-bregenzerwald\/","name":"GC Bregenzerwald - Fairway 2 Hotel","isPartOf":{"@id":"https:\/\/fairway2hotel.at\/cs\/#website"},"datePublished":"2022-10-08T12:52:30+00:00","dateModified":"2025-02-12T09:40:51+00:00","breadcrumb":{"@id":"https:\/\/fairway2hotel.at\/cs\/golfclubs\/vorarlberg\/gc-bregenzerwald\/#breadcrumb"},"inLanguage":"cs","potentialAction":[{"@type":"ReadAction","target":["https:\/\/fairway2hotel.at\/cs\/golfclubs\/vorarlberg\/gc-bregenzerwald\/"]}]},{"@type":"BreadcrumbList","@id":"https:\/\/fairway2hotel.at\/cs\/golfclubs\/vorarlberg\/gc-bregenzerwald\/#breadcrumb","itemListElement":[{"@type":"ListItem","position":1,"name":"Home","item":"https:\/\/fairway2hotel.at\/cs\/"},{"@type":"ListItem","position":2,"name":"Golfclubs","item":"https:\/\/fairway2hotel.at\/cs\/golfclubs\/"},{"@type":"ListItem","position":3,"name":"Golfclubs Vorarlberg","item":"https:\/\/fairway2hotel.at\/cs\/golfclubs\/vorarlberg\/"},{"@type":"ListItem","position":4,"name":"GC Bregenzerwald"}]},{"@type":"WebSite","@id":"https:\/\/fairway2hotel.at\/cs\/#website","url":"https:\/\/fairway2hotel.at\/cs\/","name":"Fairway 2 Hotel","description":"Golf zum halben Preis! 2 spielen - 1 zahlt","potentialAction":[{"@type":"SearchAction","target":{"@type":"EntryPoint","urlTemplate":"https:\/\/fairway2hotel.at\/cs\/?s={search_term_string}"},"query-input":{"@type":"PropertyValueSpecification","valueRequired":true,"valueName":"search_term_string"}}],"inLanguage":"cs"}]}},"_links":{"self":[{"href":"https:\/\/fairway2hotel.at\/cs\/wp-json\/wp\/v2\/pages\/3860","targetHints":{"allow":["GET"]}}],"collection":[{"href":"https:\/\/fairway2hotel.at\/cs\/wp-json\/wp\/v2\/pages"}],"about":[{"href":"https:\/\/fairway2hotel.at\/cs\/wp-json\/wp\/v2\/types\/page"}],"author":[{"embeddable":true,"href":"https:\/\/fairway2hotel.at\/cs\/wp-json\/wp\/v2\/users\/2"}],"replies":[{"embeddable":true,"href":"https:\/\/fairway2hotel.at\/cs\/wp-json\/wp\/v2\/comments?post=3860"}],"version-history":[{"count":17,"href":"https:\/\/fairway2hotel.at\/cs\/wp-json\/wp\/v2\/pages\/3860\/revisions"}],"predecessor-version":[{"id":46101,"href":"https:\/\/fairway2hotel.at\/cs\/wp-json\/wp\/v2\/pages\/3860\/revisions\/46101"}],"up":[{"embeddable":true,"href":"https:\/\/fairway2hotel.at\/cs\/wp-json\/wp\/v2\/pages\/2955"}],"acf:attachment":[{"embeddable":true,"href":"https:\/\/fairway2hotel.at\/cs\/wp-json\/wp\/v2\/media\/3867"},{"embeddable":true,"href":"https:\/\/fairway2hotel.at\/cs\/wp-json\/wp\/v2\/media\/3866"},{"embeddable":true,"href":"https:\/\/fairway2hotel.at\/cs\/wp-json\/wp\/v2\/media\/3865"}],"wp:attachment":[{"href":"https:\/\/fairway2hotel.at\/cs\/wp-json\/wp\/v2\/media?parent=3860"}],"curies":[{"name":"wp","href":"https:\/\/api.w.org\/{rel}","templated":true}]}}