{"id":3992,"date":"2022-10-12T14:04:09","date_gmt":"2022-10-12T12:04:09","guid":{"rendered":"http:\/\/fairway2hotel.at\/hotels\/slowenien\/ambient-hotel-copy\/"},"modified":"2025-09-01T09:32:11","modified_gmt":"2025-09-01T07:32:11","slug":"golfresort-il-pelagone","status":"publish","type":"page","link":"https:\/\/fairway2hotel.at\/cs\/hotels\/italien\/golfresort-il-pelagone\/","title":{"rendered":"Hotel Golfresort Il Pelagone"},"content":{"rendered":"<h2><b>Il Pelagone<\/b>, ein\u00a0<b>Golferparadies!<\/b><\/h2>\n<p>Das Il Pelagone Hotel &amp; Golf Resort verf\u00fcgt \u00fcber 123 klimatisierte Apartments im toskanischen Landhausstil, verteilt auf mehrere Geb\u00e4ude der malerisch angelegten Gr\u00fcnanlage. Alle Apartments besitzen einen Balkon oder eine Terrasse, ph\u00e4nomenale Aussicht inklusive. Kulinarische Gen\u00fcsse erwarten den Gast in zwei Restaurants. Das Restaurant \u201eLe Cerretelle\u201c mit maremmischer K\u00fcche wurde zudem zum besten Restaurant der Golf Resorts in Italien gew\u00e4hlt. Wunderbare Weine mit erlesenen Tropfen des eigenen Weinguts runden den Genuss ab. Diese lassen sich auch in den sch\u00f6nen, lauen N\u00e4chten an der Poolbar genie\u00dfen. Tennisplatz, E-Bike-Verleih, diverse Wanderstrecken, das hoteleigene Toscanella Ayurveda Wellness Center und der paradiesische Privatstrand am tyrrhenischen Meer runden das Angebot ab.<\/p>\n<h2><b>Il Pelagone<\/b>, a golfers paradise!<\/h2>\n<p>The Il Pelagone Hotel &amp; Golf Resort has 123 air-conditioned apartments in a Tuscan country house style, spread over several buildings in the picturesque green area. All apartments have a balcony or terrace, including phenomenal views. Culinary delights await guests in two restaurants. The restaurant \u201cLe Cerretelle\u201d with Maremma cuisine was also voted the best restaurant in the golf resorts in Italy. Wonderful wines with exquisite wines from our own winery round off the enjoyment. These can also be enjoyed at the pool bar on nice, warm nights. Tennis court, e-bike rental, various hiking trails, the hotel&#8217;s own Toscanella Ayurveda Wellness Center and the paradisiacal private beach on the Tyrrhenian Sea round off the offer.<\/p>\n","protected":false},"excerpt":{"rendered":"<p>Il Pelagone, ein\u00a0Golferparadies! Das Il Pelagone Hotel &amp; Golf Resort verf\u00fcgt \u00fcber 123 klimatisierte Apartments im toskanischen Landhausstil, verteilt auf mehrere Geb\u00e4ude der malerisch angelegten Gr\u00fcnanlage. Alle Apartments besitzen einen Balkon oder eine Terrasse, ph\u00e4nomenale Aussicht inklusive. Kulinarische Gen\u00fcsse erwarten den Gast in zwei Restaurants. Das Restaurant \u201eLe Cerretelle\u201c mit maremmischer K\u00fcche wurde zudem zum [&hellip;]<\/p>\n","protected":false},"author":2,"featured_media":0,"parent":3009,"menu_order":0,"comment_status":"closed","ping_status":"closed","template":"page-partner.php","meta":{"_acf_changed":false,"footnotes":""},"class_list":["post-3992","page","type-page","status-publish","hentry"],"acf":{"partner_infobox":"<strong>Adresse:\u00a0<\/strong>Pelagone 28 I-58023 Gavorrano\r\n\r\n<strong>Tel: <\/strong>+39 0566 844800\r\n\r\n<strong>Web: <\/strong><a href=\"https:\/\/www.ilpelagone.com\" target=\"_blank\" rel=\"nofollow noopener\">www.ilpelagone.com<\/a>\r\n\r\n<strong>E-Mail:<\/strong> <a href=\"mailto:reception@ilpelagone.com\">reception@ilpelagone.com<\/a>\r\n\r\n<em><strong>Bedingungen:\r\n<\/strong>GS k\u00f6nnen im August nicht eingel\u00f6st werden<\/em>","partner_logo":3994,"partner_gallery":[3995,3996,3997,3998,3999],"partner_lat":42.958126,"partner_long":10.857362,"partner_type":"hotel","partner_openings":["1","2","3","4","5","6","7"],"montag_von_bis":"00:00 - 24:00","dienstag_von_bis":"00:00 - 24:00","mittwoch_von_bis":"00:00 - 24:00","donnerstag_von_bis":"00:00 - 24:00","freitag_von_bis":"00:00 - 24:00","samstag_von_bis":"00:00 - 24:00","sonntag_von_bis":"00:00 - 24:00","partner_adresse":"Pelagone 28 I-58023 Gavorrano","partner_land_bundesland":"Italien","partner_tel_1":"+39 0566 844800","partner_tel_2":"","partner_web":"https:\/\/www.ilpelagone.com","partner_mail":"reception@ilpelagone.com","partner_spielbahnen_par":"","partner_laenge":"","partner_bedingungen":"GS k\u00f6nnen im Juli und August nicht eingel\u00f6st werden\r\nvouchers not redeemable in July and August","partner_anfahrt":"","partner_misc":null,"additional_css_classes":""},"yoast_head":"<!-- This site is optimized with the Yoast SEO plugin v26.8 - https:\/\/yoast.com\/product\/yoast-seo-wordpress\/ -->\n<title>Hotel Golfresort Il Pelagone - Fairway 2 Hotel<\/title>\n<meta name=\"robots\" content=\"index, follow, max-snippet:-1, max-image-preview:large, max-video-preview:-1\" \/>\n<link rel=\"canonical\" href=\"https:\/\/fairway2hotel.at\/cs\/hotels\/italien\/golfresort-il-pelagone\/\" \/>\n<meta property=\"og:locale\" content=\"cs_CZ\" \/>\n<meta property=\"og:type\" content=\"article\" \/>\n<meta property=\"og:title\" content=\"Hotel Golfresort Il Pelagone - Fairway 2 Hotel\" \/>\n<meta property=\"og:description\" content=\"Il Pelagone, ein\u00a0Golferparadies! Das Il Pelagone Hotel &amp; Golf Resort verf\u00fcgt \u00fcber 123 klimatisierte Apartments im toskanischen Landhausstil, verteilt auf mehrere Geb\u00e4ude der malerisch angelegten Gr\u00fcnanlage. Alle Apartments besitzen einen Balkon oder eine Terrasse, ph\u00e4nomenale Aussicht inklusive. Kulinarische Gen\u00fcsse erwarten den Gast in zwei Restaurants. Das Restaurant \u201eLe Cerretelle\u201c mit maremmischer K\u00fcche wurde zudem zum [&hellip;]\" \/>\n<meta property=\"og:url\" content=\"https:\/\/fairway2hotel.at\/cs\/hotels\/italien\/golfresort-il-pelagone\/\" \/>\n<meta property=\"og:site_name\" content=\"Fairway 2 Hotel\" \/>\n<meta property=\"article:modified_time\" content=\"2025-09-01T07:32:11+00:00\" \/>\n<meta name=\"twitter:card\" content=\"summary_large_image\" \/>\n<meta name=\"twitter:label1\" content=\"Odhadovan\u00e1 doba \u010dten\u00ed\" \/>\n\t<meta name=\"twitter:data1\" content=\"2 minuty\" \/>\n<script type=\"application\/ld+json\" class=\"yoast-schema-graph\">{\"@context\":\"https:\/\/schema.org\",\"@graph\":[{\"@type\":\"WebPage\",\"@id\":\"https:\/\/fairway2hotel.at\/cs\/hotels\/italien\/golfresort-il-pelagone\/\",\"url\":\"https:\/\/fairway2hotel.at\/cs\/hotels\/italien\/golfresort-il-pelagone\/\",\"name\":\"Hotel Golfresort Il Pelagone - Fairway 2 Hotel\",\"isPartOf\":{\"@id\":\"https:\/\/fairway2hotel.at\/cs\/#website\"},\"datePublished\":\"2022-10-12T12:04:09+00:00\",\"dateModified\":\"2025-09-01T07:32:11+00:00\",\"breadcrumb\":{\"@id\":\"https:\/\/fairway2hotel.at\/cs\/hotels\/italien\/golfresort-il-pelagone\/#breadcrumb\"},\"inLanguage\":\"cs\",\"potentialAction\":[{\"@type\":\"ReadAction\",\"target\":[\"https:\/\/fairway2hotel.at\/cs\/hotels\/italien\/golfresort-il-pelagone\/\"]}]},{\"@type\":\"BreadcrumbList\",\"@id\":\"https:\/\/fairway2hotel.at\/cs\/hotels\/italien\/golfresort-il-pelagone\/#breadcrumb\",\"itemListElement\":[{\"@type\":\"ListItem\",\"position\":1,\"name\":\"Home\",\"item\":\"https:\/\/fairway2hotel.at\/cs\/\"},{\"@type\":\"ListItem\",\"position\":2,\"name\":\"Hotels\",\"item\":\"https:\/\/fairway2hotel.at\/cs\/hotels\/\"},{\"@type\":\"ListItem\",\"position\":3,\"name\":\"Hotels Italien\",\"item\":\"https:\/\/fairway2hotel.at\/cs\/hotels\/italien\/\"},{\"@type\":\"ListItem\",\"position\":4,\"name\":\"Hotel Golfresort Il Pelagone\"}]},{\"@type\":\"WebSite\",\"@id\":\"https:\/\/fairway2hotel.at\/cs\/#website\",\"url\":\"https:\/\/fairway2hotel.at\/cs\/\",\"name\":\"Fairway 2 Hotel\",\"description\":\"Golf zum halben Preis! 2 spielen - 1 zahlt\",\"potentialAction\":[{\"@type\":\"SearchAction\",\"target\":{\"@type\":\"EntryPoint\",\"urlTemplate\":\"https:\/\/fairway2hotel.at\/cs\/?s={search_term_string}\"},\"query-input\":{\"@type\":\"PropertyValueSpecification\",\"valueRequired\":true,\"valueName\":\"search_term_string\"}}],\"inLanguage\":\"cs\"}]}<\/script>\n<!-- \/ Yoast SEO plugin. -->","yoast_head_json":{"title":"Hotel Golfresort Il Pelagone - Fairway 2 Hotel","robots":{"index":"index","follow":"follow","max-snippet":"max-snippet:-1","max-image-preview":"max-image-preview:large","max-video-preview":"max-video-preview:-1"},"canonical":"https:\/\/fairway2hotel.at\/cs\/hotels\/italien\/golfresort-il-pelagone\/","og_locale":"cs_CZ","og_type":"article","og_title":"Hotel Golfresort Il Pelagone - Fairway 2 Hotel","og_description":"Il Pelagone, ein\u00a0Golferparadies! Das Il Pelagone Hotel &amp; Golf Resort verf\u00fcgt \u00fcber 123 klimatisierte Apartments im toskanischen Landhausstil, verteilt auf mehrere Geb\u00e4ude der malerisch angelegten Gr\u00fcnanlage. Alle Apartments besitzen einen Balkon oder eine Terrasse, ph\u00e4nomenale Aussicht inklusive. Kulinarische Gen\u00fcsse erwarten den Gast in zwei Restaurants. Das Restaurant \u201eLe Cerretelle\u201c mit maremmischer K\u00fcche wurde zudem zum [&hellip;]","og_url":"https:\/\/fairway2hotel.at\/cs\/hotels\/italien\/golfresort-il-pelagone\/","og_site_name":"Fairway 2 Hotel","article_modified_time":"2025-09-01T07:32:11+00:00","twitter_card":"summary_large_image","twitter_misc":{"Odhadovan\u00e1 doba \u010dten\u00ed":"2 minuty"},"schema":{"@context":"https:\/\/schema.org","@graph":[{"@type":"WebPage","@id":"https:\/\/fairway2hotel.at\/cs\/hotels\/italien\/golfresort-il-pelagone\/","url":"https:\/\/fairway2hotel.at\/cs\/hotels\/italien\/golfresort-il-pelagone\/","name":"Hotel Golfresort Il Pelagone - Fairway 2 Hotel","isPartOf":{"@id":"https:\/\/fairway2hotel.at\/cs\/#website"},"datePublished":"2022-10-12T12:04:09+00:00","dateModified":"2025-09-01T07:32:11+00:00","breadcrumb":{"@id":"https:\/\/fairway2hotel.at\/cs\/hotels\/italien\/golfresort-il-pelagone\/#breadcrumb"},"inLanguage":"cs","potentialAction":[{"@type":"ReadAction","target":["https:\/\/fairway2hotel.at\/cs\/hotels\/italien\/golfresort-il-pelagone\/"]}]},{"@type":"BreadcrumbList","@id":"https:\/\/fairway2hotel.at\/cs\/hotels\/italien\/golfresort-il-pelagone\/#breadcrumb","itemListElement":[{"@type":"ListItem","position":1,"name":"Home","item":"https:\/\/fairway2hotel.at\/cs\/"},{"@type":"ListItem","position":2,"name":"Hotels","item":"https:\/\/fairway2hotel.at\/cs\/hotels\/"},{"@type":"ListItem","position":3,"name":"Hotels Italien","item":"https:\/\/fairway2hotel.at\/cs\/hotels\/italien\/"},{"@type":"ListItem","position":4,"name":"Hotel Golfresort Il Pelagone"}]},{"@type":"WebSite","@id":"https:\/\/fairway2hotel.at\/cs\/#website","url":"https:\/\/fairway2hotel.at\/cs\/","name":"Fairway 2 Hotel","description":"Golf zum halben Preis! 2 spielen - 1 zahlt","potentialAction":[{"@type":"SearchAction","target":{"@type":"EntryPoint","urlTemplate":"https:\/\/fairway2hotel.at\/cs\/?s={search_term_string}"},"query-input":{"@type":"PropertyValueSpecification","valueRequired":true,"valueName":"search_term_string"}}],"inLanguage":"cs"}]}},"_links":{"self":[{"href":"https:\/\/fairway2hotel.at\/cs\/wp-json\/wp\/v2\/pages\/3992","targetHints":{"allow":["GET"]}}],"collection":[{"href":"https:\/\/fairway2hotel.at\/cs\/wp-json\/wp\/v2\/pages"}],"about":[{"href":"https:\/\/fairway2hotel.at\/cs\/wp-json\/wp\/v2\/types\/page"}],"author":[{"embeddable":true,"href":"https:\/\/fairway2hotel.at\/cs\/wp-json\/wp\/v2\/users\/2"}],"replies":[{"embeddable":true,"href":"https:\/\/fairway2hotel.at\/cs\/wp-json\/wp\/v2\/comments?post=3992"}],"version-history":[{"count":16,"href":"https:\/\/fairway2hotel.at\/cs\/wp-json\/wp\/v2\/pages\/3992\/revisions"}],"predecessor-version":[{"id":49033,"href":"https:\/\/fairway2hotel.at\/cs\/wp-json\/wp\/v2\/pages\/3992\/revisions\/49033"}],"up":[{"embeddable":true,"href":"https:\/\/fairway2hotel.at\/cs\/wp-json\/wp\/v2\/pages\/3009"}],"acf:attachment":[{"embeddable":true,"href":"https:\/\/fairway2hotel.at\/cs\/wp-json\/wp\/v2\/media\/3999"},{"embeddable":true,"href":"https:\/\/fairway2hotel.at\/cs\/wp-json\/wp\/v2\/media\/3998"},{"embeddable":true,"href":"https:\/\/fairway2hotel.at\/cs\/wp-json\/wp\/v2\/media\/3997"},{"embeddable":true,"href":"https:\/\/fairway2hotel.at\/cs\/wp-json\/wp\/v2\/media\/3996"},{"embeddable":true,"href":"https:\/\/fairway2hotel.at\/cs\/wp-json\/wp\/v2\/media\/3995"}],"wp:attachment":[{"href":"https:\/\/fairway2hotel.at\/cs\/wp-json\/wp\/v2\/media?parent=3992"}],"curies":[{"name":"wp","href":"https:\/\/api.w.org\/{rel}","templated":true}]}}