{"id":4051,"date":"2022-10-22T13:45:12","date_gmt":"2022-10-22T11:45:12","guid":{"rendered":"http:\/\/fairway2hotel.at\/golfclubs\/slowenien\/golf-lipica-copy\/"},"modified":"2025-03-14T12:00:00","modified_gmt":"2025-03-14T11:00:00","slug":"hotel-maestoso-lipica","status":"publish","type":"page","link":"https:\/\/fairway2hotel.at\/cs\/hotels\/slowenien\/hotel-maestoso-lipica\/","title":{"rendered":"Hotel Maestoso Lipica"},"content":{"rendered":"<h2>Golf in der Wiege der wei\u00dfen Pferde<\/h2>\n<p>Das Hotel, das seinen Namen von einer der klassischen Linien der Lipizzaner-Hengste erhielt, ist ein in seiner \u00e4u\u00dferen Erscheinung perfekt gestaltetes Geb\u00e4ude, das sich selbstverst\u00e4ndlich mit traditionellen Lipizzaner-Elementen verbindet. Das Hotel Maestoso besteht jedoch nicht nur aus 139 sorgf\u00e4ltig gestalteten und eingerichteten Zimmern. Zum Angebot des Hotels geh\u00f6ren auch das Kongresszentrum Conversano, das A-la-carte-Restaurant Gratia.<br \/>\nDer Lipica Golfplatzt hat 9 L\u00f6cher, die von mittlerem Schwierigkeitsgrad sind und \u00fcber die Region Lipica verteilt sind. Das Layout des Spielplatzes folgt den nat\u00fcrlichen Elementen des Karstes. Der Lipica Golfplatz ist der Einzige in Slowenien, der Sie das ganze Jahr \u00fcber auf seine Greens einl\u00e4dt. Es verf\u00fcgt \u00fcber abwechslungsreiche Spielfelder, und die Besonderheit der Lipica -\u00dcbungsgel\u00e4nde ist, dass es 2 separate Golf-\u00dcbungsgel\u00e4nden gibt.<br \/>\nDas vielseitige Angebot auf dem Golfplatz wird Sie \u00fcberraschen, nebenbei haben unsere G\u00e4ste auch viele andere M\u00f6glichkeiten die Freizeit aktiv zu verbringen wie z.B. Reiten Minigolf, Spazierg\u00e4nge, Jogging, Radfahren und auch Nordic Walking.<\/p>\n<h2>Golf in the cradle of the white horses<\/h2>\n<p>The hotel, which takes its name from one of the classic lines of Lipizzaner stallions, is a perfectly designed building in its external appearance, which naturally combines traditional Lipizzaner elements. However, the Hotel Maestoso does not only consist of 139 carefully designed and furnished rooms. The hotel also offers the Conversano congress centre and the Gratia a la carte restaurant.<br \/>\nThe Lipica Golf Course has 9 holes of medium difficulty spread across the Lipica region. The layout of the course follows the natural elements of the karst. Lipica Golf Course is the only one in Slovenia that invites you to play its greens all year round. It has varied playing fields, and the speciality of the Lipica practice area is that there are 2 separate golf practice areas.<br \/>\nYou will be surprised by the variety of activities on the golf course, and our guests also have many other possibilities for spending their free time actively, such as horse riding, mini golf, walking, jogging, cycling and Nordic walking.<\/p>\n","protected":false},"excerpt":{"rendered":"<p>Golf in der Wiege der wei\u00dfen Pferde Das Hotel, das seinen Namen von einer der klassischen Linien der Lipizzaner-Hengste erhielt, ist ein in seiner \u00e4u\u00dferen Erscheinung perfekt gestaltetes Geb\u00e4ude, das sich selbstverst\u00e4ndlich mit traditionellen Lipizzaner-Elementen verbindet. Das Hotel Maestoso besteht jedoch nicht nur aus 139 sorgf\u00e4ltig gestalteten und eingerichteten Zimmern. Zum Angebot des Hotels geh\u00f6ren [&hellip;]<\/p>\n","protected":false},"author":2,"featured_media":0,"parent":2216,"menu_order":15,"comment_status":"closed","ping_status":"closed","template":"page-partner.php","meta":{"_acf_changed":false,"footnotes":""},"class_list":["post-4051","page","type-page","status-publish","hentry"],"acf":{"partner_infobox":"<strong>Adresse:\u00a0<\/strong>Lipica 5\r\nSI-6210 Sezana\r\n\r\n<strong>Tel:\u00a0<\/strong>+386 5739 1790\r\n\r\n<strong>Web: <\/strong><a href=\"http:\/\/www.lipica.org\" target=\"_blank\" rel=\"nofollow noopener\">www.lipica.org<\/a>\r\n\r\n<strong>E-Mail:<\/strong> <a href=\"mailto:maestoso@lipica.org\">maestoso@lipica.org<\/a>","partner_logo":756,"partner_gallery":[4053,4054],"partner_lat":45.6669746,"partner_long":13.8818997,"partner_type":"hotel","partner_openings":["1","2","3","4","7"],"montag_von_bis":"00:00 - 24:00","dienstag_von_bis":"00:00 - 24:00","mittwoch_von_bis":"00:00 - 24:00","donnerstag_von_bis":"00:00 - 24:00","freitag_von_bis":"00:00 - 24:00","samstag_von_bis":"00:00 - 24:00","sonntag_von_bis":"00:00 - 24:00","partner_adresse":"Lipica 5 SI-6210 Sezana","partner_land_bundesland":"Slowenien","partner_tel_1":"","partner_tel_2":"+386 5739 1790","partner_web":"https:\/\/www.lipica.org\/de\/","partner_mail":"maestoso@lipica.org","partner_spielbahnen_par":"","partner_laenge":"","partner_bedingungen":"GS bei Anreise von SO-DO einl\u00f6sbar\r\nvoucher redeemable from Sun-Thu","partner_anfahrt":"","partner_misc":null,"additional_css_classes":""},"yoast_head":"<!-- This site is optimized with the Yoast SEO plugin v26.8 - https:\/\/yoast.com\/product\/yoast-seo-wordpress\/ -->\n<title>Hotel Maestoso Lipica - Fairway 2 Hotel<\/title>\n<meta name=\"robots\" content=\"index, follow, max-snippet:-1, max-image-preview:large, max-video-preview:-1\" \/>\n<link rel=\"canonical\" href=\"https:\/\/fairway2hotel.at\/cs\/hotels\/slowenien\/hotel-maestoso-lipica\/\" \/>\n<meta property=\"og:locale\" content=\"cs_CZ\" \/>\n<meta property=\"og:type\" content=\"article\" \/>\n<meta property=\"og:title\" content=\"Hotel Maestoso Lipica - Fairway 2 Hotel\" \/>\n<meta property=\"og:description\" content=\"Golf in der Wiege der wei\u00dfen Pferde Das Hotel, das seinen Namen von einer der klassischen Linien der Lipizzaner-Hengste erhielt, ist ein in seiner \u00e4u\u00dferen Erscheinung perfekt gestaltetes Geb\u00e4ude, das sich selbstverst\u00e4ndlich mit traditionellen Lipizzaner-Elementen verbindet. Das Hotel Maestoso besteht jedoch nicht nur aus 139 sorgf\u00e4ltig gestalteten und eingerichteten Zimmern. Zum Angebot des Hotels geh\u00f6ren [&hellip;]\" \/>\n<meta property=\"og:url\" content=\"https:\/\/fairway2hotel.at\/cs\/hotels\/slowenien\/hotel-maestoso-lipica\/\" \/>\n<meta property=\"og:site_name\" content=\"Fairway 2 Hotel\" \/>\n<meta property=\"article:modified_time\" content=\"2025-03-14T11:00:00+00:00\" \/>\n<meta name=\"twitter:card\" content=\"summary_large_image\" \/>\n<meta name=\"twitter:label1\" content=\"Odhadovan\u00e1 doba \u010dten\u00ed\" \/>\n\t<meta name=\"twitter:data1\" content=\"2 minuty\" \/>\n<script type=\"application\/ld+json\" class=\"yoast-schema-graph\">{\"@context\":\"https:\/\/schema.org\",\"@graph\":[{\"@type\":\"WebPage\",\"@id\":\"https:\/\/fairway2hotel.at\/cs\/hotels\/slowenien\/hotel-maestoso-lipica\/\",\"url\":\"https:\/\/fairway2hotel.at\/cs\/hotels\/slowenien\/hotel-maestoso-lipica\/\",\"name\":\"Hotel Maestoso Lipica - Fairway 2 Hotel\",\"isPartOf\":{\"@id\":\"https:\/\/fairway2hotel.at\/cs\/#website\"},\"datePublished\":\"2022-10-22T11:45:12+00:00\",\"dateModified\":\"2025-03-14T11:00:00+00:00\",\"breadcrumb\":{\"@id\":\"https:\/\/fairway2hotel.at\/cs\/hotels\/slowenien\/hotel-maestoso-lipica\/#breadcrumb\"},\"inLanguage\":\"cs\",\"potentialAction\":[{\"@type\":\"ReadAction\",\"target\":[\"https:\/\/fairway2hotel.at\/cs\/hotels\/slowenien\/hotel-maestoso-lipica\/\"]}]},{\"@type\":\"BreadcrumbList\",\"@id\":\"https:\/\/fairway2hotel.at\/cs\/hotels\/slowenien\/hotel-maestoso-lipica\/#breadcrumb\",\"itemListElement\":[{\"@type\":\"ListItem\",\"position\":1,\"name\":\"Home\",\"item\":\"https:\/\/fairway2hotel.at\/cs\/\"},{\"@type\":\"ListItem\",\"position\":2,\"name\":\"Hotels\",\"item\":\"https:\/\/fairway2hotel.at\/cs\/hotels\/\"},{\"@type\":\"ListItem\",\"position\":3,\"name\":\"Hotels Slowenien\",\"item\":\"https:\/\/fairway2hotel.at\/cs\/hotels\/slowenien\/\"},{\"@type\":\"ListItem\",\"position\":4,\"name\":\"Hotel Maestoso Lipica\"}]},{\"@type\":\"WebSite\",\"@id\":\"https:\/\/fairway2hotel.at\/cs\/#website\",\"url\":\"https:\/\/fairway2hotel.at\/cs\/\",\"name\":\"Fairway 2 Hotel\",\"description\":\"Golf zum halben Preis! 2 spielen - 1 zahlt\",\"potentialAction\":[{\"@type\":\"SearchAction\",\"target\":{\"@type\":\"EntryPoint\",\"urlTemplate\":\"https:\/\/fairway2hotel.at\/cs\/?s={search_term_string}\"},\"query-input\":{\"@type\":\"PropertyValueSpecification\",\"valueRequired\":true,\"valueName\":\"search_term_string\"}}],\"inLanguage\":\"cs\"}]}<\/script>\n<!-- \/ Yoast SEO plugin. -->","yoast_head_json":{"title":"Hotel Maestoso Lipica - Fairway 2 Hotel","robots":{"index":"index","follow":"follow","max-snippet":"max-snippet:-1","max-image-preview":"max-image-preview:large","max-video-preview":"max-video-preview:-1"},"canonical":"https:\/\/fairway2hotel.at\/cs\/hotels\/slowenien\/hotel-maestoso-lipica\/","og_locale":"cs_CZ","og_type":"article","og_title":"Hotel Maestoso Lipica - Fairway 2 Hotel","og_description":"Golf in der Wiege der wei\u00dfen Pferde Das Hotel, das seinen Namen von einer der klassischen Linien der Lipizzaner-Hengste erhielt, ist ein in seiner \u00e4u\u00dferen Erscheinung perfekt gestaltetes Geb\u00e4ude, das sich selbstverst\u00e4ndlich mit traditionellen Lipizzaner-Elementen verbindet. Das Hotel Maestoso besteht jedoch nicht nur aus 139 sorgf\u00e4ltig gestalteten und eingerichteten Zimmern. Zum Angebot des Hotels geh\u00f6ren [&hellip;]","og_url":"https:\/\/fairway2hotel.at\/cs\/hotels\/slowenien\/hotel-maestoso-lipica\/","og_site_name":"Fairway 2 Hotel","article_modified_time":"2025-03-14T11:00:00+00:00","twitter_card":"summary_large_image","twitter_misc":{"Odhadovan\u00e1 doba \u010dten\u00ed":"2 minuty"},"schema":{"@context":"https:\/\/schema.org","@graph":[{"@type":"WebPage","@id":"https:\/\/fairway2hotel.at\/cs\/hotels\/slowenien\/hotel-maestoso-lipica\/","url":"https:\/\/fairway2hotel.at\/cs\/hotels\/slowenien\/hotel-maestoso-lipica\/","name":"Hotel Maestoso Lipica - Fairway 2 Hotel","isPartOf":{"@id":"https:\/\/fairway2hotel.at\/cs\/#website"},"datePublished":"2022-10-22T11:45:12+00:00","dateModified":"2025-03-14T11:00:00+00:00","breadcrumb":{"@id":"https:\/\/fairway2hotel.at\/cs\/hotels\/slowenien\/hotel-maestoso-lipica\/#breadcrumb"},"inLanguage":"cs","potentialAction":[{"@type":"ReadAction","target":["https:\/\/fairway2hotel.at\/cs\/hotels\/slowenien\/hotel-maestoso-lipica\/"]}]},{"@type":"BreadcrumbList","@id":"https:\/\/fairway2hotel.at\/cs\/hotels\/slowenien\/hotel-maestoso-lipica\/#breadcrumb","itemListElement":[{"@type":"ListItem","position":1,"name":"Home","item":"https:\/\/fairway2hotel.at\/cs\/"},{"@type":"ListItem","position":2,"name":"Hotels","item":"https:\/\/fairway2hotel.at\/cs\/hotels\/"},{"@type":"ListItem","position":3,"name":"Hotels Slowenien","item":"https:\/\/fairway2hotel.at\/cs\/hotels\/slowenien\/"},{"@type":"ListItem","position":4,"name":"Hotel Maestoso Lipica"}]},{"@type":"WebSite","@id":"https:\/\/fairway2hotel.at\/cs\/#website","url":"https:\/\/fairway2hotel.at\/cs\/","name":"Fairway 2 Hotel","description":"Golf zum halben Preis! 2 spielen - 1 zahlt","potentialAction":[{"@type":"SearchAction","target":{"@type":"EntryPoint","urlTemplate":"https:\/\/fairway2hotel.at\/cs\/?s={search_term_string}"},"query-input":{"@type":"PropertyValueSpecification","valueRequired":true,"valueName":"search_term_string"}}],"inLanguage":"cs"}]}},"_links":{"self":[{"href":"https:\/\/fairway2hotel.at\/cs\/wp-json\/wp\/v2\/pages\/4051","targetHints":{"allow":["GET"]}}],"collection":[{"href":"https:\/\/fairway2hotel.at\/cs\/wp-json\/wp\/v2\/pages"}],"about":[{"href":"https:\/\/fairway2hotel.at\/cs\/wp-json\/wp\/v2\/types\/page"}],"author":[{"embeddable":true,"href":"https:\/\/fairway2hotel.at\/cs\/wp-json\/wp\/v2\/users\/2"}],"replies":[{"embeddable":true,"href":"https:\/\/fairway2hotel.at\/cs\/wp-json\/wp\/v2\/comments?post=4051"}],"version-history":[{"count":4,"href":"https:\/\/fairway2hotel.at\/cs\/wp-json\/wp\/v2\/pages\/4051\/revisions"}],"predecessor-version":[{"id":46599,"href":"https:\/\/fairway2hotel.at\/cs\/wp-json\/wp\/v2\/pages\/4051\/revisions\/46599"}],"up":[{"embeddable":true,"href":"https:\/\/fairway2hotel.at\/cs\/wp-json\/wp\/v2\/pages\/2216"}],"acf:attachment":[{"embeddable":true,"href":"https:\/\/fairway2hotel.at\/cs\/wp-json\/wp\/v2\/media\/4054"},{"embeddable":true,"href":"https:\/\/fairway2hotel.at\/cs\/wp-json\/wp\/v2\/media\/4053"}],"wp:attachment":[{"href":"https:\/\/fairway2hotel.at\/cs\/wp-json\/wp\/v2\/media?parent=4051"}],"curies":[{"name":"wp","href":"https:\/\/api.w.org\/{rel}","templated":true}]}}