{"id":415,"date":"2009-07-19T19:23:47","date_gmt":"2009-07-19T17:23:47","guid":{"rendered":"https:\/\/f2h.app\/naturhotel-enzianhof\/"},"modified":"2025-03-14T10:43:10","modified_gmt":"2025-03-14T09:43:10","slug":"naturhotel-enzianhof","status":"publish","type":"page","link":"https:\/\/fairway2hotel.at\/cs\/hotels\/steiermark\/naturhotel-enzianhof\/","title":{"rendered":"Naturhotel Enzianhof"},"content":{"rendered":"<h2>Im Naturhotel Enzianhof Energie und Lebensfreude tanken<\/h2>\n<p>Fein wohnen im Vollholz-DZ oder in Landhaus-Suiten auf 800 m Seeho\u0308he mit herrlichem Blick auf die Weststeiermark. Der Enzianhof ist Ausgangspunkt zu 9 Golf- pla\u0308tzen (erma\u0308\u00dfigte Greenfees), 6 Sand- und 3 Hallenpla\u0308tze garantieren Tennis nach Herzenslust. Fu\u0308r Au\u00dfergewo\u0308hnliches ko\u0308nnen Sie mit einer Harley Davidsons die Su\u0308d- und Weststeiermark erkunden oder am Hochseilparcours den Grenzgang der Gefu\u0308hle erleben. Zum Entspannen laden das Panorama-Hallenbad und der Wellnessbereich ein, Massage und Kosmetik runden das Verwo\u0308hnprogramm ab. Kulinarisch genie\u00dfen Sie die steirische Geschmackssymphonie: das Beste vom Styria Beef, Freilandschwein und heimischen Wild, dazu die Heilkraft eines guten Glas Weines.<\/p>\n<h2>Recharge your batteries and zest for life at the Naturhotel Enzianhof<\/h2>\n<p>Fine living in solid wood double rooms or in country house suites at 800 metres above sea level with a magnificent view of Western Styria. The Enzianhof is the starting point for 9 golf courses (discounted green fees), 6 sand and 3 indoor courts guarantee tennis to your heart&#8217;s content. For something out of the ordinary, you can explore southern and western Styria on a Harley Davidson or experience the borderline of emotions on the high ropes course. The panoramic indoor pool and wellness area invite you to relax, while massages and beauty treatments round off the pampering programme. Enjoy the Styrian culinary symphony of flavours: the best of Styria Beef, free-range pork and local game, plus the healing power of a good glass of wine.<\/p>\n","protected":false},"excerpt":{"rendered":"<p>Im Naturhotel Enzianhof Energie und Lebensfreude tanken Fein wohnen im Vollholz-DZ oder in Landhaus-Suiten auf 800 m Seeho\u0308he mit herrlichem Blick auf die Weststeiermark. Der Enzianhof ist Ausgangspunkt zu 9 Golf- pla\u0308tzen (erma\u0308\u00dfigte Greenfees), 6 Sand- und 3 Hallenpla\u0308tze garantieren Tennis nach Herzenslust. Fu\u0308r Au\u00dfergewo\u0308hnliches ko\u0308nnen Sie mit einer Harley Davidsons die Su\u0308d- und Weststeiermark [&hellip;]<\/p>\n","protected":false},"author":1,"featured_media":0,"parent":2141,"menu_order":5,"comment_status":"closed","ping_status":"closed","template":"page-partner.php","meta":{"_acf_changed":false,"footnotes":""},"class_list":["post-415","page","type-page","status-publish","hentry"],"acf":{"partner_infobox":"<strong>Adresse:\u00a0<\/strong>Oberwald 49, 8563 Ligist\r\n\r\n<strong>Tel:\u00a0<\/strong>03143\/21 06\r\n\r\n<strong>Fax:\u00a0<\/strong>03143\/21 06-41\r\n\r\n<strong>Web: <\/strong><a href=\"http:\/\/www.enzianhof.at\" target=\"_blank\" rel=\"nofollow noopener noreferrer\">www.enzianhof.at<\/a>\r\n\r\n<strong>E-Mail:<\/strong> <a href=\"mailto:info@enzianhof.at\">info@enzianhof.at<\/a>\r\n\r\n<em><strong>Bedingungen: <\/strong>2 Na\u0308chtigungen zum Preis von einer.<\/em>\r\n\r\n<strong>Golfpl\u00e4tze in der Umgebung:\r\n<\/strong>Maria Lankowitz 25 min\r\nGC Thal 30 Min\r\nGC Frauenthal 35 Min\r\nGC Mursta\u0308tten 35 Min\r\n\r\n<strong>Anfahrt:\r\n<\/strong>A2 Abfahrt Steinberg Links Richtung Ligist, nach 3,5 km wieder links und den Hinweisschildern folgen (5 km bergauf und immer links halten)","partner_logo":3621,"partner_gallery":[3618,3619],"partner_lat":46.973526,"partner_long":15.176833,"partner_type":"hotel","partner_openings":["1","2","3","4","5","6","7"],"montag_von_bis":"00:00 - 24:00","dienstag_von_bis":"00:00 - 24:00","mittwoch_von_bis":"00:00 - 24:00","donnerstag_von_bis":"00:00 - 24:00","freitag_von_bis":"00:00 - 24:00","samstag_von_bis":"00:00 - 24:00","sonntag_von_bis":"00:00 - 24:00","partner_adresse":"Oberwald 49, 8563 Ligist","partner_land_bundesland":"","partner_tel_1":"0043 3143\/21 06","partner_tel_2":"","partner_web":"http:\/\/www.enzianhof.at","partner_mail":"info@enzianhof.at","partner_spielbahnen_par":"","partner_laenge":"","partner_bedingungen":"2 Na\u0308chtigungen zum Preis von einer.\r\n2 overnight stays for the price of one.","partner_anfahrt":"","partner_misc":null,"additional_css_classes":""},"yoast_head":"<!-- This site is optimized with the Yoast SEO plugin v26.8 - https:\/\/yoast.com\/product\/yoast-seo-wordpress\/ -->\n<title>Naturhotel Enzianhof - Fairway 2 Hotel<\/title>\n<meta name=\"robots\" content=\"index, follow, max-snippet:-1, max-image-preview:large, max-video-preview:-1\" \/>\n<link rel=\"canonical\" href=\"https:\/\/fairway2hotel.at\/cs\/hotels\/steiermark\/naturhotel-enzianhof\/\" \/>\n<meta property=\"og:locale\" content=\"cs_CZ\" \/>\n<meta property=\"og:type\" content=\"article\" \/>\n<meta property=\"og:title\" content=\"Naturhotel Enzianhof - Fairway 2 Hotel\" \/>\n<meta property=\"og:description\" content=\"Im Naturhotel Enzianhof Energie und Lebensfreude tanken Fein wohnen im Vollholz-DZ oder in Landhaus-Suiten auf 800 m Seeho\u0308he mit herrlichem Blick auf die Weststeiermark. Der Enzianhof ist Ausgangspunkt zu 9 Golf- pla\u0308tzen (erma\u0308\u00dfigte Greenfees), 6 Sand- und 3 Hallenpla\u0308tze garantieren Tennis nach Herzenslust. Fu\u0308r Au\u00dfergewo\u0308hnliches ko\u0308nnen Sie mit einer Harley Davidsons die Su\u0308d- und Weststeiermark [&hellip;]\" \/>\n<meta property=\"og:url\" content=\"https:\/\/fairway2hotel.at\/cs\/hotels\/steiermark\/naturhotel-enzianhof\/\" \/>\n<meta property=\"og:site_name\" content=\"Fairway 2 Hotel\" \/>\n<meta property=\"article:modified_time\" content=\"2025-03-14T09:43:10+00:00\" \/>\n<meta name=\"twitter:card\" content=\"summary_large_image\" \/>\n<meta name=\"twitter:label1\" content=\"Odhadovan\u00e1 doba \u010dten\u00ed\" \/>\n\t<meta name=\"twitter:data1\" content=\"2 minuty\" \/>\n<script type=\"application\/ld+json\" class=\"yoast-schema-graph\">{\"@context\":\"https:\/\/schema.org\",\"@graph\":[{\"@type\":\"WebPage\",\"@id\":\"https:\/\/fairway2hotel.at\/cs\/hotels\/steiermark\/naturhotel-enzianhof\/\",\"url\":\"https:\/\/fairway2hotel.at\/cs\/hotels\/steiermark\/naturhotel-enzianhof\/\",\"name\":\"Naturhotel Enzianhof - Fairway 2 Hotel\",\"isPartOf\":{\"@id\":\"https:\/\/fairway2hotel.at\/cs\/#website\"},\"datePublished\":\"2009-07-19T17:23:47+00:00\",\"dateModified\":\"2025-03-14T09:43:10+00:00\",\"breadcrumb\":{\"@id\":\"https:\/\/fairway2hotel.at\/cs\/hotels\/steiermark\/naturhotel-enzianhof\/#breadcrumb\"},\"inLanguage\":\"cs\",\"potentialAction\":[{\"@type\":\"ReadAction\",\"target\":[\"https:\/\/fairway2hotel.at\/cs\/hotels\/steiermark\/naturhotel-enzianhof\/\"]}]},{\"@type\":\"BreadcrumbList\",\"@id\":\"https:\/\/fairway2hotel.at\/cs\/hotels\/steiermark\/naturhotel-enzianhof\/#breadcrumb\",\"itemListElement\":[{\"@type\":\"ListItem\",\"position\":1,\"name\":\"Home\",\"item\":\"https:\/\/fairway2hotel.at\/cs\/\"},{\"@type\":\"ListItem\",\"position\":2,\"name\":\"Hotels\",\"item\":\"https:\/\/fairway2hotel.at\/cs\/hotels\/\"},{\"@type\":\"ListItem\",\"position\":3,\"name\":\"Hotels Steiermark\",\"item\":\"https:\/\/fairway2hotel.at\/cs\/hotels\/steiermark\/\"},{\"@type\":\"ListItem\",\"position\":4,\"name\":\"Naturhotel Enzianhof\"}]},{\"@type\":\"WebSite\",\"@id\":\"https:\/\/fairway2hotel.at\/cs\/#website\",\"url\":\"https:\/\/fairway2hotel.at\/cs\/\",\"name\":\"Fairway 2 Hotel\",\"description\":\"Golf zum halben Preis! 2 spielen - 1 zahlt\",\"potentialAction\":[{\"@type\":\"SearchAction\",\"target\":{\"@type\":\"EntryPoint\",\"urlTemplate\":\"https:\/\/fairway2hotel.at\/cs\/?s={search_term_string}\"},\"query-input\":{\"@type\":\"PropertyValueSpecification\",\"valueRequired\":true,\"valueName\":\"search_term_string\"}}],\"inLanguage\":\"cs\"}]}<\/script>\n<!-- \/ Yoast SEO plugin. -->","yoast_head_json":{"title":"Naturhotel Enzianhof - Fairway 2 Hotel","robots":{"index":"index","follow":"follow","max-snippet":"max-snippet:-1","max-image-preview":"max-image-preview:large","max-video-preview":"max-video-preview:-1"},"canonical":"https:\/\/fairway2hotel.at\/cs\/hotels\/steiermark\/naturhotel-enzianhof\/","og_locale":"cs_CZ","og_type":"article","og_title":"Naturhotel Enzianhof - Fairway 2 Hotel","og_description":"Im Naturhotel Enzianhof Energie und Lebensfreude tanken Fein wohnen im Vollholz-DZ oder in Landhaus-Suiten auf 800 m Seeho\u0308he mit herrlichem Blick auf die Weststeiermark. Der Enzianhof ist Ausgangspunkt zu 9 Golf- pla\u0308tzen (erma\u0308\u00dfigte Greenfees), 6 Sand- und 3 Hallenpla\u0308tze garantieren Tennis nach Herzenslust. Fu\u0308r Au\u00dfergewo\u0308hnliches ko\u0308nnen Sie mit einer Harley Davidsons die Su\u0308d- und Weststeiermark [&hellip;]","og_url":"https:\/\/fairway2hotel.at\/cs\/hotels\/steiermark\/naturhotel-enzianhof\/","og_site_name":"Fairway 2 Hotel","article_modified_time":"2025-03-14T09:43:10+00:00","twitter_card":"summary_large_image","twitter_misc":{"Odhadovan\u00e1 doba \u010dten\u00ed":"2 minuty"},"schema":{"@context":"https:\/\/schema.org","@graph":[{"@type":"WebPage","@id":"https:\/\/fairway2hotel.at\/cs\/hotels\/steiermark\/naturhotel-enzianhof\/","url":"https:\/\/fairway2hotel.at\/cs\/hotels\/steiermark\/naturhotel-enzianhof\/","name":"Naturhotel Enzianhof - Fairway 2 Hotel","isPartOf":{"@id":"https:\/\/fairway2hotel.at\/cs\/#website"},"datePublished":"2009-07-19T17:23:47+00:00","dateModified":"2025-03-14T09:43:10+00:00","breadcrumb":{"@id":"https:\/\/fairway2hotel.at\/cs\/hotels\/steiermark\/naturhotel-enzianhof\/#breadcrumb"},"inLanguage":"cs","potentialAction":[{"@type":"ReadAction","target":["https:\/\/fairway2hotel.at\/cs\/hotels\/steiermark\/naturhotel-enzianhof\/"]}]},{"@type":"BreadcrumbList","@id":"https:\/\/fairway2hotel.at\/cs\/hotels\/steiermark\/naturhotel-enzianhof\/#breadcrumb","itemListElement":[{"@type":"ListItem","position":1,"name":"Home","item":"https:\/\/fairway2hotel.at\/cs\/"},{"@type":"ListItem","position":2,"name":"Hotels","item":"https:\/\/fairway2hotel.at\/cs\/hotels\/"},{"@type":"ListItem","position":3,"name":"Hotels Steiermark","item":"https:\/\/fairway2hotel.at\/cs\/hotels\/steiermark\/"},{"@type":"ListItem","position":4,"name":"Naturhotel Enzianhof"}]},{"@type":"WebSite","@id":"https:\/\/fairway2hotel.at\/cs\/#website","url":"https:\/\/fairway2hotel.at\/cs\/","name":"Fairway 2 Hotel","description":"Golf zum halben Preis! 2 spielen - 1 zahlt","potentialAction":[{"@type":"SearchAction","target":{"@type":"EntryPoint","urlTemplate":"https:\/\/fairway2hotel.at\/cs\/?s={search_term_string}"},"query-input":{"@type":"PropertyValueSpecification","valueRequired":true,"valueName":"search_term_string"}}],"inLanguage":"cs"}]}},"_links":{"self":[{"href":"https:\/\/fairway2hotel.at\/cs\/wp-json\/wp\/v2\/pages\/415","targetHints":{"allow":["GET"]}}],"collection":[{"href":"https:\/\/fairway2hotel.at\/cs\/wp-json\/wp\/v2\/pages"}],"about":[{"href":"https:\/\/fairway2hotel.at\/cs\/wp-json\/wp\/v2\/types\/page"}],"author":[{"embeddable":true,"href":"https:\/\/fairway2hotel.at\/cs\/wp-json\/wp\/v2\/users\/1"}],"replies":[{"embeddable":true,"href":"https:\/\/fairway2hotel.at\/cs\/wp-json\/wp\/v2\/comments?post=415"}],"version-history":[{"count":9,"href":"https:\/\/fairway2hotel.at\/cs\/wp-json\/wp\/v2\/pages\/415\/revisions"}],"predecessor-version":[{"id":46557,"href":"https:\/\/fairway2hotel.at\/cs\/wp-json\/wp\/v2\/pages\/415\/revisions\/46557"}],"up":[{"embeddable":true,"href":"https:\/\/fairway2hotel.at\/cs\/wp-json\/wp\/v2\/pages\/2141"}],"acf:attachment":[{"embeddable":true,"href":"https:\/\/fairway2hotel.at\/cs\/wp-json\/wp\/v2\/media\/3619"},{"embeddable":true,"href":"https:\/\/fairway2hotel.at\/cs\/wp-json\/wp\/v2\/media\/3618"}],"wp:attachment":[{"href":"https:\/\/fairway2hotel.at\/cs\/wp-json\/wp\/v2\/media?parent=415"}],"curies":[{"name":"wp","href":"https:\/\/api.w.org\/{rel}","templated":true}]}}