{"id":42417,"date":"2024-08-28T16:54:12","date_gmt":"2024-08-28T14:54:12","guid":{"rendered":"https:\/\/fairway2hotel.at\/hotels\/burgenland\/sonnenchalets-greenhouse-copy-2\/"},"modified":"2025-03-14T10:38:20","modified_gmt":"2025-03-14T09:38:20","slug":"finy-homes-stegersbach","status":"publish","type":"page","link":"https:\/\/fairway2hotel.at\/cs\/hotels\/burgenland\/finy-homes-stegersbach\/","title":{"rendered":"Finy Homes Stegersbach"},"content":{"rendered":"<h2>\u00a0Willkommen im Golfer Eldorado!<\/h2>\n<p>&nbsp;<\/p>\n<p>Hier erwartet euch luxuri\u00f6ses und entspanntes Urlauben-euer brandneues und exclusives Resort auf 4800 m mit nur 4 Ferienhauseinheiten im sch\u00f6nen S\u00fcdburgenland. Hinreichend Privatsph\u00e4re in Kombination mit herzlicher Betreuung. Perfekt gelegen neben dem 45-Loch Golfplatz Stegersbach, bieten die Finy Homes eine bequeme Anbindung zum ersten Abschlag in nur einer Minute und zur Therme in nur zwei Minuten. Die vier vollausgestatteten Finy Homes sind luxuri\u00f6s und wurden nachhaltig errichtet. Sie bieten ein au\u00dfergew\u00f6hnliches Wohnerlebnis auf 42 m\u00b2. Jedes der vier baugleichen Finy\u00b4s bietet Platz f\u00fcr bis zu drei Personen. Die moderne Vollausstattung umfasst eine DAN-K\u00fcche mit Thermomix 6, einen ger\u00e4umigen Wohnraum sowie ein nobles Bad mit Regendusche und einer eigenen Infrarotkabine.<br \/>\nZum Entspannen bietet jedes Haus eine 28 m\u00b2 Terrasse. Hierhin wird auch der t\u00e4gliche Pyjama-Fr\u00fchst\u00fcckskorb geliefert. Auf dem Finy Homes Areal befinden sich ebenfalls eine handgefertigte Fass-Sauna, ein King-Size Whirlpool und ein bl\u00fchender Garten zum Entspannen und Genie\u00dfen der mediterranen Sonne. Entdeckt das Besondere und genie\u00dft euren Golf-Urlaub bei uns!<\/p>\n<p>Herzlichst Sylvia und Alexander Schwab<\/p>\n<h2>Welcome to the golfer&#8217;s Eldorado!<\/h2>\n<p>&nbsp;<\/p>\n<p>Luxurious and relaxed holidays await you here &#8211; a brand new and exclusive resort at 4800 m with only 4 holiday home units in beautiful southern Burgenland. Sufficient privacy in combination with cordial care. Perfectly located next to the 45-hole Stegersbach golf course, the Finy Homes offer easy access to the first tee in just one minute and to the thermal spa in just two minutes. The four fully equipped Finy Homes are luxurious and have been built sustainably. They offer an exceptional living experience on 42 m\u00b2. Each of the four identical Finy&#8217;s offers space for up to three people. The modern, fully-equipped accommodation includes a DAN kitchen with Thermomix 6, a spacious living room and a luxurious bathroom with rain shower and private infrared cabin.<br \/>\nEach house has a 28 m\u00b2 terrace for relaxing. This is also where the daily pyjama breakfast basket is delivered. The Finy Homes area also has a handmade barrel sauna, a king-size whirlpool and a flowering garden to relax and enjoy the Mediterranean sun. Discover something special and enjoy your golf holiday with us!<\/p>\n<p>Sincerely, Sylvia and Alexander Schwab<\/p>\n<p style=\"margin: 0cm 0cm 7.5pt 0cm;\">\n","protected":false},"excerpt":{"rendered":"<p>\u00a0Willkommen im Golfer Eldorado! &nbsp; Hier erwartet euch luxuri\u00f6ses und entspanntes Urlauben-euer brandneues und exclusives Resort auf 4800 m mit nur 4 Ferienhauseinheiten im sch\u00f6nen S\u00fcdburgenland. Hinreichend Privatsph\u00e4re in Kombination mit herzlicher Betreuung. Perfekt gelegen neben dem 45-Loch Golfplatz Stegersbach, bieten die Finy Homes eine bequeme Anbindung zum ersten Abschlag in nur einer Minute und [&hellip;]<\/p>\n","protected":false},"author":24,"featured_media":0,"parent":2135,"menu_order":0,"comment_status":"closed","ping_status":"closed","template":"page-partner.php","meta":{"_acf_changed":false,"footnotes":""},"class_list":["post-42417","page","type-page","status-publish","hentry"],"acf":{"partner_infobox":"<strong>Adresse:\u00a0<\/strong>Golfplatz 1 Lutzmannsburg an der Sonnentherme, 9476 Zsira\r\n\r\n<strong>Tel:\u00a0<\/strong>0664 313 95 40\r\n\r\n<strong>Web: <\/strong><a href=\"http:\/\/www.sonnenchalets.com\" target=\"_blank\" rel=\"nofollow noopener\">www.sonnenchalets.com<\/a>\r\n\r\n<strong>E-Mail:<\/strong> <a href=\"mailto:info@sonnenchalets.com\">info@sonnenchalets.com<\/a>\r\n\r\n<em><strong>Bedingungen:\r\n<\/strong>Einlo\u0308sbar von April bis Oktober, mit Reservierungsbesta\u0308tigung; Wochenende bzw. zu Feiertage (Zuschlag \u20ac 20,00) und Mindestaufenthalt von 2 Na\u0308chtigungen.<\/em>\r\n\r\n<strong>Golfclubs in der N\u00e4he: <\/strong>GC Bu\u0308k 15 km\r\n\r\n<strong>Anfahrt:\r\n<\/strong>von Wien: A2 bis Auto- bahnknoten Guntramsdorf \u2192 A3 \u2192 Eisenstadt \u2192 S31 \u2192 Mattersburg. Fahren Sie bei \u201eOberpullendorf Su\u0308d\u201c von der S31 ab Schildern folgen.","partner_logo":null,"partner_gallery":[42419,42421,42425,42427,42429],"partner_lat":47.17524943860616,"partner_long":16.155131297051685,"partner_type":"hotel","partner_openings":["1","2","3","4","5","6","7"],"montag_von_bis":"00:00 - 24:00","dienstag_von_bis":"00:00 - 24:00","mittwoch_von_bis":"00:00 - 24:00","donnerstag_von_bis":"00:00 - 24:00","freitag_von_bis":"00:00 - 24:00","samstag_von_bis":"00:00 - 24:00","sonntag_von_bis":"00:00 - 24:00","partner_adresse":"Steinbacherstrasse 81, 7551 Stegersbach","partner_land_bundesland":"","partner_tel_1":"+43 664 640 01 55","partner_tel_2":"","partner_web":"https:\/\/www.finy-homes.at","partner_mail":"sylvia@finy-homes.at","partner_spielbahnen_par":"","partner_laenge":"","partner_bedingungen":"Gutschein nur f\u00fcr 2 N\u00e4chte einl\u00f6sbar. In den Monaten von Mai-August erst 3 Tage vor Anreise buchbar.\r\nVoucher only redeemable for 2 nights. In the months of May-August only bookable 3 days before arrival.","partner_anfahrt":"","partner_misc":null,"additional_css_classes":""},"yoast_head":"<!-- This site is optimized with the Yoast SEO plugin v26.8 - https:\/\/yoast.com\/product\/yoast-seo-wordpress\/ -->\n<title>Finy Homes Stegersbach - Fairway 2 Hotel<\/title>\n<meta name=\"robots\" content=\"index, follow, max-snippet:-1, max-image-preview:large, max-video-preview:-1\" \/>\n<link rel=\"canonical\" href=\"https:\/\/fairway2hotel.at\/cs\/hotels\/burgenland\/finy-homes-stegersbach\/\" \/>\n<meta property=\"og:locale\" content=\"cs_CZ\" \/>\n<meta property=\"og:type\" content=\"article\" \/>\n<meta property=\"og:title\" content=\"Finy Homes Stegersbach - Fairway 2 Hotel\" \/>\n<meta property=\"og:description\" content=\"\u00a0Willkommen im Golfer Eldorado! &nbsp; Hier erwartet euch luxuri\u00f6ses und entspanntes Urlauben-euer brandneues und exclusives Resort auf 4800 m mit nur 4 Ferienhauseinheiten im sch\u00f6nen S\u00fcdburgenland. Hinreichend Privatsph\u00e4re in Kombination mit herzlicher Betreuung. Perfekt gelegen neben dem 45-Loch Golfplatz Stegersbach, bieten die Finy Homes eine bequeme Anbindung zum ersten Abschlag in nur einer Minute und [&hellip;]\" \/>\n<meta property=\"og:url\" content=\"https:\/\/fairway2hotel.at\/cs\/hotels\/burgenland\/finy-homes-stegersbach\/\" \/>\n<meta property=\"og:site_name\" content=\"Fairway 2 Hotel\" \/>\n<meta property=\"article:modified_time\" content=\"2025-03-14T09:38:20+00:00\" \/>\n<meta name=\"twitter:card\" content=\"summary_large_image\" \/>\n<meta name=\"twitter:label1\" content=\"Odhadovan\u00e1 doba \u010dten\u00ed\" \/>\n\t<meta name=\"twitter:data1\" content=\"2 minuty\" \/>\n<script type=\"application\/ld+json\" class=\"yoast-schema-graph\">{\"@context\":\"https:\/\/schema.org\",\"@graph\":[{\"@type\":\"WebPage\",\"@id\":\"https:\/\/fairway2hotel.at\/cs\/hotels\/burgenland\/finy-homes-stegersbach\/\",\"url\":\"https:\/\/fairway2hotel.at\/cs\/hotels\/burgenland\/finy-homes-stegersbach\/\",\"name\":\"Finy Homes Stegersbach - Fairway 2 Hotel\",\"isPartOf\":{\"@id\":\"https:\/\/fairway2hotel.at\/cs\/#website\"},\"datePublished\":\"2024-08-28T14:54:12+00:00\",\"dateModified\":\"2025-03-14T09:38:20+00:00\",\"breadcrumb\":{\"@id\":\"https:\/\/fairway2hotel.at\/cs\/hotels\/burgenland\/finy-homes-stegersbach\/#breadcrumb\"},\"inLanguage\":\"cs\",\"potentialAction\":[{\"@type\":\"ReadAction\",\"target\":[\"https:\/\/fairway2hotel.at\/cs\/hotels\/burgenland\/finy-homes-stegersbach\/\"]}]},{\"@type\":\"BreadcrumbList\",\"@id\":\"https:\/\/fairway2hotel.at\/cs\/hotels\/burgenland\/finy-homes-stegersbach\/#breadcrumb\",\"itemListElement\":[{\"@type\":\"ListItem\",\"position\":1,\"name\":\"Home\",\"item\":\"https:\/\/fairway2hotel.at\/cs\/\"},{\"@type\":\"ListItem\",\"position\":2,\"name\":\"Hotels\",\"item\":\"https:\/\/fairway2hotel.at\/cs\/hotels\/\"},{\"@type\":\"ListItem\",\"position\":3,\"name\":\"Hotels Burgenland\",\"item\":\"https:\/\/fairway2hotel.at\/cs\/hotels\/burgenland\/\"},{\"@type\":\"ListItem\",\"position\":4,\"name\":\"Finy Homes Stegersbach\"}]},{\"@type\":\"WebSite\",\"@id\":\"https:\/\/fairway2hotel.at\/cs\/#website\",\"url\":\"https:\/\/fairway2hotel.at\/cs\/\",\"name\":\"Fairway 2 Hotel\",\"description\":\"Golf zum halben Preis! 2 spielen - 1 zahlt\",\"potentialAction\":[{\"@type\":\"SearchAction\",\"target\":{\"@type\":\"EntryPoint\",\"urlTemplate\":\"https:\/\/fairway2hotel.at\/cs\/?s={search_term_string}\"},\"query-input\":{\"@type\":\"PropertyValueSpecification\",\"valueRequired\":true,\"valueName\":\"search_term_string\"}}],\"inLanguage\":\"cs\"}]}<\/script>\n<!-- \/ Yoast SEO plugin. -->","yoast_head_json":{"title":"Finy Homes Stegersbach - Fairway 2 Hotel","robots":{"index":"index","follow":"follow","max-snippet":"max-snippet:-1","max-image-preview":"max-image-preview:large","max-video-preview":"max-video-preview:-1"},"canonical":"https:\/\/fairway2hotel.at\/cs\/hotels\/burgenland\/finy-homes-stegersbach\/","og_locale":"cs_CZ","og_type":"article","og_title":"Finy Homes Stegersbach - Fairway 2 Hotel","og_description":"\u00a0Willkommen im Golfer Eldorado! &nbsp; Hier erwartet euch luxuri\u00f6ses und entspanntes Urlauben-euer brandneues und exclusives Resort auf 4800 m mit nur 4 Ferienhauseinheiten im sch\u00f6nen S\u00fcdburgenland. Hinreichend Privatsph\u00e4re in Kombination mit herzlicher Betreuung. Perfekt gelegen neben dem 45-Loch Golfplatz Stegersbach, bieten die Finy Homes eine bequeme Anbindung zum ersten Abschlag in nur einer Minute und [&hellip;]","og_url":"https:\/\/fairway2hotel.at\/cs\/hotels\/burgenland\/finy-homes-stegersbach\/","og_site_name":"Fairway 2 Hotel","article_modified_time":"2025-03-14T09:38:20+00:00","twitter_card":"summary_large_image","twitter_misc":{"Odhadovan\u00e1 doba \u010dten\u00ed":"2 minuty"},"schema":{"@context":"https:\/\/schema.org","@graph":[{"@type":"WebPage","@id":"https:\/\/fairway2hotel.at\/cs\/hotels\/burgenland\/finy-homes-stegersbach\/","url":"https:\/\/fairway2hotel.at\/cs\/hotels\/burgenland\/finy-homes-stegersbach\/","name":"Finy Homes Stegersbach - Fairway 2 Hotel","isPartOf":{"@id":"https:\/\/fairway2hotel.at\/cs\/#website"},"datePublished":"2024-08-28T14:54:12+00:00","dateModified":"2025-03-14T09:38:20+00:00","breadcrumb":{"@id":"https:\/\/fairway2hotel.at\/cs\/hotels\/burgenland\/finy-homes-stegersbach\/#breadcrumb"},"inLanguage":"cs","potentialAction":[{"@type":"ReadAction","target":["https:\/\/fairway2hotel.at\/cs\/hotels\/burgenland\/finy-homes-stegersbach\/"]}]},{"@type":"BreadcrumbList","@id":"https:\/\/fairway2hotel.at\/cs\/hotels\/burgenland\/finy-homes-stegersbach\/#breadcrumb","itemListElement":[{"@type":"ListItem","position":1,"name":"Home","item":"https:\/\/fairway2hotel.at\/cs\/"},{"@type":"ListItem","position":2,"name":"Hotels","item":"https:\/\/fairway2hotel.at\/cs\/hotels\/"},{"@type":"ListItem","position":3,"name":"Hotels Burgenland","item":"https:\/\/fairway2hotel.at\/cs\/hotels\/burgenland\/"},{"@type":"ListItem","position":4,"name":"Finy Homes Stegersbach"}]},{"@type":"WebSite","@id":"https:\/\/fairway2hotel.at\/cs\/#website","url":"https:\/\/fairway2hotel.at\/cs\/","name":"Fairway 2 Hotel","description":"Golf zum halben Preis! 2 spielen - 1 zahlt","potentialAction":[{"@type":"SearchAction","target":{"@type":"EntryPoint","urlTemplate":"https:\/\/fairway2hotel.at\/cs\/?s={search_term_string}"},"query-input":{"@type":"PropertyValueSpecification","valueRequired":true,"valueName":"search_term_string"}}],"inLanguage":"cs"}]}},"_links":{"self":[{"href":"https:\/\/fairway2hotel.at\/cs\/wp-json\/wp\/v2\/pages\/42417","targetHints":{"allow":["GET"]}}],"collection":[{"href":"https:\/\/fairway2hotel.at\/cs\/wp-json\/wp\/v2\/pages"}],"about":[{"href":"https:\/\/fairway2hotel.at\/cs\/wp-json\/wp\/v2\/types\/page"}],"author":[{"embeddable":true,"href":"https:\/\/fairway2hotel.at\/cs\/wp-json\/wp\/v2\/users\/24"}],"replies":[{"embeddable":true,"href":"https:\/\/fairway2hotel.at\/cs\/wp-json\/wp\/v2\/comments?post=42417"}],"version-history":[{"count":9,"href":"https:\/\/fairway2hotel.at\/cs\/wp-json\/wp\/v2\/pages\/42417\/revisions"}],"predecessor-version":[{"id":46555,"href":"https:\/\/fairway2hotel.at\/cs\/wp-json\/wp\/v2\/pages\/42417\/revisions\/46555"}],"up":[{"embeddable":true,"href":"https:\/\/fairway2hotel.at\/cs\/wp-json\/wp\/v2\/pages\/2135"}],"acf:attachment":[{"embeddable":true,"href":"https:\/\/fairway2hotel.at\/cs\/wp-json\/wp\/v2\/media\/42429"},{"embeddable":true,"href":"https:\/\/fairway2hotel.at\/cs\/wp-json\/wp\/v2\/media\/42427"},{"embeddable":true,"href":"https:\/\/fairway2hotel.at\/cs\/wp-json\/wp\/v2\/media\/42425"},{"embeddable":true,"href":"https:\/\/fairway2hotel.at\/cs\/wp-json\/wp\/v2\/media\/42421"},{"embeddable":true,"href":"https:\/\/fairway2hotel.at\/cs\/wp-json\/wp\/v2\/media\/42419"}],"wp:attachment":[{"href":"https:\/\/fairway2hotel.at\/cs\/wp-json\/wp\/v2\/media?parent=42417"}],"curies":[{"name":"wp","href":"https:\/\/api.w.org\/{rel}","templated":true}]}}