{"id":42746,"date":"2024-10-24T11:30:48","date_gmt":"2024-10-24T09:30:48","guid":{"rendered":"https:\/\/fairway2hotel.at\/golfclubs\/italien\/albarella-golf-links-copy\/"},"modified":"2025-03-11T12:12:02","modified_gmt":"2025-03-11T11:12:02","slug":"gc-margara-golf-country-club","status":"publish","type":"page","link":"https:\/\/fairway2hotel.at\/cs\/golfclubs\/italien\/gc-margara-golf-country-club\/","title":{"rendered":"GC Margara Golf &#038; Country Club"},"content":{"rendered":"<h2>Willkommen in Margara!<\/h2>\n<p>In Margara werden Sie absolute Harmonie erleben. Im Monferrato gelegen, das f\u00fcr seine sanften H\u00fcgel, seine erlesenen Weine und seine k\u00f6stliche K\u00fcche bekannt ist, ist dieses belebende Golfparadies ein Synonym f\u00fcr Wohlbefinden und Regeneration.<br \/>\nDer 1972 gegr\u00fcndete Margara Golf Club liegt in unmittelbarer N\u00e4he des Dorfes Fubine Monferrato, das k\u00fcrzlich von der UNESCO zum Weltkulturerbe erkl\u00e4rt wurde. Wir sind stolz darauf, Touristen und Profigolfer aus der ganzen Welt zu empfangen, die auf unseren international renommierten Pl\u00e4tzen spielen m\u00f6chten.<br \/>\nUnser Golfclub verf\u00fcgt \u00fcber zwei Meisterschaftspl\u00e4tze, die Schauplatz von 22 European Challenge Tours, 2 Ladies Italian Opens und mehreren italienischen Landesmeisterschaften waren.<\/p>\n<p>Unser Golf Resort kann als \u201ehorizontales Hotel\u201c bezeichnet werden und ist in vier verschiedene Arten von Unterk\u00fcnften unterteilt, die alle nur wenige Gehminuten vom Clubhaus und den wichtigsten Dienstleistungen des Clubs entfernt sind. Wir m\u00f6chten Ihnen L\u00f6sungen f\u00fcr einen einzigartigen Urlaub anbieten, bei dem Sie den Golfsport und den Zauber unserer Region erleben k\u00f6nnen. Margara mit seinen zwei 18-Loch-Meisterschaftspl\u00e4tzen, dem Schwimmbad, dem Tennisplatz, dem Technogym-Fitnessraum und der Sauna liegt im Zentrum des UNESCO-Weltkulturerbes Monferrato. Es liegt an Ihnen, ihn zum Mittelpunkt Ihrer W\u00fcnsche zu machen.<\/p>\n<h2>Welcome in Margara!<\/h2>\n<p>In Margara you will experience absolute harmony. Located in Monferrato, known for its rolling hills, fine wines and delicious cuisine, this invigorating golf paradise is synonymous with well-being and regeneration. The Margara Golf Club, founded in 1972, is located in the immediate vicinity of the village of Fubine Monferrato, recently declared a World Heritage Site by UNESCO. We are proud to welcome tourists and professional golfers from around the world who wish to play on our internationally renowned courses. Our golf club has two championship courses that have hosted 22 European Challenge Tours, 2 Ladies Italian Opens and several Italian National Championships.<\/p>\n<p>Our golf resort can be described as a \u201chorizontal hotel\u201d and is divided into four different types of accommodation, all within walking distance of the clubhouse and the club&#8217;s main services. We would like to offer you solutions for a unique holiday where you can experience golf and the magic of our region. Margara, with its two 18-hole championship courses, swimming pool, tennis court, Technogym gym and sauna, is in the center of the UNESCO World Heritage Site of Monferrato. It&#8217;s up to you to make him the focus of your desires.<\/p>\n","protected":false},"excerpt":{"rendered":"<p>Willkommen in Margara! In Margara werden Sie absolute Harmonie erleben. Im Monferrato gelegen, das f\u00fcr seine sanften H\u00fcgel, seine erlesenen Weine und seine k\u00f6stliche K\u00fcche bekannt ist, ist dieses belebende Golfparadies ein Synonym f\u00fcr Wohlbefinden und Regeneration. Der 1972 gegr\u00fcndete Margara Golf Club liegt in unmittelbarer N\u00e4he des Dorfes Fubine Monferrato, das k\u00fcrzlich von der [&hellip;]<\/p>\n","protected":false},"author":24,"featured_media":0,"parent":1657,"menu_order":1,"comment_status":"closed","ping_status":"closed","template":"page-partner.php","meta":{"_acf_changed":false,"footnotes":""},"class_list":["post-42746","page","type-page","status-publish","hentry"],"acf":{"partner_infobox":"<strong>Adresse:<\/strong> Via Po di Levante 4 45010 Rosolina (RO)\r\n\r\n<strong>Tel.:<\/strong> +39 0426330124\r\n\r\n<strong>Homepage:<\/strong> <a href=\"http:\/\/www.golfalbarella.it\">www.golfalbarella.it<\/a>\r\n\r\n<strong>E-Mail:<\/strong> <a href=\"mailto:info@golfalbarella.it\">info@golfalbarella.it<\/a>\r\n\r\n<strong>Spielbahnen\/Par:<\/strong> 18\/72\r\n\r\n<strong>L\u00e4nge:<\/strong> gelb: 5.817 m, rot: 5.176 m\r\n\r\n<strong>Anfahrt:<\/strong> Lage ca. 100 km s\u00fcdlich von Venedig.","partner_logo":42748,"partner_gallery":[42758,42750,42760,42754,42756,42752,42762,42764,42766],"partner_lat":44.94010482597871,"partner_long":8.41262515831337,"partner_type":"golfclub","partner_openings":["1","2","3","4","5","6","7"],"montag_von_bis":"00:00 - 24:00","dienstag_von_bis":"00:00 - 24:00","mittwoch_von_bis":"00:00 - 24:00","donnerstag_von_bis":"00:00 - 24:00","freitag_von_bis":"00:00 - 24:00","samstag_von_bis":"00:00 - 24:00","sonntag_von_bis":"00:00 - 24:00","partner_adresse":"Regione Margara 7, 15043 Fubine Monferrato ","partner_land_bundesland":"Italien","partner_tel_1":"+39 0131 778555","partner_tel_2":"","partner_web":"https:\/\/www.golfmargara.it\/?lang=de","partner_mail":"margara@golfmargara.com","partner_spielbahnen_par":"2 x 18\/72","partner_laenge":"gelb: 5.817 m, rot: 5.176 m","partner_bedingungen":"","partner_anfahrt":"Lage ca. 100 km s\u00fcdlich von Venedig.","partner_misc":null,"additional_css_classes":""},"yoast_head":"<!-- This site is optimized with the Yoast SEO plugin v26.8 - https:\/\/yoast.com\/product\/yoast-seo-wordpress\/ -->\n<title>GC Margara Golf &amp; Country Club - Fairway 2 Hotel<\/title>\n<meta name=\"robots\" content=\"index, follow, max-snippet:-1, max-image-preview:large, max-video-preview:-1\" \/>\n<link rel=\"canonical\" href=\"https:\/\/fairway2hotel.at\/cs\/golfclubs\/italien\/gc-margara-golf-country-club\/\" \/>\n<meta property=\"og:locale\" content=\"cs_CZ\" \/>\n<meta property=\"og:type\" content=\"article\" \/>\n<meta property=\"og:title\" content=\"GC Margara Golf &amp; Country Club - Fairway 2 Hotel\" \/>\n<meta property=\"og:description\" content=\"Willkommen in Margara! In Margara werden Sie absolute Harmonie erleben. Im Monferrato gelegen, das f\u00fcr seine sanften H\u00fcgel, seine erlesenen Weine und seine k\u00f6stliche K\u00fcche bekannt ist, ist dieses belebende Golfparadies ein Synonym f\u00fcr Wohlbefinden und Regeneration. Der 1972 gegr\u00fcndete Margara Golf Club liegt in unmittelbarer N\u00e4he des Dorfes Fubine Monferrato, das k\u00fcrzlich von der [&hellip;]\" \/>\n<meta property=\"og:url\" content=\"https:\/\/fairway2hotel.at\/cs\/golfclubs\/italien\/gc-margara-golf-country-club\/\" \/>\n<meta property=\"og:site_name\" content=\"Fairway 2 Hotel\" \/>\n<meta property=\"article:modified_time\" content=\"2025-03-11T11:12:02+00:00\" \/>\n<meta name=\"twitter:card\" content=\"summary_large_image\" \/>\n<meta name=\"twitter:label1\" content=\"Odhadovan\u00e1 doba \u010dten\u00ed\" \/>\n\t<meta name=\"twitter:data1\" content=\"3 minuty\" \/>\n<script type=\"application\/ld+json\" class=\"yoast-schema-graph\">{\"@context\":\"https:\/\/schema.org\",\"@graph\":[{\"@type\":\"WebPage\",\"@id\":\"https:\/\/fairway2hotel.at\/cs\/golfclubs\/italien\/gc-margara-golf-country-club\/\",\"url\":\"https:\/\/fairway2hotel.at\/cs\/golfclubs\/italien\/gc-margara-golf-country-club\/\",\"name\":\"GC Margara Golf & Country Club - Fairway 2 Hotel\",\"isPartOf\":{\"@id\":\"https:\/\/fairway2hotel.at\/cs\/#website\"},\"datePublished\":\"2024-10-24T09:30:48+00:00\",\"dateModified\":\"2025-03-11T11:12:02+00:00\",\"breadcrumb\":{\"@id\":\"https:\/\/fairway2hotel.at\/cs\/golfclubs\/italien\/gc-margara-golf-country-club\/#breadcrumb\"},\"inLanguage\":\"cs\",\"potentialAction\":[{\"@type\":\"ReadAction\",\"target\":[\"https:\/\/fairway2hotel.at\/cs\/golfclubs\/italien\/gc-margara-golf-country-club\/\"]}]},{\"@type\":\"BreadcrumbList\",\"@id\":\"https:\/\/fairway2hotel.at\/cs\/golfclubs\/italien\/gc-margara-golf-country-club\/#breadcrumb\",\"itemListElement\":[{\"@type\":\"ListItem\",\"position\":1,\"name\":\"Home\",\"item\":\"https:\/\/fairway2hotel.at\/cs\/\"},{\"@type\":\"ListItem\",\"position\":2,\"name\":\"Golfclubs\",\"item\":\"https:\/\/fairway2hotel.at\/cs\/golfclubs\/\"},{\"@type\":\"ListItem\",\"position\":3,\"name\":\"Golfclubs Italien\",\"item\":\"https:\/\/fairway2hotel.at\/cs\/golfclubs\/italien\/\"},{\"@type\":\"ListItem\",\"position\":4,\"name\":\"GC Margara Golf &#038; Country Club\"}]},{\"@type\":\"WebSite\",\"@id\":\"https:\/\/fairway2hotel.at\/cs\/#website\",\"url\":\"https:\/\/fairway2hotel.at\/cs\/\",\"name\":\"Fairway 2 Hotel\",\"description\":\"Golf zum halben Preis! 2 spielen - 1 zahlt\",\"potentialAction\":[{\"@type\":\"SearchAction\",\"target\":{\"@type\":\"EntryPoint\",\"urlTemplate\":\"https:\/\/fairway2hotel.at\/cs\/?s={search_term_string}\"},\"query-input\":{\"@type\":\"PropertyValueSpecification\",\"valueRequired\":true,\"valueName\":\"search_term_string\"}}],\"inLanguage\":\"cs\"}]}<\/script>\n<!-- \/ Yoast SEO plugin. -->","yoast_head_json":{"title":"GC Margara Golf & Country Club - Fairway 2 Hotel","robots":{"index":"index","follow":"follow","max-snippet":"max-snippet:-1","max-image-preview":"max-image-preview:large","max-video-preview":"max-video-preview:-1"},"canonical":"https:\/\/fairway2hotel.at\/cs\/golfclubs\/italien\/gc-margara-golf-country-club\/","og_locale":"cs_CZ","og_type":"article","og_title":"GC Margara Golf & Country Club - Fairway 2 Hotel","og_description":"Willkommen in Margara! In Margara werden Sie absolute Harmonie erleben. Im Monferrato gelegen, das f\u00fcr seine sanften H\u00fcgel, seine erlesenen Weine und seine k\u00f6stliche K\u00fcche bekannt ist, ist dieses belebende Golfparadies ein Synonym f\u00fcr Wohlbefinden und Regeneration. Der 1972 gegr\u00fcndete Margara Golf Club liegt in unmittelbarer N\u00e4he des Dorfes Fubine Monferrato, das k\u00fcrzlich von der [&hellip;]","og_url":"https:\/\/fairway2hotel.at\/cs\/golfclubs\/italien\/gc-margara-golf-country-club\/","og_site_name":"Fairway 2 Hotel","article_modified_time":"2025-03-11T11:12:02+00:00","twitter_card":"summary_large_image","twitter_misc":{"Odhadovan\u00e1 doba \u010dten\u00ed":"3 minuty"},"schema":{"@context":"https:\/\/schema.org","@graph":[{"@type":"WebPage","@id":"https:\/\/fairway2hotel.at\/cs\/golfclubs\/italien\/gc-margara-golf-country-club\/","url":"https:\/\/fairway2hotel.at\/cs\/golfclubs\/italien\/gc-margara-golf-country-club\/","name":"GC Margara Golf & Country Club - Fairway 2 Hotel","isPartOf":{"@id":"https:\/\/fairway2hotel.at\/cs\/#website"},"datePublished":"2024-10-24T09:30:48+00:00","dateModified":"2025-03-11T11:12:02+00:00","breadcrumb":{"@id":"https:\/\/fairway2hotel.at\/cs\/golfclubs\/italien\/gc-margara-golf-country-club\/#breadcrumb"},"inLanguage":"cs","potentialAction":[{"@type":"ReadAction","target":["https:\/\/fairway2hotel.at\/cs\/golfclubs\/italien\/gc-margara-golf-country-club\/"]}]},{"@type":"BreadcrumbList","@id":"https:\/\/fairway2hotel.at\/cs\/golfclubs\/italien\/gc-margara-golf-country-club\/#breadcrumb","itemListElement":[{"@type":"ListItem","position":1,"name":"Home","item":"https:\/\/fairway2hotel.at\/cs\/"},{"@type":"ListItem","position":2,"name":"Golfclubs","item":"https:\/\/fairway2hotel.at\/cs\/golfclubs\/"},{"@type":"ListItem","position":3,"name":"Golfclubs Italien","item":"https:\/\/fairway2hotel.at\/cs\/golfclubs\/italien\/"},{"@type":"ListItem","position":4,"name":"GC Margara Golf &#038; Country Club"}]},{"@type":"WebSite","@id":"https:\/\/fairway2hotel.at\/cs\/#website","url":"https:\/\/fairway2hotel.at\/cs\/","name":"Fairway 2 Hotel","description":"Golf zum halben Preis! 2 spielen - 1 zahlt","potentialAction":[{"@type":"SearchAction","target":{"@type":"EntryPoint","urlTemplate":"https:\/\/fairway2hotel.at\/cs\/?s={search_term_string}"},"query-input":{"@type":"PropertyValueSpecification","valueRequired":true,"valueName":"search_term_string"}}],"inLanguage":"cs"}]}},"_links":{"self":[{"href":"https:\/\/fairway2hotel.at\/cs\/wp-json\/wp\/v2\/pages\/42746","targetHints":{"allow":["GET"]}}],"collection":[{"href":"https:\/\/fairway2hotel.at\/cs\/wp-json\/wp\/v2\/pages"}],"about":[{"href":"https:\/\/fairway2hotel.at\/cs\/wp-json\/wp\/v2\/types\/page"}],"author":[{"embeddable":true,"href":"https:\/\/fairway2hotel.at\/cs\/wp-json\/wp\/v2\/users\/24"}],"replies":[{"embeddable":true,"href":"https:\/\/fairway2hotel.at\/cs\/wp-json\/wp\/v2\/comments?post=42746"}],"version-history":[{"count":4,"href":"https:\/\/fairway2hotel.at\/cs\/wp-json\/wp\/v2\/pages\/42746\/revisions"}],"predecessor-version":[{"id":46406,"href":"https:\/\/fairway2hotel.at\/cs\/wp-json\/wp\/v2\/pages\/42746\/revisions\/46406"}],"up":[{"embeddable":true,"href":"https:\/\/fairway2hotel.at\/cs\/wp-json\/wp\/v2\/pages\/1657"}],"acf:attachment":[{"embeddable":true,"href":"https:\/\/fairway2hotel.at\/cs\/wp-json\/wp\/v2\/media\/42766"},{"embeddable":true,"href":"https:\/\/fairway2hotel.at\/cs\/wp-json\/wp\/v2\/media\/42764"},{"embeddable":true,"href":"https:\/\/fairway2hotel.at\/cs\/wp-json\/wp\/v2\/media\/42762"},{"embeddable":true,"href":"https:\/\/fairway2hotel.at\/cs\/wp-json\/wp\/v2\/media\/42752"},{"embeddable":true,"href":"https:\/\/fairway2hotel.at\/cs\/wp-json\/wp\/v2\/media\/42756"},{"embeddable":true,"href":"https:\/\/fairway2hotel.at\/cs\/wp-json\/wp\/v2\/media\/42754"},{"embeddable":true,"href":"https:\/\/fairway2hotel.at\/cs\/wp-json\/wp\/v2\/media\/42760"},{"embeddable":true,"href":"https:\/\/fairway2hotel.at\/cs\/wp-json\/wp\/v2\/media\/42750"},{"embeddable":true,"href":"https:\/\/fairway2hotel.at\/cs\/wp-json\/wp\/v2\/media\/42758"}],"wp:attachment":[{"href":"https:\/\/fairway2hotel.at\/cs\/wp-json\/wp\/v2\/media?parent=42746"}],"curies":[{"name":"wp","href":"https:\/\/api.w.org\/{rel}","templated":true}]}}