{"id":43098,"date":"2024-11-02T15:18:36","date_gmt":"2024-11-02T14:18:36","guid":{"rendered":"https:\/\/fairway2hotel.at\/hotels\/italien\/golfresort-il-pelagone-copy\/"},"modified":"2024-11-09T19:20:58","modified_gmt":"2024-11-09T18:20:58","slug":"hotel-barlassina-country-club","status":"publish","type":"page","link":"https:\/\/fairway2hotel.at\/cs\/hotels\/italien\/hotel-barlassina-country-club\/","title":{"rendered":"Hotel Barlassina Country Club"},"content":{"rendered":"<h2>Der Barlassina Country Club erwartet Sie..<\/h2>\n<p>Der Barlassina Country Club wurde Anfang der 1950er Jahre von einer Gruppe von Freunden gegr\u00fcndet und war schon immer der Treffpunkt zwischen der Leidenschaft f\u00fcr Golf und der Freude, Zeit mit Freunden zu verbringen.<br \/>\nDie exklusive Lage, umgeben vom Groane Park, macht den Club zu einem einzigartigen Ort, an dem Sie dem Chaos der Gro\u00dfstadt entfliehen und die Sch\u00f6nheit eines Tages auf den eindrucksvollen 18 L\u00f6chern genie\u00dfen k\u00f6nnen (erschaffen durch die Kreativit\u00e4t des Engl\u00e4nders John SF Morrison). , unterst\u00fctzt von Donald Harradine ), die sich zwischen den H\u00fcgeln der herrlichen idyllischen Landschaft entwickeln.<br \/>\nDas vom Architekten Luigi Vietti entworfene Clubhaus erinnert an das Landhaus einer gro\u00dfen, partyfreudigen Familie. Der Stil des Clubs schafft auch in seinen Strukturen eine elegante und gleichzeitig einladende Atmosph\u00e4re.<br \/>\nVom eleganten Restaurant mit seinen historischen R\u00e4umen, dem gro\u00dfen Kamin und der Panoramaterrasse, \u00fcber den wundersch\u00f6nen, von imposanten Buchen umgebenen Swimmingpool, \u00fcber den sonnigen Erfrischungsstand bis hin zum neuen Fitnessstudio werden Sie die Liebe zum Detail bemerken und Sie werden ein einzigartiges Erlebnis erfahren.<\/p>\n<p>Das G\u00e4stehaus befindet sich im Clubhaus und verf\u00fcgt \u00fcber 8 komfortable Doppelzimmer, die 2017 renoviert wurden, eingebettet in die Natur des Groane-Parks, nur 25 Minuten vom Zentrum Mailands und dem Comer See entfernt. Die Zimmer sind mit allem Komfort ausgestattet, darunter Klimaanlage, Minibar, Sat-TV, kostenloser Internetanschluss und \u00fcbergro\u00dfe Dusche.<\/p>\n<p>&nbsp;<\/p>\n<h2>The Barlassina Country Club awaits you&#8230;<\/h2>\n<p>Founded in the early 1950s by a group of friends, Barlassina Country Club has always been the meeting point between the passion for golf and the joy of spending time with friends.<\/p>\n<p>The exclusive location, surrounded by Groane Park, makes the club a unique place where you can escape the chaos of the big city and enjoy the beauty of a day on the impressive 18 holes (created by the creativity of Englishman John SF Morrison). , supported by Donald Harradine), which develop between the hills of the magnificent idyllic landscape.<\/p>\n<p>The clubhouse, designed by architect Luigi Vietti, is reminiscent of the country house of a large, party-loving family. The style of the club also creates an elegant and at the same time welcoming atmosphere in its structures.<\/p>\n<p>The guest house is located in the clubhouse and has 8 comfortable double rooms, renovated in 2017, immersed in the nature of Groane Park, just 25 minutes from the center of Milan and Lake Como. The rooms are equipped with every comfort, including air conditioning, minibar, satellite TV, free internet connection and oversized shower.<\/p>\n","protected":false},"excerpt":{"rendered":"<p>Der Barlassina Country Club erwartet Sie.. Der Barlassina Country Club wurde Anfang der 1950er Jahre von einer Gruppe von Freunden gegr\u00fcndet und war schon immer der Treffpunkt zwischen der Leidenschaft f\u00fcr Golf und der Freude, Zeit mit Freunden zu verbringen. Die exklusive Lage, umgeben vom Groane Park, macht den Club zu einem einzigartigen Ort, an [&hellip;]<\/p>\n","protected":false},"author":24,"featured_media":0,"parent":3009,"menu_order":0,"comment_status":"closed","ping_status":"closed","template":"page-partner.php","meta":{"_acf_changed":false,"footnotes":""},"class_list":["post-43098","page","type-page","status-publish","hentry"],"acf":{"partner_infobox":"<strong>Adresse:\u00a0<\/strong>Pelagone 28 I-58023 Gavorrano\r\n\r\n<strong>Tel: <\/strong>+39 0566 844800\r\n\r\n<strong>Web: <\/strong><a href=\"https:\/\/www.ilpelagone.com\" target=\"_blank\" rel=\"nofollow noopener\">www.ilpelagone.com<\/a>\r\n\r\n<strong>E-Mail:<\/strong> <a href=\"mailto:reception@ilpelagone.com\">reception@ilpelagone.com<\/a>\r\n\r\n<em><strong>Bedingungen:\r\n<\/strong>GS k\u00f6nnen im August nicht eingel\u00f6st werden<\/em>","partner_logo":43148,"partner_gallery":[43065,43077,43091,43073,43071,43075,43089,43087,43085,43083,43081,43079,43067,43063,43061,43059,43057,43055],"partner_lat":45.66013882017996,"partner_long":9.118923250967333,"partner_type":"hotel","partner_openings":["2","3","4","5"],"montag_von_bis":"00:00 - 24:00","dienstag_von_bis":"00:00 - 24:00","mittwoch_von_bis":"00:00 - 24:00","donnerstag_von_bis":"00:00 - 24:00","freitag_von_bis":"00:00 - 24:00","samstag_von_bis":"00:00 - 24:00","sonntag_von_bis":"00:00 - 24:00","partner_adresse":"Via Privata Golf 42, I-20823 Lentate sul Seveso","partner_land_bundesland":"Italien","partner_tel_1":"+39 0362 560621","partner_tel_2":"","partner_web":"https:\/\/www.barlassinacountryclub.it","partner_mail":"info@barlassinacountryclub.it","partner_spielbahnen_par":"","partner_laenge":"","partner_bedingungen":"Gutscheine gelten DI-FR ausgenommen Feiertage f\u00fcr eine Nacht f\u00fcr 2 Personen zum Preis einer Einzelbelegung. Spielen Sie mit den 2-for-1 Gutscheinen in dieser App unseren herrlichen Golfplatz: GC Barlassina Country Club.\r\nVouchers are valid from Tuesday-Friday except public holidays. Enjoy 1-3 nights for 2 people for the price of single occupancy. Play with the 2-for-1 vouchers in this app our wonderful Golfcourse: GC Barlassina Country Club","partner_anfahrt":"","partner_misc":null,"additional_css_classes":""},"yoast_head":"<!-- This site is optimized with the Yoast SEO plugin v26.8 - https:\/\/yoast.com\/product\/yoast-seo-wordpress\/ -->\n<title>Hotel Barlassina Country Club - Fairway 2 Hotel<\/title>\n<meta name=\"robots\" content=\"index, follow, max-snippet:-1, max-image-preview:large, max-video-preview:-1\" \/>\n<link rel=\"canonical\" href=\"https:\/\/fairway2hotel.at\/cs\/hotels\/italien\/hotel-barlassina-country-club\/\" \/>\n<meta property=\"og:locale\" content=\"cs_CZ\" \/>\n<meta property=\"og:type\" content=\"article\" \/>\n<meta property=\"og:title\" content=\"Hotel Barlassina Country Club - Fairway 2 Hotel\" \/>\n<meta property=\"og:description\" content=\"Der Barlassina Country Club erwartet Sie.. Der Barlassina Country Club wurde Anfang der 1950er Jahre von einer Gruppe von Freunden gegr\u00fcndet und war schon immer der Treffpunkt zwischen der Leidenschaft f\u00fcr Golf und der Freude, Zeit mit Freunden zu verbringen. Die exklusive Lage, umgeben vom Groane Park, macht den Club zu einem einzigartigen Ort, an [&hellip;]\" \/>\n<meta property=\"og:url\" content=\"https:\/\/fairway2hotel.at\/cs\/hotels\/italien\/hotel-barlassina-country-club\/\" \/>\n<meta property=\"og:site_name\" content=\"Fairway 2 Hotel\" \/>\n<meta property=\"article:modified_time\" content=\"2024-11-09T18:20:58+00:00\" \/>\n<meta name=\"twitter:card\" content=\"summary_large_image\" \/>\n<meta name=\"twitter:label1\" content=\"Odhadovan\u00e1 doba \u010dten\u00ed\" \/>\n\t<meta name=\"twitter:data1\" content=\"3 minuty\" \/>\n<script type=\"application\/ld+json\" class=\"yoast-schema-graph\">{\"@context\":\"https:\/\/schema.org\",\"@graph\":[{\"@type\":\"WebPage\",\"@id\":\"https:\/\/fairway2hotel.at\/cs\/hotels\/italien\/hotel-barlassina-country-club\/\",\"url\":\"https:\/\/fairway2hotel.at\/cs\/hotels\/italien\/hotel-barlassina-country-club\/\",\"name\":\"Hotel Barlassina Country Club - Fairway 2 Hotel\",\"isPartOf\":{\"@id\":\"https:\/\/fairway2hotel.at\/cs\/#website\"},\"datePublished\":\"2024-11-02T14:18:36+00:00\",\"dateModified\":\"2024-11-09T18:20:58+00:00\",\"breadcrumb\":{\"@id\":\"https:\/\/fairway2hotel.at\/cs\/hotels\/italien\/hotel-barlassina-country-club\/#breadcrumb\"},\"inLanguage\":\"cs\",\"potentialAction\":[{\"@type\":\"ReadAction\",\"target\":[\"https:\/\/fairway2hotel.at\/cs\/hotels\/italien\/hotel-barlassina-country-club\/\"]}]},{\"@type\":\"BreadcrumbList\",\"@id\":\"https:\/\/fairway2hotel.at\/cs\/hotels\/italien\/hotel-barlassina-country-club\/#breadcrumb\",\"itemListElement\":[{\"@type\":\"ListItem\",\"position\":1,\"name\":\"Home\",\"item\":\"https:\/\/fairway2hotel.at\/cs\/\"},{\"@type\":\"ListItem\",\"position\":2,\"name\":\"Hotels\",\"item\":\"https:\/\/fairway2hotel.at\/cs\/hotels\/\"},{\"@type\":\"ListItem\",\"position\":3,\"name\":\"Hotels Italien\",\"item\":\"https:\/\/fairway2hotel.at\/cs\/hotels\/italien\/\"},{\"@type\":\"ListItem\",\"position\":4,\"name\":\"Hotel Barlassina Country Club\"}]},{\"@type\":\"WebSite\",\"@id\":\"https:\/\/fairway2hotel.at\/cs\/#website\",\"url\":\"https:\/\/fairway2hotel.at\/cs\/\",\"name\":\"Fairway 2 Hotel\",\"description\":\"Golf zum halben Preis! 2 spielen - 1 zahlt\",\"potentialAction\":[{\"@type\":\"SearchAction\",\"target\":{\"@type\":\"EntryPoint\",\"urlTemplate\":\"https:\/\/fairway2hotel.at\/cs\/?s={search_term_string}\"},\"query-input\":{\"@type\":\"PropertyValueSpecification\",\"valueRequired\":true,\"valueName\":\"search_term_string\"}}],\"inLanguage\":\"cs\"}]}<\/script>\n<!-- \/ Yoast SEO plugin. -->","yoast_head_json":{"title":"Hotel Barlassina Country Club - Fairway 2 Hotel","robots":{"index":"index","follow":"follow","max-snippet":"max-snippet:-1","max-image-preview":"max-image-preview:large","max-video-preview":"max-video-preview:-1"},"canonical":"https:\/\/fairway2hotel.at\/cs\/hotels\/italien\/hotel-barlassina-country-club\/","og_locale":"cs_CZ","og_type":"article","og_title":"Hotel Barlassina Country Club - Fairway 2 Hotel","og_description":"Der Barlassina Country Club erwartet Sie.. Der Barlassina Country Club wurde Anfang der 1950er Jahre von einer Gruppe von Freunden gegr\u00fcndet und war schon immer der Treffpunkt zwischen der Leidenschaft f\u00fcr Golf und der Freude, Zeit mit Freunden zu verbringen. Die exklusive Lage, umgeben vom Groane Park, macht den Club zu einem einzigartigen Ort, an [&hellip;]","og_url":"https:\/\/fairway2hotel.at\/cs\/hotels\/italien\/hotel-barlassina-country-club\/","og_site_name":"Fairway 2 Hotel","article_modified_time":"2024-11-09T18:20:58+00:00","twitter_card":"summary_large_image","twitter_misc":{"Odhadovan\u00e1 doba \u010dten\u00ed":"3 minuty"},"schema":{"@context":"https:\/\/schema.org","@graph":[{"@type":"WebPage","@id":"https:\/\/fairway2hotel.at\/cs\/hotels\/italien\/hotel-barlassina-country-club\/","url":"https:\/\/fairway2hotel.at\/cs\/hotels\/italien\/hotel-barlassina-country-club\/","name":"Hotel Barlassina Country Club - Fairway 2 Hotel","isPartOf":{"@id":"https:\/\/fairway2hotel.at\/cs\/#website"},"datePublished":"2024-11-02T14:18:36+00:00","dateModified":"2024-11-09T18:20:58+00:00","breadcrumb":{"@id":"https:\/\/fairway2hotel.at\/cs\/hotels\/italien\/hotel-barlassina-country-club\/#breadcrumb"},"inLanguage":"cs","potentialAction":[{"@type":"ReadAction","target":["https:\/\/fairway2hotel.at\/cs\/hotels\/italien\/hotel-barlassina-country-club\/"]}]},{"@type":"BreadcrumbList","@id":"https:\/\/fairway2hotel.at\/cs\/hotels\/italien\/hotel-barlassina-country-club\/#breadcrumb","itemListElement":[{"@type":"ListItem","position":1,"name":"Home","item":"https:\/\/fairway2hotel.at\/cs\/"},{"@type":"ListItem","position":2,"name":"Hotels","item":"https:\/\/fairway2hotel.at\/cs\/hotels\/"},{"@type":"ListItem","position":3,"name":"Hotels Italien","item":"https:\/\/fairway2hotel.at\/cs\/hotels\/italien\/"},{"@type":"ListItem","position":4,"name":"Hotel Barlassina Country Club"}]},{"@type":"WebSite","@id":"https:\/\/fairway2hotel.at\/cs\/#website","url":"https:\/\/fairway2hotel.at\/cs\/","name":"Fairway 2 Hotel","description":"Golf zum halben Preis! 2 spielen - 1 zahlt","potentialAction":[{"@type":"SearchAction","target":{"@type":"EntryPoint","urlTemplate":"https:\/\/fairway2hotel.at\/cs\/?s={search_term_string}"},"query-input":{"@type":"PropertyValueSpecification","valueRequired":true,"valueName":"search_term_string"}}],"inLanguage":"cs"}]}},"_links":{"self":[{"href":"https:\/\/fairway2hotel.at\/cs\/wp-json\/wp\/v2\/pages\/43098","targetHints":{"allow":["GET"]}}],"collection":[{"href":"https:\/\/fairway2hotel.at\/cs\/wp-json\/wp\/v2\/pages"}],"about":[{"href":"https:\/\/fairway2hotel.at\/cs\/wp-json\/wp\/v2\/types\/page"}],"author":[{"embeddable":true,"href":"https:\/\/fairway2hotel.at\/cs\/wp-json\/wp\/v2\/users\/24"}],"replies":[{"embeddable":true,"href":"https:\/\/fairway2hotel.at\/cs\/wp-json\/wp\/v2\/comments?post=43098"}],"version-history":[{"count":4,"href":"https:\/\/fairway2hotel.at\/cs\/wp-json\/wp\/v2\/pages\/43098\/revisions"}],"predecessor-version":[{"id":43150,"href":"https:\/\/fairway2hotel.at\/cs\/wp-json\/wp\/v2\/pages\/43098\/revisions\/43150"}],"up":[{"embeddable":true,"href":"https:\/\/fairway2hotel.at\/cs\/wp-json\/wp\/v2\/pages\/3009"}],"acf:attachment":[{"embeddable":true,"href":"https:\/\/fairway2hotel.at\/cs\/wp-json\/wp\/v2\/media\/43055"},{"embeddable":true,"href":"https:\/\/fairway2hotel.at\/cs\/wp-json\/wp\/v2\/media\/43057"},{"embeddable":true,"href":"https:\/\/fairway2hotel.at\/cs\/wp-json\/wp\/v2\/media\/43059"},{"embeddable":true,"href":"https:\/\/fairway2hotel.at\/cs\/wp-json\/wp\/v2\/media\/43061"},{"embeddable":true,"href":"https:\/\/fairway2hotel.at\/cs\/wp-json\/wp\/v2\/media\/43063"},{"embeddable":true,"href":"https:\/\/fairway2hotel.at\/cs\/wp-json\/wp\/v2\/media\/43067"},{"embeddable":true,"href":"https:\/\/fairway2hotel.at\/cs\/wp-json\/wp\/v2\/media\/43079"},{"embeddable":true,"href":"https:\/\/fairway2hotel.at\/cs\/wp-json\/wp\/v2\/media\/43081"},{"embeddable":true,"href":"https:\/\/fairway2hotel.at\/cs\/wp-json\/wp\/v2\/media\/43083"},{"embeddable":true,"href":"https:\/\/fairway2hotel.at\/cs\/wp-json\/wp\/v2\/media\/43085"},{"embeddable":true,"href":"https:\/\/fairway2hotel.at\/cs\/wp-json\/wp\/v2\/media\/43087"},{"embeddable":true,"href":"https:\/\/fairway2hotel.at\/cs\/wp-json\/wp\/v2\/media\/43089"},{"embeddable":true,"href":"https:\/\/fairway2hotel.at\/cs\/wp-json\/wp\/v2\/media\/43075"},{"embeddable":true,"href":"https:\/\/fairway2hotel.at\/cs\/wp-json\/wp\/v2\/media\/43071"},{"embeddable":true,"href":"https:\/\/fairway2hotel.at\/cs\/wp-json\/wp\/v2\/media\/43073"},{"embeddable":true,"href":"https:\/\/fairway2hotel.at\/cs\/wp-json\/wp\/v2\/media\/43091"},{"embeddable":true,"href":"https:\/\/fairway2hotel.at\/cs\/wp-json\/wp\/v2\/media\/43077"},{"embeddable":true,"href":"https:\/\/fairway2hotel.at\/cs\/wp-json\/wp\/v2\/media\/43065"}],"wp:attachment":[{"href":"https:\/\/fairway2hotel.at\/cs\/wp-json\/wp\/v2\/media?parent=43098"}],"curies":[{"name":"wp","href":"https:\/\/api.w.org\/{rel}","templated":true}]}}