{"id":43125,"date":"2024-11-03T11:33:09","date_gmt":"2024-11-03T10:33:09","guid":{"rendered":"https:\/\/fairway2hotel.at\/golfclubs\/deutschland\/gc-vilsbiburg-e-v-copy\/"},"modified":"2025-02-25T15:16:28","modified_gmt":"2025-02-25T14:16:28","slug":"gc-golfpark-rothenburg-schoenbronn","status":"publish","type":"page","link":"https:\/\/fairway2hotel.at\/cs\/golfclubs\/deutschland\/gc-golfpark-rothenburg-schoenbronn\/","title":{"rendered":"GC Golfpark Rothenburg &#8211; Sch\u00f6nbronn"},"content":{"rendered":"<h2>Natur genie\u00dfen \u2013 Ruhe finden<\/h2>\n<p>Der Golfpark Rothenburg-Sch\u00f6nbronn z\u00e4hlt unter Golfern bereits als Perle Mittelfrankens. Nur wenige Autominuten vom Autobahnkreuz A6\/A7 entfernt und unweit der historischen Reichsstadt Rothenburg ob der Tauber, erstrecken sich die 18 spannenden Spielbahnen des Meisterschaftsplatzes und die 6 Bahnen des Kurzplatzes.<br \/>\nDer Mittelpunkt des Golfparks und einer entspannten Golfrunde findet sich im alten Hofgut zu Sch\u00f6nbronn. Das Anwesen wurde 1898 vom Mediziner Friedrich von Hessing als Gutshof mit Restaurant und einigen Fremdenzimmern errichtet und als solches bis in die 70er Jahre genutzt. Heute bildet das Hofgut das Zentrum des Ortes.<br \/>\nEingebettet in der typischen, leicht h\u00fcgeligen Landschaft des Naturpark Frankenh\u00f6he finden sich zahlreiche Wasserhindernisse und Bunker. Das besonders abwechslungsreiche Layout garantiert dem Freizeitgolfer ein Maximum an Spa\u00df und Spielfreude und bietet ge\u00fcbten Spielern dennoch Herausforderungen. Das offene Platzdesign gew\u00e4hrt beeindruckende Ausblicke und die herausragende K\u00fcche des Restaurant fuchs+hase im Hofgut Sch\u00f6nbronn rundet das perfekte Golferlebnis ab. Alternativ bietet sich bei gutem Wetter der Besuch des sch\u00f6nen Biergartens unter den alten Kastanien an. Entspannen Sie im Halbschatten und genie\u00dfen Sie die besonderen K\u00f6stlichkeiten.<br \/>\nDer gro\u00dfz\u00fcgige Proshop im historischen Hofgut zeichnet sich durch seine Angebotsvielfalt aus und ist immer einen Besuch wert.<\/p>\n<h2>Enjoy nature &#8211; find peace and quiet<\/h2>\n<p>The Rothenburg-Sch\u00f6nbronn Golf Park is already regarded by golfers as the pearl of Middle Franconia. Just a few minutes by car from the A6\/A7 motorway junction and not far from the historic imperial city of Rothenburg ob der Tauber, the 18 exciting holes of the championship course and the 6 holes of the short course stretch out.<br \/>\nThe centre of the golf park and a relaxing round of golf can be found in the old Sch\u00f6nbronn estate. The estate was built in 1898 by the physician Friedrich von Hessing as a manor house with a restaurant and a few guest rooms and was used as such until the 1970s. Today, the estate forms the centre of the village.<br \/>\nEmbedded in the typical, slightly hilly landscape of the Frankenh\u00f6he Nature Park, there are numerous water hazards and bunkers. The particularly varied layout guarantees recreational golfers maximum fun and enjoyment while still offering challenges for experienced players. The open course design offers impressive views and the outstanding cuisine of the fuchs+hase restaurant at Hofgut Sch\u00f6nbronn rounds off the perfect golfing experience. Alternatively, you can visit the beautiful beer garden under the old chestnut trees in good weather. Relax in the semi-shade and savour the special delicacies.<br \/>\nThe spacious pro shop in the historic Hofgut is characterised by its wide range of products and is always worth a visit.<\/p>\n","protected":false},"excerpt":{"rendered":"<p>Natur genie\u00dfen \u2013 Ruhe finden Der Golfpark Rothenburg-Sch\u00f6nbronn z\u00e4hlt unter Golfern bereits als Perle Mittelfrankens. Nur wenige Autominuten vom Autobahnkreuz A6\/A7 entfernt und unweit der historischen Reichsstadt Rothenburg ob der Tauber, erstrecken sich die 18 spannenden Spielbahnen des Meisterschaftsplatzes und die 6 Bahnen des Kurzplatzes. Der Mittelpunkt des Golfparks und einer entspannten Golfrunde findet sich [&hellip;]<\/p>\n","protected":false},"author":24,"featured_media":0,"parent":1607,"menu_order":5,"comment_status":"closed","ping_status":"closed","template":"page-partner.php","meta":{"_acf_changed":false,"footnotes":""},"class_list":["post-43125","page","type-page","status-publish","hentry"],"acf":{"partner_infobox":"&nbsp;\r\n\r\n&nbsp;","partner_logo":43127,"partner_gallery":[43129,43131,43133],"partner_lat":49.3257010163777,"partner_long":10.28148643189017,"partner_type":"golfclub","partner_openings":["1","2","3","4","5","6","7"],"montag_von_bis":"00:00 - 24:00","dienstag_von_bis":"00:00 - 24:00","mittwoch_von_bis":"00:00 - 24:00","donnerstag_von_bis":"00:00 - 24:00","freitag_von_bis":"00:00 - 24:00","samstag_von_bis":"00:00 - 24:00","sonntag_von_bis":"00:00 - 24:00","partner_adresse":"Sch\u00f6nbronn 1, 91592 Buch am Wald","partner_land_bundesland":"Deutschland","partner_tel_1":"+49 9868 959530","partner_tel_2":"","partner_web":"https:\/\/www.golfpark-rothenburg.de","partner_mail":"info@gp-rbg.de","partner_spielbahnen_par":"18\/73","partner_laenge":"","partner_bedingungen":"","partner_anfahrt":"","partner_misc":null,"additional_css_classes":""},"yoast_head":"<!-- This site is optimized with the Yoast SEO plugin v26.8 - https:\/\/yoast.com\/product\/yoast-seo-wordpress\/ -->\n<title>GC Golfpark Rothenburg - Sch\u00f6nbronn - Fairway 2 Hotel<\/title>\n<meta name=\"robots\" content=\"index, follow, max-snippet:-1, max-image-preview:large, max-video-preview:-1\" \/>\n<link rel=\"canonical\" href=\"https:\/\/fairway2hotel.at\/cs\/golfclubs\/deutschland\/gc-golfpark-rothenburg-schoenbronn\/\" \/>\n<meta property=\"og:locale\" content=\"cs_CZ\" \/>\n<meta property=\"og:type\" content=\"article\" \/>\n<meta property=\"og:title\" content=\"GC Golfpark Rothenburg - Sch\u00f6nbronn - Fairway 2 Hotel\" \/>\n<meta property=\"og:description\" content=\"Natur genie\u00dfen \u2013 Ruhe finden Der Golfpark Rothenburg-Sch\u00f6nbronn z\u00e4hlt unter Golfern bereits als Perle Mittelfrankens. Nur wenige Autominuten vom Autobahnkreuz A6\/A7 entfernt und unweit der historischen Reichsstadt Rothenburg ob der Tauber, erstrecken sich die 18 spannenden Spielbahnen des Meisterschaftsplatzes und die 6 Bahnen des Kurzplatzes. Der Mittelpunkt des Golfparks und einer entspannten Golfrunde findet sich [&hellip;]\" \/>\n<meta property=\"og:url\" content=\"https:\/\/fairway2hotel.at\/cs\/golfclubs\/deutschland\/gc-golfpark-rothenburg-schoenbronn\/\" \/>\n<meta property=\"og:site_name\" content=\"Fairway 2 Hotel\" \/>\n<meta property=\"article:modified_time\" content=\"2025-02-25T14:16:28+00:00\" \/>\n<meta name=\"twitter:card\" content=\"summary_large_image\" \/>\n<meta name=\"twitter:label1\" content=\"Odhadovan\u00e1 doba \u010dten\u00ed\" \/>\n\t<meta name=\"twitter:data1\" content=\"3 minuty\" \/>\n<script type=\"application\/ld+json\" class=\"yoast-schema-graph\">{\"@context\":\"https:\/\/schema.org\",\"@graph\":[{\"@type\":\"WebPage\",\"@id\":\"https:\/\/fairway2hotel.at\/cs\/golfclubs\/deutschland\/gc-golfpark-rothenburg-schoenbronn\/\",\"url\":\"https:\/\/fairway2hotel.at\/cs\/golfclubs\/deutschland\/gc-golfpark-rothenburg-schoenbronn\/\",\"name\":\"GC Golfpark Rothenburg - Sch\u00f6nbronn - Fairway 2 Hotel\",\"isPartOf\":{\"@id\":\"https:\/\/fairway2hotel.at\/cs\/#website\"},\"datePublished\":\"2024-11-03T10:33:09+00:00\",\"dateModified\":\"2025-02-25T14:16:28+00:00\",\"breadcrumb\":{\"@id\":\"https:\/\/fairway2hotel.at\/cs\/golfclubs\/deutschland\/gc-golfpark-rothenburg-schoenbronn\/#breadcrumb\"},\"inLanguage\":\"cs\",\"potentialAction\":[{\"@type\":\"ReadAction\",\"target\":[\"https:\/\/fairway2hotel.at\/cs\/golfclubs\/deutschland\/gc-golfpark-rothenburg-schoenbronn\/\"]}]},{\"@type\":\"BreadcrumbList\",\"@id\":\"https:\/\/fairway2hotel.at\/cs\/golfclubs\/deutschland\/gc-golfpark-rothenburg-schoenbronn\/#breadcrumb\",\"itemListElement\":[{\"@type\":\"ListItem\",\"position\":1,\"name\":\"Home\",\"item\":\"https:\/\/fairway2hotel.at\/cs\/\"},{\"@type\":\"ListItem\",\"position\":2,\"name\":\"Golfclubs\",\"item\":\"https:\/\/fairway2hotel.at\/cs\/golfclubs\/\"},{\"@type\":\"ListItem\",\"position\":3,\"name\":\"Golfclubs Deutschland\",\"item\":\"https:\/\/fairway2hotel.at\/cs\/golfclubs\/deutschland\/\"},{\"@type\":\"ListItem\",\"position\":4,\"name\":\"GC Golfpark Rothenburg &#8211; Sch\u00f6nbronn\"}]},{\"@type\":\"WebSite\",\"@id\":\"https:\/\/fairway2hotel.at\/cs\/#website\",\"url\":\"https:\/\/fairway2hotel.at\/cs\/\",\"name\":\"Fairway 2 Hotel\",\"description\":\"Golf zum halben Preis! 2 spielen - 1 zahlt\",\"potentialAction\":[{\"@type\":\"SearchAction\",\"target\":{\"@type\":\"EntryPoint\",\"urlTemplate\":\"https:\/\/fairway2hotel.at\/cs\/?s={search_term_string}\"},\"query-input\":{\"@type\":\"PropertyValueSpecification\",\"valueRequired\":true,\"valueName\":\"search_term_string\"}}],\"inLanguage\":\"cs\"}]}<\/script>\n<!-- \/ Yoast SEO plugin. -->","yoast_head_json":{"title":"GC Golfpark Rothenburg - Sch\u00f6nbronn - Fairway 2 Hotel","robots":{"index":"index","follow":"follow","max-snippet":"max-snippet:-1","max-image-preview":"max-image-preview:large","max-video-preview":"max-video-preview:-1"},"canonical":"https:\/\/fairway2hotel.at\/cs\/golfclubs\/deutschland\/gc-golfpark-rothenburg-schoenbronn\/","og_locale":"cs_CZ","og_type":"article","og_title":"GC Golfpark Rothenburg - Sch\u00f6nbronn - Fairway 2 Hotel","og_description":"Natur genie\u00dfen \u2013 Ruhe finden Der Golfpark Rothenburg-Sch\u00f6nbronn z\u00e4hlt unter Golfern bereits als Perle Mittelfrankens. Nur wenige Autominuten vom Autobahnkreuz A6\/A7 entfernt und unweit der historischen Reichsstadt Rothenburg ob der Tauber, erstrecken sich die 18 spannenden Spielbahnen des Meisterschaftsplatzes und die 6 Bahnen des Kurzplatzes. Der Mittelpunkt des Golfparks und einer entspannten Golfrunde findet sich [&hellip;]","og_url":"https:\/\/fairway2hotel.at\/cs\/golfclubs\/deutschland\/gc-golfpark-rothenburg-schoenbronn\/","og_site_name":"Fairway 2 Hotel","article_modified_time":"2025-02-25T14:16:28+00:00","twitter_card":"summary_large_image","twitter_misc":{"Odhadovan\u00e1 doba \u010dten\u00ed":"3 minuty"},"schema":{"@context":"https:\/\/schema.org","@graph":[{"@type":"WebPage","@id":"https:\/\/fairway2hotel.at\/cs\/golfclubs\/deutschland\/gc-golfpark-rothenburg-schoenbronn\/","url":"https:\/\/fairway2hotel.at\/cs\/golfclubs\/deutschland\/gc-golfpark-rothenburg-schoenbronn\/","name":"GC Golfpark Rothenburg - Sch\u00f6nbronn - Fairway 2 Hotel","isPartOf":{"@id":"https:\/\/fairway2hotel.at\/cs\/#website"},"datePublished":"2024-11-03T10:33:09+00:00","dateModified":"2025-02-25T14:16:28+00:00","breadcrumb":{"@id":"https:\/\/fairway2hotel.at\/cs\/golfclubs\/deutschland\/gc-golfpark-rothenburg-schoenbronn\/#breadcrumb"},"inLanguage":"cs","potentialAction":[{"@type":"ReadAction","target":["https:\/\/fairway2hotel.at\/cs\/golfclubs\/deutschland\/gc-golfpark-rothenburg-schoenbronn\/"]}]},{"@type":"BreadcrumbList","@id":"https:\/\/fairway2hotel.at\/cs\/golfclubs\/deutschland\/gc-golfpark-rothenburg-schoenbronn\/#breadcrumb","itemListElement":[{"@type":"ListItem","position":1,"name":"Home","item":"https:\/\/fairway2hotel.at\/cs\/"},{"@type":"ListItem","position":2,"name":"Golfclubs","item":"https:\/\/fairway2hotel.at\/cs\/golfclubs\/"},{"@type":"ListItem","position":3,"name":"Golfclubs Deutschland","item":"https:\/\/fairway2hotel.at\/cs\/golfclubs\/deutschland\/"},{"@type":"ListItem","position":4,"name":"GC Golfpark Rothenburg &#8211; Sch\u00f6nbronn"}]},{"@type":"WebSite","@id":"https:\/\/fairway2hotel.at\/cs\/#website","url":"https:\/\/fairway2hotel.at\/cs\/","name":"Fairway 2 Hotel","description":"Golf zum halben Preis! 2 spielen - 1 zahlt","potentialAction":[{"@type":"SearchAction","target":{"@type":"EntryPoint","urlTemplate":"https:\/\/fairway2hotel.at\/cs\/?s={search_term_string}"},"query-input":{"@type":"PropertyValueSpecification","valueRequired":true,"valueName":"search_term_string"}}],"inLanguage":"cs"}]}},"_links":{"self":[{"href":"https:\/\/fairway2hotel.at\/cs\/wp-json\/wp\/v2\/pages\/43125","targetHints":{"allow":["GET"]}}],"collection":[{"href":"https:\/\/fairway2hotel.at\/cs\/wp-json\/wp\/v2\/pages"}],"about":[{"href":"https:\/\/fairway2hotel.at\/cs\/wp-json\/wp\/v2\/types\/page"}],"author":[{"embeddable":true,"href":"https:\/\/fairway2hotel.at\/cs\/wp-json\/wp\/v2\/users\/24"}],"replies":[{"embeddable":true,"href":"https:\/\/fairway2hotel.at\/cs\/wp-json\/wp\/v2\/comments?post=43125"}],"version-history":[{"count":6,"href":"https:\/\/fairway2hotel.at\/cs\/wp-json\/wp\/v2\/pages\/43125\/revisions"}],"predecessor-version":[{"id":46197,"href":"https:\/\/fairway2hotel.at\/cs\/wp-json\/wp\/v2\/pages\/43125\/revisions\/46197"}],"up":[{"embeddable":true,"href":"https:\/\/fairway2hotel.at\/cs\/wp-json\/wp\/v2\/pages\/1607"}],"acf:attachment":[{"embeddable":true,"href":"https:\/\/fairway2hotel.at\/cs\/wp-json\/wp\/v2\/media\/43133"},{"embeddable":true,"href":"https:\/\/fairway2hotel.at\/cs\/wp-json\/wp\/v2\/media\/43131"},{"embeddable":true,"href":"https:\/\/fairway2hotel.at\/cs\/wp-json\/wp\/v2\/media\/43129"}],"wp:attachment":[{"href":"https:\/\/fairway2hotel.at\/cs\/wp-json\/wp\/v2\/media?parent=43125"}],"curies":[{"name":"wp","href":"https:\/\/api.w.org\/{rel}","templated":true}]}}