{"id":43194,"date":"2024-11-04T11:44:00","date_gmt":"2024-11-04T10:44:00","guid":{"rendered":"https:\/\/fairway2hotel.at\/hotels\/tschechien\/wellness-hotel-diamant-copy\/"},"modified":"2025-03-14T12:04:21","modified_gmt":"2025-03-14T11:04:21","slug":"pension-siskuv-mlyn-im-golf-resort-telc","status":"publish","type":"page","link":"https:\/\/fairway2hotel.at\/cs\/hotels\/tschechien\/pension-siskuv-mlyn-im-golf-resort-telc\/","title":{"rendered":"Pension \u0160i\u0161k\u016fv ml\u00fdn im Golf Resort Telc"},"content":{"rendered":"<h2>Die Pension \u0160i\u0161k\u016fv ml\u00fdn im Golf Resort Telc erwartet Sie..<\/h2>\n<p>Pension \u0160i\u0161k\u016fv ml\u00fdnEs befindet sich im Bereich des Golf Resort Tel\u010d. Das beeindruckende Geb\u00e4ude der Pension \u0160i\u0161k\u016fv ml\u00fdn, das die friedliche und l\u00e4ndliche Umgebung des Resorts unterstreicht und so zur insgesamt beruhigenden Atmosph\u00e4re der Gegend beitr\u00e4gt.\u00a0Das Geb\u00e4ude ist stolz auf seine lange Geschichte \u2013 es handelt sich um eine originale Barockm\u00fchle, deren Wurzeln bis ins 14. Jahrhundert zur\u00fcckreichen. Einer der Vorteile des G\u00e4stehauses \u0160i\u0161k\u016fv ml\u00fdn ist seine gem\u00fctliche famili\u00e4re Atmosph\u00e4re, die es zu einem idealen Ort f\u00fcr die Unterbringung in der N\u00e4he unseres Resorts macht.\u00a0Ganz gleich, ob Sie Ihre Spazierg\u00e4nge auf dem Golfplatz von Tel\u010d am fr\u00fchen Morgen oder an entspannten Nachmittagen bevorzugen, die Unterkunft hier bietet Ihnen aufgrund der einzigartigen historischen Umgebung und der fu\u00dfl\u00e4ufigen Entfernung zum ersten Loch den n\u00f6tigen Komfort.\u00a0Die Pension \u0160i\u0161k\u016fv ml\u00fdn bietet insgesamt 17 Zimmer \u2013 50 Betten davon 2 Luxuswohnungen, 4 st\u00f6ckige Maisonette-Wohnungen f\u00fcr bis zu 4 Personen und 1 Dreizimmerwohnung mit K\u00fcche. Die Zimmer sind mit stilvollen rustikalen M\u00f6beln ausgestattet. Jedes Zimmer ist mit einem TV, einem K\u00fchlschrank und einer WLAN-Verbindung ausgestattet.\u00a0Im \u00dcbernachtungspreis ist das Fr\u00fchst\u00fcck inbegriffen, das im Golfclubhaus serviert wird.<\/p>\n<p>Check-in 14:00-20:00 Uhr, Check-out 10:00 Uhr oder nach Vereinbarung.<\/p>\n<p>&nbsp;<\/p>\n<p>&nbsp;<\/p>\n<h2>The Guest house \u0160i\u0161k\u016fv ml\u00fdn in the Golf Resort Telc awaits for you&#8230;<\/h2>\n<p>It is located in the area of \u200b\u200bthe Golf Resort Tel\u010d. The impressive building of Pension \u0160i\u0161k\u016fv ml\u00fdn, which highlights the peaceful and rural surroundings of the resort, contributing to the overall calming atmosphere of the area. The building is proud of its long history &#8211; it is an original baroque mill whose roots go back to the 14th century. One of the advantages of the \u0160i\u0161k\u016fv ml\u00fdn guest house is its cozy family atmosphere, which makes it an ideal place for accommodation near our resort. Whether you prefer your early morning strolls on the Tel\u010d golf course or lazy afternoons, accommodation here will provide you with all the comfort you need due to the unique historical setting and walking distance to the first hole. Pension \u0160i\u0161k\u016fv ml\u00fdn offers a total of 17 rooms &#8211; 50 beds of which 2 luxury apartments, 4 floor maisonette apartments for up to 4 people and 1 three-room apartment with kitchen. The rooms are equipped with stylish rustic furniture. Each room is equipped with a TV, refrigerator and Wi-Fi connection.<\/p>\n<p>Check-in 2:00 p.m.-8:00 p.m., check-out 10:00 a.m. or by arrangement.<\/p>\n","protected":false},"excerpt":{"rendered":"<p>Die Pension \u0160i\u0161k\u016fv ml\u00fdn im Golf Resort Telc erwartet Sie.. Pension \u0160i\u0161k\u016fv ml\u00fdnEs befindet sich im Bereich des Golf Resort Tel\u010d. Das beeindruckende Geb\u00e4ude der Pension \u0160i\u0161k\u016fv ml\u00fdn, das die friedliche und l\u00e4ndliche Umgebung des Resorts unterstreicht und so zur insgesamt beruhigenden Atmosph\u00e4re der Gegend beitr\u00e4gt.\u00a0Das Geb\u00e4ude ist stolz auf seine lange Geschichte \u2013 es [&hellip;]<\/p>\n","protected":false},"author":24,"featured_media":0,"parent":2234,"menu_order":0,"comment_status":"closed","ping_status":"closed","template":"page-partner.php","meta":{"_acf_changed":false,"footnotes":""},"class_list":["post-43194","page","type-page","status-publish","hentry"],"acf":{"partner_infobox":"<strong>Adresse:\u00a0<\/strong>Sokolska 1339, 373 41 Hluboka nad Vltavou\r\n\r\n<strong>Tel:\r\n<\/strong>+420 387 008 800\r\n+420 725 395 195\r\n\r\n<strong>Fax:\u00a0<\/strong>+420 387 008 810\r\n\r\n<strong>Web: <\/strong><a href=\"http:\/\/www.hoteldiamant.cz\" rel=\"nofollow\">www.hoteldiamant.cz<\/a>\r\n\r\n<strong>E-Mail:<\/strong> <a href=\"mailto:reception@hoteldiamant.cz\" rel=\"alternate\">reception@hoteldiamant.cz<\/a>\r\n\r\n<em><strong>Bedingungen:\r\n<\/strong>Buchung erst 48 Stunden vor Anreise m\u00f6glich.<\/em>\r\n\r\n<strong>Golfclubs in der N\u00e4he:\r\n<\/strong>Golf Club Hluboka nad Vltavou 500m\r\n\r\n<strong>Anfahrt:\r\n<\/strong>GPS: 49\u00b03\u20180.45\u201cN 14\u00b026\u201812.81\u201cE\r\noder siehe unsere Webseite!","partner_logo":43189,"partner_gallery":[43187,43185,43159,43173,43171,43183,43181,43179,43177,43175,43169,43167,43165,43163,43161,43157],"partner_lat":49.22841793823769,"partner_long":15.420466448684927,"partner_type":"hotel","partner_openings":["1","2","3","4","5","6","7"],"montag_von_bis":"00:00 - 24:00","dienstag_von_bis":"00:00 - 24:00","mittwoch_von_bis":"00:00 - 24:00","donnerstag_von_bis":"00:00 - 24:00","freitag_von_bis":"00:00 - 24:00","samstag_von_bis":"00:00 - 24:00","sonntag_von_bis":"00:00 - 24:00","partner_adresse":"Vanov 21, 58856 Tel\u010d","partner_land_bundesland":"","partner_tel_1":" +420 724 322 763","partner_tel_2":"","partner_web":"https:\/\/golftelc.cz","partner_mail":"telc@golftelc.cz","partner_spielbahnen_par":"","partner_laenge":"","partner_bedingungen":"GS g\u00fcltig f\u00fcr 1 N\u00e4chtigung mit Fr\u00fchst\u00fcck. Genie\u00dfen Sie auch bei den Greenfeegutscheinen: GC Telc direkt im Golfresort Telc\r\nVoucher valid for 1 night including breakfast. Enjoy also with our greenfee vouchers: GC Telc in our Golf Resort","partner_anfahrt":"","partner_misc":null,"additional_css_classes":""},"yoast_head":"<!-- This site is optimized with the Yoast SEO plugin v26.8 - https:\/\/yoast.com\/product\/yoast-seo-wordpress\/ -->\n<title>Pension \u0160i\u0161k\u016fv ml\u00fdn im Golf Resort Telc - Fairway 2 Hotel<\/title>\n<meta name=\"robots\" content=\"index, follow, max-snippet:-1, max-image-preview:large, max-video-preview:-1\" \/>\n<link rel=\"canonical\" href=\"https:\/\/fairway2hotel.at\/cs\/hotels\/tschechien\/pension-siskuv-mlyn-im-golf-resort-telc\/\" \/>\n<meta property=\"og:locale\" content=\"cs_CZ\" \/>\n<meta property=\"og:type\" content=\"article\" \/>\n<meta property=\"og:title\" content=\"Pension \u0160i\u0161k\u016fv ml\u00fdn im Golf Resort Telc - Fairway 2 Hotel\" \/>\n<meta property=\"og:description\" content=\"Die Pension \u0160i\u0161k\u016fv ml\u00fdn im Golf Resort Telc erwartet Sie.. Pension \u0160i\u0161k\u016fv ml\u00fdnEs befindet sich im Bereich des Golf Resort Tel\u010d. Das beeindruckende Geb\u00e4ude der Pension \u0160i\u0161k\u016fv ml\u00fdn, das die friedliche und l\u00e4ndliche Umgebung des Resorts unterstreicht und so zur insgesamt beruhigenden Atmosph\u00e4re der Gegend beitr\u00e4gt.\u00a0Das Geb\u00e4ude ist stolz auf seine lange Geschichte \u2013 es [&hellip;]\" \/>\n<meta property=\"og:url\" content=\"https:\/\/fairway2hotel.at\/cs\/hotels\/tschechien\/pension-siskuv-mlyn-im-golf-resort-telc\/\" \/>\n<meta property=\"og:site_name\" content=\"Fairway 2 Hotel\" \/>\n<meta property=\"article:modified_time\" content=\"2025-03-14T11:04:21+00:00\" \/>\n<meta name=\"twitter:card\" content=\"summary_large_image\" \/>\n<meta name=\"twitter:label1\" content=\"Odhadovan\u00e1 doba \u010dten\u00ed\" \/>\n\t<meta name=\"twitter:data1\" content=\"3 minuty\" \/>\n<script type=\"application\/ld+json\" class=\"yoast-schema-graph\">{\"@context\":\"https:\/\/schema.org\",\"@graph\":[{\"@type\":\"WebPage\",\"@id\":\"https:\/\/fairway2hotel.at\/cs\/hotels\/tschechien\/pension-siskuv-mlyn-im-golf-resort-telc\/\",\"url\":\"https:\/\/fairway2hotel.at\/cs\/hotels\/tschechien\/pension-siskuv-mlyn-im-golf-resort-telc\/\",\"name\":\"Pension \u0160i\u0161k\u016fv ml\u00fdn im Golf Resort Telc - Fairway 2 Hotel\",\"isPartOf\":{\"@id\":\"https:\/\/fairway2hotel.at\/cs\/#website\"},\"datePublished\":\"2024-11-04T10:44:00+00:00\",\"dateModified\":\"2025-03-14T11:04:21+00:00\",\"breadcrumb\":{\"@id\":\"https:\/\/fairway2hotel.at\/cs\/hotels\/tschechien\/pension-siskuv-mlyn-im-golf-resort-telc\/#breadcrumb\"},\"inLanguage\":\"cs\",\"potentialAction\":[{\"@type\":\"ReadAction\",\"target\":[\"https:\/\/fairway2hotel.at\/cs\/hotels\/tschechien\/pension-siskuv-mlyn-im-golf-resort-telc\/\"]}]},{\"@type\":\"BreadcrumbList\",\"@id\":\"https:\/\/fairway2hotel.at\/cs\/hotels\/tschechien\/pension-siskuv-mlyn-im-golf-resort-telc\/#breadcrumb\",\"itemListElement\":[{\"@type\":\"ListItem\",\"position\":1,\"name\":\"Home\",\"item\":\"https:\/\/fairway2hotel.at\/cs\/\"},{\"@type\":\"ListItem\",\"position\":2,\"name\":\"Hotels\",\"item\":\"https:\/\/fairway2hotel.at\/cs\/hotels\/\"},{\"@type\":\"ListItem\",\"position\":3,\"name\":\"Hotels Tschechien\",\"item\":\"https:\/\/fairway2hotel.at\/cs\/hotels\/tschechien\/\"},{\"@type\":\"ListItem\",\"position\":4,\"name\":\"Pension \u0160i\u0161k\u016fv ml\u00fdn im Golf Resort Telc\"}]},{\"@type\":\"WebSite\",\"@id\":\"https:\/\/fairway2hotel.at\/cs\/#website\",\"url\":\"https:\/\/fairway2hotel.at\/cs\/\",\"name\":\"Fairway 2 Hotel\",\"description\":\"Golf zum halben Preis! 2 spielen - 1 zahlt\",\"potentialAction\":[{\"@type\":\"SearchAction\",\"target\":{\"@type\":\"EntryPoint\",\"urlTemplate\":\"https:\/\/fairway2hotel.at\/cs\/?s={search_term_string}\"},\"query-input\":{\"@type\":\"PropertyValueSpecification\",\"valueRequired\":true,\"valueName\":\"search_term_string\"}}],\"inLanguage\":\"cs\"}]}<\/script>\n<!-- \/ Yoast SEO plugin. -->","yoast_head_json":{"title":"Pension \u0160i\u0161k\u016fv ml\u00fdn im Golf Resort Telc - Fairway 2 Hotel","robots":{"index":"index","follow":"follow","max-snippet":"max-snippet:-1","max-image-preview":"max-image-preview:large","max-video-preview":"max-video-preview:-1"},"canonical":"https:\/\/fairway2hotel.at\/cs\/hotels\/tschechien\/pension-siskuv-mlyn-im-golf-resort-telc\/","og_locale":"cs_CZ","og_type":"article","og_title":"Pension \u0160i\u0161k\u016fv ml\u00fdn im Golf Resort Telc - Fairway 2 Hotel","og_description":"Die Pension \u0160i\u0161k\u016fv ml\u00fdn im Golf Resort Telc erwartet Sie.. Pension \u0160i\u0161k\u016fv ml\u00fdnEs befindet sich im Bereich des Golf Resort Tel\u010d. Das beeindruckende Geb\u00e4ude der Pension \u0160i\u0161k\u016fv ml\u00fdn, das die friedliche und l\u00e4ndliche Umgebung des Resorts unterstreicht und so zur insgesamt beruhigenden Atmosph\u00e4re der Gegend beitr\u00e4gt.\u00a0Das Geb\u00e4ude ist stolz auf seine lange Geschichte \u2013 es [&hellip;]","og_url":"https:\/\/fairway2hotel.at\/cs\/hotels\/tschechien\/pension-siskuv-mlyn-im-golf-resort-telc\/","og_site_name":"Fairway 2 Hotel","article_modified_time":"2025-03-14T11:04:21+00:00","twitter_card":"summary_large_image","twitter_misc":{"Odhadovan\u00e1 doba \u010dten\u00ed":"3 minuty"},"schema":{"@context":"https:\/\/schema.org","@graph":[{"@type":"WebPage","@id":"https:\/\/fairway2hotel.at\/cs\/hotels\/tschechien\/pension-siskuv-mlyn-im-golf-resort-telc\/","url":"https:\/\/fairway2hotel.at\/cs\/hotels\/tschechien\/pension-siskuv-mlyn-im-golf-resort-telc\/","name":"Pension \u0160i\u0161k\u016fv ml\u00fdn im Golf Resort Telc - Fairway 2 Hotel","isPartOf":{"@id":"https:\/\/fairway2hotel.at\/cs\/#website"},"datePublished":"2024-11-04T10:44:00+00:00","dateModified":"2025-03-14T11:04:21+00:00","breadcrumb":{"@id":"https:\/\/fairway2hotel.at\/cs\/hotels\/tschechien\/pension-siskuv-mlyn-im-golf-resort-telc\/#breadcrumb"},"inLanguage":"cs","potentialAction":[{"@type":"ReadAction","target":["https:\/\/fairway2hotel.at\/cs\/hotels\/tschechien\/pension-siskuv-mlyn-im-golf-resort-telc\/"]}]},{"@type":"BreadcrumbList","@id":"https:\/\/fairway2hotel.at\/cs\/hotels\/tschechien\/pension-siskuv-mlyn-im-golf-resort-telc\/#breadcrumb","itemListElement":[{"@type":"ListItem","position":1,"name":"Home","item":"https:\/\/fairway2hotel.at\/cs\/"},{"@type":"ListItem","position":2,"name":"Hotels","item":"https:\/\/fairway2hotel.at\/cs\/hotels\/"},{"@type":"ListItem","position":3,"name":"Hotels Tschechien","item":"https:\/\/fairway2hotel.at\/cs\/hotels\/tschechien\/"},{"@type":"ListItem","position":4,"name":"Pension \u0160i\u0161k\u016fv ml\u00fdn im Golf Resort Telc"}]},{"@type":"WebSite","@id":"https:\/\/fairway2hotel.at\/cs\/#website","url":"https:\/\/fairway2hotel.at\/cs\/","name":"Fairway 2 Hotel","description":"Golf zum halben Preis! 2 spielen - 1 zahlt","potentialAction":[{"@type":"SearchAction","target":{"@type":"EntryPoint","urlTemplate":"https:\/\/fairway2hotel.at\/cs\/?s={search_term_string}"},"query-input":{"@type":"PropertyValueSpecification","valueRequired":true,"valueName":"search_term_string"}}],"inLanguage":"cs"}]}},"_links":{"self":[{"href":"https:\/\/fairway2hotel.at\/cs\/wp-json\/wp\/v2\/pages\/43194","targetHints":{"allow":["GET"]}}],"collection":[{"href":"https:\/\/fairway2hotel.at\/cs\/wp-json\/wp\/v2\/pages"}],"about":[{"href":"https:\/\/fairway2hotel.at\/cs\/wp-json\/wp\/v2\/types\/page"}],"author":[{"embeddable":true,"href":"https:\/\/fairway2hotel.at\/cs\/wp-json\/wp\/v2\/users\/24"}],"replies":[{"embeddable":true,"href":"https:\/\/fairway2hotel.at\/cs\/wp-json\/wp\/v2\/comments?post=43194"}],"version-history":[{"count":4,"href":"https:\/\/fairway2hotel.at\/cs\/wp-json\/wp\/v2\/pages\/43194\/revisions"}],"predecessor-version":[{"id":46605,"href":"https:\/\/fairway2hotel.at\/cs\/wp-json\/wp\/v2\/pages\/43194\/revisions\/46605"}],"up":[{"embeddable":true,"href":"https:\/\/fairway2hotel.at\/cs\/wp-json\/wp\/v2\/pages\/2234"}],"acf:attachment":[{"embeddable":true,"href":"https:\/\/fairway2hotel.at\/cs\/wp-json\/wp\/v2\/media\/43157"},{"embeddable":true,"href":"https:\/\/fairway2hotel.at\/cs\/wp-json\/wp\/v2\/media\/43161"},{"embeddable":true,"href":"https:\/\/fairway2hotel.at\/cs\/wp-json\/wp\/v2\/media\/43163"},{"embeddable":true,"href":"https:\/\/fairway2hotel.at\/cs\/wp-json\/wp\/v2\/media\/43165"},{"embeddable":true,"href":"https:\/\/fairway2hotel.at\/cs\/wp-json\/wp\/v2\/media\/43167"},{"embeddable":true,"href":"https:\/\/fairway2hotel.at\/cs\/wp-json\/wp\/v2\/media\/43169"},{"embeddable":true,"href":"https:\/\/fairway2hotel.at\/cs\/wp-json\/wp\/v2\/media\/43175"},{"embeddable":true,"href":"https:\/\/fairway2hotel.at\/cs\/wp-json\/wp\/v2\/media\/43177"},{"embeddable":true,"href":"https:\/\/fairway2hotel.at\/cs\/wp-json\/wp\/v2\/media\/43179"},{"embeddable":true,"href":"https:\/\/fairway2hotel.at\/cs\/wp-json\/wp\/v2\/media\/43181"},{"embeddable":true,"href":"https:\/\/fairway2hotel.at\/cs\/wp-json\/wp\/v2\/media\/43183"},{"embeddable":true,"href":"https:\/\/fairway2hotel.at\/cs\/wp-json\/wp\/v2\/media\/43171"},{"embeddable":true,"href":"https:\/\/fairway2hotel.at\/cs\/wp-json\/wp\/v2\/media\/43173"},{"embeddable":true,"href":"https:\/\/fairway2hotel.at\/cs\/wp-json\/wp\/v2\/media\/43159"},{"embeddable":true,"href":"https:\/\/fairway2hotel.at\/cs\/wp-json\/wp\/v2\/media\/43185"},{"embeddable":true,"href":"https:\/\/fairway2hotel.at\/cs\/wp-json\/wp\/v2\/media\/43187"}],"wp:attachment":[{"href":"https:\/\/fairway2hotel.at\/cs\/wp-json\/wp\/v2\/media?parent=43194"}],"curies":[{"name":"wp","href":"https:\/\/api.w.org\/{rel}","templated":true}]}}