{"id":43212,"date":"2024-11-05T10:52:30","date_gmt":"2024-11-05T09:52:30","guid":{"rendered":"https:\/\/fairway2hotel.at\/golfclubs\/italien\/gc-scherzing-copy\/"},"modified":"2024-11-09T19:29:43","modified_gmt":"2024-11-09T18:29:43","slug":"gc-villafranca","status":"publish","type":"page","link":"https:\/\/fairway2hotel.at\/cs\/golfclubs\/italien\/gc-villafranca\/","title":{"rendered":"GC Villafranca"},"content":{"rendered":"<h2>In den sanften H\u00fcgeln von Custoza<\/h2>\n<p>Der Golfclub Le Vigne wurde in den fr\u00fchen 90er Jahren auf dem h\u00fcgeligen Gel\u00e4nde am Fu\u00dfe des H\u00fcgels von Custoza gegr\u00fcndet, leicht erreichbar vom Autobahnanschluss Sommacampagna, der nur 3 km entfernt ist, 5 Minuten vom Flughafen Catullo und 20 Minuten von der ber\u00fchmten Altstadt von Verona. Neben den 18 L\u00f6chern PAR 66 bietet die Anlage eine Driving Range mit Trackman-Technologie, eine Bar, ein Restaurant, ein B&amp;B, einen Pool und Paddle.&#8221;<\/p>\n<h2>In the rolling hills of Custoza<\/h2>\n<p>The Golf Club Le Vigne was established in the early 1990s on the hilly terrain at the foot of the Custoza hill, easily accessible from the Sommacampagna motorway exit, which is only 3 km away, 5 minutes from Catullo Airport, and 20 minutes from the famous historic center of Verona. In addition to the 18 holes PAR 66, the facility offers a practice range with Trackman technology, bar, restaurant, B&amp;B, swimming pool and paddle courts.<\/p>\n","protected":false},"excerpt":{"rendered":"<p>In den sanften H\u00fcgeln von Custoza Der Golfclub Le Vigne wurde in den fr\u00fchen 90er Jahren auf dem h\u00fcgeligen Gel\u00e4nde am Fu\u00dfe des H\u00fcgels von Custoza gegr\u00fcndet, leicht erreichbar vom Autobahnanschluss Sommacampagna, der nur 3 km entfernt ist, 5 Minuten vom Flughafen Catullo und 20 Minuten von der ber\u00fchmten Altstadt von Verona. Neben den 18 [&hellip;]<\/p>\n","protected":false},"author":24,"featured_media":0,"parent":1657,"menu_order":0,"comment_status":"closed","ping_status":"closed","template":"page-partner.php","meta":{"_acf_changed":false,"footnotes":""},"class_list":["post-43212","page","type-page","status-publish","hentry"],"acf":{"partner_infobox":"<strong>Adresse:\u00a0<\/strong>Autopark Sadobre\r\nI - 39040 Freienfeld-Sterzing\r\n\r\n<strong>Tel:\u00a0<\/strong>+39 333 815 43 50\r\n\r\n<strong>Web: <\/strong><a href=\"http:\/\/www.golf.bz.it\" target=\"_blank\" rel=\"nofollow noopener noreferrer\">www.golf.bz.it<\/a>\r\n\r\n<strong>E-Mail:<\/strong> <a href=\"mailto:info@golf.bz.it \">info@golf.bz.it<\/a>","partner_logo":43214,"partner_gallery":[43216,43218],"partner_lat":45.36957124337428,"partner_long":10.843295586633362,"partner_type":"golfclub","partner_openings":["1","2","3","4","5","6","7"],"montag_von_bis":"00:00 - 24:00","dienstag_von_bis":"00:00 - 24:00","mittwoch_von_bis":"00:00 - 24:00","donnerstag_von_bis":"00:00 - 24:00","freitag_von_bis":"00:00 - 24:00","samstag_von_bis":"00:00 - 24:00","sonntag_von_bis":"00:00 - 24:00","partner_adresse":"Localita Casella 34, 37069 Pozzomoretto","partner_land_bundesland":"Italien","partner_tel_1":"+39 045 630 5572","partner_tel_2":"","partner_web":"https:\/\/golfvillafranca.it\/","partner_mail":"info@golfvillafranca.it","partner_spielbahnen_par":"18\/70","partner_laenge":"","partner_bedingungen":"","partner_anfahrt":"","partner_misc":null,"additional_css_classes":""},"yoast_head":"<!-- This site is optimized with the Yoast SEO plugin v26.8 - https:\/\/yoast.com\/product\/yoast-seo-wordpress\/ -->\n<title>GC Villafranca - Fairway 2 Hotel<\/title>\n<meta name=\"robots\" content=\"index, follow, max-snippet:-1, max-image-preview:large, max-video-preview:-1\" \/>\n<link rel=\"canonical\" href=\"https:\/\/fairway2hotel.at\/cs\/golfclubs\/italien\/gc-villafranca\/\" \/>\n<meta property=\"og:locale\" content=\"cs_CZ\" \/>\n<meta property=\"og:type\" content=\"article\" \/>\n<meta property=\"og:title\" content=\"GC Villafranca - Fairway 2 Hotel\" \/>\n<meta property=\"og:description\" content=\"In den sanften H\u00fcgeln von Custoza Der Golfclub Le Vigne wurde in den fr\u00fchen 90er Jahren auf dem h\u00fcgeligen Gel\u00e4nde am Fu\u00dfe des H\u00fcgels von Custoza gegr\u00fcndet, leicht erreichbar vom Autobahnanschluss Sommacampagna, der nur 3 km entfernt ist, 5 Minuten vom Flughafen Catullo und 20 Minuten von der ber\u00fchmten Altstadt von Verona. Neben den 18 [&hellip;]\" \/>\n<meta property=\"og:url\" content=\"https:\/\/fairway2hotel.at\/cs\/golfclubs\/italien\/gc-villafranca\/\" \/>\n<meta property=\"og:site_name\" content=\"Fairway 2 Hotel\" \/>\n<meta property=\"article:modified_time\" content=\"2024-11-09T18:29:43+00:00\" \/>\n<meta name=\"twitter:card\" content=\"summary_large_image\" \/>\n<meta name=\"twitter:label1\" content=\"Odhadovan\u00e1 doba \u010dten\u00ed\" \/>\n\t<meta name=\"twitter:data1\" content=\"1 minuta\" \/>\n<script type=\"application\/ld+json\" class=\"yoast-schema-graph\">{\"@context\":\"https:\/\/schema.org\",\"@graph\":[{\"@type\":\"WebPage\",\"@id\":\"https:\/\/fairway2hotel.at\/cs\/golfclubs\/italien\/gc-villafranca\/\",\"url\":\"https:\/\/fairway2hotel.at\/cs\/golfclubs\/italien\/gc-villafranca\/\",\"name\":\"GC Villafranca - Fairway 2 Hotel\",\"isPartOf\":{\"@id\":\"https:\/\/fairway2hotel.at\/cs\/#website\"},\"datePublished\":\"2024-11-05T09:52:30+00:00\",\"dateModified\":\"2024-11-09T18:29:43+00:00\",\"breadcrumb\":{\"@id\":\"https:\/\/fairway2hotel.at\/cs\/golfclubs\/italien\/gc-villafranca\/#breadcrumb\"},\"inLanguage\":\"cs\",\"potentialAction\":[{\"@type\":\"ReadAction\",\"target\":[\"https:\/\/fairway2hotel.at\/cs\/golfclubs\/italien\/gc-villafranca\/\"]}]},{\"@type\":\"BreadcrumbList\",\"@id\":\"https:\/\/fairway2hotel.at\/cs\/golfclubs\/italien\/gc-villafranca\/#breadcrumb\",\"itemListElement\":[{\"@type\":\"ListItem\",\"position\":1,\"name\":\"Home\",\"item\":\"https:\/\/fairway2hotel.at\/cs\/\"},{\"@type\":\"ListItem\",\"position\":2,\"name\":\"Golfclubs\",\"item\":\"https:\/\/fairway2hotel.at\/cs\/golfclubs\/\"},{\"@type\":\"ListItem\",\"position\":3,\"name\":\"Golfclubs Italien\",\"item\":\"https:\/\/fairway2hotel.at\/cs\/golfclubs\/italien\/\"},{\"@type\":\"ListItem\",\"position\":4,\"name\":\"GC Villafranca\"}]},{\"@type\":\"WebSite\",\"@id\":\"https:\/\/fairway2hotel.at\/cs\/#website\",\"url\":\"https:\/\/fairway2hotel.at\/cs\/\",\"name\":\"Fairway 2 Hotel\",\"description\":\"Golf zum halben Preis! 2 spielen - 1 zahlt\",\"potentialAction\":[{\"@type\":\"SearchAction\",\"target\":{\"@type\":\"EntryPoint\",\"urlTemplate\":\"https:\/\/fairway2hotel.at\/cs\/?s={search_term_string}\"},\"query-input\":{\"@type\":\"PropertyValueSpecification\",\"valueRequired\":true,\"valueName\":\"search_term_string\"}}],\"inLanguage\":\"cs\"}]}<\/script>\n<!-- \/ Yoast SEO plugin. -->","yoast_head_json":{"title":"GC Villafranca - Fairway 2 Hotel","robots":{"index":"index","follow":"follow","max-snippet":"max-snippet:-1","max-image-preview":"max-image-preview:large","max-video-preview":"max-video-preview:-1"},"canonical":"https:\/\/fairway2hotel.at\/cs\/golfclubs\/italien\/gc-villafranca\/","og_locale":"cs_CZ","og_type":"article","og_title":"GC Villafranca - Fairway 2 Hotel","og_description":"In den sanften H\u00fcgeln von Custoza Der Golfclub Le Vigne wurde in den fr\u00fchen 90er Jahren auf dem h\u00fcgeligen Gel\u00e4nde am Fu\u00dfe des H\u00fcgels von Custoza gegr\u00fcndet, leicht erreichbar vom Autobahnanschluss Sommacampagna, der nur 3 km entfernt ist, 5 Minuten vom Flughafen Catullo und 20 Minuten von der ber\u00fchmten Altstadt von Verona. Neben den 18 [&hellip;]","og_url":"https:\/\/fairway2hotel.at\/cs\/golfclubs\/italien\/gc-villafranca\/","og_site_name":"Fairway 2 Hotel","article_modified_time":"2024-11-09T18:29:43+00:00","twitter_card":"summary_large_image","twitter_misc":{"Odhadovan\u00e1 doba \u010dten\u00ed":"1 minuta"},"schema":{"@context":"https:\/\/schema.org","@graph":[{"@type":"WebPage","@id":"https:\/\/fairway2hotel.at\/cs\/golfclubs\/italien\/gc-villafranca\/","url":"https:\/\/fairway2hotel.at\/cs\/golfclubs\/italien\/gc-villafranca\/","name":"GC Villafranca - Fairway 2 Hotel","isPartOf":{"@id":"https:\/\/fairway2hotel.at\/cs\/#website"},"datePublished":"2024-11-05T09:52:30+00:00","dateModified":"2024-11-09T18:29:43+00:00","breadcrumb":{"@id":"https:\/\/fairway2hotel.at\/cs\/golfclubs\/italien\/gc-villafranca\/#breadcrumb"},"inLanguage":"cs","potentialAction":[{"@type":"ReadAction","target":["https:\/\/fairway2hotel.at\/cs\/golfclubs\/italien\/gc-villafranca\/"]}]},{"@type":"BreadcrumbList","@id":"https:\/\/fairway2hotel.at\/cs\/golfclubs\/italien\/gc-villafranca\/#breadcrumb","itemListElement":[{"@type":"ListItem","position":1,"name":"Home","item":"https:\/\/fairway2hotel.at\/cs\/"},{"@type":"ListItem","position":2,"name":"Golfclubs","item":"https:\/\/fairway2hotel.at\/cs\/golfclubs\/"},{"@type":"ListItem","position":3,"name":"Golfclubs Italien","item":"https:\/\/fairway2hotel.at\/cs\/golfclubs\/italien\/"},{"@type":"ListItem","position":4,"name":"GC Villafranca"}]},{"@type":"WebSite","@id":"https:\/\/fairway2hotel.at\/cs\/#website","url":"https:\/\/fairway2hotel.at\/cs\/","name":"Fairway 2 Hotel","description":"Golf zum halben Preis! 2 spielen - 1 zahlt","potentialAction":[{"@type":"SearchAction","target":{"@type":"EntryPoint","urlTemplate":"https:\/\/fairway2hotel.at\/cs\/?s={search_term_string}"},"query-input":{"@type":"PropertyValueSpecification","valueRequired":true,"valueName":"search_term_string"}}],"inLanguage":"cs"}]}},"_links":{"self":[{"href":"https:\/\/fairway2hotel.at\/cs\/wp-json\/wp\/v2\/pages\/43212","targetHints":{"allow":["GET"]}}],"collection":[{"href":"https:\/\/fairway2hotel.at\/cs\/wp-json\/wp\/v2\/pages"}],"about":[{"href":"https:\/\/fairway2hotel.at\/cs\/wp-json\/wp\/v2\/types\/page"}],"author":[{"embeddable":true,"href":"https:\/\/fairway2hotel.at\/cs\/wp-json\/wp\/v2\/users\/24"}],"replies":[{"embeddable":true,"href":"https:\/\/fairway2hotel.at\/cs\/wp-json\/wp\/v2\/comments?post=43212"}],"version-history":[{"count":4,"href":"https:\/\/fairway2hotel.at\/cs\/wp-json\/wp\/v2\/pages\/43212\/revisions"}],"predecessor-version":[{"id":43580,"href":"https:\/\/fairway2hotel.at\/cs\/wp-json\/wp\/v2\/pages\/43212\/revisions\/43580"}],"up":[{"embeddable":true,"href":"https:\/\/fairway2hotel.at\/cs\/wp-json\/wp\/v2\/pages\/1657"}],"acf:attachment":[{"embeddable":true,"href":"https:\/\/fairway2hotel.at\/cs\/wp-json\/wp\/v2\/media\/43218"},{"embeddable":true,"href":"https:\/\/fairway2hotel.at\/cs\/wp-json\/wp\/v2\/media\/43216"}],"wp:attachment":[{"href":"https:\/\/fairway2hotel.at\/cs\/wp-json\/wp\/v2\/media?parent=43212"}],"curies":[{"name":"wp","href":"https:\/\/api.w.org\/{rel}","templated":true}]}}