{"id":43319,"date":"2024-11-05T13:42:55","date_gmt":"2024-11-05T12:42:55","guid":{"rendered":"https:\/\/fairway2hotel.at\/hotels\/steiermark\/naturhotel-enzianhof-copy\/"},"modified":"2026-01-21T15:56:35","modified_gmt":"2026-01-21T14:56:35","slug":"sunny-hill-fruehstueckshotel","status":"publish","type":"page","link":"https:\/\/fairway2hotel.at\/cs\/hotels\/steiermark\/sunny-hill-fruehstueckshotel\/","title":{"rendered":"Sunny Hill Fr\u00fchst\u00fcckshotel"},"content":{"rendered":"<h2><strong>Ihr Fr\u00fchst\u00fcckshotel mit dem besten Panoramablick in Bad Loipersdorf<\/strong><\/h2>\n<p>Willkommen in einer neuen \u00c4ra: Aus dem &#8220;Dreilandhof&#8221; wird &#8220;Sunny Hill Fr\u00fchst\u00fcckshotel&#8221;, das Ihren Morgen noch ein bisschen sonniger macht.\u00a0 Der Name ist neu, die Herzlichkeit bleibt.<\/p>\n<p>Der\u00a0 Dreilandhof &#8211; Sunny Hill Fr\u00fchst\u00fcckshotel befindet sich auf einem sonnigen H\u00fcgel Plateau in einer der sch\u00f6nsten Regionen der Steiermark. Sie kriegen ein liebevoll und freundlich eingerichtetes Zimmer mit Klimaanlage sowie bei allen Aufenthalten ein reichhaltiges, regionales Fr\u00fchst\u00fccksbuffet f\u00fcr den idealen Start in den Tag. Der\u00a0 Dreilandhof &#8211; Sunny Hill Fr\u00fchst\u00fcckshotel\u00a0\u00a0ist nur ca. 4 Minuten vom 27-Loch- Thermengolfplatz Loipersdorf entfernt. Aufgrund pannonischer Klimaeinfl\u00fcsse besteht das ganze Jahr \u00fcber die M\u00f6glichkeit Golf zu spielen.<\/p>\n<p>&nbsp;<\/p>\n<h2><strong>Your breakfast hotel with the best panoramic view in Bad Loipersdorf<\/strong><\/h2>\n<p>Welcome to a new era: the \u2018Dreilandhof\u2019 has become the \u2018Sunny Hill Breakfast Hotel\u2019, which will make your morning a little sunnier. The name is new, the warmth remains.<\/p>\n<p>The Dreilandhof &#8211; Sunny Hill Fr\u00fchst\u00fcckshotel is located on a sunny hilltop plateau in one of the most beautiful regions of Styria. You get a lovingly and friendly furnished room with air conditioning as well as a rich, regional breakfast buffet for the ideal start to the day. The Dreilandhof &#8211; Sunny Hill Fr\u00fchst\u00fcckshotel is only about 4 minutes away from the 27-hole thermal spa golf course in Loipersdorf. Thanks to the Pannonian climate, you can play golf all year round.<\/p>\n<p>&nbsp;<\/p>\n<p>&nbsp;<\/p>\n","protected":false},"excerpt":{"rendered":"<p>Ihr Fr\u00fchst\u00fcckshotel mit dem besten Panoramablick in Bad Loipersdorf Willkommen in einer neuen \u00c4ra: Aus dem &#8220;Dreilandhof&#8221; wird &#8220;Sunny Hill Fr\u00fchst\u00fcckshotel&#8221;, das Ihren Morgen noch ein bisschen sonniger macht.\u00a0 Der Name ist neu, die Herzlichkeit bleibt. Der\u00a0 Dreilandhof &#8211; Sunny Hill Fr\u00fchst\u00fcckshotel befindet sich auf einem sonnigen H\u00fcgel Plateau in einer der sch\u00f6nsten Regionen der [&hellip;]<\/p>\n","protected":false},"author":24,"featured_media":0,"parent":2141,"menu_order":5,"comment_status":"closed","ping_status":"closed","template":"page-partner.php","meta":{"_acf_changed":false,"footnotes":""},"class_list":["post-43319","page","type-page","status-publish","hentry"],"acf":{"partner_infobox":"<strong>Adresse:\u00a0<\/strong>Oberwald 49, 8563 Ligist\r\n\r\n<strong>Tel:\u00a0<\/strong>03143\/21 06\r\n\r\n<strong>Fax:\u00a0<\/strong>03143\/21 06-41\r\n\r\n<strong>Web: <\/strong><a href=\"http:\/\/www.enzianhof.at\" target=\"_blank\" rel=\"nofollow noopener noreferrer\">www.enzianhof.at<\/a>\r\n\r\n<strong>E-Mail:<\/strong> <a href=\"mailto:info@enzianhof.at\">info@enzianhof.at<\/a>\r\n\r\n<em><strong>Bedingungen: <\/strong>2 Na\u0308chtigungen zum Preis von einer.<\/em>\r\n\r\n<strong>Golfpl\u00e4tze in der Umgebung:\r\n<\/strong>Maria Lankowitz 25 min\r\nGC Thal 30 Min\r\nGC Frauenthal 35 Min\r\nGC Mursta\u0308tten 35 Min\r\n\r\n<strong>Anfahrt:\r\n<\/strong>A2 Abfahrt Steinberg Links Richtung Ligist, nach 3,5 km wieder links und den Hinweisschildern folgen (5 km bergauf und immer links halten)","partner_logo":52432,"partner_gallery":[43321,43323],"partner_lat":46.99677014376016,"partner_long":16.11429855471362,"partner_type":"hotel","partner_openings":["1","2","3","4","5","6","7"],"montag_von_bis":"00:00 - 24:00","dienstag_von_bis":"00:00 - 24:00","mittwoch_von_bis":"00:00 - 24:00","donnerstag_von_bis":"00:00 - 24:00","freitag_von_bis":"00:00 - 24:00","samstag_von_bis":"00:00 - 24:00","sonntag_von_bis":"00:00 - 24:00","partner_adresse":"Thermenstrasse 136, 8282 Bad Loipersdorf","partner_land_bundesland":"","partner_tel_1":"+43 3382 8591","partner_tel_2":"","partner_web":"https:\/\/www.sunny-hill.at","partner_mail":"hotel@sunny-hill.at","partner_spielbahnen_par":"","partner_laenge":"","partner_bedingungen":"Gutschein einl\u00f6sbar f\u00fcr 1 Nacht inkl. Fr\u00fchst\u00fccksbuffet, Buchung fru\u0308hestens 7 Tage vor der Anreise durch telefonische Anfrage mo\u0308glich. Angebot nur f\u00fcr ein begrenztes Zimmerkontingent verf\u00fcgbar. Gutscheine nicht einlo\u0308sbar an Feiertagen, verla\u0308ngerten Wochenenden sowie in den Weihnachtsferien.\r\nvoucher redeemable for 1 night including breakfast buffet. Booking possible at the earliest 7 days before arrival by telephone enquiry. Offer only available for a limited number of rooms. Vouchers cannot be redeemed on public holidays, long weekends and during the Christmas holidays.\r\n\r\n","partner_anfahrt":"","partner_misc":null,"additional_css_classes":""},"yoast_head":"<!-- This site is optimized with the Yoast SEO plugin v26.8 - https:\/\/yoast.com\/product\/yoast-seo-wordpress\/ -->\n<title>Sunny Hill Fr\u00fchst\u00fcckshotel - Fairway 2 Hotel<\/title>\n<meta name=\"robots\" content=\"index, follow, max-snippet:-1, max-image-preview:large, max-video-preview:-1\" \/>\n<link rel=\"canonical\" href=\"https:\/\/fairway2hotel.at\/cs\/hotels\/steiermark\/sunny-hill-fruehstueckshotel\/\" \/>\n<meta property=\"og:locale\" content=\"cs_CZ\" \/>\n<meta property=\"og:type\" content=\"article\" \/>\n<meta property=\"og:title\" content=\"Sunny Hill Fr\u00fchst\u00fcckshotel - Fairway 2 Hotel\" \/>\n<meta property=\"og:description\" content=\"Ihr Fr\u00fchst\u00fcckshotel mit dem besten Panoramablick in Bad Loipersdorf Willkommen in einer neuen \u00c4ra: Aus dem &#8220;Dreilandhof&#8221; wird &#8220;Sunny Hill Fr\u00fchst\u00fcckshotel&#8221;, das Ihren Morgen noch ein bisschen sonniger macht.\u00a0 Der Name ist neu, die Herzlichkeit bleibt. Der\u00a0 Dreilandhof &#8211; Sunny Hill Fr\u00fchst\u00fcckshotel befindet sich auf einem sonnigen H\u00fcgel Plateau in einer der sch\u00f6nsten Regionen der [&hellip;]\" \/>\n<meta property=\"og:url\" content=\"https:\/\/fairway2hotel.at\/cs\/hotels\/steiermark\/sunny-hill-fruehstueckshotel\/\" \/>\n<meta property=\"og:site_name\" content=\"Fairway 2 Hotel\" \/>\n<meta property=\"article:modified_time\" content=\"2026-01-21T14:56:35+00:00\" \/>\n<meta name=\"twitter:card\" content=\"summary_large_image\" \/>\n<meta name=\"twitter:label1\" content=\"Odhadovan\u00e1 doba \u010dten\u00ed\" \/>\n\t<meta name=\"twitter:data1\" content=\"2 minuty\" \/>\n<script type=\"application\/ld+json\" class=\"yoast-schema-graph\">{\"@context\":\"https:\/\/schema.org\",\"@graph\":[{\"@type\":\"WebPage\",\"@id\":\"https:\/\/fairway2hotel.at\/cs\/hotels\/steiermark\/sunny-hill-fruehstueckshotel\/\",\"url\":\"https:\/\/fairway2hotel.at\/cs\/hotels\/steiermark\/sunny-hill-fruehstueckshotel\/\",\"name\":\"Sunny Hill Fr\u00fchst\u00fcckshotel - Fairway 2 Hotel\",\"isPartOf\":{\"@id\":\"https:\/\/fairway2hotel.at\/cs\/#website\"},\"datePublished\":\"2024-11-05T12:42:55+00:00\",\"dateModified\":\"2026-01-21T14:56:35+00:00\",\"breadcrumb\":{\"@id\":\"https:\/\/fairway2hotel.at\/cs\/hotels\/steiermark\/sunny-hill-fruehstueckshotel\/#breadcrumb\"},\"inLanguage\":\"cs\",\"potentialAction\":[{\"@type\":\"ReadAction\",\"target\":[\"https:\/\/fairway2hotel.at\/cs\/hotels\/steiermark\/sunny-hill-fruehstueckshotel\/\"]}]},{\"@type\":\"BreadcrumbList\",\"@id\":\"https:\/\/fairway2hotel.at\/cs\/hotels\/steiermark\/sunny-hill-fruehstueckshotel\/#breadcrumb\",\"itemListElement\":[{\"@type\":\"ListItem\",\"position\":1,\"name\":\"Home\",\"item\":\"https:\/\/fairway2hotel.at\/cs\/\"},{\"@type\":\"ListItem\",\"position\":2,\"name\":\"Hotels\",\"item\":\"https:\/\/fairway2hotel.at\/cs\/hotels\/\"},{\"@type\":\"ListItem\",\"position\":3,\"name\":\"Hotels Steiermark\",\"item\":\"https:\/\/fairway2hotel.at\/cs\/hotels\/steiermark\/\"},{\"@type\":\"ListItem\",\"position\":4,\"name\":\"Sunny Hill Fr\u00fchst\u00fcckshotel\"}]},{\"@type\":\"WebSite\",\"@id\":\"https:\/\/fairway2hotel.at\/cs\/#website\",\"url\":\"https:\/\/fairway2hotel.at\/cs\/\",\"name\":\"Fairway 2 Hotel\",\"description\":\"Golf zum halben Preis! 2 spielen - 1 zahlt\",\"potentialAction\":[{\"@type\":\"SearchAction\",\"target\":{\"@type\":\"EntryPoint\",\"urlTemplate\":\"https:\/\/fairway2hotel.at\/cs\/?s={search_term_string}\"},\"query-input\":{\"@type\":\"PropertyValueSpecification\",\"valueRequired\":true,\"valueName\":\"search_term_string\"}}],\"inLanguage\":\"cs\"}]}<\/script>\n<!-- \/ Yoast SEO plugin. -->","yoast_head_json":{"title":"Sunny Hill Fr\u00fchst\u00fcckshotel - Fairway 2 Hotel","robots":{"index":"index","follow":"follow","max-snippet":"max-snippet:-1","max-image-preview":"max-image-preview:large","max-video-preview":"max-video-preview:-1"},"canonical":"https:\/\/fairway2hotel.at\/cs\/hotels\/steiermark\/sunny-hill-fruehstueckshotel\/","og_locale":"cs_CZ","og_type":"article","og_title":"Sunny Hill Fr\u00fchst\u00fcckshotel - Fairway 2 Hotel","og_description":"Ihr Fr\u00fchst\u00fcckshotel mit dem besten Panoramablick in Bad Loipersdorf Willkommen in einer neuen \u00c4ra: Aus dem &#8220;Dreilandhof&#8221; wird &#8220;Sunny Hill Fr\u00fchst\u00fcckshotel&#8221;, das Ihren Morgen noch ein bisschen sonniger macht.\u00a0 Der Name ist neu, die Herzlichkeit bleibt. Der\u00a0 Dreilandhof &#8211; Sunny Hill Fr\u00fchst\u00fcckshotel befindet sich auf einem sonnigen H\u00fcgel Plateau in einer der sch\u00f6nsten Regionen der [&hellip;]","og_url":"https:\/\/fairway2hotel.at\/cs\/hotels\/steiermark\/sunny-hill-fruehstueckshotel\/","og_site_name":"Fairway 2 Hotel","article_modified_time":"2026-01-21T14:56:35+00:00","twitter_card":"summary_large_image","twitter_misc":{"Odhadovan\u00e1 doba \u010dten\u00ed":"2 minuty"},"schema":{"@context":"https:\/\/schema.org","@graph":[{"@type":"WebPage","@id":"https:\/\/fairway2hotel.at\/cs\/hotels\/steiermark\/sunny-hill-fruehstueckshotel\/","url":"https:\/\/fairway2hotel.at\/cs\/hotels\/steiermark\/sunny-hill-fruehstueckshotel\/","name":"Sunny Hill Fr\u00fchst\u00fcckshotel - Fairway 2 Hotel","isPartOf":{"@id":"https:\/\/fairway2hotel.at\/cs\/#website"},"datePublished":"2024-11-05T12:42:55+00:00","dateModified":"2026-01-21T14:56:35+00:00","breadcrumb":{"@id":"https:\/\/fairway2hotel.at\/cs\/hotels\/steiermark\/sunny-hill-fruehstueckshotel\/#breadcrumb"},"inLanguage":"cs","potentialAction":[{"@type":"ReadAction","target":["https:\/\/fairway2hotel.at\/cs\/hotels\/steiermark\/sunny-hill-fruehstueckshotel\/"]}]},{"@type":"BreadcrumbList","@id":"https:\/\/fairway2hotel.at\/cs\/hotels\/steiermark\/sunny-hill-fruehstueckshotel\/#breadcrumb","itemListElement":[{"@type":"ListItem","position":1,"name":"Home","item":"https:\/\/fairway2hotel.at\/cs\/"},{"@type":"ListItem","position":2,"name":"Hotels","item":"https:\/\/fairway2hotel.at\/cs\/hotels\/"},{"@type":"ListItem","position":3,"name":"Hotels Steiermark","item":"https:\/\/fairway2hotel.at\/cs\/hotels\/steiermark\/"},{"@type":"ListItem","position":4,"name":"Sunny Hill Fr\u00fchst\u00fcckshotel"}]},{"@type":"WebSite","@id":"https:\/\/fairway2hotel.at\/cs\/#website","url":"https:\/\/fairway2hotel.at\/cs\/","name":"Fairway 2 Hotel","description":"Golf zum halben Preis! 2 spielen - 1 zahlt","potentialAction":[{"@type":"SearchAction","target":{"@type":"EntryPoint","urlTemplate":"https:\/\/fairway2hotel.at\/cs\/?s={search_term_string}"},"query-input":{"@type":"PropertyValueSpecification","valueRequired":true,"valueName":"search_term_string"}}],"inLanguage":"cs"}]}},"_links":{"self":[{"href":"https:\/\/fairway2hotel.at\/cs\/wp-json\/wp\/v2\/pages\/43319","targetHints":{"allow":["GET"]}}],"collection":[{"href":"https:\/\/fairway2hotel.at\/cs\/wp-json\/wp\/v2\/pages"}],"about":[{"href":"https:\/\/fairway2hotel.at\/cs\/wp-json\/wp\/v2\/types\/page"}],"author":[{"embeddable":true,"href":"https:\/\/fairway2hotel.at\/cs\/wp-json\/wp\/v2\/users\/24"}],"replies":[{"embeddable":true,"href":"https:\/\/fairway2hotel.at\/cs\/wp-json\/wp\/v2\/comments?post=43319"}],"version-history":[{"count":6,"href":"https:\/\/fairway2hotel.at\/cs\/wp-json\/wp\/v2\/pages\/43319\/revisions"}],"predecessor-version":[{"id":52434,"href":"https:\/\/fairway2hotel.at\/cs\/wp-json\/wp\/v2\/pages\/43319\/revisions\/52434"}],"up":[{"embeddable":true,"href":"https:\/\/fairway2hotel.at\/cs\/wp-json\/wp\/v2\/pages\/2141"}],"acf:attachment":[{"embeddable":true,"href":"https:\/\/fairway2hotel.at\/cs\/wp-json\/wp\/v2\/media\/43323"},{"embeddable":true,"href":"https:\/\/fairway2hotel.at\/cs\/wp-json\/wp\/v2\/media\/43321"}],"wp:attachment":[{"href":"https:\/\/fairway2hotel.at\/cs\/wp-json\/wp\/v2\/media?parent=43319"}],"curies":[{"name":"wp","href":"https:\/\/api.w.org\/{rel}","templated":true}]}}