{"id":43331,"date":"2024-11-06T10:18:46","date_gmt":"2024-11-06T09:18:46","guid":{"rendered":"https:\/\/fairway2hotel.at\/golfclubs\/ungarn\/pannonia-golf-und-country-club-copy\/"},"modified":"2025-03-14T10:04:40","modified_gmt":"2025-03-14T09:04:40","slug":"gc-hencse-national-golf-country-club","status":"publish","type":"page","link":"https:\/\/fairway2hotel.at\/cs\/golfclubs\/ungarn\/gc-hencse-national-golf-country-club\/","title":{"rendered":"GC Hencse National Golf &#038; Country Club"},"content":{"rendered":"<h2>Ungarns romantischster Golfplatz erwartet Sie<\/h2>\n<p>Der Hencse National Golf &amp; Country Club, Ungarns romantischster Golfplatz, liegt im Herzen der wundersch\u00f6nen Region Zselic. Hencse \u00f6ffnete seine Pforten f\u00fcr Golfer im Juli 1994. Der 18-Loch-Meisterschaftsplatz mit Par 72, der auf 90 Hektar malerischer Landschaft angelegt wurde, erstreckt sich \u00fcber 6206 Meter. Die 26.000 B\u00e4ume, die die meisten L\u00f6cher umrahmen, die 80.000 Str\u00e4ucher, die sanften H\u00fcgel, die Sandbunker und die Seen machen jedes Loch einzigartig und unvergesslich \u2013 eine lohnende Herausforderung f\u00fcr Anf\u00e4nger und erfahrene Spieler gleicherma\u00dfen. Die Landschaft bietet ein Panorama, eine \u00fcppige, gr\u00fcne Naturlandschaft voller Wildtiere. Sehen Sie Karpfen, Welse und Amur sowie Hunderte von Wildenten, die in den Seen schwimmen! Beobachten Sie Rehe und gelegentlich Cross-Country-Golfer, und verschiedenste Arten von Reihern, denen die wandernden St\u00f6rche und die Schwanenfamilie, die jeden Sommer auf den Platz zur\u00fcckkehrt, nichts auszumachen scheinen! Hencse National bietet jedem Golfer einen atemberaubenden Golfplatz gepaart mit einer warmen, freundlichen Atmosph\u00e4re.<\/p>\n<p>Wir freuen uns auf Ihren Besuch<\/p>\n<h2>Hungarys most romantic Golfcourse awaits for you<\/h2>\n<p>Hencse National Golf &amp; Country Club, Hungary\u2019s most romantic golf course, is situated in the heart of the beautiful Zselic region. Hencse opened its doors to golfers in July 1994. The 18-hole, par 72 championship course, developed on 90 hectares of picturesque countryside, stretches 6206 metres. The 26,000 trees that frame most holes, the 80,000 shrubs, the rolling hills, the sand bunkers and the lakes, make every hole distinct and memorable, a rewarding challenge for beginners and seasoned players alike. The landscape is panoramic, a lush, green canvas of nature brimming with wildlife. See carp, catfish and amur, and hundreds of wild ducks, swimming in the lakes! See roe deer and the occasional cross-country golfer prance through the park, and dozens of heron and egret that don\u2019t seem to mind the migrating storks and the family of swans that return to the course every summer! Hencse National offers every golfer a stunning golf course paired with a warm, friendly atmosphere.<\/p>\n<p>We look forward to seeing you soon!<\/p>\n","protected":false},"excerpt":{"rendered":"<p>Ungarns romantischster Golfplatz erwartet Sie Der Hencse National Golf &amp; Country Club, Ungarns romantischster Golfplatz, liegt im Herzen der wundersch\u00f6nen Region Zselic. Hencse \u00f6ffnete seine Pforten f\u00fcr Golfer im Juli 1994. Der 18-Loch-Meisterschaftsplatz mit Par 72, der auf 90 Hektar malerischer Landschaft angelegt wurde, erstreckt sich \u00fcber 6206 Meter. Die 26.000 B\u00e4ume, die die meisten [&hellip;]<\/p>\n","protected":false},"author":24,"featured_media":0,"parent":1725,"menu_order":15,"comment_status":"closed","ping_status":"closed","template":"page-partner.php","meta":{"_acf_changed":false,"footnotes":""},"class_list":["post-43331","page","type-page","status-publish","hentry"],"acf":{"partner_infobox":"<strong>Adresse:\u00a0<\/strong>Mariav\u00f6lgy ZRT, 8087 Alcsutdoboz, Mariav\u00f6lgy\r\n\r\n<strong>Tel:\u00a0<\/strong>+36 22 594 200\r\n\r\n<strong>Fax:\u00a0<\/strong>+36 70 978 5687\r\n\r\n<strong>Web: <\/strong><a href=\"http:\/\/www.golfpannonia.hu\" target=\"_blank\" rel=\"nofollow noopener\">www.golfpannonia.hu<\/a>\r\n\r\n<strong>E-Mail:<\/strong> <a href=\"mailto:info@golfpannonia.hu\">info@golfpannonia.hu<\/a>\r\n\r\n<strong>Spielbahnen\/Par: <\/strong>18 - 72\/73\r\n\r\n<strong>La\u0308nge: <\/strong>gelb: 5.969m \/\u00a0rot: 5.406m\r\n\r\n<em><strong>Bedingungen: <\/strong>Mo-So 18-Loch-Greenfee<\/em>\r\n\r\n<strong>Anfahrt:\r\n<\/strong>Autobahn M1 Wien-Budapest bis Ausfahrt Bicske (bei km 39). Nach der Ausfahrt rechts\u00a0\u2192 Tatab\u00e1nya\u00a0\u2192 ca. 3 km links\u00a0\u2192 Sz\u00e9kesfeh\u00e9rv\u00e1r und Felcs\u00fat abbiegen. Durch Felcs\u00fat\u00a0\u2192 Alcs\u00fatdoboz. In Alcs\u00fatdoboz links \u2192 Etyek abbiegen\u00a0\u2192 Platanenallee, f\u00fchrt direkt zum Clubhaus.","partner_logo":43333,"partner_gallery":[43335,43337,43339,43341,43343],"partner_lat":46.205150797889296,"partner_long":17.62310026817452,"partner_type":"golfclub","partner_openings":["1","2","3","4","5","6","7"],"montag_von_bis":"00:00 - 24:00","dienstag_von_bis":"00:00 - 24:00","mittwoch_von_bis":"00:00 - 24:00","donnerstag_von_bis":"00:00 - 24:00","freitag_von_bis":"00:00 - 24:00","samstag_von_bis":"00:00 - 24:00","sonntag_von_bis":"00:00 - 24:00","partner_adresse":"Kossuth Lajos u. 1-3, 7532 Hencse","partner_land_bundesland":"Ungarn","partner_tel_1":"+36 30 256 5200","partner_tel_2":"","partner_web":"https:\/\/hencsegc.hu","partner_mail":"hencsegc@gmail.com","partner_spielbahnen_par":"18\/72","partner_laenge":"gelb: 5.969m \/\u00a0rot: 5.406m","partner_bedingungen":"","partner_anfahrt":"Autobahn M1 Wien-Budapest bis Ausfahrt Bicske (bei km 39). Nach der Ausfahrt rechts\u00a0\u2192 Tatab\u00e1nya\u00a0\u2192 ca. 3 km links\u00a0\u2192 Sz\u00e9kesfeh\u00e9rv\u00e1r und Felcs\u00fat abbiegen. Durch Felcs\u00fat\u00a0\u2192 Alcs\u00fatdoboz. In Alcs\u00fatdoboz links \u2192 Etyek abbiegen\u00a0\u2192 Platanenallee, f\u00fchrt direkt zum Clubhaus.","partner_misc":null,"additional_css_classes":""},"yoast_head":"<!-- This site is optimized with the Yoast SEO plugin v26.8 - https:\/\/yoast.com\/product\/yoast-seo-wordpress\/ -->\n<title>GC Hencse National Golf &amp; Country Club - Fairway 2 Hotel<\/title>\n<meta name=\"robots\" content=\"index, follow, max-snippet:-1, max-image-preview:large, max-video-preview:-1\" \/>\n<link rel=\"canonical\" href=\"https:\/\/fairway2hotel.at\/cs\/golfclubs\/ungarn\/gc-hencse-national-golf-country-club\/\" \/>\n<meta property=\"og:locale\" content=\"cs_CZ\" \/>\n<meta property=\"og:type\" content=\"article\" \/>\n<meta property=\"og:title\" content=\"GC Hencse National Golf &amp; Country Club - Fairway 2 Hotel\" \/>\n<meta property=\"og:description\" content=\"Ungarns romantischster Golfplatz erwartet Sie Der Hencse National Golf &amp; Country Club, Ungarns romantischster Golfplatz, liegt im Herzen der wundersch\u00f6nen Region Zselic. Hencse \u00f6ffnete seine Pforten f\u00fcr Golfer im Juli 1994. Der 18-Loch-Meisterschaftsplatz mit Par 72, der auf 90 Hektar malerischer Landschaft angelegt wurde, erstreckt sich \u00fcber 6206 Meter. Die 26.000 B\u00e4ume, die die meisten [&hellip;]\" \/>\n<meta property=\"og:url\" content=\"https:\/\/fairway2hotel.at\/cs\/golfclubs\/ungarn\/gc-hencse-national-golf-country-club\/\" \/>\n<meta property=\"og:site_name\" content=\"Fairway 2 Hotel\" \/>\n<meta property=\"article:modified_time\" content=\"2025-03-14T09:04:40+00:00\" \/>\n<meta name=\"twitter:card\" content=\"summary_large_image\" \/>\n<meta name=\"twitter:label1\" content=\"Odhadovan\u00e1 doba \u010dten\u00ed\" \/>\n\t<meta name=\"twitter:data1\" content=\"2 minuty\" \/>\n<script type=\"application\/ld+json\" class=\"yoast-schema-graph\">{\"@context\":\"https:\/\/schema.org\",\"@graph\":[{\"@type\":\"WebPage\",\"@id\":\"https:\/\/fairway2hotel.at\/cs\/golfclubs\/ungarn\/gc-hencse-national-golf-country-club\/\",\"url\":\"https:\/\/fairway2hotel.at\/cs\/golfclubs\/ungarn\/gc-hencse-national-golf-country-club\/\",\"name\":\"GC Hencse National Golf & Country Club - Fairway 2 Hotel\",\"isPartOf\":{\"@id\":\"https:\/\/fairway2hotel.at\/cs\/#website\"},\"datePublished\":\"2024-11-06T09:18:46+00:00\",\"dateModified\":\"2025-03-14T09:04:40+00:00\",\"breadcrumb\":{\"@id\":\"https:\/\/fairway2hotel.at\/cs\/golfclubs\/ungarn\/gc-hencse-national-golf-country-club\/#breadcrumb\"},\"inLanguage\":\"cs\",\"potentialAction\":[{\"@type\":\"ReadAction\",\"target\":[\"https:\/\/fairway2hotel.at\/cs\/golfclubs\/ungarn\/gc-hencse-national-golf-country-club\/\"]}]},{\"@type\":\"BreadcrumbList\",\"@id\":\"https:\/\/fairway2hotel.at\/cs\/golfclubs\/ungarn\/gc-hencse-national-golf-country-club\/#breadcrumb\",\"itemListElement\":[{\"@type\":\"ListItem\",\"position\":1,\"name\":\"Home\",\"item\":\"https:\/\/fairway2hotel.at\/cs\/\"},{\"@type\":\"ListItem\",\"position\":2,\"name\":\"Golfclubs\",\"item\":\"https:\/\/fairway2hotel.at\/cs\/golfclubs\/\"},{\"@type\":\"ListItem\",\"position\":3,\"name\":\"Golfclubs Ungarn\",\"item\":\"https:\/\/fairway2hotel.at\/cs\/golfclubs\/ungarn\/\"},{\"@type\":\"ListItem\",\"position\":4,\"name\":\"GC Hencse National Golf &#038; Country Club\"}]},{\"@type\":\"WebSite\",\"@id\":\"https:\/\/fairway2hotel.at\/cs\/#website\",\"url\":\"https:\/\/fairway2hotel.at\/cs\/\",\"name\":\"Fairway 2 Hotel\",\"description\":\"Golf zum halben Preis! 2 spielen - 1 zahlt\",\"potentialAction\":[{\"@type\":\"SearchAction\",\"target\":{\"@type\":\"EntryPoint\",\"urlTemplate\":\"https:\/\/fairway2hotel.at\/cs\/?s={search_term_string}\"},\"query-input\":{\"@type\":\"PropertyValueSpecification\",\"valueRequired\":true,\"valueName\":\"search_term_string\"}}],\"inLanguage\":\"cs\"}]}<\/script>\n<!-- \/ Yoast SEO plugin. -->","yoast_head_json":{"title":"GC Hencse National Golf & Country Club - Fairway 2 Hotel","robots":{"index":"index","follow":"follow","max-snippet":"max-snippet:-1","max-image-preview":"max-image-preview:large","max-video-preview":"max-video-preview:-1"},"canonical":"https:\/\/fairway2hotel.at\/cs\/golfclubs\/ungarn\/gc-hencse-national-golf-country-club\/","og_locale":"cs_CZ","og_type":"article","og_title":"GC Hencse National Golf & Country Club - Fairway 2 Hotel","og_description":"Ungarns romantischster Golfplatz erwartet Sie Der Hencse National Golf &amp; Country Club, Ungarns romantischster Golfplatz, liegt im Herzen der wundersch\u00f6nen Region Zselic. Hencse \u00f6ffnete seine Pforten f\u00fcr Golfer im Juli 1994. Der 18-Loch-Meisterschaftsplatz mit Par 72, der auf 90 Hektar malerischer Landschaft angelegt wurde, erstreckt sich \u00fcber 6206 Meter. Die 26.000 B\u00e4ume, die die meisten [&hellip;]","og_url":"https:\/\/fairway2hotel.at\/cs\/golfclubs\/ungarn\/gc-hencse-national-golf-country-club\/","og_site_name":"Fairway 2 Hotel","article_modified_time":"2025-03-14T09:04:40+00:00","twitter_card":"summary_large_image","twitter_misc":{"Odhadovan\u00e1 doba \u010dten\u00ed":"2 minuty"},"schema":{"@context":"https:\/\/schema.org","@graph":[{"@type":"WebPage","@id":"https:\/\/fairway2hotel.at\/cs\/golfclubs\/ungarn\/gc-hencse-national-golf-country-club\/","url":"https:\/\/fairway2hotel.at\/cs\/golfclubs\/ungarn\/gc-hencse-national-golf-country-club\/","name":"GC Hencse National Golf & Country Club - Fairway 2 Hotel","isPartOf":{"@id":"https:\/\/fairway2hotel.at\/cs\/#website"},"datePublished":"2024-11-06T09:18:46+00:00","dateModified":"2025-03-14T09:04:40+00:00","breadcrumb":{"@id":"https:\/\/fairway2hotel.at\/cs\/golfclubs\/ungarn\/gc-hencse-national-golf-country-club\/#breadcrumb"},"inLanguage":"cs","potentialAction":[{"@type":"ReadAction","target":["https:\/\/fairway2hotel.at\/cs\/golfclubs\/ungarn\/gc-hencse-national-golf-country-club\/"]}]},{"@type":"BreadcrumbList","@id":"https:\/\/fairway2hotel.at\/cs\/golfclubs\/ungarn\/gc-hencse-national-golf-country-club\/#breadcrumb","itemListElement":[{"@type":"ListItem","position":1,"name":"Home","item":"https:\/\/fairway2hotel.at\/cs\/"},{"@type":"ListItem","position":2,"name":"Golfclubs","item":"https:\/\/fairway2hotel.at\/cs\/golfclubs\/"},{"@type":"ListItem","position":3,"name":"Golfclubs Ungarn","item":"https:\/\/fairway2hotel.at\/cs\/golfclubs\/ungarn\/"},{"@type":"ListItem","position":4,"name":"GC Hencse National Golf &#038; Country Club"}]},{"@type":"WebSite","@id":"https:\/\/fairway2hotel.at\/cs\/#website","url":"https:\/\/fairway2hotel.at\/cs\/","name":"Fairway 2 Hotel","description":"Golf zum halben Preis! 2 spielen - 1 zahlt","potentialAction":[{"@type":"SearchAction","target":{"@type":"EntryPoint","urlTemplate":"https:\/\/fairway2hotel.at\/cs\/?s={search_term_string}"},"query-input":{"@type":"PropertyValueSpecification","valueRequired":true,"valueName":"search_term_string"}}],"inLanguage":"cs"}]}},"_links":{"self":[{"href":"https:\/\/fairway2hotel.at\/cs\/wp-json\/wp\/v2\/pages\/43331","targetHints":{"allow":["GET"]}}],"collection":[{"href":"https:\/\/fairway2hotel.at\/cs\/wp-json\/wp\/v2\/pages"}],"about":[{"href":"https:\/\/fairway2hotel.at\/cs\/wp-json\/wp\/v2\/types\/page"}],"author":[{"embeddable":true,"href":"https:\/\/fairway2hotel.at\/cs\/wp-json\/wp\/v2\/users\/24"}],"replies":[{"embeddable":true,"href":"https:\/\/fairway2hotel.at\/cs\/wp-json\/wp\/v2\/comments?post=43331"}],"version-history":[{"count":4,"href":"https:\/\/fairway2hotel.at\/cs\/wp-json\/wp\/v2\/pages\/43331\/revisions"}],"predecessor-version":[{"id":46532,"href":"https:\/\/fairway2hotel.at\/cs\/wp-json\/wp\/v2\/pages\/43331\/revisions\/46532"}],"up":[{"embeddable":true,"href":"https:\/\/fairway2hotel.at\/cs\/wp-json\/wp\/v2\/pages\/1725"}],"acf:attachment":[{"embeddable":true,"href":"https:\/\/fairway2hotel.at\/cs\/wp-json\/wp\/v2\/media\/43343"},{"embeddable":true,"href":"https:\/\/fairway2hotel.at\/cs\/wp-json\/wp\/v2\/media\/43341"},{"embeddable":true,"href":"https:\/\/fairway2hotel.at\/cs\/wp-json\/wp\/v2\/media\/43339"},{"embeddable":true,"href":"https:\/\/fairway2hotel.at\/cs\/wp-json\/wp\/v2\/media\/43337"},{"embeddable":true,"href":"https:\/\/fairway2hotel.at\/cs\/wp-json\/wp\/v2\/media\/43335"}],"wp:attachment":[{"href":"https:\/\/fairway2hotel.at\/cs\/wp-json\/wp\/v2\/media?parent=43331"}],"curies":[{"name":"wp","href":"https:\/\/api.w.org\/{rel}","templated":true}]}}