{"id":463,"date":"2009-07-15T22:10:17","date_gmt":"2009-07-15T20:10:17","guid":{"rendered":"https:\/\/f2h.app\/vienna-sporthotel\/"},"modified":"2025-04-07T16:04:10","modified_gmt":"2025-04-07T14:04:10","slug":"vienna-sporthotel","status":"publish","type":"page","link":"https:\/\/fairway2hotel.at\/cs\/hotels\/wien\/vienna-sporthotel\/","title":{"rendered":"Vienna Sporthotel"},"content":{"rendered":"<h2>Liebe G\u00e4ste!<\/h2>\n<p>Wenn Ihr Beruf Sie nach Wien f\u00fchrt, wenn Sie Ihren wohlverdienten Urlaub in unserer sch\u00f6nen Stadt verbringen m\u00f6chten oder wenn Sie ganz einfach nur ein paar Tage ausspannen wollen, bei uns werden Sie sich in jedem Fall wohl f\u00fchlen. Denn neben komfortablen, klimatisierten Einzel- und Doppelzimmern sowie einem ausgezeichneten Restaurant k\u00f6nnen wir Ihnen in unserem Haus Freizeitm\u00f6glichkeiten bieten, die Sie in keinem anderen Hotel in Wien finden werden. Genie\u00dfen Sie unseren wundersch\u00f6nen, toll ausgestatteten Wellnessbereich mit finnischer Blocksauna, Dampfbad, Tiefen-w\u00e4rme, Massage, Solarium, Fitnessraum sowie Outdoorpool mit Liegewiese. Au\u00dferdem stehen f\u00fcr unsere sport-begeisterten G\u00e4ste unsere Tennishalle und unser Indoor-Golfcenter zur Verf\u00fcgung.<\/p>\n<h2>Dear guests!<\/h2>\n<p>If your job takes you to Vienna, if you want to spend your well-deserved holiday in our beautiful city or if you just want to relax for a few days, you will feel at home with us in any case, because in addition to comfortable, air-conditioned single and double rooms and an excellent restaurant, we can offer you leisure facilities in our hotel that you will not find in any other hotel in Vienna. Enjoy our wonderful, well-equipped wellness area with Finnish block sauna, steam bath, deep heat, massage, solarium, fitness room and outdoor pool with sunbathing lawn, as well as our indoor tennis court and indoor golf centre for our sports enthusiasts.<\/p>\n","protected":false},"excerpt":{"rendered":"<p>Liebe G\u00e4ste! Wenn Ihr Beruf Sie nach Wien f\u00fchrt, wenn Sie Ihren wohlverdienten Urlaub in unserer sch\u00f6nen Stadt verbringen m\u00f6chten oder wenn Sie ganz einfach nur ein paar Tage ausspannen wollen, bei uns werden Sie sich in jedem Fall wohl f\u00fchlen. Denn neben komfortablen, klimatisierten Einzel- und Doppelzimmern sowie einem ausgezeichneten Restaurant k\u00f6nnen wir Ihnen [&hellip;]<\/p>\n","protected":false},"author":1,"featured_media":0,"parent":2088,"menu_order":2,"comment_status":"closed","ping_status":"closed","template":"page-partner.php","meta":{"_acf_changed":false,"footnotes":""},"class_list":["post-463","page","type-page","status-publish","hentry"],"acf":{"partner_infobox":"<strong>Adresse:\u00a0<\/strong>Baumgasse 83 , 1030 Wien\r\n\r\n<strong>Tel:\u00a0<\/strong>043 (1) 79 88 201\r\n\r\n<strong>Fax:\u00a0<\/strong>043 (1) 79 88 201-415\r\n\r\n<strong>Web: <\/strong><a href=\"http:\/\/www.vienna-sporthotel.at\" target=\"_blank\" rel=\"nofollow noopener noreferrer\">www.vienna-sporthotel.at<\/a>\r\n\r\n<strong>E-Mail:<\/strong> <a href=\"mailto:info@vienna-sporthotel.at\">info@vienna-sporthotel.at<\/a>\r\n\r\n<strong>Golfclubs in der N\u00e4he:\r\n<\/strong>GC Freudenau 3 km\r\nGC Am Wienerberg 10 km\r\nGC Marco Polo 10 km\r\nGC Fru\u0308hling 15 km\r\n\r\n<strong>Bedingungen:<\/strong>\r\nDZ mit Fr\u00fchst\u00fcck\u00a0\u20ac 95,00\r\n\r\n<strong>Anfahrt: <\/strong>mit \u00f6ffentl. Verkehrsmitteln: U3-Station Schlachthausg. \/ mit dem Auto: A23 S\u00fcdosttangente Abfahrt St. Marx","partner_logo":462,"partner_gallery":[2479,47738,47740],"partner_lat":48.191149,"partner_long":16.408315,"partner_type":"hotel","partner_openings":["1","2","3","4","5","6","7"],"montag_von_bis":"00:00 - 24:00","dienstag_von_bis":"00:00 - 24:00","mittwoch_von_bis":"00:00 - 24:00","donnerstag_von_bis":"00:00 - 24:00","freitag_von_bis":"00:00 - 24:00","samstag_von_bis":"00:00 - 24:00","sonntag_von_bis":"00:00 - 24:00","partner_adresse":"Baumgasse 83 , 1030 Wien","partner_land_bundesland":"","partner_tel_1":"004317988201","partner_tel_2":"","partner_web":"https:\/\/www.vienna-sporthotel.at","partner_mail":"info@vienna-sporthotel.at","partner_spielbahnen_par":"","partner_laenge":"","partner_bedingungen":"DZ mit Fr\u00fchst\u00fcck\u00a0\u20ac 99,00\r\ndouble room including breakfast \u20ac 99,00","partner_anfahrt":"","partner_misc":null,"additional_css_classes":""},"yoast_head":"<!-- This site is optimized with the Yoast SEO plugin v26.8 - https:\/\/yoast.com\/product\/yoast-seo-wordpress\/ -->\n<title>Vienna Sporthotel - Fairway 2 Hotel<\/title>\n<meta name=\"robots\" content=\"index, follow, max-snippet:-1, max-image-preview:large, max-video-preview:-1\" \/>\n<link rel=\"canonical\" href=\"https:\/\/fairway2hotel.at\/cs\/hotels\/wien\/vienna-sporthotel\/\" \/>\n<meta property=\"og:locale\" content=\"cs_CZ\" \/>\n<meta property=\"og:type\" content=\"article\" \/>\n<meta property=\"og:title\" content=\"Vienna Sporthotel - Fairway 2 Hotel\" \/>\n<meta property=\"og:description\" content=\"Liebe G\u00e4ste! Wenn Ihr Beruf Sie nach Wien f\u00fchrt, wenn Sie Ihren wohlverdienten Urlaub in unserer sch\u00f6nen Stadt verbringen m\u00f6chten oder wenn Sie ganz einfach nur ein paar Tage ausspannen wollen, bei uns werden Sie sich in jedem Fall wohl f\u00fchlen. Denn neben komfortablen, klimatisierten Einzel- und Doppelzimmern sowie einem ausgezeichneten Restaurant k\u00f6nnen wir Ihnen [&hellip;]\" \/>\n<meta property=\"og:url\" content=\"https:\/\/fairway2hotel.at\/cs\/hotels\/wien\/vienna-sporthotel\/\" \/>\n<meta property=\"og:site_name\" content=\"Fairway 2 Hotel\" \/>\n<meta property=\"article:modified_time\" content=\"2025-04-07T14:04:10+00:00\" \/>\n<meta name=\"twitter:card\" content=\"summary_large_image\" \/>\n<meta name=\"twitter:label1\" content=\"Odhadovan\u00e1 doba \u010dten\u00ed\" \/>\n\t<meta name=\"twitter:data1\" content=\"2 minuty\" \/>\n<script type=\"application\/ld+json\" class=\"yoast-schema-graph\">{\"@context\":\"https:\/\/schema.org\",\"@graph\":[{\"@type\":\"WebPage\",\"@id\":\"https:\/\/fairway2hotel.at\/cs\/hotels\/wien\/vienna-sporthotel\/\",\"url\":\"https:\/\/fairway2hotel.at\/cs\/hotels\/wien\/vienna-sporthotel\/\",\"name\":\"Vienna Sporthotel - Fairway 2 Hotel\",\"isPartOf\":{\"@id\":\"https:\/\/fairway2hotel.at\/cs\/#website\"},\"datePublished\":\"2009-07-15T20:10:17+00:00\",\"dateModified\":\"2025-04-07T14:04:10+00:00\",\"breadcrumb\":{\"@id\":\"https:\/\/fairway2hotel.at\/cs\/hotels\/wien\/vienna-sporthotel\/#breadcrumb\"},\"inLanguage\":\"cs\",\"potentialAction\":[{\"@type\":\"ReadAction\",\"target\":[\"https:\/\/fairway2hotel.at\/cs\/hotels\/wien\/vienna-sporthotel\/\"]}]},{\"@type\":\"BreadcrumbList\",\"@id\":\"https:\/\/fairway2hotel.at\/cs\/hotels\/wien\/vienna-sporthotel\/#breadcrumb\",\"itemListElement\":[{\"@type\":\"ListItem\",\"position\":1,\"name\":\"Home\",\"item\":\"https:\/\/fairway2hotel.at\/cs\/\"},{\"@type\":\"ListItem\",\"position\":2,\"name\":\"Hotels\",\"item\":\"https:\/\/fairway2hotel.at\/cs\/hotels\/\"},{\"@type\":\"ListItem\",\"position\":3,\"name\":\"Hotels Wien\",\"item\":\"https:\/\/fairway2hotel.at\/cs\/hotels\/wien\/\"},{\"@type\":\"ListItem\",\"position\":4,\"name\":\"Vienna Sporthotel\"}]},{\"@type\":\"WebSite\",\"@id\":\"https:\/\/fairway2hotel.at\/cs\/#website\",\"url\":\"https:\/\/fairway2hotel.at\/cs\/\",\"name\":\"Fairway 2 Hotel\",\"description\":\"Golf zum halben Preis! 2 spielen - 1 zahlt\",\"potentialAction\":[{\"@type\":\"SearchAction\",\"target\":{\"@type\":\"EntryPoint\",\"urlTemplate\":\"https:\/\/fairway2hotel.at\/cs\/?s={search_term_string}\"},\"query-input\":{\"@type\":\"PropertyValueSpecification\",\"valueRequired\":true,\"valueName\":\"search_term_string\"}}],\"inLanguage\":\"cs\"}]}<\/script>\n<!-- \/ Yoast SEO plugin. -->","yoast_head_json":{"title":"Vienna Sporthotel - Fairway 2 Hotel","robots":{"index":"index","follow":"follow","max-snippet":"max-snippet:-1","max-image-preview":"max-image-preview:large","max-video-preview":"max-video-preview:-1"},"canonical":"https:\/\/fairway2hotel.at\/cs\/hotels\/wien\/vienna-sporthotel\/","og_locale":"cs_CZ","og_type":"article","og_title":"Vienna Sporthotel - Fairway 2 Hotel","og_description":"Liebe G\u00e4ste! Wenn Ihr Beruf Sie nach Wien f\u00fchrt, wenn Sie Ihren wohlverdienten Urlaub in unserer sch\u00f6nen Stadt verbringen m\u00f6chten oder wenn Sie ganz einfach nur ein paar Tage ausspannen wollen, bei uns werden Sie sich in jedem Fall wohl f\u00fchlen. Denn neben komfortablen, klimatisierten Einzel- und Doppelzimmern sowie einem ausgezeichneten Restaurant k\u00f6nnen wir Ihnen [&hellip;]","og_url":"https:\/\/fairway2hotel.at\/cs\/hotels\/wien\/vienna-sporthotel\/","og_site_name":"Fairway 2 Hotel","article_modified_time":"2025-04-07T14:04:10+00:00","twitter_card":"summary_large_image","twitter_misc":{"Odhadovan\u00e1 doba \u010dten\u00ed":"2 minuty"},"schema":{"@context":"https:\/\/schema.org","@graph":[{"@type":"WebPage","@id":"https:\/\/fairway2hotel.at\/cs\/hotels\/wien\/vienna-sporthotel\/","url":"https:\/\/fairway2hotel.at\/cs\/hotels\/wien\/vienna-sporthotel\/","name":"Vienna Sporthotel - Fairway 2 Hotel","isPartOf":{"@id":"https:\/\/fairway2hotel.at\/cs\/#website"},"datePublished":"2009-07-15T20:10:17+00:00","dateModified":"2025-04-07T14:04:10+00:00","breadcrumb":{"@id":"https:\/\/fairway2hotel.at\/cs\/hotels\/wien\/vienna-sporthotel\/#breadcrumb"},"inLanguage":"cs","potentialAction":[{"@type":"ReadAction","target":["https:\/\/fairway2hotel.at\/cs\/hotels\/wien\/vienna-sporthotel\/"]}]},{"@type":"BreadcrumbList","@id":"https:\/\/fairway2hotel.at\/cs\/hotels\/wien\/vienna-sporthotel\/#breadcrumb","itemListElement":[{"@type":"ListItem","position":1,"name":"Home","item":"https:\/\/fairway2hotel.at\/cs\/"},{"@type":"ListItem","position":2,"name":"Hotels","item":"https:\/\/fairway2hotel.at\/cs\/hotels\/"},{"@type":"ListItem","position":3,"name":"Hotels Wien","item":"https:\/\/fairway2hotel.at\/cs\/hotels\/wien\/"},{"@type":"ListItem","position":4,"name":"Vienna Sporthotel"}]},{"@type":"WebSite","@id":"https:\/\/fairway2hotel.at\/cs\/#website","url":"https:\/\/fairway2hotel.at\/cs\/","name":"Fairway 2 Hotel","description":"Golf zum halben Preis! 2 spielen - 1 zahlt","potentialAction":[{"@type":"SearchAction","target":{"@type":"EntryPoint","urlTemplate":"https:\/\/fairway2hotel.at\/cs\/?s={search_term_string}"},"query-input":{"@type":"PropertyValueSpecification","valueRequired":true,"valueName":"search_term_string"}}],"inLanguage":"cs"}]}},"_links":{"self":[{"href":"https:\/\/fairway2hotel.at\/cs\/wp-json\/wp\/v2\/pages\/463","targetHints":{"allow":["GET"]}}],"collection":[{"href":"https:\/\/fairway2hotel.at\/cs\/wp-json\/wp\/v2\/pages"}],"about":[{"href":"https:\/\/fairway2hotel.at\/cs\/wp-json\/wp\/v2\/types\/page"}],"author":[{"embeddable":true,"href":"https:\/\/fairway2hotel.at\/cs\/wp-json\/wp\/v2\/users\/1"}],"replies":[{"embeddable":true,"href":"https:\/\/fairway2hotel.at\/cs\/wp-json\/wp\/v2\/comments?post=463"}],"version-history":[{"count":15,"href":"https:\/\/fairway2hotel.at\/cs\/wp-json\/wp\/v2\/pages\/463\/revisions"}],"predecessor-version":[{"id":47742,"href":"https:\/\/fairway2hotel.at\/cs\/wp-json\/wp\/v2\/pages\/463\/revisions\/47742"}],"up":[{"embeddable":true,"href":"https:\/\/fairway2hotel.at\/cs\/wp-json\/wp\/v2\/pages\/2088"}],"acf:attachment":[{"embeddable":true,"href":"https:\/\/fairway2hotel.at\/cs\/wp-json\/wp\/v2\/media\/47740"},{"embeddable":true,"href":"https:\/\/fairway2hotel.at\/cs\/wp-json\/wp\/v2\/media\/47738"},{"embeddable":true,"href":"https:\/\/fairway2hotel.at\/cs\/wp-json\/wp\/v2\/media\/2479"}],"wp:attachment":[{"href":"https:\/\/fairway2hotel.at\/cs\/wp-json\/wp\/v2\/media?parent=463"}],"curies":[{"name":"wp","href":"https:\/\/api.w.org\/{rel}","templated":true}]}}