{"id":469,"date":"2009-07-06T22:25:27","date_gmt":"2009-07-06T20:25:27","guid":{"rendered":"https:\/\/f2h.app\/golfclub-lengenfeld\/"},"modified":"2025-03-23T13:09:33","modified_gmt":"2025-03-23T12:09:33","slug":"golfclub-lengenfeld","status":"publish","type":"page","link":"https:\/\/fairway2hotel.at\/cs\/golfclubs\/niederoesterreich\/golfclub-lengenfeld\/","title":{"rendered":"GC Lengenfeld Kamptal-Donauland"},"content":{"rendered":"<h2>Golfclub Lengenfeld Kamptal-Donauland<\/h2>\n<p>Nur 10 Autominuten von Krems liegt die 36-Loch-Anlage mit den Kursen Kamptal (Par 71) und Donauland (Par 72). Unter dem Motto \u201eGolf in den Weinbergen \u2013 die scho\u0308nere Art, Golf zu spielen\u201c betten sich die beiden Pla\u0308tze in die terrassenartig angelegte Landschaft ein und bieten jedem Golfer eine einmalige Aussicht sowie ein unvergessliches Golferlebnis. Im gro\u00dfzu\u0308gigen Pro-Shop findet man alles, was das Golfer-Herz begehrt. Das GAST- house ist Treffpunkt fu\u0308r alle Golfreunde nach der Runde. Genie\u00dfen Sie den Blick auf den Golfplatz in der gemu\u0308tlichen Chill-out-Lounge auf der gro\u00dfen Sonnenterrasse. Die Fru\u0308hstu\u0308ckspension Gschwantner mit 17 Doppelzimmern liegt nur 2 Autominuten vom Golfplatz entfernt. Reservierungen bitte\u00a0telefonisch oder per Mail direkt\u00a0am Golfplatz.<\/p>\n<h2>Golfclub Lengenfeld Kamptal-Donauland<\/h2>\n<p>The 36-hole course with the Kamptal (par 71) and Donauland (par 72) courses is just a 10-minute drive from Krems. Under the motto \u2018Golf in the vineyards &#8211; the more beautiful way to play golf\u2019, the two courses are embedded in the terraced landscape and offer every golfer a unique view and an unforgettable golfing experience. In the spacious pro shop you will find everything a golfer&#8217;s heart desires. The GAST- house is the meeting point for all golf enthusiasts after the round. Enjoy the view of the golf course in the cosy chill-out lounge on the large sun terrace. The Gschwantner bed and breakfast with 17 double rooms is just 2 minutes by car from the golf course. Please book by telephone or email directly at the golf course.<\/p>\n","protected":false},"excerpt":{"rendered":"<p>Golfclub Lengenfeld Kamptal-Donauland Nur 10 Autominuten von Krems liegt die 36-Loch-Anlage mit den Kursen Kamptal (Par 71) und Donauland (Par 72). Unter dem Motto \u201eGolf in den Weinbergen \u2013 die scho\u0308nere Art, Golf zu spielen\u201c betten sich die beiden Pla\u0308tze in die terrassenartig angelegte Landschaft ein und bieten jedem Golfer eine einmalige Aussicht sowie ein [&hellip;]<\/p>\n","protected":false},"author":1,"featured_media":0,"parent":1448,"menu_order":9,"comment_status":"closed","ping_status":"closed","template":"page-partner.php","meta":{"_acf_changed":false,"footnotes":""},"class_list":["post-469","page","type-page","status-publish","hentry"],"acf":{"partner_infobox":"<strong>Adresse:\u00a0<\/strong>Am Golfplatz 1, 3552 Lengenfeld\r\n\r\n<strong>Tel:\u00a0<\/strong>+43 2719\/8710\r\n\r\n<strong>Fax:\u00a0<\/strong>+43 2719\/8710-5\r\n\r\n<strong>Web: <\/strong><a href=\"http:\/\/www.golflengenfeld.at\" target=\"_blank\" rel=\"nofollow noopener noreferrer\">www.golflengenfeld.at<\/a>\r\n\r\n<strong>E-Mail:<\/strong> <a href=\"mailto:office@golflengenfeld.at\">office@golflengenfeld.at<\/a>\r\n\r\n<strong>Spielbahnen\/Par: <\/strong>36\/71 &amp; 72\r\n\r\n<strong>La\u0308nge:\r\n<\/strong>Par 71: gelb: 6.023\/rot: 5.373\r\nPar 72: gelb: 6.051\/rot: 5.302\r\n\r\n<strong>Bedingungen:<\/strong>\r\nGS\u00a0einl\u00f6sbar f\u00fcr\u00a018-Loch. MO\u2013DO ganztags. FR,\u00a0SA, SO, FTG ab 13:00 Uhr mit\u00a0Vorreservierung (1 Tag vorher\u00a0m\u00f6glich).","partner_logo":468,"partner_gallery":[2717,46711,46713],"partner_lat":48.473832,"partner_long":15.616802,"partner_type":"golfclub","partner_openings":["1","2","3","4","5","6","7"],"montag_von_bis":"00:00 - 24:00","dienstag_von_bis":"00:00 - 24:00","mittwoch_von_bis":"00:00 - 24:00","donnerstag_von_bis":"00:00 - 24:00","freitag_von_bis":"13:00 - 24:00","samstag_von_bis":"13:00 - 24:00","sonntag_von_bis":"13:00 - 24:00","partner_adresse":"Am Golfplatz 1, 3552 Lengenfeld","partner_land_bundesland":"Nieder\u00f6sterreich","partner_tel_1":"0043 2719 87105","partner_tel_2":"0043 2719 8710","partner_web":"http:\/\/www.golflengenfeld.at","partner_mail":"office@golflengenfeld.at","partner_spielbahnen_par":"36\/71 &amp; 72","partner_laenge":"Par 71: gelb: 6.023\/rot: 5.373 Par 72: gelb: 6.051\/rot: 5.302","partner_bedingungen":"GS\u00a0einl\u00f6sbar f\u00fcr\u00a018-Loch. MO\u2013DO ganztags. FR,\u00a0SA, SO, FTG ab 13:00 Uhr mit\u00a0Vorreservierung (1 Tag vorher\u00a0m\u00f6glich).\r\nvoucher redeemable for 18 holes the whole day from Mon-Thu. Fri, Sat, Sun only redeemable after 1.00 p.m., bookable 1 day before.","partner_anfahrt":"","partner_misc":null,"additional_css_classes":""},"yoast_head":"<!-- This site is optimized with the Yoast SEO plugin v26.8 - https:\/\/yoast.com\/product\/yoast-seo-wordpress\/ -->\n<title>GC Lengenfeld Kamptal-Donauland - Fairway 2 Hotel<\/title>\n<meta name=\"robots\" content=\"index, follow, max-snippet:-1, max-image-preview:large, max-video-preview:-1\" \/>\n<link rel=\"canonical\" href=\"https:\/\/fairway2hotel.at\/cs\/golfclubs\/niederoesterreich\/golfclub-lengenfeld\/\" \/>\n<meta property=\"og:locale\" content=\"cs_CZ\" \/>\n<meta property=\"og:type\" content=\"article\" \/>\n<meta property=\"og:title\" content=\"GC Lengenfeld Kamptal-Donauland - Fairway 2 Hotel\" \/>\n<meta property=\"og:description\" content=\"Golfclub Lengenfeld Kamptal-Donauland Nur 10 Autominuten von Krems liegt die 36-Loch-Anlage mit den Kursen Kamptal (Par 71) und Donauland (Par 72). Unter dem Motto \u201eGolf in den Weinbergen \u2013 die scho\u0308nere Art, Golf zu spielen\u201c betten sich die beiden Pla\u0308tze in die terrassenartig angelegte Landschaft ein und bieten jedem Golfer eine einmalige Aussicht sowie ein [&hellip;]\" \/>\n<meta property=\"og:url\" content=\"https:\/\/fairway2hotel.at\/cs\/golfclubs\/niederoesterreich\/golfclub-lengenfeld\/\" \/>\n<meta property=\"og:site_name\" content=\"Fairway 2 Hotel\" \/>\n<meta property=\"article:modified_time\" content=\"2025-03-23T12:09:33+00:00\" \/>\n<meta name=\"twitter:card\" content=\"summary_large_image\" \/>\n<meta name=\"twitter:label1\" content=\"Odhadovan\u00e1 doba \u010dten\u00ed\" \/>\n\t<meta name=\"twitter:data1\" content=\"2 minuty\" \/>\n<script type=\"application\/ld+json\" class=\"yoast-schema-graph\">{\"@context\":\"https:\/\/schema.org\",\"@graph\":[{\"@type\":\"WebPage\",\"@id\":\"https:\/\/fairway2hotel.at\/cs\/golfclubs\/niederoesterreich\/golfclub-lengenfeld\/\",\"url\":\"https:\/\/fairway2hotel.at\/cs\/golfclubs\/niederoesterreich\/golfclub-lengenfeld\/\",\"name\":\"GC Lengenfeld Kamptal-Donauland - Fairway 2 Hotel\",\"isPartOf\":{\"@id\":\"https:\/\/fairway2hotel.at\/cs\/#website\"},\"datePublished\":\"2009-07-06T20:25:27+00:00\",\"dateModified\":\"2025-03-23T12:09:33+00:00\",\"breadcrumb\":{\"@id\":\"https:\/\/fairway2hotel.at\/cs\/golfclubs\/niederoesterreich\/golfclub-lengenfeld\/#breadcrumb\"},\"inLanguage\":\"cs\",\"potentialAction\":[{\"@type\":\"ReadAction\",\"target\":[\"https:\/\/fairway2hotel.at\/cs\/golfclubs\/niederoesterreich\/golfclub-lengenfeld\/\"]}]},{\"@type\":\"BreadcrumbList\",\"@id\":\"https:\/\/fairway2hotel.at\/cs\/golfclubs\/niederoesterreich\/golfclub-lengenfeld\/#breadcrumb\",\"itemListElement\":[{\"@type\":\"ListItem\",\"position\":1,\"name\":\"Home\",\"item\":\"https:\/\/fairway2hotel.at\/cs\/\"},{\"@type\":\"ListItem\",\"position\":2,\"name\":\"Golfclubs\",\"item\":\"https:\/\/fairway2hotel.at\/cs\/golfclubs\/\"},{\"@type\":\"ListItem\",\"position\":3,\"name\":\"Golfclubs Nieder\u00f6sterreich\",\"item\":\"https:\/\/fairway2hotel.at\/cs\/golfclubs\/niederoesterreich\/\"},{\"@type\":\"ListItem\",\"position\":4,\"name\":\"GC Lengenfeld Kamptal-Donauland\"}]},{\"@type\":\"WebSite\",\"@id\":\"https:\/\/fairway2hotel.at\/cs\/#website\",\"url\":\"https:\/\/fairway2hotel.at\/cs\/\",\"name\":\"Fairway 2 Hotel\",\"description\":\"Golf zum halben Preis! 2 spielen - 1 zahlt\",\"potentialAction\":[{\"@type\":\"SearchAction\",\"target\":{\"@type\":\"EntryPoint\",\"urlTemplate\":\"https:\/\/fairway2hotel.at\/cs\/?s={search_term_string}\"},\"query-input\":{\"@type\":\"PropertyValueSpecification\",\"valueRequired\":true,\"valueName\":\"search_term_string\"}}],\"inLanguage\":\"cs\"}]}<\/script>\n<!-- \/ Yoast SEO plugin. -->","yoast_head_json":{"title":"GC Lengenfeld Kamptal-Donauland - Fairway 2 Hotel","robots":{"index":"index","follow":"follow","max-snippet":"max-snippet:-1","max-image-preview":"max-image-preview:large","max-video-preview":"max-video-preview:-1"},"canonical":"https:\/\/fairway2hotel.at\/cs\/golfclubs\/niederoesterreich\/golfclub-lengenfeld\/","og_locale":"cs_CZ","og_type":"article","og_title":"GC Lengenfeld Kamptal-Donauland - Fairway 2 Hotel","og_description":"Golfclub Lengenfeld Kamptal-Donauland Nur 10 Autominuten von Krems liegt die 36-Loch-Anlage mit den Kursen Kamptal (Par 71) und Donauland (Par 72). Unter dem Motto \u201eGolf in den Weinbergen \u2013 die scho\u0308nere Art, Golf zu spielen\u201c betten sich die beiden Pla\u0308tze in die terrassenartig angelegte Landschaft ein und bieten jedem Golfer eine einmalige Aussicht sowie ein [&hellip;]","og_url":"https:\/\/fairway2hotel.at\/cs\/golfclubs\/niederoesterreich\/golfclub-lengenfeld\/","og_site_name":"Fairway 2 Hotel","article_modified_time":"2025-03-23T12:09:33+00:00","twitter_card":"summary_large_image","twitter_misc":{"Odhadovan\u00e1 doba \u010dten\u00ed":"2 minuty"},"schema":{"@context":"https:\/\/schema.org","@graph":[{"@type":"WebPage","@id":"https:\/\/fairway2hotel.at\/cs\/golfclubs\/niederoesterreich\/golfclub-lengenfeld\/","url":"https:\/\/fairway2hotel.at\/cs\/golfclubs\/niederoesterreich\/golfclub-lengenfeld\/","name":"GC Lengenfeld Kamptal-Donauland - Fairway 2 Hotel","isPartOf":{"@id":"https:\/\/fairway2hotel.at\/cs\/#website"},"datePublished":"2009-07-06T20:25:27+00:00","dateModified":"2025-03-23T12:09:33+00:00","breadcrumb":{"@id":"https:\/\/fairway2hotel.at\/cs\/golfclubs\/niederoesterreich\/golfclub-lengenfeld\/#breadcrumb"},"inLanguage":"cs","potentialAction":[{"@type":"ReadAction","target":["https:\/\/fairway2hotel.at\/cs\/golfclubs\/niederoesterreich\/golfclub-lengenfeld\/"]}]},{"@type":"BreadcrumbList","@id":"https:\/\/fairway2hotel.at\/cs\/golfclubs\/niederoesterreich\/golfclub-lengenfeld\/#breadcrumb","itemListElement":[{"@type":"ListItem","position":1,"name":"Home","item":"https:\/\/fairway2hotel.at\/cs\/"},{"@type":"ListItem","position":2,"name":"Golfclubs","item":"https:\/\/fairway2hotel.at\/cs\/golfclubs\/"},{"@type":"ListItem","position":3,"name":"Golfclubs Nieder\u00f6sterreich","item":"https:\/\/fairway2hotel.at\/cs\/golfclubs\/niederoesterreich\/"},{"@type":"ListItem","position":4,"name":"GC Lengenfeld Kamptal-Donauland"}]},{"@type":"WebSite","@id":"https:\/\/fairway2hotel.at\/cs\/#website","url":"https:\/\/fairway2hotel.at\/cs\/","name":"Fairway 2 Hotel","description":"Golf zum halben Preis! 2 spielen - 1 zahlt","potentialAction":[{"@type":"SearchAction","target":{"@type":"EntryPoint","urlTemplate":"https:\/\/fairway2hotel.at\/cs\/?s={search_term_string}"},"query-input":{"@type":"PropertyValueSpecification","valueRequired":true,"valueName":"search_term_string"}}],"inLanguage":"cs"}]}},"_links":{"self":[{"href":"https:\/\/fairway2hotel.at\/cs\/wp-json\/wp\/v2\/pages\/469","targetHints":{"allow":["GET"]}}],"collection":[{"href":"https:\/\/fairway2hotel.at\/cs\/wp-json\/wp\/v2\/pages"}],"about":[{"href":"https:\/\/fairway2hotel.at\/cs\/wp-json\/wp\/v2\/types\/page"}],"author":[{"embeddable":true,"href":"https:\/\/fairway2hotel.at\/cs\/wp-json\/wp\/v2\/users\/1"}],"replies":[{"embeddable":true,"href":"https:\/\/fairway2hotel.at\/cs\/wp-json\/wp\/v2\/comments?post=469"}],"version-history":[{"count":16,"href":"https:\/\/fairway2hotel.at\/cs\/wp-json\/wp\/v2\/pages\/469\/revisions"}],"predecessor-version":[{"id":46715,"href":"https:\/\/fairway2hotel.at\/cs\/wp-json\/wp\/v2\/pages\/469\/revisions\/46715"}],"up":[{"embeddable":true,"href":"https:\/\/fairway2hotel.at\/cs\/wp-json\/wp\/v2\/pages\/1448"}],"acf:attachment":[{"embeddable":true,"href":"https:\/\/fairway2hotel.at\/cs\/wp-json\/wp\/v2\/media\/46713"},{"embeddable":true,"href":"https:\/\/fairway2hotel.at\/cs\/wp-json\/wp\/v2\/media\/46711"},{"embeddable":true,"href":"https:\/\/fairway2hotel.at\/cs\/wp-json\/wp\/v2\/media\/2717"}],"wp:attachment":[{"href":"https:\/\/fairway2hotel.at\/cs\/wp-json\/wp\/v2\/media?parent=469"}],"curies":[{"name":"wp","href":"https:\/\/api.w.org\/{rel}","templated":true}]}}